{"id":6713,"date":"2025-07-13T10:53:23","date_gmt":"2025-07-13T10:53:23","guid":{"rendered":"https:\/\/dearjewelry.ltd\/product\/oem-triangle-white-gold-septum-ring-with-0-1ct-1-3mm-diamonds\/"},"modified":"2025-07-13T10:53:23","modified_gmt":"2025-07-13T10:53:23","slug":"oem-triangle-white-gold-septum-ring-with-0-1ct-1-3mm-diamonds","status":"publish","type":"product","link":"https:\/\/dearjewelry.ltd\/pt\/product\/oem-triangle-white-gold-septum-ring-with-0-1ct-1-3mm-diamonds\/","title":{"rendered":"OEM Triangle White Gold Septum Ring with 0.1ct 1.3mm Diamonds"},"content":{"rendered":"<h2>OEM Triangle White Gold Septum Ring with 0.1ct 1.3mm Diamonds<\/h2>\n<p> Descri\u00e7\u00e3o<\/p>\n<table cellpadding=\"0\" cellspacing=\"0\" class=\"details_table\">\n<tbody>\n<tr>\n<th>Material:<\/th>\n<td>18KT Gold<\/td>\n<th>Parte do corpo:<\/th>\n<td>Nariz, Trago<\/td>\n<\/tr>\n<tr class=\"bg_gray\">\n<th>Personalizar:<\/th>\n<td>Aceita qualquer pedra preciosa ou tamanho personalizado<\/td>\n<th>Diamantes Claridade:<\/th>\n<td>Vs1-SI2<\/td>\n<\/tr>\n<tr>\n<th>Diamantes:<\/th>\n<td>1.3mm 13pcs<\/td>\n<th>Tipo de j\u00f3ias:<\/th>\n<td>Triangle Piercings Jewelry<\/td>\n<\/tr>\n<tr class=\"bg_gray\">\n<th colspan=\"1\">Luz alta:<\/th>\n<td colspan=\"3\">\n<h2 style='font-weight: bold;font-size: 14px'>White Gold Septum Ring 0.1ct<\/h2>\n<p>, <\/p>\n<h2 style='font-weight: bold;font-size: 14px'>OEM White Gold Septum Ring<\/h2>\n<p>, <\/p>\n<h2 style='font-weight: bold;font-size: 14px'>Triangle Septum Ring 1.3mm<\/h2>\n<\/td>\n<\/tr>\n<\/tbody>\n<\/table>\n<p><p><span style=\"font-size:16px\"><span style=\"font-family:arial,helvetica,sans-serif\"><strong>Descri\u00e7\u00e3o do produto:<\/strong><\/span><\/span><\/p>\n<p><strong><span style=\"font-family:arial,helvetica,sans-serif\"><span style=\"font-size:16px\">Customize18k White Gold 0.1ct Diamonds Sleek Triangle Septum Piercings Jewelry<\/span><\/span><\/strong><\/p>\n<table border=\"1\" cellpadding=\"0\" cellspacing=\"0\" style=\"width: 633px\">\n<tbody>\n<tr>\n<td style=\"width: 126px\">Item No.<\/td>\n<td style=\"width: 498px\">KD105CE<\/td>\n<\/tr>\n<tr>\n<td style=\"width: 126px\">Nome do produto<\/td>\n<td style=\"width: 498px\">18K Piercing triangle jewelry<\/td>\n<\/tr>\n<tr>\n<td style=\"width: 126px\">Estilo<\/td>\n<td style=\"width: 498px\">Fancy Piercing\/Popular<\/td>\n<\/tr>\n<tr>\n<td style=\"width: 126px\">Material<\/td>\n<td style=\"width: 498px\">Ouro maci\u00e7o de 18K<\/td>\n<\/tr>\n<tr>\n<td style=\"width: 126px\">G\u00e9nero<\/td>\n<td style=\"width: 498px\">Jovens\/ Raparigas&nbsp;<\/td>\n<\/tr>\n<tr>\n<td style=\"width: 126px\">Diamantes<\/td>\n<td style=\"width: 498px\">1.3mm 0.1ct SI2<\/td>\n<\/tr>\n<tr>\n<td style=\"width: 126px\">MOQ&nbsp;<\/td>\n<td style=\"width: 498px\">3 pe\u00e7as<\/td>\n<\/tr>\n<tr>\n<td style=\"width: 126px\">Ocasi\u00e3o<\/td>\n<td style=\"width: 498px\">Anivers\u00e1rio, Prenda, Festa, Uso di\u00e1rio<\/td>\n<\/tr>\n<\/tbody>\n<\/table>\n<p><span style=\"font-size:16px\"><strong>Vantagem:<\/strong><\/span><\/p>\n<p>1. Perfect Gift for Your Family and Your Friends on Mother&#039;s Day, Birthday, Wedding, Anniversaries, Valentine&#039;s Day or Christmas Day.<\/p>\n<p>2. Hipoalerg\u00e9nico e dur\u00e1vel, fabricado em ouro maci\u00e7o de 18K, aro com dobradi\u00e7a em c\u00edrculo s\u00f3lido, sem arestas vivas Realmente.<\/p>\n<p>3. Por favor, selecione cuidadosamente o calibre mais adequado e o tamanho do di\u00e2metro de acordo com o tamanho sugerido e a sua experi\u00eancia antes de encomendar.<\/p>\n<p>4:&nbsp;It has a simple, architectural design featuring a triangular shape, paved on two sides with natural diamonds. The hinged, clicker design makes it incredibly easy to insert into multiple piercings including the septum as well as cartilage piercings like the helix, tragus, daith, and some conch piercings. Once you&#039;ve tried out this triangle, you won&#039;t ever want to go back to boring old jewelry for your cartilage earrings!<\/p>\n<p>&nbsp;<\/p>\n<p><strong><span style=\"font-family:arial,helvetica,sans-serif\">Exposi\u00e7\u00e3o de produtos:<\/span><\/strong><\/p>\n<p><img decoding=\"async\" src=\"https:\/\/www.gold-jewellerys.com\/test\/gold-jewellerys.com\/photo\/pl36969530-remark.jpg\"><img decoding=\"async\" src=\"https:\/\/www.gold-jewellerys.com\/test\/gold-jewellerys.com\/photo\/pl36968785-remark.jpg\"><img decoding=\"async\" src=\"https:\/\/www.gold-jewellerys.com\/test\/gold-jewellerys.com\/photo\/pl36967890-remark.jpg\"><br \/>\n<strong><span style=\"font-size:16px\"><span style=\"font-family:arial,helvetica,sans-serif\">Porqu\u00ea escolher-nos:<\/span><\/span><\/strong><br \/>\n1: A K-Gold tem cerca de 21 anos de experi\u00eancia na \u00e1rea da joalharia e 17 anos de experi\u00eancia de produ\u00e7\u00e3o.<br \/>\n2: Tamb\u00e9m a nossa equipa profissional de I &amp; D para garantir que os nossos produtos est\u00e3o constantemente actualizados e \u00e0 frente da ind\u00fastria. Assim, temos mais de 3000 desenhos diferentes e mais de 46 colec\u00e7\u00f5es que podem satisfazer os diferentes pedidos do mercado.<br \/>\n3: Para itens personalizados, pode obter CAD no mesmo dia ou no dia seguinte para confirmar os dados antes do in\u00edcio da encomenda.<br \/>\n4: O objetivo da K-gold \u00e9 fornecer aos clientes os produtos certos ao pre\u00e7o certo e entregar a tempo.<br \/>\n5: Temos uma poderosa equipa de servi\u00e7o ao cliente que acompanha todo o processo de vendas, ajuda-o em qualquer quest\u00e3o, desde o design CAD at\u00e9 \u00e0 entrega.<br \/>\nServi\u00e7o de F\u00e1brica K-Gold:<br \/>\n<img decoding=\"async\" src=\"https:\/\/www.gold-jewellerys.com\/test\/gold-jewellerys.com\/photo\/pl36123611-remark.jpg\"><img decoding=\"async\" src=\"https:\/\/www.gold-jewellerys.com\/test\/gold-jewellerys.com\/photo\/pl36123608-remark.jpg\"><\/p>\n<p>Q1: Como \u00e9 que podemos obter o pre\u00e7o?<\/p>\n<p>R: Convidamo-lo a contactar-nos atrav\u00e9s do whatsapp. Basta enviar-nos as fotos dos itens que voc\u00ea quer, ent\u00e3o n\u00f3s lhe diremos os pre\u00e7os o mais r\u00e1pido poss\u00edvel.<\/p>\n<p>&nbsp;Pessoa de contacto: Nancy lee<br \/>\n&nbsp;WhatsApp: +86-18520267369 \/ Tell:+8618520267369<br \/>\n&nbsp;Correio eletr\u00f3nico: nancy@gzkgold.com<br \/>\n&nbsp;S\u00edtio Web:<\/p>\n<p>&nbsp;<\/p>\n<p>P2: Posso personalizar os meus pr\u00f3prios desenhos?<br \/>\nA: bem-vindo para projetar suas pr\u00f3prias j\u00f3ias ou sua marca, fornecer suas fotos de design e detalhes que podemos desenhar CAD para voc\u00ea antes da produ\u00e7\u00e3o.<\/p>\n<p>&nbsp;<\/p>\n<p>Q3: O que acontece com o tempo de produ\u00e7\u00e3o?<\/p>\n<p>R: Ap\u00f3s a confirma\u00e7\u00e3o do desenho e dos detalhes da pedra, a produ\u00e7\u00e3o demora cerca de 12 a 15 dias \u00fateis.<\/p>\n<p>&nbsp;<\/p>\n<p>Q4: What about your diamonds quality?<\/p>\n<p>R: N\u00f3s sempre usamos diamantes naturais VS, SI G-H, se voc\u00ea quiser mudar para VVS tamb\u00e9m est\u00e3o dispon\u00edveis, podemos citar o pre\u00e7o exato accoring seu pedido.<\/p>\n<p>&nbsp;<\/p>\n<p>Q5: Can I order 9K or 10K gold instead of 18K?<\/p>\n<p>A: Yes, sure you can, The MOQ only 5 pcs for 9K or 10k jewelry.&nbsp;<\/p>\n<p>&nbsp;<\/p>\n<p>Q6: Fazem j\u00f3ias para o comprador pessoal ou apenas para o grossista?<br \/>\nA:Actually we are make the whole sale to who sale to online or have your own shop for original designs , for the brand jewelry allowed the personal buyer too. You can order fine quality brand jewelry for your family, friends and yourself at factory prices. Even it will be great if you are a jewelry re-seller. We will provide free shipping and free original brand boxes if you can order many items each time. More quantity then best price&nbsp;<\/p><\/p>","protected":false},"excerpt":{"rendered":"<br \/>\n<table class=\"tables data\" width=\"100%\" border=\"0\" cellpadding=\"0\" cellspacing=\"0\">\n<tbody>\n<tr>\n<th width=\"35%\">Local de origem:<\/th>\n<td>China<\/td>\n<\/tr>\n<tr>\n<th width=\"35%\">Nome da marca:<\/th>\n<td>J\u00f3ias de ouro K<\/td>\n<\/tr>\n<tr>\n<th width=\"35%\">Certifica\u00e7\u00e3o:<\/th>\n<td>Diamonds Certificate<\/td>\n<\/tr>\n<tr>\n<th width=\"35%\">N\u00famero do modelo:<\/th>\n<td>KD105CE<\/td>\n<\/tr>\n<\/tbody>\n<\/table>\n<p>                                                                            <span class=\"title_s\">Condi\u00e7\u00f5es de pagamento e envio:<\/span>                            <\/p>\n<table class=\"tables data\" width=\"100%\" border=\"0\" cellpadding=\"0\" cellspacing=\"0\">\n<tbody>\n<tr>\n<th width=\"35%\" nowrap=\"nowrap\">Quantidade m\u00ednima de encomenda:<\/th>\n<td>3<\/td>\n<\/tr>\n<tr>\n<th width=\"35%\" nowrap=\"nowrap\">Pre\u00e7o:<\/th>\n<td>Negoci\u00e1vel<\/td>\n<\/tr>\n<tr>\n<th width=\"35%\" nowrap=\"nowrap\">Detalhes da embalagem:<\/th>\n<td>Saco PP grosso padr\u00e3o, a marca vir\u00e1 com a marca Embalagem<\/td>\n<\/tr>\n<tr>\n<th width=\"35%\" nowrap=\"nowrap\">Prazo de entrega:<\/th>\n<td>5-15 dias \u00fateis<\/td>\n<\/tr>\n<tr>\n<th width=\"35%\" nowrap=\"nowrap\">Condi\u00e7\u00f5es de pagamento:<\/th>\n<td>T\/T, Western Union<\/td>\n<\/tr>\n<tr>\n<th width=\"35%\" nowrap=\"nowrap\">Capacidade de fornecimento:<\/th>\n<td>2000pcs\/m\u00eas<\/td>\n<\/tr>\n<\/tbody>\n<\/table>","protected":false},"featured_media":6709,"comment_status":"closed","ping_status":"closed","template":"","meta":{"_gspb_post_css":""},"product_brand":[],"product_cat":[30],"product_tag":[],"class_list":{"0":"post-6713","1":"product","2":"type-product","3":"status-publish","4":"has-post-thumbnail","6":"product_cat-silver-bead-charms","8":"first","9":"instock","10":"shipping-taxable","11":"product-type-simple"},"aioseo_notices":[],"_links":{"self":[{"href":"https:\/\/dearjewelry.ltd\/pt\/wp-json\/wp\/v2\/product\/6713","targetHints":{"allow":["GET"]}}],"collection":[{"href":"https:\/\/dearjewelry.ltd\/pt\/wp-json\/wp\/v2\/product"}],"about":[{"href":"https:\/\/dearjewelry.ltd\/pt\/wp-json\/wp\/v2\/types\/product"}],"replies":[{"embeddable":true,"href":"https:\/\/dearjewelry.ltd\/pt\/wp-json\/wp\/v2\/comments?post=6713"}],"wp:featuredmedia":[{"embeddable":true,"href":"https:\/\/dearjewelry.ltd\/pt\/wp-json\/wp\/v2\/media\/6709"}],"wp:attachment":[{"href":"https:\/\/dearjewelry.ltd\/pt\/wp-json\/wp\/v2\/media?parent=6713"}],"wp:term":[{"taxonomy":"product_brand","embeddable":true,"href":"https:\/\/dearjewelry.ltd\/pt\/wp-json\/wp\/v2\/product_brand?post=6713"},{"taxonomy":"product_cat","embeddable":true,"href":"https:\/\/dearjewelry.ltd\/pt\/wp-json\/wp\/v2\/product_cat?post=6713"},{"taxonomy":"product_tag","embeddable":true,"href":"https:\/\/dearjewelry.ltd\/pt\/wp-json\/wp\/v2\/product_tag?post=6713"}],"curies":[{"name":"wp","href":"https:\/\/api.w.org\/{rel}","templated":true}]}}