{"id":6659,"date":"2025-07-13T10:53:01","date_gmt":"2025-07-13T10:53:01","guid":{"rendered":"https:\/\/dearjewelry.ltd\/product\/3mm-plain-star-18k-gold-nose-piercing-l-shape-0-6mm-thickness\/"},"modified":"2025-07-13T10:53:01","modified_gmt":"2025-07-13T10:53:01","slug":"3mm-plain-star-18k-gold-nose-piercing-l-shape-0-6mm-thickness","status":"publish","type":"product","link":"https:\/\/dearjewelry.ltd\/pt\/product\/3mm-plain-star-18k-gold-nose-piercing-l-shape-0-6mm-thickness\/","title":{"rendered":"3mm Plain Star 18K Gold Nose Piercing L Shape 0.6mm Thickness"},"content":{"rendered":"<h2>3mm Plain Star 18K Gold Nose Piercing L Shape 0.6mm Thickness<\/h2>\n<p> Descri\u00e7\u00e3o<\/p>\n<table cellpadding=\"0\" cellspacing=\"0\" class=\"details_table\">\n<tbody>\n<tr>\n<th>Material:<\/th>\n<td>Solid 14k\/ 18k Yellow Gold<\/td>\n<th>MOQ:<\/th>\n<td>3 Pcs<\/td>\n<\/tr>\n<tr class=\"bg_gray\">\n<th>Parte do corpo:<\/th>\n<td>Nariz, Trago<\/td>\n<th>Tipo de j\u00f3ias:<\/th>\n<td>18k Yellow Plain Star Nose Stud<\/td>\n<\/tr>\n<tr>\n<th>Star Size:<\/th>\n<td>3mm<\/td>\n<th>Espessura:<\/th>\n<td>0,6 mm<\/td>\n<\/tr>\n<tr class=\"bg_gray\">\n<th colspan=\"1\">Luz alta:<\/th>\n<td colspan=\"3\">\n<h2 style='font-weight: bold;font-size: 14px'>3mm 18K Gold Nose Piercing<\/h2>\n<p>, <\/p>\n<h2 style='font-weight: bold;font-size: 14px'>Plain Star 18K Gold Nose Piercing<\/h2>\n<p>, <\/p>\n<h2 style='font-weight: bold;font-size: 14px'>0.6mm Star Nose Piercing<\/h2>\n<\/td>\n<\/tr>\n<\/tbody>\n<\/table>\n<p><p><span style=\"font-size:16px\"><strong>Descri\u00e7\u00e3o do produto:<\/strong><\/span><\/p>\n<p><span style=\"font-size:16px\">3mm Plain Star 18k Soild Yellow L-Shape Nose Stud Body Piercing Jewelry<\/span><\/p>\n<table border=\"1\" cellpadding=\"0\" cellspacing=\"0\" style=\"width: 539px\">\n<tbody>\n<tr>\n<td style=\"width: 126px\"><span style=\"font-size:14px\"><span style=\"font-family:arial,helvetica,sans-serif\">Item No.<\/span><\/span><\/td>\n<td style=\"width: 404px\">KD092CE<\/td>\n<\/tr>\n<tr>\n<td style=\"width: 126px\"><span style=\"font-size:14px\"><span style=\"font-family:arial,helvetica,sans-serif\">Nome do produto<\/span><\/span><\/td>\n<td style=\"width: 404px\"><span style=\"font-size:14px\"><span style=\"font-family:arial,helvetica,sans-serif\">18k yellow Plain star nose stud<\/span><\/span><\/td>\n<\/tr>\n<tr>\n<td style=\"width: 126px\"><span style=\"font-size:14px\"><span style=\"font-family:arial,helvetica,sans-serif\">Estilo<\/span><\/span><\/td>\n<td style=\"width: 404px\"><font face=\"arial, helvetica, sans-serif\">Popular\/Trendy<\/font><\/td>\n<\/tr>\n<tr>\n<td style=\"width: 126px\"><span style=\"font-size:14px\"><span style=\"font-family:arial,helvetica,sans-serif\">Material<\/span><\/span><\/td>\n<td style=\"width: 404px\"><span style=\"font-size:14px\"><span style=\"font-family:arial,helvetica,sans-serif\">18k yellow Solid Gold<\/span><\/span><\/td>\n<\/tr>\n<tr>\n<td style=\"width: 126px\"><span style=\"font-size:14px\"><span style=\"font-family:arial,helvetica,sans-serif\">G\u00e9nero<\/span><\/span><\/td>\n<td style=\"width: 404px\"><span style=\"font-size:14px\"><span style=\"font-family:arial,helvetica,sans-serif\">Women&#039;s, Ladies, girls<\/span><\/span><\/td>\n<\/tr>\n<tr>\n<td style=\"width: 126px\"><span style=\"font-size:14px\"><span style=\"font-family:arial,helvetica,sans-serif\">Star size<\/span><\/span><\/td>\n<td style=\"width: 404px\">\n<p><font face=\"arial, helvetica, sans-serif\">3mm<\/font><\/p>\n<\/td>\n<\/tr>\n<tr>\n<td style=\"width: 126px\"><font face=\"arial, helvetica, sans-serif\">Metal<\/font><\/td>\n<td style=\"width: 404px\"><font face=\"arial, helvetica, sans-serif\">9k\/10k\/14k\/18k&nbsp;<\/font><\/td>\n<\/tr>\n<tr>\n<td style=\"width: 126px\"><span style=\"font-size:14px\"><span style=\"font-family:arial,helvetica,sans-serif\">Delivery&nbsp;<\/span><\/span><\/td>\n<td style=\"width: 404px\">\n<p><span style=\"font-size:14px\"><span style=\"font-family:arial,helvetica,sans-serif\">12-15 business days<\/span><\/span><\/p>\n<\/td>\n<\/tr>\n<\/tbody>\n<\/table>\n<p><span style=\"font-family:arial,helvetica,sans-serif\"><span style=\"font-size:14px\">1: Start&nbsp;size: 3mm<\/span><\/span><\/p>\n<p><span style=\"font-family:arial,helvetica,sans-serif\"><span style=\"font-size:14px\">2: Thickness&nbsp;: 0.6mm<\/span><\/span><\/p>\n<p><span style=\"font-family:arial,helvetica,sans-serif\"><span style=\"font-size:14px\">2: Length: 6mm\/3mm<\/span><\/span><\/p>\n<p><span style=\"font-family:arial,helvetica,sans-serif\"><span style=\"font-size:14px\">3: Metal: 18k yellow gold.also can do 9k\/10k\/14k etc.<\/span><\/span><\/p>\n<p><span style=\"font-family:arial,helvetica,sans-serif\"><span style=\"font-size:14px\">4: 18K body Nose Piercing Jewelry\/ price by pieces.<\/span><\/span><\/p>\n<p><strong><span style=\"font-family:arial,helvetica,sans-serif\">Vantagem: <\/span><\/strong><\/p>\n<p><span style=\"font-family:arial,helvetica,sans-serif\">We have one of the most highly acclaimed 14k\/18K gold nose pins collection. When you shop with us, you remain assured of the quality and price. We have nice assortment of 14k\/18k ball end nose pins, 14K screw nose pins, 14K\/18kdiamond nose pins, 14K\/18k L- shaped nose pins and 14k nose pins.<\/span><\/p>\n<p>&nbsp;<\/p>\n<p><span style=\"font-size:14px\"><span style=\"font-family:arial,helvetica,sans-serif\">Porqu\u00ea escolher-nos:<\/span><\/span><\/p>\n<p>K-Gold Jewelry Co., Ltd founded in 2005, is one of the most professional jewelry manufacturers in China. At present, the main products are K carat-gold (9K Gold,10KGold,14KGold 18KGold)natural diamonds (Difference grade with GIA certification ), moissanite and Lab diamond with difference certification, More other natural gemstone fine Jewelry , also Silver with 9K gold .<\/p>\n<p>There about 21 years experience on jewelry area and 17 years producing experience.<\/p>\n<p>Also our the professional R &amp; D team to ensure that our products are constantly updated and ahead of the industry. So we have more than 30000 different designs and more then 46 collections can meet of different market request. For customize items you can get CAD same day or next day to confirmed the data before order start.<\/p>\n<p>&nbsp;<\/p>\n<p><strong><span style=\"font-size:14px\"><span style=\"font-family:arial,helvetica,sans-serif\">Exposi\u00e7\u00e3o de produtos:<\/span><\/span><\/strong><\/p>\n<p><img decoding=\"async\" src=\"https:\/\/www.gold-jewellerys.com\/test\/gold-jewellerys.com\/photo\/pl36956302-remark.jpg\"><img decoding=\"async\" src=\"https:\/\/www.gold-jewellerys.com\/test\/gold-jewellerys.com\/photo\/pl36956301-remark.jpg\"><img decoding=\"async\" src=\"https:\/\/www.gold-jewellerys.com\/test\/gold-jewellerys.com\/photo\/pl36955373-remark.jpg\"><\/p>\n<p><span style=\"font-size:14px\"><span style=\"font-family:arial,helvetica,sans-serif\">FAQ:<\/span><\/span><\/p>\n<p><span style=\"font-size:14px\"><span style=\"font-family:arial,helvetica,sans-serif\">Q1: Como \u00e9 que podemos obter o pre\u00e7o?<\/span><\/span><\/p>\n<p><span style=\"font-size:14px\"><span style=\"font-family:arial,helvetica,sans-serif\">R: Convidamo-lo a contactar-nos atrav\u00e9s do whatsapp. Basta enviar-nos as fotos dos itens que voc\u00ea quer, ent\u00e3o n\u00f3s lhe diremos os pre\u00e7os o mais r\u00e1pido poss\u00edvel.<\/span><\/span><\/p>\n<p>&nbsp;<\/p>\n<p><span style=\"font-size:14px\"><span style=\"font-family:arial,helvetica,sans-serif\">Q2: Podem personalizar o meu log\u00f3tipo?<br \/>\nA: Sim, absolutamente pode, por favor envie-nos o seu LOGO, n\u00f3s assinaremos livremente. Para j\u00f3ias de marca sempre com logotipo orginal,<\/span><\/span><\/p>\n<p><span style=\"font-size:14px\"><span style=\"font-family:arial,helvetica,sans-serif\">e se precisarem de algo mais, digam-me.<\/span><\/span><\/p>\n<p>&nbsp;<\/p>\n<p><span style=\"font-size:14px\"><span style=\"font-family:arial,helvetica,sans-serif\">Q3: Q:What about your diamonds quality?<\/span><\/span><\/p>\n<p><span style=\"font-size:14px\"><span style=\"font-family:arial,helvetica,sans-serif\">R: N\u00f3s sempre usamos diamantes naturais VS, SI G-H, se voc\u00ea quiser mudar para VVS tamb\u00e9m est\u00e3o dispon\u00edveis, podemos citar o pre\u00e7o exato accoring seu pedido.<\/span><\/span><\/p>\n<p>&nbsp;<\/p>\n<p><span style=\"font-size:14px\"><span style=\"font-family:arial,helvetica,sans-serif\">Q4. What if I received broken items? <\/span><\/span><\/p>\n<p><span style=\"font-size:14px\"><span style=\"font-family:arial,helvetica,sans-serif\">A: We ensure every single item should be well inspected before shipped, we will compensate or refund for you if was damaged by express delivery.<\/span><\/span><\/p>\n<p>&nbsp;<\/p>\n<p><span style=\"font-size:14px\"><span style=\"font-family:arial,helvetica,sans-serif\">Q5:Can I order 9K or 10K gold instead of 18K?<\/span><\/span><\/p>\n<p><span style=\"font-size:14px\"><span style=\"font-family:arial,helvetica,sans-serif\">R: Sim, claro que pode, o MOQ apenas 5 pcs para j\u00f3ias de 9K ou 10k<\/span><\/span><\/p>\n<p>&nbsp;<\/p>\n<p><span style=\"font-size:14px\"><span style=\"font-family:arial,helvetica,sans-serif\">Q6: Fazem j\u00f3ias para o comprador pessoal ou apenas para o grossista?<br \/>\nR: Na verdade, estamos a fazer toda a venda para quem vende online ou tem a sua pr\u00f3pria loja para desenhos originais, para as j\u00f3ias de marca permitidas ao comprador pessoal tamb\u00e9m. Pode encomendar j\u00f3ias de marca de alta qualidade para a sua fam\u00edlia, amigos e para si pr\u00f3prio a pre\u00e7os de f\u00e1brica. Tamb\u00e9m ser\u00e1 \u00f3timo se for um revendedor de j\u00f3ias. N\u00f3s forneceremos frete gr\u00e1tis e caixas de marca originais gratuitas se voc\u00ea puder encomendar muitos itens de cada vez. Mais quantidade e melhor pre\u00e7o.<\/span><\/span><\/p>\n<p>&nbsp;<\/p>\n<p><span style=\"font-family:arial,helvetica,sans-serif\"><span style=\"font-size:14px\">Pessoa de contacto: Nancy lee<br style=\"font-size: 16px\" \/><br \/>\nWhatsApp: +86-18520267369 \/ Tell:+8618520267369<br style=\"font-size: 16px\" \/><br \/>\nCorreio eletr\u00f3nico: nancy@gzkgold.com<br style=\"font-size: 16px\" \/><br \/>\nS\u00edtio Web:<\/span><\/span><\/p><\/p>","protected":false},"excerpt":{"rendered":"<br \/>\n<table class=\"tables data\" width=\"100%\" border=\"0\" cellpadding=\"0\" cellspacing=\"0\">\n<tbody>\n<tr>\n<th width=\"35%\">Local de origem:<\/th>\n<td>China<\/td>\n<\/tr>\n<tr>\n<th width=\"35%\">Nome da marca:<\/th>\n<td>J\u00f3ias de ouro K<\/td>\n<\/tr>\n<tr>\n<th width=\"35%\">Certifica\u00e7\u00e3o:<\/th>\n<td>Certificado de joalharia<\/td>\n<\/tr>\n<tr>\n<th width=\"35%\">N\u00famero do modelo:<\/th>\n<td>KD092CE<\/td>\n<\/tr>\n<\/tbody>\n<\/table>\n<p>                                                                            <span class=\"title_s\">Condi\u00e7\u00f5es de pagamento e envio:<\/span>                            <\/p>\n<table class=\"tables data\" width=\"100%\" border=\"0\" cellpadding=\"0\" cellspacing=\"0\">\n<tbody>\n<tr>\n<th width=\"35%\" nowrap=\"nowrap\">Quantidade m\u00ednima de encomenda:<\/th>\n<td>3<\/td>\n<\/tr>\n<tr>\n<th width=\"35%\" nowrap=\"nowrap\">Pre\u00e7o:<\/th>\n<td>Negoci\u00e1vel<\/td>\n<\/tr>\n<tr>\n<th width=\"35%\" nowrap=\"nowrap\">Detalhes da embalagem:<\/th>\n<td>Saco PP grosso padr\u00e3o, a marca vir\u00e1 com a marca Embalagem<\/td>\n<\/tr>\n<tr>\n<th width=\"35%\" nowrap=\"nowrap\">Prazo de entrega:<\/th>\n<td>5-15 dias \u00fateis<\/td>\n<\/tr>\n<tr>\n<th width=\"35%\" nowrap=\"nowrap\">Condi\u00e7\u00f5es de pagamento:<\/th>\n<td>T\/T, Western Union, D\/P, D\/A, L\/C, MoneyGram<\/td>\n<\/tr>\n<tr>\n<th width=\"35%\" nowrap=\"nowrap\">Capacidade de fornecimento:<\/th>\n<td>2000pcs\/m\u00eas<\/td>\n<\/tr>\n<\/tbody>\n<\/table>","protected":false},"featured_media":6655,"comment_status":"closed","ping_status":"closed","template":"","meta":{"_gspb_post_css":""},"product_brand":[],"product_cat":[30],"product_tag":[],"class_list":{"0":"post-6659","1":"product","2":"type-product","3":"status-publish","4":"has-post-thumbnail","6":"product_cat-silver-bead-charms","8":"first","9":"instock","10":"shipping-taxable","11":"product-type-simple"},"aioseo_notices":[],"_links":{"self":[{"href":"https:\/\/dearjewelry.ltd\/pt\/wp-json\/wp\/v2\/product\/6659","targetHints":{"allow":["GET"]}}],"collection":[{"href":"https:\/\/dearjewelry.ltd\/pt\/wp-json\/wp\/v2\/product"}],"about":[{"href":"https:\/\/dearjewelry.ltd\/pt\/wp-json\/wp\/v2\/types\/product"}],"replies":[{"embeddable":true,"href":"https:\/\/dearjewelry.ltd\/pt\/wp-json\/wp\/v2\/comments?post=6659"}],"wp:featuredmedia":[{"embeddable":true,"href":"https:\/\/dearjewelry.ltd\/pt\/wp-json\/wp\/v2\/media\/6655"}],"wp:attachment":[{"href":"https:\/\/dearjewelry.ltd\/pt\/wp-json\/wp\/v2\/media?parent=6659"}],"wp:term":[{"taxonomy":"product_brand","embeddable":true,"href":"https:\/\/dearjewelry.ltd\/pt\/wp-json\/wp\/v2\/product_brand?post=6659"},{"taxonomy":"product_cat","embeddable":true,"href":"https:\/\/dearjewelry.ltd\/pt\/wp-json\/wp\/v2\/product_cat?post=6659"},{"taxonomy":"product_tag","embeddable":true,"href":"https:\/\/dearjewelry.ltd\/pt\/wp-json\/wp\/v2\/product_tag?post=6659"}],"curies":[{"name":"wp","href":"https:\/\/api.w.org\/{rel}","templated":true}]}}