{"id":6647,"date":"2025-07-13T10:52:56","date_gmt":"2025-07-13T10:52:56","guid":{"rendered":"https:\/\/dearjewelry.ltd\/product\/thickness-0-6mm-18k-gold-nose-piercing-with-1-25-3-0mm-diamonds\/"},"modified":"2025-07-13T10:52:56","modified_gmt":"2025-07-13T10:52:56","slug":"thickness-0-6mm-18k-gold-nose-piercing-with-1-25-3-0mm-diamonds","status":"publish","type":"product","link":"https:\/\/dearjewelry.ltd\/pt\/product\/thickness-0-6mm-18k-gold-nose-piercing-with-1-25-3-0mm-diamonds\/","title":{"rendered":"Espessura 0,6 mm Piercing de nariz em ouro de 18K com diamantes de 1,25-3,0 mm"},"content":{"rendered":"<h2>Espessura 0,6 mm Piercing de nariz em ouro de 18K com diamantes de 1,25-3,0 mm<\/h2>\n<p> Descri\u00e7\u00e3o<\/p>\n<table cellpadding=\"0\" cellspacing=\"0\" class=\"details_table\">\n<tbody>\n<tr>\n<th>Material:<\/th>\n<td>Ouro amarelo 18k maci\u00e7o<\/td>\n<th>Tipo de j\u00f3ias:<\/th>\n<td>18K Body Piercing Jewelry<\/td>\n<\/tr>\n<tr class=\"bg_gray\">\n<th>MOQ:<\/th>\n<td>3 Pcs<\/td>\n<th>Parte do corpo:<\/th>\n<td>Nariz, Trago<\/td>\n<\/tr>\n<tr>\n<th>Diamantes:<\/th>\n<td>1.5-3.0mm All Available<\/td>\n<th>Diamond Clarity:<\/th>\n<td>Vs1-SI2<\/td>\n<\/tr>\n<tr class=\"bg_gray\">\n<th colspan=\"1\">Luz alta:<\/th>\n<td colspan=\"3\">\n<h2 style='font-weight: bold;font-size: 14px'>18K Gold Nose Piercing 1.25mm<\/h2>\n<p>, <\/p>\n<h2 style='font-weight: bold;font-size: 14px'>18K Gold Nose Piercing 3.0mm<\/h2>\n<\/td>\n<\/tr>\n<\/tbody>\n<\/table>\n<p><p><span style=\"font-size:16px\"><strong><span style=\"font-family:arial,helvetica,sans-serif\">Descri\u00e7\u00e3o do produto:<\/span><\/strong><\/span><\/p>\n<p><span style=\"font-family:arial,helvetica,sans-serif\"><strong><span style=\"font-size:16px\">Body Piercing Jewelry 18K Yellow Gold Diamonds Prong Setting Nose Stud <\/span><\/strong><\/span><strong><span style=\"font-family:arial,helvetica,sans-serif\"><span style=\"font-size:16px\"> <\/span><\/span><\/strong><\/p>\n<table border=\"1\" cellpadding=\"0\" cellspacing=\"0\" style=\"width: 577px\">\n<tbody>\n<tr>\n<td style=\"width: 126px\"><span style=\"font-size:14px\"><span style=\"font-family:arial,helvetica,sans-serif\">Item No.<\/span><\/span><\/td>\n<td style=\"width: 442px\"><span style=\"font-size:14px\"><span style=\"font-family:arial,helvetica,sans-serif\">KD088CE<\/span><\/span><\/td>\n<\/tr>\n<tr>\n<td style=\"width: 126px\"><span style=\"font-size:14px\"><span style=\"font-family:arial,helvetica,sans-serif\">Nome do produto<\/span><\/span><\/td>\n<td style=\"width: 442px\"><span style=\"font-size:14px\"><span style=\"font-family:arial,helvetica,sans-serif\">18k yellow gold body piercing jewelry<\/span><\/span><\/td>\n<\/tr>\n<tr>\n<td style=\"width: 126px\"><span style=\"font-size:14px\"><span style=\"font-family:arial,helvetica,sans-serif\">Estilo<\/span><\/span><\/td>\n<td style=\"width: 442px\"><span style=\"font-size:14px\"><span style=\"font-family:arial,helvetica,sans-serif\">18k yellow gold nose stud<\/span><\/span><\/td>\n<\/tr>\n<tr>\n<td style=\"width: 126px\"><span style=\"font-size:14px\"><span style=\"font-family:arial,helvetica,sans-serif\">Material<\/span><\/span><\/td>\n<td style=\"width: 442px\"><span style=\"font-size:14px\"><span style=\"font-family:arial,helvetica,sans-serif\">18k yellow Solid Gold<\/span><\/span><\/td>\n<\/tr>\n<tr>\n<td style=\"width: 126px\"><span style=\"font-size:14px\"><span style=\"font-family:arial,helvetica,sans-serif\">G\u00e9nero<\/span><\/span><\/td>\n<td style=\"width: 442px\"><span style=\"font-size:14px\"><span style=\"font-family:arial,helvetica,sans-serif\">Women&#039;s, Ladies, girls<\/span><\/span><\/td>\n<\/tr>\n<tr>\n<td style=\"width: 126px\"><span style=\"font-size:14px\"><span style=\"font-family:arial,helvetica,sans-serif\">Diamonds size<\/span><\/span><\/td>\n<td style=\"width: 442px\">\n<p><span style=\"font-size:14px\"><span style=\"font-family:arial,helvetica,sans-serif\">1.25-3.0mm any size are available<\/span><\/span><\/p>\n<\/td>\n<\/tr>\n<tr>\n<td style=\"width: 126px\"><span style=\"font-size:14px\"><span style=\"font-family:arial,helvetica,sans-serif\">Diamond clarity<\/span><\/span><\/td>\n<td style=\"width: 442px\"><span style=\"font-size:14px\"><span style=\"font-family:arial,helvetica,sans-serif\">Vs1-SI2<\/span><\/span><\/td>\n<\/tr>\n<tr>\n<td style=\"width: 126px\"><span style=\"font-size:14px\"><span style=\"font-family:arial,helvetica,sans-serif\">Delivery&nbsp;<\/span><\/span><\/td>\n<td style=\"width: 442px\">\n<p><span style=\"font-size:14px\"><span style=\"font-family:arial,helvetica,sans-serif\">12-15 business days<\/span><\/span><\/p>\n<\/td>\n<\/tr>\n<\/tbody>\n<\/table>\n<p><span style=\"font-size:14px\"><span style=\"font-family:arial,helvetica,sans-serif\">1: Diamonds&nbsp;size: 1.25-3.0mm, any size, according customer&#039;s request.<\/span><\/span><\/p>\n<p><span style=\"font-size:14px\"><span style=\"font-family:arial,helvetica,sans-serif\">2: Diamonds clarity :Vs1-SI2<\/span><\/span><\/p>\n<p><span style=\"font-size:14px\"><span style=\"font-family:arial,helvetica,sans-serif\">3: Diamonds color: F-G<\/span><\/span><\/p>\n<p><span style=\"font-size:14px\"><span style=\"font-family:arial,helvetica,sans-serif\">2: Thickness: 0.6mm<\/span><\/span><\/p>\n<p><span style=\"font-size:14px\"><span style=\"font-family:arial,helvetica,sans-serif\">3: Metal: 18k yellow gold.also can do 9k\/ 10k \/14.<\/span><\/span><\/p>\n<p><span style=\"font-size:14px\"><span style=\"font-family:arial,helvetica,sans-serif\">4: 18K body Piercing Jewelry\/ price by pieces.<\/span><\/span><\/p>\n<p>&nbsp;<\/p>\n<p><span style=\"font-size:14px\"><span style=\"font-family:arial,helvetica,sans-serif\">Porqu\u00ea escolher-nos:<\/span><\/span><\/p>\n<p><span style=\"font-size:14px\"><span style=\"font-family:arial,helvetica,sans-serif\">K-Gold Jewelry Co., Ltd founded in 2005, is one of the most professional jewelry manufacturers in China. At present, the main products are K carat-gold (9K Gold,10KGold,14KGold 18KGold)natural diamonds (Difference grade with GIA certification ), moissanite and Lab diamond with difference certification, More other natural gemstone fine Jewelry , also Silver with 9K gold .<\/span><\/span><\/p>\n<p><span style=\"font-size:14px\"><span style=\"font-family:arial,helvetica,sans-serif\">S\u00e3o cerca de 21 anos de experi\u00eancia na \u00e1rea da joalharia e 17 anos de experi\u00eancia na produ\u00e7\u00e3o. <\/span><\/span><\/p>\n<p><span style=\"font-size:14px\"><span style=\"font-family:arial,helvetica,sans-serif\">O objetivo da K-gold \u00e9 fornecer aos clientes os produtos certos ao pre\u00e7o certo e entregar a tempo. Temos uma poderosa equipa de servi\u00e7o ao cliente que acompanha todo o processo de vendas, ajuda-o em qualquer quest\u00e3o, desde o design CAD at\u00e9 \u00e0 entrega.<\/span><\/span><\/p>\n<p>&nbsp;<\/p>\n<p><span style=\"font-size:16px\"><span style=\"font-family:arial,helvetica,sans-serif\">Exposi\u00e7\u00e3o de produtos:<\/span><\/span><\/p>\n<p><img decoding=\"async\" src=\"https:\/\/www.gold-jewellerys.com\/test\/gold-jewellerys.com\/photo\/pl36954024-remark.jpg\"><img decoding=\"async\" src=\"https:\/\/www.gold-jewellerys.com\/test\/gold-jewellerys.com\/photo\/pl36946733-remark.jpg\"><img decoding=\"async\" src=\"https:\/\/www.gold-jewellerys.com\/test\/gold-jewellerys.com\/photo\/pl36946745-remark.jpg\"><\/p>\n<p>&nbsp;<\/p>\n<p><span style=\"font-family:arial,helvetica,sans-serif\"><span style=\"font-size:14px\">FAQ:<\/span><\/span><\/p>\n<p><span style=\"font-family:arial,helvetica,sans-serif\"><span style=\"font-size:14px\">Q1: Como \u00e9 que podemos obter o pre\u00e7o?<\/span><\/span><\/p>\n<p><span style=\"font-family:arial,helvetica,sans-serif\"><span style=\"font-size:14px\">R: Convidamo-lo a contactar-nos atrav\u00e9s do whatsapp. Basta enviar-nos as fotos dos itens que voc\u00ea quer, ent\u00e3o n\u00f3s lhe diremos os pre\u00e7os o mais r\u00e1pido poss\u00edvel.<\/span><\/span><\/p>\n<p>&nbsp;<\/p>\n<p><span style=\"font-family:arial,helvetica,sans-serif\"><span style=\"font-size:14px\">Q2: Podem personalizar o meu log\u00f3tipo?<br \/>\nA: Sim, absolutamente pode, por favor envie-nos o seu LOGO, n\u00f3s assinaremos livremente. Para j\u00f3ias de marca sempre com logotipo orginal,<\/span><\/span><\/p>\n<p><span style=\"font-family:arial,helvetica,sans-serif\"><span style=\"font-size:14px\">e se precisarem de algo mais, digam-me.<\/span><\/span><\/p>\n<p>&nbsp;<\/p>\n<p><span style=\"font-family:arial,helvetica,sans-serif\"><span style=\"font-size:14px\">Q3: How to pay for my order?<\/span><\/span><\/p>\n<p><span style=\"font-family:arial,helvetica,sans-serif\"><span style=\"font-size:14px\">A: Por favor, diga-me o seu pedido, em seguida, vamos dizer-lhe o pre\u00e7o do item, taxa de envio e taxa de caixa original e montante total. Pode efetuar o pagamento por Western Union \/ T\/T , ou Payoneer, processaremos e enviaremos a sua encomenda o mais rapidamente poss\u00edvel ap\u00f3s o pagamento efectuado.<\/span><\/span><\/p>\n<p>&nbsp;<\/p>\n<p><span style=\"font-family:arial,helvetica,sans-serif\"><span style=\"font-size:14px\">Q4. How long can received my goods?<\/span><\/span><\/p>\n<p><span style=\"font-family:arial,helvetica,sans-serif\"><span style=\"font-size:14px\">R: A encomenda \u00e9 sempre processada ap\u00f3s o dep\u00f3sito da sua encomenda. Tempo de fabrico: 2-10 dias \u00fateis, dependendo do trabalho de design<\/span><\/span><\/p>\n<p><span style=\"font-family:arial,helvetica,sans-serif\"><span style=\"font-size:14px\">dificuldade, mais 3-7 dias de tempo de envio m\u00e9todo de envio expresso para todo o mundo.<\/span><\/span><\/p>\n<p>&nbsp;<\/p>\n<p>Q5: Can I order 9K or 10K gold instead of 18K?<\/p>\n<p>A:Yes, sure you can, The MOQ only 5 pcs for 9K or 10k jewelry<\/p>\n<p>&nbsp;<\/p>\n<p><span style=\"font-family:arial,helvetica,sans-serif\"><span style=\"font-size:14px\">Q6: Fazem j\u00f3ias para o comprador pessoal ou apenas para o grossista?<br \/>\nR: Na verdade, estamos a fazer toda a venda para quem vende online ou tem a sua pr\u00f3pria loja para desenhos originais, para as j\u00f3ias de marca permitidas ao comprador pessoal tamb\u00e9m. Pode encomendar j\u00f3ias de marca de alta qualidade para a sua fam\u00edlia, amigos e para si pr\u00f3prio a pre\u00e7os de f\u00e1brica. Tamb\u00e9m ser\u00e1 \u00f3timo se for um revendedor de j\u00f3ias. N\u00f3s forneceremos frete gr\u00e1tis e caixas de marca originais gratuitas se voc\u00ea puder encomendar muitos itens de cada vez. Mais quantidade e melhor pre\u00e7o.<\/span><\/span><\/p>\n<p>&nbsp;<\/p>\n<p><span style=\"font-family:arial,helvetica,sans-serif\"><span style=\"font-size:14px\">Pessoa de contacto: Nancy lee<br style=\"font-size: 16px\" \/><br \/>\nWhatsApp: +86-18520267369 \/ Tell:+8618520267369<br style=\"font-size: 16px\" \/><br \/>\nCorreio eletr\u00f3nico: nancy@gzkgold.com<br style=\"font-size: 16px\" \/><br \/>\nS\u00edtio Web:<\/span><\/span><\/p><\/p>","protected":false},"excerpt":{"rendered":"<br \/>\n<table class=\"tables data\" width=\"100%\" border=\"0\" cellpadding=\"0\" cellspacing=\"0\">\n<tbody>\n<tr>\n<th width=\"35%\">Local de origem:<\/th>\n<td>China<\/td>\n<\/tr>\n<tr>\n<th width=\"35%\">Nome da marca:<\/th>\n<td>J\u00f3ias de ouro K<\/td>\n<\/tr>\n<tr>\n<th width=\"35%\">Certifica\u00e7\u00e3o:<\/th>\n<td>Certificado de joalharia<\/td>\n<\/tr>\n<tr>\n<th width=\"35%\">N\u00famero do modelo:<\/th>\n<td>KD088CE<\/td>\n<\/tr>\n<\/tbody>\n<\/table>\n<p>                                                                            <span class=\"title_s\">Condi\u00e7\u00f5es de pagamento e envio:<\/span>                            <\/p>\n<table class=\"tables data\" width=\"100%\" border=\"0\" cellpadding=\"0\" cellspacing=\"0\">\n<tbody>\n<tr>\n<th width=\"35%\" nowrap=\"nowrap\">Quantidade m\u00ednima de encomenda:<\/th>\n<td>3<\/td>\n<\/tr>\n<tr>\n<th width=\"35%\" nowrap=\"nowrap\">Pre\u00e7o:<\/th>\n<td>Negoci\u00e1vel<\/td>\n<\/tr>\n<tr>\n<th width=\"35%\" nowrap=\"nowrap\">Detalhes da embalagem:<\/th>\n<td>Saco PP grosso padr\u00e3o, a marca vir\u00e1 com a marca Embalagem<\/td>\n<\/tr>\n<tr>\n<th width=\"35%\" nowrap=\"nowrap\">Prazo de entrega:<\/th>\n<td>5-15 dias \u00fateis<\/td>\n<\/tr>\n<tr>\n<th width=\"35%\" nowrap=\"nowrap\">Condi\u00e7\u00f5es de pagamento:<\/th>\n<td>T\/T, Western Union, D\/P, D\/A, L\/C, MoneyGram<\/td>\n<\/tr>\n<tr>\n<th width=\"35%\" nowrap=\"nowrap\">Capacidade de fornecimento:<\/th>\n<td>2000pcs\/m\u00eas<\/td>\n<\/tr>\n<\/tbody>\n<\/table>","protected":false},"featured_media":6643,"comment_status":"closed","ping_status":"closed","template":"","meta":{"_gspb_post_css":""},"product_brand":[],"product_cat":[30],"product_tag":[],"class_list":{"0":"post-6647","1":"product","2":"type-product","3":"status-publish","4":"has-post-thumbnail","6":"product_cat-silver-bead-charms","8":"first","9":"instock","10":"shipping-taxable","11":"product-type-simple"},"aioseo_notices":[],"_links":{"self":[{"href":"https:\/\/dearjewelry.ltd\/pt\/wp-json\/wp\/v2\/product\/6647","targetHints":{"allow":["GET"]}}],"collection":[{"href":"https:\/\/dearjewelry.ltd\/pt\/wp-json\/wp\/v2\/product"}],"about":[{"href":"https:\/\/dearjewelry.ltd\/pt\/wp-json\/wp\/v2\/types\/product"}],"replies":[{"embeddable":true,"href":"https:\/\/dearjewelry.ltd\/pt\/wp-json\/wp\/v2\/comments?post=6647"}],"wp:featuredmedia":[{"embeddable":true,"href":"https:\/\/dearjewelry.ltd\/pt\/wp-json\/wp\/v2\/media\/6643"}],"wp:attachment":[{"href":"https:\/\/dearjewelry.ltd\/pt\/wp-json\/wp\/v2\/media?parent=6647"}],"wp:term":[{"taxonomy":"product_brand","embeddable":true,"href":"https:\/\/dearjewelry.ltd\/pt\/wp-json\/wp\/v2\/product_brand?post=6647"},{"taxonomy":"product_cat","embeddable":true,"href":"https:\/\/dearjewelry.ltd\/pt\/wp-json\/wp\/v2\/product_cat?post=6647"},{"taxonomy":"product_tag","embeddable":true,"href":"https:\/\/dearjewelry.ltd\/pt\/wp-json\/wp\/v2\/product_tag?post=6647"}],"curies":[{"name":"wp","href":"https:\/\/api.w.org\/{rel}","templated":true}]}}