{"id":6635,"date":"2025-07-13T10:52:51","date_gmt":"2025-07-13T10:52:51","guid":{"rendered":"https:\/\/dearjewelry.ltd\/product\/screw-18k-gold-nose-piercing-with-1-5mm-3mm-natural-garnet-stone\/"},"modified":"2025-07-13T10:52:51","modified_gmt":"2025-07-13T10:52:51","slug":"screw-18k-gold-nose-piercing-with-1-5mm-3mm-natural-garnet-stone","status":"publish","type":"product","link":"https:\/\/dearjewelry.ltd\/pt\/product\/screw-18k-gold-nose-piercing-with-1-5mm-3mm-natural-garnet-stone\/","title":{"rendered":"Piercing para o nariz em ouro de 18K com pedra natural de granada de 1,5 mm a 3 mm"},"content":{"rendered":"<h2>Piercing para o nariz em ouro de 18K com pedra natural de granada de 1,5 mm a 3 mm<\/h2>\n<p> Descri\u00e7\u00e3o<\/p>\n<table cellpadding=\"0\" cellspacing=\"0\" class=\"details_table\">\n<tbody>\n<tr>\n<th>Material:<\/th>\n<td>Solid 18K Yellow Gold<\/td>\n<th>G\u00e9nero:<\/th>\n<td>Women,Ladies<\/td>\n<\/tr>\n<tr class=\"bg_gray\">\n<th>Nome do produto:<\/th>\n<td>Nose Screw Piercing<\/td>\n<th>Forma:<\/th>\n<td>Screw<\/td>\n<\/tr>\n<tr>\n<th>Ocasi\u00e3o:<\/th>\n<td>Anniversary, Wedding,Gift<\/td>\n<th>Cor:<\/th>\n<td>Red,blue,yellow,green<\/td>\n<\/tr>\n<tr class=\"bg_gray\">\n<th>Tamanho da pedra:<\/th>\n<td>1.25mm-3.0mm<\/td>\n<th>Gauge Size:<\/th>\n<td>0,6 mm<\/td>\n<\/tr>\n<tr>\n<th colspan=\"1\">Luz alta:<\/th>\n<td colspan=\"3\">\n<h2 style='font-weight: bold;font-size: 14px'>18K Gold Nose Piercing 1.5mm<\/h2>\n<p>, <\/p>\n<h2 style='font-weight: bold;font-size: 14px'>18K Gold Nose Piercing 3mm<\/h2>\n<p>, <\/p>\n<h2 style='font-weight: bold;font-size: 14px'>Natural Garnet Stone 3mm Nose Piercing<\/h2>\n<\/td>\n<\/tr>\n<\/tbody>\n<\/table>\n<p><p><b><span style=\"font-size:16px\"><span style=\"font-family:arial,helvetica,sans-serif\">Descri\u00e7\u00e3o do produto:<\/span><\/span><br \/><span style=\"font-size:16px\"><span style=\"font-family:arial,helvetica,sans-serif\">18K Yellow Gold Piercing Jewelry Nose Screw With Natural Garnet Stone<\/span><\/span><\/b><br \/><span style=\"font-size:14px\"><span style=\"font-family:arial,helvetica,sans-serif\"><b>Detalhes do produto:&nbsp;<\/b><\/span><\/span><\/p>\n<table border=\"1\" cellpadding=\"0\" cellspacing=\"0\" style=\"width: 651px\">\n<tr>\n<td style=\"width: 145px\"><span style=\"font-size:16px\"><span style=\"font-family:arial,helvetica,sans-serif\">Item No.<\/span><\/span><\/td>\n<td style=\"width: 501px\">KD089CE<\/td>\n<\/tr>\n<tr>\n<td style=\"width: 145px\"><span style=\"font-size:16px\"><span style=\"font-family:arial,helvetica,sans-serif\">Nome do produto<\/span><\/span><\/td>\n<td style=\"width: 501px\"><span style=\"font-size: 16px\"><span style=\"font-family: arial, helvetica, sans-serif\">Piercing Jewelry Nose Screw<\/span><\/span><\/td>\n<\/tr>\n<tr>\n<td style=\"width: 145px\"><span style=\"font-size:16px\"><span style=\"font-family:arial,helvetica,sans-serif\">Estilo<\/span><\/span><\/td>\n<td style=\"width: 501px\"><span style=\"font-size:16px\"><span style=\"font-family:arial,helvetica,sans-serif\">Popular \/ Moda<\/span><\/span><\/td>\n<\/tr>\n<tr>\n<td style=\"width: 145px\"><span style=\"font-size:16px\"><span style=\"font-family:arial,helvetica,sans-serif\">Material<\/span><\/span><\/td>\n<td style=\"width: 501px\"><span style=\"font-size:16px\"><span style=\"font-family:arial,helvetica,sans-serif\">Ouro amarelo de 18K&nbsp;<\/span><\/span><\/td>\n<\/tr>\n<tr>\n<td style=\"width: 145px\"><span style=\"font-size:16px\"><span style=\"font-family:arial,helvetica,sans-serif\">Tipo de defini\u00e7\u00e3o<\/span><\/span><\/td>\n<td style=\"width: 501px\"><span style=\"font-size:16px\"><span style=\"font-family:arial,helvetica,sans-serif\">Fixa\u00e7\u00e3o do pino<\/span><\/span><\/td>\n<\/tr>\n<tr>\n<td style=\"width: 145px\"><span style=\"font-size:16px\"><span style=\"font-family:arial,helvetica,sans-serif\">G\u00e9nero<\/span><\/span><\/td>\n<td style=\"width: 501px\"><span style=\"font-size:16px\"><span style=\"font-family:arial,helvetica,sans-serif\">Women\/Ladies<\/span><\/span><\/td>\n<\/tr>\n<tr>\n<td style=\"width: 145px\"><font face=\"arial, helvetica, sans-serif\"><span style=\"font-size: 16px\">Tamanho da pedra<\/span><\/font><\/td>\n<td style=\"width: 501px\"><span style=\"font-size:16px\"><span style=\"font-family:arial,helvetica,sans-serif\">&nbsp;1.5mm-3.0mm available size<\/span><\/span><\/td>\n<\/tr>\n<tr>\n<td style=\"width: 145px\"><span style=\"font-size:16px\"><span style=\"font-family:arial,helvetica,sans-serif\">Personalizar:&nbsp;<\/span><\/span><\/td>\n<td style=\"width: 501px\"><span style=\"font-size:16px\"><span style=\"font-family:arial,helvetica,sans-serif\">18K Yellow Gold Nose Piercing<\/span><\/span><\/td>\n<\/tr>\n<tr>\n<td style=\"width: 145px\"><span style=\"font-size:16px\"><span style=\"font-family:arial,helvetica,sans-serif\">Ocasi\u00e3o<\/span><\/span><\/td>\n<td style=\"width: 501px\"><span style=\"font-size:16px\"><span style=\"font-family:arial,helvetica,sans-serif\">Anivers\u00e1rio, Noivado, Prenda, Festa, Casamento<\/span><\/span><\/td>\n<\/tr>\n<\/table>\n<p>&nbsp;<\/p>\n<p style=\"padding: 0px;border: 0px;font-family: arial\"><span style=\"font-size:16px\"><span style=\"font-family:arial,helvetica,sans-serif\">1: Gemstone: Natural blue topaz, amethyst, garnet , peridot etc.<\/span><\/span><\/p>\n<p style=\"padding: 0px;border: 0px;font-family: arial\"><span style=\"font-size:16px\"><span style=\"font-family:arial,helvetica,sans-serif\">2: Stone size: 1.5-3.0mm all available<\/span><\/span><\/p>\n<p style=\"padding: 0px;border: 0px;font-family: arial\"><span style=\"font-size:16px\"><span style=\"font-family:arial,helvetica,sans-serif\">3:&nbsp;<\/span><\/span>Gauge size&nbsp;:0.6mm<\/p>\n<p style=\"padding: 0px;border: 0px;font-family: arial\">4: All details according customer&#039;s request.<\/p>\n<p style=\"padding: 0px;border: 0px;font-family: arial\"><span style=\"font-size:14px\"><span style=\"font-family:arial,helvetica,sans-serif\">Vantagem: <\/span><\/span><\/p>\n<p style=\"padding: 0px;border: 0px;font-family: arial\"><span style=\"font-size:14px\"><span style=\"font-family:arial,helvetica,sans-serif\"><span style=\"text-align: justify\">Wearing a gold nose stud or gold nose pin has always been in vogue. It&rsquo;s the simplest way to draw everyone&rsquo;s attention towards your beautiful facial contours. A gold nose stud is a bold statement. It speaks of your confident personality, without using too many words. Not only has it symbolized Indian beauty in the past, but it has also gained popularity in the western world<\/span><\/span><\/span><\/p>\n<p style=\"padding: 0px;border: 0px;font-family: arial\"><span style=\"font-family: arial;font-size: 16px\"><span style=\"font-family:arial,helvetica,sans-serif\"><b><span>Apresenta\u00e7\u00e3o do produto:<\/span><\/b><\/span><\/span><br \/><img decoding=\"async\" src=\"https:\/\/www.gold-jewellerys.com\/test\/gold-jewellerys.com\/photo\/pl36946748-remark.jpg\"><\/p>\n<p style=\"padding: 0px;border: 0px\"><img decoding=\"async\" src=\"https:\/\/www.gold-jewellerys.com\/test\/gold-jewellerys.com\/photo\/pl36946699-remark.jpg\"><img decoding=\"async\" src=\"https:\/\/www.gold-jewellerys.com\/test\/gold-jewellerys.com\/photo\/pl36946700-remark.jpg\"><br \/><span style=\"font-size:14px\"><span style=\"font-family: arial\"><span style=\"font-family:arial,helvetica,sans-serif\"><b>Porqu\u00ea escolher-nos:<\/b><\/span><\/span><\/span><br \/><span style=\"font-size:14px\"><span style=\"font-family: arial\">1: A K-Gold tem cerca de 21 anos de experi\u00eancia na \u00e1rea da joalharia e 17 anos de experi\u00eancia de produ\u00e7\u00e3o.<\/span><br \/><span style=\"font-family: arial\">2: Tamb\u00e9m a nossa equipa profissional de I &amp; D para garantir que os nossos produtos est\u00e3o constantemente actualizados e \u00e0 frente da ind\u00fastria. Assim, temos mais de 30000 designs diferentes e mais de 46 colec\u00e7\u00f5es que podem satisfazer os diferentes pedidos do mercado.<\/span><br \/><span style=\"font-family: arial\">3: Para itens personalizados, pode obter CAD no mesmo dia ou no dia seguinte para confirmar os dados antes do in\u00edcio da encomenda.<\/span><br \/><span style=\"font-family: arial\">4: O objetivo da K-gold \u00e9 fornecer aos clientes os produtos certos ao pre\u00e7o certo e entregar a tempo.<\/span><br \/><span style=\"font-family: arial\">&nbsp; Dispomos de uma poderosa equipa de servi\u00e7o de apoio ao cliente que acompanha todo o processo de venda, ajudando-o em caso de d\u00favidas,<\/span><br \/><span style=\"font-family: arial\">&nbsp; desde a conce\u00e7\u00e3o CAD at\u00e9 \u00e0 entrega.<\/span><\/span><\/p>\n<p style=\"padding: 0px;border: 0px\"><b><span style=\"font-family:arial,helvetica,sans-serif\">K Gold Factory Show:<\/span><\/b><\/p>\n<p style=\"padding: 0px;border: 0px\"><img decoding=\"async\" src=\"https:\/\/www.gold-jewellerys.com\/test\/gold-jewellerys.com\/photo\/pl36906271-remark.jpg\"><img decoding=\"async\" src=\"https:\/\/www.gold-jewellerys.com\/test\/gold-jewellerys.com\/photo\/pl36906274-remark.jpg\"><\/p>\n<p style=\"padding: 0px;border: 0px\"><span style=\"font-size:14px\"><span style=\"font-family:arial,helvetica,sans-serif\">O objetivo da K-gold \u00e9 fornecer aos clientes os produtos certos ao pre\u00e7o certo e entregar a tempo. Temos uma poderosa equipa de servi\u00e7o ao cliente que acompanha todo o processo de vendas, ajuda-o em qualquer quest\u00e3o, desde o design CAD at\u00e9 \u00e0 entrega.<\/span><\/span><\/p>\n<p style=\"padding: 0px;border: 0px\"><span style=\"font-size:14px\"><span style=\"font-family:arial,helvetica,sans-serif\">K-gold Jewelry sincerely looking forward to working with customer all over the world, Let our the business grow up together.<\/span><\/span><\/p>\n<p style=\"padding: 0px;border: 0px\"><span style=\"font-family: arial;font-size: 14px\">Pessoa de contacto: Cherry Lee<br \/>WhatsApp: +86-18520267369 \/ Tell:+8618520267369<br \/>Correio eletr\u00f3nico:<br \/>S\u00edtio Web:<\/span><\/p>\n<p style=\"padding: 0px;border: 0px;font-family: arial\">&nbsp;<\/p>\n<p style=\"padding: 0px;border: 0px;font-family: arial\"><span>FAQ:<\/span><br style=\"font-family: arial\" \/><span>Q1: Como \u00e9 que podemos obter o pre\u00e7o?<\/span><br style=\"font-family: arial\" \/><span>Convidamo-lo a contactar-nos atrav\u00e9s do whatsapp. Basta enviar-nos as fotografias dos artigos que pretende e depois indicar-lhe-emos os pre\u00e7os o mais rapidamente poss\u00edvel.<\/span><\/p>\n<p style=\"padding: 0px;border: 0px;font-family: arial\">Q2: What&#039;s the MOQ?<br \/>The MOQ is 5pcs per style, if you can do 3pcs per style, the price will more best..<br \/>&nbsp;<br \/>Q3: Do you offer certifications&nbsp;?<br \/>sim, podemos oferecer as certifica\u00e7\u00f5es GIA, GRA. .<br \/>&nbsp;<\/p>\n<p style=\"padding: 0px;border: 0px;font-family: arial\">Q4: Q:Can I order 9K or 10K gold instead of 18K?<br \/>R: Sim, claro que pode, o MOQ apenas 5 pcs para j\u00f3ias de 9K ou 10k<br \/>&nbsp;<br \/>Q5. QCan you do 1:1 same as the original brand jewelry designs?<br \/>Sim, todas as j\u00f3ias da marca s\u00e3o feitas 1:1 da mesma forma que os desenhos originais.<\/p>\n<p style=\"padding: 0px;border: 0px;font-family: arial\">&nbsp;<\/p>\n<p style=\"padding: 0px;border: 0px;font-family: arial\">Q6: Can I Customized My Own Designs?<\/p>\n<p style=\"padding: 0px;border: 0px;font-family: arial\">You are welcome to design your own jewelry or your brand, provide your design photos and details we can draw CAD for you before to production.<\/p>\n<p style=\"padding: 0px;border: 0px;font-family: arial\">&nbsp;<\/p><\/p>","protected":false},"excerpt":{"rendered":"<br \/>\n<table class=\"tables data\" width=\"100%\" border=\"0\" cellpadding=\"0\" cellspacing=\"0\">\n<tbody>\n<tr>\n<th width=\"35%\">Local de origem:<\/th>\n<td>China<\/td>\n<\/tr>\n<tr>\n<th width=\"35%\">Nome da marca:<\/th>\n<td>Marca de luxo<\/td>\n<\/tr>\n<tr>\n<th width=\"35%\">Certifica\u00e7\u00e3o:<\/th>\n<td>Certificado de joalharia<\/td>\n<\/tr>\n<tr>\n<th width=\"35%\">N\u00famero do modelo:<\/th>\n<td>KD089CE<\/td>\n<\/tr>\n<\/tbody>\n<\/table>\n<p>                                                                            <span class=\"title_s\">Condi\u00e7\u00f5es de pagamento e envio:<\/span>                            <\/p>\n<table class=\"tables data\" width=\"100%\" border=\"0\" cellpadding=\"0\" cellspacing=\"0\">\n<tbody>\n<tr>\n<th width=\"35%\" nowrap=\"nowrap\">Quantidade m\u00ednima de encomenda:<\/th>\n<td>5<\/td>\n<\/tr>\n<tr>\n<th width=\"35%\" nowrap=\"nowrap\">Pre\u00e7o:<\/th>\n<td>Negoci\u00e1vel<\/td>\n<\/tr>\n<tr>\n<th width=\"35%\" nowrap=\"nowrap\">Detalhes da embalagem:<\/th>\n<td>Embalagem de caixa de oferta original da marca<\/td>\n<\/tr>\n<tr>\n<th width=\"35%\" nowrap=\"nowrap\">Prazo de entrega:<\/th>\n<td>5-15 dias \u00fateis<\/td>\n<\/tr>\n<tr>\n<th width=\"35%\" nowrap=\"nowrap\">Condi\u00e7\u00f5es de pagamento:<\/th>\n<td>T\/T, Western Union<\/td>\n<\/tr>\n<tr>\n<th width=\"35%\" nowrap=\"nowrap\">Capacidade de fornecimento:<\/th>\n<td>1000pcs\/m\u00eas<\/td>\n<\/tr>\n<\/tbody>\n<\/table>","protected":false},"featured_media":6631,"comment_status":"closed","ping_status":"closed","template":"","meta":{"_gspb_post_css":""},"product_brand":[],"product_cat":[30],"product_tag":[],"class_list":{"0":"post-6635","1":"product","2":"type-product","3":"status-publish","4":"has-post-thumbnail","6":"product_cat-silver-bead-charms","8":"first","9":"instock","10":"shipping-taxable","11":"product-type-simple"},"aioseo_notices":[],"_links":{"self":[{"href":"https:\/\/dearjewelry.ltd\/pt\/wp-json\/wp\/v2\/product\/6635","targetHints":{"allow":["GET"]}}],"collection":[{"href":"https:\/\/dearjewelry.ltd\/pt\/wp-json\/wp\/v2\/product"}],"about":[{"href":"https:\/\/dearjewelry.ltd\/pt\/wp-json\/wp\/v2\/types\/product"}],"replies":[{"embeddable":true,"href":"https:\/\/dearjewelry.ltd\/pt\/wp-json\/wp\/v2\/comments?post=6635"}],"wp:featuredmedia":[{"embeddable":true,"href":"https:\/\/dearjewelry.ltd\/pt\/wp-json\/wp\/v2\/media\/6631"}],"wp:attachment":[{"href":"https:\/\/dearjewelry.ltd\/pt\/wp-json\/wp\/v2\/media?parent=6635"}],"wp:term":[{"taxonomy":"product_brand","embeddable":true,"href":"https:\/\/dearjewelry.ltd\/pt\/wp-json\/wp\/v2\/product_brand?post=6635"},{"taxonomy":"product_cat","embeddable":true,"href":"https:\/\/dearjewelry.ltd\/pt\/wp-json\/wp\/v2\/product_cat?post=6635"},{"taxonomy":"product_tag","embeddable":true,"href":"https:\/\/dearjewelry.ltd\/pt\/wp-json\/wp\/v2\/product_tag?post=6635"}],"curies":[{"name":"wp","href":"https:\/\/api.w.org\/{rel}","templated":true}]}}