{"id":6122,"date":"2025-07-13T10:49:28","date_gmt":"2025-07-13T10:49:28","guid":{"rendered":"https:\/\/dearjewelry.ltd\/product\/tear-drop-key-charm-greek-opal-jewelry-47x27mm-925-sterling-silver-rhodium\/"},"modified":"2025-07-13T10:49:28","modified_gmt":"2025-07-13T10:49:28","slug":"tear-drop-key-charm-greek-opal-jewelry-47x27mm-925-sterling-silver-rhodium","status":"publish","type":"product","link":"https:\/\/dearjewelry.ltd\/pt\/product\/tear-drop-key-charm-greek-opal-jewelry-47x27mm-925-sterling-silver-rhodium\/","title":{"rendered":"Chave com l\u00e1grima Charm Opala Grega J\u00f3ias 47x27mm 925 Sterling Silver Rhodium"},"content":{"rendered":"<h2>Chave com l\u00e1grima Charm Opala Grega J\u00f3ias 47x27mm 925 Sterling Silver Rhodium<\/h2>\n<p> Descri\u00e7\u00e3o<\/p>\n<table cellpadding=\"0\" cellspacing=\"0\" class=\"details_table\">\n<tbody>\n<tr>\n<th>Material:<\/th>\n<td>Prata de lei<\/td>\n<th>Tipo de j\u00f3ias:<\/th>\n<td>Anel de opala azul<\/td>\n<\/tr>\n<tr class=\"bg_gray\">\n<th>Forma:<\/th>\n<td>Outros<\/td>\n<th>Tipo de configura\u00e7\u00e3o:<\/th>\n<td>Ajuste da m\u00e3o<\/td>\n<\/tr>\n<tr>\n<th>Ocasi\u00e3o:<\/th>\n<td>Noivado, Prenda, Festa, Casamento, Anivers\u00e1rio,<\/td>\n<th>Pedra principal:<\/th>\n<td>Opala azul<\/td>\n<\/tr>\n<tr class=\"bg_gray\">\n<th>Cor:<\/th>\n<td>Azul<\/td>\n<\/tr>\n<tr>\n<th colspan=\"1\">Luz alta:<\/th>\n<td colspan=\"3\">\n<h2 style='font-weight: bold;font-size: 14px'>Rhodium Greek Opal Jewelry<\/h2>\n<p>, <\/p>\n<h2 style='font-weight: bold;font-size: 14px'>1.9&#215;1.1in Opal Teardrop Pendant<\/h2>\n<\/td>\n<\/tr>\n<\/tbody>\n<\/table>\n<p><p><span style=\"font-size:16px\"><strong>High Quality Opal Jewelry Greek Key Design Meandros Opal Pendant Necklace With 925 Sterling Silver<\/strong><\/span><\/p>\n<table border=\"1\" cellpadding=\"0\" cellspacing=\"0\" style=\"width: 579px\">\n<tbody>\n<tr>\n<td style=\"width: 147px\">Item No.<\/td>\n<td style=\"width: 423px\">KD767P<\/td>\n<\/tr>\n<tr>\n<td style=\"width: 147px\">Nome do produto<\/td>\n<td style=\"width: 423px\">Blue Opal Stone Pendant<\/td>\n<\/tr>\n<tr>\n<td style=\"width: 147px\">Estilo<\/td>\n<td style=\"width: 423px\">Pendente Opala<\/td>\n<\/tr>\n<tr>\n<td style=\"width: 147px\">Material<\/td>\n<td style=\"width: 423px\">Fita esterlina<\/td>\n<\/tr>\n<tr>\n<td style=\"width: 147px\">Tipo de defini\u00e7\u00e3o<\/td>\n<td style=\"width: 423px\">Pronga de fixa\u00e7\u00e3o manual<\/td>\n<\/tr>\n<tr>\n<td style=\"width: 147px\">G\u00e9nero<\/td>\n<td style=\"width: 423px\">Mulher<\/td>\n<\/tr>\n<tr>\n<td style=\"width: 147px\">Pedra<\/td>\n<td style=\"width: 423px\">\n<p>Opala azul<\/p>\n<\/td>\n<\/tr>\n<tr>\n<td style=\"width: 147px\">Ocasi\u00e3o<\/td>\n<td style=\"width: 423px\">Anivers\u00e1rio, Noivado, Prenda, Festa, Casamento<\/td>\n<\/tr>\n<\/tbody>\n<\/table>\n<p><span style=\"font-family:arial,helvetica,sans-serif\">Detalhe da produ\u00e7\u00e3o :<br \/>\nInforma\u00e7\u00f5es sobre a pedra lateral: SQ 4x4pcs 2pcs<br \/>\nCorte m\u00e9dio : Excelente<br \/>\nTipo de engaste : Prong setting<\/span><\/p>\n<p><img decoding=\"async\" src=\"https:\/\/www.gold-jewellerys.com\/test\/gold-jewellerys.com\/photo\/pl148992271-remark.jpg\"><\/p>\n<p><span style=\"font-family:arial,helvetica,sans-serif\">Informa\u00e7\u00f5es sobre a pedra principal: Personalizar dispon\u00edvel\/o cliente fornece<br \/>\nPeso total em quilates: 1,25~+ct<\/span><\/p>\n<p><span style=\"font-family:arial,helvetica,sans-serif\">Pedra principal: SQ66MM<\/span><\/p>\n<p>&nbsp;<\/p>\n<p>O ouro de 18k \u00e9 composto por ouro 75%, que \u00e9 mais do que o teor de ouro dos an\u00e9is de ouro de 10k ou 14k. Normalmente, n\u00e3o se encontram an\u00e9is que ultrapassem os 18k, uma vez que o ouro puro \u00e9 male\u00e1vel e risca-se muito facilmente. Os nossos semi-montagens de diamantes em ouro de 18k s\u00e3o perfeitos para quem prefere um elevado teor de ouro que n\u00e3o se mancha facilmente. Oferecemos estes impressionantes semi-montagens em ouro branco, rosa e amarelo.<\/p>\n<p>&nbsp;<\/p>\n<p>&nbsp;<\/p>\n<p><span style=\"font-family:arial,helvetica,sans-serif\">Porqu\u00ea escolher-nos:<br \/>\n1: A K-Gold tem cerca de 21 anos de experi\u00eancia na \u00e1rea da joalharia e 17 anos de experi\u00eancia de produ\u00e7\u00e3o.<br \/>\n2: Tamb\u00e9m a nossa equipa profissional de I &amp; D para garantir que os nossos produtos est\u00e3o constantemente actualizados e \u00e0 frente da ind\u00fastria. Assim, temos mais de 3000 desenhos diferentes e mais de 46 colec\u00e7\u00f5es que podem satisfazer os diferentes pedidos do mercado.<br \/>\n3: Para itens personalizados, pode obter CAD no mesmo dia ou no dia seguinte para confirmar os dados antes do in\u00edcio da encomenda.<br \/>\n4: O objetivo da K-gold \u00e9 fornecer aos clientes os produtos certos ao pre\u00e7o certo e entregar a tempo.<br \/>\n5: Temos uma poderosa equipa de servi\u00e7o ao cliente que acompanha todo o processo de vendas, ajuda-o em qualquer quest\u00e3o, desde o design CAD at\u00e9 \u00e0 entrega.<br \/>\nServi\u00e7o de F\u00e1brica K-Gold:<\/span><\/p>\n<p>&nbsp;<\/p>\n<p><span style=\"font-family:arial,helvetica,sans-serif\">Processo de produ\u00e7\u00e3o de ouro K :&nbsp;<\/span><\/p>\n<p><span style=\"font-family:arial,helvetica,sans-serif\"><img decoding=\"async\" src=\"https:\/\/www.gold-jewellerys.com\/test\/gold-jewellerys.com\/photo\/pl36314863-remark.jpg\"><img decoding=\"async\" src=\"https:\/\/www.gold-jewellerys.com\/test\/gold-jewellerys.com\/photo\/pl36314865-remark.jpg\"><\/span><\/p>\n<p>&nbsp;<\/p>\n<p>&nbsp;<\/p>\n<p><span style=\"font-size:14px\">Pessoa de contacto: Nancy lee<br \/>\nWhatsApp: +86-18520267369 \/ Tell:+8618520267369<br \/>\nCorreio eletr\u00f3nico: nancy@gzkgold.com<br \/>\nS\u00edtio Web:<\/span><\/p>\n<p>&nbsp;<\/p>\n<p>FAQ:<\/p>\n<p>Q1: E quanto \u00e0 qualidade dos vossos diamantes?<\/p>\n<p>R: N\u00f3s sempre usamos diamantes naturais VS, SI G-H, se voc\u00ea quiser mudar para VVS tamb\u00e9m est\u00e3o dispon\u00edveis, podemos citar o pre\u00e7o exato accoring seu pedido.<\/p>\n<p>&nbsp;<\/p>\n<p>Q2: Podem personalizar o meu log\u00f3tipo?<br \/>\nA: Sim, absolutamente pode, por favor envie-nos o seu LOGO, n\u00f3s assinaremos livremente. Para j\u00f3ias de marca sempre com logotipo orginal,<\/p>\n<p>e se precisarem de algo mais, digam-me.<\/p>\n<p>&nbsp;<\/p>\n<p>Q3: Como \u00e9 que podemos obter o pre\u00e7o mais baixo, se mantivermos o mesmo desenho?<\/p>\n<p>R: Pode mudar para diamantes moissanite ou diamantes Lab, ou fazer 9K\/10K baixar o pre\u00e7o.<\/p>\n<p>&nbsp;<\/p>\n<p>A: Por favor, diga-me o seu pedido, em seguida, vamos dizer-lhe o pre\u00e7o do item, taxa de envio e taxa de caixa original e montante total. Pode efetuar o pagamento por Western Union \/ T\/T , ou Payoneer, processaremos e enviaremos a sua encomenda o mais rapidamente poss\u00edvel ap\u00f3s o pagamento efectuado.<\/p>\n<p>&nbsp;<\/p>\n<p>Q4: Posso obter um certificado?<\/p>\n<p>R: Sim, tem o certificado se precisar e o pre\u00e7o n\u00e3o inclui a taxa. O diamante tem certificado GIA ou n\u00e3o tem certificado.<\/p>\n<p>se me informarem porque h\u00e1 diferen\u00e7a de pre\u00e7os .<\/p>\n<p>&nbsp;<\/p>\n<p>Q5. Durante quanto tempo posso receber a minha mercadoria?<\/p>\n<p>R: A encomenda \u00e9 sempre processada ap\u00f3s o dep\u00f3sito da sua encomenda. Tempo de fabrico: 2-10 dias \u00fateis, dependendo do trabalho de design<\/p>\n<p>dificuldade, mais 3-7 dias de tempo de envio m\u00e9todo de envio expresso para todo o mundo.<\/p>\n<p>&nbsp;<\/p>\n<p>Q6: Fazem j\u00f3ias para o comprador pessoal ou apenas para o grossista?<br \/>\nR: Na verdade, estamos a fazer toda a venda para quem vende online ou tem a sua pr\u00f3pria loja para desenhos originais, para as j\u00f3ias de marca permitidas ao comprador pessoal tamb\u00e9m. Pode encomendar j\u00f3ias de marca de alta qualidade para a sua fam\u00edlia, amigos e para si pr\u00f3prio a pre\u00e7os de f\u00e1brica. Tamb\u00e9m ser\u00e1 \u00f3timo se for um revendedor de j\u00f3ias. N\u00f3s forneceremos frete gr\u00e1tis e caixas de marca originais gratuitas se voc\u00ea puder encomendar muitos itens de cada vez. Mais quantidade e melhor pre\u00e7o.&nbsp;<\/p><\/p>","protected":false},"excerpt":{"rendered":"<br \/>\n<table class=\"tables data\" width=\"100%\" border=\"0\" cellpadding=\"0\" cellspacing=\"0\">\n<tbody>\n<tr>\n<th width=\"35%\">Local de origem:<\/th>\n<td>China<\/td>\n<\/tr>\n<tr>\n<th width=\"35%\">Nome da marca:<\/th>\n<td>J\u00f3ias de ouro K<\/td>\n<\/tr>\n<tr>\n<th width=\"35%\">Certifica\u00e7\u00e3o:<\/th>\n<td>Certificado de joalharia<\/td>\n<\/tr>\n<tr>\n<th width=\"35%\">N\u00famero do modelo:<\/th>\n<td>KD766N<\/td>\n<\/tr>\n<\/tbody>\n<\/table>\n<p>                                                                            <span class=\"title_s\">Condi\u00e7\u00f5es de pagamento e envio:<\/span>                            <\/p>\n<table class=\"tables data\" width=\"100%\" border=\"0\" cellpadding=\"0\" cellspacing=\"0\">\n<tbody>\n<tr>\n<th width=\"35%\" nowrap=\"nowrap\">Quantidade m\u00ednima de encomenda:<\/th>\n<td>3<\/td>\n<\/tr>\n<tr>\n<th width=\"35%\" nowrap=\"nowrap\">Pre\u00e7o:<\/th>\n<td>Negoci\u00e1vel<\/td>\n<\/tr>\n<tr>\n<th width=\"35%\" nowrap=\"nowrap\">Detalhes da embalagem:<\/th>\n<td>Saco PP grosso padr\u00e3o, a marca vir\u00e1 com a marca Embalagem<\/td>\n<\/tr>\n<tr>\n<th width=\"35%\" nowrap=\"nowrap\">Prazo de entrega:<\/th>\n<td>5-15 dias \u00fateis<\/td>\n<\/tr>\n<tr>\n<th width=\"35%\" nowrap=\"nowrap\">Condi\u00e7\u00f5es de pagamento:<\/th>\n<td>T\/T, Western Union<\/td>\n<\/tr>\n<tr>\n<th width=\"35%\" nowrap=\"nowrap\">Capacidade de fornecimento:<\/th>\n<td>2000pcs\/m\u00eas<\/td>\n<\/tr>\n<\/tbody>\n<\/table>","protected":false},"featured_media":6116,"comment_status":"closed","ping_status":"closed","template":"","meta":{"_gspb_post_css":""},"product_brand":[],"product_cat":[29],"product_tag":[],"class_list":{"0":"post-6122","1":"product","2":"type-product","3":"status-publish","4":"has-post-thumbnail","6":"product_cat-greek-opal-jewelry","8":"first","9":"instock","10":"shipping-taxable","11":"product-type-simple"},"aioseo_notices":[],"_links":{"self":[{"href":"https:\/\/dearjewelry.ltd\/pt\/wp-json\/wp\/v2\/product\/6122","targetHints":{"allow":["GET"]}}],"collection":[{"href":"https:\/\/dearjewelry.ltd\/pt\/wp-json\/wp\/v2\/product"}],"about":[{"href":"https:\/\/dearjewelry.ltd\/pt\/wp-json\/wp\/v2\/types\/product"}],"replies":[{"embeddable":true,"href":"https:\/\/dearjewelry.ltd\/pt\/wp-json\/wp\/v2\/comments?post=6122"}],"wp:featuredmedia":[{"embeddable":true,"href":"https:\/\/dearjewelry.ltd\/pt\/wp-json\/wp\/v2\/media\/6116"}],"wp:attachment":[{"href":"https:\/\/dearjewelry.ltd\/pt\/wp-json\/wp\/v2\/media?parent=6122"}],"wp:term":[{"taxonomy":"product_brand","embeddable":true,"href":"https:\/\/dearjewelry.ltd\/pt\/wp-json\/wp\/v2\/product_brand?post=6122"},{"taxonomy":"product_cat","embeddable":true,"href":"https:\/\/dearjewelry.ltd\/pt\/wp-json\/wp\/v2\/product_cat?post=6122"},{"taxonomy":"product_tag","embeddable":true,"href":"https:\/\/dearjewelry.ltd\/pt\/wp-json\/wp\/v2\/product_tag?post=6122"}],"curies":[{"name":"wp","href":"https:\/\/api.w.org\/{rel}","templated":true}]}}