{"id":6036,"date":"2025-07-13T10:48:55","date_gmt":"2025-07-13T10:48:55","guid":{"rendered":"https:\/\/dearjewelry.ltd\/product\/oem-semi-mount-ring-settings-0-18ct-1-5mm-natural-diamond-ring\/"},"modified":"2025-07-13T10:48:55","modified_gmt":"2025-07-13T10:48:55","slug":"oem-semi-mount-ring-settings-0-18ct-1-5mm-natural-diamond-ring","status":"publish","type":"product","link":"https:\/\/dearjewelry.ltd\/pt\/product\/oem-semi-mount-ring-settings-0-18ct-1-5mm-natural-diamond-ring\/","title":{"rendered":"Configura\u00e7\u00f5es de Anel Semi Monte OEM, Anel de Diamante Natural 0.18ct 1.5mm"},"content":{"rendered":"<h2>Configura\u00e7\u00f5es de Anel Semi Monte OEM, Anel de Diamante Natural 0.18ct 1.5mm<\/h2>\n<p> Descri\u00e7\u00e3o<\/p>\n<table cellpadding=\"0\" cellspacing=\"0\" class=\"details_table\">\n<tbody>\n<tr>\n<th>Material:<\/th>\n<td>Ouro branco de 18K<\/td>\n<th>Tipo de j\u00f3ias:<\/th>\n<td>18k Semi Mount Ring Set<\/td>\n<\/tr>\n<tr class=\"bg_gray\">\n<th>Cor:<\/th>\n<td>Ouro branco de 18K<\/td>\n<th>Diamond Clarity:<\/th>\n<td>Vs1-Si2<\/td>\n<\/tr>\n<tr>\n<th>Diamond Color:<\/th>\n<td>F-H<\/td>\n<th>Tamanho do anel:<\/th>\n<td>Any Size Are Available #4~#12<\/td>\n<\/tr>\n<tr class=\"bg_gray\">\n<th>MOQ:<\/th>\n<td>2 Pcs<\/td>\n<th>Personalizar:<\/th>\n<td>Dispon\u00edvel Personalizar<\/td>\n<\/tr>\n<tr>\n<th colspan=\"1\">Luz alta:<\/th>\n<td colspan=\"3\">\n<h2 style='font-weight: bold;font-size: 14px'>OEM Semi Mount Ring Settings<\/h2>\n<p>, <\/p>\n<h2 style='font-weight: bold;font-size: 14px'>1.5mm Semi Mount Ring Settings<\/h2>\n<p>, <\/p>\n<h2 style='font-weight: bold;font-size: 14px'>0.18ct  Natural Diamond Ring<\/h2>\n<\/td>\n<\/tr>\n<\/tbody>\n<\/table>\n<p><p><strong><span style=\"font-size:16px\"><span style=\"font-family:arial,helvetica,sans-serif\">0.18ct Natural Diamond Semi Mount Bend Ring Set In 18k White Gold<\/span><\/span><\/strong><\/p>\n<table border=\"1\" cellpadding=\"0\" cellspacing=\"0\" style=\"width: 533px\">\n<tbody>\n<tr>\n<td style=\"width: 151px\"><span style=\"font-size:14px\">Item No.<\/span><\/td>\n<td style=\"width: 373px\"><span style=\"font-size:14px\">K3588R<\/span><\/td>\n<\/tr>\n<tr>\n<td style=\"width: 151px\"><span style=\"font-size:14px\">Nome do produto<\/span><\/td>\n<td style=\"width: 373px\"><span style=\"font-size:14px\">18k White Gold Semi Mount Ring&nbsp;<\/span><\/td>\n<\/tr>\n<tr>\n<td style=\"width: 151px\"><span style=\"font-size:14px\">Material<\/span><\/td>\n<td style=\"width: 373px\"><span style=\"font-size:14px\">Solid 18k White Gold Ring<\/span><\/td>\n<\/tr>\n<tr>\n<td style=\"width: 151px\"><span style=\"font-size:14px\">Tipo de defini\u00e7\u00e3o<\/span><\/td>\n<td style=\"width: 373px\"><span style=\"font-size:14px\">Pronga de fixa\u00e7\u00e3o manual<\/span><\/td>\n<\/tr>\n<tr>\n<td style=\"width: 151px\"><span style=\"font-size:14px\">G\u00e9nero<\/span><\/td>\n<td style=\"width: 373px\"><span style=\"font-size:14px\">Ladies\/ Women<\/span><\/td>\n<\/tr>\n<tr>\n<td style=\"width: 151px\"><span style=\"font-size:14px\"><span style=\", Helvetica, Arial, sans-serif\">Diamonds Clarity<\/span><\/span><\/td>\n<td style=\"width: 373px\"><span style=\"font-size:14px\">Natural Diamond VS1-SI1<\/span><\/td>\n<\/tr>\n<tr>\n<td style=\"width: 151px\"><span style=\"font-size:14px\">Diamonds number<\/span><\/td>\n<td style=\"width: 373px\"><span style=\"font-size:14px\">Dia1.5mm 34pcs 0.18ct<\/span><\/td>\n<\/tr>\n<tr>\n<td style=\"width: 151px\"><span style=\"font-size:14px\">Ocasi\u00e3o<\/span><\/td>\n<td style=\"width: 373px\"><span style=\"font-size:14px\">Anivers\u00e1rio, Noivado, Prenda, Festa, Casamento<\/span><\/td>\n<\/tr>\n<tr>\n<td style=\"width: 151px\"><span style=\"font-size:14px\">Tamanho do anel<\/span><\/td>\n<td style=\"width: 373px\"><span style=\"font-size:14px\">Any size are available #4~#12 , according your request<\/span><\/td>\n<\/tr>\n<\/tbody>\n<\/table>\n<p><span style=\"font-size:14px\">1: Dia 1.5mm 34pcs 0.18ct<br \/>\n2: C\u00f3digo de classifica\u00e7\u00e3o da cor do diamante: F-H<br \/>\n3: Diamond Clarity Rating Code:Vs1-Si2<br \/>\n4: Forma do diamante: Redondo<br \/>\n5: Set in 18k White Gold<br \/>\n6: Foto tirada por telefone, os itens reais da qualidade mais brilho.<br \/>\n7: Quase todas as pedras preciosas foram tratadas para real\u00e7ar a sua beleza e requerem cuidados especiais.<\/span><\/p>\n<p>&nbsp;<\/p>\n<p>About this item:<\/p>\n<p><span style=\"font-size:14px\"><span style=\"font-family:arial,helvetica,sans-serif\">\u200b1:&nbsp;<\/span><\/span><span style=\"font-size:14px\"><span style=\"font-family:arial,helvetica,sans-serif\">High Quality Polished&nbsp;<\/span><\/span><\/p>\n<p><span style=\"font-size:14px\"><span style=\"font-family:arial,helvetica,sans-serif\">2: Brilliant Diamond&nbsp;<\/span><\/span><\/p>\n<p><span style=\"font-size:14px\"><span style=\"font-family:arial,helvetica,sans-serif\">3: About metal Can make 10k ,14k,18k etc&nbsp;<\/span><\/span><\/p>\n<p><span style=\"font-size:14px\">4: About the main stones if&nbsp;you&nbsp;ship to us we can&nbsp;help to set it is fine, and otherwise we only ship the mountings then you will set by yourself.<\/span><\/p>\n<p>&nbsp;<\/p>\n<p><strong><span style=\"font-family: arial, helvetica, sans-serif\">Why Us:<\/span><\/strong><\/p>\n<p><span style=\"font-size:14px\">K-Gold Jewelry Co., Ltd founded in 2005, is one of the most professional jewelry manufacturers in China. At present, the main products are K carat-gold (9K Gold,10KGold,14KGold 18KGold)natural diamonds (Difference grade with GIA certification ), moissanite and Lab diamond with difference certification, More other natural gemstone fine Jewelry , also Silver with 9K gold.<\/span><\/p>\n<p><span style=\"font-size:14px\">S\u00e3o cerca de 21 anos de experi\u00eancia na \u00e1rea da joalharia e 17 anos de experi\u00eancia na produ\u00e7\u00e3o.<\/span><\/p>\n<p>&nbsp;<\/p>\n<p><span style=\"font-size:14px\">O objetivo da K-gold \u00e9 fornecer aos clientes os produtos certos ao pre\u00e7o certo e entregar a tempo. Temos uma poderosa equipa de servi\u00e7o ao cliente que acompanha todo o processo de vendas, ajuda-o em qualquer quest\u00e3o, desde o design CAD at\u00e9 \u00e0 entrega.<\/span><\/p>\n<p>&nbsp;<\/p>\n<p><strong><span style=\"font-size:16px\">&nbsp;K Gold process:&nbsp;<\/span><\/strong><\/p>\n<p><img decoding=\"async\" src=\"https:\/\/www.gold-jewellerys.com\/test\/gold-jewellerys.com\/photo\/pl36932971-remark.jpg\"><img decoding=\"async\" src=\"https:\/\/www.gold-jewellerys.com\/test\/gold-jewellerys.com\/photo\/pl36932970-remark.jpg\"><img decoding=\"async\" src=\"https:\/\/www.gold-jewellerys.com\/test\/gold-jewellerys.com\/photo\/pl36906272-remark.jpg\"><\/p>\n<p>&nbsp;<\/p>\n<p><span style=\"font-size:14px\">Pessoa de contacto: Nancy lee<br \/>\nWhatsApp: +86-18520267369 \/ Tell:+8618520267369<br \/>\nCorreio eletr\u00f3nico: nancy@gzkgold.com<br \/>\nS\u00edtio Web:<\/span><\/p>\n<p>&nbsp;<\/p>\n<p>FAQ:<\/p>\n<p>Q1: E quanto \u00e0 qualidade dos vossos diamantes?<\/p>\n<p>R: N\u00f3s sempre usamos diamantes naturais VS, SI G-H, se voc\u00ea quiser mudar para VVS tamb\u00e9m est\u00e3o dispon\u00edveis, podemos citar o pre\u00e7o exato accoring seu pedido.<\/p>\n<p>&nbsp;<\/p>\n<p>Q2: Podem personalizar o meu log\u00f3tipo?<br \/>\nA: Sim, absolutamente pode, por favor envie-nos o seu LOGO, n\u00f3s assinaremos livremente. Para j\u00f3ias de marca sempre com logotipo orginal,<\/p>\n<p>e se precisarem de algo mais, digam-me.<\/p>\n<p>&nbsp;<\/p>\n<p>Q3: Can I order 9K or 10K gold instead of 18K?<\/p>\n<p>A: Yes, sure you can, The MOQ only 5 pcs for 9K or 10k jewelry.<\/p>\n<p>&nbsp;<\/p>\n<p>Q4: Posso obter um certificado?<\/p>\n<p>R: Sim, tem o certificado se precisar e o pre\u00e7o n\u00e3o inclui a taxa. O diamante tem certificado GIA ou n\u00e3o tem certificado.<\/p>\n<p>se me informarem porque h\u00e1 diferen\u00e7a de pre\u00e7os .<\/p>\n<p>&nbsp;<\/p>\n<p>Q5. Durante quanto tempo posso receber a minha mercadoria?<\/p>\n<p>R: A encomenda \u00e9 sempre processada ap\u00f3s o dep\u00f3sito da sua encomenda. Tempo de fabrico: 2-10 dias \u00fateis, dependendo do trabalho de design<\/p>\n<p>dificuldade, mais 3-7 dias de tempo de envio m\u00e9todo de envio expresso para todo o mundo.<\/p>\n<p>&nbsp;<\/p>\n<p>Q6: Can I get better price if I am a wholsale buyer ?<\/p>\n<p>A5: We can offer you extra discount depends on your order. For more detail price please make an inquiry.<\/p><\/p>","protected":false},"excerpt":{"rendered":"<br \/>\n<table class=\"tables data\" width=\"100%\" border=\"0\" cellpadding=\"0\" cellspacing=\"0\">\n<tbody>\n<tr>\n<th width=\"35%\">Local de origem:<\/th>\n<td>China<\/td>\n<\/tr>\n<tr>\n<th width=\"35%\">Nome da marca:<\/th>\n<td>J\u00f3ias de ouro K<\/td>\n<\/tr>\n<tr>\n<th width=\"35%\">Certifica\u00e7\u00e3o:<\/th>\n<td>Certificado de ouro e diamante<\/td>\n<\/tr>\n<tr>\n<th width=\"35%\">N\u00famero do modelo:<\/th>\n<td>K3588R<\/td>\n<\/tr>\n<\/tbody>\n<\/table>\n<p>                                                                            <span class=\"title_s\">Condi\u00e7\u00f5es de pagamento e envio:<\/span>                            <\/p>\n<table class=\"tables data\" width=\"100%\" border=\"0\" cellpadding=\"0\" cellspacing=\"0\">\n<tbody>\n<tr>\n<th width=\"35%\" nowrap=\"nowrap\">Quantidade m\u00ednima de encomenda:<\/th>\n<td>2<\/td>\n<\/tr>\n<tr>\n<th width=\"35%\" nowrap=\"nowrap\">Pre\u00e7o:<\/th>\n<td>Negoci\u00e1vel<\/td>\n<\/tr>\n<tr>\n<th width=\"35%\" nowrap=\"nowrap\">Detalhes da embalagem:<\/th>\n<td>Saco PP grosso padr\u00e3o, a marca vir\u00e1 com a marca Embalagem<\/td>\n<\/tr>\n<tr>\n<th width=\"35%\" nowrap=\"nowrap\">Prazo de entrega:<\/th>\n<td>5-15 dias \u00fateis<\/td>\n<\/tr>\n<tr>\n<th width=\"35%\" nowrap=\"nowrap\">Condi\u00e7\u00f5es de pagamento:<\/th>\n<td>T\/T, Western Union<\/td>\n<\/tr>\n<tr>\n<th width=\"35%\" nowrap=\"nowrap\">Capacidade de fornecimento:<\/th>\n<td>2000pcs\/m\u00eas<\/td>\n<\/tr>\n<\/tbody>\n<\/table>","protected":false},"featured_media":6032,"comment_status":"closed","ping_status":"closed","template":"","meta":{"_gspb_post_css":""},"product_brand":[],"product_cat":[29],"product_tag":[],"class_list":{"0":"post-6036","1":"product","2":"type-product","3":"status-publish","4":"has-post-thumbnail","6":"product_cat-greek-opal-jewelry","8":"first","9":"instock","10":"shipping-taxable","11":"product-type-simple"},"aioseo_notices":[],"_links":{"self":[{"href":"https:\/\/dearjewelry.ltd\/pt\/wp-json\/wp\/v2\/product\/6036","targetHints":{"allow":["GET"]}}],"collection":[{"href":"https:\/\/dearjewelry.ltd\/pt\/wp-json\/wp\/v2\/product"}],"about":[{"href":"https:\/\/dearjewelry.ltd\/pt\/wp-json\/wp\/v2\/types\/product"}],"replies":[{"embeddable":true,"href":"https:\/\/dearjewelry.ltd\/pt\/wp-json\/wp\/v2\/comments?post=6036"}],"wp:featuredmedia":[{"embeddable":true,"href":"https:\/\/dearjewelry.ltd\/pt\/wp-json\/wp\/v2\/media\/6032"}],"wp:attachment":[{"href":"https:\/\/dearjewelry.ltd\/pt\/wp-json\/wp\/v2\/media?parent=6036"}],"wp:term":[{"taxonomy":"product_brand","embeddable":true,"href":"https:\/\/dearjewelry.ltd\/pt\/wp-json\/wp\/v2\/product_brand?post=6036"},{"taxonomy":"product_cat","embeddable":true,"href":"https:\/\/dearjewelry.ltd\/pt\/wp-json\/wp\/v2\/product_cat?post=6036"},{"taxonomy":"product_tag","embeddable":true,"href":"https:\/\/dearjewelry.ltd\/pt\/wp-json\/wp\/v2\/product_tag?post=6036"}],"curies":[{"name":"wp","href":"https:\/\/api.w.org\/{rel}","templated":true}]}}