{"id":5963,"date":"2025-07-13T10:48:24","date_gmt":"2025-07-13T10:48:24","guid":{"rendered":"https:\/\/dearjewelry.ltd\/product\/cushion-cut-semi-mount-ring-settings-0-46ct-18k-white-gold-promise-ring-oem-odm\/"},"modified":"2025-07-13T10:48:24","modified_gmt":"2025-07-13T10:48:24","slug":"cushion-cut-semi-mount-ring-settings-0-46ct-18k-white-gold-promise-ring-oem-odm","status":"publish","type":"product","link":"https:\/\/dearjewelry.ltd\/pt\/product\/cushion-cut-semi-mount-ring-settings-0-46ct-18k-white-gold-promise-ring-oem-odm\/","title":{"rendered":"Anel de Promessa em Ouro Branco 18K, 0.46ct OEM ODM"},"content":{"rendered":"<h2>Anel de Promessa em Ouro Branco 18K, 0.46ct OEM ODM<\/h2>\n<p> Descri\u00e7\u00e3o<\/p>\n<table cellpadding=\"0\" cellspacing=\"0\" class=\"details_table\">\n<tbody>\n<tr>\n<th>Material:<\/th>\n<td>14K Gold\/18K Gold<\/td>\n<th>Tipo de j\u00f3ias:<\/th>\n<td>Diamond Semi-Mounts<\/td>\n<\/tr>\n<tr class=\"bg_gray\">\n<th>Pedra min\u00fascula:<\/th>\n<td>Diamante natural<\/td>\n<th>Cortar:<\/th>\n<td>Excelente<\/td>\n<\/tr>\n<tr>\n<th>Forma:<\/th>\n<td>Redondo<\/td>\n<th>Tipo de configura\u00e7\u00e3o:<\/th>\n<td>Fixa\u00e7\u00e3o do pino<\/td>\n<\/tr>\n<tr class=\"bg_gray\">\n<th>Tamanho do anel:<\/th>\n<td>#5#6#7#8#9 Accept Customize<\/td>\n<th>Ocasi\u00e3o:<\/th>\n<td>Anivers\u00e1rio, Noivado, Prenda, Festa, Casamento<\/td>\n<\/tr>\n<tr>\n<th colspan=\"1\">Luz alta:<\/th>\n<td colspan=\"3\">\n<h2 style='font-weight: bold;font-size: 14px'>0.46ct Semi Mount Ring Settings<\/h2>\n<p>, <\/p>\n<h2 style='font-weight: bold;font-size: 14px'>OEM Semi Mount Ring Settings<\/h2>\n<p>, <\/p>\n<h2 style='font-weight: bold;font-size: 14px'>ODM 18K White Gold Promise Ring<\/h2>\n<\/td>\n<\/tr>\n<\/tbody>\n<\/table>\n<p><p><strong><span style=\"font-size:16px\"><span style=\"font-family:arial,helvetica,sans-serif\">Descri\u00e7\u00e3o do produto:<\/span>18K White Gold Semi Mount Cushion Cut 0.46ct Natural Diamond Promise Ring<\/span><\/strong><\/p>\n<table border=\"1\" cellpadding=\"0\" cellspacing=\"0\" style=\"width: 767px\">\n<tbody>\n<tr>\n<td style=\"width: 151px\">Item No.<\/td>\n<td style=\"width: 609px\">K3573R<\/td>\n<\/tr>\n<tr>\n<td style=\"width: 151px\">Nome do produto<\/td>\n<td style=\"width: 609px\">18K White Gold Semi mount ring<\/td>\n<\/tr>\n<tr>\n<td style=\"width: 151px\">Estilo<\/td>\n<td style=\"width: 609px\">Anel de noivado<\/td>\n<\/tr>\n<tr>\n<td style=\"width: 151px\">Material<\/td>\n<td style=\"width: 609px\">Ouro branco de 18K&nbsp;<\/td>\n<\/tr>\n<tr>\n<td style=\"width: 151px\">Tipo de defini\u00e7\u00e3o<\/td>\n<td style=\"width: 609px\">Pronga de fixa\u00e7\u00e3o manual<\/td>\n<\/tr>\n<tr>\n<td style=\"width: 151px\">G\u00e9nero<\/td>\n<td style=\"width: 609px\">Mulher<\/td>\n<\/tr>\n<tr>\n<td style=\"width: 151px\">Pedra min\u00fascula<\/td>\n<td style=\"width: 609px\">Diamante natural<\/td>\n<\/tr>\n<tr>\n<td style=\"width: 151px\">Pedra principal<\/td>\n<td style=\"width: 609px\">Accept customize\/Customer offer available, Cushion Cut 5X5mm<\/td>\n<\/tr>\n<tr>\n<td style=\"width: 151px\">Dimens\u00e3o<\/td>\n<td style=\"width: 609px\">Dia 35 pcs 0.46ct<\/td>\n<\/tr>\n<tr>\n<td style=\"width: 151px\">Ocasi\u00e3o<\/td>\n<td style=\"width: 609px\">Anivers\u00e1rio, Noivado, Prenda, Festa, Casamento<\/td>\n<\/tr>\n<tr>\n<td style=\"width: 151px\">Tamanho do anel<\/td>\n<td style=\"width: 609px\">Qualquer tamanho dispon\u00edvel #4#5,#6#7#8#9#10#11#12<\/td>\n<\/tr>\n<\/tbody>\n<\/table>\n<p>&nbsp;<\/p>\n<p>Detalhe da produ\u00e7\u00e3o :<br \/>\nTiny Diamond Information: 3*3MM,2.75MM,1.3MM<br \/>\nNumber of Diamonds&nbsp; :35pcs<br \/>\nTotal Carat Weight:0.46ct<br \/>\nAverage Color: D\/F<br \/>\nAverage Clarity :VS-S1<br \/>\nCorte m\u00e9dio : Excelente<br \/>\nSetting Type : Prong setting\/Bezel Setting<\/p>\n<p>\nMain Stone Information: Customize available\/Customer offer<br \/>\nTotal Carat Weight: 0.75~1ct<\/p>\n<p>Size : Manin stone 5*5MM<\/p>\n<p>&nbsp;<\/p>\n<p><span style=\"font-size:14px\"><span style=\"font-family:arial,helvetica,sans-serif\">O ouro de 18k \u00e9 composto por ouro 75%, que \u00e9 mais do que o teor de ouro dos an\u00e9is de ouro de 10k ou 14k. Normalmente, n\u00e3o se encontram an\u00e9is que ultrapassem os 18k, uma vez que o ouro puro \u00e9 male\u00e1vel e risca-se muito facilmente. Os nossos semi-montagens de diamantes em ouro de 18k s\u00e3o perfeitos para quem prefere um elevado teor de ouro que n\u00e3o se mancha facilmente. Oferecemos estes impressionantes semi-montagens em ouro branco, rosa e amarelo.<\/span><\/span><\/p>\n<p>&nbsp;<\/p>\n<p><span style=\"font-size:14px\"><span style=\"font-family:arial,helvetica,sans-serif\">These diamond semi-mounts go big with diamond inlaid shanks and dramatic center stones. This collection offers many different halo options, some even designed with a double halo. One stunning halo ring features baguette and round diamonds pave and channel set in the shank. The surrounding halo also features gorgeous round white diamonds. A double halo sits atop another ring, with a split shank adorned in round white diamonds. The ring&#039;s filigree gives it an artistic flair, making for a truly unique piece.<\/span><\/span><\/p>\n<p>\n<span style=\"font-size:14px\"><span style=\"font-family:arial,helvetica,sans-serif\">Porqu\u00ea escolher-nos:<\/span><\/span><br \/>\n<span style=\"font-size:14px\"><span style=\"font-family:arial,helvetica,sans-serif\">1: A K-Gold tem cerca de 21 anos de experi\u00eancia na \u00e1rea da joalharia e 17 anos de experi\u00eancia de produ\u00e7\u00e3o.<\/span><\/span><br \/>\n<span style=\"font-size:14px\"><span style=\"font-family:arial,helvetica,sans-serif\">2: Tamb\u00e9m a nossa equipa profissional de I &amp; D para garantir que os nossos produtos est\u00e3o constantemente actualizados e \u00e0 frente da ind\u00fastria. Assim, temos mais de 3000 desenhos diferentes e mais de 46 colec\u00e7\u00f5es que podem satisfazer os diferentes pedidos do mercado.<\/span><\/span><br \/>\n<span style=\"font-size:14px\"><span style=\"font-family:arial,helvetica,sans-serif\">3: Para itens personalizados, pode obter CAD no mesmo dia ou no dia seguinte para confirmar os dados antes do in\u00edcio da encomenda.<\/span><\/span><br \/>\n<span style=\"font-size:14px\"><span style=\"font-family:arial,helvetica,sans-serif\">4: O objetivo da K-gold \u00e9 fornecer aos clientes os produtos certos ao pre\u00e7o certo e entregar a tempo.<\/span><\/span><br \/>\n<span style=\"font-size:14px\"><span style=\"font-family:arial,helvetica,sans-serif\">5: Temos uma poderosa equipa de servi\u00e7o ao cliente que acompanha todo o processo de vendas, ajuda-o em qualquer quest\u00e3o, desde o design CAD at\u00e9 \u00e0 entrega.<\/span><\/span><br \/>\n<span style=\"font-size:14px\"><span style=\"font-family:arial,helvetica,sans-serif\">Servi\u00e7o de F\u00e1brica K-Gold:<\/span><\/span><\/p>\n<p><span style=\"font-size:14px\"><font face=\"arial, helvetica, sans-serif\"><span style=\"font-family:arial,helvetica,sans-serif\">Processo de produ\u00e7\u00e3o de ouro K :<\/span>&nbsp;<\/font><\/span><\/p>\n<p><img decoding=\"async\" src=\"https:\/\/www.gold-jewellerys.com\/test\/gold-jewellerys.com\/photo\/pl36319485-remark.jpg\"><img decoding=\"async\" src=\"https:\/\/www.gold-jewellerys.com\/test\/gold-jewellerys.com\/photo\/pl36316208-remark.jpg\"><\/p>\n<p><span style=\"font-size:14px\">Pessoa de contacto: Nancy lee<br \/>\nWhatsApp: +86-18520267369 \/ Tell:+8618520267369<br \/>\nCorreio eletr\u00f3nico: nancy@gzkgold.com<br \/>\nS\u00edtio Web:<\/span><\/p>\n<p>&nbsp;<\/p>\n<p>FAQ:<\/p>\n<p>Q1: E quanto \u00e0 qualidade dos vossos diamantes?<\/p>\n<p>R: N\u00f3s sempre usamos diamantes naturais VS, SI G-H, se voc\u00ea quiser mudar para VVS tamb\u00e9m est\u00e3o dispon\u00edveis, podemos citar o pre\u00e7o exato accoring seu pedido.<\/p>\n<p>&nbsp;<\/p>\n<p>Q2: Podem personalizar o meu log\u00f3tipo?<br \/>\nA: Sim, absolutamente pode, por favor envie-nos o seu LOGO, n\u00f3s assinaremos livremente. Para j\u00f3ias de marca sempre com logotipo orginal,<\/p>\n<p>e se precisarem de algo mais, digam-me.<\/p>\n<p>&nbsp;<\/p>\n<p>Q3: How to pay for my order?<\/p>\n<p>A: Por favor, diga-me o seu pedido, em seguida, vamos dizer-lhe o pre\u00e7o do item, taxa de envio e taxa de caixa original e montante total. Pode efetuar o pagamento por Western Union \/ T\/T , ou Payoneer, processaremos e enviaremos a sua encomenda o mais rapidamente poss\u00edvel ap\u00f3s o pagamento efectuado.<\/p>\n<p>&nbsp;<\/p>\n<p>Q4: Posso obter um certificado?<\/p>\n<p>R: Sim, tem o certificado se precisar e o pre\u00e7o n\u00e3o inclui a taxa. O diamante tem certificado GIA ou n\u00e3o tem certificado.<\/p>\n<p>se me informarem porque h\u00e1 diferen\u00e7a de pre\u00e7os .<\/p>\n<p>&nbsp;<\/p>\n<p>Q5. Durante quanto tempo posso receber a minha mercadoria?<\/p>\n<p>R: A encomenda \u00e9 sempre processada ap\u00f3s o dep\u00f3sito da sua encomenda. Tempo de fabrico: 2-10 dias \u00fateis, dependendo do trabalho de design<\/p>\n<p>dificuldade, mais 3-7 dias de tempo de envio m\u00e9todo de envio expresso para todo o mundo.<\/p>\n<p>&nbsp;<\/p>\n<p>Q6: Fazem j\u00f3ias para o comprador pessoal ou apenas para o grossista?<br \/>\nA: Actually we are make the whole sale to who sale to online or have your own shop for original designs , for the brand jewelry allowed the personal buyer too. You can order fine quality brand jewelry for your family, friends and yourself at factory prices. Even it will be great if you are a jewelry re-seller. We will provide free shipping and free original brand boxes if you can order many items each time. More quantity then best price .<\/p><\/p>","protected":false},"excerpt":{"rendered":"<br \/>\n<table class=\"tables data\" width=\"100%\" border=\"0\" cellpadding=\"0\" cellspacing=\"0\">\n<tbody>\n<tr>\n<th width=\"35%\">Local de origem:<\/th>\n<td>China<\/td>\n<\/tr>\n<tr>\n<th width=\"35%\">Nome da marca:<\/th>\n<td>J\u00f3ias de ouro K<\/td>\n<\/tr>\n<tr>\n<th width=\"35%\">Certifica\u00e7\u00e3o:<\/th>\n<td>Certificado de joalharia<\/td>\n<\/tr>\n<tr>\n<th width=\"35%\">N\u00famero do modelo:<\/th>\n<td>K3573R<\/td>\n<\/tr>\n<\/tbody>\n<\/table>\n<p>                                                                            <span class=\"title_s\">Condi\u00e7\u00f5es de pagamento e envio:<\/span>                            <\/p>\n<table class=\"tables data\" width=\"100%\" border=\"0\" cellpadding=\"0\" cellspacing=\"0\">\n<tbody>\n<tr>\n<th width=\"35%\" nowrap=\"nowrap\">Quantidade m\u00ednima de encomenda:<\/th>\n<td>3<\/td>\n<\/tr>\n<tr>\n<th width=\"35%\" nowrap=\"nowrap\">Pre\u00e7o:<\/th>\n<td>Negoci\u00e1vel<\/td>\n<\/tr>\n<tr>\n<th width=\"35%\" nowrap=\"nowrap\">Detalhes da embalagem:<\/th>\n<td>Saco PP grosso padr\u00e3o, a marca vir\u00e1 com a marca Embalagem<\/td>\n<\/tr>\n<tr>\n<th width=\"35%\" nowrap=\"nowrap\">Prazo de entrega:<\/th>\n<td>5-15 dias \u00fateis<\/td>\n<\/tr>\n<tr>\n<th width=\"35%\" nowrap=\"nowrap\">Condi\u00e7\u00f5es de pagamento:<\/th>\n<td>T\/T, Western Union<\/td>\n<\/tr>\n<tr>\n<th width=\"35%\" nowrap=\"nowrap\">Capacidade de fornecimento:<\/th>\n<td>2000pcs\/m\u00eas<\/td>\n<\/tr>\n<\/tbody>\n<\/table>","protected":false},"featured_media":5959,"comment_status":"closed","ping_status":"closed","template":"","meta":{"_gspb_post_css":""},"product_brand":[],"product_cat":[29],"product_tag":[],"class_list":{"0":"post-5963","1":"product","2":"type-product","3":"status-publish","4":"has-post-thumbnail","6":"product_cat-greek-opal-jewelry","8":"first","9":"instock","10":"shipping-taxable","11":"product-type-simple"},"aioseo_notices":[],"_links":{"self":[{"href":"https:\/\/dearjewelry.ltd\/pt\/wp-json\/wp\/v2\/product\/5963","targetHints":{"allow":["GET"]}}],"collection":[{"href":"https:\/\/dearjewelry.ltd\/pt\/wp-json\/wp\/v2\/product"}],"about":[{"href":"https:\/\/dearjewelry.ltd\/pt\/wp-json\/wp\/v2\/types\/product"}],"replies":[{"embeddable":true,"href":"https:\/\/dearjewelry.ltd\/pt\/wp-json\/wp\/v2\/comments?post=5963"}],"wp:featuredmedia":[{"embeddable":true,"href":"https:\/\/dearjewelry.ltd\/pt\/wp-json\/wp\/v2\/media\/5959"}],"wp:attachment":[{"href":"https:\/\/dearjewelry.ltd\/pt\/wp-json\/wp\/v2\/media?parent=5963"}],"wp:term":[{"taxonomy":"product_brand","embeddable":true,"href":"https:\/\/dearjewelry.ltd\/pt\/wp-json\/wp\/v2\/product_brand?post=5963"},{"taxonomy":"product_cat","embeddable":true,"href":"https:\/\/dearjewelry.ltd\/pt\/wp-json\/wp\/v2\/product_cat?post=5963"},{"taxonomy":"product_tag","embeddable":true,"href":"https:\/\/dearjewelry.ltd\/pt\/wp-json\/wp\/v2\/product_tag?post=5963"}],"curies":[{"name":"wp","href":"https:\/\/api.w.org\/{rel}","templated":true}]}}