{"id":5150,"date":"2025-07-13T10:42:51","date_gmt":"2025-07-13T10:42:51","guid":{"rendered":"https:\/\/dearjewelry.ltd\/product\/triangle-natural-moss-agate-engagement-ring-9k-gold-ring-with-diamonds-oem-odm\/"},"modified":"2025-07-13T10:42:51","modified_gmt":"2025-07-13T10:42:51","slug":"triangle-natural-moss-agate-engagement-ring-9k-gold-ring-with-diamonds-oem-odm","status":"publish","type":"product","link":"https:\/\/dearjewelry.ltd\/pt\/product\/triangle-natural-moss-agate-engagement-ring-9k-gold-ring-with-diamonds-oem-odm\/","title":{"rendered":"Anel de noivado de \u00e1gata musgo natural triangular, anel de ouro 9k com diamantes OEM ODM"},"content":{"rendered":"<h2>Anel de noivado de \u00e1gata musgo natural triangular, anel de ouro 9k com diamantes OEM ODM<\/h2>\n<p> Descri\u00e7\u00e3o<\/p>\n<table cellpadding=\"0\" cellspacing=\"0\" class=\"details_table\">\n<tbody>\n<tr>\n<th>Material:<\/th>\n<td>9K Gold\/10K Gold\/14K Gold\/18K Gold<\/td>\n<th>Tipo de j\u00f3ias:<\/th>\n<td>Lab Diamond Ring<\/td>\n<\/tr>\n<tr class=\"bg_gray\">\n<th>Pedra min\u00fascula:<\/th>\n<td>Moissanite<\/td>\n<th>Pedra principal:<\/th>\n<td>\u00c1gata musgo verde<\/td>\n<\/tr>\n<tr>\n<th>Personalizar:<\/th>\n<td>Customized Logo Accept<\/td>\n<th>Cor:<\/th>\n<td>Ouro branco \/ Ouro amarelo \/ Ouro amarelo rosa<\/td>\n<\/tr>\n<tr class=\"bg_gray\">\n<th>Ocasi\u00e3o:<\/th>\n<td>Any Occasion<\/td>\n<th>Forma da pedra:<\/th>\n<td>Traingle Shaped<\/td>\n<\/tr>\n<tr>\n<th>Tamanho da pedra principal:<\/th>\n<td>12*7MM<\/td>\n<\/tr>\n<tr class=\"bg_gray\">\n<th colspan=\"1\">Luz alta:<\/th>\n<td colspan=\"3\">\n<h2 style='font-weight: bold;font-size: 14px'>Triangle Natural Moss Agate Engagement Ring<\/h2>\n<p>, <\/p>\n<h2 style='font-weight: bold;font-size: 14px'>OEM Natural Moss Agate Engagement Ring<\/h2>\n<p>, <\/p>\n<h2 style='font-weight: bold;font-size: 14px'>ODM Triangle Diamond Ring<\/h2>\n<\/td>\n<\/tr>\n<\/tbody>\n<\/table>\n<p><p><span style=\"font-size:16px\"><strong><span style=\"font-family:arial,helvetica,sans-serif\">Descri\u00e7\u00e3o do produto:<\/span><\/strong><\/span><\/p>\n<p><span style=\"font-size:16px\">Moss agate Gemstone Triangle Shaped Lad Diamond 9K Gold Ring<\/span><\/p>\n<table border=\"1\" cellpadding=\"0\" cellspacing=\"0\" style=\"width: 576px\">\n<tbody>\n<tr>\n<td style=\"width: 126px\"><span style=\"font-size:16px\">Item No.<\/span><\/td>\n<td style=\"width: 444px\"><span style=\"font-size:16px\">KD199R<\/span><\/td>\n<\/tr>\n<tr>\n<td style=\"width: 126px\"><span style=\"font-size:16px\">Nome do produto<\/span><\/td>\n<td style=\"width: 444px\"><span style=\"font-size:16px\">Lab Diamond Gold Ring<\/span><\/td>\n<\/tr>\n<tr>\n<td style=\"width: 126px\"><span style=\"font-size:16px\">Estilo<\/span><\/td>\n<td style=\"width: 444px\"><span style=\"font-size:16px\">Daily wear Ring<\/span><\/td>\n<\/tr>\n<tr>\n<td style=\"width: 126px\"><span style=\"font-size:16px\">Material<\/span><\/td>\n<td style=\"width: 444px\"><span style=\"font-size:16px\">9K Gold<\/span><\/td>\n<\/tr>\n<tr>\n<td style=\"width: 126px\"><span style=\"font-size:16px\">Tipo de defini\u00e7\u00e3o<\/span><\/td>\n<td style=\"width: 444px\"><span style=\"font-size:16px\">Pronga de fixa\u00e7\u00e3o manual<\/span><\/td>\n<\/tr>\n<tr>\n<td style=\"width: 126px\"><span style=\"font-size:16px\">G\u00e9nero<\/span><\/td>\n<td style=\"width: 444px\"><span style=\"font-size:16px\">Mulheres<\/span><\/td>\n<\/tr>\n<tr>\n<td style=\"width: 126px\"><span style=\"font-size:16px\">Pedra min\u00fascula<\/span><\/td>\n<td style=\"width: 444px\"><span style=\"font-size:16px\">Black Mossianite<\/span><\/td>\n<\/tr>\n<tr>\n<td style=\"width: 126px\"><span style=\"font-size:16px\">Pedra principal<\/span><\/td>\n<td style=\"width: 444px\"><span style=\"font-size:16px\">\u00c1gata musgo verde<\/span><\/td>\n<\/tr>\n<tr>\n<td style=\"width: 126px\"><span style=\"font-size:16px\">Dimens\u00e3o<\/span><\/td>\n<td style=\"width: 444px\"><span style=\"font-size:16px\">RD1.35MM \/ RD1.2MM \/ PS3.25*2.15<\/span><\/td>\n<\/tr>\n<tr>\n<td style=\"width: 126px\"><span style=\"font-size:16px\">Ocasi\u00e3o<\/span><\/td>\n<td style=\"width: 444px\"><span style=\"font-size:16px\">Suit to any occassion<\/span><\/td>\n<\/tr>\n<tr>\n<td style=\"width: 126px\"><span style=\"font-size:16px\">Tamanho do anel<\/span><\/td>\n<td style=\"width: 444px\"><span style=\"font-size:16px\">Any size we can make<\/span><\/td>\n<\/tr>\n<\/tbody>\n<\/table>\n<p>\n<span style=\"font-size:16px\"><big><small><span class=\"marker\"><strong><span style=\"font-family:arial,helvetica,sans-serif\">Detalhe da produ\u00e7\u00e3o :<\/span><\/strong><br \/>\n<span style=\"font-family:arial,helvetica,sans-serif\"><span>Main stone: top quality white green moss agate<\/span><br style=\"margin: 0px;, Arial, sans-serif;font-size: 16px\" \/><br \/>\n<span>Measurements: 12&#215;7<\/span><br style=\"margin: 0px;, Arial, sans-serif;font-size: 16px\" \/><br \/>\n<span>Shape: kite<\/span><br style=\"margin: 0px;, Arial, sans-serif;font-size: 16px\" \/><br \/>\n<span>Accented stones: triangle diamonds 3mm approx tcw<\/span><\/span><\/span><\/small><\/big><\/span><\/p>\n<p>\n<span style=\"font-size:16px\"><span style=\"font-family:arial,helvetica,sans-serif\">Porqu\u00ea escolher-nos:<\/span><br \/>\n<span style=\"font-family:arial,helvetica,sans-serif\">1: A K-Gold tem cerca de 21 anos de experi\u00eancia na \u00e1rea da joalharia e 17 anos de experi\u00eancia de produ\u00e7\u00e3o.<\/span><br \/>\n<span style=\"font-family:arial,helvetica,sans-serif\">2: Tamb\u00e9m a nossa equipa profissional de I &amp; D para garantir que os nossos produtos est\u00e3o constantemente actualizados e \u00e0 frente da ind\u00fastria. Assim, temos mais de 3000 desenhos diferentes e mais de 46 colec\u00e7\u00f5es que podem satisfazer os diferentes pedidos do mercado.<\/span><br \/>\n<span style=\"font-family:arial,helvetica,sans-serif\">3: The goal for K-gold is to provide customers right products at the right price and to deliver in time.<\/span><br \/>\n<span style=\"font-family:arial,helvetica,sans-serif\">4:&nbsp;We have a powerful customer service team that keeps an eye on the entire sales process,help you any questions,from design CAD to deliver.<\/span><\/span><\/p>\n<p>\n<span style=\"font-size:16px\"><span style=\"font-family:arial,helvetica,sans-serif\">Servi\u00e7o de F\u00e1brica K-Gold:<\/span><\/span><br \/>\n<img decoding=\"async\" src=\"https:\/\/www.gold-jewellerys.com\/test\/gold-jewellerys.com\/photo\/pl36123397-remark.jpg\"><\/p>\n<p><img decoding=\"async\" src=\"https:\/\/www.gold-jewellerys.com\/test\/gold-jewellerys.com\/photo\/pl36230799-remark.jpg\"><\/p>\n<p>&nbsp;<\/p>\n<p><span style=\"font-size:16px\">FAQ:<\/span><\/p>\n<p><span style=\"font-size:16px\">1: Como \u00e9 que podemos obter o pre\u00e7o?<\/span><\/p>\n<p><span style=\"font-size:16px\">Convidamo-lo a contactar-nos atrav\u00e9s do whatsapp. Basta enviar-nos as fotografias dos artigos que pretende e depois indicar-lhe-emos os pre\u00e7os o mais rapidamente poss\u00edvel.<\/span><\/p>\n<p>&nbsp;<\/p>\n<p><span style=\"font-size:16px\">Pessoa de contacto: Nancy lee<br \/>\nWhatsApp: +86-18520267369 \/ Tell:+8618520267369<br \/>\nCorreio eletr\u00f3nico: nancy@gzkgold.com<br \/>\nS\u00edtio Web:<\/span><\/p>\n<p>&nbsp;<\/p>\n<p><span style=\"font-size:16px\">2: Can you customize my logo?<\/span><\/p>\n<p><span style=\"font-size:16px\">Sim, normalmente podemos carimbar o log\u00f3tipo gratuitamente, basta enviar-nos o ficheiro ou a fotografia.<\/span><\/p>\n<p>&nbsp;<\/p>\n<p><span style=\"font-size:16px\">3: What&#039;s your payment way?<\/span><\/p>\n<p><span style=\"font-size:16px\">You can pay by T\/T,Western Union,Paypal. 30% deposit,70% balance paid before shipment <\/span><\/p>\n<p>&nbsp;<\/p>\n<p><span style=\"font-size:16px\">4:&nbsp;What&#039;s your payment way?<\/span><\/p>\n<p><span style=\"font-size:16px\">O pagamento pode ser efectuado por T\/T, Western Union, Paypal. Dep\u00f3sito de 30%, saldo de 70% pago antes do envio.<\/span><\/p><\/p>","protected":false},"excerpt":{"rendered":"<br \/>\n<table class=\"tables data\" width=\"100%\" border=\"0\" cellpadding=\"0\" cellspacing=\"0\">\n<tbody>\n<tr>\n<th width=\"35%\">Local de origem:<\/th>\n<td>China<\/td>\n<\/tr>\n<tr>\n<th width=\"35%\">Nome da marca:<\/th>\n<td>J\u00f3ias de ouro K<\/td>\n<\/tr>\n<tr>\n<th width=\"35%\">Certifica\u00e7\u00e3o:<\/th>\n<td>Certificado de joalharia<\/td>\n<\/tr>\n<tr>\n<th width=\"35%\">N\u00famero do modelo:<\/th>\n<td>KD199R<\/td>\n<\/tr>\n<\/tbody>\n<\/table>\n<p>                                                                            <span class=\"title_s\">Condi\u00e7\u00f5es de pagamento e envio:<\/span>                            <\/p>\n<table class=\"tables data\" width=\"100%\" border=\"0\" cellpadding=\"0\" cellspacing=\"0\">\n<tbody>\n<tr>\n<th width=\"35%\" nowrap=\"nowrap\">Quantidade m\u00ednima de encomenda:<\/th>\n<td>3<\/td>\n<\/tr>\n<tr>\n<th width=\"35%\" nowrap=\"nowrap\">Pre\u00e7o:<\/th>\n<td>Negoci\u00e1vel<\/td>\n<\/tr>\n<tr>\n<th width=\"35%\" nowrap=\"nowrap\">Detalhes da embalagem:<\/th>\n<td>Saco PP grosso padr\u00e3o, a marca vir\u00e1 com a marca Embalagem<\/td>\n<\/tr>\n<tr>\n<th width=\"35%\" nowrap=\"nowrap\">Prazo de entrega:<\/th>\n<td>5-15 dias \u00fateis<\/td>\n<\/tr>\n<tr>\n<th width=\"35%\" nowrap=\"nowrap\">Condi\u00e7\u00f5es de pagamento:<\/th>\n<td>T\/T, Western Union<\/td>\n<\/tr>\n<tr>\n<th width=\"35%\" nowrap=\"nowrap\">Capacidade de fornecimento:<\/th>\n<td>2000pcs\/m\u00eas<\/td>\n<\/tr>\n<\/tbody>\n<\/table>","protected":false},"featured_media":5147,"comment_status":"closed","ping_status":"closed","template":"","meta":{"_gspb_post_css":""},"product_brand":[],"product_cat":[26],"product_tag":[],"class_list":{"0":"post-5150","1":"product","2":"type-product","3":"status-publish","4":"has-post-thumbnail","6":"product_cat-diamond-lab-diamond-moissanite-jewelry","8":"first","9":"instock","10":"shipping-taxable","11":"product-type-simple"},"aioseo_notices":[],"_links":{"self":[{"href":"https:\/\/dearjewelry.ltd\/pt\/wp-json\/wp\/v2\/product\/5150","targetHints":{"allow":["GET"]}}],"collection":[{"href":"https:\/\/dearjewelry.ltd\/pt\/wp-json\/wp\/v2\/product"}],"about":[{"href":"https:\/\/dearjewelry.ltd\/pt\/wp-json\/wp\/v2\/types\/product"}],"replies":[{"embeddable":true,"href":"https:\/\/dearjewelry.ltd\/pt\/wp-json\/wp\/v2\/comments?post=5150"}],"wp:featuredmedia":[{"embeddable":true,"href":"https:\/\/dearjewelry.ltd\/pt\/wp-json\/wp\/v2\/media\/5147"}],"wp:attachment":[{"href":"https:\/\/dearjewelry.ltd\/pt\/wp-json\/wp\/v2\/media?parent=5150"}],"wp:term":[{"taxonomy":"product_brand","embeddable":true,"href":"https:\/\/dearjewelry.ltd\/pt\/wp-json\/wp\/v2\/product_brand?post=5150"},{"taxonomy":"product_cat","embeddable":true,"href":"https:\/\/dearjewelry.ltd\/pt\/wp-json\/wp\/v2\/product_cat?post=5150"},{"taxonomy":"product_tag","embeddable":true,"href":"https:\/\/dearjewelry.ltd\/pt\/wp-json\/wp\/v2\/product_tag?post=5150"}],"curies":[{"name":"wp","href":"https:\/\/api.w.org\/{rel}","templated":true}]}}