{"id":4577,"date":"2025-07-13T10:39:06","date_gmt":"2025-07-13T10:39:06","guid":{"rendered":"https:\/\/dearjewelry.ltd\/product\/fascination-pretty-customized-silver-jewelry-rose-gold-plated-fine-sparkling\/"},"modified":"2025-07-13T10:39:06","modified_gmt":"2025-07-13T10:39:06","slug":"fascination-pretty-customized-silver-jewelry-rose-gold-plated-fine-sparkling","status":"publish","type":"product","link":"https:\/\/dearjewelry.ltd\/pt\/product\/fascination-pretty-customized-silver-jewelry-rose-gold-plated-fine-sparkling\/","title":{"rendered":"Fascination Pretty Customized Silver Jewelry Rose Gold Plated Fine Sparkling"},"content":{"rendered":"<h2>Fascination Pretty Customized Silver Jewelry Rose Gold Plated Fine Sparkling<\/h2>\n<p> Descri\u00e7\u00e3o<\/p>\n<table cellpadding=\"0\" cellspacing=\"0\" class=\"details_table\">\n<tbody>\n<tr>\n<th>Pedra principal:<\/th>\n<td>Morganite<\/td>\n<th>Material:<\/th>\n<td>Prata esterlina 925<\/td>\n<\/tr>\n<tr class=\"bg_gray\">\n<th>Cor:<\/th>\n<td>Cor-de-rosa<\/td>\n<th>Estilo:<\/th>\n<td>Moderno<\/td>\n<\/tr>\n<tr>\n<th>Personalizar:<\/th>\n<td>Dispon\u00edvel Personalizar<\/td>\n<th>Ocasi\u00e3o:<\/th>\n<td>Anivers\u00e1rio, Noivado, Presente, Festa, Casamento<\/td>\n<\/tr>\n<tr class=\"bg_gray\">\n<th colspan=\"1\">Luz alta:<\/th>\n<td colspan=\"3\">\n<h2 style='font-weight: bold;font-size: 14px'>RD4MM Customized Silver Jewelry<\/h2>\n<p>, <\/p>\n<h2 style='font-weight: bold;font-size: 14px'>Morganite Haloing Customized Silver Jewelry<\/h2>\n<\/td>\n<\/tr>\n<\/tbody>\n<\/table>\n<p><p><span style=\"font-size:16px\"><strong>Descri\u00e7\u00e3o do produto:<\/strong><\/span><\/p>\n<p><span style=\"font-size:16px\"><strong>925 Sterling Silver Fascination Pretty Rose Gold Plated Fine Sparkling Morganite Haloing Set<\/strong><\/span><\/p>\n<p><span style=\"font-size:16px\"><strong>Detalhes do produto:&nbsp;<\/strong><\/span><\/p>\n<table border=\"1\" cellpadding=\"0\" cellspacing=\"0\" style=\"width: 576px\">\n<tbody>\n<tr>\n<td style=\"width: 123px\"><span style=\"font-size:16px\">Item No.<\/span><\/td>\n<td style=\"width: 445px\">DR13223R<\/td>\n<\/tr>\n<tr>\n<td style=\"width: 123px\"><span style=\"font-size:16px\">Nome do produto<\/span><\/td>\n<td style=\"width: 445px\">Sparkling Morganite Haloing Set<\/td>\n<\/tr>\n<tr>\n<td style=\"width: 123px\"><span style=\"font-size:16px\">Estilo<\/span><\/td>\n<td style=\"width: 445px\">\n<p><span style=\"font-size:16px\">Estilo de moda&nbsp;<\/span><\/p>\n<\/td>\n<\/tr>\n<tr>\n<td style=\"width: 123px\"><span style=\"font-size:16px\">Material<\/span><\/td>\n<td style=\"width: 445px\">Sparkling Morganite&nbsp;<\/td>\n<\/tr>\n<tr>\n<td style=\"width: 123px\"><span style=\"font-size:16px\">Tipo de defini\u00e7\u00e3o<\/span><\/td>\n<td style=\"width: 445px\"><span style=\"font-size:16px\">Coloca\u00e7\u00e3o da luneta<\/span><\/td>\n<\/tr>\n<tr>\n<td style=\"width: 123px\"><span style=\"font-size:16px\">G\u00e9nero<\/span><\/td>\n<td style=\"width: 445px\"><span style=\"font-size:16px\">Mulher<\/span><\/td>\n<\/tr>\n<tr>\n<td style=\"width: 123px\"><span style=\"font-size:16px\">Pedra principal<\/span><\/td>\n<td style=\"width: 445px\">Morganite Haloing Ring Set<\/td>\n<\/tr>\n<tr>\n<td style=\"width: 123px\"><span style=\"font-size:16px\">Dimens\u00e3o<\/span><\/td>\n<td style=\"width: 445px\"><span style=\"font-size:16px\">RD 4MM<\/span><\/td>\n<\/tr>\n<tr>\n<td style=\"width: 123px\"><span style=\"font-size:16px\">Ocasi\u00e3o<\/span><\/td>\n<td style=\"width: 445px\"><span style=\"font-size:16px\">Anivers\u00e1rio, Noivado, Prenda, Festa, Casamento<\/span><\/td>\n<\/tr>\n<\/tbody>\n<\/table>\n<p>&nbsp;<\/p>\n<p><img decoding=\"async\" src=\"https:\/\/www.gold-jewellerys.com\/test\/gold-jewellerys.com\/photo\/pl145625921-remark.jpg\"><img decoding=\"async\" src=\"https:\/\/www.gold-jewellerys.com\/test\/gold-jewellerys.com\/photo\/pl145625920-remark.jpg\"><img decoding=\"async\" src=\"https:\/\/www.gold-jewellerys.com\/test\/gold-jewellerys.com\/photo\/pl145625919-remark.jpg\"><\/p>\n<p><span style=\"font-size:16px\"><strong>Porqu\u00ea escolher-nos:<\/strong><\/span><\/p>\n<p><span style=\"font-size:16px\">1: A K-Gold tem cerca de 21 anos de experi\u00eancia na \u00e1rea da joalharia e 17 anos de experi\u00eancia de produ\u00e7\u00e3o.<\/span><\/p>\n<p><span style=\"font-size:16px\">2: Tamb\u00e9m a nossa equipa profissional de I &amp; D para garantir que os nossos produtos est\u00e3o constantemente actualizados e \u00e0 frente da ind\u00fastria. Assim, temos mais de 3000 desenhos diferentes e mais de 46 colec\u00e7\u00f5es que podem satisfazer os diferentes pedidos do mercado.<\/span><\/p>\n<p><span style=\"font-size:16px\">3: Para itens personalizados, pode obter CAD no mesmo dia ou no dia seguinte para confirmar os dados antes do in\u00edcio da encomenda.<\/span><\/p>\n<p><span style=\"font-size:16px\">4: O objetivo da K-gold \u00e9 fornecer aos clientes os produtos certos ao pre\u00e7o certo e entregar a tempo.<\/span><\/p>\n<p><span style=\"font-size:16px\">5: Temos uma poderosa equipa de servi\u00e7o ao cliente que acompanha todo o processo de vendas, ajuda-o em qualquer quest\u00e3o, desde o design CAD at\u00e9 \u00e0 entrega.<\/span><\/p>\n<p>&nbsp;<\/p>\n<p><span style=\"font-size:16px\">Servi\u00e7o de F\u00e1brica K-Gold:<\/span><\/p>\n<p><span style=\"font-size:16px\"><img decoding=\"async\" src=\"https:\/\/www.gold-jewellerys.com\/test\/gold-jewellerys.com\/photo\/pl36123473-remark.jpg\"><\/span><\/p>\n<p><span style=\"font-size:16px\"><img decoding=\"async\" src=\"https:\/\/www.gold-jewellerys.com\/test\/gold-jewellerys.com\/photo\/pl36153526-remark.jpg\"><\/span><\/p>\n<p><span style=\"font-size:16px\"><img decoding=\"async\" src=\"https:\/\/www.gold-jewellerys.com\/test\/gold-jewellerys.com\/photo\/pl36219445-remark.jpg\"><\/span><\/p>\n<p><span style=\"font-size:16px\">FAQ:&nbsp;<\/span><\/p>\n<p><span style=\"font-size:16px\">1:<\/span>&nbsp;<span style=\"font-size:16px\">O ouro de 14k \u00e9 o melhor para an\u00e9is de noivado?<\/span><\/p>\n<p><span style=\"font-size:16px\">Oferecemos ouro e platina de 14k e 18k. O ouro de 14k \u00e9, de longe, a op\u00e7\u00e3o mais econ\u00f3mica e, ao mesmo tempo, a mais duradoura. Quanto maior for o n\u00famero de quilates, mais macio \u00e9 o anel, porque cont\u00e9m mais ouro puro. Os an\u00e9is macios s\u00e3o mais suscept\u00edveis a riscos ou outros danos, raz\u00e3o pela qual s\u00e3o escolhidos como alian\u00e7as de casamento.<\/span><\/p>\n<p style=\"padding: 0px;border: 0px\">&nbsp;<\/p>\n<p style=\"padding: 0px;border: 0px;font-family: arial\"><span style=\"font-size:16px\">2:<\/span> <span style=\"font-size:16px\">Qual \u00e9 o vosso MOQ?<\/span><\/p>\n<p style=\"padding: 0px;border: 0px;font-family: arial\"><span style=\"font-size:16px\">O nosso MOQ \u00e9 3pcs cada desenho.<\/span><\/p>\n<p style=\"padding: 0px;border: 0px;font-family: arial\">&nbsp;<\/p>\n<p style=\"padding: 0px;border: 0px;font-family: arial\"><span style=\"font-size:16px\">3: Qual \u00e9 a sua forma de pagamento? <\/span><\/p>\n<p style=\"padding: 0px;border: 0px;font-family: arial\"><span style=\"font-size:16px\">O pagamento pode ser efectuado por T\/T, Western Union, Paypal. Dep\u00f3sito de 30%, saldo de 70% pago antes do envio.<\/span><\/p>\n<p style=\"padding: 0px;border: 0px;font-family: arial\">&nbsp;<\/p>\n<p style=\"padding: 0px;border: 0px\"><span style=\"font-family:arial,helvetica,sans-serif\"><span style=\"font-size:16px\">4:<\/span><\/span> <span style=\"font-size:16px\">Posso comprar amostras fazendo encomendas? <\/span><\/p>\n<p style=\"padding: 0px;border: 0px\"><span style=\"font-size:16px\">Sim. N\u00e3o hesite em contactar-nos.<\/span><\/p>\n<p>&nbsp;<\/p>\n<p><span style=\"font-size:16px\"><span>5:<\/span>Como \u00e9 que se pode estabelecer uma boa rela\u00e7\u00e3o a longo prazo com a nossa empresa?<\/span><\/p>\n<p><span style=\"font-size:16px\">-1. Mantemos a boa qualidade e o pre\u00e7o competitivo para garantir o benef\u00edcio dos nossos clientes;<br \/>\n-2. Respeitamos cada cliente como nosso amigo e fazemos neg\u00f3cios com sinceridade<br \/>\ne fazer amizade com eles, independentemente da sua origem.<\/span><\/p>\n<p>&nbsp;<\/p>\n<p>&nbsp;<\/p>\n<p>&nbsp;<\/p><\/p>","protected":false},"excerpt":{"rendered":"<br \/>\n<table class=\"tables data\" width=\"100%\" border=\"0\" cellpadding=\"0\" cellspacing=\"0\">\n<tbody>\n<tr>\n<th width=\"35%\">Local de origem:<\/th>\n<td>China<\/td>\n<\/tr>\n<tr>\n<th width=\"35%\">Nome da marca:<\/th>\n<td>J\u00f3ias de ouro K<\/td>\n<\/tr>\n<tr>\n<th width=\"35%\">Certifica\u00e7\u00e3o:<\/th>\n<td>Certificado de joalharia<\/td>\n<\/tr>\n<tr>\n<th width=\"35%\">N\u00famero do modelo:<\/th>\n<td>DR13223R<\/td>\n<\/tr>\n<\/tbody>\n<\/table>\n<p>                                                                            <span class=\"title_s\">Condi\u00e7\u00f5es de pagamento e envio:<\/span>                            <\/p>\n<table class=\"tables data\" width=\"100%\" border=\"0\" cellpadding=\"0\" cellspacing=\"0\">\n<tbody>\n<tr>\n<th width=\"35%\" nowrap=\"nowrap\">Quantidade m\u00ednima de encomenda:<\/th>\n<td>3<\/td>\n<\/tr>\n<tr>\n<th width=\"35%\" nowrap=\"nowrap\">Pre\u00e7o:<\/th>\n<td>Negoci\u00e1vel<\/td>\n<\/tr>\n<tr>\n<th width=\"35%\" nowrap=\"nowrap\">Detalhes da embalagem:<\/th>\n<td>Saco PP espesso normal<\/td>\n<\/tr>\n<tr>\n<th width=\"35%\" nowrap=\"nowrap\">Prazo de entrega:<\/th>\n<td>5-15 dias \u00fateis<\/td>\n<\/tr>\n<tr>\n<th width=\"35%\" nowrap=\"nowrap\">Condi\u00e7\u00f5es de pagamento:<\/th>\n<td>T\/T, Western Union<\/td>\n<\/tr>\n<tr>\n<th width=\"35%\" nowrap=\"nowrap\">Capacidade de fornecimento:<\/th>\n<td>2000pcs\/m\u00eas<\/td>\n<\/tr>\n<\/tbody>\n<\/table>","protected":false},"featured_media":4574,"comment_status":"closed","ping_status":"closed","template":"","meta":{"_gspb_post_css":""},"product_brand":[],"product_cat":[22],"product_tag":[],"class_list":{"0":"post-4577","1":"product","2":"type-product","3":"status-publish","4":"has-post-thumbnail","6":"product_cat-customized-silver-jewelry","8":"first","9":"instock","10":"shipping-taxable","11":"product-type-simple"},"aioseo_notices":[],"_links":{"self":[{"href":"https:\/\/dearjewelry.ltd\/pt\/wp-json\/wp\/v2\/product\/4577","targetHints":{"allow":["GET"]}}],"collection":[{"href":"https:\/\/dearjewelry.ltd\/pt\/wp-json\/wp\/v2\/product"}],"about":[{"href":"https:\/\/dearjewelry.ltd\/pt\/wp-json\/wp\/v2\/types\/product"}],"replies":[{"embeddable":true,"href":"https:\/\/dearjewelry.ltd\/pt\/wp-json\/wp\/v2\/comments?post=4577"}],"wp:featuredmedia":[{"embeddable":true,"href":"https:\/\/dearjewelry.ltd\/pt\/wp-json\/wp\/v2\/media\/4574"}],"wp:attachment":[{"href":"https:\/\/dearjewelry.ltd\/pt\/wp-json\/wp\/v2\/media?parent=4577"}],"wp:term":[{"taxonomy":"product_brand","embeddable":true,"href":"https:\/\/dearjewelry.ltd\/pt\/wp-json\/wp\/v2\/product_brand?post=4577"},{"taxonomy":"product_cat","embeddable":true,"href":"https:\/\/dearjewelry.ltd\/pt\/wp-json\/wp\/v2\/product_cat?post=4577"},{"taxonomy":"product_tag","embeddable":true,"href":"https:\/\/dearjewelry.ltd\/pt\/wp-json\/wp\/v2\/product_tag?post=4577"}],"curies":[{"name":"wp","href":"https:\/\/api.w.org\/{rel}","templated":true}]}}