{"id":4420,"date":"2025-07-13T10:38:06","date_gmt":"2025-07-13T10:38:06","guid":{"rendered":"https:\/\/dearjewelry.ltd\/product\/4mm-natural-green-emerald-pendant-odm-diamond-halo-pendant-vintage-inspired-style\/"},"modified":"2025-07-13T10:38:06","modified_gmt":"2025-07-13T10:38:06","slug":"pendente-esmeralda-verde-natural-de-4-mm-pendente-aureola-de-diamante-odm-estilo-inspirado-no-vintage","status":"publish","type":"product","link":"https:\/\/dearjewelry.ltd\/pt\/product\/pendente-esmeralda-verde-natural-de-4-mm-pendente-aureola-de-diamante-odm-estilo-inspirado-no-vintage\/","title":{"rendered":"Pendente de esmeralda verde natural de 4 mm, pendente ODM Diamond Halo Pendant estilo inspirado no vintage"},"content":{"rendered":"<h2>Pendente de esmeralda verde natural de 4 mm, pendente ODM Diamond Halo Pendant estilo inspirado no vintage<\/h2>\n<p> Descri\u00e7\u00e3o<\/p>\n<table cellpadding=\"0\" cellspacing=\"0\" class=\"details_table\">\n<tbody>\n<tr>\n<th>Material:<\/th>\n<td>Ouro amarelo de 14K<\/td>\n<th>Tipo de j\u00f3ias:<\/th>\n<td>Pingente Vintage<\/td>\n<\/tr>\n<tr class=\"bg_gray\">\n<th>Pedra min\u00fascula:<\/th>\n<td>Diamante verdadeiro G-H SI<\/td>\n<th>Pedra principal:<\/th>\n<td>Esmeralda natural<\/td>\n<\/tr>\n<tr>\n<th>Cortar:<\/th>\n<td>Excelente<\/td>\n<th>Natural\/criado em laborat\u00f3rio:<\/th>\n<td>Natural<\/td>\n<\/tr>\n<tr class=\"bg_gray\">\n<th>Forma:<\/th>\n<td>Redondo<\/td>\n<th>Tipo de configura\u00e7\u00e3o:<\/th>\n<td>Engaste da luneta\/ engaste do pavimento<\/td>\n<\/tr>\n<tr>\n<th>Personalizar:<\/th>\n<td>Dispon\u00edvel Personalizar<\/td>\n<th>Ocasi\u00e3o:<\/th>\n<td>Anivers\u00e1rio, Noivado, Presente, Festa, Casamento<\/td>\n<\/tr>\n<tr class=\"bg_gray\">\n<th colspan=\"1\">Luz alta:<\/th>\n<td colspan=\"3\">\n<h2 style='font-weight: bold;font-size: 14px'>Pingente de esmeralda verde 4mm<\/h2>\n<p>, <\/p>\n<h2 style='font-weight: bold;font-size: 14px'>Pingente de esmeralda verde ODM<\/h2>\n<\/td>\n<\/tr>\n<\/tbody>\n<\/table>\n<p><p><span style=\"font-size:14px\"><span style=\"font-family:arial,helvetica,sans-serif\">Descri\u00e7\u00e3o do produto:<\/span><\/span><\/p>\n<p><span style=\"font-size:16px\">Esmeralda verde natural e diamante Halo Pingente Milgrain de inspira\u00e7\u00e3o vintage<\/span> <span style=\"font-size:16px\"> <\/span><\/p>\n<p>Detalhes do produto:&nbsp;<\/p>\n<table border=\"1\" cellpadding=\"0\" cellspacing=\"0\" style=\"width: 576px\">\n<tbody>\n<tr>\n<td style=\"width: 125px\">Item No.<\/td>\n<td style=\"width: 445px\">K2135P<\/td>\n<\/tr>\n<tr>\n<td style=\"width: 125px\">Nome do produto<\/td>\n<td style=\"width: 445px\">Pendente de esmeralda e diamante em ouro amarelo de 14K<\/td>\n<\/tr>\n<tr>\n<td style=\"width: 125px\">Estilo<\/td>\n<td style=\"width: 445px\">Estilo vintage&nbsp;<\/td>\n<\/tr>\n<tr>\n<td style=\"width: 125px\">Material<\/td>\n<td style=\"width: 445px\">Ouro amarelo de 14K<\/td>\n<\/tr>\n<tr>\n<td style=\"width: 125px\">Tipo de defini\u00e7\u00e3o<\/td>\n<td style=\"width: 445px\">Coloca\u00e7\u00e3o da luneta<\/td>\n<\/tr>\n<tr>\n<td style=\"width: 125px\">G\u00e9nero<\/td>\n<td style=\"width: 445px\">Mulher<\/td>\n<\/tr>\n<tr>\n<td style=\"width: 125px\">Pedra min\u00fascula<\/td>\n<td style=\"width: 445px\">Didamante natural G-H VS1<\/td>\n<\/tr>\n<tr>\n<td style=\"width: 125px\">Pedra principal<\/td>\n<td style=\"width: 445px\">Esmeralda natural 4mm<\/td>\n<\/tr>\n<tr>\n<td style=\"width: 125px\">Dimens\u00e3o<\/td>\n<td style=\"width: 445px\">&nbsp;Redondo 4mm&nbsp;<\/td>\n<\/tr>\n<tr>\n<td style=\"width: 125px\">Ocasi\u00e3o<\/td>\n<td style=\"width: 445px\">Anivers\u00e1rio, Noivado, Prenda, Festa, Casamento<\/td>\n<\/tr>\n<\/tbody>\n<\/table>\n<p>&nbsp;<\/p>\n<p><span style=\"font-family:arial,helvetica,sans-serif\"><span>Apresenta\u00e7\u00e3o do produto:<\/span><\/span><\/p>\n<p><span style=\"font-family:arial,helvetica,sans-serif\"><span><img decoding=\"async\" src=\"https:\/\/www.gold-jewellerys.com\/test\/gold-jewellerys.com\/photo\/pl36232193-remark.jpg\"><\/span><\/span><\/p>\n<p><span style=\"font-family:arial,helvetica,sans-serif\"><span><img decoding=\"async\" src=\"https:\/\/www.gold-jewellerys.com\/test\/gold-jewellerys.com\/photo\/pl36232192-remark.jpg\"><\/span><\/span><\/p>\n<p><span style=\"font-size:14px\"><span style=\"font-family:arial,helvetica,sans-serif\">Detalhe da produ\u00e7\u00e3o :<\/span><\/span><\/p>\n<p><span style=\"font-size:14px\"><span style=\"font-family:arial,helvetica,sans-serif\">Informa\u00e7\u00f5es sobre o diamante redondo:<\/span><\/span><\/p>\n<p><span style=\"font-size:14px\"><span style=\"font-family:arial,helvetica,sans-serif\">N\u00famero de diamantes :17pcs<\/span><\/span><\/p>\n<p><span style=\"font-size:14px\"><span style=\"font-family:arial,helvetica,sans-serif\">Peso total em quilates:0.29ct<\/span><\/span><\/p>\n<p><span style=\"font-size:14px\"><span style=\"font-family:arial,helvetica,sans-serif\">Cor m\u00e9dia: G-H<\/span><\/span><\/p>\n<p><span style=\"font-size:14px\"><span style=\"font-family:arial,helvetica,sans-serif\">Claridade m\u00e9dia :S1<\/span><\/span><\/p>\n<p><span style=\"font-size:14px\"><span style=\"font-family:arial,helvetica,sans-serif\">Corte m\u00e9dio :Excelente<\/span><\/span><\/p>\n<p><span style=\"font-size:14px\"><span style=\"font-family:arial,helvetica,sans-serif\">Tipo de engaste: engaste em pav\u00e9<\/span><\/span><\/p>\n<p>&nbsp;<\/p>\n<p><span style=\"font-size:14px\"><span style=\"font-family:arial,helvetica,sans-serif\">Informa\u00e7\u00f5es sobre o diamante redondo:<\/span><\/span><\/p>\n<p><span style=\"font-size:14px\"><span style=\"font-family:arial,helvetica,sans-serif\">N\u00famero de diamantes:1<\/span><\/span><\/p>\n<p><span style=\"font-size:14px\"><span style=\"font-family:arial,helvetica,sans-serif\">Peso total em quilates<\/span><\/span><\/p>\n<p><span style=\"font-size:14px\"><span style=\"font-family:arial,helvetica,sans-serif\">Cor m\u00e9dia: 0,17ct<\/span><\/span><\/p>\n<p><span style=\"font-size:14px\"><span style=\"font-family:arial,helvetica,sans-serif\">Claridade m\u00e9dia:G-H<\/span><\/span><\/p>\n<p><span style=\"font-size:14px\"><span style=\"font-family:arial,helvetica,sans-serif\">Corte m\u00e9dio:S1<\/span><\/span><\/p>\n<p><span style=\"font-size:14px\"><span style=\"font-family:arial,helvetica,sans-serif\">Tipo de fixa\u00e7\u00e3o:Coloca\u00e7\u00e3o de luneta<\/span><\/span><\/p>\n<p>&nbsp;<\/p>\n<p class=\"details-title\"><span style=\"font-size:14px\"><span style=\"font-family:arial,helvetica,sans-serif\">Informa\u00e7\u00f5es sobre a esmeralda:<\/span><\/span><\/p>\n<p class=\"details-title\"><span style=\"font-size:14px\"><span style=\"font-family:arial,helvetica,sans-serif\">Cor m\u00ednima : Cor interm\u00e9dia<\/span><\/span><\/p>\n<p class=\"details-title\"><span style=\"font-size:14px\"><span style=\"font-family:arial,helvetica,sans-serif\">Claridade m\u00ednima: ligeiramente inclu\u00edda<\/span><\/span><\/p>\n<p class=\"details-title\"><span style=\"font-size:14px\"><span style=\"font-family:arial,helvetica,sans-serif\">Dimens\u00e3o: 4mm Redondo<\/span><\/span><\/p>\n<p class=\"details-title\"><span style=\"font-size:14px\"><span style=\"font-family:arial,helvetica,sans-serif\">Tipo de fixa\u00e7\u00e3o : Ajuste da luneta<\/span><\/span><\/p>\n<p class=\"details-title\">&nbsp;<\/p>\n<p><span style=\"font-size:14px\"><span style=\"font-family:arial,helvetica,sans-serif\">Porqu\u00ea escolher-nos:<\/span><\/span><\/p>\n<p><span style=\"font-size:14px\"><span style=\"font-family:arial,helvetica,sans-serif\">1: A K-Gold tem cerca de 21 anos de experi\u00eancia na \u00e1rea da joalharia e 17 anos de experi\u00eancia de produ\u00e7\u00e3o.<\/span><\/span><\/p>\n<p><span style=\"font-size:14px\"><span style=\"font-family:arial,helvetica,sans-serif\">2: Tamb\u00e9m a nossa equipa profissional de I &amp; D para garantir que os nossos produtos est\u00e3o constantemente actualizados e \u00e0 frente da ind\u00fastria. Assim, temos mais de 3000 desenhos diferentes e mais de 46 colec\u00e7\u00f5es que podem satisfazer os diferentes pedidos do mercado.<\/span><\/span><\/p>\n<p><span style=\"font-size:14px\"><span style=\"font-family:arial,helvetica,sans-serif\">3: Para itens personalizados, pode obter CAD no mesmo dia ou no dia seguinte para confirmar os dados antes do in\u00edcio da encomenda.<\/span><\/span><\/p>\n<p><span style=\"font-size:14px\"><span style=\"font-family:arial,helvetica,sans-serif\">4: O objetivo da K-gold \u00e9 fornecer aos clientes os produtos certos ao pre\u00e7o certo e entregar a tempo.<\/span><\/span><\/p>\n<p><span style=\"font-size:14px\"><span style=\"font-family:arial,helvetica,sans-serif\">5: Temos uma poderosa equipa de servi\u00e7o ao cliente que acompanha todo o processo de vendas, ajuda-o em qualquer quest\u00e3o, desde o design CAD at\u00e9 \u00e0 entrega.<\/span><\/span><\/p>\n<p><span style=\"font-size:14px\"><span style=\"font-family:arial,helvetica,sans-serif\">Servi\u00e7o de F\u00e1brica K-Gold:<\/span><\/span><\/p>\n<p><span style=\"font-size:14px\"><span style=\"font-family:arial,helvetica,sans-serif\"><img decoding=\"async\" src=\"https:\/\/www.gold-jewellerys.com\/test\/gold-jewellerys.com\/photo\/pl36123473-remark.jpg\"><\/span><\/span><\/p>\n<p><span style=\"font-size:14px\"><span style=\"font-family:arial,helvetica,sans-serif\"><img decoding=\"async\" src=\"https:\/\/www.gold-jewellerys.com\/test\/gold-jewellerys.com\/photo\/pl36123376-remark.jpg\"><\/span><\/span><\/p>\n<p><img decoding=\"async\" src=\"https:\/\/www.gold-jewellerys.com\/test\/gold-jewellerys.com\/photo\/pl36153526-remark.jpg\"><\/p>\n<p>&nbsp;<\/p>\n<p><img decoding=\"async\" src=\"https:\/\/www.gold-jewellerys.com\/test\/gold-jewellerys.com\/photo\/pl36219389-remark.jpg\"><\/p>\n<p><img decoding=\"async\" src=\"https:\/\/www.gold-jewellerys.com\/test\/gold-jewellerys.com\/photo\/pl36230799-remark.jpg\"><\/p>\n<p><img decoding=\"async\" src=\"https:\/\/www.gold-jewellerys.com\/test\/gold-jewellerys.com\/photo\/pl36311204-remark.jpg\"><\/p>\n<p><img decoding=\"async\" src=\"https:\/\/www.gold-jewellerys.com\/test\/gold-jewellerys.com\/photo\/pl36219445-remark.jpg\"><\/p>\n<p>FAQ:&nbsp;<\/p>\n<p><span style=\"font-size:14px\"><span style=\"font-family:arial,helvetica,sans-serif\">1: Como \u00e9 que podemos obter o pre\u00e7o?<\/span><\/span><\/p>\n<p style=\"padding: 0px;border: 0px;font-family: arial\"><span style=\"font-family: arial\">Convidamo-lo a contactar-nos atrav\u00e9s do whatsapp. Basta enviar-nos as fotografias dos artigos que pretende e depois indicar-lhe-emos os pre\u00e7os o mais rapidamente poss\u00edvel.<\/span><\/p>\n<p style=\"padding: 0px;border: 0px;font-family: arial\">&nbsp;<\/p>\n<p style=\"padding: 0px;border: 0px\"><span style=\"font-family: arial\">Pessoa de contacto:&nbsp;<\/span><font face=\"arial, helvetica, sans-serif\">Cherry Lee<\/font><br data-filtered=\"filtered\" style=\"font-family: arial\" \/><br \/>\n<span style=\"font-family: arial\">WhatsApp: +86-<\/span>18520267369<span style=\"font-family: arial\"> \/ Diga:+86<\/span>18520267369<br data-filtered=\"filtered\" style=\"font-family: arial\" \/><br \/>\n<span style=\"font-family: arial\">Correio eletr\u00f3nico:&nbsp;<\/span><br data-filtered=\"filtered\" style=\"font-family: arial\" \/><br \/>\n<span style=\"font-family: arial\">S\u00edtio Web:&nbsp;<\/span><\/p>\n<p style=\"padding: 0px;border: 0px;font-family: arial\">&nbsp;<\/p>\n<p style=\"padding: 0px;border: 0px;font-family: arial\"><span style=\"font-size:14px\"><span style=\"font-family:arial,helvetica,sans-serif\">2: Podem personalizar o meu log\u00f3tipo?&nbsp;<br data-filtered=\"filtered\" \/><br \/>\nSim, \u00e9 absolutamente poss\u00edvel, por favor envie-nos o seu LOGOTIPO, n\u00f3s assin\u00e1-lo-emos livremente. Para j\u00f3ias de marca sempre com o logotipo original,<\/span><\/span><\/p>\n<p style=\"padding: 0px;border: 0px;font-family: arial\"><span style=\"font-size:14px\"><span style=\"font-family:arial,helvetica,sans-serif\">e se precisarem de algo mais, digam-me.&nbsp;<\/span><\/span><\/p>\n<p style=\"padding: 0px;border: 0px;font-family: arial\">&nbsp;<\/p>\n<p style=\"padding: 0px;border: 0px;font-family: arial\"><span style=\"font-size:14px\"><span style=\"font-family:arial,helvetica,sans-serif\">3:&nbsp;<\/span><\/span><span style=\"font-family: arial\">Como pagar a minha encomenda?<\/span><span style=\"font-size:14px\"><span style=\"font-family:arial,helvetica,sans-serif\"> <\/span><\/span><\/p>\n<p style=\"padding: 0px;border: 0px;font-family: arial\"><span style=\"font-family: arial\">Por favor, diga-me o seu pedido, em seguida, vamos organizar o pre\u00e7o e enviar para voc\u00ea por whatsapp ou e-mail, como taxa de envio e taxa de caixa original <\/span><\/p>\n<p style=\"padding: 0px;border: 0px;font-family: arial\"><span style=\"font-family: arial\">e o montante total. Pode efetuar o pagamento por Western Union \/ T\/T , ou&nbsp;<\/span><span style=\"font-family: arial, sans-serif\">Payoneer,<\/span><span style=\"font-family: arial\">&nbsp;Processaremos e enviaremos a sua encomenda o mais rapidamente poss\u00edvel ap\u00f3s<\/span><\/p>\n<p style=\"padding: 0px;border: 0px;font-family: arial\"><span style=\"font-family: arial\">pagamento efectuado.<\/span><\/p>\n<p style=\"padding: 0px;border: 0px;font-family: arial\">&nbsp;<\/p>\n<p style=\"padding: 0px;border: 0px\"><span style=\"font-size:14px\"><span style=\"font-family:arial,helvetica,sans-serif\">4:Posso obter um certificado?<\/span><\/span><\/p>\n<p><span style=\"font-size:14px\"><span style=\"font-family:arial,helvetica,sans-serif\">Sim, h\u00e1 o certificado se precisar e o pre\u00e7o n\u00e3o inclui a taxa. O diamante tem certificado GIA ou n\u00e3o tem certificado.<\/span><\/span><\/p>\n<p><span style=\"font-size:14px\"><span style=\"font-family:arial,helvetica,sans-serif\">se me informarem porque h\u00e1 diferen\u00e7a de pre\u00e7os .<\/span><\/span><\/p>\n<p>&nbsp;<\/p>\n<p><span style=\"font-size:14px\"><span style=\"font-family:arial,helvetica,sans-serif\">5. Durante quanto tempo posso receber a minha mercadoria?<\/span><\/span><\/p>\n<p><span style=\"font-family: arial\">A encomenda \u00e9 sempre processada ap\u00f3s o dep\u00f3sito da sua encomenda. Tempo de fabrico: 2-10 dias \u00fateis, dependendo do trabalho de conce\u00e7\u00e3o<\/span><\/p>\n<p><span style=\"font-family: arial\">dificuldade, mais 3-7 dias de tempo de envio m\u00e9todo de envio expresso para todo o mundo.<\/span><\/p>\n<p>&nbsp;<\/p>\n<p><span style=\"font-family: arial\">6: Fazem j\u00f3ias para o comprador pessoal ou apenas para o grossista?<\/span><br data-filtered=\"filtered\" style=\"font-family: arial\" \/><br \/>\n<span style=\"font-family: arial\">Na verdade, estamos a fazer toda a venda para quem vende online ou tem a sua pr\u00f3pria loja para desenhos originais, para a marca de j\u00f3ias permitiu que o comprador pessoal tamb\u00e9m. Voc\u00ea pode encomendar j\u00f3ias de marca de alta qualidade para sua fam\u00edlia, amigos e voc\u00ea mesmo a pre\u00e7os de f\u00e1brica. Tamb\u00e9m ser\u00e1 \u00f3timo se for um revendedor de j\u00f3ias. N\u00f3s forneceremos frete gr\u00e1tis e caixas de marca originais gratuitas se voc\u00ea puder encomendar muitos itens de cada vez.  Mais quantidade e melhor pre\u00e7o.<\/span><\/p>\n<p>&nbsp;<\/p><\/p>","protected":false},"excerpt":{"rendered":"<br \/>\n<table class=\"tables data\" width=\"100%\" border=\"0\" cellpadding=\"0\" cellspacing=\"0\">\n<tbody>\n<tr>\n<th width=\"35%\">Local de origem:<\/th>\n<td>China<\/td>\n<\/tr>\n<tr>\n<th width=\"35%\">Nome da marca:<\/th>\n<td>J\u00f3ias de ouro K<\/td>\n<\/tr>\n<tr>\n<th width=\"35%\">Certifica\u00e7\u00e3o:<\/th>\n<td>Certificado de joalharia<\/td>\n<\/tr>\n<tr>\n<th width=\"35%\">N\u00famero do modelo:<\/th>\n<td>K2135P<\/td>\n<\/tr>\n<\/tbody>\n<\/table>\n<p>                                                                            <span class=\"title_s\">Condi\u00e7\u00f5es de pagamento e envio:<\/span>                            <\/p>\n<table class=\"tables data\" width=\"100%\" border=\"0\" cellpadding=\"0\" cellspacing=\"0\">\n<tbody>\n<tr>\n<th width=\"35%\" nowrap=\"nowrap\">Quantidade m\u00ednima de encomenda:<\/th>\n<td>3<\/td>\n<\/tr>\n<tr>\n<th width=\"35%\" nowrap=\"nowrap\">Pre\u00e7o:<\/th>\n<td>Negoci\u00e1vel<\/td>\n<\/tr>\n<tr>\n<th width=\"35%\" nowrap=\"nowrap\">Detalhes da embalagem:<\/th>\n<td>Saco PP espesso normal<\/td>\n<\/tr>\n<tr>\n<th width=\"35%\" nowrap=\"nowrap\">Prazo de entrega:<\/th>\n<td>5-15 dias \u00fateis<\/td>\n<\/tr>\n<tr>\n<th width=\"35%\" nowrap=\"nowrap\">Condi\u00e7\u00f5es de pagamento:<\/th>\n<td>T\/T, Western Union<\/td>\n<\/tr>\n<tr>\n<th width=\"35%\" nowrap=\"nowrap\">Capacidade de fornecimento:<\/th>\n<td>2000pcs\/m\u00eas<\/td>\n<\/tr>\n<\/tbody>\n<\/table>","protected":false},"featured_media":4416,"comment_status":"closed","ping_status":"closed","template":"","meta":{"_gspb_post_css":""},"product_brand":[],"product_cat":[22],"product_tag":[],"class_list":{"0":"post-4420","1":"product","2":"type-product","3":"status-publish","4":"has-post-thumbnail","6":"product_cat-customized-silver-jewelry","8":"first","9":"instock","10":"shipping-taxable","11":"product-type-simple"},"aioseo_notices":[],"_links":{"self":[{"href":"https:\/\/dearjewelry.ltd\/pt\/wp-json\/wp\/v2\/product\/4420","targetHints":{"allow":["GET"]}}],"collection":[{"href":"https:\/\/dearjewelry.ltd\/pt\/wp-json\/wp\/v2\/product"}],"about":[{"href":"https:\/\/dearjewelry.ltd\/pt\/wp-json\/wp\/v2\/types\/product"}],"replies":[{"embeddable":true,"href":"https:\/\/dearjewelry.ltd\/pt\/wp-json\/wp\/v2\/comments?post=4420"}],"wp:featuredmedia":[{"embeddable":true,"href":"https:\/\/dearjewelry.ltd\/pt\/wp-json\/wp\/v2\/media\/4416"}],"wp:attachment":[{"href":"https:\/\/dearjewelry.ltd\/pt\/wp-json\/wp\/v2\/media?parent=4420"}],"wp:term":[{"taxonomy":"product_brand","embeddable":true,"href":"https:\/\/dearjewelry.ltd\/pt\/wp-json\/wp\/v2\/product_brand?post=4420"},{"taxonomy":"product_cat","embeddable":true,"href":"https:\/\/dearjewelry.ltd\/pt\/wp-json\/wp\/v2\/product_cat?post=4420"},{"taxonomy":"product_tag","embeddable":true,"href":"https:\/\/dearjewelry.ltd\/pt\/wp-json\/wp\/v2\/product_tag?post=4420"}],"curies":[{"name":"wp","href":"https:\/\/api.w.org\/{rel}","templated":true}]}}