{"id":4377,"date":"2025-07-13T10:37:49","date_gmt":"2025-07-13T10:37:49","guid":{"rendered":"https:\/\/dearjewelry.ltd\/product\/vintage-solitaire-diamond-necklace-5mm-14k-solid-gold-necklace-womens-oem-odm\/"},"modified":"2025-07-13T10:37:49","modified_gmt":"2025-07-13T10:37:49","slug":"vintage-solitaire-diamond-necklace-5mm-14k-solid-gold-necklace-womens-oem-odm","status":"publish","type":"product","link":"https:\/\/dearjewelry.ltd\/pt\/product\/vintage-solitaire-diamond-necklace-5mm-14k-solid-gold-necklace-womens-oem-odm\/","title":{"rendered":"Colar de Diamantes Solit\u00e1rio Vintage , 5mm 14k Colar de Ouro S\u00f3lido para Mulheres OEM ODM"},"content":{"rendered":"<h2>Vintage Solitaire Diamond Necklace , 5mm 14k Solid Gold Necklace Women&#039;S OEM ODM<\/h2>\n<p> Descri\u00e7\u00e3o<\/p>\n<table cellpadding=\"0\" cellspacing=\"0\" class=\"details_table\">\n<tbody>\n<tr>\n<th>Pedra principal:<\/th>\n<td>Diamante natural<\/td>\n<th>Tamanho da pedra:<\/th>\n<td>RD 5mm<\/td>\n<\/tr>\n<tr class=\"bg_gray\">\n<th>Cortar:<\/th>\n<td>Corte redondo<\/td>\n<th>Material:<\/th>\n<td>Ouro amarelo de 14K<\/td>\n<\/tr>\n<tr>\n<th>Cor:<\/th>\n<td>Ouro amarelo<\/td>\n<th>Estilo:<\/th>\n<td>Colar de moda<\/td>\n<\/tr>\n<tr class=\"bg_gray\">\n<th>Personalizar:<\/th>\n<td>Dispon\u00edvel Personalizar<\/td>\n<th>Ocasi\u00e3o:<\/th>\n<td>Anivers\u00e1rio, Noivado, Presente, Festa, Casamento<\/td>\n<\/tr>\n<tr>\n<th colspan=\"1\">Luz alta:<\/th>\n<td colspan=\"3\">\n<h2 style='font-weight: bold;font-size: 14px'>5mm Solitaire Diamond Necklace<\/h2>\n<p>, <\/p>\n<h2 style='font-weight: bold;font-size: 14px'>Vintage Solitaire Diamond Necklace OEM<\/h2>\n<p>, <\/p>\n<h2 style='font-weight: bold;font-size: 14px'>ODM 14k Solid Gold Necklace Women&#8217;S<\/h2>\n<\/td>\n<\/tr>\n<\/tbody>\n<\/table>\n<p><p><span style=\"font-size:16px\"><strong>Descri\u00e7\u00e3o do produto:<\/strong><\/span><\/p>\n<p><strong><span style=\"font-size:16px\">14K Gold Necklaces Round Cut Solitaire Diamond 5mm Pendant Necklace<\/span><\/strong><\/p>\n<p>&nbsp;<\/p>\n<p><span style=\"font-size:16px\"><strong>Detalhes do produto:&nbsp;<\/strong><\/span><\/p>\n<table border=\"1\" cellpadding=\"0\" cellspacing=\"0\" style=\"width: 576px\">\n<tbody>\n<tr>\n<td style=\"width: 125px\"><span style=\"font-size:16px\">Item No.<\/span><\/td>\n<td style=\"width: 445px\"><span style=\"font-size:16px\">KD061P<\/span><\/td>\n<\/tr>\n<tr>\n<td style=\"width: 125px\"><span style=\"font-size:16px\">Nome do produto<\/span><\/td>\n<td style=\"width: 445px\"><span style=\"font-size:16px\">14K Yellow Gold Solitaire Diamond&nbsp;Necklace<\/span><\/td>\n<\/tr>\n<tr>\n<td style=\"width: 125px\"><span style=\"font-size:16px\">Estilo<\/span><\/td>\n<td style=\"width: 445px\"><span style=\"font-size:16px\">Estilo vintage&nbsp;<\/span><\/td>\n<\/tr>\n<tr>\n<td style=\"width: 125px\"><span style=\"font-size:16px\">Material<\/span><\/td>\n<td style=\"width: 445px\"><span style=\"font-size:16px\">Ouro amarelo de 14K<\/span><\/td>\n<\/tr>\n<tr>\n<td style=\"width: 125px\"><span style=\"font-size:16px\">Tipo de defini\u00e7\u00e3o<\/span><\/td>\n<td style=\"width: 445px\"><span style=\"font-size:16px\">Coloca\u00e7\u00e3o da luneta<\/span><\/td>\n<\/tr>\n<tr>\n<td style=\"width: 125px\"><span style=\"font-size:16px\">G\u00e9nero<\/span><\/td>\n<td style=\"width: 445px\"><span style=\"font-size:16px\">Mulher<\/span><\/td>\n<\/tr>\n<tr>\n<td style=\"width: 125px\"><span style=\"font-size:16px\">Pedra principal<\/span><\/td>\n<td style=\"width: 445px\"><span style=\"font-size:16px\">Diamante natural 5mm<\/span><\/td>\n<\/tr>\n<tr>\n<td style=\"width: 125px\"><span style=\"font-size:16px\">Dimens\u00e3o<\/span><\/td>\n<td style=\"width: 445px\"><span style=\"font-size:16px\">RD 5MM<\/span><\/td>\n<\/tr>\n<tr>\n<td style=\"width: 125px\"><span style=\"font-size:16px\">Ocasi\u00e3o<\/span><\/td>\n<td style=\"width: 445px\"><span style=\"font-size:16px\">Anivers\u00e1rio, Noivado, Prenda, Festa, Casamento<\/span><\/td>\n<\/tr>\n<\/tbody>\n<\/table>\n<p>&nbsp;<\/p>\n<p>&nbsp;<\/p>\n<p><span style=\"font-size:16px\"><strong>Porqu\u00ea escolher-nos:<\/strong><\/span><\/p>\n<p><span style=\"font-size:16px\">1: A K-Gold tem cerca de 21 anos de experi\u00eancia na \u00e1rea da joalharia e 17 anos de experi\u00eancia de produ\u00e7\u00e3o.<\/span><\/p>\n<p><span style=\"font-size:16px\">2: Tamb\u00e9m a nossa equipa profissional de I &amp; D para garantir que os nossos produtos est\u00e3o constantemente actualizados e \u00e0 frente da ind\u00fastria. Assim, temos mais de 3000 desenhos diferentes e mais de 46 colec\u00e7\u00f5es que podem satisfazer os diferentes pedidos do mercado.<\/span><\/p>\n<p><span style=\"font-size:16px\">3: Para itens personalizados, pode obter CAD no mesmo dia ou no dia seguinte para confirmar os dados antes do in\u00edcio da encomenda.<\/span><\/p>\n<p><span style=\"font-size:16px\">4: O objetivo da K-gold \u00e9 fornecer aos clientes os produtos certos ao pre\u00e7o certo e entregar a tempo.<\/span><\/p>\n<p><span style=\"font-size:16px\">5: Temos uma poderosa equipa de servi\u00e7o ao cliente que acompanha todo o processo de vendas, ajuda-o em qualquer quest\u00e3o, desde o design CAD at\u00e9 \u00e0 entrega.<\/span><\/p>\n<p>&nbsp;<\/p>\n<p><span style=\"font-size:16px\">Servi\u00e7o de F\u00e1brica K-Gold:<\/span><\/p>\n<p><span style=\"font-size:16px\"><img decoding=\"async\" src=\"https:\/\/www.gold-jewellerys.com\/test\/gold-jewellerys.com\/photo\/pl36123473-remark.jpg\"><\/span><\/p>\n<p><span style=\"font-size:16px\"><img decoding=\"async\" src=\"https:\/\/www.gold-jewellerys.com\/test\/gold-jewellerys.com\/photo\/pl36153526-remark.jpg\"><\/span><\/p>\n<p><span style=\"font-size:16px\"><img decoding=\"async\" src=\"https:\/\/www.gold-jewellerys.com\/test\/gold-jewellerys.com\/photo\/pl36219445-remark.jpg\"><\/span><\/p>\n<p><span style=\"font-size:16px\">FAQ:&nbsp;<\/span><\/p>\n<p><span style=\"font-size:16px\">1: Como \u00e9 que podemos obter o pre\u00e7o?<\/span><\/p>\n<p style=\"padding: 0px;border: 0px;font-family: arial\"><span style=\"font-size:16px\"><span>Convidamo-lo a contactar-nos atrav\u00e9s do whatsapp. Basta enviar-nos as fotografias dos artigos que pretende e depois indicar-lhe-emos os pre\u00e7os o mais rapidamente poss\u00edvel.<\/span><\/span><\/p>\n<p style=\"padding: 0px;border: 0px;font-family: arial\">&nbsp;<\/p>\n<p style=\"padding: 0px;border: 0px\"><span style=\"font-size:16px\"><span>Pessoa de contacto:&nbsp;<\/span>Cherry Lee<br data-filtered=\"filtered\" style=\"font-family: arial\" \/><br \/>\n<span>WhatsApp: +86-<\/span>18520267369<span> \/ Diga:+86<\/span>18520267369<br data-filtered=\"filtered\" style=\"font-family: arial\" \/><br \/>\n<span>Correio eletr\u00f3nico:&nbsp;<\/span><br data-filtered=\"filtered\" style=\"font-family: arial\" \/><br \/>\n<span>S\u00edtio Web:&nbsp;<\/span><\/span><\/p>\n<p style=\"padding: 0px;border: 0px;font-family: arial\">&nbsp;<\/p>\n<p style=\"padding: 0px;border: 0px;font-family: arial\"><span style=\"font-size:16px\">2: Posso carimbar o meu pr\u00f3prio log\u00f3tipo?<\/span><\/p>\n<p style=\"padding: 0px;border: 0px;font-family: arial\"><span style=\"font-size:16px\">Sim, normalmente podemos carimbar o log\u00f3tipo gratuitamente, basta enviar-nos o ficheiro ou a fotografia.<\/span><\/p>\n<p style=\"padding: 0px;border: 0px;font-family: arial\">&nbsp;<\/p>\n<p style=\"padding: 0px;border: 0px;font-family: arial\"><span style=\"font-size:16px\">3: Qual \u00e9 a sua forma de pagamento? <\/span><\/p>\n<p style=\"padding: 0px;border: 0px;font-family: arial\"><span style=\"font-size:16px\">O pagamento pode ser efectuado por T\/T, Western Union, Paypal. Dep\u00f3sito de 30%, saldo de 70% pago antes do envio.<\/span><\/p>\n<p style=\"padding: 0px;border: 0px;font-family: arial\">&nbsp;<\/p>\n<p style=\"padding: 0px;border: 0px\"><span style=\"font-family:arial,helvetica,sans-serif\"><span style=\"font-size:16px\">4: Posso obter um certificado?<\/span><\/span><\/p>\n<p><span style=\"font-size:16px\">Sim, h\u00e1 o certificado se precisar e o pre\u00e7o n\u00e3o inclui a taxa. O diamante tem certificado GIA ou n\u00e3o, basta avisar-me porque h\u00e1 diferen\u00e7a de pre\u00e7o.<\/span><\/p>\n<p>&nbsp;<\/p>\n<p><span style=\"font-size:16px\">5: Posso enviar-vos a pedra e voc\u00eas fazem as j\u00f3ias para n\u00f3s?<\/span><\/p>\n<p><span style=\"font-size:16px\">Sim, pode enviar-nos a pedra, e podemos fazer as j\u00f3ias de acordo com o tamanho da sua pedra.<\/span><\/p>\n<p>&nbsp;<\/p>\n<p><span style=\"font-size:16px\"><span>6: <\/span>E quanto \u00e0 qualidade dos vossos diamantes?<\/span><\/p>\n<p><span style=\"font-size:16px\">N\u00f3s sempre usamos diamantes naturais VS, SI G-H, se voc\u00ea quiser mudar para VVS tamb\u00e9m est\u00e3o dispon\u00edveis, podemos citar o pre\u00e7o exato accoring seu pedido.<\/span><\/p>\n<p>&nbsp;<\/p><\/p>","protected":false},"excerpt":{"rendered":"<br \/>\n<table class=\"tables data\" width=\"100%\" border=\"0\" cellpadding=\"0\" cellspacing=\"0\">\n<tbody>\n<tr>\n<th width=\"35%\">Local de origem:<\/th>\n<td>China<\/td>\n<\/tr>\n<tr>\n<th width=\"35%\">Nome da marca:<\/th>\n<td>J\u00f3ias de ouro K<\/td>\n<\/tr>\n<tr>\n<th width=\"35%\">Certifica\u00e7\u00e3o:<\/th>\n<td>Certificado de joalharia<\/td>\n<\/tr>\n<tr>\n<th width=\"35%\">N\u00famero do modelo:<\/th>\n<td>KD061P<\/td>\n<\/tr>\n<\/tbody>\n<\/table>\n<p>                                                                            <span class=\"title_s\">Condi\u00e7\u00f5es de pagamento e envio:<\/span>                            <\/p>\n<table class=\"tables data\" width=\"100%\" border=\"0\" cellpadding=\"0\" cellspacing=\"0\">\n<tbody>\n<tr>\n<th width=\"35%\" nowrap=\"nowrap\">Quantidade m\u00ednima de encomenda:<\/th>\n<td>3<\/td>\n<\/tr>\n<tr>\n<th width=\"35%\" nowrap=\"nowrap\">Pre\u00e7o:<\/th>\n<td>Negoci\u00e1vel<\/td>\n<\/tr>\n<tr>\n<th width=\"35%\" nowrap=\"nowrap\">Detalhes da embalagem:<\/th>\n<td>Saco PP espesso normal<\/td>\n<\/tr>\n<tr>\n<th width=\"35%\" nowrap=\"nowrap\">Prazo de entrega:<\/th>\n<td>5-15 dias \u00fateis<\/td>\n<\/tr>\n<tr>\n<th width=\"35%\" nowrap=\"nowrap\">Condi\u00e7\u00f5es de pagamento:<\/th>\n<td>T\/T, Western Union<\/td>\n<\/tr>\n<tr>\n<th width=\"35%\" nowrap=\"nowrap\">Capacidade de fornecimento:<\/th>\n<td>2000pcs\/m\u00eas<\/td>\n<\/tr>\n<\/tbody>\n<\/table>","protected":false},"featured_media":4375,"comment_status":"closed","ping_status":"closed","template":"","meta":{"_gspb_post_css":""},"product_brand":[],"product_cat":[22],"product_tag":[],"class_list":{"0":"post-4377","1":"product","2":"type-product","3":"status-publish","4":"has-post-thumbnail","6":"product_cat-customized-silver-jewelry","8":"first","9":"instock","10":"shipping-taxable","11":"product-type-simple"},"aioseo_notices":[],"_links":{"self":[{"href":"https:\/\/dearjewelry.ltd\/pt\/wp-json\/wp\/v2\/product\/4377","targetHints":{"allow":["GET"]}}],"collection":[{"href":"https:\/\/dearjewelry.ltd\/pt\/wp-json\/wp\/v2\/product"}],"about":[{"href":"https:\/\/dearjewelry.ltd\/pt\/wp-json\/wp\/v2\/types\/product"}],"replies":[{"embeddable":true,"href":"https:\/\/dearjewelry.ltd\/pt\/wp-json\/wp\/v2\/comments?post=4377"}],"wp:featuredmedia":[{"embeddable":true,"href":"https:\/\/dearjewelry.ltd\/pt\/wp-json\/wp\/v2\/media\/4375"}],"wp:attachment":[{"href":"https:\/\/dearjewelry.ltd\/pt\/wp-json\/wp\/v2\/media?parent=4377"}],"wp:term":[{"taxonomy":"product_brand","embeddable":true,"href":"https:\/\/dearjewelry.ltd\/pt\/wp-json\/wp\/v2\/product_brand?post=4377"},{"taxonomy":"product_cat","embeddable":true,"href":"https:\/\/dearjewelry.ltd\/pt\/wp-json\/wp\/v2\/product_cat?post=4377"},{"taxonomy":"product_tag","embeddable":true,"href":"https:\/\/dearjewelry.ltd\/pt\/wp-json\/wp\/v2\/product_tag?post=4377"}],"curies":[{"name":"wp","href":"https:\/\/api.w.org\/{rel}","templated":true}]}}