{"id":3784,"date":"2025-07-13T10:34:08","date_gmt":"2025-07-13T10:34:08","guid":{"rendered":"https:\/\/dearjewelry.ltd\/product\/5x7mm-emerald-cut-diamond-earrings-with-sprinkled-diamond-for-gift\/"},"modified":"2025-07-13T10:34:08","modified_gmt":"2025-07-13T10:34:08","slug":"5x7mm-emerald-cut-diamond-earrings-with-sprinkled-diamond-for-gift","status":"publish","type":"product","link":"https:\/\/dearjewelry.ltd\/pt\/product\/5x7mm-emerald-cut-diamond-earrings-with-sprinkled-diamond-for-gift\/","title":{"rendered":"Brincos de diamante de corte esmeralda 5\u00d77MM com diamante polvilhado para presente"},"content":{"rendered":"<h2>Brincos de diamante de corte esmeralda 5\u00d77MM com diamante polvilhado para presente<\/h2>\n<p> Descri\u00e7\u00e3o<\/p>\n<table cellpadding=\"0\" cellspacing=\"0\" class=\"details_table\">\n<tbody>\n<tr>\n<th>Material:<\/th>\n<td>9K Gold Earring<\/td>\n<th>Tipo de j\u00f3ias:<\/th>\n<td>Emerald Earring<\/td>\n<\/tr>\n<tr class=\"bg_gray\">\n<th>Cortar:<\/th>\n<td>Corte Esmeralda<\/td>\n<th>Pedra min\u00fascula:<\/th>\n<td>Diamante verdadeiro G-H VS1\/SI1\/SI2<\/td>\n<\/tr>\n<tr>\n<th>Tipo de configura\u00e7\u00e3o:<\/th>\n<td>Fixa\u00e7\u00e3o do pino<\/td>\n<th>Personalizar:<\/th>\n<td>Dispon\u00edvel Personalizar<\/td>\n<\/tr>\n<tr class=\"bg_gray\">\n<th>Cor:<\/th>\n<td>Ouro branco \/ Ouro amarelo \/ Ouro amarelo rosa<\/td>\n<th>Ocasi\u00e3o:<\/th>\n<td>Anivers\u00e1rio, Noivado, Prenda, Festa, Casamento<\/td>\n<\/tr>\n<tr>\n<th>Emerald Size:<\/th>\n<td>5*7MM<\/td>\n<th>Tipo de brinco:<\/th>\n<td>Stud Earrings<\/td>\n<\/tr>\n<tr class=\"bg_gray\">\n<th colspan=\"1\">Destaque:<\/th>\n<td colspan=\"3\">\n<h2 style='font-weight: bold;font-size: 14px'>7MM Emerald Cut Diamond Earrings<\/h2>\n<p>, <\/p>\n<h2 style='font-weight: bold;font-size: 14px'>5MM Emerald Cut Diamond Earrings<\/h2>\n<\/td>\n<\/tr>\n<\/tbody>\n<\/table>\n<p><p><strong><span style=\"font-size:16px\">Descri\u00e7\u00e3o do produto:<\/span><\/strong><\/p>\n<p><strong><span style=\"font-size:16px\">9K Gold Earring Emerald Cut Emerald Earrings with Sprinkled Diamond<\/span><\/strong><strong> <\/strong><\/p>\n<table border=\"1\" cellpadding=\"0\" cellspacing=\"0\" style=\"width: 576px\">\n<tbody>\n<tr>\n<td style=\"width: 126px\"><span style=\"font-size:16px\">Item No.<\/span><\/td>\n<td style=\"width: 443px\">KD255E<\/td>\n<\/tr>\n<tr>\n<td style=\"width: 126px\"><span style=\"font-size:16px\">Nome do produto<\/span><\/td>\n<td style=\"width: 443px\">Emerald Cut Emerald Earrings<\/td>\n<\/tr>\n<tr>\n<td style=\"width: 126px\"><span style=\"font-size:16px\">Estilo<\/span><\/td>\n<td style=\"width: 443px\">Emerald Earring<\/td>\n<\/tr>\n<tr>\n<td style=\"width: 126px\"><span style=\"font-size:16px\">Material<\/span><\/td>\n<td style=\"width: 443px\"><span style=\"font-size:16px\">14K\/18K\/10K\/9K<\/span><\/td>\n<\/tr>\n<tr>\n<td style=\"width: 126px\"><span style=\"font-size:16px\">Tipo de defini\u00e7\u00e3o<\/span><\/td>\n<td style=\"width: 443px\"><span style=\"font-size:16px\">Pronga de fixa\u00e7\u00e3o manual<\/span><\/td>\n<\/tr>\n<tr>\n<td style=\"width: 126px\"><span style=\"font-size:16px\">G\u00e9nero<\/span><\/td>\n<td style=\"width: 443px\"><span style=\"font-size:16px\">Senhora, raparigas Yound<\/span><\/td>\n<\/tr>\n<tr>\n<td style=\"width: 126px\">Esmeralda <span style=\"font-size:16px\">Size<\/span><\/td>\n<td style=\"width: 443px\">&nbsp;5*7MM<\/td>\n<\/tr>\n<tr>\n<td style=\"width: 126px\"><span style=\"font-size:16px\">Diamond wt<\/span><\/td>\n<td style=\"width: 443px\"><span style=\"font-size: 16px\">0.24ct<\/span><\/td>\n<\/tr>\n<tr>\n<td style=\"width: 126px\"><span style=\"font-size:16px\">Diamond QTY<\/span><\/td>\n<td style=\"width: 443px\">24pcs<\/td>\n<\/tr>\n<tr>\n<td style=\"width: 126px\"><span style=\"font-size:16px\">Ocasi\u00e3o<\/span><\/td>\n<td style=\"width: 443px\"><span style=\"font-size:16px\">Anivers\u00e1rio, Noivado, Prenda, Festa, Casamento<\/span><\/td>\n<\/tr>\n<tr>\n<td style=\"width: 126px\"><span style=\"font-size:16px\">Tamanho do anel<\/span><\/td>\n<td style=\"width: 443px\"><span style=\"font-size:16px\">Qualquer tamanho dispon\u00edvel #4#5,#6#7#8#9#10#11#12<\/span><\/td>\n<\/tr>\n<\/tbody>\n<\/table>\n<p>&nbsp;<\/p>\n<p><span style=\"font-size:16px\"><span style=\"font-family:arial,helvetica,sans-serif\">Detalhe da produ\u00e7\u00e3o :<\/span><\/span><\/p>\n<p><span style=\"font-size:16px\"><span style=\"font-family:arial,helvetica,sans-serif\">Informa\u00e7\u00f5es sobre o Tiny Diamond:<\/span><br \/>\n<span style=\"font-family: arial, helvetica, sans-serif\">Number of Diamonds : 24 pcs<\/span><br \/>\n<span style=\"font-family: arial, helvetica, sans-serif\">Total Carat Weight: 0.24ct<\/span><br \/>\n<span style=\"font-family: arial, helvetica, sans-serif\">Cor m\u00e9dia: VS1\/SI1\/SI2<\/span><br \/>\n<span style=\"font-family: arial, helvetica, sans-serif\">Claridade m\u00e9dia :G\/H ou <\/span>Personalizar de acordo com as necessidades do cliente<br \/>\n<span style=\"font-family: arial, helvetica, sans-serif\">Corte m\u00e9dio :Excelente<\/span><br \/>\n<span style=\"font-family: arial, helvetica, sans-serif\">Tipo de fixa\u00e7\u00e3o:Fixa\u00e7\u00e3o por pino<\/span><\/span><\/p>\n<p>&nbsp;<\/p>\n<p><span style=\"font-size: 16px\"><span style=\"font-family: arial, helvetica, sans-serif\">Informa\u00e7\u00f5es sobre a pedra principal: <\/span><\/span>Esmeralda natural<br \/>\n<span style=\"font-size: 16px\"><span style=\"font-family: arial, helvetica, sans-serif\">Shape : <\/span><\/span>Esmeralda&nbsp;<span style=\"font-size: 16px\"><span style=\"font-family: arial, helvetica, sans-serif\">Cortar<\/span><\/span><\/p>\n<p><span style=\"font-size: 16px\"><font face=\"arial, helvetica, sans-serif\">Tamanho: <\/font>5*7MM<\/span><\/p>\n<p>\n<span style=\"font-size:16px\">Porqu\u00ea escolher-nos:<br \/>\n1: A K-Gold tem cerca de 21 anos de experi\u00eancia na \u00e1rea da joalharia e 17 anos de experi\u00eancia de produ\u00e7\u00e3o.<br \/>\n2: Tamb\u00e9m a nossa equipa profissional de I &amp; D para garantir que os nossos produtos est\u00e3o constantemente actualizados e \u00e0 frente da ind\u00fastria. Assim, temos mais de 3000 desenhos diferentes e mais de 46 colec\u00e7\u00f5es que podem satisfazer os diferentes pedidos do mercado.<br \/>\n3: Para itens personalizados, pode obter CAD no mesmo dia ou no dia seguinte para confirmar os dados antes do in\u00edcio da encomenda.<br \/>\n4: O objetivo da K-gold \u00e9 fornecer aos clientes os produtos certos ao pre\u00e7o certo e entregar a tempo.<br \/>\n5: Temos uma poderosa equipa de servi\u00e7o ao cliente que acompanha todo o processo de vendas, ajuda-o em qualquer quest\u00e3o, desde o design CAD at\u00e9 \u00e0 entrega.<br \/>\nServi\u00e7o de F\u00e1brica K-Gold:<br \/>\n<img decoding=\"async\" src=\"https:\/\/www.gold-jewellerys.com\/test\/gold-jewellerys.com\/photo\/pl36123473-remark.jpg\"><\/span><\/p>\n<p><span style=\"font-size:16px\"><img decoding=\"async\" src=\"https:\/\/www.gold-jewellerys.com\/test\/gold-jewellerys.com\/photo\/pl36123376-remark.jpg\"><\/span><\/p>\n<p>\n<span style=\"font-size:16px\"><img decoding=\"async\" src=\"https:\/\/www.gold-jewellerys.com\/test\/gold-jewellerys.com\/photo\/pl36123397-remark.jpg\"><br \/>\n<img decoding=\"async\" src=\"https:\/\/www.gold-jewellerys.com\/test\/gold-jewellerys.com\/photo\/pl36219389-remark.jpg\"><\/span><\/p>\n<p><span style=\"font-size:16px\"><img decoding=\"async\" src=\"https:\/\/www.gold-jewellerys.com\/test\/gold-jewellerys.com\/photo\/pl36219445-remark.jpg\"><\/span><\/p>\n<p><span style=\"font-size:16px\">FAQ:<\/span><\/p>\n<p><span style=\"font-size:16px\">1: Como \u00e9 que podemos obter o pre\u00e7o?<\/span><\/p>\n<p><span style=\"font-size:16px\">Convidamo-lo a contactar-nos atrav\u00e9s do whatsapp. Basta enviar-nos as fotografias dos artigos que pretende e depois indicar-lhe-emos os pre\u00e7os o mais rapidamente poss\u00edvel.<\/span><\/p>\n<p>&nbsp;<\/p>\n<p><span style=\"font-size:16px\">Pessoa de contacto: Nancy lee<br \/>\nWhatsApp: +86-18520267369 \/ Tell:+8618520267369<br \/>\nCorreio eletr\u00f3nico: nancy@gzkgold.com<br \/>\nS\u00edtio Web:<\/span><\/p>\n<p>&nbsp;<\/p>\n<p><span style=\"font-size:16px\">2: Podem personalizar o meu log\u00f3tipo?<br \/>\nSim, \u00e9 absolutamente poss\u00edvel, por favor envie-nos o seu LOGOTIPO, n\u00f3s assin\u00e1-lo-emos livremente. Para j\u00f3ias de marca sempre com o logotipo original,<\/span><\/p>\n<p><span style=\"font-size:16px\">e se precisarem de algo mais, digam-me.<\/span><\/p>\n<p>&nbsp;<\/p>\n<p><span style=\"font-size:16px\">3: Como pagar a minha encomenda?<\/span><\/p>\n<p><span style=\"font-size:16px\">Por favor, indique-me a sua encomenda e, em seguida, indicar-lhe-emos o pre\u00e7o do artigo, a taxa de envio e a taxa da caixa original e o montante total. Pode efetuar o pagamento por Western Union \/ T\/T , ou Payoneer, processaremos e enviaremos a sua encomenda o mais rapidamente poss\u00edvel ap\u00f3s o pagamento efectuado.<\/span><\/p>\n<p>&nbsp;<\/p>\n<p><span style=\"font-size:16px\">4: Posso obter um certificado?<\/span><\/p>\n<p><span style=\"font-size:16px\">Sim, h\u00e1 o certificado se precisar e o pre\u00e7o n\u00e3o inclui a taxa. O diamante tem certificado GIA ou n\u00e3o tem certificado.<\/span><\/p>\n<p><span style=\"font-size:16px\">se me informarem porque h\u00e1 diferen\u00e7a de pre\u00e7os .<\/span><\/p>\n<p>&nbsp;<\/p>\n<p><span style=\"font-size:16px\">5. Durante quanto tempo posso receber a minha mercadoria?<\/span><\/p>\n<p><span style=\"font-size:16px\">A encomenda \u00e9 sempre processada ap\u00f3s o dep\u00f3sito da sua encomenda. Tempo de fabrico: 2-10 dias \u00fateis, dependendo do trabalho de design<\/span><\/p>\n<p><span style=\"font-size:16px\">dificuldade, mais 3-7 dias de tempo de envio m\u00e9todo de envio expresso para todo o mundo.<\/span><\/p>\n<p>&nbsp;<\/p>\n<p><span style=\"font-size:16px\">6: Fazem j\u00f3ias para o comprador pessoal ou apenas para o grossista?<br \/>\nNa verdade, estamos a fazer toda a venda para quem vende online ou tem a sua pr\u00f3pria loja para desenhos originais, para a marca de j\u00f3ias permitiu que o comprador pessoal tamb\u00e9m. Voc\u00ea pode encomendar j\u00f3ias de marca de alta qualidade para sua fam\u00edlia, amigos e voc\u00ea mesmo a pre\u00e7os de f\u00e1brica. Tamb\u00e9m ser\u00e1 \u00f3timo se for um revendedor de j\u00f3ias. N\u00f3s forneceremos frete gr\u00e1tis e caixas de marca originais gratuitas se voc\u00ea puder encomendar muitos itens de cada vez. Mais quantidade e melhor pre\u00e7o.<\/span><\/p>\n<p style=\"padding: 0px;border: 0px\">\n&nbsp;<\/p><\/p>","protected":false},"excerpt":{"rendered":"<br \/>\n<table class=\"tables data\" width=\"100%\" border=\"0\" cellpadding=\"0\" cellspacing=\"0\">\n<tbody>\n<tr>\n<th width=\"35%\">Local de origem:<\/th>\n<td>China<\/td>\n<\/tr>\n<tr>\n<th width=\"35%\">Nome da marca:<\/th>\n<td>J\u00f3ias de ouro K<\/td>\n<\/tr>\n<tr>\n<th width=\"35%\">Certifica\u00e7\u00e3o:<\/th>\n<td>Certificado de joalharia<\/td>\n<\/tr>\n<tr>\n<th width=\"35%\">N\u00famero do modelo:<\/th>\n<td>KD255E<\/td>\n<\/tr>\n<\/tbody>\n<\/table>\n<p>                                                                            <span class=\"title_s\">Condi\u00e7\u00f5es de pagamento e envio:<\/span>                            <\/p>\n<table class=\"tables data\" width=\"100%\" border=\"0\" cellpadding=\"0\" cellspacing=\"0\">\n<tbody>\n<tr>\n<th width=\"35%\" nowrap=\"nowrap\">Quantidade m\u00ednima de encomenda:<\/th>\n<td>3<\/td>\n<\/tr>\n<tr>\n<th width=\"35%\" nowrap=\"nowrap\">Pre\u00e7o:<\/th>\n<td>Negoci\u00e1vel<\/td>\n<\/tr>\n<tr>\n<th width=\"35%\" nowrap=\"nowrap\">Detalhes da embalagem:<\/th>\n<td>Saco PP grosso padr\u00e3o, a marca vir\u00e1 com a marca Embalagem<\/td>\n<\/tr>\n<tr>\n<th width=\"35%\" nowrap=\"nowrap\">Prazo de entrega:<\/th>\n<td>5-15 dias \u00fateis<\/td>\n<\/tr>\n<tr>\n<th width=\"35%\" nowrap=\"nowrap\">Condi\u00e7\u00f5es de pagamento:<\/th>\n<td>T\/T, Western Union<\/td>\n<\/tr>\n<tr>\n<th width=\"35%\" nowrap=\"nowrap\">Capacidade de fornecimento:<\/th>\n<td>2000pcs\/m\u00eas<\/td>\n<\/tr>\n<\/tbody>\n<\/table>","protected":false},"featured_media":3778,"comment_status":"closed","ping_status":"closed","template":"","meta":{"_gspb_post_css":""},"product_brand":[],"product_cat":[24],"product_tag":[],"class_list":{"0":"post-3784","1":"product","2":"type-product","3":"status-publish","4":"has-post-thumbnail","6":"product_cat-alexandrite-silver-jewelry","8":"first","9":"instock","10":"shipping-taxable","11":"product-type-simple"},"aioseo_notices":[],"_links":{"self":[{"href":"https:\/\/dearjewelry.ltd\/pt\/wp-json\/wp\/v2\/product\/3784","targetHints":{"allow":["GET"]}}],"collection":[{"href":"https:\/\/dearjewelry.ltd\/pt\/wp-json\/wp\/v2\/product"}],"about":[{"href":"https:\/\/dearjewelry.ltd\/pt\/wp-json\/wp\/v2\/types\/product"}],"replies":[{"embeddable":true,"href":"https:\/\/dearjewelry.ltd\/pt\/wp-json\/wp\/v2\/comments?post=3784"}],"wp:featuredmedia":[{"embeddable":true,"href":"https:\/\/dearjewelry.ltd\/pt\/wp-json\/wp\/v2\/media\/3778"}],"wp:attachment":[{"href":"https:\/\/dearjewelry.ltd\/pt\/wp-json\/wp\/v2\/media?parent=3784"}],"wp:term":[{"taxonomy":"product_brand","embeddable":true,"href":"https:\/\/dearjewelry.ltd\/pt\/wp-json\/wp\/v2\/product_brand?post=3784"},{"taxonomy":"product_cat","embeddable":true,"href":"https:\/\/dearjewelry.ltd\/pt\/wp-json\/wp\/v2\/product_cat?post=3784"},{"taxonomy":"product_tag","embeddable":true,"href":"https:\/\/dearjewelry.ltd\/pt\/wp-json\/wp\/v2\/product_tag?post=3784"}],"curies":[{"name":"wp","href":"https:\/\/api.w.org\/{rel}","templated":true}]}}