{"id":3737,"date":"2025-07-13T10:33:50","date_gmt":"2025-07-13T10:33:50","guid":{"rendered":"https:\/\/dearjewelry.ltd\/product\/anniversary-gold-skull-earrings-3x5mm-prong-hand-setting-type-odm\/"},"modified":"2025-07-13T10:33:50","modified_gmt":"2025-07-13T10:33:50","slug":"anniversary-gold-skull-earrings-3x5mm-prong-hand-setting-type-odm","status":"publish","type":"product","link":"https:\/\/dearjewelry.ltd\/pt\/product\/anniversary-gold-skull-earrings-3x5mm-prong-hand-setting-type-odm\/","title":{"rendered":"Brincos de caveira em ouro para anivers\u00e1rio 3\u00d75MM com pino de fixa\u00e7\u00e3o manual Tipo ODM"},"content":{"rendered":"<h2>Brincos de caveira em ouro para anivers\u00e1rio 3\u00d75MM com pino de fixa\u00e7\u00e3o manual Tipo ODM<\/h2>\n<p> Descri\u00e7\u00e3o<\/p>\n<table cellpadding=\"0\" cellspacing=\"0\" class=\"details_table\">\n<tbody>\n<tr>\n<th>Material:<\/th>\n<td>9K\/10K\/14K\/18K<\/td>\n<th>Forma:<\/th>\n<td>Skull Earrings<\/td>\n<\/tr>\n<tr class=\"bg_gray\">\n<th>Personalizar:<\/th>\n<td>Dispon\u00edvel Personalizar<\/td>\n<th>Cor:<\/th>\n<td>Ouro branco \/ Ouro amarelo \/ Ouro amarelo rosa<\/td>\n<\/tr>\n<tr>\n<th>Estilo:<\/th>\n<td>Moon  Earrings<\/td>\n<th>Amostra:<\/th>\n<td>Amostra dispon\u00edvel<\/td>\n<\/tr>\n<tr class=\"bg_gray\">\n<th>Tipo de brincos:<\/th>\n<td>Stud Earrings<\/td>\n<th>Tamanho:<\/th>\n<td>About 3*5 MM<\/td>\n<\/tr>\n<tr>\n<th colspan=\"1\">Luz alta:<\/th>\n<td colspan=\"3\">\n<h2 style='font-weight: bold;font-size: 14px'>Gold Skull Earrings 5MM<\/h2>\n<p>, <\/p>\n<h2 style='font-weight: bold;font-size: 14px'>Gold Skull Earrings 3MM<\/h2>\n<p>, <\/p>\n<h2 style='font-weight: bold;font-size: 14px'>ODM Skull Gold Earrings<\/h2>\n<\/td>\n<\/tr>\n<\/tbody>\n<\/table>\n<p><p><strong><span style=\"font-size:16px\"><span style=\"font-family:arial,helvetica,sans-serif\">Descri\u00e7\u00e3o do produto:<\/span><\/span><\/strong><\/p>\n<p><strong>9K Gold Earring Skull Stud Earrings Solid K Gold Small Studs Earrings<\/strong><strong><span style=\"font-size:16px\"> <\/span><\/strong><\/p>\n<table border=\"1\" cellpadding=\"0\" cellspacing=\"0\" style=\"width: 576px\">\n<tbody>\n<tr>\n<td style=\"width: 126px\"><span style=\"font-size:16px\">Item No.<\/span><\/td>\n<td style=\"width: 443px\">KD223E<\/td>\n<\/tr>\n<tr>\n<td style=\"width: 126px\"><span style=\"font-size:16px\">Nome do produto<\/span><\/td>\n<td style=\"width: 443px\"><span style=\"font-size:16px\">9K Gold Skull Earrings<\/span><\/td>\n<\/tr>\n<tr>\n<td style=\"width: 126px\"><span style=\"font-size:16px\">Estilo<\/span><\/td>\n<td style=\"width: 443px\"><span style=\"font-size:16px\">9K Gold Stud Earrings<\/span><\/td>\n<\/tr>\n<tr>\n<td style=\"width: 126px\"><span style=\"font-size:16px\">Material<\/span><\/td>\n<td style=\"width: 443px\"><span style=\"font-size:16px\">9K\/10K\/14K\/18K\/22K\/24K<\/span><\/td>\n<\/tr>\n<tr>\n<td style=\"width: 126px\"><span style=\"font-size:16px\">Tipo de defini\u00e7\u00e3o<\/span><\/td>\n<td style=\"width: 443px\"><span style=\"font-size:16px\">Pronga de fixa\u00e7\u00e3o manual<\/span><\/td>\n<\/tr>\n<tr>\n<td style=\"width: 126px\"><span style=\"font-size:16px\">G\u00e9nero<\/span><\/td>\n<td style=\"width: 443px\"><span style=\"font-size:16px\">Senhora, raparigas Yound<\/span><\/td>\n<\/tr>\n<tr>\n<td style=\"width: 126px\"><span style=\"font-size:16px\">Pedra min\u00fascula<\/span><\/td>\n<td style=\"width: 443px\"><span style=\"font-size: 16px\">&nbsp;\/<\/span><\/td>\n<\/tr>\n<tr>\n<td style=\"width: 126px\"><span style=\"font-size:16px\">Pedra principal<\/span><\/td>\n<td style=\"width: 443px\"><span style=\"font-size:16px\">\/<\/span><\/td>\n<\/tr>\n<tr>\n<td style=\"width: 126px\"><span style=\"font-size:16px\">Dimens\u00e3o<\/span><\/td>\n<td style=\"width: 443px\"><span style=\"font-size:16px\">&nbsp;about 3*5 MM<\/span><\/td>\n<\/tr>\n<tr>\n<td style=\"width: 126px\"><span style=\"font-size:16px\">Ocasi\u00e3o<\/span><\/td>\n<td style=\"width: 443px\"><span style=\"font-size:16px\">Anivers\u00e1rio, Noivado, Prenda, Festa, Casamento<\/span><\/td>\n<\/tr>\n<tr>\n<td style=\"width: 126px\">Estilo<\/td>\n<td style=\"width: 443px\">&nbsp;Unique Stud Earrings<\/td>\n<\/tr>\n<\/tbody>\n<\/table>\n<p>\n<span style=\"font-size:16px\"><strong><span style=\"font-family:arial,helvetica,sans-serif\">Detalhe da produ\u00e7\u00e3o :<\/span><\/strong><\/span><br \/>\n<span style=\"font-size:16px\"><font face=\"arial, helvetica, sans-serif\">Size: About 3*5 MM&nbsp;<\/font><\/span><\/p>\n<p>\n<span style=\"font-size:16px\"><span style=\"font-family:arial,helvetica,sans-serif\">Porqu\u00ea escolher-nos:<\/span><br \/>\n<span style=\"font-family:arial,helvetica,sans-serif\">1: A K-Gold tem cerca de 21 anos de experi\u00eancia na \u00e1rea da joalharia e 17 anos de experi\u00eancia de produ\u00e7\u00e3o.<\/span><br \/>\n<span style=\"font-family:arial,helvetica,sans-serif\">2: Tamb\u00e9m a nossa equipa profissional de I &amp; D para garantir que os nossos produtos est\u00e3o constantemente actualizados e \u00e0 frente da ind\u00fastria. Assim, temos mais de 3000 desenhos diferentes e mais de 46 colec\u00e7\u00f5es que podem satisfazer os diferentes pedidos do mercado.<\/span><br \/>\n<span style=\"font-family:arial,helvetica,sans-serif\">3: Para itens personalizados, pode obter CAD no mesmo dia ou no dia seguinte para confirmar os dados antes do in\u00edcio da encomenda.<\/span><br \/>\n<span style=\"font-family:arial,helvetica,sans-serif\">4: O objetivo da K-gold \u00e9 fornecer aos clientes os produtos certos ao pre\u00e7o certo e entregar a tempo.<\/span><br \/>\n<span style=\"font-family:arial,helvetica,sans-serif\">5: Temos uma poderosa equipa de servi\u00e7o ao cliente que acompanha todo o processo de vendas, ajuda-o em qualquer quest\u00e3o, desde o design CAD at\u00e9 \u00e0 entrega.<\/span><br \/>\n<span style=\"font-family:arial,helvetica,sans-serif\">Servi\u00e7o de F\u00e1brica K-Gold:<\/span><\/span><\/p>\n<p><span style=\"font-size:16px\"><img decoding=\"async\" src=\"https:\/\/www.gold-jewellerys.com\/test\/gold-jewellerys.com\/photo\/pl36123376-remark.jpg\"><\/span><\/p>\n<p><span style=\"font-size:16px\"><img decoding=\"async\" src=\"https:\/\/www.gold-jewellerys.com\/test\/gold-jewellerys.com\/photo\/pl36219389-remark.jpg\"><\/span><\/p>\n<p><span style=\"font-size:16px\"><img decoding=\"async\" src=\"https:\/\/www.gold-jewellerys.com\/test\/gold-jewellerys.com\/photo\/pl36219445-remark.jpg\"><\/span><\/p>\n<p><span style=\"font-size:16px\">FAQ:<\/span><\/p>\n<p><span style=\"font-size:16px\"><span style=\"font-family:arial,helvetica,sans-serif\">1: Are you factory or wholesaler or trading company? <\/span><\/span><\/p>\n<p><span style=\"font-size:16px\"><span style=\"font-family:arial,helvetica,sans-serif\">Somos um fabricante de j\u00f3ias com mais de 17 anos de experi\u00eancia.<\/span><\/span><\/p>\n<p>&nbsp;<\/p>\n<p><span style=\"font-size:16px\">Pessoa de contacto: Nancy lee<br \/>\nWhatsApp: +86-18520267369 \/ Tell:+8618520267369<br \/>\nCorreio eletr\u00f3nico: nancy@gzkgold.com<br \/>\nS\u00edtio Web:<\/span><\/p>\n<p>&nbsp;<\/p>\n<p><span style=\"font-size:16px\"><span style=\"font-family:arial,helvetica,sans-serif\">2: Est\u00e3o dispon\u00edveis desenhos personalizados, carimbo de log\u00f3tipo e OEM?<\/span><\/span><\/p>\n<p><span style=\"font-size:16px\"><span style=\"font-family:arial,helvetica,sans-serif\">Sim, desenhos personalizados, carimbo de log\u00f3tipo e OEM s\u00e3o sempre bem-vindos<\/span><\/span><\/p>\n<p>&nbsp;<\/p>\n<p><span style=\"font-size:16px\">3: Como pagar a minha encomenda?<\/span><\/p>\n<p><span style=\"font-size:16px\">Por favor, indique-me a sua encomenda e, em seguida, indicar-lhe-emos o pre\u00e7o do artigo, a taxa de envio e a taxa da caixa original e o montante total. Pode efetuar o pagamento por Western Union \/ T\/T , ou Payoneer, processaremos e enviaremos a sua encomenda o mais rapidamente poss\u00edvel ap\u00f3s o pagamento efectuado.<\/span><\/p>\n<p>&nbsp;<\/p>\n<p><span style=\"font-size:16px\">4:Posso obter um certificado?<\/span><\/p>\n<p><span style=\"font-size:16px\">Yes, there have the certificated if you need and price will not include the fee. The Diamond there GIA certificated or without it just let me know becuase there price difference .<\/span><\/p>\n<p>&nbsp;<\/p>\n<p><span style=\"font-size:16px\">5. How about the package?<\/span><\/p>\n<p><span style=\"font-size:16px\">We usually use PP bag for individual pieces,if you have any other special package,like gift or velvet bag,it will be charge at cost.<\/span><\/p>\n<p>&nbsp;<\/p>\n<p><span style=\"font-size:16px\">6: Fazem j\u00f3ias para o comprador pessoal ou apenas para o grossista?<br \/>\nNa verdade, estamos a fazer toda a venda para quem vende online ou tem a sua pr\u00f3pria loja para desenhos originais, para a marca de j\u00f3ias permitiu que o comprador pessoal tamb\u00e9m. Voc\u00ea pode encomendar j\u00f3ias de marca de alta qualidade para sua fam\u00edlia, amigos e voc\u00ea mesmo a pre\u00e7os de f\u00e1brica. Tamb\u00e9m ser\u00e1 \u00f3timo se for um revendedor de j\u00f3ias. N\u00f3s forneceremos frete gr\u00e1tis e caixas de marca originais gratuitas se voc\u00ea puder encomendar muitos itens de cada vez. Mais quantidade e melhor pre\u00e7o.<\/span><\/p>\n<p style=\"padding: 0px;border: 0px\">\n&nbsp;<\/p><\/p>","protected":false},"excerpt":{"rendered":"<br \/>\n<table class=\"tables data\" width=\"100%\" border=\"0\" cellpadding=\"0\" cellspacing=\"0\">\n<tbody>\n<tr>\n<th width=\"35%\">Local de origem:<\/th>\n<td>China<\/td>\n<\/tr>\n<tr>\n<th width=\"35%\">Nome da marca:<\/th>\n<td>J\u00f3ias de ouro K<\/td>\n<\/tr>\n<tr>\n<th width=\"35%\">Certifica\u00e7\u00e3o:<\/th>\n<td>Certificado de joalharia<\/td>\n<\/tr>\n<tr>\n<th width=\"35%\">N\u00famero do modelo:<\/th>\n<td>KD223E<\/td>\n<\/tr>\n<\/tbody>\n<\/table>\n<p>                                                                            <span class=\"title_s\">Condi\u00e7\u00f5es de pagamento e envio:<\/span>                            <\/p>\n<table class=\"tables data\" width=\"100%\" border=\"0\" cellpadding=\"0\" cellspacing=\"0\">\n<tbody>\n<tr>\n<th width=\"35%\" nowrap=\"nowrap\">Quantidade m\u00ednima de encomenda:<\/th>\n<td>3<\/td>\n<\/tr>\n<tr>\n<th width=\"35%\" nowrap=\"nowrap\">Pre\u00e7o:<\/th>\n<td>Negoci\u00e1vel<\/td>\n<\/tr>\n<tr>\n<th width=\"35%\" nowrap=\"nowrap\">Detalhes da embalagem:<\/th>\n<td>Saco PP grosso padr\u00e3o, a marca vir\u00e1 com a marca Embalagem<\/td>\n<\/tr>\n<tr>\n<th width=\"35%\" nowrap=\"nowrap\">Prazo de entrega:<\/th>\n<td>5-15 dias \u00fateis<\/td>\n<\/tr>\n<tr>\n<th width=\"35%\" nowrap=\"nowrap\">Condi\u00e7\u00f5es de pagamento:<\/th>\n<td>T\/T, Western Union<\/td>\n<\/tr>\n<tr>\n<th width=\"35%\" nowrap=\"nowrap\">Capacidade de fornecimento:<\/th>\n<td>2000pcs\/m\u00eas<\/td>\n<\/tr>\n<\/tbody>\n<\/table>","protected":false},"featured_media":3732,"comment_status":"closed","ping_status":"closed","template":"","meta":{"_gspb_post_css":""},"product_brand":[],"product_cat":[24],"product_tag":[],"class_list":{"0":"post-3737","1":"product","2":"type-product","3":"status-publish","4":"has-post-thumbnail","6":"product_cat-alexandrite-silver-jewelry","8":"first","9":"instock","10":"shipping-taxable","11":"product-type-simple"},"aioseo_notices":[],"_links":{"self":[{"href":"https:\/\/dearjewelry.ltd\/pt\/wp-json\/wp\/v2\/product\/3737","targetHints":{"allow":["GET"]}}],"collection":[{"href":"https:\/\/dearjewelry.ltd\/pt\/wp-json\/wp\/v2\/product"}],"about":[{"href":"https:\/\/dearjewelry.ltd\/pt\/wp-json\/wp\/v2\/types\/product"}],"replies":[{"embeddable":true,"href":"https:\/\/dearjewelry.ltd\/pt\/wp-json\/wp\/v2\/comments?post=3737"}],"wp:featuredmedia":[{"embeddable":true,"href":"https:\/\/dearjewelry.ltd\/pt\/wp-json\/wp\/v2\/media\/3732"}],"wp:attachment":[{"href":"https:\/\/dearjewelry.ltd\/pt\/wp-json\/wp\/v2\/media?parent=3737"}],"wp:term":[{"taxonomy":"product_brand","embeddable":true,"href":"https:\/\/dearjewelry.ltd\/pt\/wp-json\/wp\/v2\/product_brand?post=3737"},{"taxonomy":"product_cat","embeddable":true,"href":"https:\/\/dearjewelry.ltd\/pt\/wp-json\/wp\/v2\/product_cat?post=3737"},{"taxonomy":"product_tag","embeddable":true,"href":"https:\/\/dearjewelry.ltd\/pt\/wp-json\/wp\/v2\/product_tag?post=3737"}],"curies":[{"name":"wp","href":"https:\/\/api.w.org\/{rel}","templated":true}]}}