{"id":3715,"date":"2025-07-13T10:33:41","date_gmt":"2025-07-13T10:33:41","guid":{"rendered":"https:\/\/dearjewelry.ltd\/product\/0-06ct-diamond-huggie-hoop-earrings-8mm-7mm-6mm-size-1-3-1-5g-weight\/"},"modified":"2025-07-13T10:33:41","modified_gmt":"2025-07-13T10:33:41","slug":"0-06ct-diamante-huggie-hoop-brincos-8mm-7mm-6mm-tamanho-1-3-1-5g-peso","status":"publish","type":"product","link":"https:\/\/dearjewelry.ltd\/pt\/product\/0-06ct-diamante-huggie-hoop-brincos-8mm-7mm-6mm-tamanho-1-3-1-5g-peso\/","title":{"rendered":"Brincos de argola de diamante 0.06ct 8mm 7mm 6mm tamanho 1.3-1.5g Peso"},"content":{"rendered":"<h2>Brincos de argola de diamante 0.06ct 8mm 7mm 6mm tamanho 1.3-1.5g Peso<\/h2>\n<p> Descri\u00e7\u00e3o<\/p>\n<table cellpadding=\"0\" cellspacing=\"0\" class=\"details_table\">\n<tbody>\n<tr>\n<th>Material:<\/th>\n<td>9K\/10K\/14K\/18K<\/td>\n<th>Brincos de argola:<\/th>\n<td>Brincos de argola Huggie<\/td>\n<\/tr>\n<tr class=\"bg_gray\">\n<th>Personalizar:<\/th>\n<td>Dispon\u00edvel Personalizar<\/td>\n<th>Cor:<\/th>\n<td>Ouro branco \/ Ouro amarelo \/ Ouro amarelo rosa<\/td>\n<\/tr>\n<tr>\n<th>Ocasi\u00e3o:<\/th>\n<td>Anivers\u00e1rio, Noivado, Prenda, Festa, Casamento<\/td>\n<th>Amostra:<\/th>\n<td>Amostra dispon\u00edvel<\/td>\n<\/tr>\n<tr class=\"bg_gray\">\n<th>Tipo de brincos:<\/th>\n<td>Brincos Huggie<\/td>\n<th>Peso:<\/th>\n<td>Aproximadamente 1,3-1,5 G<\/td>\n<\/tr>\n<tr>\n<th>Espessura:<\/th>\n<td>1,3-1,4 Mm<\/td>\n<th>Di\u00e2metro interior:<\/th>\n<td>5mm, 6 Mm, 7 Mm, 8mm<\/td>\n<\/tr>\n<tr class=\"bg_gray\">\n<th colspan=\"1\">Destaque:<\/th>\n<td colspan=\"3\">\n<h2 style='font-weight: bold;font-size: 14px'>Brincos de argola de diamante de 0.06ct<\/h2>\n<p>, <\/p>\n<h2 style='font-weight: bold;font-size: 14px'>Brincos de argola com diamantes de 1,3 g<\/h2>\n<p>, <\/p>\n<h2 style='font-weight: bold;font-size: 14px'>Brincos de diamante Huggie Hoop de 1,5 g<\/h2>\n<\/td>\n<\/tr>\n<\/tbody>\n<\/table>\n<p><p><span>&nbsp;<\/span><span style=\"font-family:arial,helvetica,sans-serif\"><strong>Descri\u00e7\u00e3o do produto:<\/strong><\/span><\/p>\n<p><strong><span style=\"font-size:16px\"><span style=\"font-family:arial,helvetica,sans-serif\">Brinco de ouro 9K Brincos de argola pequenos Brincos de argola com diamantes reais<\/span><\/span><\/strong><span style=\"font-size:16px\"><span style=\"font-family:arial,helvetica,sans-serif\"><strong> <\/strong><\/span><\/span><\/p>\n<table border=\"1\" cellpadding=\"0\" cellspacing=\"0\" style=\"width: 576px\">\n<tbody>\n<tr>\n<td style=\"width: 126px\"><span style=\"font-size:16px\"><span style=\"font-family:arial,helvetica,sans-serif\">Item No.<\/span><\/span><\/td>\n<td style=\"width: 443px\">KD219E<\/td>\n<\/tr>\n<tr>\n<td style=\"width: 126px\"><span style=\"font-size:16px\"><span style=\"font-family:arial,helvetica,sans-serif\">Nome do produto<\/span><\/span><\/td>\n<td style=\"width: 443px\"><span style=\"font-size:16px\"><span style=\"font-family:arial,helvetica,sans-serif\">Brincos de argola pequena 9K<\/span><\/span><\/td>\n<\/tr>\n<tr>\n<td style=\"width: 126px\"><span style=\"font-size:16px\"><span style=\"font-family:arial,helvetica,sans-serif\">Estilo<\/span><\/span><\/td>\n<td style=\"width: 443px\"><span style=\"font-size:16px\"><span style=\"font-family:arial,helvetica,sans-serif\">Brincos de argola em ouro 9K<\/span><\/span><\/td>\n<\/tr>\n<tr>\n<td style=\"width: 126px\"><span style=\"font-size:16px\"><span style=\"font-family:arial,helvetica,sans-serif\">Material<\/span><\/span><\/td>\n<td style=\"width: 443px\"><span style=\"font-size:16px\"><span style=\"font-family:arial,helvetica,sans-serif\">9K\/10K\/14K\/18K\/22K\/24K<\/span><\/span><\/td>\n<\/tr>\n<tr>\n<td style=\"width: 126px\"><span style=\"font-size:16px\"><span style=\"font-family:arial,helvetica,sans-serif\">Tipo de defini\u00e7\u00e3o<\/span><\/span><\/td>\n<td style=\"width: 443px\"><span style=\"font-size:16px\"><span style=\"font-family:arial,helvetica,sans-serif\">Pronga de fixa\u00e7\u00e3o manual<\/span><\/span><\/td>\n<\/tr>\n<tr>\n<td style=\"width: 126px\"><span style=\"font-size:16px\"><span style=\"font-family:arial,helvetica,sans-serif\">G\u00e9nero<\/span><\/span><\/td>\n<td style=\"width: 443px\"><span style=\"font-size:16px\"><span style=\"font-family:arial,helvetica,sans-serif\">Senhora, raparigas Yound<\/span><\/span><\/td>\n<\/tr>\n<tr>\n<td style=\"width: 126px\"><span style=\"font-size:16px\"><span style=\"font-family:arial,helvetica,sans-serif\">Pedra min\u00fascula<\/span><\/span><\/td>\n<td style=\"width: 443px\"><span style=\"font-size:16px\"><span style=\"font-family:arial,helvetica,sans-serif\">&nbsp;\/<\/span><\/span><\/td>\n<\/tr>\n<tr>\n<td style=\"width: 126px\"><span style=\"font-size:16px\"><span style=\"font-family:arial,helvetica,sans-serif\">Pedra principal<\/span><\/span><\/td>\n<td style=\"width: 443px\"><span style=\"font-size:16px\"><span style=\"font-family:arial,helvetica,sans-serif\">Diamante real&nbsp;<\/span><\/span><\/td>\n<\/tr>\n<tr>\n<td style=\"width: 126px\"><span style=\"font-size:16px\"><span style=\"font-family:arial,helvetica,sans-serif\">Dimens\u00e3o<\/span><\/span><\/td>\n<td style=\"width: 443px\">5mm, 6mm, 7mm, 8mm<\/td>\n<\/tr>\n<tr>\n<td style=\"width: 126px\"><span style=\"font-size:16px\"><span style=\"font-family:arial,helvetica,sans-serif\">Ocasi\u00e3o<\/span><\/span><\/td>\n<td style=\"width: 443px\"><span style=\"font-size:16px\"><span style=\"font-family:arial,helvetica,sans-serif\">Anivers\u00e1rio, Noivado, Prenda, Festa, Casamento<\/span><\/span><\/td>\n<\/tr>\n<tr>\n<td style=\"width: 126px\"><span style=\"font-size:16px\"><span style=\"font-family:arial,helvetica,sans-serif\">Estilo<\/span><\/span><\/td>\n<td style=\"width: 443px\"><span style=\"font-size:16px\"><span style=\"font-family:arial,helvetica,sans-serif\">Brincos Huggie de Diamante<\/span><\/span><\/td>\n<\/tr>\n<\/tbody>\n<\/table>\n<p>\n<span style=\"font-size:16px\"><span style=\"font-family:arial,helvetica,sans-serif\"><strong>Detalhe da produ\u00e7\u00e3o :<\/strong><\/span><\/span><\/p>\n<p><span style=\"font-family: arial, helvetica, sans-serif\">Informa\u00e7\u00f5es sobre o Tiny Diamond:<\/span><br \/>\n<span style=\"font-family: arial, helvetica, sans-serif\">N\u00famero de diamantes : 6 pe\u00e7as<\/span><br \/>\n<span style=\"font-family: arial, helvetica, sans-serif\">Peso total em quilates: 0.06ct<\/span><br \/>\n<span style=\"font-family: arial, helvetica, sans-serif\">Cor m\u00e9dia: VS1\/SI1\/SI2<\/span><br \/>\n<span style=\"font-family: arial, helvetica, sans-serif\">Claridade m\u00e9dia :G\/H ou <\/span>Personalizar de acordo com as necessidades do cliente<br \/>\n<span style=\"font-family: arial, helvetica, sans-serif\">Corte m\u00e9dio :Excelente<\/span><br \/>\n<span style=\"font-family: arial, helvetica, sans-serif\">Tipo de fixa\u00e7\u00e3o:Fixa\u00e7\u00e3o por pino<\/span><\/p>\n<p>\n<span style=\"font-size:16px\"><span style=\"font-family:arial,helvetica,sans-serif\">Informa\u00e7\u00f5es sobre a pedra principal:&nbsp;<br \/>\nForma da pedra: Corte redondo<\/span><\/span><\/p>\n<p><span style=\"font-size:16px\"><span style=\"font-family:arial,helvetica,sans-serif\">Dimens\u00e3o: Interior <\/span><\/span>5 mm, 6 mm, 7 mm, 8 mm<\/p>\n<p>Espessura: 1,3-1,4 mm<\/p>\n<p>\n<span style=\"font-size:16px\"><span style=\"font-family:arial,helvetica,sans-serif\">Porqu\u00ea escolher-nos:<br \/>\n1: A K-Gold tem cerca de 21 anos de experi\u00eancia na \u00e1rea da joalharia e 17 anos de experi\u00eancia de produ\u00e7\u00e3o.<br \/>\n2: Tamb\u00e9m a nossa equipa profissional de I &amp; D para garantir que os nossos produtos est\u00e3o constantemente actualizados e \u00e0 frente da ind\u00fastria. Assim, temos mais de 3000 desenhos diferentes e mais de 46 colec\u00e7\u00f5es que podem satisfazer os diferentes pedidos do mercado.<br \/>\n3: Para itens personalizados, pode obter CAD no mesmo dia ou no dia seguinte para confirmar os dados antes do in\u00edcio da encomenda.<br \/>\n4: O objetivo da K-gold \u00e9 fornecer aos clientes os produtos certos ao pre\u00e7o certo e entregar a tempo.<br \/>\n5: Temos uma poderosa equipa de servi\u00e7o ao cliente que acompanha todo o processo de vendas, ajuda-o em qualquer quest\u00e3o, desde o design CAD at\u00e9 \u00e0 entrega.<br \/>\nServi\u00e7o de F\u00e1brica K-Gold:<\/span><\/span><\/p>\n<p>\n<span style=\"font-size:16px\"><span style=\"font-family:arial,helvetica,sans-serif\"><img decoding=\"async\" src=\"https:\/\/www.gold-jewellerys.com\/test\/gold-jewellerys.com\/photo\/pl36219389-remark.jpg\"><br \/>\n<img decoding=\"async\" src=\"https:\/\/www.gold-jewellerys.com\/test\/gold-jewellerys.com\/photo\/pl36230799-remark.jpg\"><\/span><\/span><\/p>\n<p>&nbsp;<\/p>\n<p><span style=\"font-size:16px\"><span style=\"font-family:arial,helvetica,sans-serif\">FAQ:<\/span><\/span><\/p>\n<p><span style=\"font-size:16px\"><span style=\"font-family:arial,helvetica,sans-serif\">1: Qual \u00e9 o prazo de entrega da produ\u00e7\u00e3o?<\/span><\/span><\/p>\n<p><span style=\"font-size:16px\"><span style=\"font-family:arial,helvetica,sans-serif\">Ap\u00f3s a confirma\u00e7\u00e3o do desenho e dos pormenores da pedra, a produ\u00e7\u00e3o demora cerca de 7 a 15 dias \u00fateis.<\/span><\/span><\/p>\n<p>&nbsp;<\/p>\n<p><span style=\"font-size:16px\"><span style=\"font-family:arial,helvetica,sans-serif\">Pessoa de contacto: Nancy lee<br \/>\nWhatsApp: +86-18520267369 \/ Tell:+8618520267369<br \/>\nCorreio eletr\u00f3nico: nancy@gzkgold.com<br \/>\nS\u00edtio Web:<\/span><\/span><\/p>\n<p>&nbsp;<\/p>\n<p><span style=\"font-size:16px\"><span style=\"font-family:arial,helvetica,sans-serif\">2: Est\u00e3o dispon\u00edveis desenhos personalizados, carimbo de log\u00f3tipo e OEM?<\/span><\/span><\/p>\n<p><span style=\"font-size:16px\"><span style=\"font-family:arial,helvetica,sans-serif\">Sim, desenhos personalizados, carimbo de log\u00f3tipo e OEM s\u00e3o sempre bem-vindos<\/span><\/span><\/p>\n<p>&nbsp;<\/p>\n<p><span style=\"font-family:arial,helvetica,sans-serif\"><span style=\"font-size:16px\">3: Podem fazer j\u00f3ias de semi-montagem?<\/span><\/span><\/p>\n<p><span style=\"font-family:arial,helvetica,sans-serif\"><span style=\"font-size:16px\">Sim, claro, temos clientes todos os meses com mais de 60 pe\u00e7as para itens semi-mout, se voc\u00ea tiver pedras, envie-nos ajuda para definir tamb\u00e9m est\u00e3o dispon\u00edveis ou voc\u00ea pode definir a si mesmo.<\/span><\/span><\/p>\n<p>&nbsp;<\/p>\n<p><span style=\"font-size:16px\"><span style=\"font-family:arial,helvetica,sans-serif\">4:Posso obter um certificado?<\/span><\/span><\/p>\n<p><span style=\"font-size:16px\"><span style=\"font-family:arial,helvetica,sans-serif\">Sim, h\u00e1 o certificado se precisar e o pre\u00e7o n\u00e3o inclui a taxa. O diamante tem certificado GIA ou n\u00e3o tem certificado.<\/span><\/span><\/p>\n<p><span style=\"font-size:16px\"><span style=\"font-family:arial,helvetica,sans-serif\">se me informarem porque h\u00e1 diferen\u00e7a de pre\u00e7os .<\/span><\/span><\/p>\n<p>&nbsp;<\/p>\n<p><span style=\"font-size:16px\"><span style=\"font-family:arial,helvetica,sans-serif\">5. Durante quanto tempo posso receber a minha mercadoria?<\/span><\/span><\/p>\n<p><span style=\"font-size:16px\"><span style=\"font-family:arial,helvetica,sans-serif\">A encomenda \u00e9 sempre processada ap\u00f3s o dep\u00f3sito da sua encomenda. Tempo de fabrico: 2-10 dias \u00fateis, dependendo do trabalho de design<\/span><\/span><\/p>\n<p><span style=\"font-size:16px\"><span style=\"font-family:arial,helvetica,sans-serif\">dificuldade, mais 3-7 dias de tempo de envio m\u00e9todo de envio expresso para todo o mundo.<\/span><\/span><\/p>\n<p>&nbsp;<\/p>\n<p><span style=\"font-size:16px\"><span style=\"font-family:arial,helvetica,sans-serif\">6: Fazem j\u00f3ias para o comprador pessoal ou apenas para o grossista?<br \/>\nNa verdade, estamos a fazer toda a venda para quem vende online ou tem a sua pr\u00f3pria loja para desenhos originais, para a marca de j\u00f3ias permitiu que o comprador pessoal tamb\u00e9m. Voc\u00ea pode encomendar j\u00f3ias de marca de alta qualidade para sua fam\u00edlia, amigos e voc\u00ea mesmo a pre\u00e7os de f\u00e1brica. Tamb\u00e9m ser\u00e1 \u00f3timo se for um revendedor de j\u00f3ias. N\u00f3s forneceremos frete gr\u00e1tis e caixas de marca originais gratuitas se voc\u00ea puder encomendar muitos itens de cada vez. Mais quantidade e melhor pre\u00e7o.<\/span><\/span><span>&nbsp;<\/span><\/p>\n<p style=\"padding: 0px;border: 0px\">\n&nbsp;<\/p><\/p>","protected":false},"excerpt":{"rendered":"<br \/>\n<table class=\"tables data\" width=\"100%\" border=\"0\" cellpadding=\"0\" cellspacing=\"0\">\n<tbody>\n<tr>\n<th width=\"35%\">Local de origem:<\/th>\n<td>China<\/td>\n<\/tr>\n<tr>\n<th width=\"35%\">Nome da marca:<\/th>\n<td>J\u00f3ias de ouro K<\/td>\n<\/tr>\n<tr>\n<th width=\"35%\">Certifica\u00e7\u00e3o:<\/th>\n<td>Certificado de joalharia<\/td>\n<\/tr>\n<tr>\n<th width=\"35%\">N\u00famero do modelo:<\/th>\n<td>KD219E<\/td>\n<\/tr>\n<\/tbody>\n<\/table>\n<p>                                                                            <span class=\"title_s\">Condi\u00e7\u00f5es de pagamento e envio:<\/span>                            <\/p>\n<table class=\"tables data\" width=\"100%\" border=\"0\" cellpadding=\"0\" cellspacing=\"0\">\n<tbody>\n<tr>\n<th width=\"35%\" nowrap=\"nowrap\">Quantidade m\u00ednima de encomenda:<\/th>\n<td>3<\/td>\n<\/tr>\n<tr>\n<th width=\"35%\" nowrap=\"nowrap\">Pre\u00e7o:<\/th>\n<td>Negoci\u00e1vel<\/td>\n<\/tr>\n<tr>\n<th width=\"35%\" nowrap=\"nowrap\">Detalhes da embalagem:<\/th>\n<td>Saco PP grosso padr\u00e3o, a marca vir\u00e1 com a marca Embalagem<\/td>\n<\/tr>\n<tr>\n<th width=\"35%\" nowrap=\"nowrap\">Prazo de entrega:<\/th>\n<td>5-15 dias \u00fateis<\/td>\n<\/tr>\n<tr>\n<th width=\"35%\" nowrap=\"nowrap\">Condi\u00e7\u00f5es de pagamento:<\/th>\n<td>T\/T, Western Union<\/td>\n<\/tr>\n<tr>\n<th width=\"35%\" nowrap=\"nowrap\">Capacidade de fornecimento:<\/th>\n<td>2000pcs\/m\u00eas<\/td>\n<\/tr>\n<\/tbody>\n<\/table>\n<p>                                                                                                                                \", \"countrycode\": \"US\"}\");' class=\"btn contact_btn\" style=\"display: inline-block;background:#ff771c url(\/images\/css-sprite.png) -260px -214px;color:#fff;padding:0 13px 0 33px;width:auto;height:25px;line-height:26px;border:0;font-size:13px;border-radius:4px;font-weight:bold;text-decoration:none;\"&gt;<\/p>","protected":false},"featured_media":3713,"comment_status":"closed","ping_status":"closed","template":"","meta":{"_gspb_post_css":""},"product_brand":[],"product_cat":[24],"product_tag":[],"class_list":{"0":"post-3715","1":"product","2":"type-product","3":"status-publish","4":"has-post-thumbnail","6":"product_cat-alexandrite-silver-jewelry","8":"first","9":"instock","10":"shipping-taxable","11":"product-type-simple"},"aioseo_notices":[],"_links":{"self":[{"href":"https:\/\/dearjewelry.ltd\/pt\/wp-json\/wp\/v2\/product\/3715","targetHints":{"allow":["GET"]}}],"collection":[{"href":"https:\/\/dearjewelry.ltd\/pt\/wp-json\/wp\/v2\/product"}],"about":[{"href":"https:\/\/dearjewelry.ltd\/pt\/wp-json\/wp\/v2\/types\/product"}],"replies":[{"embeddable":true,"href":"https:\/\/dearjewelry.ltd\/pt\/wp-json\/wp\/v2\/comments?post=3715"}],"wp:featuredmedia":[{"embeddable":true,"href":"https:\/\/dearjewelry.ltd\/pt\/wp-json\/wp\/v2\/media\/3713"}],"wp:attachment":[{"href":"https:\/\/dearjewelry.ltd\/pt\/wp-json\/wp\/v2\/media?parent=3715"}],"wp:term":[{"taxonomy":"product_brand","embeddable":true,"href":"https:\/\/dearjewelry.ltd\/pt\/wp-json\/wp\/v2\/product_brand?post=3715"},{"taxonomy":"product_cat","embeddable":true,"href":"https:\/\/dearjewelry.ltd\/pt\/wp-json\/wp\/v2\/product_cat?post=3715"},{"taxonomy":"product_tag","embeddable":true,"href":"https:\/\/dearjewelry.ltd\/pt\/wp-json\/wp\/v2\/product_tag?post=3715"}],"curies":[{"name":"wp","href":"https:\/\/api.w.org\/{rel}","templated":true}]}}