{"id":3232,"date":"2025-07-13T10:30:47","date_gmt":"2025-07-13T10:30:47","guid":{"rendered":"https:\/\/dearjewelry.ltd\/product\/chic-silver-925-sterling-silver-heart-pendant-necklace-simulated-emerald-birthstone-necklace\/"},"modified":"2025-07-13T10:30:47","modified_gmt":"2025-07-13T10:30:47","slug":"chic-silver-925-sterling-silver-heart-pendant-necklace-simulated-emerald-birthstone-necklace","status":"publish","type":"product","link":"https:\/\/dearjewelry.ltd\/pt\/product\/chic-silver-925-sterling-silver-heart-pendant-necklace-simulated-emerald-birthstone-necklace\/","title":{"rendered":"Chic Silver 925 Sterling Silver Colar com pingente de cora\u00e7\u00e3o Esmeralda simulada Colar de pedra de nascimento"},"content":{"rendered":"<h2>Chic Silver 925 Sterling Silver Colar com pingente de cora\u00e7\u00e3o Esmeralda simulada Colar de pedra de nascimento<\/h2>\n<p> Descri\u00e7\u00e3o<\/p>\n<table cellpadding=\"0\" cellspacing=\"0\" class=\"details_table\">\n<tbody>\n<tr>\n<th>Material:<\/th>\n<td>Prata esterlina 925<\/td>\n<th>Pedra principal:<\/th>\n<td>Diamante<\/td>\n<\/tr>\n<tr class=\"bg_gray\">\n<th>Tipo de configura\u00e7\u00e3o:<\/th>\n<td>Colar de esmeraldas com crava\u00e7\u00e3o de pinos<\/td>\n<th>Personalizar:<\/th>\n<td>Esmeralda natural<\/td>\n<\/tr>\n<tr>\n<th>Cor:<\/th>\n<td>Verde<\/td>\n<th>Log\u00f3tipo:<\/th>\n<td>Logotipo de carimbo gr\u00e1tis<\/td>\n<\/tr>\n<\/tbody>\n<\/table>\n<p><p><span style=\"font-size:16px\"><strong>Descri\u00e7\u00e3o do produto<\/strong><\/span><span style=\"font-size:16px\"><strong>rip\u00e7\u00e3o:<\/strong><\/span><\/p>\n<p><span style=\"font-size:16px\"><strong>Chic Silver 925 Sterling Silver Colar com pingente de cora\u00e7\u00e3o Esmeralda simulada Colar de pedra de nascimento<\/strong><\/span><\/p>\n<table border=\"1\" cellpadding=\"0\" cellspacing=\"0\" style=\"width: 576px\">\n<tbody>\n<tr>\n<td style=\"width: 126px\"><span style=\"font-size:16px\">Item No.<\/span><\/td>\n<td style=\"width: 444px\">KD676N<\/td>\n<\/tr>\n<tr>\n<td style=\"width: 126px\"><span style=\"font-size:16px\">Nome do produto<\/span><\/td>\n<td style=\"width: 444px\"><span style=\"font-size:16px\">Esmeralda natural <\/span><span style=\"font-size:16px\">Colar<\/span><\/td>\n<\/tr>\n<tr>\n<td style=\"width: 126px\"><span style=\"font-size:16px\">Material<\/span><\/td>\n<td style=\"width: 444px\"><span style=\"font-size: 16px\">Natural<\/span><span style=\"font-size: 16px\"> Esmeralda<\/span><\/td>\n<\/tr>\n<tr>\n<td style=\"width: 126px\"><span style=\"font-size:16px\">G\u00e9nero<\/span><\/td>\n<td style=\"width: 444px\"><span style=\"font-size:16px\">Mulheres<\/span><\/td>\n<\/tr>\n<tr>\n<td style=\"width: 126px\"><span style=\"font-size:16px\">Cor da pedra principal<\/span><\/td>\n<td style=\"width: 444px\">\n<p><span style=\"font-size: 16px\">Verde<\/span><\/p>\n<\/td>\n<\/tr>\n<tr>\n<td style=\"width: 126px\"><span style=\"font-size:16px\">Pedra principal<\/span><\/td>\n<td style=\"width: 444px\"><span style=\"font-size: 16px\">Natural<\/span><span style=\"font-size: 16px\"> Esmeralda<\/span><\/td>\n<\/tr>\n<tr>\n<td style=\"width: 126px\"><span style=\"font-size: 16px\">Log\u00f3tipo<\/span><\/td>\n<td style=\"width: 444px\"><span style=\"font-size:16px\">Logotipo de carimbo gr\u00e1tis<\/span><\/td>\n<\/tr>\n<\/tbody>\n<\/table>\n<p>&nbsp;<\/p>\n<p>\n<span style=\"font-size:16px\"><strong><span style=\"font-family:arial,helvetica,sans-serif\">Detalhe da produ\u00e7\u00e3o :<\/span><\/strong><\/span><\/p>\n<p>&nbsp;<\/p>\n<p><img decoding=\"async\" src=\"https:\/\/www.gold-jewellerys.com\/test\/gold-jewellerys.com\/photo\/pl145116976-remark.jpg\"><img decoding=\"async\" src=\"https:\/\/www.gold-jewellerys.com\/test\/gold-jewellerys.com\/photo\/pl145116975-remark.jpg\"><img decoding=\"async\" src=\"https:\/\/www.gold-jewellerys.com\/test\/gold-jewellerys.com\/photo\/pl145116973-remark.jpg\"><\/p>\n<p>\n<span style=\"font-size:16px\"><span style=\"font-family:arial,helvetica,sans-serif\">Porqu\u00ea escolher-nos:<\/span><br \/>\n<span style=\"font-family:arial,helvetica,sans-serif\">1: A K-Gold tem cerca de 21 anos de experi\u00eancia na \u00e1rea da joalharia e 19 anos de experi\u00eancia de produ\u00e7\u00e3o.<\/span><br \/>\n<span style=\"font-family:arial,helvetica,sans-serif\">2: Tamb\u00e9m a nossa equipa profissional de I &amp; D para garantir que os nossos produtos est\u00e3o constantemente actualizados e \u00e0 frente da ind\u00fastria. Assim, temos mais de 3000 desenhos diferentes e mais de 46 colec\u00e7\u00f5es que podem satisfazer os diferentes pedidos do mercado.<\/span><br \/>\n<span style=\"font-family:arial,helvetica,sans-serif\">3: Para itens personalizados, pode obter CAD no mesmo dia ou no dia seguinte para confirmar os dados antes do in\u00edcio da encomenda.<\/span><br \/>\n<span style=\"font-family:arial,helvetica,sans-serif\">4: O objetivo da K-gold \u00e9 fornecer aos clientes os produtos certos ao pre\u00e7o certo e entregar a tempo.<\/span><br \/>\n<span style=\"font-family:arial,helvetica,sans-serif\">5: Temos uma poderosa equipa de servi\u00e7o ao cliente que acompanha todo o processo de vendas, ajuda-o em qualquer quest\u00e3o, desde o design CAD at\u00e9 \u00e0 entrega.<\/span><\/span><\/p>\n<p>\n<span style=\"font-size:16px\"><span style=\"font-family:arial,helvetica,sans-serif\">Servi\u00e7o de F\u00e1brica K-Gold:<\/span><\/span><br \/>\n&nbsp;<\/p>\n<p><img decoding=\"async\" src=\"https:\/\/www.gold-jewellerys.com\/test\/gold-jewellerys.com\/photo\/pl36153524-remark.jpg\"><\/p>\n<p><img decoding=\"async\" src=\"https:\/\/www.gold-jewellerys.com\/test\/gold-jewellerys.com\/photo\/pl36219389-remark.jpg\"><\/p>\n<p>&nbsp;<\/p>\n<p><span style=\"font-size:9px\"><img decoding=\"async\" alt=\"Chic Silver 925 Sterling Silver Colar com pingente de cora\u00e7\u00e3o Esmeralda simulada Colar de pedra de nascimento 5\" src=\"https:\/\/www.gold-jewellerys.com\/photo\/gold-jewellerys\/editor\/20230221111517_89499.jpg\"><\/span><\/p>\n<p><span style=\"font-size:16px\"><span style=\"font-family:arial,helvetica,sans-serif\">FAQ:<\/span><\/span>.<\/p>\n<p>&nbsp;<\/p>\n<p style=\"margin: 0px;font-size: 14px\"><span style=\"font-size:16px\">1:&nbsp;<\/span>&nbsp;<span style=\"font-size:16px\">\u00c9 um fabricante ou uma empresa comercial?<\/span><\/p>\n<p><span style=\"font-size:16px\">Sim, tamb\u00e9m somos fabricantes e exportadores de ouro puro.<\/span><\/p>\n<p>&nbsp;<\/p>\n<p><span style=\"font-size:16px\"><span style=\"font-family:arial,helvetica,sans-serif\">2:<\/span>Como cuidar das j\u00f3ias de ouro de 14k?<\/span><\/p>\n<p><span style=\"font-size:16px\">Evite manusear produtos qu\u00edmicos agressivos (como cloro ou lix\u00edvia), retire os an\u00e9is durante desportos ou actividades de alto impacto e leve o anel para ser limpo por um profissional uma vez por ano.<\/span><\/p>\n<p><span style=\"font-size:16px\"><span style=\"font-family:arial,helvetica,sans-serif\">&nbsp;<\/span><\/span><span style=\"font-family: arial, helvetica, sans-serif;font-size: 16px\">.<\/span><\/p>\n<p>&nbsp;<\/p>\n<p><span style=\"font-size:16px\"><span style=\"font-family:arial,helvetica,sans-serif\">3:&nbsp;<\/span>Tempo de espera?<\/span><\/p>\n<p><span style=\"font-size:16px\">1-2 semanas para encomendas de amostras, 2-4 semanas para encomendas a granel, podemos avan\u00e7ar mais cedo como quiser<\/span><\/p>\n<p>&nbsp;<\/p>\n<p><span style=\"font-size:16px\"><span style=\"font-family:arial,helvetica,sans-serif\">4:&nbsp;<\/span>Em quanto tempo posso receber a minha encomenda?<br \/>\nEnviamos para todo o mundo com uma gama de op\u00e7\u00f5es de envio (DHL\/ UPS\/TNT\/EMS\/FEDEX), demorar\u00e1 apenas 4~9 dias com base nas diferentes empresas de log\u00edstica<\/span><\/p>\n<p>&nbsp;<\/p>\n<p><span style=\"font-family: arial, helvetica, sans-serif;font-size: 16px\">5:<\/span><span style=\"font-size:16px\">E quanto \u00e0 qualidade dos vossos diamantes?<\/span><\/p>\n<p><span style=\"font-size:16px\">N\u00f3s sempre usamos diamantes naturais VS, SI G-H, se voc\u00ea quiser mudar para VVS tamb\u00e9m est\u00e3o dispon\u00edveis, podemos citar o pre\u00e7o exato accoring seu pedido<\/span><\/p>\n<p style=\"padding: 0px;border: 0px\">&nbsp;<\/p><\/p>","protected":false},"excerpt":{"rendered":"<br \/>\n<table class=\"tables data\" width=\"100%\" border=\"0\" cellpadding=\"0\" cellspacing=\"0\">\n<tbody>\n<tr>\n<th width=\"35%\">Local de origem:<\/th>\n<td>China<\/td>\n<\/tr>\n<tr>\n<th width=\"35%\">Nome da marca:<\/th>\n<td>J\u00f3ias de ouro K<\/td>\n<\/tr>\n<tr>\n<th width=\"35%\">Certifica\u00e7\u00e3o:<\/th>\n<td>Certificado de joalharia<\/td>\n<\/tr>\n<tr>\n<th width=\"35%\">N\u00famero do modelo:<\/th>\n<td>KD677P<\/td>\n<\/tr>\n<\/tbody>\n<\/table>\n<p>                                                                            <span class=\"title_s\">Condi\u00e7\u00f5es de pagamento e envio:<\/span>                            <\/p>\n<table class=\"tables data\" width=\"100%\" border=\"0\" cellpadding=\"0\" cellspacing=\"0\">\n<tbody>\n<tr>\n<th width=\"35%\" nowrap=\"nowrap\">Quantidade m\u00ednima de encomenda:<\/th>\n<td>30<\/td>\n<\/tr>\n<tr>\n<th width=\"35%\" nowrap=\"nowrap\">Pre\u00e7o:<\/th>\n<td>Negoci\u00e1vel<\/td>\n<\/tr>\n<tr>\n<th width=\"35%\" nowrap=\"nowrap\">Detalhes da embalagem:<\/th>\n<td>Saco PP grosso padr\u00e3o, a marca vir\u00e1 com a marca Embalagem<\/td>\n<\/tr>\n<tr>\n<th width=\"35%\" nowrap=\"nowrap\">Prazo de entrega:<\/th>\n<td>5-15 dias \u00fateis<\/td>\n<\/tr>\n<tr>\n<th width=\"35%\" nowrap=\"nowrap\">Condi\u00e7\u00f5es de pagamento:<\/th>\n<td>T\/T, Western Union<\/td>\n<\/tr>\n<tr>\n<th width=\"35%\" nowrap=\"nowrap\">Capacidade de fornecimento:<\/th>\n<td>2000pcs\/m\u00eas<\/td>\n<\/tr>\n<\/tbody>\n<\/table>","protected":false},"featured_media":3224,"comment_status":"closed","ping_status":"closed","template":"","meta":{"_gspb_post_css":""},"product_brand":[],"product_cat":[20],"product_tag":[],"class_list":{"0":"post-3232","1":"product","2":"type-product","3":"status-publish","4":"has-post-thumbnail","6":"product_cat-birthday-stone-jewelry","8":"first","9":"instock","10":"shipping-taxable","11":"product-type-simple"},"aioseo_notices":[],"_links":{"self":[{"href":"https:\/\/dearjewelry.ltd\/pt\/wp-json\/wp\/v2\/product\/3232","targetHints":{"allow":["GET"]}}],"collection":[{"href":"https:\/\/dearjewelry.ltd\/pt\/wp-json\/wp\/v2\/product"}],"about":[{"href":"https:\/\/dearjewelry.ltd\/pt\/wp-json\/wp\/v2\/types\/product"}],"replies":[{"embeddable":true,"href":"https:\/\/dearjewelry.ltd\/pt\/wp-json\/wp\/v2\/comments?post=3232"}],"wp:featuredmedia":[{"embeddable":true,"href":"https:\/\/dearjewelry.ltd\/pt\/wp-json\/wp\/v2\/media\/3224"}],"wp:attachment":[{"href":"https:\/\/dearjewelry.ltd\/pt\/wp-json\/wp\/v2\/media?parent=3232"}],"wp:term":[{"taxonomy":"product_brand","embeddable":true,"href":"https:\/\/dearjewelry.ltd\/pt\/wp-json\/wp\/v2\/product_brand?post=3232"},{"taxonomy":"product_cat","embeddable":true,"href":"https:\/\/dearjewelry.ltd\/pt\/wp-json\/wp\/v2\/product_cat?post=3232"},{"taxonomy":"product_tag","embeddable":true,"href":"https:\/\/dearjewelry.ltd\/pt\/wp-json\/wp\/v2\/product_tag?post=3232"}],"curies":[{"name":"wp","href":"https:\/\/api.w.org\/{rel}","templated":true}]}}