{"id":2964,"date":"2025-07-13T10:29:13","date_gmt":"2025-07-13T10:29:13","guid":{"rendered":"https:\/\/dearjewelry.ltd\/product\/10k-yellow-gold-polished-engraved-dolphins-pendant-charm-with-14k-yellow-gold-lightweight-rope-chain-necklace\/"},"modified":"2025-08-02T04:30:44","modified_gmt":"2025-08-02T04:30:44","slug":"10k-yellow-gold-polished-engraved-dolphins-pendant-charm-with-14k-yellow-gold-lightweight-rope-chain-necklace","status":"publish","type":"product","link":"https:\/\/dearjewelry.ltd\/pt\/product\/10k-yellow-gold-polished-engraved-dolphins-pendant-charm-with-14k-yellow-gold-lightweight-rope-chain-necklace\/","title":{"rendered":"Pingente de golfinhos gravado em ouro amarelo 10K com corrente de corda leve em ouro amarelo 14K"},"content":{"rendered":"<h2>Pingente de golfinhos gravado em ouro amarelo 10K com corrente de corda leve em ouro amarelo 14K<\/h2>\n<p>&nbsp;<\/p>\n<p>Descri\u00e7\u00e3o<\/p>\n<table class=\"details_table\" cellspacing=\"0\" cellpadding=\"0\">\n<tbody>\n<tr>\n<th>Ocasi\u00e3o:<\/th>\n<td>Prenda,Noivado,Festa,Casamento<\/td>\n<th>Log\u00f3tipo:<\/th>\n<td>Log\u00f3tipo personalizado<\/td>\n<\/tr>\n<tr class=\"bg_gray\">\n<th>Corte de pedra:<\/th>\n<td>Configura\u00e7\u00e3o comum do pino<\/td>\n<th>Forma:<\/th>\n<td>Outra forma<\/td>\n<\/tr>\n<tr>\n<th>Material de joalharia:<\/th>\n<td>Ouro amarelo 14K\/18K<\/td>\n<th>Nome do produto:<\/th>\n<td>Polished Engraved Dolphins Pendant Charm<\/td>\n<\/tr>\n<tr class=\"bg_gray\">\n<th>Tamanho do anel:<\/th>\n<td>Conforme a sua necessidade<\/td>\n<th>G\u00e9nero:<\/th>\n<td>Mulher, Unisexo, Crian\u00e7a<\/td>\n<\/tr>\n<tr>\n<th>Tipo de j\u00f3ias:<\/th>\n<td>Rings,18K Rose Gold Jewelry<\/td>\n<th>Estilo:<\/th>\n<td>Elegante<\/td>\n<\/tr>\n<\/tbody>\n<\/table>\n<p><span style=\"font-size: 16px;\"><strong><span style=\"font-family: arial,helvetica,sans-serif;\">Descri\u00e7\u00e3o do produto:<\/span><\/strong><\/span><\/p>\n<table style=\"width: 576px;\" border=\"1\" cellspacing=\"0\" cellpadding=\"0\">\n<tbody>\n<tr>\n<td style=\"width: 126px;\"><span style=\"font-size: 16px;\">Item No.<\/span><\/td>\n<td style=\"width: 444px;\"><span style=\"font-size: 16px;\">\u00a0KD773N<\/span><\/td>\n<\/tr>\n<tr>\n<td style=\"width: 126px;\"><span style=\"font-size: 16px;\">Nome do produto<\/span><\/td>\n<td style=\"width: 444px;\"><span style=\"font-size: 16px;\">\u00a0Polished Engraved Dolphins Pendant Charm<\/span><\/td>\n<\/tr>\n<tr>\n<td style=\"width: 126px;\"><span style=\"font-size: 16px;\">Estilo<\/span><\/td>\n<td style=\"width: 444px;\"><span style=\"font-size: 16px;\">\u00a0Custom<\/span><\/td>\n<\/tr>\n<tr>\n<td style=\"width: 126px;\"><span style=\"font-size: 16px;\">Material<\/span><\/td>\n<td style=\"width: 444px;\"><span style=\"font-size: 16px;\">\u00a0Ouro amarelo de 14K<\/span><\/td>\n<\/tr>\n<tr>\n<td style=\"width: 126px;\"><span style=\"font-size: 16px;\">Tipo de defini\u00e7\u00e3o<\/span><\/td>\n<td style=\"width: 444px;\"><span style=\"font-family: arial,helvetica,sans-serif;\"><span style=\"font-size: 16px;\">\u00a0Configura\u00e7\u00e3o comum do pino<\/span><\/span><\/td>\n<\/tr>\n<tr>\n<td style=\"width: 126px;\"><span style=\"font-size: 16px;\">G\u00e9nero<\/span><\/td>\n<td style=\"width: 444px;\"><span style=\"font-size: 16px;\">\u00a0Women&#8217;s,Ladies,Couple,Young Girls<\/span><\/td>\n<\/tr>\n<tr>\n<td style=\"width: 126px;\"><span style=\"font-size: 16px;\">Pedra min\u00fascula<\/span><\/td>\n<td style=\"width: 444px;\"><span style=\"font-size: 16px;\">\u00a0Natural Diamond F-H SI1\/SI2\/VS1<\/span><\/td>\n<\/tr>\n<tr>\n<td style=\"width: 126px;\"><span style=\"font-size: 16px;\">Pedra principal<\/span><\/td>\n<td style=\"width: 444px;\"><span style=\"font-size: 16px;\">\u00a0Natural Diamond\/Lab Diamond\/Mossianite\/All gems<\/span><\/td>\n<\/tr>\n<tr>\n<td style=\"width: 126px;\"><span style=\"font-size: 16px;\">Dimens\u00e3o<\/span><\/td>\n<td style=\"width: 444px;\"><span style=\"font-size: 16px;\">\u00a0<span style=\"font-family: arial,helvetica,sans-serif;\">6,43x 4,7x 3,03<\/span><\/span><span style=\"font-size: 16px;\">mm\u00a0<\/span><\/td>\n<\/tr>\n<tr>\n<td style=\"width: 126px;\"><span style=\"font-size: 16px;\">Ocasi\u00e3o<\/span><\/td>\n<td style=\"width: 444px;\"><span style=\"font-size: 16px;\">\u00a0Anivers\u00e1rio, Noivado, Prenda, Festa, Casamento<\/span><\/td>\n<\/tr>\n<tr>\n<td style=\"width: 126px;\"><span style=\"font-size: 16px;\">Tamanho do anel<\/span><\/td>\n<td style=\"width: 444px;\"><span style=\"font-size: 16px;\">\u00a0Qualquer tamanho dispon\u00edvel<\/span><\/td>\n<\/tr>\n<\/tbody>\n<\/table>\n<p>&nbsp;<\/p>\n<p><span style=\"font-size: 16px;\"><strong>Pormenores da produ\u00e7\u00e3o:<\/strong><\/span><\/p>\n<p>Informa\u00e7\u00f5es sobre o diamante:<br \/>\nDIA:<br \/>\nOV: 6.43&#215;4.7\u00d7 3.03MM X5(Prong)<br \/>\n18KY: 5.8g<\/p>\n<p>N\u00famero de diamantes: 5pcs<br \/>\nCor m\u00e9dia: G-H<br \/>\nClaridade m\u00e9dia: S11\/SI2\/VS1 Personalizar pedido<br \/>\nAverage Cut:\u00a0Brilliant Cut<br \/>\nTipo de fixa\u00e7\u00e3o: Crava\u00e7\u00e3o de pino comum<\/p>\n<p>&nbsp;<\/p>\n<p><span style=\"font-size: 16px;\"><span style=\"font-family: arial,helvetica,sans-serif;\">Porqu\u00ea escolher-nos:<\/span><br \/>\n<span style=\"font-family: arial,helvetica,sans-serif;\">1: A K-Gold tem cerca de 21 anos de experi\u00eancia na \u00e1rea da joalharia e 17 anos de experi\u00eancia de produ\u00e7\u00e3o.<\/span><br \/>\n<span style=\"font-family: arial,helvetica,sans-serif;\">2: Tamb\u00e9m a nossa equipa profissional de I &amp; D para garantir que os nossos produtos est\u00e3o constantemente actualizados e \u00e0 frente da ind\u00fastria. Assim, temos mais de 3000 desenhos diferentes e mais de 46 colec\u00e7\u00f5es que podem satisfazer os diferentes pedidos do mercado.<\/span><br \/>\n<span style=\"font-family: arial,helvetica,sans-serif;\">3: Para itens personalizados, pode obter CAD no mesmo dia ou no dia seguinte para confirmar os dados antes do in\u00edcio da encomenda.<\/span><br \/>\n<span style=\"font-family: arial,helvetica,sans-serif;\">4: O objetivo da K-gold \u00e9 fornecer aos clientes os produtos certos ao pre\u00e7o certo e entregar a tempo.<\/span><br \/>\n<span style=\"font-family: arial,helvetica,sans-serif;\">5:\u00a0We have a powerful customer service team that keeps an eye on the entire sales process,help you any questions,from design CAD to deliver.<\/span><br \/>\n<span style=\"font-family: arial,helvetica,sans-serif;\">Servi\u00e7o de F\u00e1brica K-Gold:<\/span><\/span><br \/>\n<img decoding=\"async\" src=\"https:\/\/www.gold-jewellerys.com\/test\/gold-jewellerys.com\/photo\/pl36219389-remark.jpg\" \/><br \/>\n<img decoding=\"async\" src=\"https:\/\/www.gold-jewellerys.com\/test\/gold-jewellerys.com\/photo\/pl36219445-remark.jpg\" \/><\/p>\n<p>FAQ:<\/p>\n<p>1: Q:\u00a0 What&#8217;s your packing way?<\/p>\n<p>A:\u00a0 Usually opp bag, packing box is also available. and plus bubble pack to protect the goods.<\/p>\n<p>&nbsp;<\/p>\n<p>2: Q: Is 18K Gold Real?<br \/>\nA: Yes. 18K gold is definitely real gold.<\/p>\n<p>&nbsp;<\/p>\n<p>3: Q: Como pagar a minha encomenda?<\/p>\n<p>A: Please tell me your order then we will tell you the item price, shipping fee and original box fee and total amount. You can make payment by\u00a0 \u00a0 \u00a0 \u00a0 Western Union \/ T\/T , Or Payoneer, We will process and ship out your order asap after payment made.<\/p>\n<p>&nbsp;<\/p>\n<p>4: P: Posso obter um certificado?<\/p>\n<p>R: Sim, tem o certificado se precisar e o pre\u00e7o n\u00e3o inclui a taxa. O diamante tem certificado GIA ou n\u00e3o tem certificado.<\/p>\n<p>se me informarem porque h\u00e1 diferen\u00e7a de pre\u00e7os .<\/p>\n<p>&nbsp;<\/p>\n<p>5. P: Durante quanto tempo posso receber os meus produtos?<\/p>\n<p>R: A encomenda \u00e9 sempre processada ap\u00f3s o dep\u00f3sito da sua encomenda. Tempo de fabrico: 2-10 dias \u00fateis, dependendo do trabalho de design<\/p>\n<p>dificuldade, mais 3-7 dias de tempo de envio m\u00e9todo de envio expresso para todo o mundo.<\/p>\n<p>&nbsp;<\/p>\n<p>6. P: Posso enviar-vos a pedra e voc\u00eas fazem as j\u00f3ias para n\u00f3s?<\/p>\n<p>R: Sim, pode enviar-nos a pedra, e n\u00f3s podemos fazer as j\u00f3ias de acordo com o tamanho da sua pedra.<\/p>","protected":false},"excerpt":{"rendered":"<p>&nbsp;<\/p>\n<table class=\"tables data\" border=\"0\" width=\"100%\" cellspacing=\"0\" cellpadding=\"0\">\n<tbody>\n<tr>\n<th width=\"35%\">Local de origem:<\/th>\n<td>China<\/td>\n<\/tr>\n<tr>\n<th width=\"35%\">Nome da marca:<\/th>\n<td>J\u00f3ias de ouro K<\/td>\n<\/tr>\n<tr>\n<th width=\"35%\">Certifica\u00e7\u00e3o:<\/th>\n<td>Certificado de joalharia<\/td>\n<\/tr>\n<tr>\n<th width=\"35%\">N\u00famero do modelo:<\/th>\n<td>KD773N<\/td>\n<\/tr>\n<\/tbody>\n<\/table>\n<p><span class=\"title_s\">Condi\u00e7\u00f5es de pagamento e envio:<\/span><\/p>\n<table class=\"tables data\" border=\"0\" width=\"100%\" cellspacing=\"0\" cellpadding=\"0\">\n<tbody>\n<tr>\n<th nowrap=\"nowrap\" width=\"35%\">Quantidade m\u00ednima de encomenda:<\/th>\n<td>3<\/td>\n<\/tr>\n<tr>\n<th nowrap=\"nowrap\" width=\"35%\">Pre\u00e7o:<\/th>\n<td>Negoci\u00e1vel<\/td>\n<\/tr>\n<tr>\n<th nowrap=\"nowrap\" width=\"35%\">Detalhes da embalagem:<\/th>\n<td>Saco PP grosso padr\u00e3o, a marca vir\u00e1 com a marca Embalagem<\/td>\n<\/tr>\n<tr>\n<th nowrap=\"nowrap\" width=\"35%\">Prazo de entrega:<\/th>\n<td>5-15 dias \u00fateis<\/td>\n<\/tr>\n<tr>\n<th nowrap=\"nowrap\" width=\"35%\">Condi\u00e7\u00f5es de pagamento:<\/th>\n<td>T\/T, Western Union<\/td>\n<\/tr>\n<tr>\n<th nowrap=\"nowrap\" width=\"35%\">Capacidade de fornecimento:<\/th>\n<td>2000pcs\/m\u00eas<\/td>\n<\/tr>\n<\/tbody>\n<\/table>","protected":false},"featured_media":7237,"comment_status":"closed","ping_status":"closed","template":"","meta":{"_gspb_post_css":""},"product_brand":[],"product_cat":[21],"product_tag":[],"class_list":{"0":"post-2964","1":"product","2":"type-product","3":"status-publish","4":"has-post-thumbnail","6":"product_cat-sea-life-jewelry","8":"first","9":"instock","10":"shipping-taxable","11":"product-type-simple"},"aioseo_notices":[],"_links":{"self":[{"href":"https:\/\/dearjewelry.ltd\/pt\/wp-json\/wp\/v2\/product\/2964","targetHints":{"allow":["GET"]}}],"collection":[{"href":"https:\/\/dearjewelry.ltd\/pt\/wp-json\/wp\/v2\/product"}],"about":[{"href":"https:\/\/dearjewelry.ltd\/pt\/wp-json\/wp\/v2\/types\/product"}],"replies":[{"embeddable":true,"href":"https:\/\/dearjewelry.ltd\/pt\/wp-json\/wp\/v2\/comments?post=2964"}],"wp:featuredmedia":[{"embeddable":true,"href":"https:\/\/dearjewelry.ltd\/pt\/wp-json\/wp\/v2\/media\/7237"}],"wp:attachment":[{"href":"https:\/\/dearjewelry.ltd\/pt\/wp-json\/wp\/v2\/media?parent=2964"}],"wp:term":[{"taxonomy":"product_brand","embeddable":true,"href":"https:\/\/dearjewelry.ltd\/pt\/wp-json\/wp\/v2\/product_brand?post=2964"},{"taxonomy":"product_cat","embeddable":true,"href":"https:\/\/dearjewelry.ltd\/pt\/wp-json\/wp\/v2\/product_cat?post=2964"},{"taxonomy":"product_tag","embeddable":true,"href":"https:\/\/dearjewelry.ltd\/pt\/wp-json\/wp\/v2\/product_tag?post=2964"}],"curies":[{"name":"wp","href":"https:\/\/api.w.org\/{rel}","templated":true}]}}