{"id":2615,"date":"2025-07-13T10:27:13","date_gmt":"2025-07-13T10:27:13","guid":{"rendered":"https:\/\/dearjewelry.ltd\/product\/sterling-silver-bali-style-koi-fish-drop-earrings-with-18kt-yellow-gold\/"},"modified":"2025-07-13T10:27:13","modified_gmt":"2025-07-13T10:27:13","slug":"sterling-silver-bali-style-koi-fish-drop-earrings-with-18kt-yellow-gold","status":"publish","type":"product","link":"https:\/\/dearjewelry.ltd\/pt\/product\/sterling-silver-bali-style-koi-fish-drop-earrings-with-18kt-yellow-gold\/","title":{"rendered":"Brincos de prata esterlina estilo Bali com peixe Koi e ouro amarelo de 18 quilates"},"content":{"rendered":"<h2>Brincos de prata esterlina estilo Bali com peixe Koi e ouro amarelo de 18 quilates<\/h2>\n<p> Descri\u00e7\u00e3o<\/p>\n<table cellpadding=\"0\" cellspacing=\"0\" class=\"details_table\">\n<tbody>\n<tr>\n<th>Ocasi\u00e3o:<\/th>\n<td>Prenda, noivado, festa,<\/td>\n<th>Log\u00f3tipo:<\/th>\n<td>Log\u00f3tipo personalizado<\/td>\n<\/tr>\n<tr class=\"bg_gray\">\n<th>Corte de pedra:<\/th>\n<td>Configura\u00e7\u00e3o comum do pino<\/td>\n<th>Forma:<\/th>\n<td>Outra forma<\/td>\n<\/tr>\n<tr>\n<th>Material de joalharia:<\/th>\n<td>Fita esterlina<\/td>\n<th>Tamanho do anel:<\/th>\n<td>Brincos \"As You Need<\/td>\n<\/tr>\n<tr class=\"bg_gray\">\n<th>G\u00e9nero:<\/th>\n<td>Mulher, Unisexo, Crian\u00e7a<\/td>\n<th>Tipo de j\u00f3ias:<\/th>\n<td>J\u00f3ias de prata esterlina<\/td>\n<\/tr>\n<tr>\n<th>Estilo:<\/th>\n<td>Elegante<\/td>\n<\/tr>\n<\/tbody>\n<\/table>\n<p><p><span style=\"font-size:16px\"><strong><span style=\"font-family:arial,helvetica,sans-serif\">Descri\u00e7\u00e3o do produto:<\/span><\/strong><\/span><\/p>\n<p><span style=\"font-size:16px\"><strong>Brincos de prata esterlina estilo Bali com peixe Koi e ouro amarelo de 18 quilates<\/strong><\/span><\/p>\n<table border=\"1\" cellpadding=\"0\" cellspacing=\"0\" style=\"width: 576px\">\n<tbody>\n<tr>\n<td style=\"width: 126px\"><span style=\"font-size:16px\">Item No.<\/span><\/td>\n<td style=\"width: 444px\"><span style=\"font-size:16px\">&nbsp;KD813E<\/span><\/td>\n<\/tr>\n<tr>\n<td style=\"width: 126px\"><span style=\"font-size:16px\">Nome do produto<\/span><\/td>\n<td style=\"width: 444px\"><span style=\"font-size:16px\">&nbsp;Brincos Estrela do Mar<\/span><\/td>\n<\/tr>\n<tr>\n<td style=\"width: 126px\"><span style=\"font-size:16px\">Estilo<\/span><\/td>\n<td style=\"width: 444px\"><span style=\"font-size:16px\">&nbsp;Designs Custom Earrings<\/span><\/td>\n<\/tr>\n<tr>\n<td style=\"width: 126px\"><span style=\"font-size:16px\">Material<\/span><\/td>\n<td style=\"width: 444px\"><span style=\"font-size:16px\">&nbsp;<\/span>Ouro amarelo 14K\/18K<\/td>\n<\/tr>\n<tr>\n<td style=\"width: 126px\"><span style=\"font-size:16px\">Tipo de defini\u00e7\u00e3o<\/span><\/td>\n<td style=\"width: 444px\"><span style=\"font-family:arial,helvetica,sans-serif\"><span style=\"font-size:16px\">&nbsp;Configura\u00e7\u00e3o comum do pino<\/span><\/span><\/td>\n<\/tr>\n<tr>\n<td style=\"width: 126px\"><span style=\"font-size:16px\">G\u00e9nero<\/span><\/td>\n<td style=\"width: 444px\"><span style=\"font-size:16px\">&nbsp;Mulher, senhora, casal, raparigas<\/span><\/td>\n<\/tr>\n<tr>\n<td style=\"width: 126px\"><span style=\"font-size:16px\">Dimens\u00e3o<\/span><\/td>\n<td style=\"width: 444px\"><span style=\"font-size:16px\">&nbsp;<span style=\"font-family:arial,helvetica,sans-serif\">6,43x 4,7x 3,03<\/span><\/span><span style=\"font-size:16px\">mm&nbsp;<\/span><\/td>\n<\/tr>\n<tr>\n<td style=\"width: 126px\"><span style=\"font-size:16px\">Ocasi\u00e3o<\/span><\/td>\n<td style=\"width: 444px\"><span style=\"font-size:16px\">&nbsp;Anivers\u00e1rio, Noivado, Prenda, Festa, Casamento<\/span><\/td>\n<\/tr>\n<tr>\n<td style=\"width: 126px\"><span style=\"font-size:16px\">Tamanho do anel<\/span><\/td>\n<td style=\"width: 444px\"><span style=\"font-size:16px\">&nbsp;Qualquer tamanho dispon\u00edvel<\/span><\/td>\n<\/tr>\n<\/tbody>\n<\/table>\n<p>&nbsp;<\/p>\n<p><span style=\"font-size:16px\"><strong>Pormenores da produ\u00e7\u00e3o:<\/strong><\/span><\/p>\n<p>Informa\u00e7\u00f5es sobre o diamante:<br \/>\nDIA:<br \/>\nOV: 6,43\u00d74,7\u00d7 3,03MM X5(Prong)<br \/>\n18KY: 5.8g<\/p>\n<p>N\u00famero de diamantes: 5pcs<br \/>\nCor m\u00e9dia: G-H<br \/>\nClaridade m\u00e9dia: S11\/SI2\/VS1 Personalizar pedido<br \/>\nCorte m\u00e9dio: Corte brilhante<br \/>\nTipo de fixa\u00e7\u00e3o: Crava\u00e7\u00e3o de pino comum<\/p>\n<p><img decoding=\"async\" src=\"https:\/\/www.gold-jewellerys.com\/test\/gold-jewellerys.com\/photo\/pl145420584-remark.jpg\"><img decoding=\"async\" src=\"https:\/\/www.gold-jewellerys.com\/test\/gold-jewellerys.com\/photo\/pl145420583-remark.jpg\"><img decoding=\"async\" src=\"https:\/\/www.gold-jewellerys.com\/test\/gold-jewellerys.com\/photo\/pl145420582-remark.jpg\"><\/p>\n<p>\n<span style=\"font-size:16px\"><span style=\"font-family:arial,helvetica,sans-serif\">Porqu\u00ea escolher-nos:<\/span><br \/>\n<span style=\"font-family:arial,helvetica,sans-serif\">1: A K-Gold tem cerca de 21 anos de experi\u00eancia na \u00e1rea da joalharia e 17 anos de experi\u00eancia de produ\u00e7\u00e3o.<\/span><br \/>\n<span style=\"font-family:arial,helvetica,sans-serif\">2: Tamb\u00e9m a nossa equipa profissional de I &amp; D para garantir que os nossos produtos est\u00e3o constantemente actualizados e \u00e0 frente da ind\u00fastria. Assim, temos mais de 3000 desenhos diferentes e mais de 46 colec\u00e7\u00f5es que podem satisfazer os diferentes pedidos do mercado.<\/span><br \/>\n<span style=\"font-family:arial,helvetica,sans-serif\">3: Para itens personalizados, pode obter CAD no mesmo dia ou no dia seguinte para confirmar os dados antes do in\u00edcio da encomenda.<\/span><br \/>\n<span style=\"font-family:arial,helvetica,sans-serif\">4: O objetivo da K-gold \u00e9 fornecer aos clientes os produtos certos ao pre\u00e7o certo e entregar a tempo.<\/span><br \/>\n<span style=\"font-family:arial,helvetica,sans-serif\">5: Temos uma poderosa equipa de servi\u00e7o ao cliente que acompanha todo o processo de vendas, ajuda-o em qualquer quest\u00e3o, desde o design CAD at\u00e9 \u00e0 entrega.<\/span><br \/>\n<span style=\"font-family:arial,helvetica,sans-serif\">Servi\u00e7o de F\u00e1brica K-Gold:<\/span><\/span><br \/>\n&nbsp;<\/p>\n<p>\n<img decoding=\"async\" src=\"https:\/\/www.gold-jewellerys.com\/test\/gold-jewellerys.com\/photo\/pl36219389-remark.jpg\"><br \/>\n&nbsp;<\/p>\n<p><img decoding=\"async\" src=\"https:\/\/www.gold-jewellerys.com\/test\/gold-jewellerys.com\/photo\/pl36219445-remark.jpg\"><\/p>\n<p>FAQ:<\/p>\n<p>1: P: Qual \u00e9 a vantagem da vossa empresa?<\/p>\n<p>&nbsp; &nbsp; R: A nossa empresa tem uma equipa profissional e uma linha de produ\u00e7\u00e3o profissional.<\/p>\n<p>&nbsp;<\/p>\n<p>2: P: Posso gravar o meu pr\u00f3prio log\u00f3tipo? Quanto custa a grava\u00e7\u00e3o?<br \/>\n&nbsp; &nbsp; R: Fornecemos letras de grava\u00e7\u00e3o gratuitas, se precisar de gravar padr\u00f5es, podemos cobrar $0.6-$2.0 pela grava\u00e7\u00e3o.<\/p>\n<p>&nbsp;<\/p>\n<p>3: P: O pre\u00e7o pode ser negociado?<\/p>\n<p>&nbsp; &nbsp; R: Sim, mais quantidade, mais descontos ser\u00e3o oferecidos, n\u00e3o hesite em contactar-nos.<\/p>\n<p>&nbsp;<\/p>\n<p>4: P: Posso obter um certificado?<\/p>\n<p>&nbsp; &nbsp; R: Sim, tem o certificado se precisar e o pre\u00e7o n\u00e3o inclui a taxa. O diamante tem certificado GIA ou n\u00e3o tem certificado.<\/p>\n<p>&nbsp; &nbsp; se me informarem porque h\u00e1 diferen\u00e7a de pre\u00e7os .<\/p>\n<p>&nbsp;<\/p>\n<p>5. P: Durante quanto tempo posso receber os meus produtos?<\/p>\n<p>&nbsp; &nbsp; R: A encomenda \u00e9 sempre processada ap\u00f3s o dep\u00f3sito da sua encomenda. Tempo de fabrico: 2-10 dias \u00fateis, dependendo do trabalho de design<\/p>\n<p>&nbsp; &nbsp; dificuldade, mais 3-7 dias de tempo de envio m\u00e9todo de envio expresso para todo o mundo.<\/p>\n<p>&nbsp;<\/p>\n<p>6. P: Posso enviar-vos a pedra e voc\u00eas fazem as j\u00f3ias para n\u00f3s?<\/p>\n<p>&nbsp; &nbsp; R: Sim, pode enviar-nos a pedra, e n\u00f3s podemos fazer as j\u00f3ias de acordo com o tamanho da sua pedra.<\/p><\/p>","protected":false},"excerpt":{"rendered":"<br \/>\n<table class=\"tables data\" width=\"100%\" border=\"0\" cellpadding=\"0\" cellspacing=\"0\">\n<tbody>\n<tr>\n<th width=\"35%\">Local de origem:<\/th>\n<td>China<\/td>\n<\/tr>\n<tr>\n<th width=\"35%\">Nome da marca:<\/th>\n<td>J\u00f3ias de ouro K<\/td>\n<\/tr>\n<tr>\n<th width=\"35%\">Certifica\u00e7\u00e3o:<\/th>\n<td>Certificado de joalharia<\/td>\n<\/tr>\n<tr>\n<th width=\"35%\">N\u00famero do modelo:<\/th>\n<td>KD813E<\/td>\n<\/tr>\n<\/tbody>\n<\/table>\n<p>                                                                            <span class=\"title_s\">Condi\u00e7\u00f5es de pagamento e envio:<\/span>                            <\/p>\n<table class=\"tables data\" width=\"100%\" border=\"0\" cellpadding=\"0\" cellspacing=\"0\">\n<tbody>\n<tr>\n<th width=\"35%\" nowrap=\"nowrap\">Quantidade m\u00ednima de encomenda:<\/th>\n<td>3<\/td>\n<\/tr>\n<tr>\n<th width=\"35%\" nowrap=\"nowrap\">Pre\u00e7o:<\/th>\n<td>Negoci\u00e1vel<\/td>\n<\/tr>\n<tr>\n<th width=\"35%\" nowrap=\"nowrap\">Detalhes da embalagem:<\/th>\n<td>Saco PP grosso padr\u00e3o, a marca vir\u00e1 com a marca Embalagem<\/td>\n<\/tr>\n<tr>\n<th width=\"35%\" nowrap=\"nowrap\">Prazo de entrega:<\/th>\n<td>5-15 dias \u00fateis<\/td>\n<\/tr>\n<tr>\n<th width=\"35%\" nowrap=\"nowrap\">Condi\u00e7\u00f5es de pagamento:<\/th>\n<td>T\/T, Western Union<\/td>\n<\/tr>\n<tr>\n<th width=\"35%\" nowrap=\"nowrap\">Capacidade de fornecimento:<\/th>\n<td>2000pcs\/m\u00eas<\/td>\n<\/tr>\n<\/tbody>\n<\/table>","protected":false},"featured_media":2609,"comment_status":"closed","ping_status":"closed","template":"","meta":{"_gspb_post_css":""},"product_brand":[],"product_cat":[21],"product_tag":[],"class_list":{"0":"post-2615","1":"product","2":"type-product","3":"status-publish","4":"has-post-thumbnail","6":"product_cat-sea-life-jewelry","8":"first","9":"instock","10":"shipping-taxable","11":"product-type-simple"},"aioseo_notices":[],"_links":{"self":[{"href":"https:\/\/dearjewelry.ltd\/pt\/wp-json\/wp\/v2\/product\/2615","targetHints":{"allow":["GET"]}}],"collection":[{"href":"https:\/\/dearjewelry.ltd\/pt\/wp-json\/wp\/v2\/product"}],"about":[{"href":"https:\/\/dearjewelry.ltd\/pt\/wp-json\/wp\/v2\/types\/product"}],"replies":[{"embeddable":true,"href":"https:\/\/dearjewelry.ltd\/pt\/wp-json\/wp\/v2\/comments?post=2615"}],"wp:featuredmedia":[{"embeddable":true,"href":"https:\/\/dearjewelry.ltd\/pt\/wp-json\/wp\/v2\/media\/2609"}],"wp:attachment":[{"href":"https:\/\/dearjewelry.ltd\/pt\/wp-json\/wp\/v2\/media?parent=2615"}],"wp:term":[{"taxonomy":"product_brand","embeddable":true,"href":"https:\/\/dearjewelry.ltd\/pt\/wp-json\/wp\/v2\/product_brand?post=2615"},{"taxonomy":"product_cat","embeddable":true,"href":"https:\/\/dearjewelry.ltd\/pt\/wp-json\/wp\/v2\/product_cat?post=2615"},{"taxonomy":"product_tag","embeddable":true,"href":"https:\/\/dearjewelry.ltd\/pt\/wp-json\/wp\/v2\/product_tag?post=2615"}],"curies":[{"name":"wp","href":"https:\/\/api.w.org\/{rel}","templated":true}]}}