{"id":1506,"date":"2025-07-13T04:41:22","date_gmt":"2025-07-13T04:41:22","guid":{"rendered":"https:\/\/dearjewelry.ltd\/product\/0-12ct-tiny-14k-yellow-gold-jewelry-yellow-gold-diamond-wedding-bands-ex-cut-odm\/"},"modified":"2025-07-13T04:41:22","modified_gmt":"2025-07-13T04:41:22","slug":"0-12ct-tiny-14k-yellow-gold-jewelry-yellow-gold-diamond-wedding-bands-ex-cut-odm","status":"publish","type":"product","link":"https:\/\/dearjewelry.ltd\/pt\/product\/0-12ct-tiny-14k-yellow-gold-jewelry-yellow-gold-diamond-wedding-bands-ex-cut-odm\/","title":{"rendered":"0.12ct J\u00f3ias Min\u00fasculas em Ouro Amarelo 14K , Faixas de Casamento em Ouro Amarelo com Diamantes EX Cut ODM"},"content":{"rendered":"<h2>0.12ct J\u00f3ias Min\u00fasculas em Ouro Amarelo 14K , Faixas de Casamento em Ouro Amarelo com Diamantes EX Cut ODM<\/h2>\n<p> Descri\u00e7\u00e3o<\/p>\n<table cellpadding=\"0\" cellspacing=\"0\" class=\"details_table\">\n<tbody>\n<tr>\n<th>Material:<\/th>\n<td>Ouro maci\u00e7o amarelo de 14K<\/td>\n<th>Tipo de j\u00f3ias:<\/th>\n<td>Anel de banda<\/td>\n<\/tr>\n<tr class=\"bg_gray\">\n<th>Pedra:<\/th>\n<td>Diamante<\/td>\n<th>Nome do produto:<\/th>\n<td>Anel em ouro amarelo 14K<\/td>\n<\/tr>\n<tr>\n<th>Tipo de configura\u00e7\u00e3o:<\/th>\n<td>Ajuste da garra<\/td>\n<th>Ocasi\u00e3o:<\/th>\n<td>Anniversary, Engagement, Wedding, Gift<\/td>\n<\/tr>\n<tr class=\"bg_gray\">\n<th>Tamanho do anel:<\/th>\n<td>#5 #6 #7 #8 # 9# #10 And Customized<\/td>\n<th>Cortar:<\/th>\n<td>EX<\/td>\n<\/tr>\n<tr>\n<th>Grau de cor:<\/th>\n<td>G-H<\/td>\n<th>Grau de claridade:<\/th>\n<td>VS 1<\/td>\n<\/tr>\n<tr class=\"bg_gray\">\n<th colspan=\"1\">Luz alta:<\/th>\n<td colspan=\"3\">\n<h2 style='font-weight: bold;font-size: 14px'>EX 0.12ct 14K Yellow Gold Jewelry<\/h2>\n<p>, <\/p>\n<h2 style='font-weight: bold;font-size: 14px'>EX 14K Yellow Gold Jewelry 0.12ct<\/h2>\n<p>, <\/p>\n<h2 style='font-weight: bold;font-size: 14px'>ODM Yellow Gold Diamond Wedding Bands<\/h2>\n<\/td>\n<\/tr>\n<\/tbody>\n<\/table>\n<p><p><span style=\"font-size:16px\"><strong><span style=\"font-family:arial,helvetica,sans-serif\">Descri\u00e7\u00e3o do produto:<\/span><\/strong><\/span><\/p>\n<p>&nbsp;<\/p>\n<p><span style=\"font-size:16px\"><strong>0.12ct Tiny Diamond Band Ring Pave Half Gemstones in Yellow Solid Gold<\/strong> <\/span><\/p>\n<p>&nbsp;<\/p>\n<p><span style=\"font-size:16px\"><strong>Detalhes do produto:&nbsp;<\/strong><\/span><\/p>\n<table border=\"1\" cellpadding=\"0\" cellspacing=\"0\" style=\"width: 576px\">\n<tbody>\n<tr>\n<td style=\"width: 125px\"><span style=\"font-size:16px\">Item No.<\/span><\/td>\n<td style=\"width: 445px\"><span style=\"font-size:16px\">KD7573R<\/span><\/td>\n<\/tr>\n<tr>\n<td style=\"width: 125px\"><span style=\"font-size:16px\">Nome do produto<\/span><\/td>\n<td style=\"width: 445px\"><span style=\"font-size:16px\">Anel em ouro amarelo 14K<\/span><\/td>\n<\/tr>\n<tr>\n<td style=\"width: 125px\"><span style=\"font-size:16px\">Estilo<\/span><\/td>\n<td style=\"width: 445px\"><span style=\"font-size:16px\">Estilo moderno&nbsp;<\/span><\/td>\n<\/tr>\n<tr>\n<td style=\"width: 125px\"><span style=\"font-size:16px\">Material<\/span><\/td>\n<td style=\"width: 445px\"><span style=\"font-size:16px\">Ouro amarelo de 14K<\/span><\/td>\n<\/tr>\n<tr>\n<td style=\"width: 125px\"><span style=\"font-size:16px\">Tipo de defini\u00e7\u00e3o<\/span><\/td>\n<td style=\"width: 445px\"><span style=\"font-size:16px\">Ajuste da garra<\/span><\/td>\n<\/tr>\n<tr>\n<td style=\"width: 125px\"><span style=\"font-size:16px\">G\u00e9nero<\/span><\/td>\n<td style=\"width: 445px\"><span style=\"font-size:16px\">Feminino e masculino<\/span><\/td>\n<\/tr>\n<tr>\n<td style=\"width: 125px\"><span style=\"font-size:16px\">Diamante<\/span><\/td>\n<td style=\"width: 445px\"><span style=\"font-size:16px\">Didamond natural&nbsp;<\/span><\/td>\n<\/tr>\n<tr>\n<td style=\"width: 125px\"><span style=\"font-size:16px\">Clareza e cor<\/span><\/td>\n<td style=\"width: 445px\"><span style=\"font-size:16px\">G-H VS1 0.12ct<\/span><\/td>\n<\/tr>\n<tr>\n<td style=\"width: 125px\"><span style=\"font-size:16px\">Tamanho do anel<\/span><\/td>\n<td style=\"width: 445px\"><span style=\"font-size:16px\">#5 #6 #7 #8 #9 #10, dispon\u00edvel sob encomenda&nbsp;<\/span><\/td>\n<\/tr>\n<tr>\n<td style=\"width: 125px\"><span style=\"font-size:16px\">Ocasi\u00e3o<\/span><\/td>\n<td style=\"width: 445px\"><span style=\"font-size:16px\">Anivers\u00e1rio, Noivado, Presente, Casamento<\/span><\/td>\n<\/tr>\n<\/tbody>\n<\/table>\n<p>&nbsp;<\/p>\n<p><span style=\"font-size:16px\"><strong><span style=\"font-family:arial,helvetica,sans-serif\"><span>Apresenta\u00e7\u00e3o do produto:<\/span><\/span><\/strong><\/span><\/p>\n<p><span style=\"font-size:16px\"><img decoding=\"async\" src=\"https:\/\/www.gold-jewellerys.com\/test\/domaindemo-52949.tmp\/photo\/pl36600198-remark.jpg\"><\/span><\/p>\n<p><span style=\"font-size:16px\"><strong>Detalhe da produ\u00e7\u00e3o :<\/strong><\/span><\/p>\n<p><span style=\"font-size:16px\">Este anel de banda delicada de diamantes finos apresenta um diamante central certificado pelo GIA.<\/span><\/p>\n<p><span style=\"font-size:16px\">-100% Diamantes naturais de origem \u00e9tica.<br \/>\n-100% Branco e cintilante (cheio de vida).<br \/>\n-100% Limpo de olhos e sem inclus\u00f5es vis\u00edveis a olho nu.<\/span><\/p>\n<p><span style=\"font-size:16px\">-As nossas pedras N\u00c3O s\u00e3o de todo turvas ou leitosas.<\/span><\/p>\n<p>&nbsp;<\/p>\n<p><span style=\"font-size:16px\"><span style=\"font-family:arial,helvetica,sans-serif\">1: 1-1\/2 Carat Diamond Ring<\/span><\/span><\/p>\n<p><span style=\"font-size:16px\"><span style=\"font-family:arial,helvetica,sans-serif\">2: C\u00f3digo de classifica\u00e7\u00e3o da cor do diamante: G-H<\/span><\/span><\/p>\n<p><span style=\"font-size:16px\"><span style=\"font-family:arial,helvetica,sans-serif\">3: C\u00f3digo de classifica\u00e7\u00e3o de claridade do diamante: VS1<\/span><\/span><\/p>\n<p><span style=\"font-size:16px\"><span style=\"font-family:arial,helvetica,sans-serif\">4: Forma do diamante: Redondo&nbsp;<\/span><\/span><\/p>\n<p><span style=\"font-size:16px\"><span style=\"font-family:arial,helvetica,sans-serif\">5: Conjunto em ouro amarelo de 14K&nbsp;<\/span><\/span><\/p>\n<p><span style=\"font-size:16px\"><span style=\"font-family:arial,helvetica,sans-serif\"><span style=\"font-family:arial,helvetica,sans-serif\">6: A fotografia pode ter sido ampliada e\/ou melhorada.<\/span><\/span><\/span><\/p>\n<p><span style=\"font-size:16px\"><span style=\"font-family:arial,helvetica,sans-serif\">7: All gemstone carat weights (ct. t.w.), if mentioned, are approximate ; variance may be .05 carat.<\/span><\/span><\/p>\n<p><span style=\"font-size:16px\"><span style=\"font-family:arial,helvetica,sans-serif\">8: All the items we are promise polish very well , we always offer high quality and good service to customer.<\/span><\/span><\/p>\n<p>&nbsp;<\/p>\n<p><span style=\"font-size:16px\"><strong>Porqu\u00ea escolher-nos:<\/strong><\/span><\/p>\n<p><span style=\"font-size:16px\">1: A K-Gold tem cerca de 21 anos de experi\u00eancia na \u00e1rea da joalharia e 17 anos de experi\u00eancia de produ\u00e7\u00e3o.<\/span><\/p>\n<p><span style=\"font-size:16px\">2: Tamb\u00e9m a nossa equipa profissional de I &amp; D para garantir que os nossos produtos est\u00e3o constantemente actualizados e \u00e0 frente da ind\u00fastria. Assim, temos mais de 3000 desenhos diferentes e mais de 46 colec\u00e7\u00f5es que podem satisfazer os diferentes pedidos do mercado.<\/span><\/p>\n<p><span style=\"font-size:16px\">3: Para itens personalizados, pode obter CAD no mesmo dia ou no dia seguinte para confirmar os dados antes do in\u00edcio da encomenda.<\/span><\/p>\n<p><span style=\"font-size:16px\">4: O objetivo da K-gold \u00e9 fornecer aos clientes os produtos certos ao pre\u00e7o certo e entregar a tempo.<\/span><\/p>\n<p><span style=\"font-size:16px\">5: We have a powerful customer service team that keeps an eye on the entire sales process , help you any questions,from design CAD to deliver.<\/span><\/p>\n<p><strong><span style=\"font-size:16px\">Servi\u00e7o de F\u00e1brica K-Gold:<\/span><\/strong><\/p>\n<p><span style=\"font-size:16px\"><img decoding=\"async\" src=\"https:\/\/www.gold-jewellerys.com\/test\/domaindemo-52949.tmp\/photo\/pl36123473-remark.jpg\"><\/span><\/p>\n<p><span style=\"font-size:16px\"><img decoding=\"async\" src=\"https:\/\/www.gold-jewellerys.com\/test\/domaindemo-52949.tmp\/photo\/pl36230799-remark.jpg\"><\/span><\/p>\n<p><span style=\"font-size:16px\"><strong>FAQ:<\/strong><\/span><\/p>\n<p><span style=\"font-size:16px\">1: Como \u00e9 que podemos obter o pre\u00e7o?<\/span><\/p>\n<p><span style=\"font-size:16px\">Convidamo-lo a contactar-nos atrav\u00e9s do whatsapp. Basta enviar-nos as fotografias dos artigos que pretende e depois indicar-lhe-emos os pre\u00e7os o mais rapidamente poss\u00edvel.<\/span><\/p>\n<p>&nbsp;<\/p>\n<p><span style=\"font-size:16px\">Pessoa de contacto: Cherry Lee<br \/>\nWhatsApp: +86-18520267369 \/ Tell:+8618520267369<br \/>\nCorreio eletr\u00f3nico:<br \/>\nS\u00edtio Web:<\/span><\/p>\n<p>&nbsp;<\/p>\n<p><span style=\"font-size:16px\">2: Podem personalizar o meu log\u00f3tipo?<br \/>\nSim, \u00e9 absolutamente poss\u00edvel, por favor envie-nos o seu LOGOTIPO, n\u00f3s assin\u00e1-lo-emos livremente. Para j\u00f3ias de marca sempre com o logotipo original,<\/span><\/p>\n<p><span style=\"font-size:16px\">e se precisarem de algo mais, digam-me.<\/span><\/p>\n<p>&nbsp;<\/p>\n<p><span style=\"font-size:16px\">3: It is solid gold?<\/span><\/p>\n<p><span style=\"font-size:16px\">Yes, it is solid gold in 14K\/18K , we also can make yellow gold,rose gold and white gold.<\/span><\/p>\n<p>&nbsp;<\/p>\n<p><span style=\"font-size:16px\">4: Can I&nbsp;have a certificate ?<\/span><\/p>\n<p><span style=\"font-size:16px\">Yes, there have the certificated if you need and price will not include the fee. The Diamond there GIA certificated or without it just let me know becuase there price difference .<\/span><\/p>\n<p>&nbsp;<\/p>\n<p><span style=\"font-size:16px\">5:&nbsp;What&#039;s your payment way?<\/span><\/p>\n<p><span style=\"font-size:16px\">You can pay by T\/T,Western Union,Paypal. 30% deposit , 70% balance paid before shipment.<\/span><\/p>\n<p>&nbsp;<\/p>\n<p><span style=\"font-size:16px\">6: What&#039;s your MOQ?<\/span><\/p>\n<p><span style=\"font-size:16px\">O nosso MOQ \u00e9 3pcs cada desenho.<\/span><\/p><\/p>","protected":false},"excerpt":{"rendered":"<br \/>\n<table class=\"tables data\" width=\"100%\" border=\"0\" cellpadding=\"0\" cellspacing=\"0\">\n<tbody>\n<tr>\n<th width=\"35%\">Local de origem:<\/th>\n<td>China<\/td>\n<\/tr>\n<tr>\n<th width=\"35%\">Nome da marca:<\/th>\n<td>J\u00f3ias de ouro K<\/td>\n<\/tr>\n<tr>\n<th width=\"35%\">Certifica\u00e7\u00e3o:<\/th>\n<td>Certificado de joalharia<\/td>\n<\/tr>\n<tr>\n<th width=\"35%\">N\u00famero do modelo:<\/th>\n<td>KD7573R<\/td>\n<\/tr>\n<\/tbody>\n<\/table>\n<p>                                                                            <span class=\"title_s\">Condi\u00e7\u00f5es de pagamento e envio:<\/span>                            <\/p>\n<table class=\"tables data\" width=\"100%\" border=\"0\" cellpadding=\"0\" cellspacing=\"0\">\n<tbody>\n<tr>\n<th width=\"35%\" nowrap=\"nowrap\">Quantidade m\u00ednima de encomenda:<\/th>\n<td>3<\/td>\n<\/tr>\n<tr>\n<th width=\"35%\" nowrap=\"nowrap\">Pre\u00e7o:<\/th>\n<td>Negoci\u00e1vel<\/td>\n<\/tr>\n<tr>\n<th width=\"35%\" nowrap=\"nowrap\">Detalhes da embalagem:<\/th>\n<td>Saco PP espesso normal<\/td>\n<\/tr>\n<tr>\n<th width=\"35%\" nowrap=\"nowrap\">Prazo de entrega:<\/th>\n<td>5-15 dias \u00fateis<\/td>\n<\/tr>\n<tr>\n<th width=\"35%\" nowrap=\"nowrap\">Condi\u00e7\u00f5es de pagamento:<\/th>\n<td>T\/T, Western Union<\/td>\n<\/tr>\n<tr>\n<th width=\"35%\" nowrap=\"nowrap\">Capacidade de fornecimento:<\/th>\n<td>2000pcs\/m\u00eas<\/td>\n<\/tr>\n<\/tbody>\n<\/table>","protected":false},"featured_media":1504,"comment_status":"closed","ping_status":"closed","template":"","meta":{"_gspb_post_css":""},"product_brand":[],"product_cat":[16],"product_tag":[],"class_list":{"0":"post-1506","1":"product","2":"type-product","3":"status-publish","4":"has-post-thumbnail","6":"product_cat-solid-gold-jewellery","8":"first","9":"instock","10":"shipping-taxable","11":"product-type-simple"},"aioseo_notices":[],"_links":{"self":[{"href":"https:\/\/dearjewelry.ltd\/pt\/wp-json\/wp\/v2\/product\/1506","targetHints":{"allow":["GET"]}}],"collection":[{"href":"https:\/\/dearjewelry.ltd\/pt\/wp-json\/wp\/v2\/product"}],"about":[{"href":"https:\/\/dearjewelry.ltd\/pt\/wp-json\/wp\/v2\/types\/product"}],"replies":[{"embeddable":true,"href":"https:\/\/dearjewelry.ltd\/pt\/wp-json\/wp\/v2\/comments?post=1506"}],"wp:featuredmedia":[{"embeddable":true,"href":"https:\/\/dearjewelry.ltd\/pt\/wp-json\/wp\/v2\/media\/1504"}],"wp:attachment":[{"href":"https:\/\/dearjewelry.ltd\/pt\/wp-json\/wp\/v2\/media?parent=1506"}],"wp:term":[{"taxonomy":"product_brand","embeddable":true,"href":"https:\/\/dearjewelry.ltd\/pt\/wp-json\/wp\/v2\/product_brand?post=1506"},{"taxonomy":"product_cat","embeddable":true,"href":"https:\/\/dearjewelry.ltd\/pt\/wp-json\/wp\/v2\/product_cat?post=1506"},{"taxonomy":"product_tag","embeddable":true,"href":"https:\/\/dearjewelry.ltd\/pt\/wp-json\/wp\/v2\/product_tag?post=1506"}],"curies":[{"name":"wp","href":"https:\/\/api.w.org\/{rel}","templated":true}]}}