{"id":1502,"date":"2025-07-13T04:41:20","date_gmt":"2025-07-13T04:41:20","guid":{"rendered":"https:\/\/dearjewelry.ltd\/product\/handmade-14k-yellow-gold-jewelry-natural-14k-yellow-gold-earrings-topaz-gemstone\/"},"modified":"2025-07-13T04:41:20","modified_gmt":"2025-07-13T04:41:20","slug":"handmade-14k-yellow-gold-jewelry-natural-14k-yellow-gold-earrings-topaz-gemstone","status":"publish","type":"product","link":"https:\/\/dearjewelry.ltd\/pt\/product\/handmade-14k-yellow-gold-jewelry-natural-14k-yellow-gold-earrings-topaz-gemstone\/","title":{"rendered":"J\u00f3ias em ouro amarelo 14k feitas \u00e0 m\u00e3o , Brincos em ouro amarelo 14k natural Pedra preciosa top\u00e1zio"},"content":{"rendered":"<h2>J\u00f3ias em ouro amarelo 14k feitas \u00e0 m\u00e3o , Brincos em ouro amarelo 14k natural Pedra preciosa top\u00e1zio<\/h2>\n<p> Descri\u00e7\u00e3o<\/p>\n<table cellpadding=\"0\" cellspacing=\"0\" class=\"details_table\">\n<tbody>\n<tr>\n<th>Material:<\/th>\n<td>Ouro amarelo de 14K<\/td>\n<th>Tipo de j\u00f3ias:<\/th>\n<td>Ear Wire Blue Topaz Earring<\/td>\n<\/tr>\n<tr class=\"bg_gray\">\n<th>Pedra:<\/th>\n<td>Natural Blue Topaz<\/td>\n<th>Tipo de configura\u00e7\u00e3o:<\/th>\n<td>Coloca\u00e7\u00e3o da luneta<\/td>\n<\/tr>\n<tr>\n<th>Estilo:<\/th>\n<td>Minimalist<\/td>\n<th>Natural\/criado em laborat\u00f3rio:<\/th>\n<td>Natural\/criado em laborat\u00f3rio<\/td>\n<\/tr>\n<tr class=\"bg_gray\">\n<th>Location:<\/th>\n<td>Earlobe<\/td>\n<th>Closure:<\/th>\n<td>Ear Wire<\/td>\n<\/tr>\n<tr>\n<th colspan=\"1\">Luz alta:<\/th>\n<td colspan=\"3\">\n<h2 style='font-weight: bold;font-size: 14px'>Topaz Gemstone 14k Yellow Gold Jewelry<\/h2>\n<p>, <\/p>\n<h2 style='font-weight: bold;font-size: 14px'>Topaz Gemstone 14k Yellow Gold Earrings<\/h2>\n<p>, <\/p>\n<h2 style='font-weight: bold;font-size: 14px'>Earlobe Minimalist 14K Yellow Gold Jewelry<\/h2>\n<\/td>\n<\/tr>\n<\/tbody>\n<\/table>\n<p><p><span style=\"font-size:16px\"><strong><span style=\"font-family:arial,helvetica,sans-serif\">Descri\u00e7\u00e3o do produto:<\/span><\/strong><\/span><\/p>\n<p>&nbsp;<\/p>\n<p><strong>14k Yellow Gold Jewelry 14k Yellow Gold Earrings Handmade Natural Blue Topaz Gemstone Jewelry<\/strong><\/p>\n<p>&nbsp;<\/p>\n<p><span style=\"font-size:16px\"><strong>Detalhes do produto:&nbsp;<\/strong><\/span><\/p>\n<table border=\"1\" cellpadding=\"0\" cellspacing=\"0\" style=\"width: 668px\">\n<tbody>\n<tr>\n<td style=\"width: 182px\"><span style=\"font-size:16px\">Item No.<\/span><\/td>\n<td style=\"width: 478px\"><span style=\"font-size:16px\">K43736E<\/span><\/td>\n<\/tr>\n<tr>\n<td style=\"width: 182px\"><span style=\"font-size:16px\">Nome do produto<\/span><\/td>\n<td style=\"width: 478px\"><span style=\"font-size:16px\">14K Yellow Solid Gold Earring<\/span><\/td>\n<\/tr>\n<tr>\n<td style=\"width: 182px\"><span style=\"font-size:16px\">Estilo<\/span><\/td>\n<td style=\"width: 478px\">Minimalist<span style=\"font-size:16px\"> Estilo&nbsp;<\/span><\/td>\n<\/tr>\n<tr>\n<td style=\"width: 182px\"><span style=\"font-size:16px\">Material<\/span><\/td>\n<td style=\"width: 478px\"><span style=\"font-size:16px\">Ouro amarelo de 14K<\/span><\/td>\n<\/tr>\n<tr>\n<td style=\"width: 182px\"><span style=\"font-size:16px\">Tipo de defini\u00e7\u00e3o<\/span><\/td>\n<td style=\"width: 478px\"><span style=\"font-size:16px\">Coloca\u00e7\u00e3o da luneta<\/span><\/td>\n<\/tr>\n<tr>\n<td style=\"width: 182px\"><span style=\"font-size:16px\">G\u00e9nero<\/span><\/td>\n<td style=\"width: 478px\"><span style=\"font-size:16px\">Mulher<\/span><\/td>\n<\/tr>\n<tr>\n<td style=\"width: 182px\"><span style=\"font-size:16px\">Diamante<\/span><\/td>\n<td style=\"width: 478px\"><span style=\"font-size:16px\">Natural Blue topaz<\/span><\/td>\n<\/tr>\n<tr>\n<td style=\"width: 182px\"><span style=\"font-size:16px\">Blue topaz Weight<\/span><\/td>\n<td style=\"width: 478px\"><span style=\"font-size:16px\">0.30ct<\/span><\/td>\n<\/tr>\n<\/tbody>\n<\/table>\n<p>&nbsp;<\/p>\n<p><span style=\"font-size:16px\"><strong><span style=\"font-family:arial,helvetica,sans-serif\"><span>Apresenta\u00e7\u00e3o do produto:<\/span><\/span><\/strong><\/span><\/p>\n<p><img decoding=\"async\" src=\"https:\/\/www.gold-jewellerys.com\/test\/gold-jewellerys.com\/photo\/pl117179132-remark.jpg\"><img decoding=\"async\" src=\"https:\/\/www.gold-jewellerys.com\/test\/gold-jewellerys.com\/photo\/pl117179131-remark.jpg\"><img decoding=\"async\" src=\"https:\/\/www.gold-jewellerys.com\/test\/gold-jewellerys.com\/photo\/pl117179130-remark.jpg\"><\/p>\n<p><span style=\"font-size:16px\"><strong>Detalhe da produ\u00e7\u00e3o :<\/strong><\/span><\/p>\n<p><span style=\"font-size:16px\">&#8211;<\/span><span style=\", Arial, sans-serif;font-size: 16px\">Gemstone : Swiss blue topaz<\/span><br data-filtered=\"filtered\" style=\"margin: 0px;, Arial, sans-serif;font-size: 16px\" \/><br \/>\n<span style=\", Arial, sans-serif;font-size: 16px\">-Gemstone shape, size and weight:<\/span><br data-filtered=\"filtered\" style=\"margin: 0px;, Arial, sans-serif;font-size: 16px\" \/><br \/>\n<span style=\", Arial, sans-serif;font-size: 16px\">-Round &#8211; 3&#215;3 mm , 0.30 carats<\/span><br data-filtered=\"filtered\" style=\"margin: 0px;, Arial, sans-serif;font-size: 16px\" \/><br \/>\n<span style=\", Arial, sans-serif;font-size: 16px\">-oval &#8211; 8&#215;6 mm , 2.71 carats<\/span><br data-filtered=\"filtered\" style=\"margin: 0px;, Arial, sans-serif;font-size: 16px\" \/><br \/>\n<span style=\", Arial, sans-serif;font-size: 16px\">-total gem weight: 3.01 carat<\/span><br \/>\n&nbsp;<\/p>\n<p><span style=\", Arial, sans-serif;font-size: 16px\">Metal: GOLD<\/span><br data-filtered=\"filtered\" style=\"margin: 0px;, Arial, sans-serif;font-size: 16px\" \/><br \/>\n<span style=\", Arial, sans-serif;font-size: 16px\">Purity: 14K<\/span><br data-filtered=\"filtered\" style=\"margin: 0px;, Arial, sans-serif;font-size: 16px\" \/><br \/>\n<span style=\", Arial, sans-serif;font-size: 16px\">Gold Weight: 0.63 grams<\/span><br data-filtered=\"filtered\" style=\"margin: 0px;, Arial, sans-serif;font-size: 16px\" \/><br \/>\n<span style=\", Arial, sans-serif;font-size: 16px\">Total weight: 1.23 grams<\/span><\/p>\n<p>&nbsp;<\/p>\n<p><span style=\", Arial, sans-serif;font-size: 16px\">Natural blue topaz gemstones set in solid 14k yellow gold studs.<\/span><br data-filtered=\"filtered\" style=\"margin: 0px;, Arial, sans-serif;font-size: 16px\" \/><br \/>\n<span style=\", Arial, sans-serif;font-size: 16px\">The Gold purity is absolutely guaranteed and it comes with an authentic 14 kt gold hallmark.<\/span><br data-filtered=\"filtered\" style=\"margin: 0px;, Arial, sans-serif;font-size: 16px\" \/><br \/>\n<span style=\", Arial, sans-serif;font-size: 16px\">Since these earrings are handmade,<\/span><br data-filtered=\"filtered\" style=\"margin: 0px;, Arial, sans-serif;font-size: 16px\" \/><br \/>\n<span style=\", Arial, sans-serif;font-size: 16px\">Gemstone customization is available and the main gemstone can be substituted with a gem of your choice.<\/span><br data-filtered=\"filtered\" style=\"margin: 0px;, Arial, sans-serif;font-size: 16px\" \/><br \/>\n<span style=\", Arial, sans-serif;font-size: 16px\">Free handmade jewelry box with every purchase.<\/span><\/p>\n<p>&nbsp;<\/p>\n<p><span style=\"font-size:16px\"><strong>Porqu\u00ea escolher-nos:<\/strong><\/span><\/p>\n<p>&nbsp;<\/p>\n<p><span style=\"font-size:16px\">1: A K-Gold tem cerca de 21 anos de experi\u00eancia na \u00e1rea da joalharia e 17 anos de experi\u00eancia de produ\u00e7\u00e3o.<\/span><\/p>\n<p><span style=\"font-size:16px\">2: Tamb\u00e9m a nossa equipa profissional de I &amp; D para garantir que os nossos produtos est\u00e3o constantemente actualizados e \u00e0 frente da ind\u00fastria. Assim, temos mais de 3000 desenhos diferentes e mais de 46 colec\u00e7\u00f5es que podem satisfazer os diferentes pedidos do mercado.<\/span><\/p>\n<p><span style=\"font-size:16px\">3: Temos uma poderosa equipa de servi\u00e7o ao cliente que acompanha todo o processo de vendas, ajuda-o em qualquer quest\u00e3o, desde o design CAD at\u00e9 \u00e0 entrega.<\/span><\/p>\n<p><span style=\"font-size:16px\">4: O objetivo da K-gold \u00e9 fornecer aos clientes os produtos certos, ao pre\u00e7o certo e com entrega atempada.<\/span><\/p>\n<p><span style=\"font-size:16px\">5: Para itens personalizados, pode obter CAD no mesmo dia ou no dia seguinte para confirmar os dados antes do in\u00edcio da encomenda.<\/span><\/p>\n<p>&nbsp;<\/p>\n<p><span style=\"font-size:16px\"><strong>Servi\u00e7o de F\u00e1brica K-Gold:<\/strong><\/span><\/p>\n<p><span style=\"font-size:16px\"><img decoding=\"async\" src=\"https:\/\/www.gold-jewellerys.com\/test\/gold-jewellerys.com\/photo\/pl36123473-remark.jpg\"><\/span><\/p>\n<p><span style=\"font-size:16px\"><img decoding=\"async\" alt=\"Handmade 14k Yellow Gold Jewelry , Natural 14k Yellow Gold Earrings Topaz Gemstone 4\" src=\"https:\/\/www.gold-jewellerys.com\/photo\/gold-jewellerys\/editor\/20211204102248_90778.png\"><\/span><\/p>\n<p><span style=\"font-size:16px\"><img decoding=\"async\" src=\"https:\/\/www.gold-jewellerys.com\/test\/gold-jewellerys.com\/photo\/pl36153529-remark.jpg\"><img decoding=\"async\" src=\"https:\/\/www.gold-jewellerys.com\/test\/gold-jewellerys.com\/photo\/pl36153528-remark.jpg\"><\/span><\/p>\n<p>&nbsp;<\/p>\n<p><span style=\"font-size:16px\"><strong>FAQ:<\/strong><\/span><\/p>\n<p><span style=\"font-size:16px\">1: Como \u00e9 que podemos obter o pre\u00e7o?<\/span><\/p>\n<p><span style=\"font-size:16px\">Convidamo-lo a contactar-nos atrav\u00e9s do whatsapp. Basta enviar-nos as fotografias dos artigos que pretende e depois indicar-lhe-emos os pre\u00e7os o mais rapidamente poss\u00edvel.<\/span><\/p>\n<p>&nbsp;<\/p>\n<p><span style=\"font-size:16px\">Pessoa de contacto: Cherry Lee<br \/>\nWhatsApp: +86-18520267369 \/ Tell:+8618520267369<br \/>\nCorreio eletr\u00f3nico:<br \/>\nS\u00edtio Web:<\/span><\/p>\n<p>&nbsp;<\/p>\n<p><span style=\"font-size:16px\">2: Podem personalizar o meu log\u00f3tipo?<br \/>\nSim, \u00e9 poss\u00edvel. Por favor, envie-nos o seu LOGOTIPO atrav\u00e9s de fotografias ou ficheiro, normalmente podemos carimb\u00e1-lo gratuitamente.<\/span><\/p>\n<p>&nbsp;<\/p>\n<p><span style=\"font-size:16px\">3: Prazo de execu\u00e7\u00e3o?<\/span><\/p>\n<p><span style=\"font-size:16px\">1-2 semanas para encomendas de amostras, 2-4 semanas para encomendas a granel, podemos avan\u00e7ar mais cedo se assim o desejar.<\/span><\/p>\n<p>&nbsp;<\/p>\n<p><span style=\"font-size:16px\">4: Posso obter um certificado?<\/span><\/p>\n<p><span style=\"font-size:16px\">Sim, h\u00e1 o certificado se precisar e o pre\u00e7o n\u00e3o inclui a taxa. O diamante tem certificado GIA ou n\u00e3o, basta avisar-me porque h\u00e1 diferen\u00e7a de pre\u00e7o.<\/span><\/p>\n<p>&nbsp;<\/p>\n<p><span style=\"font-size:16px\">5: Via de transporte?<\/span><\/p>\n<p><span style=\"font-size:16px\">N\u00f3s normalmente enviamos por DHL\/Fedex\/EMS\/UPS e assim por diante, o tempo de envio \u00e9 de cerca de 2~7 dias.<\/span><\/p>\n<p>&nbsp;<\/p>\n<p><span style=\"font-size:16px\">6: \u00c9 uma f\u00e1brica, grossista ou empresa comercial? <\/span><\/p>\n<p><span style=\"font-size:16px\">Somos um fabricante de j\u00f3ias com mais de 17 anos de experi\u00eancia.<\/span><\/p>\n<p>&nbsp;<\/p>\n<p><span style=\"font-size: 16px\"><span style=\"font-family: arial, helvetica, sans-serif\">8: <\/span><\/span>Qual \u00e9 a melhor cor do diamante?<\/p>\n<p>O diamante de cor D \u00e9 o grau mais elevado e \u00e9 extremamente raro - o grau de cor mais elevado que o dinheiro pode comprar. Oito por cento dos clientes escolhem um diamante de cor D.<\/p><\/p>","protected":false},"excerpt":{"rendered":"<br \/>\n<table class=\"tables data\" width=\"100%\" border=\"0\" cellpadding=\"0\" cellspacing=\"0\">\n<tbody>\n<tr>\n<th width=\"35%\">Local de origem:<\/th>\n<td>China<\/td>\n<\/tr>\n<tr>\n<th width=\"35%\">Nome da marca:<\/th>\n<td>J\u00f3ias de ouro K<\/td>\n<\/tr>\n<tr>\n<th width=\"35%\">Certifica\u00e7\u00e3o:<\/th>\n<td>Certificado de joalharia<\/td>\n<\/tr>\n<tr>\n<th width=\"35%\">N\u00famero do modelo:<\/th>\n<td>KD43736E<\/td>\n<\/tr>\n<\/tbody>\n<\/table>\n<p>                                                                            <span class=\"title_s\">Condi\u00e7\u00f5es de pagamento e envio:<\/span>                            <\/p>\n<table class=\"tables data\" width=\"100%\" border=\"0\" cellpadding=\"0\" cellspacing=\"0\">\n<tbody>\n<tr>\n<th width=\"35%\" nowrap=\"nowrap\">Quantidade m\u00ednima de encomenda:<\/th>\n<td>3<\/td>\n<\/tr>\n<tr>\n<th width=\"35%\" nowrap=\"nowrap\">Pre\u00e7o:<\/th>\n<td>Negoci\u00e1vel<\/td>\n<\/tr>\n<tr>\n<th width=\"35%\" nowrap=\"nowrap\">Detalhes da embalagem:<\/th>\n<td>Saco PP espesso normal<\/td>\n<\/tr>\n<tr>\n<th width=\"35%\" nowrap=\"nowrap\">Prazo de entrega:<\/th>\n<td>5-15 dias \u00fateis<\/td>\n<\/tr>\n<tr>\n<th width=\"35%\" nowrap=\"nowrap\">Condi\u00e7\u00f5es de pagamento:<\/th>\n<td>T\/T, Western Union<\/td>\n<\/tr>\n<tr>\n<th width=\"35%\" nowrap=\"nowrap\">Capacidade de fornecimento:<\/th>\n<td>2000pcs\/m\u00eas<\/td>\n<\/tr>\n<\/tbody>\n<\/table>","protected":false},"featured_media":1497,"comment_status":"closed","ping_status":"closed","template":"","meta":{"_gspb_post_css":""},"product_brand":[],"product_cat":[16],"product_tag":[],"class_list":{"0":"post-1502","1":"product","2":"type-product","3":"status-publish","4":"has-post-thumbnail","6":"product_cat-solid-gold-jewellery","8":"first","9":"instock","10":"shipping-taxable","11":"product-type-simple"},"aioseo_notices":[],"_links":{"self":[{"href":"https:\/\/dearjewelry.ltd\/pt\/wp-json\/wp\/v2\/product\/1502","targetHints":{"allow":["GET"]}}],"collection":[{"href":"https:\/\/dearjewelry.ltd\/pt\/wp-json\/wp\/v2\/product"}],"about":[{"href":"https:\/\/dearjewelry.ltd\/pt\/wp-json\/wp\/v2\/types\/product"}],"replies":[{"embeddable":true,"href":"https:\/\/dearjewelry.ltd\/pt\/wp-json\/wp\/v2\/comments?post=1502"}],"wp:featuredmedia":[{"embeddable":true,"href":"https:\/\/dearjewelry.ltd\/pt\/wp-json\/wp\/v2\/media\/1497"}],"wp:attachment":[{"href":"https:\/\/dearjewelry.ltd\/pt\/wp-json\/wp\/v2\/media?parent=1502"}],"wp:term":[{"taxonomy":"product_brand","embeddable":true,"href":"https:\/\/dearjewelry.ltd\/pt\/wp-json\/wp\/v2\/product_brand?post=1502"},{"taxonomy":"product_cat","embeddable":true,"href":"https:\/\/dearjewelry.ltd\/pt\/wp-json\/wp\/v2\/product_cat?post=1502"},{"taxonomy":"product_tag","embeddable":true,"href":"https:\/\/dearjewelry.ltd\/pt\/wp-json\/wp\/v2\/product_tag?post=1502"}],"curies":[{"name":"wp","href":"https:\/\/api.w.org\/{rel}","templated":true}]}}