{"id":1495,"date":"2025-07-13T04:41:17","date_gmt":"2025-07-13T04:41:17","guid":{"rendered":"https:\/\/dearjewelry.ltd\/product\/0-44ct-stackable-diamond-rings-yellow-gold-1-8mm-fishtail-setting-type\/"},"modified":"2025-07-13T04:41:17","modified_gmt":"2025-07-13T04:41:17","slug":"0-44ct-stackable-diamond-rings-yellow-gold-1-8mm-fishtail-setting-type","status":"publish","type":"product","link":"https:\/\/dearjewelry.ltd\/pt\/product\/0-44ct-stackable-diamond-rings-yellow-gold-1-8mm-fishtail-setting-type\/","title":{"rendered":"An\u00e9is de Diamante Empilh\u00e1veis 0.44ct Ouro Amarelo 1.8mm Tipo de Configura\u00e7\u00e3o Rabo de Peixe"},"content":{"rendered":"<h2>An\u00e9is de Diamante Empilh\u00e1veis 0.44ct Ouro Amarelo 1.8mm Tipo de Configura\u00e7\u00e3o Rabo de Peixe<\/h2>\n<p> Descri\u00e7\u00e3o<\/p>\n<table cellpadding=\"0\" cellspacing=\"0\" class=\"details_table\">\n<tbody>\n<tr>\n<th>Pedra:<\/th>\n<td>Diamante<\/td>\n<th>Tamanho da pedra:<\/th>\n<td>1.3mm<\/td>\n<\/tr>\n<tr class=\"bg_gray\">\n<th>Natural\/criado em laborat\u00f3rio:<\/th>\n<td>Natural<\/td>\n<th>Material:<\/th>\n<td>Ouro amarelo de 14K<\/td>\n<\/tr>\n<tr>\n<th>Tipo de configura\u00e7\u00e3o:<\/th>\n<td>Fishtail Setting<\/td>\n<th>Tamanho da banda:<\/th>\n<td>1.8mm<\/td>\n<\/tr>\n<tr class=\"bg_gray\">\n<th>Cortar:<\/th>\n<td>Corte redondo<\/td>\n<th>Grau de claridade:<\/th>\n<td>VS1<\/td>\n<\/tr>\n<tr>\n<th>Grau de cor:<\/th>\n<td>G-H<\/td>\n<th>Peso do diamante:<\/th>\n<td>0.14ct<\/td>\n<\/tr>\n<tr class=\"bg_gray\">\n<th colspan=\"1\">Destaque:<\/th>\n<td colspan=\"3\">\n<h2 style='font-weight: bold;font-size: 14px'>0.44ct Stackable Diamond Rings Yellow Gold<\/h2>\n<p>, <\/p>\n<h2 style='font-weight: bold;font-size: 14px'>1.8mm Stackable Diamond Rings Yellow Gold<\/h2>\n<p>, <\/p>\n<h2 style='font-weight: bold;font-size: 14px'>Fishtail Setting Stackable Rings Yellow Gold<\/h2>\n<\/td>\n<\/tr>\n<\/tbody>\n<\/table>\n<p><p><span style=\"font-size:16px\"><strong><span style=\"font-family:arial,helvetica,sans-serif\">Descri\u00e7\u00e3o do produto:<\/span><\/strong><\/span><\/p>\n<p>&nbsp;<\/p>\n<p><span style=\"font-size:16px\"><strong>0.44ct Twist Link Pave Half Diamond Ring in 14K Yellow Gold Jewelry<\/strong><\/span><\/p>\n<p>&nbsp;<\/p>\n<p><span style=\"font-size:16px\"><strong>Detalhes do produto:&nbsp;<\/strong><\/span><\/p>\n<table border=\"1\" cellpadding=\"0\" cellspacing=\"0\" style=\"width: 576px\">\n<tbody>\n<tr>\n<td style=\"width: 136px\"><span style=\"font-size:16px\">Item No.<\/span><\/td>\n<td style=\"width: 434px\">\n<p><span style=\"font-size:16px\">KD7585R<\/span><\/p>\n<\/td>\n<\/tr>\n<tr>\n<td style=\"width: 136px\"><span style=\"font-size:16px\">Nome do produto<\/span><\/td>\n<td style=\"width: 434px\"><span style=\"font-size:16px\">Anel em ouro amarelo 14K<\/span><\/td>\n<\/tr>\n<tr>\n<td style=\"width: 136px\"><span style=\"font-size:16px\">Pedra<\/span><\/td>\n<td style=\"width: 434px\"><span style=\"font-size:16px\">Didamond natural <\/span><\/td>\n<\/tr>\n<tr>\n<td style=\"width: 136px\"><span style=\"font-size:16px\">Material<\/span><\/td>\n<td style=\"width: 434px\"><span style=\"font-size:16px\">Ouro de 14K<\/span><\/td>\n<\/tr>\n<tr>\n<td style=\"width: 136px\"><span style=\"font-size:16px\">Corte<\/span><\/td>\n<td style=\"width: 434px\"><span style=\"font-size:16px\">Corte redondo<\/span><\/td>\n<\/tr>\n<tr>\n<td style=\"width: 136px\"><span style=\"font-size:16px\">Tamanho da pedra<\/span><\/td>\n<td style=\"width: 434px\"><span style=\"font-size:16px\">1.8mm<\/span><\/td>\n<\/tr>\n<tr>\n<td style=\"width: 136px\"><span style=\"font-size:16px\">Estilo<\/span><\/td>\n<td style=\"width: 434px\"><span style=\"font-size:16px\">Wedding Ring<\/span><\/td>\n<\/tr>\n<tr>\n<td style=\"width: 136px\"><span style=\"font-size:16px\">Clareza e cor<\/span><\/td>\n<td style=\"width: 434px\"><span style=\"font-size:16px\">F-H VS1<\/span><\/td>\n<\/tr>\n<tr>\n<td style=\"width: 136px\"><span style=\"font-size:16px\">Defini\u00e7\u00e3o<\/span><\/td>\n<td style=\"width: 434px\"><span style=\"font-size:16px\">Defini\u00e7\u00e3o do rabo de peixe<\/span><\/td>\n<\/tr>\n<tr>\n<td style=\"width: 136px\"><span style=\"font-size:16px\">Peso do diamante<\/span><\/td>\n<td style=\"width: 434px\"><span style=\"font-size:16px\">0.14ct<\/span><\/td>\n<\/tr>\n<\/tbody>\n<\/table>\n<p>&nbsp;<\/p>\n<p><span style=\"font-size:16px\"><strong><span style=\"font-family:arial,helvetica,sans-serif\"><span>Apresenta\u00e7\u00e3o do produto:<\/span><\/span><\/strong><\/span><\/p>\n<p><span style=\"font-size:16px\"><img decoding=\"async\" src=\"https:\/\/www.gold-jewellerys.com\/test\/gold-jewellerys.com\/photo\/pl36927358-remark.jpg\"><\/span><\/p>\n<p><span style=\"font-size:16px\"><strong>Detalhe da produ\u00e7\u00e3o :<\/strong><\/span><\/p>\n<p><span style=\"font-size:16px\">Este anel de banda delicada de diamante fino apresenta um diamante central certificado pelo GIA.<\/span><\/p>\n<p><span style=\"font-size:16px\">-100% Eye Clean e nenhuma inclus\u00e3o vis\u00edvel a olho nu.<\/span><\/p>\n<p><span style=\"font-size:16px\">-100% Diamante natural.<\/span><\/p>\n<p><span style=\"font-size:16px\">-100% Branco e cintilante (cheio de vida) .<\/span><\/p>\n<p><span style=\"font-size:16px\">-As nossas pedras N\u00c3O s\u00e3o de todo turvas ou leitosas.<\/span><\/p>\n<p>&nbsp;<\/p>\n<p><span style=\"font-size:16px\"><span style=\"font-family:arial,helvetica,sans-serif\">1: Anel de diamante de um quilate<\/span><\/span><\/p>\n<p><span style=\"font-size:16px\"><span style=\"font-family: arial, helvetica, sans-serif\">2: Claridade do diamante&nbsp;<\/span>Classifica\u00e7\u00e3o&nbsp;<span style=\"font-family: arial, helvetica, sans-serif\">: VS1<\/span><\/span><\/p>\n<p><span style=\"font-size:16px\"><span style=\"font-family:arial,helvetica,sans-serif\">3: Cor do diamante <\/span>Classifica\u00e7\u00e3o <span style=\"font-family:arial,helvetica,sans-serif\">: G-H<\/span><\/span><\/p>\n<p><span style=\"font-size:16px\"><span style=\"font-family:arial,helvetica,sans-serif\">4: Corte do diamante: Corte redondo<\/span><\/span><\/p>\n<p><span style=\"font-size:16px\"><span style=\"font-family:arial,helvetica,sans-serif\">5: Material: Ouro 14K&nbsp;<\/span><\/span><\/p>\n<p><span style=\"font-size:16px\"><span style=\"font-family: arial, helvetica, sans-serif\">6: Todos os pesos em quilates de pedras preciosas (ct.), se mencionados, s\u00e3o aproximados; a varia\u00e7\u00e3o pode ser de 0,05 quilates.<\/span><\/span><\/p>\n<p><span style=\"font-size:16px\"><span style=\"font-family: arial, helvetica, sans-serif\">7: As fotografias podem ter sido ampliadas e\/ou melhoradas.<\/span><\/span><\/p>\n<p>&nbsp;<\/p>\n<p><span style=\"font-size:16px\"><strong>Porqu\u00ea escolher-nos:<\/strong><\/span><\/p>\n<p><span style=\"font-size:16px\">1: A K-Gold tem cerca de 21 anos de experi\u00eancia na \u00e1rea da joalharia e 17 anos de experi\u00eancia de produ\u00e7\u00e3o.<\/span><\/p>\n<p><span style=\"font-size:16px\">2: O objetivo da K-gold \u00e9 fornecer aos clientes os produtos certos, ao pre\u00e7o certo e com entrega atempada.<\/span><\/p>\n<p><span style=\"font-size:16px\">3: Para itens personalizados, pode obter CAD no mesmo dia ou no dia seguinte para confirmar os dados antes do in\u00edcio da encomenda.<\/span><\/p>\n<p><span style=\"font-size:16px\">4: Tamb\u00e9m a nossa equipa profissional de I &amp; D para garantir que os nossos produtos est\u00e3o constantemente actualizados e \u00e0 frente da ind\u00fastria. Assim, temos mais de 3000 designs diferentes e mais de 46 colec\u00e7\u00f5es que podem satisfazer os diferentes pedidos do mercado.<\/span><\/p>\n<p><span style=\"font-size:16px\">5: Temos uma poderosa equipa de servi\u00e7o ao cliente que acompanha todo o processo de vendas, ajuda-o em qualquer quest\u00e3o, desde o design CAD at\u00e9 \u00e0 entrega.<\/span><\/p>\n<p>&nbsp;<\/p>\n<p><span style=\"font-size:16px\"><strong>Servi\u00e7o de F\u00e1brica K-Gold:<\/strong><\/span><\/p>\n<p><span style=\"font-size:16px\"><img decoding=\"async\" alt=\"0.44ct Stackable Diamond Rings Yellow Gold 1.8mm Fishtail Setting Type 1\" src=\"https:\/\/www.gold-jewellerys.com\/photo\/gold-jewellerys\/editor\/20211215172329_84667.png\"><img decoding=\"async\" alt=\"0.44ct Stackable Diamond Rings Yellow Gold 1.8mm Fishtail Setting Type 2\" src=\"https:\/\/www.gold-jewellerys.com\/photo\/gold-jewellerys\/editor\/20211215172355_88885.jpg\"><\/span><\/p>\n<p>&nbsp;<\/p>\n<p><span style=\"font-size:16px\"><strong>FAQ:<\/strong><\/span><\/p>\n<p><span style=\"font-size:16px\">1: Como \u00e9 que podemos obter o pre\u00e7o?<\/span><\/p>\n<p><span style=\"font-size:16px\">Convidamo-lo a contactar-nos atrav\u00e9s do whatsapp. Basta enviar-nos as fotografias dos artigos que pretende e, em seguida, indicar-lhe-emos os pre\u00e7os o mais rapidamente poss\u00edvel.<\/span><\/p>\n<p>&nbsp;<\/p>\n<p><span style=\"font-size:16px\">Pessoa de contacto: Cherry Lee<br \/>\nWhatsApp: +86-18520267369 \/ Tell:+8618520267369<br \/>\nCorreio eletr\u00f3nico:<br \/>\nS\u00edtio Web:<\/span><\/p>\n<p>&nbsp;<\/p>\n<p><span style=\"font-size:16px\">2: What is the difference between 14k, 18k, and 24k gold?<\/span><\/p>\n<p><span style=\"font-size:16px\">A diferen\u00e7a entre o ouro de 14, 18 e 24 quilates \u00e9 a quantidade de ouro puro presente. O ouro de 14 quilates tem cerca de 58% de ouro puro, o de 18 quilates tem cerca de 75% e o de 24 quilates tem 100% de ouro puro. Quanto mais puro for o ouro, mais macio ser\u00e1 o metal.<\/span><\/p>\n<p>&nbsp;<\/p>\n<p><span style=\"font-size:16px\">3: What is more expensive, 14k or 18k gold?<\/span><\/p>\n<p><span style=\"font-size:16px\">18k gold is more expensive than 14k gold, by a few hundred dollars depending on the type of setting you choose. A 14k halo setting will cost you more than a 14k solitaire setting.<\/span><\/p>\n<p>&nbsp;<\/p>\n<p><span style=\"font-size:16px\">4: Como cuidar das j\u00f3ias de ouro de 14k?<\/span><\/p>\n<p><span style=\"font-size:16px\">Evite manusear produtos qu\u00edmicos agressivos (como cloro ou lix\u00edvia), retire os an\u00e9is durante desportos ou actividades de alto impacto e leve o anel para ser limpo por um profissional uma vez por ano.<\/span><\/p>\n<p>&nbsp;<\/p>\n<p><span style=\"font-size:16px\">5: Are you factory or wholesaler or trading company?<\/span><\/p>\n<p><span style=\"font-size:16px\">N\u00f3s normalmente enviamos por DHL\/Fedex\/EMS\/UPS e assim por diante, o tempo de envio \u00e9 de cerca de 2~7 dias.<\/span><\/p>\n<p>&nbsp;<\/p>\n<p><span style=\"font-size:16px\"><span style=\"font-family:arial,helvetica,sans-serif\">6: <\/span>Oferecem j\u00f3ias personalizadas? Posso personalizar uma pe\u00e7a de joalharia?<span style=\"font-family:arial,helvetica,sans-serif\"> <\/span><\/span><\/p>\n<p><span style=\"font-size:16px\">Sim, pode enviar o seu desenho e n\u00f3s fabricamo-lo para si (podem ser aplicadas taxas adicionais). Todos os nossos desenhos podem ser feitos em qualquer metal, tamanho, peso em quilates e qualquer pedra que necessite pode ser feita.<\/span><\/p><\/p>","protected":false},"excerpt":{"rendered":"<br \/>\n<table class=\"tables data\" width=\"100%\" border=\"0\" cellpadding=\"0\" cellspacing=\"0\">\n<tbody>\n<tr>\n<th width=\"35%\">Local de origem:<\/th>\n<td>China<\/td>\n<\/tr>\n<tr>\n<th width=\"35%\">Nome da marca:<\/th>\n<td>J\u00f3ias de ouro K<\/td>\n<\/tr>\n<tr>\n<th width=\"35%\">Certifica\u00e7\u00e3o:<\/th>\n<td>Certificado de joalharia<\/td>\n<\/tr>\n<tr>\n<th width=\"35%\">N\u00famero do modelo:<\/th>\n<td>KD7585R<\/td>\n<\/tr>\n<\/tbody>\n<\/table>\n<p>                                                                            <span class=\"title_s\">Condi\u00e7\u00f5es de pagamento e envio:<\/span>                            <\/p>\n<table class=\"tables data\" width=\"100%\" border=\"0\" cellpadding=\"0\" cellspacing=\"0\">\n<tbody>\n<tr>\n<th width=\"35%\" nowrap=\"nowrap\">Quantidade m\u00ednima de encomenda:<\/th>\n<td>3<\/td>\n<\/tr>\n<tr>\n<th width=\"35%\" nowrap=\"nowrap\">Pre\u00e7o:<\/th>\n<td>Negoci\u00e1vel<\/td>\n<\/tr>\n<tr>\n<th width=\"35%\" nowrap=\"nowrap\">Detalhes da embalagem:<\/th>\n<td>Saco PP espesso normal<\/td>\n<\/tr>\n<tr>\n<th width=\"35%\" nowrap=\"nowrap\">Prazo de entrega:<\/th>\n<td>5-15 dias \u00fateis<\/td>\n<\/tr>\n<tr>\n<th width=\"35%\" nowrap=\"nowrap\">Condi\u00e7\u00f5es de pagamento:<\/th>\n<td>T\/T, Western Union<\/td>\n<\/tr>\n<tr>\n<th width=\"35%\" nowrap=\"nowrap\">Capacidade de fornecimento:<\/th>\n<td>2000pcs\/m\u00eas<\/td>\n<\/tr>\n<\/tbody>\n<\/table>\n<p>                                                                                                                                \", \"countrycode\": \"US\"}\");' class=\"btn contact_btn\" style=\"display: inline-block;background:#ff771c url(\/images\/css-sprite.png) -260px -214px;color:#fff;padding:0 13px 0 33px;width:auto;height:25px;line-height:26px;border:0;font-size:13px;border-radius:4px;font-weight:bold;text-decoration:none;\"&gt;<\/p>","protected":false},"featured_media":1493,"comment_status":"closed","ping_status":"closed","template":"","meta":{"_gspb_post_css":""},"product_brand":[],"product_cat":[16],"product_tag":[],"class_list":{"0":"post-1495","1":"product","2":"type-product","3":"status-publish","4":"has-post-thumbnail","6":"product_cat-solid-gold-jewellery","8":"first","9":"instock","10":"shipping-taxable","11":"product-type-simple"},"aioseo_notices":[],"_links":{"self":[{"href":"https:\/\/dearjewelry.ltd\/pt\/wp-json\/wp\/v2\/product\/1495","targetHints":{"allow":["GET"]}}],"collection":[{"href":"https:\/\/dearjewelry.ltd\/pt\/wp-json\/wp\/v2\/product"}],"about":[{"href":"https:\/\/dearjewelry.ltd\/pt\/wp-json\/wp\/v2\/types\/product"}],"replies":[{"embeddable":true,"href":"https:\/\/dearjewelry.ltd\/pt\/wp-json\/wp\/v2\/comments?post=1495"}],"wp:featuredmedia":[{"embeddable":true,"href":"https:\/\/dearjewelry.ltd\/pt\/wp-json\/wp\/v2\/media\/1493"}],"wp:attachment":[{"href":"https:\/\/dearjewelry.ltd\/pt\/wp-json\/wp\/v2\/media?parent=1495"}],"wp:term":[{"taxonomy":"product_brand","embeddable":true,"href":"https:\/\/dearjewelry.ltd\/pt\/wp-json\/wp\/v2\/product_brand?post=1495"},{"taxonomy":"product_cat","embeddable":true,"href":"https:\/\/dearjewelry.ltd\/pt\/wp-json\/wp\/v2\/product_cat?post=1495"},{"taxonomy":"product_tag","embeddable":true,"href":"https:\/\/dearjewelry.ltd\/pt\/wp-json\/wp\/v2\/product_tag?post=1495"}],"curies":[{"name":"wp","href":"https:\/\/api.w.org\/{rel}","templated":true}]}}