{"id":1412,"date":"2025-07-13T04:40:41","date_gmt":"2025-07-13T04:40:41","guid":{"rendered":"https:\/\/dearjewelry.ltd\/product\/solitaire-stone-14k-yellow-gold-jewelry-ring-0-1ct-claw-setting-type-vs1-clarity-grade\/"},"modified":"2025-07-13T04:40:41","modified_gmt":"2025-07-13T04:40:41","slug":"solitaire-stone-14k-yellow-gold-jewelry-ring-0-1ct-claw-setting-type-vs1-clarity-grade","status":"publish","type":"product","link":"https:\/\/dearjewelry.ltd\/pt\/product\/solitaire-stone-14k-yellow-gold-jewelry-ring-0-1ct-claw-setting-type-vs1-clarity-grade\/","title":{"rendered":"Solitaire Stone 14K Yellow Gold Jewelry Ring 0.1ct Claw Setting Type VS1 Clarity grade"},"content":{"rendered":"<h2>Solitaire Stone 14K Yellow Gold Jewelry Ring 0.1ct Claw Setting Type VS1 Clarity grade<\/h2>\n<p> Descri\u00e7\u00e3o<\/p>\n<table cellpadding=\"0\" cellspacing=\"0\" class=\"details_table\">\n<tbody>\n<tr>\n<th>Material:<\/th>\n<td>Ouro amarelo de 14K<\/td>\n<th>Tipo de j\u00f3ias:<\/th>\n<td>Anel de banda<\/td>\n<\/tr>\n<tr class=\"bg_gray\">\n<th>Pedra:<\/th>\n<td>Diamante<\/td>\n<th>Nome do produto:<\/th>\n<td>Yellow Gold Ring<\/td>\n<\/tr>\n<tr>\n<th>Tipo de configura\u00e7\u00e3o:<\/th>\n<td>Ajuste da garra<\/td>\n<th>Grau de claridade:<\/th>\n<td>VS1<\/td>\n<\/tr>\n<tr class=\"bg_gray\">\n<th>Peso do diamante:<\/th>\n<td>0.1ct<\/td>\n<th>Cortar:<\/th>\n<td>EX<\/td>\n<\/tr>\n<tr>\n<th>Grau de cor:<\/th>\n<td>G-H<\/td>\n<th>Natural\/criado em laborat\u00f3rio:<\/th>\n<td>Natural<\/td>\n<\/tr>\n<tr class=\"bg_gray\">\n<th colspan=\"1\">Luz alta:<\/th>\n<td colspan=\"3\">\n<h2 style='font-weight: bold;font-size: 14px'>0.1ct 14K Yellow Gold Jewelry<\/h2>\n<p>, <\/p>\n<h2 style='font-weight: bold;font-size: 14px'>14K Yellow Gold Jewelry Claw Setting<\/h2>\n<p>, <\/p>\n<h2 style='font-weight: bold;font-size: 14px'>VS1 Solitaire Stone Ring<\/h2>\n<\/td>\n<\/tr>\n<\/tbody>\n<\/table>\n<p><p><span style=\"font-size:16px\"><strong><span style=\"font-family:arial,helvetica,sans-serif\">Descri\u00e7\u00e3o do produto:<\/span><\/strong><\/span><\/p>\n<p>&nbsp;<\/p>\n<p><span style=\"font-size:16px\"><strong>Solitaire Stone Natural Diamond Band Ring In 14K Yellow Gold Jewelry<\/strong><\/span><\/p>\n<p>&nbsp;<\/p>\n<p><span style=\"font-size:16px\"><strong>Detalhes do produto:&nbsp;<\/strong><\/span><\/p>\n<table border=\"1\" cellpadding=\"0\" cellspacing=\"0\" style=\"width: 576px\">\n<tbody>\n<tr>\n<td style=\"width: 136px\"><span style=\"font-size:16px\">Item No.<\/span><\/td>\n<td style=\"width: 434px\"><span style=\"font-size:16px\">KD7579R<\/span><\/td>\n<\/tr>\n<tr>\n<td style=\"width: 136px\"><span style=\"font-size:16px\">Nome do produto<\/span><\/td>\n<td style=\"width: 434px\"><span style=\"font-size:16px\">Anel em ouro amarelo 14K<\/span><\/td>\n<\/tr>\n<tr>\n<td style=\"width: 136px\"><span style=\"font-size:16px\">Estilo<\/span><\/td>\n<td style=\"width: 434px\"><span style=\"font-size:16px\">Wedding Ring<\/span><\/td>\n<\/tr>\n<tr>\n<td style=\"width: 136px\"><span style=\"font-size:16px\">Material<\/span><\/td>\n<td style=\"width: 434px\"><span style=\"font-size:16px\">Ouro amarelo de 14K<\/span><\/td>\n<\/tr>\n<tr>\n<td style=\"width: 136px\"><span style=\"font-size:16px\">Tipo de defini\u00e7\u00e3o<\/span><\/td>\n<td style=\"width: 434px\"><span style=\"font-size:16px\">Fixa\u00e7\u00e3o de pinos<\/span><\/td>\n<\/tr>\n<tr>\n<td style=\"width: 136px\"><span style=\"font-size:16px\">G\u00e9nero<\/span><\/td>\n<td style=\"width: 434px\"><span style=\"font-size:16px\">Mulher<\/span><\/td>\n<\/tr>\n<tr>\n<td style=\"width: 136px\"><span style=\"font-size:16px\">Diamante<\/span><\/td>\n<td style=\"width: 434px\"><span style=\"font-size:16px\">Didamond natural&nbsp;<\/span><\/td>\n<\/tr>\n<tr>\n<td style=\"width: 136px\"><span style=\"font-size:16px\">Clareza e cor<\/span><\/td>\n<td style=\"width: 434px\"><span style=\"font-size:16px\">G-H VS1<\/span><\/td>\n<\/tr>\n<tr>\n<td style=\"width: 136px\"><span style=\"font-size: 16px\">Desigh<\/span><\/td>\n<td style=\"width: 434px\"><span style=\"font-size: 16px\">Soliatire Diamond<\/span><\/td>\n<\/tr>\n<tr>\n<td style=\"width: 136px\"><span style=\"font-size:16px\">Peso do diamante<\/span><\/td>\n<td style=\"width: 434px\"><span style=\"font-size:16px\">0.1ct<\/span><\/td>\n<\/tr>\n<\/tbody>\n<\/table>\n<p>&nbsp;<\/p>\n<p><span style=\"font-size:16px\"><strong><span style=\"font-family:arial,helvetica,sans-serif\"><span>Apresenta\u00e7\u00e3o do produto:<\/span><\/span><\/strong><\/span><\/p>\n<p><span style=\"font-size:16px\"><img decoding=\"async\" src=\"https:\/\/www.gold-jewellerys.com\/test\/gold-jewellerys.com\/photo\/pl36765852-remark.jpg\"><\/span><\/p>\n<p><span style=\"font-size:16px\"><strong>Detalhe da produ\u00e7\u00e3o :<\/strong><\/span><\/p>\n<p><span style=\"font-size:16px\">Este anel de banda delicada de diamante fino apresenta um diamante central certificado pelo GIA.<\/span><\/p>\n<p><span style=\"font-size:16px\">-100% Diamante natural.<\/span><\/p>\n<p><span style=\"font-size:16px\">-100% Eye Clean e nenhuma inclus\u00e3o vis\u00edvel a olho nu.<\/span><\/p>\n<p><span style=\"font-size:16px\">-100% Branco e cintilante (cheio de vida) .<\/span><\/p>\n<p><span style=\"font-size:16px\">-As nossas pedras N\u00c3O s\u00e3o de todo turvas ou leitosas.<\/span><\/p>\n<p>&nbsp;<\/p>\n<p><span style=\"font-size:16px\"><span style=\"font-family:arial,helvetica,sans-serif\">1: Anel de diamante de um quilate<\/span><\/span><\/p>\n<p><span style=\"font-size:16px\"><span style=\"font-family:arial,helvetica,sans-serif\">2: Diamond Color <\/span>Classifica\u00e7\u00e3o <span style=\"font-family:arial,helvetica,sans-serif\">: G-H<\/span><\/span><\/p>\n<p><span style=\"font-size:16px\"><span style=\"font-family:arial,helvetica,sans-serif\">3: Diamond Clarity <\/span>Classifica\u00e7\u00e3o <span style=\"font-family:arial,helvetica,sans-serif\">: VS1<\/span><\/span><\/p>\n<p><span style=\"font-size:16px\"><span style=\"font-family:arial,helvetica,sans-serif\">4: Corte do diamante: Corte brilhante redondo<\/span><\/span><\/p>\n<p><span style=\"font-size:16px\"><span style=\"font-family:arial,helvetica,sans-serif\">5: Diamond Cutting Rating: EX<\/span><\/span><\/p>\n<p><span style=\"font-size:16px\"><span style=\"font-family:arial,helvetica,sans-serif\">6: Material is&nbsp;14K Yellow Gold&nbsp;<\/span><\/span><\/p>\n<p><span style=\"font-size:16px\"><span style=\"font-family: arial, helvetica, sans-serif\">7: All gemstone carat weights (ct. ), if mentioned, are approximate; variance may be 0.05 carat.<\/span><\/span><\/p>\n<p><span style=\"font-size:16px\"><span style=\"font-family: arial, helvetica, sans-serif\">8: As fotografias podem ter sido ampliadas e\/ou melhoradas.<\/span><\/span><\/p>\n<p>&nbsp;<\/p>\n<p><span style=\"font-size:16px\"><strong>Porqu\u00ea escolher-nos:<\/strong><\/span><\/p>\n<p><span style=\"font-size:16px\">1: A K-Gold tem cerca de 21 anos de experi\u00eancia na \u00e1rea da joalharia e 17 anos de experi\u00eancia de produ\u00e7\u00e3o.<\/span><\/p>\n<p><span style=\"font-size:16px\">2: Tamb\u00e9m a nossa equipa profissional de I &amp; D para garantir que os nossos produtos est\u00e3o constantemente actualizados e \u00e0 frente da ind\u00fastria. Assim, temos mais de 3000 desenhos diferentes e mais de 46 colec\u00e7\u00f5es que podem satisfazer os diferentes pedidos do mercado.<\/span><\/p>\n<p><span style=\"font-size: 16px\">3: The goal for K-gold is to provide customers right products at the right price and to delivery in time.<\/span><\/p>\n<p><span style=\"font-size: 16px\">4: Para itens personalizados, pode obter CAD no mesmo dia ou no dia seguinte para confirmar os dados antes do in\u00edcio da encomenda.<\/span><\/p>\n<p><span style=\"font-size:16px\">5: Temos uma poderosa equipa de servi\u00e7o ao cliente que acompanha todo o processo de vendas, ajuda-o em qualquer quest\u00e3o, desde o design CAD at\u00e9 \u00e0 entrega.<\/span><\/p>\n<p>&nbsp;<\/p>\n<p><span style=\"font-size:16px\"><strong>Servi\u00e7o de F\u00e1brica K-Gold:<\/strong><\/span><\/p>\n<p><span style=\"font-size:16px\"><img decoding=\"async\" src=\"https:\/\/www.gold-jewellerys.com\/test\/gold-jewellerys.com\/photo\/pl36123473-remark.jpg\"><\/span><\/p>\n<p><span style=\"font-size:16px\"><img decoding=\"async\" alt=\"Solitaire Stone 14K Yellow Gold Jewelry Ring 0.1ct Claw Setting Type VS1 Clarity grade 2\" src=\"https:\/\/www.gold-jewellerys.com\/photo\/gold-jewellerys\/editor\/20211204105644_11675.jpg\"><\/span><\/p>\n<p>&nbsp;<\/p>\n<p><span style=\"font-size:16px\"><strong>FAQ:<\/strong><\/span><\/p>\n<p><span style=\"font-size:16px\">1: Como \u00e9 que podemos obter o pre\u00e7o?<\/span><\/p>\n<p><span style=\"font-size:16px\">Convidamo-lo a contactar-nos atrav\u00e9s do whatsapp. Basta enviar-nos as fotografias dos artigos que pretende e depois indicar-lhe-emos os pre\u00e7os o mais rapidamente poss\u00edvel.<\/span><\/p>\n<p>&nbsp;<\/p>\n<p><span style=\"font-size:16px\">Pessoa de contacto: Cherry Lee<br \/>\nWhatsApp: +86-18520267369 \/ Tell:+8618520267369<br \/>\nCorreio eletr\u00f3nico:<br \/>\nS\u00edtio Web:<\/span><\/p>\n<p>&nbsp;<\/p>\n<p><span style=\"font-size:16px\">2: Podem personalizar o meu log\u00f3tipo?<br \/>\nSim, \u00e9 poss\u00edvel. Envie-nos o seu LOGOTIPO por fotografia ou ficheiro, normalmente podemos carimb\u00e1-lo gratuitamente.<\/span><\/p>\n<p>&nbsp;<\/p>\n<p><span style=\"font-size:16px\">3: Prazo de execu\u00e7\u00e3o?<\/span><\/p>\n<p><span style=\"font-size:16px\">1-2 semanas para a encomenda de amostras, 2-4 semanas para a encomenda a granel, podemos avan\u00e7ar mais cedo conforme o seu pedido.<span style=\"font-family:arial,helvetica,sans-serif\">Mais 2-7 dias de tempo de envio m\u00e9todo de envio expresso para todo o mundo.<\/span><\/span><\/p>\n<p>&nbsp;<\/p>\n<p><span style=\"font-size:16px\">4: What&#039;s your onner packing?<\/span><\/p>\n<p><span style=\"font-size:16px\">Saco Opp \/ caixa de j\u00f3ias conforme o seu pedido.<\/span><\/p>\n<p>&nbsp;<\/p>\n<p><span style=\"font-size:16px\">5: Via de transporte?<\/span><\/p>\n<p><span style=\"font-size:16px\">N\u00f3s normalmente enviamos por DHL\/Fedex\/EMS\/UPS e assim por diante, o tempo de envio \u00e9 de cerca de 2~7 dias.<\/span><\/p>\n<p>&nbsp;<\/p>\n<p><span style=\"font-size:16px\"><span style=\"font-family:arial,helvetica,sans-serif\">6: Can i have a certificate ? <\/span><\/span><\/p>\n<p><span style=\"font-size:16px\"><span style=\"font-family:arial,helvetica,sans-serif\">Sim, h\u00e1 o certificado se precisar e o pre\u00e7o n\u00e3o inclui a taxa. O diamante tem certificado GIA ou n\u00e3o, basta avisar-me porque h\u00e1 diferen\u00e7a de pre\u00e7o.<\/span><\/span><\/p><\/p>","protected":false},"excerpt":{"rendered":"<br \/>\n<table class=\"tables data\" width=\"100%\" border=\"0\" cellpadding=\"0\" cellspacing=\"0\">\n<tbody>\n<tr>\n<th width=\"35%\">Local de origem:<\/th>\n<td>China<\/td>\n<\/tr>\n<tr>\n<th width=\"35%\">Nome da marca:<\/th>\n<td>J\u00f3ias de ouro K<\/td>\n<\/tr>\n<tr>\n<th width=\"35%\">Certifica\u00e7\u00e3o:<\/th>\n<td>Certificado de joalharia<\/td>\n<\/tr>\n<tr>\n<th width=\"35%\">N\u00famero do modelo:<\/th>\n<td>KD7579R<\/td>\n<\/tr>\n<\/tbody>\n<\/table>\n<p>                                                                            <span class=\"title_s\">Condi\u00e7\u00f5es de pagamento e envio:<\/span>                            <\/p>\n<table class=\"tables data\" width=\"100%\" border=\"0\" cellpadding=\"0\" cellspacing=\"0\">\n<tbody>\n<tr>\n<th width=\"35%\" nowrap=\"nowrap\">Quantidade m\u00ednima de encomenda:<\/th>\n<td>3<\/td>\n<\/tr>\n<tr>\n<th width=\"35%\" nowrap=\"nowrap\">Pre\u00e7o:<\/th>\n<td>Negoci\u00e1vel<\/td>\n<\/tr>\n<tr>\n<th width=\"35%\" nowrap=\"nowrap\">Detalhes da embalagem:<\/th>\n<td>Saco PP espesso normal<\/td>\n<\/tr>\n<tr>\n<th width=\"35%\" nowrap=\"nowrap\">Prazo de entrega:<\/th>\n<td>5-15 dias \u00fateis<\/td>\n<\/tr>\n<tr>\n<th width=\"35%\" nowrap=\"nowrap\">Condi\u00e7\u00f5es de pagamento:<\/th>\n<td>T\/T, Western Union<\/td>\n<\/tr>\n<tr>\n<th width=\"35%\" nowrap=\"nowrap\">Capacidade de fornecimento:<\/th>\n<td>2000pcs\/m\u00eas<\/td>\n<\/tr>\n<\/tbody>\n<\/table>","protected":false},"featured_media":1410,"comment_status":"closed","ping_status":"closed","template":"","meta":{"_gspb_post_css":""},"product_brand":[],"product_cat":[16],"product_tag":[],"class_list":{"0":"post-1412","1":"product","2":"type-product","3":"status-publish","4":"has-post-thumbnail","6":"product_cat-solid-gold-jewellery","8":"first","9":"instock","10":"shipping-taxable","11":"product-type-simple"},"aioseo_notices":[],"_links":{"self":[{"href":"https:\/\/dearjewelry.ltd\/pt\/wp-json\/wp\/v2\/product\/1412","targetHints":{"allow":["GET"]}}],"collection":[{"href":"https:\/\/dearjewelry.ltd\/pt\/wp-json\/wp\/v2\/product"}],"about":[{"href":"https:\/\/dearjewelry.ltd\/pt\/wp-json\/wp\/v2\/types\/product"}],"replies":[{"embeddable":true,"href":"https:\/\/dearjewelry.ltd\/pt\/wp-json\/wp\/v2\/comments?post=1412"}],"wp:featuredmedia":[{"embeddable":true,"href":"https:\/\/dearjewelry.ltd\/pt\/wp-json\/wp\/v2\/media\/1410"}],"wp:attachment":[{"href":"https:\/\/dearjewelry.ltd\/pt\/wp-json\/wp\/v2\/media?parent=1412"}],"wp:term":[{"taxonomy":"product_brand","embeddable":true,"href":"https:\/\/dearjewelry.ltd\/pt\/wp-json\/wp\/v2\/product_brand?post=1412"},{"taxonomy":"product_cat","embeddable":true,"href":"https:\/\/dearjewelry.ltd\/pt\/wp-json\/wp\/v2\/product_cat?post=1412"},{"taxonomy":"product_tag","embeddable":true,"href":"https:\/\/dearjewelry.ltd\/pt\/wp-json\/wp\/v2\/product_tag?post=1412"}],"curies":[{"name":"wp","href":"https:\/\/api.w.org\/{rel}","templated":true}]}}