{"id":1383,"date":"2025-07-13T04:40:29","date_gmt":"2025-07-13T04:40:29","guid":{"rendered":"https:\/\/dearjewelry.ltd\/product\/oem-2-84ct-18k-yellow-gold-engagement-ring-32pcs-92pcs-3-20g-weight\/"},"modified":"2025-07-13T04:40:29","modified_gmt":"2025-07-13T04:40:29","slug":"oem-2-84ct-anel-de-noivado-em-ouro-amarelo-18k-32pcs-92pcs-3-20g-peso","status":"publish","type":"product","link":"https:\/\/dearjewelry.ltd\/pt\/product\/oem-2-84ct-anel-de-noivado-em-ouro-amarelo-18k-32pcs-92pcs-3-20g-peso\/","title":{"rendered":"Anel de noivado em ouro amarelo 18k OEM 2.84ct 32pcs 92pcs 3.20g Peso"},"content":{"rendered":"<h2>Anel de noivado em ouro amarelo 18k OEM 2.84ct 32pcs 92pcs 3.20g Peso<\/h2>\n<p> Descri\u00e7\u00e3o<\/p>\n<table cellpadding=\"0\" cellspacing=\"0\" class=\"details_table\">\n<tbody>\n<tr>\n<th>Material:<\/th>\n<td>Ouro maci\u00e7o de 18K<\/td>\n<th>Tipo de j\u00f3ias:<\/th>\n<td>Anel rotativo dourado<\/td>\n<\/tr>\n<tr class=\"bg_gray\">\n<th>G\u00e9nero:<\/th>\n<td>Feminino, Unissexo, Infantil<\/td>\n<th>Ouro de quilates:<\/th>\n<td>Ouro de 18 quilates<\/td>\n<\/tr>\n<tr>\n<th>Tamanho:<\/th>\n<td>US# 5~ #12<\/td>\n<th>Nome do produto:<\/th>\n<td>Anel rotativo<\/td>\n<\/tr>\n<tr class=\"bg_gray\">\n<th>Largura:<\/th>\n<td>4mm<\/td>\n<th>Ocasi\u00e3o:<\/th>\n<td>Anivers\u00e1rio, Festa, Presente, Noivado, Anivers\u00e1rio<\/td>\n<\/tr>\n<tr>\n<th>J\u00f3ias de ouro:<\/th>\n<td>J\u00f3ias da marca Dimonds<\/td>\n<th>Peso do diamante:<\/th>\n<td>2,84ct Total<\/td>\n<\/tr>\n<tr class=\"bg_gray\">\n<th colspan=\"1\">Luz alta:<\/th>\n<td colspan=\"3\">\n<h2 style='font-weight: bold;font-size: 14px'>Anel de noivado em ouro amarelo 18k OEM<\/h2>\n<p>, <\/p>\n<h2 style='font-weight: bold;font-size: 14px'>32pcs Anel de noivado em ouro amarelo 18k<\/h2>\n<p>, <\/p>\n<h2 style='font-weight: bold;font-size: 14px'>Anel em Ouro Amarelo 18k 2.84ct 92pcs<\/h2>\n<\/td>\n<\/tr>\n<\/tbody>\n<\/table>\n<p><p><strong>Descri\u00e7\u00e3o do produto:<\/strong><\/p>\n<p>&nbsp;<\/p>\n<p>Anel rotativo em ouro amarelo 18K J\u00f3ias em ouro maci\u00e7o 18K com diamantes naturais Marca de j\u00f3ias<\/p>\n<p>&nbsp;<\/p>\n<p><strong>Detalhes do produto:&nbsp;<\/strong><\/p>\n<p>&nbsp;<\/p>\n<table border=\"1\" cellpadding=\"0\" cellspacing=\"0\" style=\"width: 651px\">\n<tbody>\n<tr>\n<td style=\"width: 145px\"><span style=\"font-size:14px\">Item No.<\/span><\/td>\n<td style=\"width: 501px\">KD010R<\/td>\n<\/tr>\n<tr>\n<td style=\"width: 145px\"><span style=\"font-size:14px\">Nome do produto<\/span><\/td>\n<td style=\"width: 501px\">Anel rotativo dourado<\/td>\n<\/tr>\n<tr>\n<td style=\"width: 145px\"><span style=\"font-size:14px\">Estilo<\/span><\/td>\n<td style=\"width: 501px\">Popular&nbsp;<\/td>\n<\/tr>\n<tr>\n<td style=\"width: 145px\"><span style=\"font-size:14px\">Material<\/span><\/td>\n<td style=\"width: 501px\"><span style=\"font-size:14px\">Ouro amarelo de 18K&nbsp;<\/span><\/td>\n<\/tr>\n<tr>\n<td style=\"width: 145px\"><span style=\"font-size:14px\">Tipo de defini\u00e7\u00e3o<\/span><\/td>\n<td style=\"width: 501px\">Defini\u00e7\u00e3o de Baze<\/td>\n<\/tr>\n<tr>\n<td style=\"width: 145px\"><span style=\"font-size:14px\">G\u00e9nero<\/span><\/td>\n<td style=\"width: 501px\"><span style=\"font-size:14px\">Mulher<\/span><\/td>\n<\/tr>\n<tr>\n<td style=\"width: 145px\">Largo<\/td>\n<td style=\"width: 501px\">4mm<\/td>\n<\/tr>\n<tr>\n<td style=\"width: 145px\"><span style=\"font-size:14px\">Tamanho da pulseira :&nbsp;<\/span><\/td>\n<td style=\"width: 501px\"><span style=\"font-size:14px\">&nbsp;<\/span>US#5~12<\/td>\n<\/tr>\n<tr>\n<td style=\"width: 145px\"><span style=\"font-size:14px\">Personalizar:&nbsp;<\/span><\/td>\n<td style=\"width: 501px\"><span style=\"font-size:14px\">Anel em ouro de 18K<\/span><\/td>\n<\/tr>\n<tr>\n<td style=\"width: 145px\"><span style=\"font-size:14px\">Ocasi\u00e3o<\/span><\/td>\n<td style=\"width: 501px\"><span style=\"font-size:14px\">Anivers\u00e1rio, Noivado, Prenda, Festa, Casamento<\/span><\/td>\n<\/tr>\n<\/tbody>\n<\/table>\n<p>\n<span style=\", Arial, sans-serif\">1: O <\/span>Anel rotativo dourado&nbsp;<span style=\", Arial, sans-serif\">de 4 mm de largura,&nbsp;<\/span>Dia 2,75mm=32pcs=1,92ct, 1,3mm=92pcs=0,92ct<\/p>\n<p style=\"padding: 0px;border: 0px;font-family: arial\">2: C\u00f3digo de classifica\u00e7\u00e3o da cor do diamante: F-H<\/p>\n<p style=\"padding: 0px;border: 0px;font-family: arial\">3: C\u00f3digo de classifica\u00e7\u00e3o de claridade do diamante: Si1<\/p>\n<p style=\"padding: 0px;border: 0px;font-family: arial\">4: Forma do diamante: Redondo<\/p>\n<p style=\"padding: 0px;border: 0px;font-family: arial\">5:&nbsp;<span style=\", Arial, sans-serif\">Aproximadamente<\/span> peso: 3,20g<\/p>\n<p style=\"padding: 0px;border: 0px;font-family: arial\">5: Em ouro amarelo de 18K<\/p>\n<p style=\"padding: 0px;border: 0px;font-family: arial\">6: Foto tirada por telefone, os itens reais da qualidade mais brilho.<\/p>\n<p style=\"padding: 0px;border: 0px;font-family: arial\">7: Quase todas as pedras preciosas foram tratadas para real\u00e7ar a sua beleza e requerem cuidados especiais.<\/p>\n<p style=\"padding: 0px;border: 0px;font-family: arial\">&nbsp;<\/p>\n<p><strong><span>Apresenta\u00e7\u00e3o do produto:<\/span><\/strong><\/p>\n<p>&nbsp;<\/p>\n<p><img decoding=\"async\" src=\"https:\/\/www.gold-jewellerys.com\/test\/gold-jewellerys.com\/photo\/pl36927307-remark.jpg\"><\/p>\n<p>&nbsp;<\/p>\n<p><strong>Porqu\u00ea escolher-nos:<\/strong><\/p>\n<p>1: A K-Gold tem cerca de 21 anos de experi\u00eancia na \u00e1rea da joalharia e 17 anos de experi\u00eancia de produ\u00e7\u00e3o.<\/p>\n<p>2: Tamb\u00e9m a nossa equipa profissional de I &amp; D para garantir que os nossos produtos est\u00e3o constantemente actualizados e \u00e0 frente da ind\u00fastria. Assim, temos mais de 30000 designs diferentes e mais de 46 colec\u00e7\u00f5es que podem satisfazer os diferentes pedidos do mercado.<\/p>\n<p>3: Para itens personalizados, pode obter CAD no mesmo dia ou no dia seguinte para confirmar os dados antes do in\u00edcio da encomenda.<\/p>\n<p>4: O objetivo da K-gold \u00e9 fornecer aos clientes os produtos certos ao pre\u00e7o certo e entregar a tempo.<\/p>\n<p>&nbsp; Dispomos de uma poderosa equipa de servi\u00e7o de apoio ao cliente que acompanha todo o processo de venda, ajudando-o em caso de d\u00favidas,<\/p>\n<p>&nbsp; desde a conce\u00e7\u00e3o CAD at\u00e9 \u00e0 entrega.<\/p>\n<p>&nbsp;<\/p>\n<p><strong>K-Gold Factory Show:&nbsp;<\/strong><\/p>\n<p>&nbsp;<\/p>\n<p><img decoding=\"async\" src=\"https:\/\/www.gold-jewellerys.com\/test\/gold-jewellerys.com\/photo\/pl36123473-remark.jpg\"><\/p>\n<p><img decoding=\"async\" src=\"https:\/\/www.gold-jewellerys.com\/test\/gold-jewellerys.com\/photo\/pl36123376-remark.jpg\"><\/p>\n<p><img decoding=\"async\" src=\"https:\/\/www.gold-jewellerys.com\/test\/gold-jewellerys.com\/photo\/pl36314865-remark.jpg\"><\/p>\n<p><img decoding=\"async\" src=\"https:\/\/www.gold-jewellerys.com\/test\/gold-jewellerys.com\/photo\/pl36219445-remark.jpg\"><\/p>\n<p>&nbsp;<\/p>\n<p>FAQ:<\/p>\n<p>1: Como \u00e9 que podemos obter o pre\u00e7o?<\/p>\n<p>Convidamo-lo a contactar-nos atrav\u00e9s do whatsapp. Basta enviar-nos as fotografias dos artigos que pretende e depois indicar-lhe-emos os pre\u00e7os o mais rapidamente poss\u00edvel.<\/p>\n<p>&nbsp;<\/p>\n<p>Pessoa de contacto: Cherry Lee<br \/>\nWhatsApp: +86-18520267369 \/ Tell:+8618520267369<br \/>\nCorreio eletr\u00f3nico:<br \/>\nS\u00edtio Web:<\/p>\n<p>&nbsp;<\/p>\n<p>2: O que \u00e9 o selo gravado no interior?<br \/>\nO selo \u00e9 o nome original da joia da marca.<\/p>\n<p>&nbsp;<\/p>\n<p>3: Como pagar a minha encomenda?<\/p>\n<p>Por favor, indique-me a sua encomenda e, em seguida, indicar-lhe-emos o pre\u00e7o do artigo, a taxa de envio e a taxa da caixa original e o montante total. Pode efetuar o pagamento por Western Union \/ T\/T , ou Payoneer, processaremos e enviaremos a sua encomenda o mais rapidamente poss\u00edvel ap\u00f3s o pagamento efectuado.<\/p>\n<p>&nbsp;<\/p>\n<p>4:Oferecem certifica\u00e7\u00f5es?<\/p>\n<p>Sim, h\u00e1 o certificado se precisar e o pre\u00e7o n\u00e3o inclui a taxa. O diamante tem certificado GIA ou n\u00e3o tem certificado.<\/p>\n<p>se me informarem porque h\u00e1 diferen\u00e7a de pre\u00e7os .<\/p>\n<p>&nbsp;<\/p>\n<p>5. Quanto tempo demora a produ\u00e7\u00e3o e o prazo de entrega?&nbsp;<\/p>\n<p>A data de produ\u00e7\u00e3o \u00e9 de cerca de 7~15 dias, e o tempo de envio \u00e9 de cerca de 3~5 dias<\/p>\n<p>&nbsp;<\/p>\n<p>6: Para que serve o diamante?<\/p>\n<p>Normalmente, utilizamos a cor F-H e o grau Si1.<\/p>\n<p>&nbsp;<\/p>\n<p>7) Que tipo de materiais utiliza?<\/p>\n<p>Oferecemos ouro maci\u00e7o (9K, 10K, 14K, 18K).<\/p>\n<p>&nbsp;<\/p>\n<p>8. Quais s\u00e3o as condi\u00e7\u00f5es de pagamento?<\/p>\n<p>Pode pagar primeiro o dep\u00f3sito 30% e o saldo deve ser pago antes da entrega.<\/p>\n<p>&nbsp;<\/p>\n<p>9. Qual \u00e9 o MOQ?<\/p>\n<p>O MOQ \u00e9 1pcs por estilo, se voc\u00ea pode fazer 3pcs por estilo, o pre\u00e7o ser\u00e1 melhor.<\/p>\n<p>&nbsp;<\/p>\n<p>10. Faz joalharia para o comprador pessoal ou apenas para o grossista?<\/p>\n<p>Na verdade, estamos a fazer toda a venda para quem vende online ou tem a sua pr\u00f3pria loja para desenhos originais, para a marca de j\u00f3ias permitiu que o comprador pessoal tamb\u00e9m. Voc\u00ea pode encomendar j\u00f3ias de marca de alta qualidade para sua fam\u00edlia, amigos e voc\u00ea mesmo a pre\u00e7os de f\u00e1brica. Tamb\u00e9m ser\u00e1 \u00f3timo se for um revendedor de j\u00f3ias. N\u00f3s forneceremos frete gr\u00e1tis e caixas de marca originais gratuitas se voc\u00ea puder encomendar muitos itens de cada vez. Mais quantidade e melhor pre\u00e7o.<\/p><\/p>","protected":false},"excerpt":{"rendered":"<br \/>\n<table class=\"tables data\" width=\"100%\" border=\"0\" cellpadding=\"0\" cellspacing=\"0\">\n<tbody>\n<tr>\n<th width=\"35%\">Local de origem:<\/th>\n<td>China<\/td>\n<\/tr>\n<tr>\n<th width=\"35%\">Nome da marca:<\/th>\n<td>Marca de luxo<\/td>\n<\/tr>\n<tr>\n<th width=\"35%\">Certifica\u00e7\u00e3o:<\/th>\n<td>Certificado de ouro e diamante<\/td>\n<\/tr>\n<tr>\n<th width=\"35%\">N\u00famero do modelo:<\/th>\n<td>KD010R<\/td>\n<\/tr>\n<\/tbody>\n<\/table>\n<p>                                                                            <span class=\"title_s\">Condi\u00e7\u00f5es de pagamento e envio:<\/span>                            <\/p>\n<table class=\"tables data\" width=\"100%\" border=\"0\" cellpadding=\"0\" cellspacing=\"0\">\n<tbody>\n<tr>\n<th width=\"35%\" nowrap=\"nowrap\">Quantidade m\u00ednima de encomenda:<\/th>\n<td>1<\/td>\n<\/tr>\n<tr>\n<th width=\"35%\" nowrap=\"nowrap\">Pre\u00e7o:<\/th>\n<td>Negoci\u00e1vel<\/td>\n<\/tr>\n<tr>\n<th width=\"35%\" nowrap=\"nowrap\">Detalhes da embalagem:<\/th>\n<td>Embalagem de caixa de oferta original da marca<\/td>\n<\/tr>\n<tr>\n<th width=\"35%\" nowrap=\"nowrap\">Prazo de entrega:<\/th>\n<td>5-15 dias \u00fateis<\/td>\n<\/tr>\n<tr>\n<th width=\"35%\" nowrap=\"nowrap\">Condi\u00e7\u00f5es de pagamento:<\/th>\n<td>T\/T, Western Union<\/td>\n<\/tr>\n<tr>\n<th width=\"35%\" nowrap=\"nowrap\">Capacidade de fornecimento:<\/th>\n<td>1000pcs\/m\u00eas<\/td>\n<\/tr>\n<\/tbody>\n<\/table>","protected":false},"featured_media":1382,"comment_status":"closed","ping_status":"closed","template":"","meta":{"_gspb_post_css":""},"product_brand":[],"product_cat":[16],"product_tag":[],"class_list":{"0":"post-1383","1":"product","2":"type-product","3":"status-publish","4":"has-post-thumbnail","6":"product_cat-solid-gold-jewellery","8":"first","9":"instock","10":"shipping-taxable","11":"product-type-simple"},"aioseo_notices":[],"_links":{"self":[{"href":"https:\/\/dearjewelry.ltd\/pt\/wp-json\/wp\/v2\/product\/1383","targetHints":{"allow":["GET"]}}],"collection":[{"href":"https:\/\/dearjewelry.ltd\/pt\/wp-json\/wp\/v2\/product"}],"about":[{"href":"https:\/\/dearjewelry.ltd\/pt\/wp-json\/wp\/v2\/types\/product"}],"replies":[{"embeddable":true,"href":"https:\/\/dearjewelry.ltd\/pt\/wp-json\/wp\/v2\/comments?post=1383"}],"wp:featuredmedia":[{"embeddable":true,"href":"https:\/\/dearjewelry.ltd\/pt\/wp-json\/wp\/v2\/media\/1382"}],"wp:attachment":[{"href":"https:\/\/dearjewelry.ltd\/pt\/wp-json\/wp\/v2\/media?parent=1383"}],"wp:term":[{"taxonomy":"product_brand","embeddable":true,"href":"https:\/\/dearjewelry.ltd\/pt\/wp-json\/wp\/v2\/product_brand?post=1383"},{"taxonomy":"product_cat","embeddable":true,"href":"https:\/\/dearjewelry.ltd\/pt\/wp-json\/wp\/v2\/product_cat?post=1383"},{"taxonomy":"product_tag","embeddable":true,"href":"https:\/\/dearjewelry.ltd\/pt\/wp-json\/wp\/v2\/product_tag?post=1383"}],"curies":[{"name":"wp","href":"https:\/\/api.w.org\/{rel}","templated":true}]}}