{"id":1377,"date":"2025-07-13T04:40:26","date_gmt":"2025-07-13T04:40:26","guid":{"rendered":"https:\/\/dearjewelry.ltd\/product\/4mm-width-18k-solid-gold-jewellery-ring-with-0-35ct-weight-diamond\/"},"modified":"2025-07-13T04:40:26","modified_gmt":"2025-07-13T04:40:26","slug":"4mm-width-18k-solid-gold-jewellery-ring-with-0-35ct-weight-diamond","status":"publish","type":"product","link":"https:\/\/dearjewelry.ltd\/pt\/product\/4mm-width-18k-solid-gold-jewellery-ring-with-0-35ct-weight-diamond\/","title":{"rendered":"4mm width 18K Solid Gold Jewellery ring with 0.35ct Weight Diamond"},"content":{"rendered":"<h2>4mm width 18K Solid Gold Jewellery ring with 0.35ct Weight Diamond<\/h2>\n<p> Descri\u00e7\u00e3o<\/p>\n<table cellpadding=\"0\" cellspacing=\"0\" class=\"details_table\">\n<tbody>\n<tr>\n<th>Material:<\/th>\n<td>Ouro rosa de 18K<\/td>\n<th>Tipo de j\u00f3ias:<\/th>\n<td>Wedding Rotating Ring<\/td>\n<\/tr>\n<tr class=\"bg_gray\">\n<th>G\u00e9nero:<\/th>\n<td>Children&#8217;s, Women&#8217;s, Unisex,<\/td>\n<th>Ouro de quilates:<\/th>\n<td>Anel em ouro rosa de 18K<\/td>\n<\/tr>\n<tr>\n<th>Tamanho:<\/th>\n<td>US#4~ #12<\/td>\n<th>Nome do produto:<\/th>\n<td>Solid Rotating Ring<\/td>\n<\/tr>\n<tr class=\"bg_gray\">\n<th>Largura:<\/th>\n<td>4mm Rings<\/td>\n<th>Ocasi\u00e3o:<\/th>\n<td>Engagement, Anniversary, Party, Gift, Birthday<\/td>\n<\/tr>\n<tr>\n<th>J\u00f3ias de ouro:<\/th>\n<td>Natural Dimonds Brand Jewelry<\/td>\n<th>Peso do diamante:<\/th>\n<td>0.35ct Total<\/td>\n<\/tr>\n<tr class=\"bg_gray\">\n<th colspan=\"1\">Luz alta:<\/th>\n<td colspan=\"3\">\n<h2 style='font-weight: bold;font-size: 14px'>0.35ct 18K Solid Gold Jewellery 4mm<\/h2>\n<p>, <\/p>\n<h2 style='font-weight: bold;font-size: 14px'>4mm 0.35ct 18K Solid Gold Jewellery<\/h2>\n<\/td>\n<\/tr>\n<\/tbody>\n<\/table>\n<p><p><strong>Descri\u00e7\u00e3o do produto:<\/strong><\/p>\n<p>&nbsp;<\/p>\n<p>Solid 18K Rose Gold Ring Natural Diamonds Wedding Rotating ring<\/p>\n<p>&nbsp;<\/p>\n<p><strong>Detalhes do produto:&nbsp;<\/strong><\/p>\n<p>&nbsp;<\/p>\n<table border=\"1\" cellpadding=\"0\" cellspacing=\"0\" style=\"width: 651px\">\n<tbody>\n<tr>\n<td style=\"width: 145px\"><span style=\"font-size:14px\">Item No.<\/span><\/td>\n<td style=\"width: 501px\">KD017R<\/td>\n<\/tr>\n<tr>\n<td style=\"width: 145px\"><span style=\"font-size:14px\">Nome do produto<\/span><\/td>\n<td style=\"width: 501px\">Anel rotativo dourado<\/td>\n<\/tr>\n<tr>\n<td style=\"width: 145px\"><span style=\"font-size:14px\">Estilo<\/span><\/td>\n<td style=\"width: 501px\">Popular&nbsp;<\/td>\n<\/tr>\n<tr>\n<td style=\"width: 145px\"><span style=\"font-size:14px\">Material<\/span><\/td>\n<td style=\"width: 501px\"><span style=\"font-size:14px\">Ouro rosa de 18K&nbsp;<\/span><\/td>\n<\/tr>\n<tr>\n<td style=\"width: 145px\"><span style=\"font-size:14px\">Tipo de defini\u00e7\u00e3o<\/span><\/td>\n<td style=\"width: 501px\">Defini\u00e7\u00e3o de Baze<\/td>\n<\/tr>\n<tr>\n<td style=\"width: 145px\"><span style=\"font-size:14px\">G\u00e9nero<\/span><\/td>\n<td style=\"width: 501px\"><span style=\"font-size:14px\">Mulher<\/span><\/td>\n<\/tr>\n<tr>\n<td style=\"width: 145px\">Largo<\/td>\n<td style=\"width: 501px\">4mm<\/td>\n<\/tr>\n<tr>\n<td style=\"width: 145px\"><span style=\"font-size:14px\">Tamanho da pulseira :&nbsp;<\/span><\/td>\n<td style=\"width: 501px\"><span style=\"font-size:14px\">&nbsp;<\/span>US#4~12<\/td>\n<\/tr>\n<tr>\n<td style=\"width: 145px\"><span style=\"font-size:14px\">Personalizar:&nbsp;<\/span><\/td>\n<td style=\"width: 501px\"><span style=\"font-size:14px\">Anel em ouro de 18K<\/span><\/td>\n<\/tr>\n<tr>\n<td style=\"width: 145px\"><span style=\"font-size:14px\">Ocasi\u00e3o<\/span><\/td>\n<td style=\"width: 501px\"><span style=\"font-size:14px\">Anivers\u00e1rio, Noivado, Prenda, Festa, Casamento<\/span><\/td>\n<\/tr>\n<\/tbody>\n<\/table>\n<p>\n<span style=\", Arial, sans-serif\">1: O <\/span>Anel rotativo dourado&nbsp;<span style=\", Arial, sans-serif\">de 4 mm de largura,&nbsp;<\/span>Dia 0.35ct&nbsp;<\/p>\n<p style=\"padding: 0px;border: 0px;font-family: arial\">2: C\u00f3digo de classifica\u00e7\u00e3o da cor do diamante: F-H<\/p>\n<p style=\"padding: 0px;border: 0px;font-family: arial\">3: C\u00f3digo de classifica\u00e7\u00e3o de claridade do diamante: Si1<\/p>\n<p style=\"padding: 0px;border: 0px;font-family: arial\">4: Forma do diamante: Redondo<\/p>\n<p style=\"padding: 0px;border: 0px;font-family: arial\">5:&nbsp;<span style=\", Arial, sans-serif\">Aproximadamente<\/span> weight: 3.89g<\/p>\n<p style=\"padding: 0px;border: 0px;font-family: arial\">5: Set in 18K Rose gold<\/p>\n<p style=\"padding: 0px;border: 0px;font-family: arial\">6: Foto tirada por telefone, os itens reais da qualidade mais brilho.<\/p>\n<p style=\"padding: 0px;border: 0px;font-family: arial\">7: Quase todas as pedras preciosas foram tratadas para real\u00e7ar a sua beleza e requerem cuidados especiais.<\/p>\n<p style=\"padding: 0px;border: 0px;font-family: arial\">&nbsp;<\/p>\n<p><strong><span>Apresenta\u00e7\u00e3o do produto:<\/span><\/strong><\/p>\n<p>&nbsp;<\/p>\n<p><img decoding=\"async\" src=\"https:\/\/www.gold-jewellerys.com\/test\/gold-jewellerys.com\/photo\/pl37766469-remark.jpg\"><img decoding=\"async\" src=\"https:\/\/www.gold-jewellerys.com\/test\/gold-jewellerys.com\/photo\/pl37766468-remark.jpg\"><img decoding=\"async\" src=\"https:\/\/www.gold-jewellerys.com\/test\/gold-jewellerys.com\/photo\/pl37766467-remark.jpg\"><img decoding=\"async\" src=\"https:\/\/www.gold-jewellerys.com\/test\/gold-jewellerys.com\/photo\/pl37766466-remark.jpg\"><img decoding=\"async\" src=\"https:\/\/www.gold-jewellerys.com\/test\/gold-jewellerys.com\/photo\/pl37766465-remark.jpg\"><\/p>\n<p>&nbsp;<\/p>\n<p><strong>Porqu\u00ea escolher-nos:<\/strong><\/p>\n<p>1: A K-Gold tem cerca de 21 anos de experi\u00eancia na \u00e1rea da joalharia e 17 anos de experi\u00eancia de produ\u00e7\u00e3o.<\/p>\n<p>2: Tamb\u00e9m a nossa equipa profissional de I &amp; D para garantir que os nossos produtos est\u00e3o constantemente actualizados e \u00e0 frente da ind\u00fastria. Assim, temos mais de 30000 designs diferentes e mais de 46 colec\u00e7\u00f5es que podem satisfazer os diferentes pedidos do mercado.<\/p>\n<p>3: Para itens personalizados, pode obter CAD no mesmo dia ou no dia seguinte para confirmar os dados antes do in\u00edcio da encomenda.<\/p>\n<p>4: O objetivo da K-gold \u00e9 fornecer aos clientes os produtos certos ao pre\u00e7o certo e entregar a tempo.<\/p>\n<p>&nbsp; Dispomos de uma poderosa equipa de servi\u00e7o de apoio ao cliente que acompanha todo o processo de venda, ajudando-o em caso de d\u00favidas,<\/p>\n<p>&nbsp; desde a conce\u00e7\u00e3o CAD at\u00e9 \u00e0 entrega.<\/p>\n<p>&nbsp;<\/p>\n<p><strong>K-Gold Factory Show:&nbsp;<\/strong><\/p>\n<p>&nbsp;<\/p>\n<p><img decoding=\"async\" src=\"https:\/\/www.gold-jewellerys.com\/test\/gold-jewellerys.com\/photo\/pl36123473-remark.jpg\"><\/p>\n<p><img decoding=\"async\" src=\"https:\/\/www.gold-jewellerys.com\/test\/gold-jewellerys.com\/photo\/pl36123376-remark.jpg\"><\/p>\n<p>&nbsp;<\/p>\n<p>&nbsp;<\/p>\n<p>FAQ:<\/p>\n<p>1: Como \u00e9 que podemos obter o pre\u00e7o?<\/p>\n<p>Convidamo-lo a contactar-nos atrav\u00e9s do whatsapp. Basta enviar-nos as fotografias dos artigos que pretende e depois indicar-lhe-emos os pre\u00e7os o mais rapidamente poss\u00edvel.<\/p>\n<p>&nbsp;<\/p>\n<p>Pessoa de contacto: Cherry Lee<br \/>\nWhatsApp: +86-18520267369 \/ Tell:+8618520267369<br \/>\nCorreio eletr\u00f3nico:<br \/>\nS\u00edtio Web:<\/p>\n<p>&nbsp;<\/p>\n<p>2: O que \u00e9 o selo gravado no interior?<br \/>\nO selo \u00e9 o nome original da joia da marca.<\/p>\n<p>&nbsp;<\/p>\n<p>3: How to place the orders?<\/p>\n<p>Por favor, indique-me a sua encomenda e, em seguida, indicar-lhe-emos o pre\u00e7o do artigo, a taxa de envio e a taxa da caixa original e o montante total. Pode efetuar o pagamento por Western Union \/ T\/T , ou Payoneer, processaremos e enviaremos a sua encomenda o mais rapidamente poss\u00edvel ap\u00f3s o pagamento efectuado.<\/p>\n<p>&nbsp;<\/p>\n<p>4: Do you provide&nbsp;certifications&nbsp;?<\/p>\n<p>Sim, h\u00e1 o certificado se precisar e o pre\u00e7o n\u00e3o inclui a taxa. O diamante tem certificado GIA ou n\u00e3o tem certificado.<\/p>\n<p>se me informarem porque h\u00e1 diferen\u00e7a de pre\u00e7os .<\/p>\n<p>&nbsp;<\/p>\n<p>5. How long&nbsp;the production and delivery time?&nbsp;<\/p>\n<p>A data de produ\u00e7\u00e3o \u00e9 de cerca de 7~15 dias, e o tempo de envio \u00e9 de cerca de 3~5 dias<\/p>\n<p>&nbsp;<\/p>\n<p>6: Para que serve o diamante?<\/p>\n<p>Normalmente, utilizamos a cor F-H e o grau Si1.<\/p><\/p>","protected":false},"excerpt":{"rendered":"<br \/>\n<table class=\"tables data\" width=\"100%\" border=\"0\" cellpadding=\"0\" cellspacing=\"0\">\n<tbody>\n<tr>\n<th width=\"35%\">Local de origem:<\/th>\n<td>China<\/td>\n<\/tr>\n<tr>\n<th width=\"35%\">Nome da marca:<\/th>\n<td>Marca de luxo<\/td>\n<\/tr>\n<tr>\n<th width=\"35%\">Certifica\u00e7\u00e3o:<\/th>\n<td>Certificado de ouro e diamante<\/td>\n<\/tr>\n<tr>\n<th width=\"35%\">N\u00famero do modelo:<\/th>\n<td>KD017R<\/td>\n<\/tr>\n<\/tbody>\n<\/table>\n<p>                                                                            <span class=\"title_s\">Condi\u00e7\u00f5es de pagamento e envio:<\/span>                            <\/p>\n<table class=\"tables data\" width=\"100%\" border=\"0\" cellpadding=\"0\" cellspacing=\"0\">\n<tbody>\n<tr>\n<th width=\"35%\" nowrap=\"nowrap\">Quantidade m\u00ednima de encomenda:<\/th>\n<td>1<\/td>\n<\/tr>\n<tr>\n<th width=\"35%\" nowrap=\"nowrap\">Pre\u00e7o:<\/th>\n<td>Negoci\u00e1vel<\/td>\n<\/tr>\n<tr>\n<th width=\"35%\" nowrap=\"nowrap\">Detalhes da embalagem:<\/th>\n<td>Embalagem de caixa de oferta original da marca<\/td>\n<\/tr>\n<tr>\n<th width=\"35%\" nowrap=\"nowrap\">Prazo de entrega:<\/th>\n<td>5-15 dias \u00fateis<\/td>\n<\/tr>\n<tr>\n<th width=\"35%\" nowrap=\"nowrap\">Condi\u00e7\u00f5es de pagamento:<\/th>\n<td>T\/T, Western Union<\/td>\n<\/tr>\n<tr>\n<th width=\"35%\" nowrap=\"nowrap\">Capacidade de fornecimento:<\/th>\n<td>1000pcs\/m\u00eas<\/td>\n<\/tr>\n<\/tbody>\n<\/table>","protected":false},"featured_media":1372,"comment_status":"closed","ping_status":"closed","template":"","meta":{"_gspb_post_css":""},"product_brand":[],"product_cat":[16],"product_tag":[],"class_list":{"0":"post-1377","1":"product","2":"type-product","3":"status-publish","4":"has-post-thumbnail","6":"product_cat-solid-gold-jewellery","8":"first","9":"instock","10":"shipping-taxable","11":"product-type-simple"},"aioseo_notices":[],"_links":{"self":[{"href":"https:\/\/dearjewelry.ltd\/pt\/wp-json\/wp\/v2\/product\/1377","targetHints":{"allow":["GET"]}}],"collection":[{"href":"https:\/\/dearjewelry.ltd\/pt\/wp-json\/wp\/v2\/product"}],"about":[{"href":"https:\/\/dearjewelry.ltd\/pt\/wp-json\/wp\/v2\/types\/product"}],"replies":[{"embeddable":true,"href":"https:\/\/dearjewelry.ltd\/pt\/wp-json\/wp\/v2\/comments?post=1377"}],"wp:featuredmedia":[{"embeddable":true,"href":"https:\/\/dearjewelry.ltd\/pt\/wp-json\/wp\/v2\/media\/1372"}],"wp:attachment":[{"href":"https:\/\/dearjewelry.ltd\/pt\/wp-json\/wp\/v2\/media?parent=1377"}],"wp:term":[{"taxonomy":"product_brand","embeddable":true,"href":"https:\/\/dearjewelry.ltd\/pt\/wp-json\/wp\/v2\/product_brand?post=1377"},{"taxonomy":"product_cat","embeddable":true,"href":"https:\/\/dearjewelry.ltd\/pt\/wp-json\/wp\/v2\/product_cat?post=1377"},{"taxonomy":"product_tag","embeddable":true,"href":"https:\/\/dearjewelry.ltd\/pt\/wp-json\/wp\/v2\/product_tag?post=1377"}],"curies":[{"name":"wp","href":"https:\/\/api.w.org\/{rel}","templated":true}]}}