{"id":1364,"date":"2025-07-13T04:40:20","date_gmt":"2025-07-13T04:40:20","guid":{"rendered":"https:\/\/dearjewelry.ltd\/product\/2-37g-rose-gold-mother-of-pearl-earrings-mother-of-pearl-stud-9-65mm-size\/"},"modified":"2025-07-13T04:40:20","modified_gmt":"2025-07-13T04:40:20","slug":"2-37g-rose-gold-mother-of-pearl-earrings-mother-of-pearl-stud-9-65mm-size","status":"publish","type":"product","link":"https:\/\/dearjewelry.ltd\/pt\/product\/2-37g-rose-gold-mother-of-pearl-earrings-mother-of-pearl-stud-9-65mm-size\/","title":{"rendered":"2.37g Rose Gold Mother Of Pearl Earrings , Mother Of Pearl Stud 9.65mm Size"},"content":{"rendered":"<h2>2.37g Rose Gold Mother Of Pearl Earrings , Mother Of Pearl Stud 9.65mm Size<\/h2>\n<p> Descri\u00e7\u00e3o<\/p>\n<table cellpadding=\"0\" cellspacing=\"0\" class=\"details_table\">\n<tbody>\n<tr>\n<th>Material:<\/th>\n<td>Ouro rosa de 18K<\/td>\n<th>Tipo de j\u00f3ias:<\/th>\n<td>Mother-Of-Pearl Circles Earrings<\/td>\n<\/tr>\n<tr class=\"bg_gray\">\n<th>G\u00e9nero:<\/th>\n<td>Circles Earrings<\/td>\n<th>Personalizado:<\/th>\n<td>Customize Your Brand And Design Jewelry<\/td>\n<\/tr>\n<tr>\n<th>Pedra:<\/th>\n<td>Mother-Of-Pearl<\/td>\n<th>Nome do produto:<\/th>\n<td>18K Circles Earrings<\/td>\n<\/tr>\n<tr class=\"bg_gray\">\n<th>Estilo:<\/th>\n<td>Stud Earrings 18K Gold<\/td>\n<th>Ocasi\u00e3o:<\/th>\n<td>Anniversary, Engagement, Gift, Party<\/td>\n<\/tr>\n<tr>\n<th>Cor:<\/th>\n<td>18K Rose Gold Earrings<\/td>\n<th>Fine Jewelry:<\/th>\n<td>Mother-Of-Pearl Earrings<\/td>\n<\/tr>\n<tr class=\"bg_gray\">\n<th colspan=\"1\">Luz alta:<\/th>\n<td colspan=\"3\">\n<h2 style='font-weight: bold;font-size: 14px'>2.37g Rose Gold Mother Of Pearl Earrings<\/h2>\n<p>, <\/p>\n<h2 style='font-weight: bold;font-size: 14px'>9.65mm Rose Gold Mother Of Pearl Earrings<\/h2>\n<p>, <\/p>\n<h2 style='font-weight: bold;font-size: 14px'>Mother Of Pearl Stud 9.65mm<\/h2>\n<\/td>\n<\/tr>\n<\/tbody>\n<\/table>\n<p><p><span style=\"font-size:16px\"><span style=\"font-family:arial,helvetica,sans-serif\"><strong>Descri\u00e7\u00e3o do produto:<\/strong><\/span><\/span><\/p>\n<p>&nbsp;<\/p>\n<p><span style=\"font-size:16px\"><span style=\"font-family:arial,helvetica,sans-serif\">18K Rose Gold With Mother-Of-Pearl Circles, 9.65 mm Diameter Each<\/span><\/span><\/p>\n<p>&nbsp;<\/p>\n<p><span style=\"font-size:16px\"><span style=\"font-family:arial,helvetica,sans-serif\"><strong>Detalhes do produto:&nbsp;<\/strong><\/span><\/span><\/p>\n<p>&nbsp;<\/p>\n<table border=\"1\" cellpadding=\"0\" cellspacing=\"0\" style=\"width: 651px\">\n<tbody>\n<tr>\n<td style=\"width: 145px\"><span style=\"font-size:16px\"><span style=\"font-family:arial,helvetica,sans-serif\">Item No.<\/span><\/span><\/td>\n<td style=\"width: 501px\"><span style=\"font-size:16px\"><span style=\"font-family:arial,helvetica,sans-serif\">KD263E<\/span><\/span><\/td>\n<\/tr>\n<tr>\n<td style=\"width: 145px\"><span style=\"font-size:16px\"><span style=\"font-family:arial,helvetica,sans-serif\">Nome do produto<\/span><\/span><\/td>\n<td style=\"width: 501px\"><span style=\"font-size:16px\"><span style=\"font-family:arial,helvetica,sans-serif\">18K Gold Mother-Of-Pearl Circles Earrings<\/span><\/span><\/td>\n<\/tr>\n<tr>\n<td style=\"width: 145px\"><span style=\"font-size:16px\"><span style=\"font-family:arial,helvetica,sans-serif\">Estilo<\/span><\/span><\/td>\n<td style=\"width: 501px\"><span style=\"font-size:16px\"><span style=\"font-family:arial,helvetica,sans-serif\">Popular&nbsp;<\/span><\/span><\/td>\n<\/tr>\n<tr>\n<td style=\"width: 145px\"><span style=\"font-size:16px\"><span style=\"font-family:arial,helvetica,sans-serif\">Material<\/span><\/span><\/td>\n<td style=\"width: 501px\"><span style=\"font-size:16px\"><span style=\"font-family:arial,helvetica,sans-serif\">Ouro rosa de 18K&nbsp;<\/span><\/span><\/td>\n<\/tr>\n<tr>\n<td style=\"width: 145px\"><span style=\"font-size:16px\"><span style=\"font-family:arial,helvetica,sans-serif\">Tipo de defini\u00e7\u00e3o<\/span><\/span><\/td>\n<td style=\"width: 501px\"><span style=\"font-size:16px\"><span style=\"font-family:arial,helvetica,sans-serif\">Fixa\u00e7\u00e3o de pinos<\/span><\/span><\/td>\n<\/tr>\n<tr>\n<td style=\"width: 145px\"><span style=\"font-size:16px\"><span style=\"font-family:arial,helvetica,sans-serif\">G\u00e9nero<\/span><\/span><\/td>\n<td style=\"width: 501px\"><span style=\"font-size:16px\"><span style=\"font-family:arial,helvetica,sans-serif\">Mulher<\/span><\/span><\/td>\n<\/tr>\n<tr>\n<td style=\"width: 145px\"><span style=\"font-size:16px\"><span style=\"font-family:arial,helvetica,sans-serif\">Diamante<\/span><\/span><\/td>\n<td style=\"width: 501px\"><span style=\"font-size:16px\"><span style=\"font-family:arial,helvetica,sans-serif\">Mother-Of-Pearl <\/span><\/span><\/td>\n<\/tr>\n<tr>\n<td style=\"width: 145px\"><span style=\"font-size:16px\"><span style=\"font-family:arial,helvetica,sans-serif\">Earrings Size :&nbsp;<\/span><\/span><\/td>\n<td style=\"width: 501px\"><span style=\"font-size:16px\"><span style=\"font-family:arial,helvetica,sans-serif\">9.65mm<\/span><\/span><\/td>\n<\/tr>\n<tr>\n<td style=\"width: 145px\"><span style=\"font-size:16px\"><span style=\"font-family:arial,helvetica,sans-serif\">Personalizar:&nbsp;<\/span><\/span><\/td>\n<td style=\"width: 501px\">\n<p><span style=\"font-size:16px\"><span style=\"font-family:arial,helvetica,sans-serif\">18K Gold&nbsp;Earrings<\/span><\/span><\/p>\n<\/td>\n<\/tr>\n<tr>\n<td style=\"width: 145px\"><span style=\"font-size:16px\"><span style=\"font-family:arial,helvetica,sans-serif\">Ocasi\u00e3o<\/span><\/span><\/td>\n<td style=\"width: 501px\"><span style=\"font-size:16px\"><span style=\"font-family:arial,helvetica,sans-serif\">Anivers\u00e1rio, Noivado, Prenda, Festa, Casamento<\/span><\/span><\/td>\n<\/tr>\n<\/tbody>\n<\/table>\n<p><span style=\"font-size:16px\"><span style=\"font-family:arial,helvetica,sans-serif\"><span>1: O <\/span>Mother-Of-Pearl Circles Earrings<span> marca de&nbsp;<\/span>9.65 mm<span> Wide Size<\/span><\/span><\/span><\/p>\n<p style=\"padding: 0px;border: 0px;font-family: arial\"><span style=\"font-size:16px\"><span style=\"font-family:arial,helvetica,sans-serif\">2: Diamond Shape: Round<\/span><\/span><\/p>\n<p style=\"padding: 0px;border: 0px;font-family: arial\"><span style=\"font-size:16px\"><span style=\"font-family:arial,helvetica,sans-serif\">3:&nbsp;<span>Aproximadamente<\/span> weight: 2.37g<\/span><\/span><\/p>\n<p style=\"padding: 0px;border: 0px;font-family: arial\"><span style=\"font-size:16px\"><span style=\"font-family:arial,helvetica,sans-serif\">4: Set in 18K White&nbsp;gold<\/span><\/span><\/p>\n<p style=\"padding: 0px;border: 0px;font-family: arial\"><span style=\"font-size:16px\"><span style=\"font-family:arial,helvetica,sans-serif\">5: Photo take by phone, the real items of the quality more shine.<\/span><\/span><\/p>\n<p style=\"padding: 0px;border: 0px;font-family: arial\"><span style=\"font-size:16px\"><span style=\"font-family:arial,helvetica,sans-serif\">6: Almost all gemstones have been treated to enhance their beauty and require special care.<\/span><\/span><\/p>\n<p style=\"padding: 0px;border: 0px;font-family: arial\">&nbsp;<\/p>\n<p><span style=\"font-size:16px\"><span style=\"font-family:arial,helvetica,sans-serif\"><strong><span>Apresenta\u00e7\u00e3o do produto:<\/span><\/strong><\/span><\/span><\/p>\n<p>&nbsp;<\/p>\n<p><span style=\"font-size:16px\"><span style=\"font-family:arial,helvetica,sans-serif\"><img decoding=\"async\" src=\"https:\/\/www.gold-jewellerys.com\/test\/gold-jewellerys.com\/photo\/pl37812011-remark.jpg\"><img decoding=\"async\" src=\"https:\/\/www.gold-jewellerys.com\/test\/gold-jewellerys.com\/photo\/pl37812010-remark.jpg\"><img decoding=\"async\" src=\"https:\/\/www.gold-jewellerys.com\/test\/gold-jewellerys.com\/photo\/pl37812009-remark.jpg\"><img decoding=\"async\" src=\"https:\/\/www.gold-jewellerys.com\/test\/gold-jewellerys.com\/photo\/pl37812012-remark.jpg\"><\/span><\/span><\/p>\n<p>&nbsp;<\/p>\n<p><span style=\"font-size:16px\"><span style=\"font-family:arial,helvetica,sans-serif\"><strong>Porqu\u00ea escolher-nos:<\/strong><\/span><\/span><\/p>\n<p><span style=\"font-size:16px\"><span style=\"font-family:arial,helvetica,sans-serif\">1:K-Gold tem cerca de 21 anos de experi\u00eancia na \u00e1rea de j\u00f3ias e 17 anos de experi\u00eancia de produ\u00e7\u00e3o.<\/span><\/span><\/p>\n<p><span style=\"font-size:16px\"><span style=\"font-family:arial,helvetica,sans-serif\">2: Tamb\u00e9m a nossa equipa profissional de I &amp; D para garantir que os nossos produtos est\u00e3o constantemente actualizados e \u00e0 frente da ind\u00fastria. Assim, temos mais de 30000 designs diferentes e mais de 46 colec\u00e7\u00f5es que podem satisfazer os diferentes pedidos do mercado.<\/span><\/span><\/p>\n<p><span style=\"font-size:16px\"><span style=\"font-family:arial,helvetica,sans-serif\">3: Para itens personalizados, pode obter CAD no mesmo dia ou no dia seguinte para confirmar os dados antes do in\u00edcio da encomenda.<\/span><\/span><\/p>\n<p><span style=\"font-size:16px\"><span style=\"font-family:arial,helvetica,sans-serif\">4:O objetivo da K-gold \u00e9 fornecer aos clientes os produtos certos ao pre\u00e7o certo e entregar a tempo.<\/span><\/span><\/p>\n<p><span style=\"font-size:16px\"><span style=\"font-family:arial,helvetica,sans-serif\">&nbsp; Dispomos de uma poderosa equipa de servi\u00e7o de apoio ao cliente que acompanha todo o processo de venda, ajudando-o em caso de d\u00favidas,<\/span><\/span><\/p>\n<p><span style=\"font-size:16px\"><span style=\"font-family:arial,helvetica,sans-serif\">&nbsp; desde a conce\u00e7\u00e3o CAD at\u00e9 \u00e0 entrega.<\/span><\/span><\/p>\n<p>&nbsp;<\/p>\n<p><span style=\"font-size:16px\"><span style=\"font-family:arial,helvetica,sans-serif\"><strong>K-Gold Factory Show:&nbsp;<\/strong><\/span><\/span><\/p>\n<p>&nbsp;<\/p>\n<p><span style=\"font-size:16px\"><span style=\"font-family:arial,helvetica,sans-serif\"><img decoding=\"async\" src=\"https:\/\/www.gold-jewellerys.com\/test\/gold-jewellerys.com\/photo\/pl36123473-remark.jpg\"><\/span><\/span><\/p>\n<p>&nbsp;<\/p>\n<p><span style=\"font-size:16px\"><span style=\"font-family:arial,helvetica,sans-serif\"><img decoding=\"async\" src=\"https:\/\/www.gold-jewellerys.com\/test\/gold-jewellerys.com\/photo\/pl36123397-remark.jpg\"><\/span><\/span><\/p>\n<p>&nbsp;<\/p>\n<p>&nbsp;<\/p>\n<p><span style=\"font-size:16px\"><span style=\"font-family:arial,helvetica,sans-serif\">FAQ:<\/span><\/span><\/p>\n<p><span style=\"font-size:16px\"><span style=\"font-family:arial,helvetica,sans-serif\">1: Como \u00e9 que podemos obter o pre\u00e7o?<\/span><\/span><\/p>\n<p><span style=\"font-size:16px\"><span style=\"font-family:arial,helvetica,sans-serif\">Convidamo-lo a contactar-nos atrav\u00e9s do whatsapp. Basta enviar-nos as fotografias dos artigos que pretende e depois indicar-lhe-emos os pre\u00e7os o mais rapidamente poss\u00edvel.<\/span><\/span><\/p>\n<p>&nbsp;<\/p>\n<p><span style=\"font-size:16px\"><span style=\"font-family:arial,helvetica,sans-serif\">Pessoa de contacto: Cherry Lee<br \/>\nWhatsApp: +86-18520267369 \/ Tell:+8618520267369<br \/>\nCorreio eletr\u00f3nico:<br \/>\nS\u00edtio Web:<\/span><\/span><\/p>\n<p>&nbsp;<\/p>\n<p><span style=\"font-size:16px\"><span style=\"font-family:arial,helvetica,sans-serif\">2: How to place orders?<\/span><\/span><\/p>\n<p><span style=\"font-size:16px\"><span style=\"font-family:arial,helvetica,sans-serif\">Por favor, indique-me a sua encomenda e, em seguida, indicar-lhe-emos o pre\u00e7o do artigo, a taxa de envio e a taxa da caixa original e o montante total. Pode efetuar o pagamento por Western Union \/ T\/T , ou Payoneer, processaremos e enviaremos a sua encomenda o mais rapidamente poss\u00edvel ap\u00f3s o pagamento efectuado.<\/span><\/span><\/p>\n<p>&nbsp;<\/p>\n<p><span style=\"font-size:16px\"><span style=\"font-family:arial,helvetica,sans-serif\">3: What&#039;s the engraved stamp inside ?<br \/>\nThe stamp is original brand jewelry name. We also can add your own logo on the items<\/span><\/span><\/p>\n<p>&nbsp;<\/p>\n<p><span style=\"font-size:16px\"><span style=\"font-family:arial,helvetica,sans-serif\">4: Do you offer certificate ?<\/span><\/span><\/p>\n<p><span style=\"font-size:16px\"><span style=\"font-family:arial,helvetica,sans-serif\">Sim, h\u00e1 o certificado se precisar e o pre\u00e7o n\u00e3o inclui a taxa. O diamante tem certificado GIA ou n\u00e3o tem certificado.<\/span><\/span><\/p>\n<p><span style=\"font-size:16px\"><span style=\"font-family:arial,helvetica,sans-serif\">se me informarem porque h\u00e1 diferen\u00e7a de pre\u00e7os .<\/span><\/span><\/p>\n<p>&nbsp;<\/p>\n<p><span style=\"font-size:16px\"><span style=\"font-family:arial,helvetica,sans-serif\">5. Do you make jewellry for personal buyer or only for wholesaler?<\/span><\/span><\/p>\n<p><span style=\"font-size:16px\"><span style=\"font-family:arial,helvetica,sans-serif\">Na verdade, estamos a fazer toda a venda para quem vende online ou tem a sua pr\u00f3pria loja para desenhos originais, para a marca de j\u00f3ias permitiu que o comprador pessoal tamb\u00e9m. Voc\u00ea pode encomendar j\u00f3ias de marca de alta qualidade para sua fam\u00edlia, amigos e voc\u00ea mesmo a pre\u00e7os de f\u00e1brica. Tamb\u00e9m ser\u00e1 \u00f3timo se for um revendedor de j\u00f3ias. N\u00f3s forneceremos frete gr\u00e1tis e caixas de marca originais gratuitas se voc\u00ea puder encomendar muitos itens de cada vez. Mais quantidade e melhor pre\u00e7o.<\/span><\/span><\/p><\/p>","protected":false},"excerpt":{"rendered":"<br \/>\n<table class=\"tables data\" width=\"100%\" border=\"0\" cellpadding=\"0\" cellspacing=\"0\">\n<tbody>\n<tr>\n<th width=\"35%\">Local de origem:<\/th>\n<td>China<\/td>\n<\/tr>\n<tr>\n<th width=\"35%\">Nome da marca:<\/th>\n<td>Marca de luxo<\/td>\n<\/tr>\n<tr>\n<th width=\"35%\">Certifica\u00e7\u00e3o:<\/th>\n<td>Certificado de Ouro<\/td>\n<\/tr>\n<tr>\n<th width=\"35%\">N\u00famero do modelo:<\/th>\n<td>KD263E<\/td>\n<\/tr>\n<\/tbody>\n<\/table>\n<p>                                                                            <span class=\"title_s\">Condi\u00e7\u00f5es de pagamento e envio:<\/span>                            <\/p>\n<table class=\"tables data\" width=\"100%\" border=\"0\" cellpadding=\"0\" cellspacing=\"0\">\n<tbody>\n<tr>\n<th width=\"35%\" nowrap=\"nowrap\">Quantidade m\u00ednima de encomenda:<\/th>\n<td>1<\/td>\n<\/tr>\n<tr>\n<th width=\"35%\" nowrap=\"nowrap\">Pre\u00e7o:<\/th>\n<td>Negoci\u00e1vel<\/td>\n<\/tr>\n<tr>\n<th width=\"35%\" nowrap=\"nowrap\">Detalhes da embalagem:<\/th>\n<td>Embalagem de caixa de oferta original da marca<\/td>\n<\/tr>\n<tr>\n<th width=\"35%\" nowrap=\"nowrap\">Prazo de entrega:<\/th>\n<td>5-15 dias \u00fateis<\/td>\n<\/tr>\n<tr>\n<th width=\"35%\" nowrap=\"nowrap\">Condi\u00e7\u00f5es de pagamento:<\/th>\n<td>T\/T, Western Union<\/td>\n<\/tr>\n<tr>\n<th width=\"35%\" nowrap=\"nowrap\">Capacidade de fornecimento:<\/th>\n<td>1000pcs\/m\u00eas<\/td>\n<\/tr>\n<\/tbody>\n<\/table>","protected":false},"featured_media":1360,"comment_status":"closed","ping_status":"closed","template":"","meta":{"_gspb_post_css":""},"product_brand":[],"product_cat":[16],"product_tag":[],"class_list":{"0":"post-1364","1":"product","2":"type-product","3":"status-publish","4":"has-post-thumbnail","6":"product_cat-solid-gold-jewellery","8":"first","9":"instock","10":"shipping-taxable","11":"product-type-simple"},"aioseo_notices":[],"_links":{"self":[{"href":"https:\/\/dearjewelry.ltd\/pt\/wp-json\/wp\/v2\/product\/1364","targetHints":{"allow":["GET"]}}],"collection":[{"href":"https:\/\/dearjewelry.ltd\/pt\/wp-json\/wp\/v2\/product"}],"about":[{"href":"https:\/\/dearjewelry.ltd\/pt\/wp-json\/wp\/v2\/types\/product"}],"replies":[{"embeddable":true,"href":"https:\/\/dearjewelry.ltd\/pt\/wp-json\/wp\/v2\/comments?post=1364"}],"wp:featuredmedia":[{"embeddable":true,"href":"https:\/\/dearjewelry.ltd\/pt\/wp-json\/wp\/v2\/media\/1360"}],"wp:attachment":[{"href":"https:\/\/dearjewelry.ltd\/pt\/wp-json\/wp\/v2\/media?parent=1364"}],"wp:term":[{"taxonomy":"product_brand","embeddable":true,"href":"https:\/\/dearjewelry.ltd\/pt\/wp-json\/wp\/v2\/product_brand?post=1364"},{"taxonomy":"product_cat","embeddable":true,"href":"https:\/\/dearjewelry.ltd\/pt\/wp-json\/wp\/v2\/product_cat?post=1364"},{"taxonomy":"product_tag","embeddable":true,"href":"https:\/\/dearjewelry.ltd\/pt\/wp-json\/wp\/v2\/product_tag?post=1364"}],"curies":[{"name":"wp","href":"https:\/\/api.w.org\/{rel}","templated":true}]}}