{"id":1205,"date":"2025-07-13T04:39:14","date_gmt":"2025-07-13T04:39:14","guid":{"rendered":"https:\/\/dearjewelry.ltd\/product\/14k-rose-gold-moonstone-wedding-rings-leaf-flower-round-cut\/"},"modified":"2025-07-13T04:39:14","modified_gmt":"2025-07-13T04:39:14","slug":"14k-rose-gold-moonstone-wedding-rings-leaf-flower-round-cut","status":"publish","type":"product","link":"https:\/\/dearjewelry.ltd\/pt\/product\/14k-rose-gold-moonstone-wedding-rings-leaf-flower-round-cut\/","title":{"rendered":"An\u00e9is de casamento de pedra da lua em ouro rosa de 14 quilates Corte redondo de flor de folha"},"content":{"rendered":"<h2>An\u00e9is de casamento de pedra da lua em ouro rosa de 14 quilates Corte redondo de flor de folha<\/h2>\n<p> Descri\u00e7\u00e3o<\/p>\n<table cellpadding=\"0\" cellspacing=\"0\" class=\"details_table\">\n<tbody>\n<tr>\n<th>Material:<\/th>\n<td>Ouro rosa de 14K<\/td>\n<th>Tipo de j\u00f3ias:<\/th>\n<td>Natural Gemstone Ring<\/td>\n<\/tr>\n<tr class=\"bg_gray\">\n<th>Pedra:<\/th>\n<td>Pedra da lua natural<\/td>\n<th>Nome do produto:<\/th>\n<td>Rose Gold Moonstone Ring<\/td>\n<\/tr>\n<tr>\n<th>Tipo de configura\u00e7\u00e3o:<\/th>\n<td>Fixa\u00e7\u00e3o do pino<\/td>\n<th>Ocasi\u00e3o:<\/th>\n<td>Anivers\u00e1rio, Noivado, Prenda, Festa, Casamento<\/td>\n<\/tr>\n<tr class=\"bg_gray\">\n<th>Cortar:<\/th>\n<td>Corte redondo<\/td>\n<th>Natural\/criado em laborat\u00f3rio:<\/th>\n<td>Pedra da lua natural<\/td>\n<\/tr>\n<tr>\n<th colspan=\"1\">Luz alta:<\/th>\n<td colspan=\"3\">\n<h2 style='font-weight: bold;font-size: 14px'>0.19ct Moonstone Wedding Rings<\/h2>\n<p>, <\/p>\n<h2 style='font-weight: bold;font-size: 14px'>Prong Setting Moonstone Wedding Rings<\/h2>\n<p>, <\/p>\n<h2 style='font-weight: bold;font-size: 14px'>Leaf Flower Moonstone Engagement Ring<\/h2>\n<\/td>\n<\/tr>\n<\/tbody>\n<\/table>\n<p><p><span style=\"font-size:14px\"><span style=\"font-family:arial,helvetica,sans-serif\">Descri\u00e7\u00e3o do produto:<\/span><\/span><\/p>\n<p><strong>14K Rose Gold Leaf Flower Round cut Moonstone Wedding Rings Engagement Ring<\/strong> <span style=\"font-size:16px\"> <\/span><\/p>\n<p>Detalhes do produto:&nbsp;<\/p>\n<table border=\"1\" cellpadding=\"0\" cellspacing=\"0\" style=\"width: 576px\">\n<tbody>\n<tr>\n<td style=\"width: 125px\">Item No.<\/td>\n<td style=\"width: 445px\">DR11245R<\/td>\n<\/tr>\n<tr>\n<td style=\"width: 125px\">Nome do produto<\/td>\n<td style=\"width: 445px\">14K Rose Gold Moonstone Ring<\/td>\n<\/tr>\n<tr>\n<td style=\"width: 125px\">Estilo<\/td>\n<td style=\"width: 445px\">Estilo cl\u00e1ssico&nbsp;<\/td>\n<\/tr>\n<tr>\n<td style=\"width: 125px\">Material<\/td>\n<td style=\"width: 445px\">Ouro branco de 14K<\/td>\n<\/tr>\n<tr>\n<td style=\"width: 125px\">Tipo de defini\u00e7\u00e3o<\/td>\n<td style=\"width: 445px\">Coloca\u00e7\u00e3o da luneta<\/td>\n<\/tr>\n<tr>\n<td style=\"width: 125px\">G\u00e9nero<\/td>\n<td style=\"width: 445px\">Mulher<\/td>\n<\/tr>\n<tr>\n<td style=\"width: 125px\">Diamante<\/td>\n<td style=\"width: 445px\">Diamante natural<\/td>\n<\/tr>\n<tr>\n<td style=\"width: 125px\">Clareza e cor<\/td>\n<td style=\"width: 445px\">G-H VS1 0.19ct<\/td>\n<\/tr>\n<tr>\n<td style=\"width: 125px\">Comprimento da corrente<\/td>\n<td style=\"width: 445px\">14'',16'',18'',20'' Dispon\u00edvel sob encomenda&nbsp;<\/td>\n<\/tr>\n<tr>\n<td style=\"width: 125px\">Ocasi\u00e3o<\/td>\n<td style=\"width: 445px\">Anivers\u00e1rio, Noivado, Prenda, Festa, Casamento<\/td>\n<\/tr>\n<\/tbody>\n<\/table>\n<p>&nbsp;<\/p>\n<p><span style=\"font-family:arial,helvetica,sans-serif\"><span>Apresenta\u00e7\u00e3o do produto:<\/span><\/span><\/p>\n<p><img decoding=\"async\" src=\"https:\/\/www.gold-jewellerys.com\/test\/gold-jewellerys.com\/photo\/pl133790660-remark.jpg\"><img decoding=\"async\" src=\"https:\/\/www.gold-jewellerys.com\/test\/gold-jewellerys.com\/photo\/pl133790659-remark.jpg\"><\/p>\n<p>Detalhe da produ\u00e7\u00e3o :<\/p>\n<p>Anel de pedra da lua natural<\/p>\n<p>-100% Diamantes naturais de origem \u00e9tica.<br \/>\n-100% Branco e cintilante (cheio de vida).<br \/>\n-100% Limpo de olhos e sem inclus\u00f5es vis\u00edveis a olho nu.<\/p>\n<p>-As nossas pedras N\u00c3O s\u00e3o de todo turvas ou leitosas.<\/p>\n<p>&nbsp;<\/p>\n<p><span style=\"font-size:14px\"><span style=\"font-family:arial,helvetica,sans-serif\">1:Anel de diamante de 1-1\/2 quilates<\/span><\/span><\/p>\n<p><span style=\"font-size:14px\"><span style=\"font-family:arial,helvetica,sans-serif\">2: C\u00f3digo de classifica\u00e7\u00e3o da cor do diamante: G-H<\/span><\/span><\/p>\n<p><span style=\"font-size:14px\"><span style=\"font-family:arial,helvetica,sans-serif\">3: C\u00f3digo de Classifica\u00e7\u00e3o de Claridade do Diamante:VS1<\/span><\/span><\/p>\n<p><span style=\"font-size:14px\"><span style=\"font-family:arial,helvetica,sans-serif\">4: Forma do diamante: Redondo&nbsp;<\/span><\/span><\/p>\n<p><span style=\"font-size:14px\"><span style=\"font-family:arial,helvetica,sans-serif\">5: Conjunto em ouro branco de 14K&nbsp;<\/span><\/span><\/p>\n<p><span style=\"font-size:14px\"><span style=\"font-family:arial,helvetica,sans-serif\"><span style=\"font-size:14px\"><span style=\"font-family:arial,helvetica,sans-serif\">6: A fotografia pode ter sido ampliada e\/ou melhorada.<\/span><\/span><\/span><\/span><\/p>\n<p><span style=\"font-size:14px\"><span style=\"font-family:arial,helvetica,sans-serif\">7: Todos os pesos em quilates das pedras preciosas (ct. t.w.), se mencionados, s\u00e3o aproximados; a varia\u00e7\u00e3o pode ser de 0,05 quilates.<\/span><\/span><\/p>\n<p><span style=\"font-size:14px\"><span style=\"font-family:arial,helvetica,sans-serif\">8: Todos os itens que prometemos polir muito bem, oferecemos sempre alta qualidade e bom servi\u00e7o ao cliente.<\/span><\/span><\/p>\n<p>&nbsp;<\/p>\n<p>Porqu\u00ea escolher-nos:<\/p>\n<p>1: A K-Gold tem cerca de 21 anos de experi\u00eancia na \u00e1rea da joalharia e 17 anos de experi\u00eancia de produ\u00e7\u00e3o.<\/p>\n<p>2: Tamb\u00e9m a nossa equipa profissional de I &amp; D para garantir que os nossos produtos est\u00e3o constantemente actualizados e \u00e0 frente da ind\u00fastria. Assim, temos mais de 3000 desenhos diferentes e mais de 46 colec\u00e7\u00f5es que podem satisfazer os diferentes pedidos do mercado.<\/p>\n<p>3: Para itens personalizados, pode obter CAD no mesmo dia ou no dia seguinte para confirmar os dados antes do in\u00edcio da encomenda.<\/p>\n<p>4: O objetivo da K-gold \u00e9 fornecer aos clientes os produtos certos ao pre\u00e7o certo e entregar a tempo.<\/p>\n<p>5: Temos uma poderosa equipa de servi\u00e7o ao cliente que acompanha todo o processo de vendas, ajuda-o em qualquer quest\u00e3o, desde o design CAD at\u00e9 \u00e0 entrega.<\/p>\n<p>Servi\u00e7o de F\u00e1brica K-Gold:<\/p>\n<p><img decoding=\"async\" src=\"https:\/\/www.gold-jewellerys.com\/test\/gold-jewellerys.com\/photo\/pl36123473-remark.jpg\"><\/p>\n<p><img decoding=\"async\" src=\"https:\/\/www.gold-jewellerys.com\/test\/gold-jewellerys.com\/photo\/pl36123376-remark.jpg\"><\/p>\n<p><img decoding=\"async\" src=\"https:\/\/www.gold-jewellerys.com\/test\/gold-jewellerys.com\/photo\/pl36153526-remark.jpg\"><\/p>\n<p><img decoding=\"async\" src=\"https:\/\/www.gold-jewellerys.com\/test\/gold-jewellerys.com\/photo\/pl36123397-remark.jpg\"><\/p>\n<p><img decoding=\"async\" src=\"https:\/\/www.gold-jewellerys.com\/test\/gold-jewellerys.com\/photo\/pl36219389-remark.jpg\"><\/p>\n<p><img decoding=\"async\" src=\"https:\/\/www.gold-jewellerys.com\/test\/gold-jewellerys.com\/photo\/pl36230799-remark.jpg\"><\/p>\n<p><img decoding=\"async\" src=\"https:\/\/www.gold-jewellerys.com\/test\/gold-jewellerys.com\/photo\/pl36123608-remark.jpg\"><\/p>\n<p><img decoding=\"async\" src=\"https:\/\/www.gold-jewellerys.com\/test\/gold-jewellerys.com\/photo\/pl36219445-remark.jpg\"><\/p>\n<p>FAQ:<\/p>\n<p>1: Como \u00e9 que podemos obter o pre\u00e7o?<\/p>\n<p>Convidamo-lo a contactar-nos atrav\u00e9s do whatsapp. Basta enviar-nos as fotografias dos artigos que pretende e depois indicar-lhe-emos os pre\u00e7os o mais rapidamente poss\u00edvel.<\/p>\n<p>&nbsp;<\/p>\n<p>Pessoa de contacto: Cherry Lee<br \/>\nWhatsApp: +86-18520267369 \/ Tell:+8618520267369<br \/>\nCorreio eletr\u00f3nico:<br \/>\nS\u00edtio Web:<\/p>\n<p>&nbsp;<\/p>\n<p>2: Podem personalizar o meu log\u00f3tipo?<br \/>\nSim, \u00e9 absolutamente poss\u00edvel, por favor envie-nos o seu LOGOTIPO, n\u00f3s assin\u00e1-lo-emos livremente. Para j\u00f3ias de marca sempre com o logotipo original,<\/p>\n<p>e se precisarem de algo mais, digam-me.<\/p>\n<p>&nbsp;<\/p>\n<p>3: Como pagar a minha encomenda?<\/p>\n<p>Por favor, indique-me a sua encomenda e, em seguida, indicar-lhe-emos o pre\u00e7o do artigo, a taxa de envio e a taxa da caixa original e o montante total. Pode efetuar o pagamento por Western Union \/ T\/T , ou Payoneer, processaremos e enviaremos a sua encomenda o mais rapidamente poss\u00edvel ap\u00f3s o pagamento efectuado.<\/p>\n<p>&nbsp;<\/p>\n<p>4: Posso obter um certificado?<\/p>\n<p>Sim, h\u00e1 o certificado se precisar e o pre\u00e7o n\u00e3o inclui a taxa. O diamante tem certificado GIA ou n\u00e3o tem certificado.<\/p>\n<p>se me informarem porque h\u00e1 diferen\u00e7a de pre\u00e7os .<\/p>\n<p>&nbsp;<\/p>\n<p>5. Durante quanto tempo posso receber a minha mercadoria?<\/p>\n<p>A encomenda \u00e9 sempre processada ap\u00f3s o dep\u00f3sito da sua encomenda. Tempo de fabrico: 2-10 dias \u00fateis, dependendo do trabalho de design<\/p>\n<p>dificuldade, mais 3-7 dias de tempo de envio m\u00e9todo de envio expresso para todo o mundo.<\/p>\n<p>&nbsp;<\/p>\n<p>6: Fazem j\u00f3ias para o comprador pessoal ou apenas para o grossista?<br \/>\nNa verdade, estamos a fazer toda a venda para quem vende online ou tem a sua pr\u00f3pria loja para desenhos originais, para a marca de j\u00f3ias permitiu que o comprador pessoal tamb\u00e9m. Voc\u00ea pode encomendar j\u00f3ias de marca de alta qualidade para sua fam\u00edlia, amigos e voc\u00ea mesmo a pre\u00e7os de f\u00e1brica. Tamb\u00e9m ser\u00e1 \u00f3timo se for um revendedor de j\u00f3ias. N\u00f3s forneceremos frete gr\u00e1tis e caixas de marca originais gratuitas se voc\u00ea puder encomendar muitos itens de cada vez. Mais quantidade e melhor pre\u00e7o.<\/p><\/p>","protected":false},"excerpt":{"rendered":"<br \/>\n<table class=\"tables data\" width=\"100%\" border=\"0\" cellpadding=\"0\" cellspacing=\"0\">\n<tbody>\n<tr>\n<th width=\"35%\">Local de origem:<\/th>\n<td>China<\/td>\n<\/tr>\n<tr>\n<th width=\"35%\">Nome da marca:<\/th>\n<td>J\u00f3ias de ouro K<\/td>\n<\/tr>\n<tr>\n<th width=\"35%\">Certifica\u00e7\u00e3o:<\/th>\n<td>Certificado de joalharia<\/td>\n<\/tr>\n<tr>\n<th width=\"35%\">N\u00famero do modelo:<\/th>\n<td>DR11245R<\/td>\n<\/tr>\n<\/tbody>\n<\/table>\n<p>                                                                            <span class=\"title_s\">Condi\u00e7\u00f5es de pagamento e envio:<\/span>                            <\/p>\n<table class=\"tables data\" width=\"100%\" border=\"0\" cellpadding=\"0\" cellspacing=\"0\">\n<tbody>\n<tr>\n<th width=\"35%\" nowrap=\"nowrap\">Quantidade m\u00ednima de encomenda:<\/th>\n<td>1<\/td>\n<\/tr>\n<tr>\n<th width=\"35%\" nowrap=\"nowrap\">Pre\u00e7o:<\/th>\n<td>Negoci\u00e1vel<\/td>\n<\/tr>\n<tr>\n<th width=\"35%\" nowrap=\"nowrap\">Detalhes da embalagem:<\/th>\n<td>Saco PP espesso normal<\/td>\n<\/tr>\n<tr>\n<th width=\"35%\" nowrap=\"nowrap\">Prazo de entrega:<\/th>\n<td>5-15 dias \u00fateis<\/td>\n<\/tr>\n<tr>\n<th width=\"35%\" nowrap=\"nowrap\">Condi\u00e7\u00f5es de pagamento:<\/th>\n<td>T\/T, Western Union<\/td>\n<\/tr>\n<tr>\n<th width=\"35%\" nowrap=\"nowrap\">Capacidade de fornecimento:<\/th>\n<td>2000pcs\/m\u00eas<\/td>\n<\/tr>\n<\/tbody>\n<\/table>","protected":false},"featured_media":1199,"comment_status":"closed","ping_status":"closed","template":"","meta":{"_gspb_post_css":""},"product_brand":[],"product_cat":[16],"product_tag":[],"class_list":{"0":"post-1205","1":"product","2":"type-product","3":"status-publish","4":"has-post-thumbnail","6":"product_cat-solid-gold-jewellery","8":"first","9":"instock","10":"shipping-taxable","11":"product-type-simple"},"aioseo_notices":[],"_links":{"self":[{"href":"https:\/\/dearjewelry.ltd\/pt\/wp-json\/wp\/v2\/product\/1205","targetHints":{"allow":["GET"]}}],"collection":[{"href":"https:\/\/dearjewelry.ltd\/pt\/wp-json\/wp\/v2\/product"}],"about":[{"href":"https:\/\/dearjewelry.ltd\/pt\/wp-json\/wp\/v2\/types\/product"}],"replies":[{"embeddable":true,"href":"https:\/\/dearjewelry.ltd\/pt\/wp-json\/wp\/v2\/comments?post=1205"}],"wp:featuredmedia":[{"embeddable":true,"href":"https:\/\/dearjewelry.ltd\/pt\/wp-json\/wp\/v2\/media\/1199"}],"wp:attachment":[{"href":"https:\/\/dearjewelry.ltd\/pt\/wp-json\/wp\/v2\/media?parent=1205"}],"wp:term":[{"taxonomy":"product_brand","embeddable":true,"href":"https:\/\/dearjewelry.ltd\/pt\/wp-json\/wp\/v2\/product_brand?post=1205"},{"taxonomy":"product_cat","embeddable":true,"href":"https:\/\/dearjewelry.ltd\/pt\/wp-json\/wp\/v2\/product_cat?post=1205"},{"taxonomy":"product_tag","embeddable":true,"href":"https:\/\/dearjewelry.ltd\/pt\/wp-json\/wp\/v2\/product_tag?post=1205"}],"curies":[{"name":"wp","href":"https:\/\/api.w.org\/{rel}","templated":true}]}}