{"id":1197,"date":"2025-07-13T04:39:12","date_gmt":"2025-07-13T04:39:12","guid":{"rendered":"https:\/\/dearjewelry.ltd\/product\/11pcs-white-gold-0-1-carat-diamond-ring-3-21g-14k-solid-gold-ring-womens-rd3-0mm\/"},"modified":"2025-07-13T04:39:12","modified_gmt":"2025-07-13T04:39:12","slug":"11pcs-white-gold-0-1-carat-diamond-ring-3-21g-14k-solid-gold-ring-womens-rd3-0mm","status":"publish","type":"product","link":"https:\/\/dearjewelry.ltd\/pt\/product\/11pcs-white-gold-0-1-carat-diamond-ring-3-21g-14k-solid-gold-ring-womens-rd3-0mm\/","title":{"rendered":"11pcs Ouro Branco 0.1 Carat Anel de Diamante, 3.21g 14k anel de ouro maci\u00e7o para mulheres RD3.0MM"},"content":{"rendered":"<h2>11pcs Ouro Branco 0.1 Carat Anel de Diamante, 3.21g 14k anel de ouro maci\u00e7o para mulheres RD3.0MM<\/h2>\n<p> Descri\u00e7\u00e3o<\/p>\n<table cellpadding=\"0\" cellspacing=\"0\" class=\"details_table\">\n<tbody>\n<tr>\n<th>Material:<\/th>\n<td>9K\/10K\/14K\/18K Gold Jewelry<\/td>\n<th>Pedra principal:<\/th>\n<td>Anel de noivado de diamante<\/td>\n<\/tr>\n<tr class=\"bg_gray\">\n<th>Local de origem:<\/th>\n<td>China (mainland)<\/td>\n<th>Corte de pedra:<\/th>\n<td>Corte redondo<\/td>\n<\/tr>\n<tr>\n<th>Estilo moderno:<\/th>\n<td>Natural Jewelry<\/td>\n<th>Peso:<\/th>\n<td>About 3.21g<\/td>\n<\/tr>\n<tr class=\"bg_gray\">\n<th>Personalizar:<\/th>\n<td>J\u00f3ias de ouro personalizadas<\/td>\n<th>Colorido:<\/th>\n<td>Ouro branco<\/td>\n<\/tr>\n<tr>\n<th>Noivado Ocasi\u00e3o:<\/th>\n<td>Prenda, Festa, Casamento<\/td>\n<th>Tamanho:<\/th>\n<td>RD3.0MM=0.1ct<\/td>\n<\/tr>\n<tr class=\"bg_gray\">\n<th colspan=\"1\">Luz alta:<\/th>\n<td colspan=\"3\">\n<h2 style='font-weight: bold;font-size: 14px'>3.21g 11pcs 0.1 Carat Diamond Ring<\/h2>\n<p>, <\/p>\n<h2 style='font-weight: bold;font-size: 14px'>RD3.0MM 0.1 Carat Diamond Ring<\/h2>\n<p>, <\/p>\n<h2 style='font-weight: bold;font-size: 14px'>3.21g 14k Solid Gold Ring Womens<\/h2>\n<\/td>\n<\/tr>\n<\/tbody>\n<\/table>\n<p><p><span style=\"font-size:16px\"><strong>Descri\u00e7\u00e3o do produto:&nbsp;<\/strong><\/span><\/p>\n<p><span style=\"font-size:16px\"><strong>11pcs Natural Diamond Engagement Ring Settings Round Cut 0.1ct RD3.0MM<\/strong><\/span><\/p>\n<table border=\"1\" cellpadding=\"0\" cellspacing=\"0\" style=\"width: 576px\">\n<tbody>\n<tr>\n<td style=\"width: 126px\"><span style=\"font-size:16px\">Item No.<\/span><\/td>\n<td style=\"width: 442px\">KD124R<\/td>\n<\/tr>\n<tr>\n<td style=\"width: 126px\"><span style=\"font-size:16px\">Nome do produto<\/span><\/td>\n<td style=\"width: 442px\"><span style=\"font-size:16px\">J\u00f3ias personalizadas em ouro maci\u00e7o 14K<\/span><\/td>\n<\/tr>\n<tr>\n<td style=\"width: 126px\"><span style=\"font-size:16px\">Estilo<\/span><\/td>\n<td style=\"width: 442px\"><span style=\"font-size:16px\">Estilo de moda&nbsp;<\/span><\/td>\n<\/tr>\n<tr>\n<td style=\"width: 126px\"><span style=\"font-size:16px\">Material<\/span><\/td>\n<td style=\"width: 442px\"><span style=\"font-size:16px\">Ouro branco de 14K<\/span><\/td>\n<\/tr>\n<tr>\n<td style=\"width: 126px\"><span style=\"font-size:16px\">Tipo de defini\u00e7\u00e3o<\/span><\/td>\n<td style=\"width: 442px\"><span style=\"font-size:16px\">Ajuste da m\u00e3o<\/span><\/td>\n<\/tr>\n<tr>\n<td style=\"width: 126px\"><span style=\"font-size:16px\">G\u00e9nero<\/span><\/td>\n<td style=\"width: 442px\">Children&#039;s, Men&#039;s, Unisex, Women&#039;s<\/td>\n<\/tr>\n<tr>\n<td style=\"width: 126px\"><span style=\"font-size:16px\">Pedra min\u00fascula<\/span><\/td>\n<td style=\"width: 442px\"><span style=\"font-size:16px\">10pcs Natural Diamond<\/span><\/td>\n<\/tr>\n<tr>\n<td style=\"width: 126px\"><span style=\"font-size:16px\">Pedra principal<\/span><\/td>\n<td style=\"width: 442px\"><span style=\"font-size:16px\">Diamante natural\/ Diamante de laborat\u00f3rio\/Mossianite<\/span><\/td>\n<\/tr>\n<tr>\n<td style=\"width: 126px\"><span style=\"font-size:16px\">Tamanho da pedra principal<\/span><\/td>\n<td style=\"width: 442px\"><span style=\"font-family:arial,helvetica,sans-serif\">RD3.0MM=0.1ct<\/span><\/td>\n<\/tr>\n<tr>\n<td style=\"width: 126px\"><span style=\"font-size:16px\">Cor<\/span><\/td>\n<td style=\"width: 442px\"><span style=\"font-size:16px\">As your request<\/span><\/td>\n<\/tr>\n<tr>\n<td style=\"width: 126px\"><span style=\"font-size:16px\">Tamanho do anel<\/span><\/td>\n<td style=\"width: 442px\"><span style=\"font-size:16px\">Tamanho de venda quente # 4 - # 12, qualquer tamanho \u00e9 vi\u00e1vel.<\/span><\/td>\n<\/tr>\n<\/tbody>\n<\/table>\n<p>&nbsp;<\/p>\n<p><span style=\"font-size:16px\"><strong>Pormenores da produ\u00e7\u00e3o:<\/strong><br \/>\nInforma\u00e7\u00f5es sobre o Tiny Diamond:<br \/>\nNumber of Diamonds: 10pcs<br \/>\nTotal Carat Weight: 0.2ct<br \/>\nCor m\u00e9dia: G-H<br \/>\nAverage Clarity: SI1\/SI2\/VS1&nbsp;Customize&nbsp;Request<br \/>\nCorte m\u00e9dio: <span>Extremely good<\/span><\/span><\/p>\n<p><span style=\"font-size:16px\">Tipo de engaste: Crava\u00e7\u00e3o de pino<\/span><\/p>\n<p>\n<span style=\"font-size:16px\">Informa\u00e7\u00f5es sobre a pedra principal: Diamante natural\/ Diamante de laborat\u00f3rio<br \/>\nPeso total em quilates:&nbsp;<\/span><span style=\"font-family: arial, helvetica, sans-serif\">0.1ct<\/span><span style=\"font-size:16px\">&nbsp;diamante<\/span><\/p>\n<p><font style=\"font-size: 16px\">Tamanho:&nbsp;<\/font><span style=\"font-family: arial, helvetica, sans-serif\">RD3.0MM<\/span><span style=\"font-size: 16px\">&nbsp;for main stone<\/span><font style=\"font-size: 16px\"> <\/font><\/p>\n<p>&nbsp;<\/p>\n<p>&nbsp;<\/p>\n<p><strong style=\"font-size: 16px\">Porqu\u00ea escolher-nos:<\/strong><br \/>\n<span style=\"font-size: 16px\">1: N\u00f3s somos um fabricante profissional de j\u00f3ias.&nbsp;<\/span><br \/>\n<span style=\"font-size: 16px\">2: Tamb\u00e9m a nossa equipa profissional de I &amp; D para garantir que os nossos produtos est\u00e3o constantemente actualizados e \u00e0 frente da ind\u00fastria. Assim, temos mais de 3000 desenhos diferentes e mais de 46 colec\u00e7\u00f5es que podem satisfazer os diferentes pedidos do mercado.<\/span><br \/>\n<span style=\"font-size: 16px\">3: Para itens personalizados, pode obter CAD no mesmo dia ou no dia seguinte para confirmar os dados antes do in\u00edcio da encomenda.<\/span><br \/>\n<span style=\"font-size:16px\">4: We have exclusive technology to engrave any patterns on any fine gem.<br \/>\n5: Temos uma poderosa equipa de apoio ao cliente que acompanha todo o processo de venda, ajudando-o em caso de d\u00favidas.<\/span><\/p>\n<p>&nbsp;<\/p>\n<p><span style=\"font-size:16px\">Servi\u00e7o de F\u00e1brica K-Gold:<br \/>\n<img decoding=\"async\" src=\"https:\/\/www.gold-jewellerys.com\/test\/domaindemo-52949.tmp\/photo\/pl36219389-remark.jpg\"><br \/>\n<img decoding=\"async\" src=\"https:\/\/www.gold-jewellerys.com\/test\/domaindemo-52949.tmp\/photo\/pl36230799-remark.jpg\"><\/span><\/p>\n<p>&nbsp;<\/p>\n<p><span style=\"font-size:16px\">Perguntas frequentes:<\/span><\/p>\n<p><span style=\"font-size:16px\">1: Como \u00e9 que podemos obter o pre\u00e7o?<\/span><\/p>\n<p><span style=\"font-size:16px\">Convidamo-lo a contactar-nos atrav\u00e9s do whatsapp. Basta enviar-nos as fotografias dos artigos que pretende e depois indicar-lhe-emos os pre\u00e7os o mais rapidamente poss\u00edvel.<\/span><\/p>\n<p>&nbsp;<\/p>\n<p><span style=\"font-size:16px\">Contact: Nancy lee<br \/>\nWhatsApp: +86-18520267369 \/ Tell:+8618520267369<br \/>\nCorreio eletr\u00f3nico: nancy@gzkgold.com<\/span><\/p>\n<p>&nbsp;<\/p>\n<p><span style=\"font-size:16px\">2: Can you design own jewelry ? and my Logo ?<\/span><\/p>\n<p style=\"font-size: 12px;line-height: inherit;padding: 0px;border: 0px;font-family: Arial;vertical-align: baseline\"><span style=\"font-size:16px\"><span>Sure you can, our designer will according to your picture or ideas to draw\/design picture. The product will arrange production when you confirm.<\/span><\/span><\/p>\n<p>&nbsp;<\/p>\n<p><span style=\"font-size:16px\">3: Como pagar a minha encomenda?<\/span><\/p>\n<p><span style=\"font-size:16px\">Por favor, indique-me a sua encomenda e, em seguida, indicar-lhe-emos o pre\u00e7o do artigo, a taxa de envio e a taxa da caixa original e o montante total. Pode efetuar o pagamento por Western Union \/ T\/T , ou Payoneer, processaremos e enviaremos a sua encomenda o mais rapidamente poss\u00edvel ap\u00f3s o pagamento efectuado.<\/span><\/p>\n<p>&nbsp;<\/p>\n<p><span style=\"font-size:16px\">4: How do you ship the products?<\/span><\/p>\n<p style=\"padding: 0px;border: 0px;font-family: arial\"><span style=\"font-size:16px\">By Sea ,By Air ,By courier, TNT , DHL, Fedex, UPS Etc. It is up to you .<\/span><\/p>\n<p>&nbsp;<\/p>\n<p><span style=\"font-size:16px\">5: <span style=\"font-family:arial,helvetica,sans-serif\">Can l customize my own design?<br \/>\nYes, you can. We have our design team to provide the hand sketching as aninitialized approval and will create the CAD accordingly.We also accept to modify the gold color\/ stone clarity \/ size\/ design of ouritems.<\/span><\/span><\/p>\n<p>&nbsp;<\/p>\n<p><span style=\"font-family:arial,helvetica,sans-serif\"><span style=\"font-size:16px\">6:&nbsp;What else services you can provided compare other suppliers?<br \/>\nFull details catalogs with new designs updated every month will besent to you.<\/span><\/span><\/p><\/p>","protected":false},"excerpt":{"rendered":"<br \/>\n<table class=\"tables data\" width=\"100%\" border=\"0\" cellpadding=\"0\" cellspacing=\"0\">\n<tbody>\n<tr>\n<th width=\"35%\">Local de origem:<\/th>\n<td>China<\/td>\n<\/tr>\n<tr>\n<th width=\"35%\">Nome da marca:<\/th>\n<td>J\u00f3ias de ouro K<\/td>\n<\/tr>\n<tr>\n<th width=\"35%\">Certifica\u00e7\u00e3o:<\/th>\n<td>Certificado de joalharia<\/td>\n<\/tr>\n<tr>\n<th width=\"35%\">N\u00famero do modelo:<\/th>\n<td>KD124R<\/td>\n<\/tr>\n<\/tbody>\n<\/table>\n<p>                                                                            <span class=\"title_s\">Condi\u00e7\u00f5es de pagamento e envio:<\/span>                            <\/p>\n<table class=\"tables data\" width=\"100%\" border=\"0\" cellpadding=\"0\" cellspacing=\"0\">\n<tbody>\n<tr>\n<th width=\"35%\" nowrap=\"nowrap\">Quantidade m\u00ednima de encomenda:<\/th>\n<td>1<\/td>\n<\/tr>\n<tr>\n<th width=\"35%\" nowrap=\"nowrap\">Pre\u00e7o:<\/th>\n<td>Negoci\u00e1vel<\/td>\n<\/tr>\n<tr>\n<th width=\"35%\" nowrap=\"nowrap\">Detalhes da embalagem:<\/th>\n<td>Saco PP grosso padr\u00e3o, a marca vir\u00e1 com a marca Embalagem<\/td>\n<\/tr>\n<tr>\n<th width=\"35%\" nowrap=\"nowrap\">Prazo de entrega:<\/th>\n<td>5-15 dias \u00fateis<\/td>\n<\/tr>\n<tr>\n<th width=\"35%\" nowrap=\"nowrap\">Condi\u00e7\u00f5es de pagamento:<\/th>\n<td>T\/T, Western Union<\/td>\n<\/tr>\n<tr>\n<th width=\"35%\" nowrap=\"nowrap\">Capacidade de fornecimento:<\/th>\n<td>2000pcs\/m\u00eas<\/td>\n<\/tr>\n<\/tbody>\n<\/table>","protected":false},"featured_media":1194,"comment_status":"closed","ping_status":"closed","template":"","meta":{"_gspb_post_css":""},"product_brand":[],"product_cat":[16],"product_tag":[],"class_list":{"0":"post-1197","1":"product","2":"type-product","3":"status-publish","4":"has-post-thumbnail","6":"product_cat-solid-gold-jewellery","8":"first","9":"instock","10":"shipping-taxable","11":"product-type-simple"},"aioseo_notices":[],"_links":{"self":[{"href":"https:\/\/dearjewelry.ltd\/pt\/wp-json\/wp\/v2\/product\/1197","targetHints":{"allow":["GET"]}}],"collection":[{"href":"https:\/\/dearjewelry.ltd\/pt\/wp-json\/wp\/v2\/product"}],"about":[{"href":"https:\/\/dearjewelry.ltd\/pt\/wp-json\/wp\/v2\/types\/product"}],"replies":[{"embeddable":true,"href":"https:\/\/dearjewelry.ltd\/pt\/wp-json\/wp\/v2\/comments?post=1197"}],"wp:featuredmedia":[{"embeddable":true,"href":"https:\/\/dearjewelry.ltd\/pt\/wp-json\/wp\/v2\/media\/1194"}],"wp:attachment":[{"href":"https:\/\/dearjewelry.ltd\/pt\/wp-json\/wp\/v2\/media?parent=1197"}],"wp:term":[{"taxonomy":"product_brand","embeddable":true,"href":"https:\/\/dearjewelry.ltd\/pt\/wp-json\/wp\/v2\/product_brand?post=1197"},{"taxonomy":"product_cat","embeddable":true,"href":"https:\/\/dearjewelry.ltd\/pt\/wp-json\/wp\/v2\/product_cat?post=1197"},{"taxonomy":"product_tag","embeddable":true,"href":"https:\/\/dearjewelry.ltd\/pt\/wp-json\/wp\/v2\/product_tag?post=1197"}],"curies":[{"name":"wp","href":"https:\/\/api.w.org\/{rel}","templated":true}]}}