{"id":1088,"date":"2025-07-13T04:38:28","date_gmt":"2025-07-13T04:38:28","guid":{"rendered":"https:\/\/dearjewelry.ltd\/product\/hand-setting-2-45g-14k-solid-gold-jewellery-odm-for-engagement\/"},"modified":"2025-07-13T04:38:28","modified_gmt":"2025-07-13T04:38:28","slug":"hand-setting-2-45g-14k-solid-gold-jewellery-odm-for-engagement","status":"publish","type":"product","link":"https:\/\/dearjewelry.ltd\/pt\/product\/hand-setting-2-45g-14k-solid-gold-jewellery-odm-for-engagement\/","title":{"rendered":"Configura\u00e7\u00e3o manual 2.45g 14K j\u00f3ias de ouro maci\u00e7o ODM para noivado"},"content":{"rendered":"<h2>Configura\u00e7\u00e3o manual 2.45g 14K j\u00f3ias de ouro maci\u00e7o ODM para noivado<\/h2>\n<p> Descri\u00e7\u00e3o<\/p>\n<table cellpadding=\"0\" cellspacing=\"0\" class=\"details_table\">\n<tbody>\n<tr>\n<th>Material:<\/th>\n<td>9K\/10K\/14K\/18K Gold Jewelry<\/td>\n<th>Pedra principal:<\/th>\n<td>Anel de noivado de diamante<\/td>\n<\/tr>\n<tr class=\"bg_gray\">\n<th>Local de origem:<\/th>\n<td>China (mainland)<\/td>\n<th>Corte de pedra:<\/th>\n<td>Corte redondo<\/td>\n<\/tr>\n<tr>\n<th>Estilo moderno:<\/th>\n<td>Natural Jewelry<\/td>\n<th>Peso:<\/th>\n<td>About 2.45g<\/td>\n<\/tr>\n<tr class=\"bg_gray\">\n<th>Personalizar:<\/th>\n<td>J\u00f3ias de ouro personalizadas<\/td>\n<th>Colorido:<\/th>\n<td>Ouro branco<\/td>\n<\/tr>\n<tr>\n<th>Noivado Ocasi\u00e3o:<\/th>\n<td>Prenda, Festa, Casamento<\/td>\n<th>Tamanho:<\/th>\n<td>OV10.1*7.1<\/td>\n<\/tr>\n<tr class=\"bg_gray\">\n<th colspan=\"1\">Luz alta:<\/th>\n<td colspan=\"3\">\n<h2 style='font-weight: bold;font-size: 14px'>2.45g 14K Solid Gold Jewellery<\/h2>\n<p>, <\/p>\n<h2 style='font-weight: bold;font-size: 14px'>ODM 14K Solid Gold Jewellery<\/h2>\n<\/td>\n<\/tr>\n<\/tbody>\n<\/table>\n<p><p><span style=\"font-size:16px\"><strong><span style=\"font-family:arial,helvetica,sans-serif\">Descri\u00e7\u00e3o do produto:&nbsp;<\/span><\/strong><\/span><\/p>\n<p><span style=\"font-size:16px\"><strong>14K Solid Gold Jewellery Engagement Natural Diamond Ring Three Ring Set<\/strong><\/span><\/p>\n<table border=\"1\" cellpadding=\"0\" cellspacing=\"0\" style=\"width: 576px\">\n<tbody>\n<tr>\n<td style=\"width: 126px\"><span style=\"font-size:16px\">Item No.<\/span><\/td>\n<td style=\"width: 444px\"><span style=\"font-size:16px\">KD026R<\/span><\/td>\n<\/tr>\n<tr>\n<td style=\"width: 126px\"><span style=\"font-size:16px\">Nome do produto<\/span><\/td>\n<td style=\"width: 444px\"><span style=\"font-size:16px\">J\u00f3ias personalizadas em ouro maci\u00e7o 14K<\/span><\/td>\n<\/tr>\n<tr>\n<td style=\"width: 126px\"><span style=\"font-size:16px\">Estilo<\/span><\/td>\n<td style=\"width: 444px\"><span style=\"font-size:16px\">Estilo de moda&nbsp;<\/span><\/td>\n<\/tr>\n<tr>\n<td style=\"width: 126px\"><span style=\"font-size:16px\">Material<\/span><\/td>\n<td style=\"width: 444px\"><span style=\"font-size:16px\">Ouro branco de 14K<\/span><\/td>\n<\/tr>\n<tr>\n<td style=\"width: 126px\"><span style=\"font-size:16px\">Tipo de defini\u00e7\u00e3o<\/span><\/td>\n<td style=\"width: 444px\"><span style=\"font-size:16px\">Ajuste da m\u00e3o<\/span><\/td>\n<\/tr>\n<tr>\n<td style=\"width: 126px\"><span style=\"font-size:16px\">G\u00e9nero<\/span><\/td>\n<td style=\"width: 444px\">Children&#039;s, Men&#039;s, Unisex, Women&#039;s<\/td>\n<\/tr>\n<tr>\n<td style=\"width: 126px\"><span style=\"font-size:16px\">Pedra min\u00fascula<\/span><\/td>\n<td style=\"width: 444px\"><span style=\"font-size:16px\">49pcs Natural Diamond<\/span><\/td>\n<\/tr>\n<tr>\n<td style=\"width: 126px\"><span style=\"font-size:16px\">Pedra principal<\/span><\/td>\n<td style=\"width: 444px\"><span style=\"font-size:16px\">Diamante natural\/ Diamante de laborat\u00f3rio\/Mossianite<\/span><\/td>\n<\/tr>\n<tr>\n<td style=\"width: 126px\"><span style=\"font-size:16px\">Tamanho da pedra principal<\/span><\/td>\n<td style=\"width: 444px\">OV10.1*7.1<\/td>\n<\/tr>\n<tr>\n<td style=\"width: 126px\"><span style=\"font-size:16px\">Cor<\/span><\/td>\n<td style=\"width: 444px\"><span style=\"font-size:16px\">As your request<\/span><\/td>\n<\/tr>\n<tr>\n<td style=\"width: 126px\"><span style=\"font-size:16px\">Tamanho do anel<\/span><\/td>\n<td style=\"width: 444px\"><span style=\"font-size:16px\">Tamanho de venda quente # 4 - # 12, qualquer tamanho \u00e9 vi\u00e1vel.<\/span><\/td>\n<\/tr>\n<\/tbody>\n<\/table>\n<p>&nbsp;<\/p>\n<p><span style=\"font-size:16px\"><strong><span style=\"font-family:arial,helvetica,sans-serif\">Pormenores da produ\u00e7\u00e3o:<\/span><\/strong><br \/>\n<span style=\"font-family:arial,helvetica,sans-serif\">Informa\u00e7\u00f5es sobre o Tiny Diamond:<\/span><br \/>\n<span style=\"font-family:arial,helvetica,sans-serif\">Number of Diamonds: 49pcs<\/span><br \/>\n<span style=\"font-family:arial,helvetica,sans-serif\">Total Carat Weight:2.94ct<\/span><br \/>\n<span style=\"font-family:arial,helvetica,sans-serif\">Cor m\u00e9dia: G-H<\/span><br \/>\n<span style=\"font-family:arial,helvetica,sans-serif\">Clareza m\u00e9dia: SI1\/SI2\/VS1&nbsp;<\/span>Personalizar pedido<br \/>\n<span style=\"font-family:arial,helvetica,sans-serif\">Corte m\u00e9dio: <span>Extremely good<\/span><\/span><\/span><\/p>\n<p><span style=\"font-size:16px\"><span style=\"font-family:arial,helvetica,sans-serif\">Tipo de engaste: Crava\u00e7\u00e3o de pino<\/span><\/span><\/p>\n<p>\n<span style=\"font-size:16px\"><span style=\"font-family:arial,helvetica,sans-serif\">Informa\u00e7\u00f5es sobre a pedra principal:&nbsp;<\/span>Diamante natural\/ Diamante de laborat\u00f3rio<br \/>\n<span style=\"font-family:arial,helvetica,sans-serif\">Total Carat Weight: 3.12ct&nbsp;<\/span>diamante<\/span><\/p>\n<p><font face=\"arial, helvetica, sans-serif\" style=\"font-size: 16px\">Tamanho:&nbsp;<\/font>OV10.1*7.1<span style=\"font-size: 16px\"> for main stone<\/span><font face=\"arial, helvetica, sans-serif\" style=\"font-size: 16px\"> <\/font><\/p>\n<p>&nbsp;<\/p>\n<p>&nbsp;<\/p>\n<p><strong style=\"font-size: 16px\"><span style=\"font-family:arial,helvetica,sans-serif\">Porqu\u00ea escolher-nos:<\/span><\/strong><br \/>\n<span style=\"font-size: 16px\">1: N\u00f3s somos um fabricante profissional de j\u00f3ias.&nbsp;<\/span><br \/>\n<span style=\"font-size: 16px\">2: Tamb\u00e9m a nossa equipa profissional de I &amp; D para garantir que os nossos produtos est\u00e3o constantemente actualizados e \u00e0 frente da ind\u00fastria. Assim, temos mais de 3000 desenhos diferentes e mais de 46 colec\u00e7\u00f5es que podem satisfazer os diferentes pedidos do mercado.<\/span><br \/>\n<span style=\"font-size: 16px\">3: Para itens personalizados, pode obter CAD no mesmo dia ou no dia seguinte para confirmar os dados antes do in\u00edcio da encomenda.<\/span><br \/>\n<span style=\"font-size:16px\">4: We have exclusive technology to engrave any patterns on any fine gem.<br \/>\n5: Temos uma poderosa equipa de apoio ao cliente que acompanha todo o processo de venda, ajudando-o em caso de d\u00favidas.<\/span><\/p>\n<p>&nbsp;<\/p>\n<p><span style=\"font-size:16px\"><span style=\"font-family:arial,helvetica,sans-serif\">Servi\u00e7o de F\u00e1brica K-Gold:<\/span><br \/>\n<img decoding=\"async\" src=\"https:\/\/www.gold-jewellerys.com\/test\/domaindemo-52949.tmp\/photo\/pl36219389-remark.jpg\"><br \/>\n<img decoding=\"async\" src=\"https:\/\/www.gold-jewellerys.com\/test\/domaindemo-52949.tmp\/photo\/pl36230799-remark.jpg\"><\/span><\/p>\n<p>&nbsp;<\/p>\n<p><span style=\"font-size:16px\">Perguntas frequentes:<\/span><\/p>\n<p><span style=\"font-size:16px\">1: Como \u00e9 que podemos obter o pre\u00e7o?<\/span><\/p>\n<p><span style=\"font-size:16px\">Convidamo-lo a contactar-nos atrav\u00e9s do whatsapp. Basta enviar-nos as fotografias dos artigos que pretende e depois indicar-lhe-emos os pre\u00e7os o mais rapidamente poss\u00edvel.<\/span><\/p>\n<p>&nbsp;<\/p>\n<p><span style=\"font-size:16px\">Contact: Nancy lee<br \/>\nWhatsApp: +86-18520267369 \/ Tell:+8618520267369<br \/>\nCorreio eletr\u00f3nico: nancy@gzkgold.com<\/span><\/p>\n<p>&nbsp;<\/p>\n<p><span style=\"font-size:16px\">2: <\/span>Can you design own jewelry ? and my Logo ?<\/p>\n<p style=\"font-size: 12px;line-height: inherit;padding: 0px;border: 0px;font-family: Arial;vertical-align: baseline\"><span style=\"margin: 0px;padding: 0px;border: 0px;font-style: inherit;font-variant: inherit;font-weight: inherit;font-size: inherit;line-height: 18px;font-family: inherit;vertical-align: baseline\"><span style=\"font-weight: 700\"><span style=\"margin: 0px;padding: 0px;border: 0px;font-style: inherit;font-variant: inherit;font-weight: inherit;font-size: 16px;line-height: 24px;font-family: inherit;vertical-align: baseline\"><span style=\"margin: 0px;padding: 0px;border: 0px;font-variant: inherit;font-weight: 400;line-height: 24px;font-family: Arial, Helvetica;vertical-align: baseline\">Yes, our designer have more than 15 years experience on jewelry area,<\/span><\/span><\/span><\/span><span style=\"margin: 0px;padding: 0px;border: 0px;font-style: inherit;font-variant: inherit;font-weight: inherit;font-size: inherit;line-height: 18px;font-family: inherit;vertical-align: baseline\"><span style=\"font-weight: 700\"><span style=\"margin: 0px;padding: 0px;border: 0px;font-style: inherit;font-variant: inherit;font-weight: inherit;font-size: 16px;line-height: 24px;font-family: inherit;vertical-align: baseline\"><span style=\"margin: 0px;padding: 0px;border: 0px;font-variant: inherit;font-weight: 400;line-height: 24px;font-family: Arial, Helvetica;vertical-align: baseline\">Just send your photos or idea we can design CAD for you confirmed before production,<\/span><\/span><\/span><\/span><span style=\"margin: 0px;padding: 0px;border: 0px;font-style: inherit;font-variant: inherit;font-weight: inherit;font-size: inherit;line-height: 18px;font-family: inherit;vertical-align: baseline\"><span style=\"font-weight: 700\"><span style=\"margin: 0px;padding: 0px;border: 0px;font-style: inherit;font-variant: inherit;font-weight: inherit;font-size: 16px;line-height: 24px;font-family: inherit;vertical-align: baseline\"><span style=\"margin: 0px;padding: 0px;border: 0px;font-variant: inherit;font-weight: 400;line-height: 24px;font-family: Arial, Helvetica;vertical-align: baseline\">make sure 100% of you want. and also we can free to sign up your logo.<\/span><\/span><\/span><\/span><\/p>\n<p>&nbsp;<\/p>\n<p><span style=\"font-size:16px\">3: Como pagar a minha encomenda?<\/span><\/p>\n<p><span style=\"font-size:16px\">Por favor, indique-me a sua encomenda e, em seguida, indicar-lhe-emos o pre\u00e7o do artigo, a taxa de envio e a taxa da caixa original e o montante total. Pode efetuar o pagamento por Western Union \/ T\/T , ou Payoneer, processaremos e enviaremos a sua encomenda o mais rapidamente poss\u00edvel ap\u00f3s o pagamento efectuado.<\/span><\/p>\n<p>&nbsp;<\/p>\n<p><span style=\"font-size:16px\">4: What is your market position?<\/span><\/p>\n<p><span style=\"font-family:arial,helvetica,sans-serif\"><span style=\"font-size:16px\">We are positioned as medium and high-grade natural gem jewelry.<\/span><\/span><\/p>\n<p>&nbsp;<\/p>\n<p><span style=\"font-size:16px\">5: How may the delivery date for customized orders be affected?<\/span><\/p>\n<p><span style=\"font-size:16px\">A maioria das encomendas \u00e9 enviada a tempo. Em casos raros, a entrega dos artigos pode sofrer um ligeiro atraso. Pode contactar a nossa equipa de apoio ao cliente por telefone ou por chat para saber a data de entrega prevista.<\/span><\/p>\n<p>&nbsp;<\/p>\n<p><span style=\"font-size:16px\">6: Durante quanto tempo posso receber os meus produtos?<\/span><\/p>\n<p><span style=\"font-size:16px\">As encomendas s\u00e3o sempre processadas ap\u00f3s o dep\u00f3sito da encomenda. O tempo de produ\u00e7\u00e3o \u00e9 de 2-10 dias \u00fateis, dependendo da dificuldade do processo de design, mais 3-7 dias de tempo de transporte, transporte expresso para todas as partes do mundo.<\/span><\/p><\/p>","protected":false},"excerpt":{"rendered":"<br \/>\n<table class=\"tables data\" width=\"100%\" border=\"0\" cellpadding=\"0\" cellspacing=\"0\">\n<tbody>\n<tr>\n<th width=\"35%\">Local de origem:<\/th>\n<td>China<\/td>\n<\/tr>\n<tr>\n<th width=\"35%\">Nome da marca:<\/th>\n<td>J\u00f3ias de ouro K<\/td>\n<\/tr>\n<tr>\n<th width=\"35%\">Certifica\u00e7\u00e3o:<\/th>\n<td>Certificado de joalharia<\/td>\n<\/tr>\n<tr>\n<th width=\"35%\">N\u00famero do modelo:<\/th>\n<td>KD027R<\/td>\n<\/tr>\n<\/tbody>\n<\/table>\n<p>                                                                            <span class=\"title_s\">Condi\u00e7\u00f5es de pagamento e envio:<\/span>                            <\/p>\n<table class=\"tables data\" width=\"100%\" border=\"0\" cellpadding=\"0\" cellspacing=\"0\">\n<tbody>\n<tr>\n<th width=\"35%\" nowrap=\"nowrap\">Quantidade m\u00ednima de encomenda:<\/th>\n<td>1<\/td>\n<\/tr>\n<tr>\n<th width=\"35%\" nowrap=\"nowrap\">Pre\u00e7o:<\/th>\n<td>Negoci\u00e1vel<\/td>\n<\/tr>\n<tr>\n<th width=\"35%\" nowrap=\"nowrap\">Detalhes da embalagem:<\/th>\n<td>Saco PP grosso padr\u00e3o, a marca vir\u00e1 com a marca Embalagem<\/td>\n<\/tr>\n<tr>\n<th width=\"35%\" nowrap=\"nowrap\">Prazo de entrega:<\/th>\n<td>5-15 dias \u00fateis<\/td>\n<\/tr>\n<tr>\n<th width=\"35%\" nowrap=\"nowrap\">Condi\u00e7\u00f5es de pagamento:<\/th>\n<td>T\/T, Western Union<\/td>\n<\/tr>\n<tr>\n<th width=\"35%\" nowrap=\"nowrap\">Capacidade de fornecimento:<\/th>\n<td>2000pcs\/m\u00eas<\/td>\n<\/tr>\n<\/tbody>\n<\/table>","protected":false},"featured_media":1083,"comment_status":"closed","ping_status":"closed","template":"","meta":{"_gspb_post_css":""},"product_brand":[],"product_cat":[16],"product_tag":[],"class_list":{"0":"post-1088","1":"product","2":"type-product","3":"status-publish","4":"has-post-thumbnail","6":"product_cat-solid-gold-jewellery","8":"first","9":"instock","10":"shipping-taxable","11":"product-type-simple"},"aioseo_notices":[],"_links":{"self":[{"href":"https:\/\/dearjewelry.ltd\/pt\/wp-json\/wp\/v2\/product\/1088","targetHints":{"allow":["GET"]}}],"collection":[{"href":"https:\/\/dearjewelry.ltd\/pt\/wp-json\/wp\/v2\/product"}],"about":[{"href":"https:\/\/dearjewelry.ltd\/pt\/wp-json\/wp\/v2\/types\/product"}],"replies":[{"embeddable":true,"href":"https:\/\/dearjewelry.ltd\/pt\/wp-json\/wp\/v2\/comments?post=1088"}],"wp:featuredmedia":[{"embeddable":true,"href":"https:\/\/dearjewelry.ltd\/pt\/wp-json\/wp\/v2\/media\/1083"}],"wp:attachment":[{"href":"https:\/\/dearjewelry.ltd\/pt\/wp-json\/wp\/v2\/media?parent=1088"}],"wp:term":[{"taxonomy":"product_brand","embeddable":true,"href":"https:\/\/dearjewelry.ltd\/pt\/wp-json\/wp\/v2\/product_brand?post=1088"},{"taxonomy":"product_cat","embeddable":true,"href":"https:\/\/dearjewelry.ltd\/pt\/wp-json\/wp\/v2\/product_cat?post=1088"},{"taxonomy":"product_tag","embeddable":true,"href":"https:\/\/dearjewelry.ltd\/pt\/wp-json\/wp\/v2\/product_tag?post=1088"}],"curies":[{"name":"wp","href":"https:\/\/api.w.org\/{rel}","templated":true}]}}