{"id":1068,"date":"2025-07-13T04:22:42","date_gmt":"2025-07-13T04:22:42","guid":{"rendered":"https:\/\/dearjewelry.ltd\/product\/moissanite-diamond-gemstone-promise-rings-14k-gold-princess-cut\/"},"modified":"2025-07-13T04:22:42","modified_gmt":"2025-07-13T04:22:42","slug":"moissanite-diamond-gemstone-promise-rings-14k-gold-princess-cut","status":"publish","type":"product","link":"https:\/\/dearjewelry.ltd\/pt\/product\/moissanite-diamond-gemstone-promise-rings-14k-gold-princess-cut\/","title":{"rendered":"An\u00e9is de promessa de pedra preciosa de diamante Moissanite em ouro 14K corte de princesa"},"content":{"rendered":"<h2>An\u00e9is de promessa de pedra preciosa de diamante Moissanite em ouro 14K corte de princesa<\/h2>\n<p> Descri\u00e7\u00e3o<\/p>\n<table cellpadding=\"0\" cellspacing=\"0\" class=\"details_table\">\n<tbody>\n<tr>\n<th>Material:<\/th>\n<td>9K\/10K\/14K\/18K Gold Jewelry<\/td>\n<th>Tipo de j\u00f3ias:<\/th>\n<td>Rings<\/td>\n<\/tr>\n<tr class=\"bg_gray\">\n<th>Local de origem:<\/th>\n<td>China (mainland)<\/td>\n<th>Log\u00f3tipo:<\/th>\n<td>Accept Customer&#8217;s Logo<\/td>\n<\/tr>\n<tr>\n<th>Peso:<\/th>\n<td>About 2.1g<\/td>\n<th>Personalizar:<\/th>\n<td>J\u00f3ias de ouro personalizadas<\/td>\n<\/tr>\n<tr class=\"bg_gray\">\n<th>Colorido:<\/th>\n<td>WhiteGold<\/td>\n<th>Noivado Ocasi\u00e3o:<\/th>\n<td>Prenda, Festa, Casamento<\/td>\n<\/tr>\n<tr>\n<th>Tamanho:<\/th>\n<td>QD7*7MM<\/td>\n<th>Condi\u00e7\u00f5es de pagamento:<\/th>\n<td>Paypal\/Western Union\/TT<\/td>\n<\/tr>\n<tr class=\"bg_gray\">\n<th colspan=\"1\">Destaque:<\/th>\n<td colspan=\"3\">\n<h2 style='font-weight: bold;font-size: 14px'>Moissanite Diamond Gemstone Promise Rings<\/h2>\n<p>, <\/p>\n<h2 style='font-weight: bold;font-size: 14px'>Gemstone Promise Rings 14K<\/h2>\n<\/td>\n<\/tr>\n<\/tbody>\n<\/table>\n<p><p><span style=\"font-size:16px\"><strong><span style=\"font-family:arial,helvetica,sans-serif\">Descri\u00e7\u00e3o do produto:&nbsp;<\/span><\/strong><\/span><\/p>\n<p><strong><span style=\"font-family:arial,helvetica,sans-serif\"><span style=\"font-size:16px\">14K Gold Princess Cut Moissanite Diamond Three Gemstone Promise Engagement Ring<\/span><\/span><\/strong><\/p>\n<table border=\"1\" cellpadding=\"0\" cellspacing=\"0\" style=\"width: 576px\">\n<tbody>\n<tr>\n<td style=\"width: 126px\"><span style=\"font-size:16px\">Item No.<\/span><\/td>\n<td style=\"width: 444px\"><span style=\"font-size:16px\">KD031R<\/span><\/td>\n<\/tr>\n<tr>\n<td style=\"width: 126px\"><span style=\"font-size:16px\">Nome do produto<\/span><\/td>\n<td style=\"width: 444px\"><span style=\"font-size:16px\">J\u00f3ias personalizadas em ouro maci\u00e7o 14K<\/span><\/td>\n<\/tr>\n<tr>\n<td style=\"width: 126px\"><span style=\"font-size:16px\">Estilo<\/span><\/td>\n<td style=\"width: 444px\"><span style=\"font-size:16px\">Estilo de moda&nbsp;<\/span><\/td>\n<\/tr>\n<tr>\n<td style=\"width: 126px\"><span style=\"font-size:16px\">Material<\/span><\/td>\n<td style=\"width: 444px\"><span style=\"font-size:16px\">Ouro branco de 14K<\/span><\/td>\n<\/tr>\n<tr>\n<td style=\"width: 126px\"><span style=\"font-size:16px\">Tipo de defini\u00e7\u00e3o<\/span><\/td>\n<td style=\"width: 444px\"><span style=\"font-size:16px\">Ajuste da m\u00e3o<\/span><\/td>\n<\/tr>\n<tr>\n<td style=\"width: 126px\"><span style=\"font-size:16px\">G\u00e9nero<\/span><\/td>\n<td style=\"width: 444px\"><span style=\"font-size:16px\">Children&#039;s, Men&#039;s, Unisex, Women&#039;s<\/span><\/td>\n<\/tr>\n<tr>\n<td style=\"width: 126px\"><span style=\"font-size:16px\">Pedra<\/span><\/td>\n<td style=\"width: 444px\"><span style=\"font-size:16px\">1pcs Natural Diamond<\/span><\/td>\n<\/tr>\n<tr>\n<td style=\"width: 126px\"><span style=\"font-size:16px\">Pedra principal<\/span><\/td>\n<td style=\"width: 444px\"><span style=\"font-size:16px\">Diamante natural\/ Diamante de laborat\u00f3rio\/Mossianite<\/span><\/td>\n<\/tr>\n<tr>\n<td style=\"width: 126px\"><span style=\"font-size:16px\">Tamanho da pedra principal<\/span><\/td>\n<td style=\"width: 444px\">QD7*7MM<\/td>\n<\/tr>\n<tr>\n<td style=\"width: 126px\"><span style=\"font-size:16px\">Cor<\/span><\/td>\n<td style=\"width: 444px\"><span style=\"font-size:16px\">As your request<\/span><\/td>\n<\/tr>\n<tr>\n<td style=\"width: 126px\"><span style=\"font-size:16px\">Tamanho do anel<\/span><\/td>\n<td style=\"width: 444px\"><span style=\"font-size:16px\">Tamanho de venda quente # 4 - # 12, qualquer tamanho \u00e9 vi\u00e1vel.<\/span><\/td>\n<\/tr>\n<\/tbody>\n<\/table>\n<p>&nbsp;<\/p>\n<p><span style=\"font-size:16px\"><strong><span style=\"font-family:arial,helvetica,sans-serif\">Pormenores da produ\u00e7\u00e3o:<\/span><\/strong><br \/>\n<span style=\"font-family:arial,helvetica,sans-serif\">Informa\u00e7\u00f5es sobre o Tiny Diamond:<\/span><br \/>\n<span style=\"font-family:arial,helvetica,sans-serif\">Number of Diamonds: 1pcs<\/span><br \/>\n<span style=\"font-family:arial,helvetica,sans-serif\">Total Carat Weight: 2.1ct<\/span><br \/>\n<span style=\"font-family:arial,helvetica,sans-serif\">Cor m\u00e9dia: G-H<\/span><br \/>\n<span style=\"font-family:arial,helvetica,sans-serif\">Clareza m\u00e9dia: SI1\/SI2\/VS1&nbsp;<\/span>Personalizar pedido<br \/>\n<span style=\"font-family:arial,helvetica,sans-serif\">Corte m\u00e9dio: <span>Extremely good<\/span><\/span><\/span><\/p>\n<p><span style=\"font-size:16px\"><span style=\"font-family:arial,helvetica,sans-serif\">Tipo de engaste: Crava\u00e7\u00e3o de pino<\/span><\/span><\/p>\n<p>\n<span style=\"font-size:16px\"><span style=\"font-family:arial,helvetica,sans-serif\">Informa\u00e7\u00f5es sobre a pedra principal:&nbsp;<\/span>Diamante natural\/ Diamante de laborat\u00f3rio<br \/>\n<span style=\"font-family:arial,helvetica,sans-serif\">Total Carat Weight: 2.1t&nbsp;<\/span>diamante<\/span><\/p>\n<p><span style=\"font-size:16px\"><font face=\"arial, helvetica, sans-serif\" style=\"font-size: 16px\">Tamanho:&nbsp;<\/font><\/span>QD7*7MM<span style=\"font-size:16px\">&nbsp;for main stone<font face=\"arial, helvetica, sans-serif\" style=\"font-size: 16px\"> <\/font><\/span><\/p>\n<p>&nbsp;<\/p>\n<p>&nbsp;<\/p>\n<p><span style=\"font-size:16px\"><strong style=\"font-size: 16px\"><span style=\"font-family:arial,helvetica,sans-serif\">Porqu\u00ea escolher-nos:<\/span><\/strong><\/span><\/p>\n<p><span style=\"font-size:16px\">1: We professional make natural gemstone jewelry for brands over 15 years, we can make international brand level workmanship.<br \/>\n2: We have our own gemstone mines, only use high quality gemstone to make jewelry, and we have absolute advantage in price for the same quality jewelry, which is why we can cooperate with brand jewelry wholesalers in many countries for more than 15 years.<br \/>\n3: We have exclusive technology to engrave any patterns on any fine gem.<br \/>\n4: Our exclusive high tech silver jewelry anti-oxidation technology is leading the jewelry industry.<\/span><\/p>\n<p>&nbsp;<\/p>\n<p><span style=\"font-size:16px\"><span style=\"font-family:arial,helvetica,sans-serif\">Servi\u00e7o de F\u00e1brica K-Gold:<\/span><br \/>\n<img decoding=\"async\" src=\"https:\/\/www.gold-jewellerys.com\/test\/domaindemo-52949.tmp\/photo\/pl36219389-remark.jpg\"><br \/>\n<img decoding=\"async\" src=\"https:\/\/www.gold-jewellerys.com\/test\/domaindemo-52949.tmp\/photo\/pl36230799-remark.jpg\"><\/span><\/p>\n<p>&nbsp;<\/p>\n<p><span style=\"font-size:16px\">Perguntas frequentes:<\/span><\/p>\n<p><span style=\"font-size:16px\">1: Como \u00e9 que podemos obter o pre\u00e7o?<\/span><\/p>\n<p><span style=\"font-size:16px\">Convidamo-lo a contactar-nos atrav\u00e9s do whatsapp. Basta enviar-nos as fotografias dos artigos que pretende e depois indicar-lhe-emos os pre\u00e7os o mais rapidamente poss\u00edvel.<\/span><\/p>\n<p>&nbsp;<\/p>\n<p><span style=\"font-size:16px\">Contact: Nancy lee<br \/>\nWhatsApp: +86-18520267369 \/ Tell:+8618520267369<br \/>\n<span style=\"font-family:arial,helvetica,sans-serif\">Correio eletr\u00f3nico: nancy@gzkgold.com<\/span><\/span><\/p>\n<p>&nbsp;<\/p>\n<p><span style=\"font-size:16px\"><span style=\"font-family:arial,helvetica,sans-serif\">2:&nbsp;<\/span>Can you engrave?<br \/>\nYes, it can be printed or lasered on the jewelry of your logo or lettering information as &ldquo;FREE&rdquo;.<\/span><\/p>\n<p style=\"font-size: 12px;line-height: inherit;padding: 0px;border: 0px;font-family: Arial;vertical-align: baseline\">&nbsp;<\/p>\n<p><span style=\"font-size:16px\">3: What&rsquo;s your main market?<\/span><\/p>\n<p><span style=\"font-size:16px\">We mainly export to Europe, South America, the United States, Japan and South Korea, etc.<\/span><\/p>\n<p>&nbsp;<\/p>\n<p><span style=\"font-size:16px\">4: How do you ship the products?<\/span><\/p>\n<p><span style=\"font-size:16px\">We ship to world wide with a range of shipping options (DHL\/ UPS\/TNT\/EMS\/FEDEX), it will only take 4~9 days based on different logistics companies.<\/span><\/p>\n<p>&nbsp;<\/p>\n<p><span style=\"font-size:16px\">5: Where is your factory?<br \/>\nLocated in Guangzhou,Guangdong,China.<\/span><\/p>\n<p>&nbsp;<\/p>\n<p><span style=\"font-size:16px\">6: Can your jewelry be sized?<br \/>\nAll jewelry could be sized, you can contact with us for more information which you are interested can be sized or not.<\/span><\/p><\/p>","protected":false},"excerpt":{"rendered":"<br \/>\n<table class=\"tables data\" width=\"100%\" border=\"0\" cellpadding=\"0\" cellspacing=\"0\">\n<tbody>\n<tr>\n<th width=\"35%\">Local de origem:<\/th>\n<td>China<\/td>\n<\/tr>\n<tr>\n<th width=\"35%\">Nome da marca:<\/th>\n<td>J\u00f3ias de ouro K<\/td>\n<\/tr>\n<tr>\n<th width=\"35%\">Certifica\u00e7\u00e3o:<\/th>\n<td>Certificado de joalharia<\/td>\n<\/tr>\n<tr>\n<th width=\"35%\">N\u00famero do modelo:<\/th>\n<td>KD031R<\/td>\n<\/tr>\n<\/tbody>\n<\/table>\n<p>                                                                            <span class=\"title_s\">Condi\u00e7\u00f5es de pagamento e envio:<\/span>                            <\/p>\n<table class=\"tables data\" width=\"100%\" border=\"0\" cellpadding=\"0\" cellspacing=\"0\">\n<tbody>\n<tr>\n<th width=\"35%\" nowrap=\"nowrap\">Quantidade m\u00ednima de encomenda:<\/th>\n<td>1<\/td>\n<\/tr>\n<tr>\n<th width=\"35%\" nowrap=\"nowrap\">Pre\u00e7o:<\/th>\n<td>Negoci\u00e1vel<\/td>\n<\/tr>\n<tr>\n<th width=\"35%\" nowrap=\"nowrap\">Detalhes da embalagem:<\/th>\n<td>Saco PP grosso padr\u00e3o, a marca vir\u00e1 com a marca Embalagem<\/td>\n<\/tr>\n<tr>\n<th width=\"35%\" nowrap=\"nowrap\">Prazo de entrega:<\/th>\n<td>5-15 dias \u00fateis<\/td>\n<\/tr>\n<tr>\n<th width=\"35%\" nowrap=\"nowrap\">Condi\u00e7\u00f5es de pagamento:<\/th>\n<td>T\/T, Western Union<\/td>\n<\/tr>\n<tr>\n<th width=\"35%\" nowrap=\"nowrap\">Capacidade de fornecimento:<\/th>\n<td>2000pcs\/m\u00eas<\/td>\n<\/tr>\n<\/tbody>\n<\/table>\n<p>                                                                                                                                \", \"countrycode\": \"US\"}\");' class=\"btn contact_btn\" style=\"display: inline-block;background:#ff771c url(\/images\/css-sprite.png) -260px -214px;color:#fff;padding:0 13px 0 33px;width:auto;height:25px;line-height:26px;border:0;font-size:13px;border-radius:4px;font-weight:bold;text-decoration:none;\"&gt;<\/p>","protected":false},"featured_media":1064,"comment_status":"closed","ping_status":"closed","template":"","meta":{"_gspb_post_css":""},"product_brand":[],"product_cat":[16],"product_tag":[],"class_list":{"0":"post-1068","1":"product","2":"type-product","3":"status-publish","4":"has-post-thumbnail","6":"product_cat-solid-gold-jewellery","8":"first","9":"instock","10":"shipping-taxable","11":"product-type-simple"},"aioseo_notices":[],"_links":{"self":[{"href":"https:\/\/dearjewelry.ltd\/pt\/wp-json\/wp\/v2\/product\/1068","targetHints":{"allow":["GET"]}}],"collection":[{"href":"https:\/\/dearjewelry.ltd\/pt\/wp-json\/wp\/v2\/product"}],"about":[{"href":"https:\/\/dearjewelry.ltd\/pt\/wp-json\/wp\/v2\/types\/product"}],"replies":[{"embeddable":true,"href":"https:\/\/dearjewelry.ltd\/pt\/wp-json\/wp\/v2\/comments?post=1068"}],"wp:featuredmedia":[{"embeddable":true,"href":"https:\/\/dearjewelry.ltd\/pt\/wp-json\/wp\/v2\/media\/1064"}],"wp:attachment":[{"href":"https:\/\/dearjewelry.ltd\/pt\/wp-json\/wp\/v2\/media?parent=1068"}],"wp:term":[{"taxonomy":"product_brand","embeddable":true,"href":"https:\/\/dearjewelry.ltd\/pt\/wp-json\/wp\/v2\/product_brand?post=1068"},{"taxonomy":"product_cat","embeddable":true,"href":"https:\/\/dearjewelry.ltd\/pt\/wp-json\/wp\/v2\/product_cat?post=1068"},{"taxonomy":"product_tag","embeddable":true,"href":"https:\/\/dearjewelry.ltd\/pt\/wp-json\/wp\/v2\/product_tag?post=1068"}],"curies":[{"name":"wp","href":"https:\/\/api.w.org\/{rel}","templated":true}]}}