{"id":6753,"date":"2025-07-13T10:53:38","date_gmt":"2025-07-13T10:53:38","guid":{"rendered":"https:\/\/dearjewelry.ltd\/product\/insect-garden-mother-baby-ladybugs-red-cz-dangle-charm-beads-good-luck\/"},"modified":"2025-07-13T10:53:38","modified_gmt":"2025-07-13T10:53:38","slug":"insect-garden-mother-baby-ladybugs-red-cz-dangle-charm-beads-good-luck","status":"publish","type":"product","link":"https:\/\/dearjewelry.ltd\/es\/product\/insect-garden-mother-baby-ladybugs-red-cz-dangle-charm-beads-good-luck\/","title":{"rendered":"Insect Garden Mother Baby Ladybugs Red CZ Dangle Charm Beads Buena Suerte"},"content":{"rendered":"<h2>Insect Garden Mother Baby Ladybugs Red CZ Dangle Charm Beads Buena Suerte<\/h2>\n<p> Descripci\u00f3n<\/p>\n<table cellpadding=\"0\" cellspacing=\"0\" class=\"details_table\">\n<tbody>\n<tr>\n<th>Material:<\/th>\n<td>Plata de ley<\/td>\n<th>Tipo de perforaci\u00f3n:<\/th>\n<td>Insect Garden Good Luck Lucky Mother &amp; Baby Ladybugs Red CZ Dangle Charm Bead<\/td>\n<\/tr>\n<tr class=\"bg_gray\">\n<th>Accasion:<\/th>\n<td>Aniversario, Regalo, Fiesta, Jovencitas , Joyas Jovencitas<\/td>\n<th>Parte del cuerpo:<\/th>\n<td>Colgante<\/td>\n<\/tr>\n<tr>\n<th>Personal\u00edzalo:<\/th>\n<td>Aceptamos cualquier piedra o tama\u00f1o personalizado<\/td>\n<th>Diamantes:<\/th>\n<td>1,5-2,5 mm Todos disponibles<\/td>\n<\/tr>\n<tr class=\"bg_gray\">\n<th>Diamantes Claridad:<\/th>\n<td>Vs1-SI2<\/td>\n<th>Grosor:<\/th>\n<td>0,6 mm<\/td>\n<\/tr>\n<tr>\n<th colspan=\"1\">Luz alta:<\/th>\n<td colspan=\"3\">\n<h2 style='font-weight: bold;font-size: 14px'>Ladybugs Dangle Charm Beads<\/h2>\n<p>, <\/p>\n<h2 style='font-weight: bold;font-size: 14px'>Red CZ Dangle Charm Beads<\/h2>\n<p>, <\/p>\n<h2 style='font-weight: bold;font-size: 14px'>Insect Garden 925 Sterling Silver Bead<\/h2>\n<\/td>\n<\/tr>\n<\/tbody>\n<\/table>\n<p><p><span style=\"font-size:16px\"><span style=\"font-family:arial,helvetica,sans-serif\"><strong>Descripci\u00f3n del producto:<\/strong><\/span><\/span><\/p>\n<p><span style=\"font-size:16px\"><strong>Personalize Red Lucky Ladybug Insect Gardener Dangle Charm Bead For Women For Teen .925 Sterling Silver Fits European Bracelet<\/strong><\/span><\/p>\n<table border=\"1\" cellpadding=\"0\" cellspacing=\"0\" style=\"width: 600px\">\n<tbody>\n<tr>\n<td style=\"width: 126px\">N\u00ba de art\u00edculo<\/td>\n<td style=\"width: 466px\">KD526P<\/td>\n<\/tr>\n<tr>\n<td style=\"width: 126px\">Nombre del producto<\/td>\n<td style=\"width: 466px\">Insect Garden Good Luck Lucky Mother &amp; Baby Ladybugs Red CZ Dangle Charm Bead&nbsp;<\/td>\n<\/tr>\n<tr>\n<td style=\"width: 126px\">Estilo<\/td>\n<td style=\"width: 466px\">Piercing de fantas\u00eda \/ Popular<\/td>\n<\/tr>\n<tr>\n<td style=\"width: 126px\">Material<\/td>\n<td style=\"width: 466px\">Plata de ley<\/td>\n<\/tr>\n<tr>\n<td style=\"width: 126px\">G\u00e9nero<\/td>\n<td style=\"width: 466px\">J\u00f3venes\/ Chicas&nbsp;<\/td>\n<\/tr>\n<tr>\n<td style=\"width: 126px\">Espesor<\/td>\n<td style=\"width: 466px\">0,6 mm<\/td>\n<\/tr>\n<tr>\n<td style=\"width: 126px\">MOQ&nbsp;<\/td>\n<td style=\"width: 466px\">3 piezas<\/td>\n<\/tr>\n<tr>\n<td style=\"width: 126px\">Ocasi\u00f3n<\/td>\n<td style=\"width: 466px\">Aniversario, Regalo, Fiesta, Uso diario<\/td>\n<\/tr>\n<tr>\n<td style=\"width: 126px\">Diamantes<\/td>\n<td style=\"width: 466px\">1,5-2,5 mm todos disponibles, Vs1-SI2<\/td>\n<\/tr>\n<\/tbody>\n<\/table>\n<p><span style=\"font-size:16px\"><strong>Ventaja:<\/strong><\/span><\/p>\n<p><span style=\"font-size: 14px\">1<font face=\"arial, helvetica, sans-serif\">. Regalo perfecto para su familia y sus amigos en el D\u00eda de la Madre, Cumplea\u00f1os, Boda, Aniversarios, San Valent\u00edn o Navidad.<\/font><\/span><\/p>\n<p><span style=\"font-family:arial,helvetica,sans-serif\"><span style=\"font-size:14px\">2. Hipoalerg\u00e9nico y duradero, hecho de oro macizo de 18 quilates, c\u00edrculo s\u00f3lido con bisagras aro, sin bordes afilados realmente.<\/span><\/span><\/p>\n<p><span style=\"font-family:arial,helvetica,sans-serif\"><span style=\"font-size:14px\">3. Por favor, seleccione cuidadosamente el tama\u00f1o de calibre y di\u00e1metro m\u00e1s adecuado de acuerdo con el tama\u00f1o sugerido y su experiencia antes de ordenar.<\/span><\/span><\/p>\n<p><span style=\"font-family:arial,helvetica,sans-serif\"><span style=\"font-size:14px\">4: Lujosa joya de oro de 14k\/18K fabricada en China. Hecho a mano en casa por nuestros joyeros expertos; estas piezas se hacen a la orden y pueden tomar de 12 a 15 d\u00edas h\u00e1biles para enviar.<\/span><\/span><\/p>\n<p><span style=\"font-family:arial,helvetica,sans-serif\"><span style=\"font-size:14px\">5: Personaliza tu propio anillo de oro macizo de diamantes naturales de la nariz para el accesorio perfecto de la nariz de la joyer\u00eda del cuerpo. Los estilos de correos est\u00e1n disponibles en un hueso de la nariz, tornillo de la fosa nasal, ya sea para la derecha o la izquierda, as\u00ed como una cola de pez recta, cualquier tama\u00f1o de cualquier piedra preciosa todos son availalbe.<\/span><\/span><\/p>\n<p><strong><span style=\"font-family:arial,helvetica,sans-serif\">Productos Mostrar:<\/span><\/strong><\/p>\n<p>&nbsp;<\/p>\n<p>&nbsp;<\/p>\n<p>&nbsp;<\/p>\n<p><img decoding=\"async\" src=\"https:\/\/www.gold-jewellerys.com\/test\/gold-jewellerys.com\/photo\/pl149869256-remark.jpg\"><img decoding=\"async\" src=\"https:\/\/www.gold-jewellerys.com\/test\/gold-jewellerys.com\/photo\/pl149869255-remark.jpg\"><img decoding=\"async\" src=\"https:\/\/www.gold-jewellerys.com\/test\/gold-jewellerys.com\/photo\/pl149869254-remark.jpg\"><\/p>\n<p>&nbsp;<\/p>\n<p>&nbsp;<\/p>\n<p>\n<strong><span style=\"font-size:16px\"><span style=\"font-family:arial,helvetica,sans-serif\">Por qu\u00e9 elegirnos:<\/span><\/span><\/strong><br \/>\n1: K-Gold cuenta con 21 a\u00f1os de experiencia en el sector de la joyer\u00eda y 17 a\u00f1os en producci\u00f3n.<br \/>\n2: Tambi\u00e9n nuestro equipo profesional de I + D para asegurar que nuestros productos se actualizan constantemente y por delante de la industria. As\u00ed que tenemos m\u00e1s de 3000 dise\u00f1os diferentes y m\u00e1s de 46 colecciones pueden satisfacer la demanda de diferentes mercados.<br \/>\n3: Para personalizar los art\u00edculos que usted puede conseguir CAD mismo d\u00eda o al d\u00eda siguiente para confirmar los datos antes del inicio del pedido.<br \/>\n4: El objetivo de K-gold es ofrecer a los clientes productos adecuados al precio adecuado y entregarlos a tiempo.<br \/>\n5: Tenemos un equipo de servicio al cliente de gran alcance que mantiene un ojo en todo el proceso de venta, ayudarle a cualquier pregunta, desde el dise\u00f1o CAD para entregar.<br \/>\nServicio de f\u00e1brica K-Gold:<br \/>\n<img decoding=\"async\" src=\"https:\/\/www.gold-jewellerys.com\/test\/gold-jewellerys.com\/photo\/pl36906275-remark.jpg\"><img decoding=\"async\" src=\"https:\/\/www.gold-jewellerys.com\/test\/gold-jewellerys.com\/photo\/pl36314862-remark.jpg\"><\/p>\n<p>P1: \u00bfC\u00f3mo podemos obtener el precio?<\/p>\n<p>R: Le invitamos a ponerse en contacto con nosotros en whatsapp. Apenas env\u00edenos las im\u00e1genes de los art\u00edculos usted quiere entonces que le diremos los precios cuanto antes.<\/p>\n<p>&nbsp;Persona de contacto: Nancy lee<br \/>\n&nbsp;WhatsApp: +86-18520267369 \/ Tell:+8618520267369<br \/>\n&nbsp;Correo electr\u00f3nico: nancy@gzkgold.com<br \/>\n&nbsp;P\u00e1gina web:<\/p>\n<p>&nbsp;<\/p>\n<p>P2: \u00bfPuedo personalizar mis propios dise\u00f1os?<br \/>\nR: bienvenido a dise\u00f1ar su propia joyer\u00eda o su marca, proporcionar sus fotos de dise\u00f1o y detalles que podemos dibujar CAD para usted antes de la producci\u00f3n.<\/p>\n<p>&nbsp;<\/p>\n<p>P3: \u00bfCu\u00e1l es el plazo de producci\u00f3n?<\/p>\n<p>R: Una vez confirmados el dise\u00f1o y los detalles de la piedra, la producci\u00f3n tarda aproximadamente 12~15 d\u00edas laborables.<\/p>\n<p>&nbsp;<\/p>\n<p>P4: \u00bfPuedo obtener un certificado?<\/p>\n<p>R: S\u00ed, no tienen el certificado si es necesario y el precio no incluye la tasa. El diamante no GIA certificado o sin ella s\u00f3lo<\/p>\n<p>h\u00e1gamelo saber porque hay diferencia de precio .<\/p>\n<p>&nbsp;<\/p>\n<p>Q5. P:\u00bfPuedo pedir oro de 9K o 10K en lugar de 18K?<\/p>\n<p>R: S\u00ed, claro que puede, el MOQ s\u00f3lo 5 piezas de 9K o 10k joyas<\/p>\n<p>&nbsp;<\/p>\n<p>P6: \u00bfHacen joyas para compradores particulares o s\u00f3lo para mayoristas?<br \/>\nR:En realidad estamos hacer toda la venta a quien la venta a en l\u00ednea o tener su propia tienda de dise\u00f1os originales , para la joyer\u00eda de marca permiti\u00f3 que el comprador personal tambi\u00e9n. Usted puede ordenar la joyer\u00eda fina de la marca de la calidad para su familia, amigos y usted mismo en los precios de f\u00e1brica. Incluso ser\u00e1 grande si usted es un revendedor de joyas. Proporcionaremos el env\u00edo libre y las cajas originales libres de la marca si usted puede pedir muchos art\u00edculos cada vez. M\u00e1s cantidad entonces mejor precio .<\/p><\/p>","protected":false},"excerpt":{"rendered":"<br \/>\n<table class=\"tables data\" width=\"100%\" border=\"0\" cellpadding=\"0\" cellspacing=\"0\">\n<tbody>\n<tr>\n<th width=\"35%\">Lugar de origen:<\/th>\n<td>China<\/td>\n<\/tr>\n<tr>\n<th width=\"35%\">Marca:<\/th>\n<td>Joyas de oro K<\/td>\n<\/tr>\n<tr>\n<th width=\"35%\">Certificaci\u00f3n:<\/th>\n<td>Certificado de joyer\u00eda<\/td>\n<\/tr>\n<tr>\n<th width=\"35%\">N\u00famero de modelo:<\/th>\n<td>KD526P<\/td>\n<\/tr>\n<\/tbody>\n<\/table>\n<p>                                                                            <span class=\"title_s\">Condiciones de pago y env\u00edo:<\/span>                            <\/p>\n<table class=\"tables data\" width=\"100%\" border=\"0\" cellpadding=\"0\" cellspacing=\"0\">\n<tbody>\n<tr>\n<th width=\"35%\" nowrap=\"nowrap\">Cantidad m\u00ednima de pedido:<\/th>\n<td>3<\/td>\n<\/tr>\n<tr>\n<th width=\"35%\" nowrap=\"nowrap\">Precio:<\/th>\n<td>Negociable<\/td>\n<\/tr>\n<tr>\n<th width=\"35%\" nowrap=\"nowrap\">Detalles del embalaje:<\/th>\n<td>Bolsa PP gruesa est\u00e1ndar, la marca vendr\u00e1 con la marca Embalaje<\/td>\n<\/tr>\n<tr>\n<th width=\"35%\" nowrap=\"nowrap\">Plazo de entrega:<\/th>\n<td>5-15 d\u00edas laborables<\/td>\n<\/tr>\n<tr>\n<th width=\"35%\" nowrap=\"nowrap\">Condiciones de pago:<\/th>\n<td>T\/T, Western Union<\/td>\n<\/tr>\n<tr>\n<th width=\"35%\" nowrap=\"nowrap\">Capacidad de suministro:<\/th>\n<td>2000pcs\/Mes<\/td>\n<\/tr>\n<\/tbody>\n<\/table>","protected":false},"featured_media":6747,"comment_status":"closed","ping_status":"closed","template":"","meta":{"_gspb_post_css":""},"product_brand":[],"product_cat":[30],"product_tag":[],"class_list":{"0":"post-6753","1":"product","2":"type-product","3":"status-publish","4":"has-post-thumbnail","6":"product_cat-silver-bead-charms","8":"first","9":"instock","10":"shipping-taxable","11":"product-type-simple"},"aioseo_notices":[],"_links":{"self":[{"href":"https:\/\/dearjewelry.ltd\/es\/wp-json\/wp\/v2\/product\/6753","targetHints":{"allow":["GET"]}}],"collection":[{"href":"https:\/\/dearjewelry.ltd\/es\/wp-json\/wp\/v2\/product"}],"about":[{"href":"https:\/\/dearjewelry.ltd\/es\/wp-json\/wp\/v2\/types\/product"}],"replies":[{"embeddable":true,"href":"https:\/\/dearjewelry.ltd\/es\/wp-json\/wp\/v2\/comments?post=6753"}],"wp:featuredmedia":[{"embeddable":true,"href":"https:\/\/dearjewelry.ltd\/es\/wp-json\/wp\/v2\/media\/6747"}],"wp:attachment":[{"href":"https:\/\/dearjewelry.ltd\/es\/wp-json\/wp\/v2\/media?parent=6753"}],"wp:term":[{"taxonomy":"product_brand","embeddable":true,"href":"https:\/\/dearjewelry.ltd\/es\/wp-json\/wp\/v2\/product_brand?post=6753"},{"taxonomy":"product_cat","embeddable":true,"href":"https:\/\/dearjewelry.ltd\/es\/wp-json\/wp\/v2\/product_cat?post=6753"},{"taxonomy":"product_tag","embeddable":true,"href":"https:\/\/dearjewelry.ltd\/es\/wp-json\/wp\/v2\/product_tag?post=6753"}],"curies":[{"name":"wp","href":"https:\/\/api.w.org\/{rel}","templated":true}]}}