{"id":6713,"date":"2025-07-13T10:53:23","date_gmt":"2025-07-13T10:53:23","guid":{"rendered":"https:\/\/dearjewelry.ltd\/product\/oem-triangle-white-gold-septum-ring-with-0-1ct-1-3mm-diamonds\/"},"modified":"2025-07-13T10:53:23","modified_gmt":"2025-07-13T10:53:23","slug":"oem-triangle-white-gold-septum-ring-with-0-1ct-1-3mm-diamonds","status":"publish","type":"product","link":"https:\/\/dearjewelry.ltd\/es\/product\/oem-triangle-white-gold-septum-ring-with-0-1ct-1-3mm-diamonds\/","title":{"rendered":"OEM Tri\u00e1ngulo Anillo de Oro Blanco Septo con 0.1ct 1.3mm Diamantes"},"content":{"rendered":"<h2>OEM Tri\u00e1ngulo Anillo de Oro Blanco Septo con 0.1ct 1.3mm Diamantes<\/h2>\n<p> Descripci\u00f3n<\/p>\n<table cellpadding=\"0\" cellspacing=\"0\" class=\"details_table\">\n<tbody>\n<tr>\n<th>Material:<\/th>\n<td>18KT Gold<\/td>\n<th>Parte del cuerpo:<\/th>\n<td>Nariz,Trago<\/td>\n<\/tr>\n<tr class=\"bg_gray\">\n<th>Personal\u00edzalo:<\/th>\n<td>Aceptamos cualquier piedra o tama\u00f1o personalizado<\/td>\n<th>Diamantes Claridad:<\/th>\n<td>Vs1-SI2<\/td>\n<\/tr>\n<tr>\n<th>Diamantes:<\/th>\n<td>1.3mm 13pcs<\/td>\n<th>Tipo de joya:<\/th>\n<td>Triangle Piercings Jewelry<\/td>\n<\/tr>\n<tr class=\"bg_gray\">\n<th colspan=\"1\">Luz alta:<\/th>\n<td colspan=\"3\">\n<h2 style='font-weight: bold;font-size: 14px'>White Gold Septum Ring 0.1ct<\/h2>\n<p>, <\/p>\n<h2 style='font-weight: bold;font-size: 14px'>OEM White Gold Septum Ring<\/h2>\n<p>, <\/p>\n<h2 style='font-weight: bold;font-size: 14px'>Triangle Septum Ring 1.3mm<\/h2>\n<\/td>\n<\/tr>\n<\/tbody>\n<\/table>\n<p><p><span style=\"font-size:16px\"><span style=\"font-family:arial,helvetica,sans-serif\"><strong>Descripci\u00f3n del producto:<\/strong><\/span><\/span><\/p>\n<p><strong><span style=\"font-family:arial,helvetica,sans-serif\"><span style=\"font-size:16px\">Customize18k White Gold 0.1ct Diamonds Sleek Triangle Septum Piercings Jewelry<\/span><\/span><\/strong><\/p>\n<table border=\"1\" cellpadding=\"0\" cellspacing=\"0\" style=\"width: 633px\">\n<tbody>\n<tr>\n<td style=\"width: 126px\">N\u00ba de art\u00edculo<\/td>\n<td style=\"width: 498px\">KD105CE<\/td>\n<\/tr>\n<tr>\n<td style=\"width: 126px\">Nombre del producto<\/td>\n<td style=\"width: 498px\">18K Piercing triangle jewelry<\/td>\n<\/tr>\n<tr>\n<td style=\"width: 126px\">Estilo<\/td>\n<td style=\"width: 498px\">Fancy Piercing\/Popular<\/td>\n<\/tr>\n<tr>\n<td style=\"width: 126px\">Material<\/td>\n<td style=\"width: 498px\">Oro macizo de 18 quilates<\/td>\n<\/tr>\n<tr>\n<td style=\"width: 126px\">G\u00e9nero<\/td>\n<td style=\"width: 498px\">J\u00f3venes\/ Chicas&nbsp;<\/td>\n<\/tr>\n<tr>\n<td style=\"width: 126px\">Diamantes<\/td>\n<td style=\"width: 498px\">1.3mm 0.1ct SI2<\/td>\n<\/tr>\n<tr>\n<td style=\"width: 126px\">MOQ&nbsp;<\/td>\n<td style=\"width: 498px\">3 piezas<\/td>\n<\/tr>\n<tr>\n<td style=\"width: 126px\">Ocasi\u00f3n<\/td>\n<td style=\"width: 498px\">Aniversario, Regalo, Fiesta, Uso diario<\/td>\n<\/tr>\n<\/tbody>\n<\/table>\n<p><span style=\"font-size:16px\"><strong>Ventaja:<\/strong><\/span><\/p>\n<p>1. Perfect Gift for Your Family and Your Friends on Mother&#039;s Day, Birthday, Wedding, Anniversaries, Valentine&#039;s Day or Christmas Day.<\/p>\n<p>2. Hipoalerg\u00e9nico y duradero, hecho de oro macizo de 18 quilates, c\u00edrculo s\u00f3lido con bisagras aro, sin bordes afilados realmente.<\/p>\n<p>3. Por favor, seleccione cuidadosamente el tama\u00f1o de calibre y di\u00e1metro m\u00e1s adecuado de acuerdo con el tama\u00f1o sugerido y su experiencia antes de ordenar.<\/p>\n<p>4:&nbsp;It has a simple, architectural design featuring a triangular shape, paved on two sides with natural diamonds. The hinged, clicker design makes it incredibly easy to insert into multiple piercings including the septum as well as cartilage piercings like the helix, tragus, daith, and some conch piercings. Once you&#039;ve tried out this triangle, you won&#039;t ever want to go back to boring old jewelry for your cartilage earrings!<\/p>\n<p>&nbsp;<\/p>\n<p><strong><span style=\"font-family:arial,helvetica,sans-serif\">Productos Mostrar:<\/span><\/strong><\/p>\n<p><img decoding=\"async\" src=\"https:\/\/www.gold-jewellerys.com\/test\/gold-jewellerys.com\/photo\/pl36969530-remark.jpg\"><img decoding=\"async\" src=\"https:\/\/www.gold-jewellerys.com\/test\/gold-jewellerys.com\/photo\/pl36968785-remark.jpg\"><img decoding=\"async\" src=\"https:\/\/www.gold-jewellerys.com\/test\/gold-jewellerys.com\/photo\/pl36967890-remark.jpg\"><br \/>\n<strong><span style=\"font-size:16px\"><span style=\"font-family:arial,helvetica,sans-serif\">Por qu\u00e9 elegirnos:<\/span><\/span><\/strong><br \/>\n1: K-Gold cuenta con 21 a\u00f1os de experiencia en el sector de la joyer\u00eda y 17 a\u00f1os en producci\u00f3n.<br \/>\n2: Tambi\u00e9n nuestro equipo profesional de I + D para asegurar que nuestros productos se actualizan constantemente y por delante de la industria. As\u00ed que tenemos m\u00e1s de 3000 dise\u00f1os diferentes y m\u00e1s de 46 colecciones pueden satisfacer la demanda de diferentes mercados.<br \/>\n3: Para personalizar los art\u00edculos que usted puede conseguir CAD mismo d\u00eda o al d\u00eda siguiente para confirmar los datos antes del inicio del pedido.<br \/>\n4: El objetivo de K-gold es ofrecer a los clientes productos adecuados al precio adecuado y entregarlos a tiempo.<br \/>\n5: Tenemos un equipo de servicio al cliente de gran alcance que mantiene un ojo en todo el proceso de venta, ayudarle a cualquier pregunta, desde el dise\u00f1o CAD para entregar.<br \/>\nServicio de f\u00e1brica K-Gold:<br \/>\n<img decoding=\"async\" src=\"https:\/\/www.gold-jewellerys.com\/test\/gold-jewellerys.com\/photo\/pl36123611-remark.jpg\"><img decoding=\"async\" src=\"https:\/\/www.gold-jewellerys.com\/test\/gold-jewellerys.com\/photo\/pl36123608-remark.jpg\"><\/p>\n<p>P1: \u00bfC\u00f3mo podemos obtener el precio?<\/p>\n<p>R: Le invitamos a ponerse en contacto con nosotros en whatsapp. Apenas env\u00edenos las im\u00e1genes de los art\u00edculos usted quiere entonces que le diremos los precios cuanto antes.<\/p>\n<p>&nbsp;Persona de contacto: Nancy lee<br \/>\n&nbsp;WhatsApp: +86-18520267369 \/ Tell:+8618520267369<br \/>\n&nbsp;Correo electr\u00f3nico: nancy@gzkgold.com<br \/>\n&nbsp;P\u00e1gina web:<\/p>\n<p>&nbsp;<\/p>\n<p>P2: \u00bfPuedo personalizar mis propios dise\u00f1os?<br \/>\nR: bienvenido a dise\u00f1ar su propia joyer\u00eda o su marca, proporcionar sus fotos de dise\u00f1o y detalles que podemos dibujar CAD para usted antes de la producci\u00f3n.<\/p>\n<p>&nbsp;<\/p>\n<p>P3: \u00bfCu\u00e1l es el plazo de producci\u00f3n?<\/p>\n<p>R: Una vez confirmados el dise\u00f1o y los detalles de la piedra, la producci\u00f3n tarda aproximadamente 12~15 d\u00edas laborables.<\/p>\n<p>&nbsp;<\/p>\n<p>Q4: What about your diamonds quality?<\/p>\n<p>R: Siempre usamos VS, SI G-H diamantes naturales, si desea cambiar a VVS tambi\u00e9n est\u00e1n disponibles, podemos cotizar el precio exacto accoring su solicitud.<\/p>\n<p>&nbsp;<\/p>\n<p>Q5: Can I order 9K or 10K gold instead of 18K?<\/p>\n<p>R: S\u00ed, claro que puede, el MOQ s\u00f3lo 5 piezas de 9K o 10k joyas.&nbsp;<\/p>\n<p>&nbsp;<\/p>\n<p>P6: \u00bfHacen joyas para compradores particulares o s\u00f3lo para mayoristas?<br \/>\nA:Actually we are make the whole sale to who sale to online or have your own shop for original designs , for the brand jewelry allowed the personal buyer too. You can order fine quality brand jewelry for your family, friends and yourself at factory prices. Even it will be great if you are a jewelry re-seller. We will provide free shipping and free original brand boxes if you can order many items each time. More quantity then best price&nbsp;<\/p><\/p>","protected":false},"excerpt":{"rendered":"<br \/>\n<table class=\"tables data\" width=\"100%\" border=\"0\" cellpadding=\"0\" cellspacing=\"0\">\n<tbody>\n<tr>\n<th width=\"35%\">Lugar de origen:<\/th>\n<td>China<\/td>\n<\/tr>\n<tr>\n<th width=\"35%\">Marca:<\/th>\n<td>Joyas de oro K<\/td>\n<\/tr>\n<tr>\n<th width=\"35%\">Certificaci\u00f3n:<\/th>\n<td>Diamonds Certificate<\/td>\n<\/tr>\n<tr>\n<th width=\"35%\">N\u00famero de modelo:<\/th>\n<td>KD105CE<\/td>\n<\/tr>\n<\/tbody>\n<\/table>\n<p>                                                                            <span class=\"title_s\">Condiciones de pago y env\u00edo:<\/span>                            <\/p>\n<table class=\"tables data\" width=\"100%\" border=\"0\" cellpadding=\"0\" cellspacing=\"0\">\n<tbody>\n<tr>\n<th width=\"35%\" nowrap=\"nowrap\">Cantidad m\u00ednima de pedido:<\/th>\n<td>3<\/td>\n<\/tr>\n<tr>\n<th width=\"35%\" nowrap=\"nowrap\">Precio:<\/th>\n<td>Negociable<\/td>\n<\/tr>\n<tr>\n<th width=\"35%\" nowrap=\"nowrap\">Detalles del embalaje:<\/th>\n<td>Bolsa PP gruesa est\u00e1ndar, la marca vendr\u00e1 con la marca Embalaje<\/td>\n<\/tr>\n<tr>\n<th width=\"35%\" nowrap=\"nowrap\">Plazo de entrega:<\/th>\n<td>5-15 d\u00edas laborables<\/td>\n<\/tr>\n<tr>\n<th width=\"35%\" nowrap=\"nowrap\">Condiciones de pago:<\/th>\n<td>T\/T, Western Union<\/td>\n<\/tr>\n<tr>\n<th width=\"35%\" nowrap=\"nowrap\">Capacidad de suministro:<\/th>\n<td>2000pcs\/Mes<\/td>\n<\/tr>\n<\/tbody>\n<\/table>","protected":false},"featured_media":6709,"comment_status":"closed","ping_status":"closed","template":"","meta":{"_gspb_post_css":""},"product_brand":[],"product_cat":[30],"product_tag":[],"class_list":{"0":"post-6713","1":"product","2":"type-product","3":"status-publish","4":"has-post-thumbnail","6":"product_cat-silver-bead-charms","8":"first","9":"instock","10":"shipping-taxable","11":"product-type-simple"},"aioseo_notices":[],"_links":{"self":[{"href":"https:\/\/dearjewelry.ltd\/es\/wp-json\/wp\/v2\/product\/6713","targetHints":{"allow":["GET"]}}],"collection":[{"href":"https:\/\/dearjewelry.ltd\/es\/wp-json\/wp\/v2\/product"}],"about":[{"href":"https:\/\/dearjewelry.ltd\/es\/wp-json\/wp\/v2\/types\/product"}],"replies":[{"embeddable":true,"href":"https:\/\/dearjewelry.ltd\/es\/wp-json\/wp\/v2\/comments?post=6713"}],"wp:featuredmedia":[{"embeddable":true,"href":"https:\/\/dearjewelry.ltd\/es\/wp-json\/wp\/v2\/media\/6709"}],"wp:attachment":[{"href":"https:\/\/dearjewelry.ltd\/es\/wp-json\/wp\/v2\/media?parent=6713"}],"wp:term":[{"taxonomy":"product_brand","embeddable":true,"href":"https:\/\/dearjewelry.ltd\/es\/wp-json\/wp\/v2\/product_brand?post=6713"},{"taxonomy":"product_cat","embeddable":true,"href":"https:\/\/dearjewelry.ltd\/es\/wp-json\/wp\/v2\/product_cat?post=6713"},{"taxonomy":"product_tag","embeddable":true,"href":"https:\/\/dearjewelry.ltd\/es\/wp-json\/wp\/v2\/product_tag?post=6713"}],"curies":[{"name":"wp","href":"https:\/\/api.w.org\/{rel}","templated":true}]}}