{"id":6707,"date":"2025-07-13T10:53:21","date_gmt":"2025-07-13T10:53:21","guid":{"rendered":"https:\/\/dearjewelry.ltd\/product\/18k-rose-gold-nose-ring-with-diamond-0-05ct-for-daily-wear-oem-odm\/"},"modified":"2025-07-13T10:53:21","modified_gmt":"2025-07-13T10:53:21","slug":"18k-rose-gold-nose-ring-with-diamond-0-05ct-for-daily-wear-oem-odm","status":"publish","type":"product","link":"https:\/\/dearjewelry.ltd\/es\/product\/18k-rose-gold-nose-ring-with-diamond-0-05ct-for-daily-wear-oem-odm\/","title":{"rendered":"18K anillo de oro rosa de la nariz con el diamante 0.05ct para el uso diario OEM ODM"},"content":{"rendered":"<h2>18K anillo de oro rosa de la nariz con el diamante 0.05ct para el uso diario OEM ODM<\/h2>\n<p> Descripci\u00f3n<\/p>\n<table cellpadding=\"0\" cellspacing=\"0\" class=\"details_table\">\n<tbody>\n<tr>\n<th>Joyas:<\/th>\n<td>Piercing Body Jewelry<\/td>\n<th>Material:<\/th>\n<td>Oro de 18 quilates<\/td>\n<\/tr>\n<tr class=\"bg_gray\">\n<th>Parte del cuerpo:<\/th>\n<td>Ear, Nose, Tragus<\/td>\n<th>Piedra principal:<\/th>\n<td>Natural Diamonds<\/td>\n<\/tr>\n<tr>\n<th>Diamantes Claridad:<\/th>\n<td>SI2<\/td>\n<th>Ocasi\u00f3n:<\/th>\n<td>Gift,Engagement,Daily Wear<\/td>\n<\/tr>\n<tr class=\"bg_gray\">\n<th colspan=\"1\">Luz alta:<\/th>\n<td colspan=\"3\">\n<h2 style='font-weight: bold;font-size: 14px'>0.05ct Rose Gold Nose Ring With Diamond<\/h2>\n<p>, <\/p>\n<h2 style='font-weight: bold;font-size: 14px'>OEM Rose Gold Nose Ring With Diamond<\/h2>\n<p>, <\/p>\n<h2 style='font-weight: bold;font-size: 14px'>ODM Rose Gold Diamond Nose Ring<\/h2>\n<\/td>\n<\/tr>\n<\/tbody>\n<\/table>\n<p><p><span style=\"font-size:16px\"><strong><span style=\"font-family:arial,helvetica,sans-serif\">Descripci\u00f3n del producto:<\/span><\/strong><\/span><\/p>\n<p><strong><span style=\"font-size:16px\"><span style=\"font-family:arial,helvetica,sans-serif\">18K Gold Real Diamonds Crock Screw Traditional Nose Stud Piercing Body Jewelry<\/span><\/span><\/strong><\/p>\n<table border=\"1\" cellpadding=\"0\" cellspacing=\"0\" style=\"width: 637px\">\n<tbody>\n<tr>\n<td style=\"width: 126px\"><span style=\"font-size:14px\"><span style=\"font-family:arial,helvetica,sans-serif\">N\u00ba de art\u00edculo<\/span><\/span><\/td>\n<td style=\"width: 503px\"><span style=\"font-size:14px\"><span style=\"font-family:arial,helvetica,sans-serif\">KD130CE<\/span><\/span><\/td>\n<\/tr>\n<tr>\n<td style=\"width: 126px\"><span style=\"font-size:14px\"><span style=\"font-family:arial,helvetica,sans-serif\">Nombre del producto<\/span><\/span><\/td>\n<td style=\"width: 503px\"><span style=\"font-size:14px\"><span style=\"font-family:arial,helvetica,sans-serif\">18K Gold&nbsp;Crock Screw nose ring<\/span><\/span><\/td>\n<\/tr>\n<tr>\n<td style=\"width: 126px\"><span style=\"font-size:14px\"><span style=\"font-family:arial,helvetica,sans-serif\">Estilo<\/span><\/span><\/td>\n<td style=\"width: 503px\"><span style=\"font-size:14px\"><span style=\"font-family:arial,helvetica,sans-serif\">Gold piercing Body Jewelry<\/span><\/span><\/td>\n<\/tr>\n<tr>\n<td style=\"width: 126px\"><span style=\"font-size:14px\"><span style=\"font-family:arial,helvetica,sans-serif\">Material<\/span><\/span><\/td>\n<td style=\"width: 503px\"><span style=\"font-size:14px\"><span style=\"font-family:arial,helvetica,sans-serif\">Diamond nose Rings<\/span><\/span><\/td>\n<\/tr>\n<tr>\n<td style=\"width: 126px\"><span style=\"font-size:14px\"><span style=\"font-family:arial,helvetica,sans-serif\">Tipo de configuraci\u00f3n<\/span><\/span><\/td>\n<td style=\"width: 503px\"><span style=\"font-size:14px\"><span style=\"font-family:arial,helvetica,sans-serif\">Hand set&nbsp;<\/span><\/span><\/td>\n<\/tr>\n<tr>\n<td style=\"width: 126px\"><span style=\"font-size:14px\"><span style=\"font-family:arial,helvetica,sans-serif\">G\u00e9nero<\/span><\/span><\/td>\n<td style=\"width: 503px\"><span style=\"font-size:14px\"><span style=\"font-family:arial,helvetica,sans-serif\">Young ladies, girls, women<\/span><\/span><\/td>\n<\/tr>\n<tr>\n<td style=\"width: 126px\"><span style=\"font-size:14px\"><span style=\"font-family:arial,helvetica,sans-serif\">Piedra diminuta<\/span><\/span><\/td>\n<td style=\"width: 503px\"><span style=\"font-size:14px\"><span style=\"font-family:arial,helvetica,sans-serif\">Five Real Diamond 0.05ct total<\/span><\/span><\/td>\n<\/tr>\n<tr>\n<td style=\"width: 126px\">\n<p><span style=\"font-size:14px\"><span style=\"font-family:arial,helvetica,sans-serif\">Body part&nbsp;<\/span><\/span><\/p>\n<\/td>\n<td style=\"width: 503px\">\n<p><span style=\"font-size:14px\"><span style=\"font-family:arial,helvetica,sans-serif\">ear, nose , tragus<\/span><\/span><\/p>\n<\/td>\n<\/tr>\n<\/tbody>\n<\/table>\n<p><span style=\"font-size:16px\"><strong>Ventaja:&nbsp;<\/strong><\/span><\/p>\n<p>One Piece with 18K Gold crock screw design hinged segment helix earring,18k rose gold beautifully crafted and well designed. hypoallergenic And nickel free.don&rsquo;t afraid of Your skin.It&rsquo;s safe and friendly for all of us.<\/p>\n<p>&nbsp;<\/p>\n<p>Los productos muestran:<span style=\"font-family:arial,helvetica,sans-serif\"><span style=\"font-size:14px\">&nbsp;<\/span><\/span><\/p>\n<p><span style=\"font-family:arial,helvetica,sans-serif\"><span style=\"font-size:14px\"><img decoding=\"async\" src=\"https:\/\/www.gold-jewellerys.com\/test\/gold-jewellerys.com\/photo\/pl36969525-remark.jpg\"><img decoding=\"async\" src=\"https:\/\/www.gold-jewellerys.com\/test\/gold-jewellerys.com\/photo\/pl36969524-remark.jpg\"><img decoding=\"async\" src=\"https:\/\/www.gold-jewellerys.com\/test\/gold-jewellerys.com\/photo\/pl36968785-remark.jpg\"><\/span><\/span><\/p>\n<p><span style=\"font-size:14px\"><strong style=\"font-size: 16px\">Por qu\u00e9 elegirnos:<\/strong><\/span><\/p>\n<p><span style=\"font-family:arial,helvetica,sans-serif\"><span style=\"font-size:14px\">1: K-Gold cuenta con 21 a\u00f1os de experiencia en el sector de la joyer\u00eda y 17 a\u00f1os en producci\u00f3n.<br \/>\n2: Tambi\u00e9n nuestro equipo profesional de I + D para asegurar que nuestros productos se actualizan constantemente y por delante de la industria. As\u00ed que tenemos m\u00e1s de 3000 dise\u00f1os diferentes y m\u00e1s de 46 colecciones pueden satisfacer la demanda de diferentes mercados.<br \/>\n3: Para personalizar los art\u00edculos que usted puede conseguir CAD mismo d\u00eda o al d\u00eda siguiente para confirmar los datos antes del inicio del pedido.<br \/>\n4: El objetivo de K-gold es ofrecer a los clientes productos adecuados al precio adecuado y entregarlos a tiempo.<br \/>\n5: Tenemos un equipo de servicio al cliente de gran alcance que mantiene un ojo en todo el proceso de venta, ayudarle a cualquier pregunta, desde el dise\u00f1o CAD para entregar.<\/span><\/span><br \/>\n&nbsp;<\/p>\n<p><span style=\"font-size:16px\"><span style=\"font-family:arial,helvetica,sans-serif\">Servicio de f\u00e1brica K-Gold:<\/span><\/span><\/p>\n<p><span style=\"font-size:16px\"><img decoding=\"async\" src=\"https:\/\/www.gold-jewellerys.com\/test\/gold-jewellerys.com\/photo\/pl36123378-remark.jpg\"><\/span><br \/>\n&nbsp;<\/p>\n<p><span style=\"font-size:16px\"><img decoding=\"async\" src=\"https:\/\/www.gold-jewellerys.com\/test\/gold-jewellerys.com\/photo\/pl36219445-remark.jpg\"><\/span><\/p>\n<p><span style=\"font-size:16px\"><strong>PREGUNTAS FRECUENTES:<\/strong><\/span><\/p>\n<p><span style=\"font-family:arial,helvetica,sans-serif\"><span style=\"font-size:14px\">P1: \u00bfC\u00f3mo podemos obtener el precio?<\/span><\/span><\/p>\n<p><span style=\"font-family:arial,helvetica,sans-serif\"><span style=\"font-size:14px\">Le invitamos a ponerse en contacto con nosotros en whatsapp. Apenas env\u00edenos las im\u00e1genes de los art\u00edculos usted quiere entonces le diremos los precios cuanto antes.<\/span><\/span><\/p>\n<p><span style=\"font-family:arial,helvetica,sans-serif\"><span style=\"font-size:14px\">Persona de contacto: Nancy lee<br \/>\nWhatsApp: +86-18520267369 \/ Tell:+8618520267369<br \/>\nCorreo electr\u00f3nico: nancy@gzkgold.com<br \/>\nP\u00e1gina web:<\/span><\/span><\/p>\n<p>&nbsp;<\/p>\n<p><span style=\"font-family:arial,helvetica,sans-serif\"><span style=\"font-size:14px\">P2: \u00bfPueden personalizar mi logotipo?<br \/>\nNo hay problema puede, nuestro dise\u00f1ador de acuerdo a su imagen o ideas para dibujar \/ imagen de dise\u00f1o. El producto arreglar\u00e1 la producci\u00f3n cuando usted confirma.<\/span><\/span><\/p>\n<p>&nbsp;<\/p>\n<p><span style=\"font-family:arial,helvetica,sans-serif\"><span style=\"font-size:14px\">P3: \u00bfCu\u00e1l es el plazo de producci\u00f3n?<\/span><\/span><\/p>\n<p><span style=\"font-family:arial,helvetica,sans-serif\"><span style=\"font-size:14px\">R: Una vez confirmados el dise\u00f1o y los detalles de la piedra, la producci\u00f3n tarda aproximadamente 12~15 d\u00edas laborables.<\/span><\/span><\/p>\n<p>&nbsp;<\/p>\n<p><span style=\"font-family:arial,helvetica,sans-serif\"><span style=\"font-size:14px\">Q4: What about your diamonds quality?<\/span><\/span><\/p>\n<p><span style=\"font-family:arial,helvetica,sans-serif\"><span style=\"font-size:14px\">Siempre usamos VS, SI G-H diamantes naturales, si desea cambiar a VVS tambi\u00e9n est\u00e1n disponibles, podemos cotizar el precio exacto accoring su solicitud<\/span><\/span><\/p>\n<p>&nbsp;<\/p>\n<p><span style=\"font-family:arial,helvetica,sans-serif\"><span style=\"font-size:14px\">Q5. \u00bfCu\u00e1nto tiempo puedo recibir mi mercanc\u00eda?<\/span><\/span><\/p>\n<p><span style=\"font-family:arial,helvetica,sans-serif\"><span style=\"font-size:14px\">Enviamos a todo el mundo con una gama de opciones de env\u00edo (DHL \/ UPS \/ TNT \/ EMS \/ Fedex), s\u00f3lo se tardar\u00e1 4 ~ 9 d\u00edas sobre la base de diferentes empresas de log\u00edstica<\/span><\/span><\/p>\n<p>&nbsp;<\/p>\n<p><span style=\"font-family:arial,helvetica,sans-serif\"><span style=\"font-size:14px\">P6: \u00bfHacen joyas para compradores particulares o s\u00f3lo para mayoristas?<br \/>\nEn realidad estamos hacer toda la venta a quien la venta a en l\u00ednea o tener su propia tienda de dise\u00f1os originales , para la joyer\u00eda de marca permiti\u00f3 que el comprador personal tambi\u00e9n. Usted puede ordenar la joyer\u00eda fina de la marca de la calidad para su familia, amigos y usted mismo en los precios de f\u00e1brica. Incluso ser\u00e1 grande si usted es un revendedor de joyas. Proporcionaremos el env\u00edo libre y las cajas originales libres de la marca si usted puede pedir muchos art\u00edculos cada vez. M\u00e1s cantidad entonces mejor precio .<\/span><\/span><\/p><\/p>","protected":false},"excerpt":{"rendered":"<br \/>\n<table class=\"tables data\" width=\"100%\" border=\"0\" cellpadding=\"0\" cellspacing=\"0\">\n<tbody>\n<tr>\n<th width=\"35%\">Lugar de origen:<\/th>\n<td>China<\/td>\n<\/tr>\n<tr>\n<th width=\"35%\">Marca:<\/th>\n<td>Joyas de oro K<\/td>\n<\/tr>\n<tr>\n<th width=\"35%\">Certificaci\u00f3n:<\/th>\n<td>Certificado de joyer\u00eda<\/td>\n<\/tr>\n<tr>\n<th width=\"35%\">N\u00famero de modelo:<\/th>\n<td>KD130CE<\/td>\n<\/tr>\n<\/tbody>\n<\/table>\n<p>                                                                            <span class=\"title_s\">Condiciones de pago y env\u00edo:<\/span>                            <\/p>\n<table class=\"tables data\" width=\"100%\" border=\"0\" cellpadding=\"0\" cellspacing=\"0\">\n<tbody>\n<tr>\n<th width=\"35%\" nowrap=\"nowrap\">Cantidad m\u00ednima de pedido:<\/th>\n<td>3<\/td>\n<\/tr>\n<tr>\n<th width=\"35%\" nowrap=\"nowrap\">Precio:<\/th>\n<td>Negociable<\/td>\n<\/tr>\n<tr>\n<th width=\"35%\" nowrap=\"nowrap\">Detalles del embalaje:<\/th>\n<td>Bolsa PP gruesa est\u00e1ndar, la marca vendr\u00e1 con la marca Embalaje<\/td>\n<\/tr>\n<tr>\n<th width=\"35%\" nowrap=\"nowrap\">Plazo de entrega:<\/th>\n<td>6-15 d\u00edas laborables<\/td>\n<\/tr>\n<tr>\n<th width=\"35%\" nowrap=\"nowrap\">Condiciones de pago:<\/th>\n<td>T\/T, Western Union, L\/C, D\/A, D\/P<\/td>\n<\/tr>\n<tr>\n<th width=\"35%\" nowrap=\"nowrap\">Capacidad de suministro:<\/th>\n<td>2000pcs\/Mes<\/td>\n<\/tr>\n<\/tbody>\n<\/table>","protected":false},"featured_media":6703,"comment_status":"closed","ping_status":"closed","template":"","meta":{"_gspb_post_css":""},"product_brand":[],"product_cat":[30],"product_tag":[],"class_list":{"0":"post-6707","1":"product","2":"type-product","3":"status-publish","4":"has-post-thumbnail","6":"product_cat-silver-bead-charms","8":"first","9":"instock","10":"shipping-taxable","11":"product-type-simple"},"aioseo_notices":[],"_links":{"self":[{"href":"https:\/\/dearjewelry.ltd\/es\/wp-json\/wp\/v2\/product\/6707","targetHints":{"allow":["GET"]}}],"collection":[{"href":"https:\/\/dearjewelry.ltd\/es\/wp-json\/wp\/v2\/product"}],"about":[{"href":"https:\/\/dearjewelry.ltd\/es\/wp-json\/wp\/v2\/types\/product"}],"replies":[{"embeddable":true,"href":"https:\/\/dearjewelry.ltd\/es\/wp-json\/wp\/v2\/comments?post=6707"}],"wp:featuredmedia":[{"embeddable":true,"href":"https:\/\/dearjewelry.ltd\/es\/wp-json\/wp\/v2\/media\/6703"}],"wp:attachment":[{"href":"https:\/\/dearjewelry.ltd\/es\/wp-json\/wp\/v2\/media?parent=6707"}],"wp:term":[{"taxonomy":"product_brand","embeddable":true,"href":"https:\/\/dearjewelry.ltd\/es\/wp-json\/wp\/v2\/product_brand?post=6707"},{"taxonomy":"product_cat","embeddable":true,"href":"https:\/\/dearjewelry.ltd\/es\/wp-json\/wp\/v2\/product_cat?post=6707"},{"taxonomy":"product_tag","embeddable":true,"href":"https:\/\/dearjewelry.ltd\/es\/wp-json\/wp\/v2\/product_tag?post=6707"}],"curies":[{"name":"wp","href":"https:\/\/api.w.org\/{rel}","templated":true}]}}