{"id":6701,"date":"2025-07-13T10:53:18","date_gmt":"2025-07-13T10:53:18","guid":{"rendered":"https:\/\/dearjewelry.ltd\/product\/solid-18k-gold-nose-piercing-moon-sun-shape-with-0-06ct-si2-natural-diamonds-odm\/"},"modified":"2025-07-13T10:53:18","modified_gmt":"2025-07-13T10:53:18","slug":"piercing-nasal-de-oro-macizo-18k-en-forma-de-sol-de-luna-con-diamantes-naturales-0-06ct-si2-odm","status":"publish","type":"product","link":"https:\/\/dearjewelry.ltd\/es\/product\/piercing-nasal-de-oro-macizo-18k-en-forma-de-sol-de-luna-con-diamantes-naturales-0-06ct-si2-odm\/","title":{"rendered":"Perforaci\u00f3n de la nariz de oro macizo de 18 quilates en forma de sol de luna con 0.06ct SI2 diamantes naturales ODM"},"content":{"rendered":"<h2>Perforaci\u00f3n de la nariz de oro macizo de 18 quilates en forma de sol de luna con 0.06ct SI2 diamantes naturales ODM<\/h2>\n<p> Descripci\u00f3n<\/p>\n<table cellpadding=\"0\" cellspacing=\"0\" class=\"details_table\">\n<tbody>\n<tr>\n<th>Material:<\/th>\n<td>Oro amarillo macizo de 18 quilates<\/td>\n<th>Personal\u00edzalo:<\/th>\n<td>Aceptar Personalizar<\/td>\n<\/tr>\n<tr class=\"bg_gray\">\n<th>Ocasi\u00f3n:<\/th>\n<td>Anillo de uso diario, Regalo<\/td>\n<th>Parte del cuerpo:<\/th>\n<td>O\u00eddo, Nariz, Trago<\/td>\n<\/tr>\n<tr>\n<th>Estilo:<\/th>\n<td>Anillo de 18 quilates Nose Hopp<\/td>\n<th>Di\u00e1metro interior:<\/th>\n<td>8-12 mm<\/td>\n<\/tr>\n<tr class=\"bg_gray\">\n<th>Peso de los diamantes:<\/th>\n<td>0,06 ct<\/td>\n<\/tr>\n<tr>\n<th colspan=\"1\">Destaca:<\/th>\n<td colspan=\"3\">\n<h2 style='font-weight: bold;font-size: 14px'>Piercing nariz oro 18K 0.06ct<\/h2>\n<p>, <\/p>\n<h2 style='font-weight: bold;font-size: 14px'>SI2 Diamantes Oro 18K Piercing Nariz<\/h2>\n<p>, <\/p>\n<h2 style='font-weight: bold;font-size: 14px'>ODM Piercing de oro macizo para la nariz<\/h2>\n<\/td>\n<\/tr>\n<\/tbody>\n<\/table>\n<p><p><span style=\"font-size:16px\"><span style=\"font-family:arial,helvetica,sans-serif\"><strong>Descripci\u00f3n del producto:<\/strong><\/span><\/span><\/p>\n<p><strong><span style=\"font-size:16px\">Anillo de oro macizo de 18 quilates Luna Sol nariz aro con diamantes naturales Piercing Joyer\u00eda<\/span><\/strong> <span style=\"font-size:16px\"><span style=\"font-family:arial,helvetica,sans-serif\"><strong> <\/strong><\/span><\/span><\/p>\n<table border=\"1\" cellpadding=\"0\" cellspacing=\"0\" style=\"width: 639px\">\n<tbody>\n<tr>\n<td style=\"width: 126px\">N\u00ba de art\u00edculo<\/td>\n<td style=\"width: 504px\">KD101CE<\/td>\n<\/tr>\n<tr>\n<td style=\"width: 126px\">Nombre del producto<\/td>\n<td style=\"width: 504px\">Anillo de oro amarillo de 18 quilates&nbsp;<\/td>\n<\/tr>\n<tr>\n<td style=\"width: 126px\">Estilo<\/td>\n<td style=\"width: 504px\">Joyas 18K Body Periceing<\/td>\n<\/tr>\n<tr>\n<td style=\"width: 126px\">Material<\/td>\n<td style=\"width: 504px\">Oro macizo de 18 quilates<\/td>\n<\/tr>\n<tr>\n<td style=\"width: 126px\">G\u00e9nero<\/td>\n<td style=\"width: 504px\">J\u00f3venes, Unisex, Mujer, Hombre<\/td>\n<\/tr>\n<tr>\n<td style=\"width: 126px\">Piedra principal<\/td>\n<td style=\"width: 504px\">Anillo nasal<\/td>\n<\/tr>\n<tr>\n<td style=\"width: 126px\">Dimensi\u00f3n interior<\/td>\n<td style=\"width: 504px\">\n<p>8mm-12mm<\/p>\n<\/td>\n<\/tr>\n<tr>\n<td style=\"width: 126px\">Ocasi\u00f3n<\/td>\n<td style=\"width: 504px\">Aniversario, Regalo, Fiesta, Uso diario<\/td>\n<\/tr>\n<tr>\n<td style=\"width: 126px\">Diamantes&nbsp;<\/td>\n<td style=\"width: 504px\">0,06 ct<\/td>\n<\/tr>\n<tr>\n<td style=\"width: 126px\">Claridad de los diamantes<\/td>\n<td style=\"width: 504px\">SI2<\/td>\n<\/tr>\n<\/tbody>\n<\/table>\n<p><span style=\"font-size:16px\"><strong>Ventaja:&nbsp;<\/strong><\/span><\/p>\n<p><span style=\"font-family:arial,helvetica,sans-serif\">1. Hecho con oro macizo de 18 quilates y diamantes. \u00a1Hecho para durar toda la vida, fuerte y duradero! Todos los metales que utilizamos son sin plomo, sin n\u00edquel e hipoalerg\u00e9nicos.<\/span><\/p>\n<p><span style=\"font-family:arial,helvetica,sans-serif\">2. Regalo perfecto para su familia y sus amigos en el D\u00eda de la Madre, Cumplea\u00f1os, Boda, Aniversarios, D\u00eda de San Valent\u00edn o Navidad.<\/span><\/p>\n<p><span style=\"font-family:arial,helvetica,sans-serif\">3: El anillo cuenta con un segmento articulado que facilita su inserci\u00f3n y extracci\u00f3n. Y te encantar\u00e1 esta caracter\u00edstica porque va bien en m\u00faltiples piercings incluyendo tragus, h\u00e9lix y septum. Son muchas caracter\u00edsticas fant\u00e1sticas en un solo anillo.&nbsp;<\/span><\/p>\n<p><span style=\"font-family:arial,helvetica,sans-serif\">4: Podemos hacer cualquier tama\u00f1o seg\u00fan su petici\u00f3n.<\/span><\/p>\n<p>\n<strong style=\"font-size: 16px\"><span style=\"font-family:arial,helvetica,sans-serif\">Por qu\u00e9 elegirnos:<\/span><\/strong><\/p>\n<p><span style=\"font-family:arial,helvetica,sans-serif\"><span style=\"font-size:14px\">1: K-Gold Jewelry Co, Ltd fundada en 2005, es uno de los fabricantes de joyas m\u00e1s profesionales de China. En la actualidad, los principales productos son K quilates de oro (9K Gold,10KGold,14KGold 18KGold)diamantes naturales (Diferencia de grado con la certificaci\u00f3n GIA ), moissanite y diamantes de laboratorio con la certificaci\u00f3n de diferencia, M\u00e1s otras piedras preciosas naturales Joyer\u00eda fina , tambi\u00e9n de plata con oro de 9K .<\/span><\/span><\/p>\n<p><span style=\"font-family:arial,helvetica,sans-serif\"><span style=\"font-size:14px\">2:Hay unos 21 a\u00f1os de experiencia en el \u00e1rea de joyer\u00eda y 17 a\u00f1os de experiencia en producci\u00f3n.<\/span><\/span><\/p>\n<p><span style=\"font-family:arial,helvetica,sans-serif\"><span style=\"font-size:14px\">3: Tambi\u00e9n nuestro equipo profesional de I + D para asegurar que nuestros productos se actualizan constantemente y por delante de la industria. As\u00ed que tenemos m\u00e1s de 30000 dise\u00f1os diferentes y m\u00e1s de 46 colecciones pueden satisfacer las diferentes peticiones del mercado. Para personalizar los art\u00edculos que usted puede conseguir CAD mismo d\u00eda o al d\u00eda siguiente para confirmar los datos antes del inicio del pedido.<\/span><\/span><\/p>\n<p><strong><span style=\"font-size:14px\"><span style=\"font-family:arial,helvetica,sans-serif\">Servicio de f\u00e1brica K-Gold:<\/span><\/span><\/strong><\/p>\n<p><img decoding=\"async\" src=\"https:\/\/www.gold-jewellerys.com\/test\/gold-jewellerys.com\/photo\/pl36314862-remark.jpg\"><\/p>\n<p><img decoding=\"async\" src=\"https:\/\/www.gold-jewellerys.com\/test\/gold-jewellerys.com\/photo\/pl36311264-remark.jpg\"><br \/>\n&nbsp;<\/p>\n<p><span style=\"font-size:16px\"><strong>PREGUNTAS FRECUENTES:<\/strong><\/span><\/p>\n<p>P1: \u00bfC\u00f3mo podemos obtener el precio?<\/p>\n<p>Le invitamos a ponerse en contacto con nosotros en whatsapp. Apenas env\u00edenos las im\u00e1genes de los art\u00edculos usted quiere entonces le diremos los precios cuanto antes.<\/p>\n<p>Persona de contacto: Nancy lee<br \/>\nWhatsApp: +86-18520267369 \/ Tell:+8618520267369<br \/>\nCorreo electr\u00f3nico: nancy@gzkgold.com<br \/>\nP\u00e1gina web:<\/p>\n<p>P2: \u00bfC\u00f3mo podemos reducir el precio si mantenemos el mismo dise\u00f1o?<\/p>\n<p>R: Puede cambiar a diamantes moissanite o diamantes Lab.<\/p>\n<p>&nbsp;<\/p>\n<p>P3:\u00bfPuedo pedir oro de 9K o 10K en lugar de 18K?<\/p>\n<p>R: S\u00ed, claro que puede, el MOQ s\u00f3lo 5 piezas de 9K o 10k joyas<\/p>\n<p>&nbsp;<\/p>\n<p>P4: \u00bfPuedo obtener un certificado?<\/p>\n<p>S\u00ed, no tienen el certificado si es necesario y el precio no incluye la tasa. El diamante no GIA certificado o sin ella s\u00f3lo<\/p>\n<p>h\u00e1gamelo saber porque hay diferencia de precio .<\/p>\n<p>&nbsp;<\/p>\n<p>Q5. \u00bfCu\u00e1nto tiempo puedo recibir mi mercanc\u00eda?<\/p>\n<p>Orden siempre procesando despu\u00e9s del dep\u00f3sito sobre su pedido. Haciendo tiempo 2-10 d\u00edas laborables dependiendo de la mano de obra de dise\u00f1o.<\/p>\n<p>dificultad, m\u00e1s 3-7 d\u00edas de tiempo de env\u00edo m\u00e9todo de env\u00edo expreso a todos fo el mundo.<\/p>\n<p>&nbsp;<\/p>\n<p>P6: \u00bfHacen joyas para compradores particulares o s\u00f3lo para mayoristas?<br \/>\nEn realidad estamos hacer toda la venta a quien la venta a en l\u00ednea o tener su propia tienda de dise\u00f1os originales , para la joyer\u00eda de marca permiti\u00f3 que el comprador personal tambi\u00e9n. Usted puede ordenar la joyer\u00eda fina de la marca de la calidad para su familia, amigos y usted mismo en los precios de f\u00e1brica. Incluso ser\u00e1 grande si usted es un revendedor de joyas. Proporcionaremos el env\u00edo libre y las cajas originales libres de la marca si usted puede pedir muchos art\u00edculos cada vez. M\u00e1s cantidad entonces mejor precio .<\/p><\/p>","protected":false},"excerpt":{"rendered":"<br \/>\n<table class=\"tables data\" width=\"100%\" border=\"0\" cellpadding=\"0\" cellspacing=\"0\">\n<tbody>\n<tr>\n<th width=\"35%\">Lugar de origen:<\/th>\n<td>China<\/td>\n<\/tr>\n<tr>\n<th width=\"35%\">Marca:<\/th>\n<td>Joyas de oro K<\/td>\n<\/tr>\n<tr>\n<th width=\"35%\">Certificaci\u00f3n:<\/th>\n<td>Certificado de joyer\u00eda<\/td>\n<\/tr>\n<tr>\n<th width=\"35%\">N\u00famero de modelo:<\/th>\n<td>KD101CE<\/td>\n<\/tr>\n<\/tbody>\n<\/table>\n<p>                                                                            <span class=\"title_s\">Condiciones de pago y env\u00edo:<\/span>                            <\/p>\n<table class=\"tables data\" width=\"100%\" border=\"0\" cellpadding=\"0\" cellspacing=\"0\">\n<tbody>\n<tr>\n<th width=\"35%\" nowrap=\"nowrap\">Cantidad m\u00ednima de pedido:<\/th>\n<td>3<\/td>\n<\/tr>\n<tr>\n<th width=\"35%\" nowrap=\"nowrap\">Precio:<\/th>\n<td>Negociable<\/td>\n<\/tr>\n<tr>\n<th width=\"35%\" nowrap=\"nowrap\">Detalles del embalaje:<\/th>\n<td>Bolsa PP gruesa est\u00e1ndar, la marca vendr\u00e1 con la marca Embalaje<\/td>\n<\/tr>\n<tr>\n<th width=\"35%\" nowrap=\"nowrap\">Plazo de entrega:<\/th>\n<td>5-15 d\u00edas laborables<\/td>\n<\/tr>\n<tr>\n<th width=\"35%\" nowrap=\"nowrap\">Condiciones de pago:<\/th>\n<td>T\/T, Western Union, D\/P, L\/C, D\/A<\/td>\n<\/tr>\n<tr>\n<th width=\"35%\" nowrap=\"nowrap\">Capacidad de suministro:<\/th>\n<td>2000pcs\/Mes<\/td>\n<\/tr>\n<\/tbody>\n<\/table>","protected":false},"featured_media":6697,"comment_status":"closed","ping_status":"closed","template":"","meta":{"_gspb_post_css":""},"product_brand":[],"product_cat":[30],"product_tag":[],"class_list":{"0":"post-6701","1":"product","2":"type-product","3":"status-publish","4":"has-post-thumbnail","6":"product_cat-silver-bead-charms","8":"first","9":"instock","10":"shipping-taxable","11":"product-type-simple"},"aioseo_notices":[],"_links":{"self":[{"href":"https:\/\/dearjewelry.ltd\/es\/wp-json\/wp\/v2\/product\/6701","targetHints":{"allow":["GET"]}}],"collection":[{"href":"https:\/\/dearjewelry.ltd\/es\/wp-json\/wp\/v2\/product"}],"about":[{"href":"https:\/\/dearjewelry.ltd\/es\/wp-json\/wp\/v2\/types\/product"}],"replies":[{"embeddable":true,"href":"https:\/\/dearjewelry.ltd\/es\/wp-json\/wp\/v2\/comments?post=6701"}],"wp:featuredmedia":[{"embeddable":true,"href":"https:\/\/dearjewelry.ltd\/es\/wp-json\/wp\/v2\/media\/6697"}],"wp:attachment":[{"href":"https:\/\/dearjewelry.ltd\/es\/wp-json\/wp\/v2\/media?parent=6701"}],"wp:term":[{"taxonomy":"product_brand","embeddable":true,"href":"https:\/\/dearjewelry.ltd\/es\/wp-json\/wp\/v2\/product_brand?post=6701"},{"taxonomy":"product_cat","embeddable":true,"href":"https:\/\/dearjewelry.ltd\/es\/wp-json\/wp\/v2\/product_cat?post=6701"},{"taxonomy":"product_tag","embeddable":true,"href":"https:\/\/dearjewelry.ltd\/es\/wp-json\/wp\/v2\/product_tag?post=6701"}],"curies":[{"name":"wp","href":"https:\/\/api.w.org\/{rel}","templated":true}]}}