{"id":6695,"date":"2025-07-13T10:53:16","date_gmt":"2025-07-13T10:53:16","guid":{"rendered":"https:\/\/dearjewelry.ltd\/product\/hoop-18k-gold-nose-piercing-with-natural-opal-inner-diameter-8-12mm\/"},"modified":"2025-07-13T10:53:16","modified_gmt":"2025-07-13T10:53:16","slug":"aro-oro-18k-piercing-nariz-con-opalo-natural-diametro-interior-8-12mm","status":"publish","type":"product","link":"https:\/\/dearjewelry.ltd\/es\/product\/aro-oro-18k-piercing-nariz-con-opalo-natural-diametro-interior-8-12mm\/","title":{"rendered":"Aro Piercing Nariz Oro 18K Con Opalo Natural Diametro Interior 8-12mm"},"content":{"rendered":"<h2>Aro Piercing Nariz Oro 18K Con Opalo Natural Diametro Interior 8-12mm<\/h2>\n<p> Descripci\u00f3n<\/p>\n<table cellpadding=\"0\" cellspacing=\"0\" class=\"details_table\">\n<tbody>\n<tr>\n<th>Tipo de perforaci\u00f3n:<\/th>\n<td>Piercing en la nariz Joyas para el cuerpo<\/td>\n<th>Estilo:<\/th>\n<td>Anillo de 18 quilates Nose Hopp<\/td>\n<\/tr>\n<tr class=\"bg_gray\">\n<th>Di\u00e1metro interior:<\/th>\n<td>8-12 mm<\/td>\n<th>Material:<\/th>\n<td>Oro macizo de 18 quilates<\/td>\n<\/tr>\n<tr>\n<th>Personal\u00edzalo:<\/th>\n<td>Aceptar Personalizar<\/td>\n<th>Ocasi\u00f3n:<\/th>\n<td>Anillo de uso diario, Regalo<\/td>\n<\/tr>\n<tr class=\"bg_gray\">\n<th>G\u00e9nero:<\/th>\n<td>Se\u00f1oras, chicas, chicos<\/td>\n<th>Parte del cuerpo:<\/th>\n<td>O\u00eddo, Nariz, Trago<\/td>\n<\/tr>\n<tr>\n<th colspan=\"1\">Luz alta:<\/th>\n<td colspan=\"3\">\n<h2 style='font-weight: bold;font-size: 14px'>Piercing nariz oro 18K 8mm<\/h2>\n<p>, <\/p>\n<h2 style='font-weight: bold;font-size: 14px'>Piercing nariz oro 18K 12mm<\/h2>\n<p>, <\/p>\n<h2 style='font-weight: bold;font-size: 14px'>Piercing en la nariz con aro de \u00f3palo natural<\/h2>\n<\/td>\n<\/tr>\n<\/tbody>\n<\/table>\n<p><p><span style=\"font-size:16px\"><span style=\"font-family:arial,helvetica,sans-serif\"><strong>Descripci\u00f3n del producto:<\/strong><\/span><\/span><\/p>\n<p><span style=\"font-size:16px\"><span style=\"font-family:arial,helvetica,sans-serif\"><strong>18K Body Piercing Di\u00e1metro Interior 8-12mm Anillo De Aros De Nariz Con \u00d3palo Natural <\/strong><\/span><\/span><\/p>\n<table border=\"1\" cellpadding=\"0\" cellspacing=\"0\" style=\"width: 595px\">\n<tbody>\n<tr>\n<td style=\"width: 126px\"><span style=\"font-size:14px\"><span style=\"font-family:arial,helvetica,sans-serif\">N\u00ba de art\u00edculo<\/span><\/span><\/td>\n<td style=\"width: 460px\"><span style=\"font-size:14px\"><span style=\"font-family:arial,helvetica,sans-serif\">KD100CE<\/span><\/span><\/td>\n<\/tr>\n<tr>\n<td style=\"width: 126px\"><span style=\"font-size:14px\"><span style=\"font-family:arial,helvetica,sans-serif\">Nombre del producto<\/span><\/span><\/td>\n<td style=\"width: 460px\"><span style=\"font-size:14px\"><span style=\"font-family:arial,helvetica,sans-serif\">Anillo en forma de aro de 18 quilates&nbsp;<\/span><\/span><\/td>\n<\/tr>\n<tr>\n<td style=\"width: 126px\"><span style=\"font-size:14px\"><span style=\"font-family:arial,helvetica,sans-serif\">Estilo<\/span><\/span><\/td>\n<td style=\"width: 460px\"><span style=\"font-size:14px\"><span style=\"font-family:arial,helvetica,sans-serif\">Joyas 18K Body Periceing<\/span><\/span><\/td>\n<\/tr>\n<tr>\n<td style=\"width: 126px\"><span style=\"font-size:14px\"><span style=\"font-family:arial,helvetica,sans-serif\">Material<\/span><\/span><\/td>\n<td style=\"width: 460px\"><span style=\"font-size:14px\"><span style=\"font-family:arial,helvetica,sans-serif\">Oro macizo de 18 quilates<\/span><\/span><\/td>\n<\/tr>\n<tr>\n<td style=\"width: 126px\"><span style=\"font-size:14px\"><span style=\"font-family:arial,helvetica,sans-serif\">G\u00e9nero<\/span><\/span><\/td>\n<td style=\"width: 460px\"><span style=\"font-size:14px\"><span style=\"font-family:arial,helvetica,sans-serif\">J\u00f3venes, Unisex, Mujer, Hombre<\/span><\/span><\/td>\n<\/tr>\n<tr>\n<td style=\"width: 126px\"><span style=\"font-size:14px\"><span style=\"font-family:arial,helvetica,sans-serif\">Piedra principal<\/span><\/span><\/td>\n<td style=\"width: 460px\"><span style=\"font-size:14px\"><span style=\"font-family:arial,helvetica,sans-serif\">Anillo nasal<\/span><\/span><\/td>\n<\/tr>\n<tr>\n<td style=\"width: 126px\"><span style=\"font-size:14px\"><span style=\"font-family:arial,helvetica,sans-serif\">Dimensi\u00f3n interior<\/span><\/span><\/td>\n<td style=\"width: 460px\">\n<p><font face=\"arial, helvetica, sans-serif\">8mm-12mm<\/font><\/p>\n<\/td>\n<\/tr>\n<tr>\n<td style=\"width: 126px\"><span style=\"font-size:14px\"><span style=\"font-family:arial,helvetica,sans-serif\">Ocasi\u00f3n<\/span><\/span><\/td>\n<td style=\"width: 460px\"><span style=\"font-size:14px\"><span style=\"font-family:arial,helvetica,sans-serif\">Aniversario, Regalo, Fiesta, Uso diario<\/span><\/span><\/td>\n<\/tr>\n<tr>\n<td style=\"width: 126px\"><font face=\"arial, helvetica, sans-serif\">Piedra de \u00f3palo<\/font><\/td>\n<td style=\"width: 460px\">2 mm&nbsp;<\/td>\n<\/tr>\n<\/tbody>\n<\/table>\n<p>&nbsp;<\/p>\n<p><span style=\"font-size:16px\"><strong>Ventaja:&nbsp;<\/strong><\/span><\/p>\n<p><span style=\"font-size:14px\">1. Hecho con oro macizo de 18 quilates y diamantes. \u00a1Hecho para durar toda la vida, fuerte y duradero! Todos los metales que utilizamos son sin plomo, sin n\u00edquel e hipoalerg\u00e9nicos.<\/span><\/p>\n<p><span style=\"font-size:14px\">2. Regalo perfecto para su familia y sus amigos en el D\u00eda de la Madre, Cumplea\u00f1os, Boda, Aniversarios, D\u00eda de San Valent\u00edn o Navidad.<\/span><\/p>\n<p><span style=\"font-size:14px\">3: El anillo cuenta con un segmento articulado que facilita su inserci\u00f3n y extracci\u00f3n. Y te encantar\u00e1 esta caracter\u00edstica porque va bien en m\u00faltiples piercings incluyendo tragus, h\u00e9lix y septum. Son muchas caracter\u00edsticas fant\u00e1sticas en un solo anillo.<\/span><\/p>\n<p>\n<strong style=\"font-size: 16px\"><span style=\"font-family:arial,helvetica,sans-serif\">Por qu\u00e9 elegirnos:<\/span><\/strong><\/p>\n<p><span style=\"font-size:14px\">1: K-Gold cuenta con 21 a\u00f1os de experiencia en el sector de la joyer\u00eda y 17 a\u00f1os en producci\u00f3n.<br \/>\n2: Tambi\u00e9n nuestro equipo profesional de I + D para asegurar que nuestros productos se actualizan constantemente y por delante de la industria. As\u00ed que tenemos m\u00e1s de 3000 dise\u00f1os diferentes y m\u00e1s de 46 colecciones pueden satisfacer la demanda de diferentes mercados.<br \/>\n3: Para personalizar los art\u00edculos que usted puede conseguir CAD mismo d\u00eda o al d\u00eda siguiente para confirmar los datos antes del inicio del pedido.<br \/>\n4: El objetivo de K-gold es ofrecer a los clientes productos adecuados al precio adecuado y entregarlos a tiempo.<br \/>\n5: Tenemos un equipo de servicio al cliente de gran alcance que mantiene un ojo en todo el proceso de venta, ayudarle a cualquier pregunta, desde el dise\u00f1o CAD para entregar.<\/span><\/p>\n<p>&nbsp;<\/p>\n<p><span style=\"font-size:16px\"><span style=\"font-family:arial,helvetica,sans-serif\">Servicio de f\u00e1brica K-Gold:<\/span><\/span><\/p>\n<p><span style=\"font-size:16px\"><img decoding=\"async\" src=\"https:\/\/www.gold-jewellerys.com\/test\/gold-jewellerys.com\/photo\/pl36906272-remark.jpg\"><img decoding=\"async\" src=\"https:\/\/www.gold-jewellerys.com\/test\/gold-jewellerys.com\/photo\/pl36906276-remark.jpg\"><\/span><br \/>\n&nbsp;<\/p>\n<p><span style=\"font-size:16px\"><strong>PREGUNTAS FRECUENTES:<\/strong><\/span><\/p>\n<p><span style=\"font-family:arial,helvetica,sans-serif\"><span style=\"font-size:14px\">P1: \u00bfC\u00f3mo podemos obtener el precio?<\/span><\/span><\/p>\n<p><span style=\"font-family:arial,helvetica,sans-serif\"><span style=\"font-size:14px\">Le invitamos a ponerse en contacto con nosotros en whatsapp. Apenas env\u00edenos las im\u00e1genes de los art\u00edculos usted quiere entonces le diremos los precios cuanto antes.<\/span><\/span><\/p>\n<p><span style=\"font-family:arial,helvetica,sans-serif\"><span style=\"font-size:14px\">Persona de contacto: Nancy lee<br \/>\nWhatsApp: +86-18520267369 \/ Tell:+8618520267369<br \/>\nCorreo electr\u00f3nico: nancy@gzkgold.com<br \/>\nP\u00e1gina web:<\/span><\/span><\/p>\n<p>&nbsp;<\/p>\n<p><span style=\"font-family:arial,helvetica,sans-serif\"><span style=\"font-size:14px\">P2: \u00bfPueden personalizar mi logotipo?<\/span><\/span><\/p>\n<p><span style=\"font-family:arial,helvetica,sans-serif\"><span style=\"font-size:14px\">Usted es bienvenido a dise\u00f1ar su propia joyer\u00eda o su marca, proporcionar sus fotos de dise\u00f1o y detalles que podemos dibujar CAD para usted antes de la producci\u00f3n.<\/span><\/span><\/p>\n<p>&nbsp;<\/p>\n<p><span style=\"font-family:arial,helvetica,sans-serif\"><span style=\"font-size:14px\">P3:\u00bfPuedo pedir oro de 9K o 10K en lugar de 18K?<\/span><\/span><\/p>\n<p><span style=\"font-family:arial,helvetica,sans-serif\"><span style=\"font-size:14px\">R: S\u00ed, claro que puede, el MOQ s\u00f3lo 5 piezas de 9K o 10k joyas <\/span><\/span><\/p>\n<p>&nbsp;<\/p>\n<p><span style=\"font-family:arial,helvetica,sans-serif\"><span style=\"font-size:14px\">P4: \u00bfPuedo obtener un certificado?<\/span><\/span><\/p>\n<p><span style=\"font-family:arial,helvetica,sans-serif\"><span style=\"font-size:14px\">S\u00ed, no tienen el certificado si es necesario y el precio no incluye la tasa. El diamante no GIA certificado o sin ella s\u00f3lo<\/span><\/span><\/p>\n<p><span style=\"font-family:arial,helvetica,sans-serif\"><span style=\"font-size:14px\">h\u00e1gamelo saber porque hay diferencia de precio .<\/span><\/span><\/p>\n<p>&nbsp;<\/p>\n<p><span style=\"font-family:arial,helvetica,sans-serif\"><span style=\"font-size:14px\">Q5. \u00bfCu\u00e1nto tiempo puedo recibir mi mercanc\u00eda?<\/span><\/span><\/p>\n<p><span style=\"font-family:arial,helvetica,sans-serif\"><span style=\"font-size:14px\">Orden siempre procesando despu\u00e9s del dep\u00f3sito sobre su pedido. Haciendo tiempo 2-10 d\u00edas laborables dependiendo de la mano de obra de dise\u00f1o.<\/span><\/span><\/p>\n<p><span style=\"font-family:arial,helvetica,sans-serif\"><span style=\"font-size:14px\">dificultad, m\u00e1s 3-7 d\u00edas de tiempo de env\u00edo m\u00e9todo de env\u00edo expreso a todos fo el mundo.<\/span><\/span><\/p>\n<p>&nbsp;<\/p>\n<p><span style=\"font-family:arial,helvetica,sans-serif\"><span style=\"font-size:14px\">P6: \u00bfHacen joyas para compradores particulares o s\u00f3lo para mayoristas?<br \/>\nEn realidad estamos hacer toda la venta a quien la venta a en l\u00ednea o tener su propia tienda de dise\u00f1os originales , para la joyer\u00eda de marca permiti\u00f3 que el comprador personal tambi\u00e9n. Usted puede ordenar la joyer\u00eda fina de la marca de la calidad para su familia, amigos y usted mismo en los precios de f\u00e1brica. Incluso ser\u00e1 grande si usted es un revendedor de joyas. Proporcionaremos el env\u00edo libre y las cajas originales libres de la marca si usted puede pedir muchos art\u00edculos cada vez. M\u00e1s cantidad entonces mejor precio .<\/span><\/span><\/p><\/p>","protected":false},"excerpt":{"rendered":"<br \/>\n<table class=\"tables data\" width=\"100%\" border=\"0\" cellpadding=\"0\" cellspacing=\"0\">\n<tbody>\n<tr>\n<th width=\"35%\">Lugar de origen:<\/th>\n<td>China<\/td>\n<\/tr>\n<tr>\n<th width=\"35%\">Marca:<\/th>\n<td>Joyas de oro K<\/td>\n<\/tr>\n<tr>\n<th width=\"35%\">Certificaci\u00f3n:<\/th>\n<td>Certificado de joyer\u00eda<\/td>\n<\/tr>\n<tr>\n<th width=\"35%\">N\u00famero de modelo:<\/th>\n<td>KD100CE<\/td>\n<\/tr>\n<\/tbody>\n<\/table>\n<p>                                                                            <span class=\"title_s\">Condiciones de pago y env\u00edo:<\/span>                            <\/p>\n<table class=\"tables data\" width=\"100%\" border=\"0\" cellpadding=\"0\" cellspacing=\"0\">\n<tbody>\n<tr>\n<th width=\"35%\" nowrap=\"nowrap\">Cantidad m\u00ednima de pedido:<\/th>\n<td>3<\/td>\n<\/tr>\n<tr>\n<th width=\"35%\" nowrap=\"nowrap\">Precio:<\/th>\n<td>Negociable<\/td>\n<\/tr>\n<tr>\n<th width=\"35%\" nowrap=\"nowrap\">Detalles del embalaje:<\/th>\n<td>Bolsa PP gruesa est\u00e1ndar, la marca vendr\u00e1 con la marca Embalaje<\/td>\n<\/tr>\n<tr>\n<th width=\"35%\" nowrap=\"nowrap\">Plazo de entrega:<\/th>\n<td>5-15 d\u00edas laborables<\/td>\n<\/tr>\n<tr>\n<th width=\"35%\" nowrap=\"nowrap\">Condiciones de pago:<\/th>\n<td>T\/T, Western Union, D\/P, L\/C, D\/A<\/td>\n<\/tr>\n<tr>\n<th width=\"35%\" nowrap=\"nowrap\">Capacidad de suministro:<\/th>\n<td>2000pcs\/Mes<\/td>\n<\/tr>\n<\/tbody>\n<\/table>","protected":false},"featured_media":6691,"comment_status":"closed","ping_status":"closed","template":"","meta":{"_gspb_post_css":""},"product_brand":[],"product_cat":[30],"product_tag":[],"class_list":{"0":"post-6695","1":"product","2":"type-product","3":"status-publish","4":"has-post-thumbnail","6":"product_cat-silver-bead-charms","8":"first","9":"instock","10":"shipping-taxable","11":"product-type-simple"},"aioseo_notices":[],"_links":{"self":[{"href":"https:\/\/dearjewelry.ltd\/es\/wp-json\/wp\/v2\/product\/6695","targetHints":{"allow":["GET"]}}],"collection":[{"href":"https:\/\/dearjewelry.ltd\/es\/wp-json\/wp\/v2\/product"}],"about":[{"href":"https:\/\/dearjewelry.ltd\/es\/wp-json\/wp\/v2\/types\/product"}],"replies":[{"embeddable":true,"href":"https:\/\/dearjewelry.ltd\/es\/wp-json\/wp\/v2\/comments?post=6695"}],"wp:featuredmedia":[{"embeddable":true,"href":"https:\/\/dearjewelry.ltd\/es\/wp-json\/wp\/v2\/media\/6691"}],"wp:attachment":[{"href":"https:\/\/dearjewelry.ltd\/es\/wp-json\/wp\/v2\/media?parent=6695"}],"wp:term":[{"taxonomy":"product_brand","embeddable":true,"href":"https:\/\/dearjewelry.ltd\/es\/wp-json\/wp\/v2\/product_brand?post=6695"},{"taxonomy":"product_cat","embeddable":true,"href":"https:\/\/dearjewelry.ltd\/es\/wp-json\/wp\/v2\/product_cat?post=6695"},{"taxonomy":"product_tag","embeddable":true,"href":"https:\/\/dearjewelry.ltd\/es\/wp-json\/wp\/v2\/product_tag?post=6695"}],"curies":[{"name":"wp","href":"https:\/\/api.w.org\/{rel}","templated":true}]}}