{"id":6665,"date":"2025-07-13T10:53:03","date_gmt":"2025-07-13T10:53:03","guid":{"rendered":"https:\/\/dearjewelry.ltd\/product\/piercing-18k-yellow-gold-diamond-nose-stud-heart-shape-3mm-oem-odm\/"},"modified":"2025-07-13T10:53:03","modified_gmt":"2025-07-13T10:53:03","slug":"piercing-18k-yellow-gold-diamond-nose-stud-heart-shape-3mm-oem-odm","status":"publish","type":"product","link":"https:\/\/dearjewelry.ltd\/es\/product\/piercing-18k-yellow-gold-diamond-nose-stud-heart-shape-3mm-oem-odm\/","title":{"rendered":"Piercing 18K Oro Amarillo Diamante Nariz Stud Forma Coraz\u00f3n 3mm OEM ODM"},"content":{"rendered":"<h2>Piercing 18K Oro Amarillo Diamante Nariz Stud Forma Coraz\u00f3n 3mm OEM ODM<\/h2>\n<p> Descripci\u00f3n<\/p>\n<table cellpadding=\"0\" cellspacing=\"0\" class=\"details_table\">\n<tbody>\n<tr>\n<th>Nombre del producto:<\/th>\n<td>18K Yellow Gold Nose Piercing<\/td>\n<th>Material:<\/th>\n<td>Solid 18K Gold<\/td>\n<\/tr>\n<tr class=\"bg_gray\">\n<th>Forma:<\/th>\n<td>Forma de coraz\u00f3n<\/td>\n<th>Grosor:<\/th>\n<td>0,6 mm<\/td>\n<\/tr>\n<tr>\n<th>Heat Size:<\/th>\n<td>3*3mm<\/td>\n<th>MOQ:<\/th>\n<td>5 Piezas<\/td>\n<\/tr>\n<tr class=\"bg_gray\">\n<th colspan=\"1\">Luz alta:<\/th>\n<td colspan=\"3\">\n<h2 style='font-weight: bold;font-size: 14px'>3mm Yellow Gold Diamond Nose Stud<\/h2>\n<p>, <\/p>\n<h2 style='font-weight: bold;font-size: 14px'>OEM Yellow Gold Diamond Nose Stud<\/h2>\n<p>, <\/p>\n<h2 style='font-weight: bold;font-size: 14px'>ODM Yellow Gold Nose Stud<\/h2>\n<\/td>\n<\/tr>\n<\/tbody>\n<\/table>\n<p><p><span style=\"font-size:16px\"><strong><span style=\"font-family:arial,helvetica,sans-serif\">Descripci\u00f3n del producto:<\/span><\/strong><\/span><\/p>\n<p><strong><span style=\"font-size:16px\"><span style=\"font-family:arial,helvetica,sans-serif\">Heart Shape 3mm 18K Yellow Gold Embossed Straight Nose Piercing Stud<\/span><\/span><\/strong><strong><span style=\"font-family:arial,helvetica,sans-serif\"><span style=\"font-size:16px\"> <\/span><\/span><\/strong><\/p>\n<table border=\"1\" cellpadding=\"0\" cellspacing=\"0\" style=\"width: 559px\">\n<tbody>\n<tr>\n<td style=\"width: 126px\">N\u00ba de art\u00edculo<\/td>\n<td style=\"width: 424px\">KD093CE<\/td>\n<\/tr>\n<tr>\n<td style=\"width: 126px\">Nombre del producto<\/td>\n<td style=\"width: 424px\">Nose piercing stud<\/td>\n<\/tr>\n<tr>\n<td style=\"width: 126px\">Estilo<\/td>\n<td style=\"width: 424px\">Classic\/Trendy\/Popular<\/td>\n<\/tr>\n<tr>\n<td style=\"width: 126px\">Material<\/td>\n<td style=\"width: 424px\">Oro macizo amarillo de 18 quilates<\/td>\n<\/tr>\n<tr>\n<td style=\"width: 126px\">G\u00e9nero<\/td>\n<td style=\"width: 424px\">Mujeres, se\u00f1oras, ni\u00f1as<\/td>\n<\/tr>\n<tr>\n<td style=\"width: 126px\">Heart size<\/td>\n<td style=\"width: 424px\">\n<p>3*3 heart&nbsp;<\/p>\n<\/td>\n<\/tr>\n<tr>\n<td style=\"width: 126px\">Ocasi\u00f3n<\/td>\n<td style=\"width: 424px\">Regalo de fiesta, compromiso, aniversario<\/td>\n<\/tr>\n<tr>\n<td style=\"width: 126px\">Entrega&nbsp;<\/td>\n<td style=\"width: 424px\">\n<p>12-15 d\u00edas laborables<\/p>\n<\/td>\n<\/tr>\n<\/tbody>\n<\/table>\n<p>1: Plain heart size: 3*3mm, any size, according customer&#039;s request.<\/p>\n<p>2: Grosor: 0,6 mm<\/p>\n<p>3: Metal: 18k amarillo gold.also puede hacer 9k\/10k\/14.<\/p>\n<p>4: Joyas Body Piercing\/ precio por piezas.<\/p>\n<p><span style=\"font-size:14px\"><span style=\"font-family:arial,helvetica,sans-serif\"><strong>Ventaja:&nbsp;<\/strong><\/span><\/span><\/p>\n<p><span style=\"font-size:14px\"><span style=\"font-family:arial,helvetica,sans-serif\">Nose Pins have been popular for a long time. In fact,&nbsp;At K Gold Jewelry we provide a unique platform where you can find daringly different body jewelry with diverse designs, including a collection of stunning nose studs at industry-best prices. Trust our body jewelry collection for adding a certain degree of mysticism to your persona. <\/span><\/span><\/p>\n<p><span style=\"font-size:14px\"><span style=\"font-family:arial,helvetica,sans-serif\">The best part about wearing nose jewelry is that you can enhance your appearance without buying expensive brands. K Gold is an all-inclusive inventory of piercings made from skin-safe materials like 9K,10k,14k and 925 sterling silver gold&shy;&shy;-plated,beautifully crafted into studs and pins that are way better than anything else you have seen in this segment. While we continue to innovate, our range of piercing options is delivered with a promise of creativity at an affordable price.<\/span><\/span><\/p>\n<p><span style=\"font-size:14px\"><span style=\"font-family:arial,helvetica,sans-serif\">P\u00f3ngase en contacto con nosotros y le ayudaremos a crear art\u00edculos perfectos.<\/span><\/span><\/p>\n<p><span style=\"font-family: arial, helvetica, sans-serif\">Persona de contacto: Nancy lee<\/span><br style=\"font-family: arial, helvetica, sans-serif;font-size: 16px\" \/><br \/>\n<span style=\"font-family: arial, helvetica, sans-serif\">WhatsApp: +86-18520267369 \/ Tell:+8618520267369<\/span><br style=\"font-family: arial, helvetica, sans-serif;font-size: 16px\" \/><br \/>\n<span style=\"font-family: arial, helvetica, sans-serif\">Correo electr\u00f3nico: nancy@gzkgold.com<\/span><br style=\"font-family: arial, helvetica, sans-serif;font-size: 16px\" \/><br \/>\n<span style=\"font-family: arial, helvetica, sans-serif\">P\u00e1gina web:<\/span><\/p>\n<p>&nbsp;<\/p>\n<p><strong><span style=\"font-family:arial,helvetica,sans-serif\"><span style=\"font-size:14px\">Por qu\u00e9 elegirnos:<\/span><\/span><\/strong><\/p>\n<p>The goal for K-gold is to provide customers right products at the right price and to deliver in time.We have a powerful customer service team that keeps an eye on the entire sales process, help you any questions, from design CAD to deliver.<\/p>\n<p>K-gold Jewelry sincerely looking forward to working with customer all over the world, Let our the business grow up together.<\/p>\n<p>&nbsp;<\/p>\n<p><span style=\"font-size:16px\"><span style=\"font-family:arial,helvetica,sans-serif\">Productos Mostrar:<\/span><\/span><\/p>\n<p><img decoding=\"async\" src=\"https:\/\/www.gold-jewellerys.com\/test\/gold-jewellerys.com\/photo\/pl36956585-remark.jpg\"><img decoding=\"async\" src=\"https:\/\/www.gold-jewellerys.com\/test\/gold-jewellerys.com\/photo\/pl36955373-remark.jpg\"><img decoding=\"async\" src=\"https:\/\/www.gold-jewellerys.com\/test\/gold-jewellerys.com\/photo\/pl36946748-remark.jpg\"><\/p>\n<p>&nbsp;<\/p>\n<p><span style=\"font-family:arial,helvetica,sans-serif\"><span style=\"font-size:14px\">PREGUNTAS FRECUENTES:<\/span><\/span><\/p>\n<p><span style=\"font-family:arial,helvetica,sans-serif\"><span style=\"font-size:14px\">1: \u00bfC\u00f3mo podemos obtener el precio?<\/span><\/span><\/p>\n<p><span style=\"font-family:arial,helvetica,sans-serif\"><span style=\"font-size:14px\">Le invitamos a ponerse en contacto con nosotros en whatsapp. Apenas env\u00edenos las im\u00e1genes de los art\u00edculos usted quiere entonces le diremos los precios cuanto antes.<\/span><\/span><\/p>\n<p>&nbsp;<\/p>\n<p><span style=\"font-family:arial,helvetica,sans-serif\"><span style=\"font-size:14px\">2: \u00bfPueden personalizar mi logotipo?<br \/>\nS\u00ed, absolutamente usted puede, por favor env\u00edenos su LOGOTIPO, estaremos libres de firmarlo. Para la joyer\u00eda de la marca siempre con el logotipo original,<\/span><\/span><\/p>\n<p><span style=\"font-family:arial,helvetica,sans-serif\"><span style=\"font-size:14px\">y si necesitas algo en especial, d\u00edmelo.<\/span><\/span><\/p>\n<p>&nbsp;<\/p>\n<p><span style=\"font-family:arial,helvetica,sans-serif\"><span style=\"font-size:14px\">3: \u00bfC\u00f3mo pago mi pedido?<\/span><\/span><\/p>\n<p><span style=\"font-family:arial,helvetica,sans-serif\"><span style=\"font-size:14px\">Por favor d\u00edgame su orden entonces le diremos el precio del art\u00edculo, la tarifa de env\u00edo y la tarifa original de la caja y la cantidad total. Usted puede hacer el pago por Western Union \/ T\/T, o Payoneer, procesaremos y enviaremos hacia fuera su orden cuanto antes despu\u00e9s del pago hecho.<\/span><\/span><\/p>\n<p>&nbsp;<\/p>\n<p><span style=\"font-family:arial,helvetica,sans-serif\"><span style=\"font-size:14px\">4. \u00bfCu\u00e1nto tiempo puedo recibir mi mercanc\u00eda?<\/span><\/span><\/p>\n<p><span style=\"font-family:arial,helvetica,sans-serif\"><span style=\"font-size:14px\">Orden siempre procesando despu\u00e9s del dep\u00f3sito sobre su pedido. Haciendo tiempo 2-10 d\u00edas laborables dependiendo de la mano de obra de dise\u00f1o.<\/span><\/span><\/p>\n<p><span style=\"font-family:arial,helvetica,sans-serif\"><span style=\"font-size:14px\">dificultad, m\u00e1s 3-7 d\u00edas de tiempo de env\u00edo m\u00e9todo de env\u00edo expreso a todos fo el mundo.<\/span><\/span><\/p>\n<p>&nbsp;<\/p>\n<p><span style=\"font-family:arial,helvetica,sans-serif\"><span style=\"font-size:14px\">5: \u00bfHacen joyas para compradores particulares o s\u00f3lo para mayoristas?<br \/>\nActually we are make the whole sale to who sale to online or have your own shop for original designs , for the brand jewelry allowed the personal buyer too. You can order fine quality brand jewelry for your family, friends and yourself at factory prices. Even it will be great if you are a jewelry re-seller. We will provide free shipping and free original brand boxes if you can order many items each time. More quantity then best price.<\/span><\/span><\/p><\/p>","protected":false},"excerpt":{"rendered":"<br \/>\n<table class=\"tables data\" width=\"100%\" border=\"0\" cellpadding=\"0\" cellspacing=\"0\">\n<tbody>\n<tr>\n<th width=\"35%\">Lugar de origen:<\/th>\n<td>China<\/td>\n<\/tr>\n<tr>\n<th width=\"35%\">Marca:<\/th>\n<td>Joyas de oro K<\/td>\n<\/tr>\n<tr>\n<th width=\"35%\">Certificaci\u00f3n:<\/th>\n<td>Certificado de joyer\u00eda<\/td>\n<\/tr>\n<tr>\n<th width=\"35%\">N\u00famero de modelo:<\/th>\n<td>KD093CE<\/td>\n<\/tr>\n<\/tbody>\n<\/table>\n<p>                                                                            <span class=\"title_s\">Condiciones de pago y env\u00edo:<\/span>                            <\/p>\n<table class=\"tables data\" width=\"100%\" border=\"0\" cellpadding=\"0\" cellspacing=\"0\">\n<tbody>\n<tr>\n<th width=\"35%\" nowrap=\"nowrap\">Cantidad m\u00ednima de pedido:<\/th>\n<td>5<\/td>\n<\/tr>\n<tr>\n<th width=\"35%\" nowrap=\"nowrap\">Precio:<\/th>\n<td>Negociable<\/td>\n<\/tr>\n<tr>\n<th width=\"35%\" nowrap=\"nowrap\">Detalles del embalaje:<\/th>\n<td>Bolsa PP gruesa est\u00e1ndar, la marca vendr\u00e1 con la marca Embalaje<\/td>\n<\/tr>\n<tr>\n<th width=\"35%\" nowrap=\"nowrap\">Plazo de entrega:<\/th>\n<td>5-15 d\u00edas laborables<\/td>\n<\/tr>\n<tr>\n<th width=\"35%\" nowrap=\"nowrap\">Condiciones de pago:<\/th>\n<td>T\/T, Western Union, D\/P, D\/A, L\/C, MoneyGram<\/td>\n<\/tr>\n<tr>\n<th width=\"35%\" nowrap=\"nowrap\">Capacidad de suministro:<\/th>\n<td>2000pcs\/Mes<\/td>\n<\/tr>\n<\/tbody>\n<\/table>","protected":false},"featured_media":6661,"comment_status":"closed","ping_status":"closed","template":"","meta":{"_gspb_post_css":""},"product_brand":[],"product_cat":[30],"product_tag":[],"class_list":{"0":"post-6665","1":"product","2":"type-product","3":"status-publish","4":"has-post-thumbnail","6":"product_cat-silver-bead-charms","8":"first","9":"instock","10":"shipping-taxable","11":"product-type-simple"},"aioseo_notices":[],"_links":{"self":[{"href":"https:\/\/dearjewelry.ltd\/es\/wp-json\/wp\/v2\/product\/6665","targetHints":{"allow":["GET"]}}],"collection":[{"href":"https:\/\/dearjewelry.ltd\/es\/wp-json\/wp\/v2\/product"}],"about":[{"href":"https:\/\/dearjewelry.ltd\/es\/wp-json\/wp\/v2\/types\/product"}],"replies":[{"embeddable":true,"href":"https:\/\/dearjewelry.ltd\/es\/wp-json\/wp\/v2\/comments?post=6665"}],"wp:featuredmedia":[{"embeddable":true,"href":"https:\/\/dearjewelry.ltd\/es\/wp-json\/wp\/v2\/media\/6661"}],"wp:attachment":[{"href":"https:\/\/dearjewelry.ltd\/es\/wp-json\/wp\/v2\/media?parent=6665"}],"wp:term":[{"taxonomy":"product_brand","embeddable":true,"href":"https:\/\/dearjewelry.ltd\/es\/wp-json\/wp\/v2\/product_brand?post=6665"},{"taxonomy":"product_cat","embeddable":true,"href":"https:\/\/dearjewelry.ltd\/es\/wp-json\/wp\/v2\/product_cat?post=6665"},{"taxonomy":"product_tag","embeddable":true,"href":"https:\/\/dearjewelry.ltd\/es\/wp-json\/wp\/v2\/product_tag?post=6665"}],"curies":[{"name":"wp","href":"https:\/\/api.w.org\/{rel}","templated":true}]}}