{"id":6659,"date":"2025-07-13T10:53:01","date_gmt":"2025-07-13T10:53:01","guid":{"rendered":"https:\/\/dearjewelry.ltd\/product\/3mm-plain-star-18k-gold-nose-piercing-l-shape-0-6mm-thickness\/"},"modified":"2025-07-13T10:53:01","modified_gmt":"2025-07-13T10:53:01","slug":"3mm-estrella-lisa-oro-18k-piercing-nariz-forma-l-0-6mm-grosor","status":"publish","type":"product","link":"https:\/\/dearjewelry.ltd\/es\/product\/3mm-estrella-lisa-oro-18k-piercing-nariz-forma-l-0-6mm-grosor\/","title":{"rendered":"3mm Estrella Liso Oro 18K Piercing Nariz Forma L 0.6mm Espesor"},"content":{"rendered":"<h2>3mm Estrella Liso Oro 18K Piercing Nariz Forma L 0.6mm Espesor<\/h2>\n<p> Descripci\u00f3n<\/p>\n<table cellpadding=\"0\" cellspacing=\"0\" class=\"details_table\">\n<tbody>\n<tr>\n<th>Material:<\/th>\n<td>Oro amarillo macizo de 14k\/ 18k<\/td>\n<th>MOQ:<\/th>\n<td>3 Piezas<\/td>\n<\/tr>\n<tr class=\"bg_gray\">\n<th>Parte del cuerpo:<\/th>\n<td>Nariz,Trago<\/td>\n<th>Tipo de joya:<\/th>\n<td>Clavo de estrella amarillo liso 18k<\/td>\n<\/tr>\n<tr>\n<th>Tama\u00f1o de la estrella:<\/th>\n<td>3 mm<\/td>\n<th>Grosor:<\/th>\n<td>0,6 mm<\/td>\n<\/tr>\n<tr class=\"bg_gray\">\n<th colspan=\"1\">Luz alta:<\/th>\n<td colspan=\"3\">\n<h2 style='font-weight: bold;font-size: 14px'>Piercing de nariz de oro de 18 quilates de 3 mm<\/h2>\n<p>, <\/p>\n<h2 style='font-weight: bold;font-size: 14px'>Piercing de oro de 18 quilates en forma de estrella lisa<\/h2>\n<p>, <\/p>\n<h2 style='font-weight: bold;font-size: 14px'>Piercing en forma de estrella de 0,6 mm<\/h2>\n<\/td>\n<\/tr>\n<\/tbody>\n<\/table>\n<p><p><span style=\"font-size:16px\"><strong>Descripci\u00f3n del producto:<\/strong><\/span><\/p>\n<p><span style=\"font-size:16px\">3mm Plain Star 18k Soild Yellow L-Shape Nose Stud Body Piercing Jewelry<\/span><\/p>\n<table border=\"1\" cellpadding=\"0\" cellspacing=\"0\" style=\"width: 539px\">\n<tbody>\n<tr>\n<td style=\"width: 126px\"><span style=\"font-size:14px\"><span style=\"font-family:arial,helvetica,sans-serif\">N\u00ba de art\u00edculo<\/span><\/span><\/td>\n<td style=\"width: 404px\">KD092CE<\/td>\n<\/tr>\n<tr>\n<td style=\"width: 126px\"><span style=\"font-size:14px\"><span style=\"font-family:arial,helvetica,sans-serif\">Nombre del producto<\/span><\/span><\/td>\n<td style=\"width: 404px\"><span style=\"font-size:14px\"><span style=\"font-family:arial,helvetica,sans-serif\">18k amarillo Plain estrella nariz stud<\/span><\/span><\/td>\n<\/tr>\n<tr>\n<td style=\"width: 126px\"><span style=\"font-size:14px\"><span style=\"font-family:arial,helvetica,sans-serif\">Estilo<\/span><\/span><\/td>\n<td style=\"width: 404px\"><font face=\"arial, helvetica, sans-serif\">Popular\/Moda<\/font><\/td>\n<\/tr>\n<tr>\n<td style=\"width: 126px\"><span style=\"font-size:14px\"><span style=\"font-family:arial,helvetica,sans-serif\">Material<\/span><\/span><\/td>\n<td style=\"width: 404px\"><span style=\"font-size:14px\"><span style=\"font-family:arial,helvetica,sans-serif\">Oro macizo amarillo de 18 quilates<\/span><\/span><\/td>\n<\/tr>\n<tr>\n<td style=\"width: 126px\"><span style=\"font-size:14px\"><span style=\"font-family:arial,helvetica,sans-serif\">G\u00e9nero<\/span><\/span><\/td>\n<td style=\"width: 404px\"><span style=\"font-size:14px\"><span style=\"font-family:arial,helvetica,sans-serif\">Mujeres, se\u00f1oras, ni\u00f1as<\/span><\/span><\/td>\n<\/tr>\n<tr>\n<td style=\"width: 126px\"><span style=\"font-size:14px\"><span style=\"font-family:arial,helvetica,sans-serif\">Tama\u00f1o de la estrella<\/span><\/span><\/td>\n<td style=\"width: 404px\">\n<p><font face=\"arial, helvetica, sans-serif\">3 mm<\/font><\/p>\n<\/td>\n<\/tr>\n<tr>\n<td style=\"width: 126px\"><font face=\"arial, helvetica, sans-serif\">Metal<\/font><\/td>\n<td style=\"width: 404px\"><font face=\"arial, helvetica, sans-serif\">9k\/10k\/14k\/18k&nbsp;<\/font><\/td>\n<\/tr>\n<tr>\n<td style=\"width: 126px\"><span style=\"font-size:14px\"><span style=\"font-family:arial,helvetica,sans-serif\">Entrega&nbsp;<\/span><\/span><\/td>\n<td style=\"width: 404px\">\n<p><span style=\"font-size:14px\"><span style=\"font-family:arial,helvetica,sans-serif\">12-15 d\u00edas laborables<\/span><\/span><\/p>\n<\/td>\n<\/tr>\n<\/tbody>\n<\/table>\n<p><span style=\"font-family:arial,helvetica,sans-serif\"><span style=\"font-size:14px\">1: Tama\u00f1o inicial: 3 mm<\/span><\/span><\/p>\n<p><span style=\"font-family:arial,helvetica,sans-serif\"><span style=\"font-size:14px\">2: Grosor : 0,6 mm<\/span><\/span><\/p>\n<p><span style=\"font-family:arial,helvetica,sans-serif\"><span style=\"font-size:14px\">2: Longitud: 6mm\/3mm<\/span><\/span><\/p>\n<p><span style=\"font-family:arial,helvetica,sans-serif\"><span style=\"font-size:14px\">3: Metal: 18k amarillo gold.also puede hacer 9k\/10k\/14k etc.<\/span><\/span><\/p>\n<p><span style=\"font-family:arial,helvetica,sans-serif\"><span style=\"font-size:14px\">4: 18K cuerpo Nose Piercing Jewelry\/ precio por piezas.<\/span><\/span><\/p>\n<p><strong><span style=\"font-family:arial,helvetica,sans-serif\">Ventaja: <\/span><\/strong><\/p>\n<p><span style=\"font-family:arial,helvetica,sans-serif\">Tenemos una de las m\u00e1s aclamadas 14k\/18K oro nariz pins colecci\u00f3n. Cuando usted hace compras con nosotros, usted permanece asegurado de la calidad y el precio. Tenemos buen surtido de 14k\/18k bola final nariz pins, 14K tornillo nariz pins, 14K\/18kdiamond nariz pins, 14K\/18k en forma de L nariz pins y 14k nariz pins.<\/span><\/p>\n<p>&nbsp;<\/p>\n<p><span style=\"font-size:14px\"><span style=\"font-family:arial,helvetica,sans-serif\">Por qu\u00e9 elegirnos:<\/span><\/span><\/p>\n<p>K-Gold Jewelry Co., Ltd fundada en 2005, es uno de los fabricantes de joyas m\u00e1s profesionales de China. En la actualidad, los principales productos son K quilates de oro (9K Gold,10KGold,14KGold 18KGold)diamantes naturales (Diferencia de grado con la certificaci\u00f3n GIA ), moissanite y diamantes de laboratorio con la certificaci\u00f3n de diferencia, M\u00e1s otras piedras preciosas naturales de joyer\u00eda fina , tambi\u00e9n de plata con oro de 9K .<\/p>\n<p>Tiene unos 21 a\u00f1os de experiencia en el sector de la joyer\u00eda y 17 a\u00f1os en producci\u00f3n.<\/p>\n<p>Adem\u00e1s, nuestro equipo profesional de I+D garantiza que nuestros productos se actualicen constantemente y est\u00e9n a la vanguardia del sector. As\u00ed que tenemos m\u00e1s de 30000 dise\u00f1os diferentes y m\u00e1s de 46 colecciones pueden satisfacer las diferentes demandas del mercado. Para personalizar los art\u00edculos que usted puede conseguir CAD mismo d\u00eda o al d\u00eda siguiente para confirmar los datos antes de iniciar el pedido.<\/p>\n<p>&nbsp;<\/p>\n<p><strong><span style=\"font-size:14px\"><span style=\"font-family:arial,helvetica,sans-serif\">Productos Mostrar:<\/span><\/span><\/strong><\/p>\n<p><img decoding=\"async\" src=\"https:\/\/www.gold-jewellerys.com\/test\/gold-jewellerys.com\/photo\/pl36956302-remark.jpg\"><img decoding=\"async\" src=\"https:\/\/www.gold-jewellerys.com\/test\/gold-jewellerys.com\/photo\/pl36956301-remark.jpg\"><img decoding=\"async\" src=\"https:\/\/www.gold-jewellerys.com\/test\/gold-jewellerys.com\/photo\/pl36955373-remark.jpg\"><\/p>\n<p><span style=\"font-size:14px\"><span style=\"font-family:arial,helvetica,sans-serif\">PREGUNTAS FRECUENTES:<\/span><\/span><\/p>\n<p><span style=\"font-size:14px\"><span style=\"font-family:arial,helvetica,sans-serif\">P1: \u00bfC\u00f3mo podemos obtener el precio?<\/span><\/span><\/p>\n<p><span style=\"font-size:14px\"><span style=\"font-family:arial,helvetica,sans-serif\">R: Le invitamos a ponerse en contacto con nosotros en whatsapp. Apenas env\u00edenos las im\u00e1genes de los art\u00edculos usted quiere entonces que le diremos los precios cuanto antes.<\/span><\/span><\/p>\n<p>&nbsp;<\/p>\n<p><span style=\"font-size:14px\"><span style=\"font-family:arial,helvetica,sans-serif\">P2: \u00bfPueden personalizar mi logotipo?<br \/>\nA: S\u00ed, absolutamente usted puede, por favor env\u00edenos su LOGO, nosotros liberar\u00e1 para firmarlo. Para la joyer\u00eda de la marca siempre con el logotipo orginal,<\/span><\/span><\/p>\n<p><span style=\"font-size:14px\"><span style=\"font-family:arial,helvetica,sans-serif\">y si necesitas algo en especial, d\u00edmelo.<\/span><\/span><\/p>\n<p>&nbsp;<\/p>\n<p><span style=\"font-size:14px\"><span style=\"font-family:arial,helvetica,sans-serif\">Q3: Q:\u00bfQu\u00e9 pasa con la calidad de sus diamantes?<\/span><\/span><\/p>\n<p><span style=\"font-size:14px\"><span style=\"font-family:arial,helvetica,sans-serif\">R: Siempre usamos VS, SI G-H diamantes naturales, si desea cambiar a VVS tambi\u00e9n est\u00e1n disponibles, podemos cotizar el precio exacto accoring su solicitud.<\/span><\/span><\/p>\n<p>&nbsp;<\/p>\n<p><span style=\"font-size:14px\"><span style=\"font-family:arial,helvetica,sans-serif\">Q4. \u00bfQu\u00e9 ocurre si recibo art\u00edculos rotos? <\/span><\/span><\/p>\n<p><span style=\"font-size:14px\"><span style=\"font-family:arial,helvetica,sans-serif\">R: Nos aseguramos de que cada art\u00edculo debe ser bien inspeccionado antes de ser enviado, vamos a compensar o reembolso para usted si fue da\u00f1ado por la entrega urgente.<\/span><\/span><\/p>\n<p>&nbsp;<\/p>\n<p><span style=\"font-size:14px\"><span style=\"font-family:arial,helvetica,sans-serif\">P5:\u00bfPuedo pedir oro de 9 \u00f3 10 quilates en lugar de 18 quilates?<\/span><\/span><\/p>\n<p><span style=\"font-size:14px\"><span style=\"font-family:arial,helvetica,sans-serif\">R: S\u00ed, claro que puede, el MOQ s\u00f3lo 5 piezas de 9K o 10k joyas<\/span><\/span><\/p>\n<p>&nbsp;<\/p>\n<p><span style=\"font-size:14px\"><span style=\"font-family:arial,helvetica,sans-serif\">P6: \u00bfHacen joyas para compradores particulares o s\u00f3lo para mayoristas?<br \/>\nR: En realidad estamos hacer toda la venta a quien la venta en l\u00ednea o tener su propia tienda de dise\u00f1os originales , para la joyer\u00eda de marca permiti\u00f3 que el comprador personal tambi\u00e9n. Usted puede ordenar la joyer\u00eda fina de la marca de la calidad para su familia, amigos y usted mismo en los precios de f\u00e1brica. Incluso ser\u00e1 grande si usted es un revendedor de joyas. Proporcionaremos el env\u00edo libre y cajas originales libres de la marca si usted puede pedir muchos art\u00edculos cada vez. M\u00e1s cantidad y mejor precio.<\/span><\/span><\/p>\n<p>&nbsp;<\/p>\n<p><span style=\"font-family:arial,helvetica,sans-serif\"><span style=\"font-size:14px\">Persona de contacto: Nancy lee<br style=\"font-size: 16px\" \/><br \/>\nWhatsApp: +86-18520267369 \/ Tell:+8618520267369<br style=\"font-size: 16px\" \/><br \/>\nCorreo electr\u00f3nico: nancy@gzkgold.com<br style=\"font-size: 16px\" \/><br \/>\nP\u00e1gina web:<\/span><\/span><\/p><\/p>","protected":false},"excerpt":{"rendered":"<br \/>\n<table class=\"tables data\" width=\"100%\" border=\"0\" cellpadding=\"0\" cellspacing=\"0\">\n<tbody>\n<tr>\n<th width=\"35%\">Lugar de origen:<\/th>\n<td>China<\/td>\n<\/tr>\n<tr>\n<th width=\"35%\">Marca:<\/th>\n<td>Joyas de oro K<\/td>\n<\/tr>\n<tr>\n<th width=\"35%\">Certificaci\u00f3n:<\/th>\n<td>Certificado de joyer\u00eda<\/td>\n<\/tr>\n<tr>\n<th width=\"35%\">N\u00famero de modelo:<\/th>\n<td>KD092CE<\/td>\n<\/tr>\n<\/tbody>\n<\/table>\n<p>                                                                            <span class=\"title_s\">Condiciones de pago y env\u00edo:<\/span>                            <\/p>\n<table class=\"tables data\" width=\"100%\" border=\"0\" cellpadding=\"0\" cellspacing=\"0\">\n<tbody>\n<tr>\n<th width=\"35%\" nowrap=\"nowrap\">Cantidad m\u00ednima de pedido:<\/th>\n<td>3<\/td>\n<\/tr>\n<tr>\n<th width=\"35%\" nowrap=\"nowrap\">Precio:<\/th>\n<td>Negociable<\/td>\n<\/tr>\n<tr>\n<th width=\"35%\" nowrap=\"nowrap\">Detalles del embalaje:<\/th>\n<td>Bolsa PP gruesa est\u00e1ndar, la marca vendr\u00e1 con la marca Embalaje<\/td>\n<\/tr>\n<tr>\n<th width=\"35%\" nowrap=\"nowrap\">Plazo de entrega:<\/th>\n<td>5-15 d\u00edas laborables<\/td>\n<\/tr>\n<tr>\n<th width=\"35%\" nowrap=\"nowrap\">Condiciones de pago:<\/th>\n<td>T\/T, Western Union, D\/P, D\/A, L\/C, MoneyGram<\/td>\n<\/tr>\n<tr>\n<th width=\"35%\" nowrap=\"nowrap\">Capacidad de suministro:<\/th>\n<td>2000pcs\/Mes<\/td>\n<\/tr>\n<\/tbody>\n<\/table>","protected":false},"featured_media":6655,"comment_status":"closed","ping_status":"closed","template":"","meta":{"_gspb_post_css":""},"product_brand":[],"product_cat":[30],"product_tag":[],"class_list":{"0":"post-6659","1":"product","2":"type-product","3":"status-publish","4":"has-post-thumbnail","6":"product_cat-silver-bead-charms","8":"first","9":"instock","10":"shipping-taxable","11":"product-type-simple"},"aioseo_notices":[],"_links":{"self":[{"href":"https:\/\/dearjewelry.ltd\/es\/wp-json\/wp\/v2\/product\/6659","targetHints":{"allow":["GET"]}}],"collection":[{"href":"https:\/\/dearjewelry.ltd\/es\/wp-json\/wp\/v2\/product"}],"about":[{"href":"https:\/\/dearjewelry.ltd\/es\/wp-json\/wp\/v2\/types\/product"}],"replies":[{"embeddable":true,"href":"https:\/\/dearjewelry.ltd\/es\/wp-json\/wp\/v2\/comments?post=6659"}],"wp:featuredmedia":[{"embeddable":true,"href":"https:\/\/dearjewelry.ltd\/es\/wp-json\/wp\/v2\/media\/6655"}],"wp:attachment":[{"href":"https:\/\/dearjewelry.ltd\/es\/wp-json\/wp\/v2\/media?parent=6659"}],"wp:term":[{"taxonomy":"product_brand","embeddable":true,"href":"https:\/\/dearjewelry.ltd\/es\/wp-json\/wp\/v2\/product_brand?post=6659"},{"taxonomy":"product_cat","embeddable":true,"href":"https:\/\/dearjewelry.ltd\/es\/wp-json\/wp\/v2\/product_cat?post=6659"},{"taxonomy":"product_tag","embeddable":true,"href":"https:\/\/dearjewelry.ltd\/es\/wp-json\/wp\/v2\/product_tag?post=6659"}],"curies":[{"name":"wp","href":"https:\/\/api.w.org\/{rel}","templated":true}]}}