{"id":6641,"date":"2025-07-13T10:52:53","date_gmt":"2025-07-13T10:52:53","guid":{"rendered":"https:\/\/dearjewelry.ltd\/product\/l-shaped-18k-gold-nose-ring-nose-ring-with-ball-on-end-1-5-2-0mm-size\/"},"modified":"2025-07-13T10:52:53","modified_gmt":"2025-07-13T10:52:53","slug":"l-en-forma-de-18k-anillo-de-oro-anillo-de-la-nariz-de-la-nariz-con-la-bola-en-el-extremo-1-5-2-0mm-tamano","status":"publish","type":"product","link":"https:\/\/dearjewelry.ltd\/es\/product\/l-en-forma-de-18k-anillo-de-oro-anillo-de-la-nariz-de-la-nariz-con-la-bola-en-el-extremo-1-5-2-0mm-tamano\/","title":{"rendered":"L en forma de anillo de oro de 18 quilates de la nariz , anillo de la nariz con la bola en el extremo 1.5-2.0mm tama\u00f1o"},"content":{"rendered":"<h2>L en forma de anillo de oro de 18 quilates de la nariz , anillo de la nariz con la bola en el extremo 1.5-2.0mm tama\u00f1o<\/h2>\n<p> Descripci\u00f3n<\/p>\n<table cellpadding=\"0\" cellspacing=\"0\" class=\"details_table\">\n<tbody>\n<tr>\n<th>Material:<\/th>\n<td>9K\/10K\/14K\/18k<\/td>\n<th>Bola lisa Tama\u00f1o:<\/th>\n<td>1.5-2.0mm Cualquier tama\u00f1o seg\u00fan el cliente<\/td>\n<\/tr>\n<tr class=\"bg_gray\">\n<th>Parte del cuerpo:<\/th>\n<td>Nariz,Trago<\/td>\n<th>Tipo de joya:<\/th>\n<td>Clavo de oro de 18 quilates<\/td>\n<\/tr>\n<tr>\n<th>G\u00e9nero:<\/th>\n<td>Se\u00f1oras, chicas<\/td>\n<th>MOQ:<\/th>\n<td>5 Piezas<\/td>\n<\/tr>\n<tr class=\"bg_gray\">\n<th>Forma:<\/th>\n<td>L-Shpe<\/td>\n<th>Ocasi\u00f3n:<\/th>\n<td>Regalo de fiesta, compromiso, aniversario<\/td>\n<\/tr>\n<tr>\n<th colspan=\"1\">Luz alta:<\/th>\n<td colspan=\"3\">\n<h2 style='font-weight: bold;font-size: 14px'>Anillo de oro de 18 quilates en forma de L<\/h2>\n<p>, <\/p>\n<h2 style='font-weight: bold;font-size: 14px'>2.0mm 18k Gold Nose Ring<\/h2>\n<p>, <\/p>\n<h2 style='font-weight: bold;font-size: 14px'>Anillo con bola en el extremo 1,5 mm<\/h2>\n<\/td>\n<\/tr>\n<\/tbody>\n<\/table>\n<p><p><span style=\"font-size:16px\"><strong><span style=\"font-family:arial,helvetica,sans-serif\">Descripci\u00f3n del producto:<\/span><\/strong><\/span><\/p>\n<p><strong><span style=\"font-size:16px\">18 quilates de oro amarillo macizo en forma de L superior de la bola de la nariz Piercing Joyer\u00eda<\/span><\/strong><strong><span style=\"font-family:arial,helvetica,sans-serif\"><span style=\"font-size:16px\"> <\/span><\/span><\/strong><\/p>\n<table border=\"1\" cellpadding=\"0\" cellspacing=\"0\" style=\"width: 528px\">\n<tbody>\n<tr>\n<td style=\"width: 126px\">N\u00ba de art\u00edculo<\/td>\n<td style=\"width: 393px\">KD087CE<\/td>\n<\/tr>\n<tr>\n<td style=\"width: 126px\">Nombre del producto<\/td>\n<td style=\"width: 393px\">Piercing&nbsp;<span style=\"font-family: arial, helvetica, sans-serif\">Esp\u00e1rrago esf\u00e9rico<\/span><\/td>\n<\/tr>\n<tr>\n<td style=\"width: 126px\">Estilo<\/td>\n<td style=\"width: 393px\">Nariz de oro amarillo de 18 quilates<\/td>\n<\/tr>\n<tr>\n<td style=\"width: 126px\">Material<\/td>\n<td style=\"width: 393px\">Oro macizo amarillo de 18 quilates<\/td>\n<\/tr>\n<tr>\n<td style=\"width: 126px\">G\u00e9nero<\/td>\n<td style=\"width: 393px\">Mujeres, se\u00f1oras, ni\u00f1as<\/td>\n<\/tr>\n<tr>\n<td style=\"width: 126px\">Tama\u00f1o de la bola<\/td>\n<td style=\"width: 393px\">\n<p>1.5-2.0mm cualquier tama\u00f1o seg\u00fan la petici\u00f3n del cliente<\/p>\n<\/td>\n<\/tr>\n<tr>\n<td style=\"width: 126px\">Ocasi\u00f3n<\/td>\n<td style=\"width: 393px\">Regalo de fiesta, compromiso, aniversario<\/td>\n<\/tr>\n<tr>\n<td style=\"width: 126px\">Entrega&nbsp;<\/td>\n<td style=\"width: 393px\">\n<p>12-15 d\u00edas laborables<\/p>\n<\/td>\n<\/tr>\n<\/tbody>\n<\/table>\n<p>1: Tama\u00f1o de la bola lisa: 1.5-2.0mm, cualquier tama\u00f1o, seg\u00fan la petici\u00f3n del cliente.<\/p>\n<p>2: Grosor: 0,6 mm<\/p>\n<p>3: Metal: 18k amarillo gold.also puede hacer 9k\/10k\/14.<\/p>\n<p>4: Joyas Body Piercing\/ precio por piezas.<\/p>\n<p><span style=\"font-size:14px\"><span style=\"font-family:arial,helvetica,sans-serif\"><strong>Ventaja:&nbsp;<\/strong><\/span><\/span><\/p>\n<p><span style=\"font-size:14px\"><span style=\"font-family:arial,helvetica,sans-serif\">Los alfileres de nariz son populares desde hace mucho tiempo. De hecho, ya en la antig\u00fcedad se pod\u00edan encontrar alfileres de nariz como parte de la joyer\u00eda nasal. En todos los continentes y culturas, hombres y mujeres se han adornado con piercings nasales. Incluso hoy en d\u00eda, los piercings nasales como los alfileres de nariz tienden a evocar un sentido del estilo. Adem\u00e1s de representar un aspecto elegante, estos accesorios tienen una esencia cultural. Resaltan la parte central de la cara y, al mismo tiempo, representan la libertad de esp\u00edritu y un cierto grado de alegr\u00eda. En K Gold Jewelry le ofrecemos una plataforma \u00fanica en la que podr\u00e1 encontrar joyas para el cuerpo atrevidamente diferentes con diversos dise\u00f1os, incluida una colecci\u00f3n de impresionantes pendientes para la nariz a los mejores precios del sector. Conf\u00ede en nuestra colecci\u00f3n de joyas para el cuerpo para a\u00f1adir un cierto grado de misticismo a su persona. Lo mejor de llevar joyas para la nariz es que puedes mejorar tu aspecto sin necesidad de comprar marcas caras. K Gold es un inventario completo de piercings fabricados con materiales seguros para la piel, como oro chapado en plata de ley 9K,10k,14k y 925, bellamente elaborados en tachuelas y alfileres que son mucho mejores que cualquier otra cosa que haya visto en este segmento. Mientras seguimos innovando, nuestra gama de opciones de piercing se entrega con la promesa de creatividad a un precio asequible.<\/span><\/span><\/p>\n<p><span style=\"font-size:14px\"><span style=\"font-family:arial,helvetica,sans-serif\">P\u00f3ngase en contacto con nosotros y le ayudaremos a crear art\u00edculos perfectos.<\/span><\/span><\/p>\n<p>&nbsp;<\/p>\n<p><span style=\"font-size:14px\"><span style=\"font-family:arial,helvetica,sans-serif\">Por qu\u00e9 elegirnos:<\/span><\/span><\/p>\n<p><span style=\"font-size:14px\"><span style=\"font-family:arial,helvetica,sans-serif\">K-Gold Jewelry Co., Ltd fundada en 2005, es uno de los fabricantes de joyas m\u00e1s profesionales de China. En la actualidad, los principales productos son K quilates de oro (9K Gold,10KGold,14KGold 18KGold)diamantes naturales (Diferencia de grado con la certificaci\u00f3n GIA ), moissanite y diamantes de laboratorio con la certificaci\u00f3n de diferencia, M\u00e1s otras piedras preciosas naturales de joyer\u00eda fina , tambi\u00e9n de plata con oro de 9K .<\/span><\/span><\/p>\n<p><span style=\"font-size:14px\"><span style=\"font-family:arial,helvetica,sans-serif\">Tenemos 21 a\u00f1os de experiencia en el sector de la joyer\u00eda y 17 a\u00f1os en producci\u00f3n. <\/span><\/span><\/p>\n<p><span style=\"font-size:14px\"><span style=\"font-family:arial,helvetica,sans-serif\">El objetivo de K-gold es proporcionar a los clientes los productos adecuados al precio adecuado y entregarlos a tiempo. Contamos con un potente equipo de atenci\u00f3n al cliente que vigila todo el proceso de venta y le ayuda con cualquier duda, desde el dise\u00f1o CAD hasta la entrega.<\/span><\/span><br \/>\n&nbsp;<\/p>\n<p><span style=\"font-size:16px\"><span style=\"font-family:arial,helvetica,sans-serif\">Productos Mostrar:<\/span><\/span><\/p>\n<p><img decoding=\"async\" src=\"https:\/\/www.gold-jewellerys.com\/test\/gold-jewellerys.com\/photo\/pl36946697-remark.jpg\"><img decoding=\"async\" src=\"https:\/\/www.gold-jewellerys.com\/test\/gold-jewellerys.com\/photo\/pl36946703-remark.jpg\"><\/p>\n<p><img decoding=\"async\" src=\"https:\/\/www.gold-jewellerys.com\/test\/gold-jewellerys.com\/photo\/pl36954024-remark.jpg\"><\/p>\n<p><span style=\"font-family:arial,helvetica,sans-serif\"><span style=\"font-size:14px\">PREGUNTAS FRECUENTES:<\/span><\/span><\/p>\n<p><span style=\"font-family:arial,helvetica,sans-serif\"><span style=\"font-size:14px\">1: \u00bfC\u00f3mo podemos obtener el precio?<\/span><\/span><\/p>\n<p><span style=\"font-family:arial,helvetica,sans-serif\"><span style=\"font-size:14px\">Le invitamos a ponerse en contacto con nosotros en whatsapp. Apenas env\u00edenos las im\u00e1genes de los art\u00edculos usted quiere entonces le diremos los precios cuanto antes.<\/span><\/span><\/p>\n<p>&nbsp;<\/p>\n<p><span style=\"font-family:arial,helvetica,sans-serif\"><span style=\"font-size:14px\">2: \u00bfPueden personalizar mi logotipo?<br \/>\nS\u00ed, absolutamente usted puede, por favor env\u00edenos su LOGOTIPO, estaremos libres de firmarlo. Para la joyer\u00eda de la marca siempre con el logotipo original,<\/span><\/span><\/p>\n<p><span style=\"font-family:arial,helvetica,sans-serif\"><span style=\"font-size:14px\">y si necesitas algo en especial, d\u00edmelo.<\/span><\/span><\/p>\n<p>&nbsp;<\/p>\n<p><span style=\"font-family:arial,helvetica,sans-serif\"><span style=\"font-size:14px\">3: \u00bfC\u00f3mo pago mi pedido?<\/span><\/span><\/p>\n<p><span style=\"font-family:arial,helvetica,sans-serif\"><span style=\"font-size:14px\">Por favor d\u00edgame su orden entonces le diremos el precio del art\u00edculo, la tarifa de env\u00edo y la tarifa original de la caja y la cantidad total. Usted puede hacer el pago por Western Union \/ T\/T, o Payoneer, procesaremos y enviaremos hacia fuera su orden cuanto antes despu\u00e9s del pago hecho.<\/span><\/span><\/p>\n<p>&nbsp;<\/p>\n<p><span style=\"font-family:arial,helvetica,sans-serif\"><span style=\"font-size:14px\">4. \u00bfCu\u00e1nto tiempo puedo recibir mi mercanc\u00eda?<\/span><\/span><\/p>\n<p><span style=\"font-family:arial,helvetica,sans-serif\"><span style=\"font-size:14px\">Orden siempre procesando despu\u00e9s del dep\u00f3sito sobre su pedido. Haciendo tiempo 2-10 d\u00edas laborables dependiendo de la mano de obra de dise\u00f1o.<\/span><\/span><\/p>\n<p><span style=\"font-family:arial,helvetica,sans-serif\"><span style=\"font-size:14px\">dificultad, m\u00e1s 3-7 d\u00edas de tiempo de env\u00edo m\u00e9todo de env\u00edo expreso a todos fo el mundo.<\/span><\/span><\/p>\n<p>&nbsp;<\/p>\n<p><span style=\"font-family:arial,helvetica,sans-serif\"><span style=\"font-size:14px\">5: \u00bfHacen joyas para compradores particulares o s\u00f3lo para mayoristas?<br \/>\nEn realidad estamos hacer toda la venta a quien la venta a en l\u00ednea o tener su propia tienda de dise\u00f1os originales , para la joyer\u00eda de marca permiti\u00f3 que el comprador personal tambi\u00e9n. Usted puede ordenar la joyer\u00eda fina de la marca de la calidad para su familia, amigos y usted mismo en los precios de f\u00e1brica. Incluso ser\u00e1 grande si usted es un revendedor de joyas. Proporcionaremos el env\u00edo libre y las cajas originales libres de la marca si usted puede pedir muchos art\u00edculos cada vez. M\u00e1s cantidad entonces mejor precio .<\/span><\/span><\/p>\n<p>&nbsp;<\/p>\n<p><span style=\"font-family:arial,helvetica,sans-serif\"><span style=\"font-size:14px\">Persona de contacto: Nancy lee<br style=\"font-size: 16px\" \/><br \/>\nWhatsApp: +86-18520267369 \/ Tell:+8618520267369<br style=\"font-size: 16px\" \/><br \/>\nCorreo electr\u00f3nico: nancy@gzkgold.com<br style=\"font-size: 16px\" \/><br \/>\nP\u00e1gina web:<\/span><\/span><\/p><\/p>","protected":false},"excerpt":{"rendered":"<br \/>\n<table class=\"tables data\" width=\"100%\" border=\"0\" cellpadding=\"0\" cellspacing=\"0\">\n<tbody>\n<tr>\n<th width=\"35%\">Lugar de origen:<\/th>\n<td>China<\/td>\n<\/tr>\n<tr>\n<th width=\"35%\">Marca:<\/th>\n<td>Joyas de oro K<\/td>\n<\/tr>\n<tr>\n<th width=\"35%\">Certificaci\u00f3n:<\/th>\n<td>Certificado de joyer\u00eda<\/td>\n<\/tr>\n<tr>\n<th width=\"35%\">N\u00famero de modelo:<\/th>\n<td>KD087CE<\/td>\n<\/tr>\n<\/tbody>\n<\/table>\n<p>                                                                            <span class=\"title_s\">Condiciones de pago y env\u00edo:<\/span>                            <\/p>\n<table class=\"tables data\" width=\"100%\" border=\"0\" cellpadding=\"0\" cellspacing=\"0\">\n<tbody>\n<tr>\n<th width=\"35%\" nowrap=\"nowrap\">Cantidad m\u00ednima de pedido:<\/th>\n<td>5<\/td>\n<\/tr>\n<tr>\n<th width=\"35%\" nowrap=\"nowrap\">Precio:<\/th>\n<td>Negociable<\/td>\n<\/tr>\n<tr>\n<th width=\"35%\" nowrap=\"nowrap\">Detalles del embalaje:<\/th>\n<td>Bolsa PP gruesa est\u00e1ndar, la marca vendr\u00e1 con la marca Embalaje<\/td>\n<\/tr>\n<tr>\n<th width=\"35%\" nowrap=\"nowrap\">Plazo de entrega:<\/th>\n<td>5-15 d\u00edas laborables<\/td>\n<\/tr>\n<tr>\n<th width=\"35%\" nowrap=\"nowrap\">Condiciones de pago:<\/th>\n<td>T\/T, Western Union, D\/P, D\/A, L\/C, MoneyGram<\/td>\n<\/tr>\n<tr>\n<th width=\"35%\" nowrap=\"nowrap\">Capacidad de suministro:<\/th>\n<td>2000pcs\/Mes<\/td>\n<\/tr>\n<\/tbody>\n<\/table>","protected":false},"featured_media":6637,"comment_status":"closed","ping_status":"closed","template":"","meta":{"_gspb_post_css":""},"product_brand":[],"product_cat":[30],"product_tag":[],"class_list":{"0":"post-6641","1":"product","2":"type-product","3":"status-publish","4":"has-post-thumbnail","6":"product_cat-silver-bead-charms","8":"first","9":"instock","10":"shipping-taxable","11":"product-type-simple"},"aioseo_notices":[],"_links":{"self":[{"href":"https:\/\/dearjewelry.ltd\/es\/wp-json\/wp\/v2\/product\/6641","targetHints":{"allow":["GET"]}}],"collection":[{"href":"https:\/\/dearjewelry.ltd\/es\/wp-json\/wp\/v2\/product"}],"about":[{"href":"https:\/\/dearjewelry.ltd\/es\/wp-json\/wp\/v2\/types\/product"}],"replies":[{"embeddable":true,"href":"https:\/\/dearjewelry.ltd\/es\/wp-json\/wp\/v2\/comments?post=6641"}],"wp:featuredmedia":[{"embeddable":true,"href":"https:\/\/dearjewelry.ltd\/es\/wp-json\/wp\/v2\/media\/6637"}],"wp:attachment":[{"href":"https:\/\/dearjewelry.ltd\/es\/wp-json\/wp\/v2\/media?parent=6641"}],"wp:term":[{"taxonomy":"product_brand","embeddable":true,"href":"https:\/\/dearjewelry.ltd\/es\/wp-json\/wp\/v2\/product_brand?post=6641"},{"taxonomy":"product_cat","embeddable":true,"href":"https:\/\/dearjewelry.ltd\/es\/wp-json\/wp\/v2\/product_cat?post=6641"},{"taxonomy":"product_tag","embeddable":true,"href":"https:\/\/dearjewelry.ltd\/es\/wp-json\/wp\/v2\/product_tag?post=6641"}],"curies":[{"name":"wp","href":"https:\/\/api.w.org\/{rel}","templated":true}]}}