{"id":6635,"date":"2025-07-13T10:52:51","date_gmt":"2025-07-13T10:52:51","guid":{"rendered":"https:\/\/dearjewelry.ltd\/product\/screw-18k-gold-nose-piercing-with-1-5mm-3mm-natural-garnet-stone\/"},"modified":"2025-07-13T10:52:51","modified_gmt":"2025-07-13T10:52:51","slug":"screw-18k-gold-nose-piercing-with-1-5mm-3mm-natural-garnet-stone","status":"publish","type":"product","link":"https:\/\/dearjewelry.ltd\/es\/product\/screw-18k-gold-nose-piercing-with-1-5mm-3mm-natural-garnet-stone\/","title":{"rendered":"Piercing de oro de 18 quilates para la nariz con piedra de granate natural de 1.5mm-3mm"},"content":{"rendered":"<h2>Piercing de oro de 18 quilates para la nariz con piedra de granate natural de 1.5mm-3mm<\/h2>\n<p> Descripci\u00f3n<\/p>\n<table cellpadding=\"0\" cellspacing=\"0\" class=\"details_table\">\n<tbody>\n<tr>\n<th>Material:<\/th>\n<td>Solid 18K Yellow Gold<\/td>\n<th>G\u00e9nero:<\/th>\n<td>Women,Ladies<\/td>\n<\/tr>\n<tr class=\"bg_gray\">\n<th>Nombre del producto:<\/th>\n<td>Nose Screw Piercing<\/td>\n<th>Forma:<\/th>\n<td>Screw<\/td>\n<\/tr>\n<tr>\n<th>Ocasi\u00f3n:<\/th>\n<td>Anniversary, Wedding,Gift<\/td>\n<th>Color:<\/th>\n<td>Red,blue,yellow,green<\/td>\n<\/tr>\n<tr class=\"bg_gray\">\n<th>Tama\u00f1o de la piedra:<\/th>\n<td>1.25mm-3.0mm<\/td>\n<th>Gauge Size:<\/th>\n<td>0,6 mm<\/td>\n<\/tr>\n<tr>\n<th colspan=\"1\">Luz alta:<\/th>\n<td colspan=\"3\">\n<h2 style='font-weight: bold;font-size: 14px'>18K Gold Nose Piercing 1.5mm<\/h2>\n<p>, <\/p>\n<h2 style='font-weight: bold;font-size: 14px'>18K Gold Nose Piercing 3mm<\/h2>\n<p>, <\/p>\n<h2 style='font-weight: bold;font-size: 14px'>Natural Garnet Stone 3mm Nose Piercing<\/h2>\n<\/td>\n<\/tr>\n<\/tbody>\n<\/table>\n<p><p><b><span style=\"font-size:16px\"><span style=\"font-family:arial,helvetica,sans-serif\">Descripci\u00f3n del producto:<\/span><\/span><br \/><span style=\"font-size:16px\"><span style=\"font-family:arial,helvetica,sans-serif\">18K Yellow Gold Piercing Jewelry Nose Screw With Natural Garnet Stone<\/span><\/span><\/b><br \/><span style=\"font-size:14px\"><span style=\"font-family:arial,helvetica,sans-serif\"><b>Detalles del producto:&nbsp;<\/b><\/span><\/span><\/p>\n<table border=\"1\" cellpadding=\"0\" cellspacing=\"0\" style=\"width: 651px\">\n<tr>\n<td style=\"width: 145px\"><span style=\"font-size:16px\"><span style=\"font-family:arial,helvetica,sans-serif\">N\u00ba de art\u00edculo<\/span><\/span><\/td>\n<td style=\"width: 501px\">KD089CE<\/td>\n<\/tr>\n<tr>\n<td style=\"width: 145px\"><span style=\"font-size:16px\"><span style=\"font-family:arial,helvetica,sans-serif\">Nombre del producto<\/span><\/span><\/td>\n<td style=\"width: 501px\"><span style=\"font-size: 16px\"><span style=\"font-family: arial, helvetica, sans-serif\">Piercing Jewelry Nose Screw<\/span><\/span><\/td>\n<\/tr>\n<tr>\n<td style=\"width: 145px\"><span style=\"font-size:16px\"><span style=\"font-family:arial,helvetica,sans-serif\">Estilo<\/span><\/span><\/td>\n<td style=\"width: 501px\"><span style=\"font-size:16px\"><span style=\"font-family:arial,helvetica,sans-serif\">Popular \/ Fashion<\/span><\/span><\/td>\n<\/tr>\n<tr>\n<td style=\"width: 145px\"><span style=\"font-size:16px\"><span style=\"font-family:arial,helvetica,sans-serif\">Material<\/span><\/span><\/td>\n<td style=\"width: 501px\"><span style=\"font-size:16px\"><span style=\"font-family:arial,helvetica,sans-serif\">Oro amarillo de 18 quilates&nbsp;<\/span><\/span><\/td>\n<\/tr>\n<tr>\n<td style=\"width: 145px\"><span style=\"font-size:16px\"><span style=\"font-family:arial,helvetica,sans-serif\">Tipo de configuraci\u00f3n<\/span><\/span><\/td>\n<td style=\"width: 501px\"><span style=\"font-size:16px\"><span style=\"font-family:arial,helvetica,sans-serif\">Ajuste de las puntas<\/span><\/span><\/td>\n<\/tr>\n<tr>\n<td style=\"width: 145px\"><span style=\"font-size:16px\"><span style=\"font-family:arial,helvetica,sans-serif\">G\u00e9nero<\/span><\/span><\/td>\n<td style=\"width: 501px\"><span style=\"font-size:16px\"><span style=\"font-family:arial,helvetica,sans-serif\">Women\/Ladies<\/span><\/span><\/td>\n<\/tr>\n<tr>\n<td style=\"width: 145px\"><font face=\"arial, helvetica, sans-serif\"><span style=\"font-size: 16px\">Tama\u00f1o de la piedra<\/span><\/font><\/td>\n<td style=\"width: 501px\"><span style=\"font-size:16px\"><span style=\"font-family:arial,helvetica,sans-serif\">&nbsp;1.5mm-3.0mm available size<\/span><\/span><\/td>\n<\/tr>\n<tr>\n<td style=\"width: 145px\"><span style=\"font-size:16px\"><span style=\"font-family:arial,helvetica,sans-serif\">Personal\u00edzalo:&nbsp;<\/span><\/span><\/td>\n<td style=\"width: 501px\"><span style=\"font-size:16px\"><span style=\"font-family:arial,helvetica,sans-serif\">18K Yellow Gold Nose Piercing<\/span><\/span><\/td>\n<\/tr>\n<tr>\n<td style=\"width: 145px\"><span style=\"font-size:16px\"><span style=\"font-family:arial,helvetica,sans-serif\">Ocasi\u00f3n<\/span><\/span><\/td>\n<td style=\"width: 501px\"><span style=\"font-size:16px\"><span style=\"font-family:arial,helvetica,sans-serif\">Aniversario, Compromiso, Regalo, Fiesta, Boda<\/span><\/span><\/td>\n<\/tr>\n<\/table>\n<p>&nbsp;<\/p>\n<p style=\"padding: 0px;border: 0px;font-family: arial\"><span style=\"font-size:16px\"><span style=\"font-family:arial,helvetica,sans-serif\">1: Gemstone: Natural blue topaz, amethyst, garnet , peridot etc.<\/span><\/span><\/p>\n<p style=\"padding: 0px;border: 0px;font-family: arial\"><span style=\"font-size:16px\"><span style=\"font-family:arial,helvetica,sans-serif\">2: Stone size: 1.5-3.0mm all available<\/span><\/span><\/p>\n<p style=\"padding: 0px;border: 0px;font-family: arial\"><span style=\"font-size:16px\"><span style=\"font-family:arial,helvetica,sans-serif\">3:&nbsp;<\/span><\/span>Gauge size&nbsp;:0.6mm<\/p>\n<p style=\"padding: 0px;border: 0px;font-family: arial\">4: All details according customer&#039;s request.<\/p>\n<p style=\"padding: 0px;border: 0px;font-family: arial\"><span style=\"font-size:14px\"><span style=\"font-family:arial,helvetica,sans-serif\">Ventaja: <\/span><\/span><\/p>\n<p style=\"padding: 0px;border: 0px;font-family: arial\"><span style=\"font-size:14px\"><span style=\"font-family:arial,helvetica,sans-serif\"><span style=\"text-align: justify\">Wearing a gold nose stud or gold nose pin has always been in vogue. It&rsquo;s the simplest way to draw everyone&rsquo;s attention towards your beautiful facial contours. A gold nose stud is a bold statement. It speaks of your confident personality, without using too many words. Not only has it symbolized Indian beauty in the past, but it has also gained popularity in the western world<\/span><\/span><\/span><\/p>\n<p style=\"padding: 0px;border: 0px;font-family: arial\"><span style=\"font-family: arial;font-size: 16px\"><span style=\"font-family:arial,helvetica,sans-serif\"><b><span>Mostrar producto:<\/span><\/b><\/span><\/span><br \/><img decoding=\"async\" src=\"https:\/\/www.gold-jewellerys.com\/test\/gold-jewellerys.com\/photo\/pl36946748-remark.jpg\"><\/p>\n<p style=\"padding: 0px;border: 0px\"><img decoding=\"async\" src=\"https:\/\/www.gold-jewellerys.com\/test\/gold-jewellerys.com\/photo\/pl36946699-remark.jpg\"><img decoding=\"async\" src=\"https:\/\/www.gold-jewellerys.com\/test\/gold-jewellerys.com\/photo\/pl36946700-remark.jpg\"><br \/><span style=\"font-size:14px\"><span style=\"font-family: arial\"><span style=\"font-family:arial,helvetica,sans-serif\"><b>Por qu\u00e9 elegirnos:<\/b><\/span><\/span><\/span><br \/><span style=\"font-size:14px\"><span style=\"font-family: arial\">1: K-Gold cuenta con 21 a\u00f1os de experiencia en el sector de la joyer\u00eda y 17 a\u00f1os en producci\u00f3n.<\/span><br \/><span style=\"font-family: arial\">2: Tambi\u00e9n nuestro equipo profesional de I + D para asegurar que nuestros productos se actualizan constantemente y por delante de la industria. As\u00ed que tenemos m\u00e1s de 30000 dise\u00f1os diferentes y m\u00e1s de 46 colecciones pueden cumplir de solicitud de mercado diferentes.<\/span><br \/><span style=\"font-family: arial\">3: Para personalizar los art\u00edculos que usted puede conseguir CAD mismo d\u00eda o al d\u00eda siguiente para confirmar los datos antes del inicio del pedido.<\/span><br \/><span style=\"font-family: arial\">4: El objetivo de K-gold es ofrecer a los clientes productos adecuados al precio adecuado y entregarlos a tiempo.<\/span><br \/><span style=\"font-family: arial\">&nbsp; Contamos con un potente equipo de atenci\u00f3n al cliente que est\u00e1 pendiente de todo el proceso de venta, para ayudarle ante cualquier duda,<\/span><br \/><span style=\"font-family: arial\">&nbsp; desde el dise\u00f1o CAD hasta la entrega.<\/span><\/span><\/p>\n<p style=\"padding: 0px;border: 0px\"><b><span style=\"font-family:arial,helvetica,sans-serif\">K Gold Factory Show:<\/span><\/b><\/p>\n<p style=\"padding: 0px;border: 0px\"><img decoding=\"async\" src=\"https:\/\/www.gold-jewellerys.com\/test\/gold-jewellerys.com\/photo\/pl36906271-remark.jpg\"><img decoding=\"async\" src=\"https:\/\/www.gold-jewellerys.com\/test\/gold-jewellerys.com\/photo\/pl36906274-remark.jpg\"><\/p>\n<p style=\"padding: 0px;border: 0px\"><span style=\"font-size:14px\"><span style=\"font-family:arial,helvetica,sans-serif\">El objetivo de K-gold es proporcionar a los clientes los productos adecuados al precio adecuado y entregarlos a tiempo. Contamos con un potente equipo de atenci\u00f3n al cliente que vigila todo el proceso de venta y le ayuda con cualquier duda, desde el dise\u00f1o CAD hasta la entrega.<\/span><\/span><\/p>\n<p style=\"padding: 0px;border: 0px\"><span style=\"font-size:14px\"><span style=\"font-family:arial,helvetica,sans-serif\">K-gold Jewelry sincerely looking forward to working with customer all over the world, Let our the business grow up together.<\/span><\/span><\/p>\n<p style=\"padding: 0px;border: 0px\"><span style=\"font-family: arial;font-size: 14px\">Persona de contacto: Cherry Lee<br \/>WhatsApp: +86-18520267369 \/ Tell:+8618520267369<br \/>Correo electr\u00f3nico:<br \/>P\u00e1gina web:<\/span><\/p>\n<p style=\"padding: 0px;border: 0px;font-family: arial\">&nbsp;<\/p>\n<p style=\"padding: 0px;border: 0px;font-family: arial\"><span>PREGUNTAS FRECUENTES:<\/span><br style=\"font-family: arial\" \/><span>P1: \u00bfC\u00f3mo podemos obtener el precio?<\/span><br style=\"font-family: arial\" \/><span>Le invitamos a ponerse en contacto con nosotros en whatsapp. Apenas env\u00edenos las im\u00e1genes de los art\u00edculos usted quiere entonces le diremos los precios cuanto antes.<\/span><\/p>\n<p style=\"padding: 0px;border: 0px;font-family: arial\">Q2: What&#039;s the MOQ?<br \/>The MOQ is 5pcs per style, if you can do 3pcs per style, the price will more best..<br \/>&nbsp;<br \/>Q3: Do you offer certifications&nbsp;?<br \/>s\u00ed, podemos ofrecer certificaciones GIA, GRA. .<br \/>&nbsp;<\/p>\n<p style=\"padding: 0px;border: 0px;font-family: arial\">Q4: Q:Can I order 9K or 10K gold instead of 18K?<br \/>R: S\u00ed, claro que puede, el MOQ s\u00f3lo 5 piezas de 9K o 10k joyas<br \/>&nbsp;<br \/>Q5. QCan you do 1:1 same as the original brand jewelry designs?<br \/>S\u00ed, todas las joyas de marca se hacen 1:1 igual que los dise\u00f1os originales.<\/p>\n<p style=\"padding: 0px;border: 0px;font-family: arial\">&nbsp;<\/p>\n<p style=\"padding: 0px;border: 0px;font-family: arial\">Q6: Can I Customized My Own Designs?<\/p>\n<p style=\"padding: 0px;border: 0px;font-family: arial\">Usted es bienvenido a dise\u00f1ar su propia joyer\u00eda o su marca, proporcionar sus fotos de dise\u00f1o y detalles que podemos dibujar CAD para usted antes de la producci\u00f3n.<\/p>\n<p style=\"padding: 0px;border: 0px;font-family: arial\">&nbsp;<\/p><\/p>","protected":false},"excerpt":{"rendered":"<br \/>\n<table class=\"tables data\" width=\"100%\" border=\"0\" cellpadding=\"0\" cellspacing=\"0\">\n<tbody>\n<tr>\n<th width=\"35%\">Lugar de origen:<\/th>\n<td>China<\/td>\n<\/tr>\n<tr>\n<th width=\"35%\">Marca:<\/th>\n<td>Marca de lujo<\/td>\n<\/tr>\n<tr>\n<th width=\"35%\">Certificaci\u00f3n:<\/th>\n<td>Certificado de joyer\u00eda<\/td>\n<\/tr>\n<tr>\n<th width=\"35%\">N\u00famero de modelo:<\/th>\n<td>KD089CE<\/td>\n<\/tr>\n<\/tbody>\n<\/table>\n<p>                                                                            <span class=\"title_s\">Condiciones de pago y env\u00edo:<\/span>                            <\/p>\n<table class=\"tables data\" width=\"100%\" border=\"0\" cellpadding=\"0\" cellspacing=\"0\">\n<tbody>\n<tr>\n<th width=\"35%\" nowrap=\"nowrap\">Cantidad m\u00ednima de pedido:<\/th>\n<td>5<\/td>\n<\/tr>\n<tr>\n<th width=\"35%\" nowrap=\"nowrap\">Precio:<\/th>\n<td>Negociable<\/td>\n<\/tr>\n<tr>\n<th width=\"35%\" nowrap=\"nowrap\">Detalles del embalaje:<\/th>\n<td>Embalaje en caja de regalo original de la marca<\/td>\n<\/tr>\n<tr>\n<th width=\"35%\" nowrap=\"nowrap\">Plazo de entrega:<\/th>\n<td>5-15 d\u00edas laborables<\/td>\n<\/tr>\n<tr>\n<th width=\"35%\" nowrap=\"nowrap\">Condiciones de pago:<\/th>\n<td>T\/T, Western Union<\/td>\n<\/tr>\n<tr>\n<th width=\"35%\" nowrap=\"nowrap\">Capacidad de suministro:<\/th>\n<td>1000pcs\/Mes<\/td>\n<\/tr>\n<\/tbody>\n<\/table>","protected":false},"featured_media":6631,"comment_status":"closed","ping_status":"closed","template":"","meta":{"_gspb_post_css":""},"product_brand":[],"product_cat":[30],"product_tag":[],"class_list":{"0":"post-6635","1":"product","2":"type-product","3":"status-publish","4":"has-post-thumbnail","6":"product_cat-silver-bead-charms","8":"first","9":"instock","10":"shipping-taxable","11":"product-type-simple"},"aioseo_notices":[],"_links":{"self":[{"href":"https:\/\/dearjewelry.ltd\/es\/wp-json\/wp\/v2\/product\/6635","targetHints":{"allow":["GET"]}}],"collection":[{"href":"https:\/\/dearjewelry.ltd\/es\/wp-json\/wp\/v2\/product"}],"about":[{"href":"https:\/\/dearjewelry.ltd\/es\/wp-json\/wp\/v2\/types\/product"}],"replies":[{"embeddable":true,"href":"https:\/\/dearjewelry.ltd\/es\/wp-json\/wp\/v2\/comments?post=6635"}],"wp:featuredmedia":[{"embeddable":true,"href":"https:\/\/dearjewelry.ltd\/es\/wp-json\/wp\/v2\/media\/6631"}],"wp:attachment":[{"href":"https:\/\/dearjewelry.ltd\/es\/wp-json\/wp\/v2\/media?parent=6635"}],"wp:term":[{"taxonomy":"product_brand","embeddable":true,"href":"https:\/\/dearjewelry.ltd\/es\/wp-json\/wp\/v2\/product_brand?post=6635"},{"taxonomy":"product_cat","embeddable":true,"href":"https:\/\/dearjewelry.ltd\/es\/wp-json\/wp\/v2\/product_cat?post=6635"},{"taxonomy":"product_tag","embeddable":true,"href":"https:\/\/dearjewelry.ltd\/es\/wp-json\/wp\/v2\/product_tag?post=6635"}],"curies":[{"name":"wp","href":"https:\/\/api.w.org\/{rel}","templated":true}]}}