{"id":6623,"date":"2025-07-13T10:52:45","date_gmt":"2025-07-13T10:52:45","guid":{"rendered":"https:\/\/dearjewelry.ltd\/product\/thickness-0-6mm-18k-gold-nose-piercing-with-2mm-round-stone\/"},"modified":"2025-07-13T10:52:45","modified_gmt":"2025-07-13T10:52:45","slug":"thickness-0-6mm-18k-gold-nose-piercing-with-2mm-round-stone","status":"publish","type":"product","link":"https:\/\/dearjewelry.ltd\/es\/product\/thickness-0-6mm-18k-gold-nose-piercing-with-2mm-round-stone\/","title":{"rendered":"Espesor 0.6mm Oro 18K Piercing Nariz con Piedra Redonda 2mm"},"content":{"rendered":"<h2>Espesor 0.6mm Oro 18K Piercing Nariz con Piedra Redonda 2mm<\/h2>\n<p> Descripci\u00f3n<\/p>\n<table cellpadding=\"0\" cellspacing=\"0\" class=\"details_table\">\n<tbody>\n<tr>\n<th>Material:<\/th>\n<td>Solid 9K\/10K\/14K\/18K<\/td>\n<th>Di\u00e1metro:<\/th>\n<td>8 mm<\/td>\n<\/tr>\n<tr class=\"bg_gray\">\n<th>Tama\u00f1o de la piedra:<\/th>\n<td>2mm Round<\/td>\n<th>Color de la piedra:<\/th>\n<td>Blue Opal \/purple Opal\/ Green Opal<\/td>\n<\/tr>\n<tr>\n<th>Opal Qty:<\/th>\n<td>3 Piezas<\/td>\n<th>Bola lisa Tama\u00f1o:<\/th>\n<td>1,5 mm<\/td>\n<\/tr>\n<tr class=\"bg_gray\">\n<th>MOQ:<\/th>\n<td>3 Piezas<\/td>\n<th>Entrega:<\/th>\n<td>12~15 Business Days<\/td>\n<\/tr>\n<tr>\n<th colspan=\"1\">Luz alta:<\/th>\n<td colspan=\"3\">\n<h2 style='font-weight: bold;font-size: 14px'>0.6mm 18K Gold Nose Piercing<\/h2>\n<p>, <\/p>\n<h2 style='font-weight: bold;font-size: 14px'>2mm 18K Gold Nose Piercing<\/h2>\n<\/td>\n<\/tr>\n<\/tbody>\n<\/table>\n<p><p><span style=\"font-size:16px\"><strong><span style=\"font-family:arial,helvetica,sans-serif\">Descripci\u00f3n del producto:<\/span><\/strong><\/span><\/p>\n<p><strong><span style=\"font-size:16px\"><span style=\"font-family:arial,helvetica,sans-serif\">18K Yellow Gold Blue Opal Stones With Leaf Hoop Nose Piercing Ring<\/span><\/span><\/strong><strong><span style=\"font-family:arial,helvetica,sans-serif\"><span style=\"font-size:16px\"> <\/span><\/span><\/strong><\/p>\n<table border=\"1\" cellpadding=\"0\" cellspacing=\"0\" style=\"width: 626px\">\n<tbody>\n<tr>\n<td style=\"width: 126px\"><span style=\"font-size:16px\">N\u00ba de art\u00edculo<\/span><\/td>\n<td style=\"width: 491px\">KD086CE<\/td>\n<\/tr>\n<tr>\n<td style=\"width: 126px\"><span style=\"font-size:16px\">Nombre del producto<\/span><\/td>\n<td style=\"width: 491px\"><span style=\"font-size:16px\">Piercing Nose Hoope Ring With leaf<\/span><\/td>\n<\/tr>\n<tr>\n<td style=\"width: 126px\"><span style=\"font-size:16px\">Material<\/span><\/td>\n<td style=\"width: 491px\"><span style=\"font-size:16px\">Solid 18k yellow gold<\/span><\/td>\n<\/tr>\n<tr>\n<td style=\"width: 126px\"><span style=\"font-size:16px\">G\u00e9nero<\/span><\/td>\n<td style=\"width: 491px\"><span style=\"font-size: 16px\">Girls\/Ladies<\/span><\/td>\n<\/tr>\n<tr>\n<td style=\"width: 126px\">Espesor<\/td>\n<td style=\"width: 491px\">\n<p>0,6 mm<\/p>\n<\/td>\n<\/tr>\n<tr>\n<td style=\"width: 126px\"><span style=\"font-size: 16px\">Tama\u00f1o de la piedra<\/span><\/td>\n<td style=\"width: 491px\"><span style=\"font-size: 16px\">2 mm<\/span><\/td>\n<\/tr>\n<tr>\n<td style=\"width: 126px\">Stone color<\/td>\n<td style=\"width: 491px\">Blue opal\/green opal\/purple opal\/white etc<\/td>\n<\/tr>\n<tr>\n<td style=\"width: 126px\"><span style=\"font-size: 16px\">Ocasi\u00f3n<\/span><\/td>\n<td style=\"width: 491px\">\n<p>Regalo de fiesta, compromiso, aniversario<\/p>\n<\/td>\n<\/tr>\n<\/tbody>\n<\/table>\n<p>&nbsp;<\/p>\n<p><strong><span style=\"font-size:14px\">You can choose more different color :<\/span><\/strong><\/p>\n<p><img decoding=\"async\" src=\"https:\/\/www.gold-jewellerys.com\/test\/gold-jewellerys.com\/photo\/pl36952236-remark.jpg\"><\/p>\n<p><span style=\"font-size:14px\"><strong>Ventaja:&nbsp;<\/strong><\/span><\/p>\n<p><span style=\"font-size:14px\"><span style=\"font-family: arial, helvetica, sans-serif\">Los alfileres de nariz son populares desde hace mucho tiempo. De hecho, ya en la antig\u00fcedad se pod\u00edan encontrar alfileres de nariz como parte de la joyer\u00eda nasal. En todos los continentes y culturas, hombres y mujeres se han adornado con piercings nasales. Incluso hoy en d\u00eda, los piercings nasales como los alfileres de nariz tienden a evocar un sentido del estilo. Adem\u00e1s de representar un aspecto elegante, estos accesorios tienen una esencia cultural. Resaltan la parte central de la cara y, al mismo tiempo, representan la libertad de esp\u00edritu y un cierto grado de alegr\u00eda. En K Gold Jewelry le ofrecemos una plataforma \u00fanica en la que podr\u00e1 encontrar joyas para el cuerpo atrevidamente diferentes con diversos dise\u00f1os, incluida una colecci\u00f3n de impresionantes pendientes para la nariz a los mejores precios del sector. Conf\u00ede en nuestra colecci\u00f3n de joyas para el cuerpo para a\u00f1adir un cierto grado de misticismo a su persona. Lo mejor de llevar joyas para la nariz es que puedes mejorar tu aspecto sin necesidad de comprar marcas caras. K Gold es un inventario completo de piercings fabricados con materiales seguros para la piel, como oro chapado en plata de ley 9K,10k,14k y 925, bellamente elaborados en tachuelas y alfileres que son mucho mejores que cualquier otra cosa que haya visto en este segmento. Mientras seguimos innovando, nuestra gama de opciones de piercing se entrega con la promesa de creatividad a un precio asequible.<\/span><\/span><\/p>\n<p><span style=\"font-size:14px\"><font face=\"arial, helvetica, sans-serif\">P\u00f3ngase en contacto con nosotros y le ayudaremos a crear art\u00edculos perfectos.<\/font><\/span><\/p>\n<p>&nbsp;<\/p>\n<p><span style=\"font-size:14px\">Por qu\u00e9 elegirnos:<br \/>\n1: K-Gold cuenta con 21 a\u00f1os de experiencia en el sector de la joyer\u00eda y 17 a\u00f1os en producci\u00f3n.<br \/>\n2: Tambi\u00e9n nuestro equipo profesional de I + D para asegurar que nuestros productos se actualizan constantemente y por delante de la industria. As\u00ed que tenemos m\u00e1s de 3000 dise\u00f1os diferentes y m\u00e1s de 46 colecciones pueden satisfacer la demanda de diferentes mercados.<br \/>\n3: Para personalizar los art\u00edculos que usted puede conseguir CAD mismo d\u00eda o al d\u00eda siguiente para confirmar los datos antes del inicio del pedido.<br \/>\n4: El objetivo de K-gold es ofrecer a los clientes productos adecuados al precio adecuado y entregarlos a tiempo.<br \/>\n5: Tenemos un equipo de servicio al cliente de gran alcance que mantiene un ojo en todo el proceso de venta, ayudarle a cualquier pregunta, desde el dise\u00f1o CAD para entregar.<\/span><br \/>\n&nbsp;<\/p>\n<p><span style=\"font-size:16px\"><span style=\"font-family:arial,helvetica,sans-serif\">Productos Mostrar:<\/span><\/span><\/p>\n<p><img decoding=\"async\" src=\"https:\/\/www.gold-jewellerys.com\/test\/gold-jewellerys.com\/photo\/pl36946678-remark.jpg\"><img decoding=\"async\" src=\"https:\/\/www.gold-jewellerys.com\/test\/gold-jewellerys.com\/photo\/pl36946677-remark.jpg\"><img decoding=\"async\" src=\"https:\/\/www.gold-jewellerys.com\/test\/gold-jewellerys.com\/photo\/pl36946679-remark.jpg\"><\/p>\n<p><span style=\"font-family: arial, helvetica, sans-serif\">Persona de contacto: Nancy lee<\/span><br style=\"font-family: arial, helvetica, sans-serif;font-size: 16px\" \/><br \/>\n<span style=\"font-family: arial, helvetica, sans-serif\">WhatsApp: +86-18520267369 \/ Tell:+8618520267369<\/span><br style=\"font-family: arial, helvetica, sans-serif;font-size: 16px\" \/><br \/>\n<span style=\"font-family: arial, helvetica, sans-serif\">Correo electr\u00f3nico: nancy@gzkgold.com<\/span><br style=\"font-family: arial, helvetica, sans-serif;font-size: 16px\" \/><br \/>\n<span style=\"font-family: arial, helvetica, sans-serif\">P\u00e1gina web:<\/span><\/p>\n<p>&nbsp;<\/p>\n<p><span style=\"font-family:arial,helvetica,sans-serif\"><span style=\"font-size:14px\">PREGUNTAS FRECUENTES:<\/span><\/span><\/p>\n<p><span style=\"font-family:arial,helvetica,sans-serif\"><span style=\"font-size:14px\">1: \u00bfC\u00f3mo podemos obtener el precio?<\/span><\/span><\/p>\n<p><span style=\"font-family:arial,helvetica,sans-serif\"><span style=\"font-size:14px\">Le invitamos a ponerse en contacto con nosotros en whatsapp. Apenas env\u00edenos las im\u00e1genes de los art\u00edculos usted quiere entonces le diremos los precios cuanto antes.<\/span><\/span><\/p>\n<p>&nbsp;<\/p>\n<p><span style=\"font-family:arial,helvetica,sans-serif\"><span style=\"font-size:14px\">2: \u00bfPueden personalizar mi logotipo?<br \/>\nS\u00ed, absolutamente usted puede, por favor env\u00edenos su LOGOTIPO, estaremos libres de firmarlo. Para la joyer\u00eda de la marca siempre con el logotipo original,<\/span><\/span><\/p>\n<p><span style=\"font-family:arial,helvetica,sans-serif\"><span style=\"font-size:14px\">y si necesitas algo en especial, d\u00edmelo.<\/span><\/span><\/p>\n<p>&nbsp;<\/p>\n<p><span style=\"font-family:arial,helvetica,sans-serif\"><span style=\"font-size:14px\">3: \u00bfC\u00f3mo pago mi pedido?<\/span><\/span><\/p>\n<p><span style=\"font-family:arial,helvetica,sans-serif\"><span style=\"font-size:14px\">Por favor d\u00edgame su orden entonces le diremos el precio del art\u00edculo, la tarifa de env\u00edo y la tarifa original de la caja y la cantidad total. Usted puede hacer el pago por Western Union \/ T\/T, o Payoneer, procesaremos y enviaremos hacia fuera su orden cuanto antes despu\u00e9s del pago hecho.<\/span><\/span><\/p>\n<p>&nbsp;<\/p>\n<p><span style=\"font-family:arial,helvetica,sans-serif\"><span style=\"font-size:14px\">4. \u00bfCu\u00e1nto tiempo puedo recibir mi mercanc\u00eda?<\/span><\/span><\/p>\n<p><span style=\"font-family:arial,helvetica,sans-serif\"><span style=\"font-size:14px\">Orden siempre procesando despu\u00e9s del dep\u00f3sito sobre su pedido. Haciendo tiempo 2-10 d\u00edas laborables dependiendo de la mano de obra de dise\u00f1o.<\/span><\/span><\/p>\n<p><span style=\"font-family:arial,helvetica,sans-serif\"><span style=\"font-size:14px\">dificultad, m\u00e1s 3-7 d\u00edas de tiempo de env\u00edo m\u00e9todo de env\u00edo expreso a todos fo el mundo.<\/span><\/span><\/p>\n<p>&nbsp;<\/p>\n<p><span style=\"font-family:arial,helvetica,sans-serif\"><span style=\"font-size:14px\">5: \u00bfHacen joyas para compradores particulares o s\u00f3lo para mayoristas?<br \/>\nEn realidad estamos hacer toda la venta a quien la venta a en l\u00ednea o tener su propia tienda de dise\u00f1os originales , para la joyer\u00eda de marca permiti\u00f3 que el comprador personal tambi\u00e9n. Usted puede ordenar la joyer\u00eda fina de la marca de la calidad para su familia, amigos y usted mismo en los precios de f\u00e1brica. Incluso ser\u00e1 grande si usted es un revendedor de joyas. Proporcionaremos el env\u00edo libre y las cajas originales libres de la marca si usted puede pedir muchos art\u00edculos cada vez. M\u00e1s cantidad entonces mejor precio .<\/span><\/span><\/p><\/p>","protected":false},"excerpt":{"rendered":"<br \/>\n<table class=\"tables data\" width=\"100%\" border=\"0\" cellpadding=\"0\" cellspacing=\"0\">\n<tbody>\n<tr>\n<th width=\"35%\">Lugar de origen:<\/th>\n<td>China<\/td>\n<\/tr>\n<tr>\n<th width=\"35%\">Marca:<\/th>\n<td>Joyas de oro K<\/td>\n<\/tr>\n<tr>\n<th width=\"35%\">Certificaci\u00f3n:<\/th>\n<td>Certificado de joyer\u00eda<\/td>\n<\/tr>\n<tr>\n<th width=\"35%\">N\u00famero de modelo:<\/th>\n<td>KD094CE<\/td>\n<\/tr>\n<\/tbody>\n<\/table>\n<p>                                                                            <span class=\"title_s\">Condiciones de pago y env\u00edo:<\/span>                            <\/p>\n<table class=\"tables data\" width=\"100%\" border=\"0\" cellpadding=\"0\" cellspacing=\"0\">\n<tbody>\n<tr>\n<th width=\"35%\" nowrap=\"nowrap\">Cantidad m\u00ednima de pedido:<\/th>\n<td>5<\/td>\n<\/tr>\n<tr>\n<th width=\"35%\" nowrap=\"nowrap\">Precio:<\/th>\n<td>Negociable<\/td>\n<\/tr>\n<tr>\n<th width=\"35%\" nowrap=\"nowrap\">Detalles del embalaje:<\/th>\n<td>Bolsa PP gruesa est\u00e1ndar, la marca vendr\u00e1 con la marca Embalaje<\/td>\n<\/tr>\n<tr>\n<th width=\"35%\" nowrap=\"nowrap\">Plazo de entrega:<\/th>\n<td>5-15 d\u00edas laborables<\/td>\n<\/tr>\n<tr>\n<th width=\"35%\" nowrap=\"nowrap\">Condiciones de pago:<\/th>\n<td>T\/T, Western Union, D\/P, D\/A, L\/C, MoneyGram<\/td>\n<\/tr>\n<tr>\n<th width=\"35%\" nowrap=\"nowrap\">Capacidad de suministro:<\/th>\n<td>2000pcs\/Mes<\/td>\n<\/tr>\n<\/tbody>\n<\/table>","protected":false},"featured_media":6619,"comment_status":"closed","ping_status":"closed","template":"","meta":{"_gspb_post_css":""},"product_brand":[],"product_cat":[30],"product_tag":[],"class_list":{"0":"post-6623","1":"product","2":"type-product","3":"status-publish","4":"has-post-thumbnail","6":"product_cat-silver-bead-charms","8":"first","9":"instock","10":"shipping-taxable","11":"product-type-simple"},"aioseo_notices":[],"_links":{"self":[{"href":"https:\/\/dearjewelry.ltd\/es\/wp-json\/wp\/v2\/product\/6623","targetHints":{"allow":["GET"]}}],"collection":[{"href":"https:\/\/dearjewelry.ltd\/es\/wp-json\/wp\/v2\/product"}],"about":[{"href":"https:\/\/dearjewelry.ltd\/es\/wp-json\/wp\/v2\/types\/product"}],"replies":[{"embeddable":true,"href":"https:\/\/dearjewelry.ltd\/es\/wp-json\/wp\/v2\/comments?post=6623"}],"wp:featuredmedia":[{"embeddable":true,"href":"https:\/\/dearjewelry.ltd\/es\/wp-json\/wp\/v2\/media\/6619"}],"wp:attachment":[{"href":"https:\/\/dearjewelry.ltd\/es\/wp-json\/wp\/v2\/media?parent=6623"}],"wp:term":[{"taxonomy":"product_brand","embeddable":true,"href":"https:\/\/dearjewelry.ltd\/es\/wp-json\/wp\/v2\/product_brand?post=6623"},{"taxonomy":"product_cat","embeddable":true,"href":"https:\/\/dearjewelry.ltd\/es\/wp-json\/wp\/v2\/product_cat?post=6623"},{"taxonomy":"product_tag","embeddable":true,"href":"https:\/\/dearjewelry.ltd\/es\/wp-json\/wp\/v2\/product_tag?post=6623"}],"curies":[{"name":"wp","href":"https:\/\/api.w.org\/{rel}","templated":true}]}}