{"id":6091,"date":"2025-07-13T10:49:16","date_gmt":"2025-07-13T10:49:16","guid":{"rendered":"https:\/\/dearjewelry.ltd\/product\/925-sterling-silver-greek-pattern-lab-opal-heart-pendant-for-women-engagement\/"},"modified":"2025-07-13T10:49:16","modified_gmt":"2025-07-13T10:49:16","slug":"colgante-de-plata-de-ley-925-con-forma-de-corazon-de-opalo-de-laboratorio-para-compromiso-de-mujer","status":"publish","type":"product","link":"https:\/\/dearjewelry.ltd\/es\/product\/colgante-de-plata-de-ley-925-con-forma-de-corazon-de-opalo-de-laboratorio-para-compromiso-de-mujer\/","title":{"rendered":"925 Plata de Ley Griego Patr\u00f3n Lab Opal Coraz\u00f3n Colgante Para Mujeres Compromiso"},"content":{"rendered":"<h2>925 Plata de Ley Griego Patr\u00f3n Lab Opal Coraz\u00f3n Colgante Para Mujeres Compromiso<\/h2>\n<p> Descripci\u00f3n<\/p>\n<table cellpadding=\"0\" cellspacing=\"0\" class=\"details_table\">\n<tbody>\n<tr>\n<th>Material:<\/th>\n<td>Plata de ley<\/td>\n<th>Tipo de joya:<\/th>\n<td>Colgante Llave Griega<\/td>\n<\/tr>\n<tr class=\"bg_gray\">\n<th>Forma:<\/th>\n<td>Otros<\/td>\n<th>Tipo de ajuste:<\/th>\n<td>Ajuste manual<\/td>\n<\/tr>\n<tr>\n<th>Ocasi\u00f3n:<\/th>\n<td>Compromiso, Regalo, Fiesta, Boda, Aniversario,<\/td>\n<th>Piedra principal:<\/th>\n<td>\u00d3palo azul<\/td>\n<\/tr>\n<tr class=\"bg_gray\">\n<th>Color:<\/th>\n<td>Azul<\/td>\n<\/tr>\n<tr>\n<th colspan=\"1\">Luz alta:<\/th>\n<td colspan=\"3\">\n<h2 style='font-weight: bold;font-size: 14px'>Colgante Coraz\u00f3n \u00d3palo Plata de Ley 925<\/h2>\n<p>, <\/p>\n<h2 style='font-weight: bold;font-size: 14px'>Colgante de \u00f3palo de laboratorio con motivo griego<\/h2>\n<\/td>\n<\/tr>\n<\/tbody>\n<\/table>\n<p><p><span style=\"font-size:16px\"><strong>Con 925 Plata de Ley Coraz\u00f3n Dise\u00f1os Griego Patr\u00f3n Lab Opal Compromiso Colgante Para Las Mujeres<\/strong><\/span><span style=\"font-size:16px\"><strong> <\/strong><\/span><\/p>\n<table border=\"1\" cellpadding=\"0\" cellspacing=\"0\" style=\"width: 579px\">\n<tbody>\n<tr>\n<td style=\"width: 147px\">N\u00ba de art\u00edculo<\/td>\n<td style=\"width: 423px\">KD339P<\/td>\n<\/tr>\n<tr>\n<td style=\"width: 147px\">Nombre del producto<\/td>\n<td style=\"width: 423px\">Colgante de compromiso de \u00f3palo de laboratorio con motivo griego<\/td>\n<\/tr>\n<tr>\n<td style=\"width: 147px\">Estilo<\/td>\n<td style=\"width: 423px\">Colgante de \u00f3palo griego<\/td>\n<\/tr>\n<tr>\n<td style=\"width: 147px\">Material<\/td>\n<td style=\"width: 423px\">Sterling Sliver<\/td>\n<\/tr>\n<tr>\n<td style=\"width: 147px\">Tipo de configuraci\u00f3n<\/td>\n<td style=\"width: 423px\">Prong Hand setting<\/td>\n<\/tr>\n<tr>\n<td style=\"width: 147px\">G\u00e9nero<\/td>\n<td style=\"width: 423px\">Mujeres<\/td>\n<\/tr>\n<tr>\n<td style=\"width: 147px\">Piedra<\/td>\n<td style=\"width: 423px\">\n<p>\u00d3palo azul<\/p>\n<\/td>\n<\/tr>\n<tr>\n<td style=\"width: 147px\">Ocasi\u00f3n<\/td>\n<td style=\"width: 423px\">Aniversario, Compromiso, Regalo, Fiesta, Boda<\/td>\n<\/tr>\n<\/tbody>\n<\/table>\n<p><span style=\"font-family:arial,helvetica,sans-serif\">Detalle de la producci\u00f3n :<br \/>\nPiedra lateral Informaci\u00f3n: SQ 4x4pcs 2pcs<br \/>\nCorte medio : Excelente<br \/>\nTipo de engaste : Engastado<\/span><\/p>\n<p>&nbsp;<\/p>\n<p><span style=\"font-family:arial,helvetica,sans-serif\">Informaci\u00f3n de la piedra principal: Personalizar disponible \/ Cliente proporcionar<br \/>\nPeso total en quilates: 1,25~+ct<\/span><\/p>\n<p><span style=\"font-family:arial,helvetica,sans-serif\">Piedra principal: SQ66MM<\/span><\/p>\n<p>&nbsp;<\/p>\n<p>El oro de 18k se compone de oro 75%, que es m\u00e1s que el contenido en oro de los anillos de oro de 10k o 14k. Normalmente, no encontrar\u00e1 anillos que superen los 18k, ya que el oro puro es maleable y se raya con extrema facilidad. Nuestras semimonturas de diamantes en oro de 18k son perfectas para quienes prefieren un alto contenido en oro que no se empa\u00f1e f\u00e1cilmente. Ofrecemos estas impresionantes semimonturas en oro blanco, rosa y amarillo.<\/p>\n<p><img decoding=\"async\" src=\"https:\/\/www.gold-jewellerys.com\/test\/gold-jewellerys.com\/photo\/pl148988402-remark.jpg\"><\/p>\n<p><img decoding=\"async\" src=\"https:\/\/www.gold-jewellerys.com\/test\/gold-jewellerys.com\/photo\/pl148988400-remark.jpg\"><\/p>\n<p><img decoding=\"async\" src=\"https:\/\/www.gold-jewellerys.com\/test\/gold-jewellerys.com\/photo\/pl148988398-remark.jpg\"><\/p>\n<p>&nbsp;<\/p>\n<p>&nbsp;<\/p>\n<p><span style=\"font-family:arial,helvetica,sans-serif\">Por qu\u00e9 elegirnos:<br \/>\n1: K-Gold cuenta con 21 a\u00f1os de experiencia en el sector de la joyer\u00eda y 17 a\u00f1os en producci\u00f3n.<br \/>\n2: Tambi\u00e9n nuestro equipo profesional de I + D para asegurar que nuestros productos se actualizan constantemente y por delante de la industria. As\u00ed que tenemos m\u00e1s de 3000 dise\u00f1os diferentes y m\u00e1s de 46 colecciones pueden satisfacer la demanda de diferentes mercados.<br \/>\n3: Para personalizar los art\u00edculos que usted puede conseguir CAD mismo d\u00eda o al d\u00eda siguiente para confirmar los datos antes del inicio del pedido.<br \/>\n4: El objetivo de K-gold es ofrecer a los clientes productos adecuados al precio adecuado y entregarlos a tiempo.<br \/>\n5: Tenemos un equipo de servicio al cliente de gran alcance que mantiene un ojo en todo el proceso de venta, ayudarle a cualquier pregunta, desde el dise\u00f1o CAD para entregar.<br \/>\nServicio de f\u00e1brica K-Gold:<\/span><\/p>\n<p>&nbsp;<\/p>\n<p>&nbsp;<\/p>\n<p><span style=\"font-family:arial,helvetica,sans-serif\">K Proceso de producci\u00f3n de oro :&nbsp;<\/span><\/p>\n<p><span style=\"font-family:arial,helvetica,sans-serif\"><img decoding=\"async\" src=\"https:\/\/www.gold-jewellerys.com\/test\/gold-jewellerys.com\/photo\/pl36314863-remark.jpg\"><img decoding=\"async\" src=\"https:\/\/www.gold-jewellerys.com\/test\/gold-jewellerys.com\/photo\/pl36314865-remark.jpg\"><\/span><\/p>\n<p>&nbsp;<\/p>\n<p>&nbsp;<\/p>\n<p><span style=\"font-size:14px\">Persona de contacto: Nancy lee<br \/>\nWhatsApp: +86-18520267369 \/ Tell:+8618520267369<br \/>\nCorreo electr\u00f3nico: nancy@gzkgold.com<br \/>\nP\u00e1gina web:<\/span><\/p>\n<p>&nbsp;<\/p>\n<p>PREGUNTAS FRECUENTES:<\/p>\n<p>P1: \u00bfY la calidad de sus diamantes?<\/p>\n<p>R: Siempre usamos VS, SI G-H diamantes naturales, si desea cambiar a VVS tambi\u00e9n est\u00e1n disponibles, podemos cotizar el precio exacto accoring su solicitud.<\/p>\n<p>&nbsp;<\/p>\n<p>P2: \u00bfPueden personalizar mi logotipo?<br \/>\nA: S\u00ed, absolutamente usted puede, por favor env\u00edenos su LOGO, nosotros liberar\u00e1 para firmarlo. Para la joyer\u00eda de la marca siempre con el logotipo orginal,<\/p>\n<p>y si necesitas algo en especial, d\u00edmelo.<\/p>\n<p>&nbsp;<\/p>\n<p>Q3: \u00bfC\u00f3mo podemos conseguir el precio bajo, si mantener el mismo dise\u00f1o?<\/p>\n<p>R: Usted puede cambiar a moissanite diamantes o diamantes Lab , O hacer 9K\/10K bajar el precio.<\/p>\n<p>&nbsp;<\/p>\n<p>A: Por favor d\u00edgame su orden entonces le diremos el precio del art\u00edculo, tarifa del env\u00edo y tarifa original de la caja y cantidad total. Usted puede hacer el pago por Western Union \/ T\/T, o Payoneer, procesaremos y enviaremos hacia fuera su orden cuanto antes despu\u00e9s del pago hecho.<\/p>\n<p>&nbsp;<\/p>\n<p>P4: \u00bfPuedo obtener un certificado?<\/p>\n<p>R: S\u00ed, no tienen el certificado si es necesario y el precio no incluye la tasa. El diamante no GIA certificado o sin ella s\u00f3lo<\/p>\n<p>h\u00e1gamelo saber porque hay diferencia de precio .<\/p>\n<p>&nbsp;<\/p>\n<p>Q5. \u00bfCu\u00e1nto tiempo puedo recibir mi mercanc\u00eda?<\/p>\n<p>A: Orden siempre procesando despu\u00e9s del dep\u00f3sito sobre su orden. Haciendo tiempo 2-10 d\u00edas laborables dependiendo de la mano de obra de dise\u00f1o.<\/p>\n<p>dificultad, m\u00e1s 3-7 d\u00edas de tiempo de env\u00edo m\u00e9todo de env\u00edo expreso a todos fo el mundo.<\/p>\n<p>&nbsp;<\/p>\n<p>P6: \u00bfHacen joyas para compradores particulares o s\u00f3lo para mayoristas?<br \/>\nR: En realidad estamos hacer toda la venta a quien la venta en l\u00ednea o tener su propia tienda de dise\u00f1os originales , para la joyer\u00eda de marca permiti\u00f3 que el comprador personal tambi\u00e9n. Usted puede ordenar la joyer\u00eda fina de la marca de la calidad para su familia, amigos y usted mismo en los precios de f\u00e1brica. Incluso ser\u00e1 grande si usted es un revendedor de joyas. Proporcionaremos el env\u00edo libre y cajas originales libres de la marca si usted puede pedir muchos art\u00edculos cada vez. M\u00e1s cantidad y mejor precio.&nbsp;<\/p><\/p>","protected":false},"excerpt":{"rendered":"<br \/>\n<table class=\"tables data\" width=\"100%\" border=\"0\" cellpadding=\"0\" cellspacing=\"0\">\n<tbody>\n<tr>\n<th width=\"35%\">Lugar de origen:<\/th>\n<td>China<\/td>\n<\/tr>\n<tr>\n<th width=\"35%\">Marca:<\/th>\n<td>Joyas de oro K<\/td>\n<\/tr>\n<tr>\n<th width=\"35%\">Certificaci\u00f3n:<\/th>\n<td>Certificado de joyer\u00eda<\/td>\n<\/tr>\n<tr>\n<th width=\"35%\">N\u00famero de modelo:<\/th>\n<td>KD339P<\/td>\n<\/tr>\n<\/tbody>\n<\/table>\n<p>                                                                            <span class=\"title_s\">Condiciones de pago y env\u00edo:<\/span>                            <\/p>\n<table class=\"tables data\" width=\"100%\" border=\"0\" cellpadding=\"0\" cellspacing=\"0\">\n<tbody>\n<tr>\n<th width=\"35%\" nowrap=\"nowrap\">Cantidad m\u00ednima de pedido:<\/th>\n<td>3<\/td>\n<\/tr>\n<tr>\n<th width=\"35%\" nowrap=\"nowrap\">Precio:<\/th>\n<td>Negociable<\/td>\n<\/tr>\n<tr>\n<th width=\"35%\" nowrap=\"nowrap\">Detalles del embalaje:<\/th>\n<td>Bolsa PP gruesa est\u00e1ndar, la marca vendr\u00e1 con la marca Embalaje<\/td>\n<\/tr>\n<tr>\n<th width=\"35%\" nowrap=\"nowrap\">Plazo de entrega:<\/th>\n<td>5-15 d\u00edas laborables<\/td>\n<\/tr>\n<tr>\n<th width=\"35%\" nowrap=\"nowrap\">Condiciones de pago:<\/th>\n<td>T\/T, Western Union<\/td>\n<\/tr>\n<tr>\n<th width=\"35%\" nowrap=\"nowrap\">Capacidad de suministro:<\/th>\n<td>2000pcs\/Mes<\/td>\n<\/tr>\n<\/tbody>\n<\/table>","protected":false},"featured_media":6085,"comment_status":"closed","ping_status":"closed","template":"","meta":{"_gspb_post_css":""},"product_brand":[],"product_cat":[29],"product_tag":[],"class_list":{"0":"post-6091","1":"product","2":"type-product","3":"status-publish","4":"has-post-thumbnail","6":"product_cat-greek-opal-jewelry","8":"first","9":"instock","10":"shipping-taxable","11":"product-type-simple"},"aioseo_notices":[],"_links":{"self":[{"href":"https:\/\/dearjewelry.ltd\/es\/wp-json\/wp\/v2\/product\/6091","targetHints":{"allow":["GET"]}}],"collection":[{"href":"https:\/\/dearjewelry.ltd\/es\/wp-json\/wp\/v2\/product"}],"about":[{"href":"https:\/\/dearjewelry.ltd\/es\/wp-json\/wp\/v2\/types\/product"}],"replies":[{"embeddable":true,"href":"https:\/\/dearjewelry.ltd\/es\/wp-json\/wp\/v2\/comments?post=6091"}],"wp:featuredmedia":[{"embeddable":true,"href":"https:\/\/dearjewelry.ltd\/es\/wp-json\/wp\/v2\/media\/6085"}],"wp:attachment":[{"href":"https:\/\/dearjewelry.ltd\/es\/wp-json\/wp\/v2\/media?parent=6091"}],"wp:term":[{"taxonomy":"product_brand","embeddable":true,"href":"https:\/\/dearjewelry.ltd\/es\/wp-json\/wp\/v2\/product_brand?post=6091"},{"taxonomy":"product_cat","embeddable":true,"href":"https:\/\/dearjewelry.ltd\/es\/wp-json\/wp\/v2\/product_cat?post=6091"},{"taxonomy":"product_tag","embeddable":true,"href":"https:\/\/dearjewelry.ltd\/es\/wp-json\/wp\/v2\/product_tag?post=6091"}],"curies":[{"name":"wp","href":"https:\/\/api.w.org\/{rel}","templated":true}]}}