{"id":6048,"date":"2025-07-13T10:49:00","date_gmt":"2025-07-13T10:49:00","guid":{"rendered":"https:\/\/dearjewelry.ltd\/product\/0-2ct-8pcs-semi-mount-diamond-ring-14k-white-gold-material-odm-for-gift\/"},"modified":"2025-07-13T10:49:00","modified_gmt":"2025-07-13T10:49:00","slug":"0-2ct-8pcs-semi-montura-anillo-de-diamantes-14k-oro-blanco-material-odm-para-regalo","status":"publish","type":"product","link":"https:\/\/dearjewelry.ltd\/es\/product\/0-2ct-8pcs-semi-montura-anillo-de-diamantes-14k-oro-blanco-material-odm-para-regalo\/","title":{"rendered":"0.2ct 8pcs Semi Monte Anillo de Diamantes 14K Oro Blanco Material ODM para Regalo"},"content":{"rendered":"<h2>0.2ct 8pcs Semi Monte Anillo de Diamantes 14K Oro Blanco Material ODM para Regalo<\/h2>\n<p> Descripci\u00f3n<\/p>\n<table cellpadding=\"0\" cellspacing=\"0\" class=\"details_table\">\n<tbody>\n<tr>\n<th>Color:<\/th>\n<td>Oro blanco de 14 quilates<\/td>\n<th>Material:<\/th>\n<td>Oro de 14 quilates\/Oro de 18 quilates<\/td>\n<\/tr>\n<tr class=\"bg_gray\">\n<th>Claridad del diamante:<\/th>\n<td>Vs1-SI2<\/td>\n<th>Corte Diamante:<\/th>\n<td>Excelente corte<\/td>\n<\/tr>\n<tr>\n<th>Peso de la piedra:<\/th>\n<td>0,20ct Total<\/td>\n<th>MOQ:<\/th>\n<td>3 piezas<\/td>\n<\/tr>\n<tr class=\"bg_gray\">\n<th colspan=\"1\">Luz alta:<\/th>\n<td colspan=\"3\">\n<h2 style='font-weight: bold;font-size: 14px'>8pcs Semi Monte Anillo de Diamantes<\/h2>\n<p>, <\/p>\n<h2 style='font-weight: bold;font-size: 14px'>0.2ct Anillo de Diamantes Semi Montura<\/h2>\n<p>, <\/p>\n<h2 style='font-weight: bold;font-size: 14px'>ODM Anillo Semi Montura Diamante<\/h2>\n<\/td>\n<\/tr>\n<\/tbody>\n<\/table>\n<p><p><strong><span style=\"font-size:16px\"><span style=\"font-family:arial,helvetica,sans-serif\">14K Joyer\u00eda de Oro Blanco Diamante Redondo Damas Compromiso de Novia Semi Anillo de Monte<\/span><\/span><\/strong><\/p>\n<table border=\"1\" cellpadding=\"0\" cellspacing=\"0\" style=\"width: 652px\">\n<tbody>\n<tr>\n<td style=\"width: 151px\"><span style=\"font-size:14px\">N\u00ba de art\u00edculo<\/span><\/td>\n<td style=\"width: 492px\"><span style=\"font-size:14px\">K3582R<\/span><\/td>\n<\/tr>\n<tr>\n<td style=\"width: 151px\"><span style=\"font-size:14px\">Nombre del producto<\/span><\/td>\n<td style=\"width: 492px\">Anillo oro blanco 14k diamantes<\/td>\n<\/tr>\n<tr>\n<td style=\"width: 151px\"><span style=\"font-size:14px\">Material<\/span><\/td>\n<td style=\"width: 492px\">Oro blanco de 14 quilates<\/td>\n<\/tr>\n<tr>\n<td style=\"width: 151px\"><span style=\"font-size:14px\">Tipo de configuraci\u00f3n<\/span><\/td>\n<td style=\"width: 492px\"><span style=\"font-size:14px\">Prong Hand setting<\/span><\/td>\n<\/tr>\n<tr>\n<td style=\"width: 151px\">Tama\u00f1o del anillo<\/td>\n<td style=\"width: 492px\">Cualquier tama\u00f1o est\u00e1 disponible#4~#11, seg\u00fan la petici\u00f3n del cliente<\/td>\n<\/tr>\n<tr>\n<td style=\"width: 151px\"><span style=\"font-size:14px\"><span style=\", Helvetica, Arial, sans-serif\">Claridad de los diamantes<\/span><\/span><\/td>\n<td style=\"width: 492px\"><span style=\"font-size:14px\">Diamante natural VS1-SI1<\/span><\/td>\n<\/tr>\n<tr>\n<td style=\"width: 151px\"><span style=\"font-size:14px\">N\u00famero de diamantes<\/span><\/td>\n<td style=\"width: 492px\"><span style=\"font-size:14px\">Dia1.8mm 8pcs 0.2ct<\/span><\/td>\n<\/tr>\n<tr>\n<td style=\"width: 151px\"><span style=\"font-size:14px\">Ocasi\u00f3n<\/span><\/td>\n<td style=\"width: 492px\"><span style=\"font-size:14px\">Aniversario, Compromiso, Regalo, Fiesta, Boda<\/span><\/td>\n<\/tr>\n<\/tbody>\n<\/table>\n<p><span style=\"font-size:14px\">1:Dia 1.8mm 8pcs 0.2ct<br \/>\n2:C\u00f3digo de clasificaci\u00f3n del color del diamante: F-H<br \/>\n3: C\u00f3digo de pureza del diamante: Vs1-Si2<br \/>\n4: Forma del diamante: Redondo<br \/>\n5: Engastado en oro blanco de 18 quilates<br \/>\n6: Foto tomar por tel\u00e9fono, los elementos reales de la calidad m\u00e1s brillo.<br \/>\n7: Casi todas las piedras preciosas han sido tratadas para realzar su belleza y requieren cuidados especiales.<\/span><\/p>\n<p>&nbsp;<\/p>\n<p>Acerca de este art\u00edculo:<\/p>\n<p><span style=\"font-size:14px\"><span style=\"font-family:arial,helvetica,sans-serif\">1:<\/span><\/span><span style=\"font-size:14px\"><span style=\"font-family:arial,helvetica,sans-serif\">Pulido de alta calidad&nbsp;<\/span><\/span><\/p>\n<p><span style=\"font-size:14px\"><span style=\"font-family:arial,helvetica,sans-serif\">2: Diamante brillante&nbsp;<\/span><\/span><\/p>\n<p><span style=\"font-size:14px\"><span style=\"font-family:arial,helvetica,sans-serif\">3: Sobre el metal Puede hacer 10k ,14k,18k etc&nbsp;<\/span><\/span><\/p>\n<p><span style=\"font-size:14px\">4:Acerca de las piedras principales si nos env\u00edan a nosotros podemos ayudar a establecer que est\u00e1 bien, y de lo contrario s\u00f3lo enviamos los montajes a continuaci\u00f3n, se establecer\u00e1 por s\u00ed mismo.<\/span><\/p>\n<p>&nbsp;<\/p>\n<p>Qu\u00e9 pasa con los \"semimontajes<\/p>\n<p>Se denomina \"semimontaje\" a un montaje que s\u00f3lo est\u00e1 semiacabado. No est\u00e1 totalmente acabado. Le falta la piedra central.<\/p>\n<p>As\u00ed que tanto si ya tiene un diamante que desea engastar, como si quiere comprar un diamante nuevo (o uno m\u00e1s grande), o incluso una piedra preciosa como zafiro, rub\u00ed, esmeralda, morganita... este tipo de monturas est\u00e1n hechas a medida.<\/p>\n<p>Otro presenta un dise\u00f1o de dientes de sierra con filas verticales de diamantes blancos entre las barras de oro blanco. Esta semimontura es m\u00e1s ancha, lo que da al anillo acabado un aspecto m\u00e1s sustancial. El oro de 14 quilates es un metal precioso y de calidad que mantendr\u00e1 su brillo durante a\u00f1os.<\/p>\n<p><strong><span style=\"font-size:16px\">&nbsp;K Proceso del oro:&nbsp;<\/span><\/strong><\/p>\n<p><img decoding=\"async\" src=\"https:\/\/www.gold-jewellerys.com\/test\/gold-jewellerys.com\/photo\/pl36932847-remark.jpg\"><\/p>\n<p><img decoding=\"async\" src=\"https:\/\/www.gold-jewellerys.com\/test\/gold-jewellerys.com\/photo\/pl36932843-remark.jpg\"><\/p>\n<p><img decoding=\"async\" src=\"https:\/\/www.gold-jewellerys.com\/test\/gold-jewellerys.com\/photo\/pl36932971-remark.jpg\"><\/p>\n<p>&nbsp;<\/p>\n<p><span style=\"font-size:14px\">Persona de contacto: Nancy lee<br \/>\nWhatsApp: +86-18520267369 \/ Tell:+8618520267369<br \/>\nCorreo electr\u00f3nico: nancy@gzkgold.com<br \/>\nP\u00e1gina web:<\/span><\/p>\n<p>&nbsp;<\/p>\n<p>PREGUNTAS FRECUENTES:<\/p>\n<p>P1: \u00bfY la calidad de sus diamantes?<\/p>\n<p>R: Siempre usamos VS, SI G-H diamantes naturales, si desea cambiar a VVS tambi\u00e9n est\u00e1n disponibles, podemos cotizar el precio exacto accoring su solicitud.<\/p>\n<p>&nbsp;<\/p>\n<p>P2: \u00bfPueden personalizar mi logotipo?<br \/>\nA: S\u00ed, absolutamente usted puede, por favor env\u00edenos su LOGO, nosotros liberar\u00e1 para firmarlo. Para la joyer\u00eda de la marca siempre con el logotipo orginal,<\/p>\n<p>y si necesitas algo en especial, d\u00edmelo.<\/p>\n<p>&nbsp;<\/p>\n<p>P3: \u00bfPuedo pedir oro de 9K o 10K en lugar de 18K?<\/p>\n<p>R: S\u00ed, claro que puede, el MOQ s\u00f3lo 5 piezas de 9K o 10k joyas.<\/p>\n<p>&nbsp;<\/p>\n<p>P4: \u00bfPuedo obtener un certificado?<\/p>\n<p>R: S\u00ed, no tienen el certificado si es necesario y el precio no incluye la tasa. El diamante no GIA certificado o sin ella s\u00f3lo<\/p>\n<p>h\u00e1gamelo saber porque hay diferencia de precio .<\/p>\n<p>&nbsp;<\/p>\n<p>P5: \u00bfCu\u00e1l es el plazo de producci\u00f3n?<\/p>\n<p>R:Una vez confirmados el dise\u00f1o y los detalles de la piedra, la producci\u00f3n tarda unos 12~15 d\u00edas laborables.<\/p>\n<p>&nbsp;<\/p>\n<p>P6: \u00bfPuedo obtener un mejor precio si soy comprador mayorista?<\/p>\n<p>A5: Podemos ofrecerle un descuento adicional en funci\u00f3n de su pedido. Para m\u00e1s detalles sobre el precio, p\u00f3ngase en contacto con nosotros.<\/p><\/p>","protected":false},"excerpt":{"rendered":"<br \/>\n<table class=\"tables data\" width=\"100%\" border=\"0\" cellpadding=\"0\" cellspacing=\"0\">\n<tbody>\n<tr>\n<th width=\"35%\">Lugar de origen:<\/th>\n<td>China<\/td>\n<\/tr>\n<tr>\n<th width=\"35%\">Marca:<\/th>\n<td>Joyas de oro K<\/td>\n<\/tr>\n<tr>\n<th width=\"35%\">Certificaci\u00f3n:<\/th>\n<td>Certificado de joyer\u00eda<\/td>\n<\/tr>\n<tr>\n<th width=\"35%\">N\u00famero de modelo:<\/th>\n<td>K3582R<\/td>\n<\/tr>\n<\/tbody>\n<\/table>\n<p>                                                                            <span class=\"title_s\">Condiciones de pago y env\u00edo:<\/span>                            <\/p>\n<table class=\"tables data\" width=\"100%\" border=\"0\" cellpadding=\"0\" cellspacing=\"0\">\n<tbody>\n<tr>\n<th width=\"35%\" nowrap=\"nowrap\">Cantidad m\u00ednima de pedido:<\/th>\n<td>3<\/td>\n<\/tr>\n<tr>\n<th width=\"35%\" nowrap=\"nowrap\">Precio:<\/th>\n<td>Negociable<\/td>\n<\/tr>\n<tr>\n<th width=\"35%\" nowrap=\"nowrap\">Detalles del embalaje:<\/th>\n<td>Bolsa PP gruesa est\u00e1ndar, la marca vendr\u00e1 con la marca Embalaje<\/td>\n<\/tr>\n<tr>\n<th width=\"35%\" nowrap=\"nowrap\">Plazo de entrega:<\/th>\n<td>5-15 d\u00edas laborables<\/td>\n<\/tr>\n<tr>\n<th width=\"35%\" nowrap=\"nowrap\">Condiciones de pago:<\/th>\n<td>T\/T, Western Union<\/td>\n<\/tr>\n<tr>\n<th width=\"35%\" nowrap=\"nowrap\">Capacidad de suministro:<\/th>\n<td>2000pcs\/Mes<\/td>\n<\/tr>\n<\/tbody>\n<\/table>","protected":false},"featured_media":6044,"comment_status":"closed","ping_status":"closed","template":"","meta":{"_gspb_post_css":""},"product_brand":[],"product_cat":[29],"product_tag":[],"class_list":{"0":"post-6048","1":"product","2":"type-product","3":"status-publish","4":"has-post-thumbnail","6":"product_cat-greek-opal-jewelry","8":"first","9":"instock","10":"shipping-taxable","11":"product-type-simple"},"aioseo_notices":[],"_links":{"self":[{"href":"https:\/\/dearjewelry.ltd\/es\/wp-json\/wp\/v2\/product\/6048","targetHints":{"allow":["GET"]}}],"collection":[{"href":"https:\/\/dearjewelry.ltd\/es\/wp-json\/wp\/v2\/product"}],"about":[{"href":"https:\/\/dearjewelry.ltd\/es\/wp-json\/wp\/v2\/types\/product"}],"replies":[{"embeddable":true,"href":"https:\/\/dearjewelry.ltd\/es\/wp-json\/wp\/v2\/comments?post=6048"}],"wp:featuredmedia":[{"embeddable":true,"href":"https:\/\/dearjewelry.ltd\/es\/wp-json\/wp\/v2\/media\/6044"}],"wp:attachment":[{"href":"https:\/\/dearjewelry.ltd\/es\/wp-json\/wp\/v2\/media?parent=6048"}],"wp:term":[{"taxonomy":"product_brand","embeddable":true,"href":"https:\/\/dearjewelry.ltd\/es\/wp-json\/wp\/v2\/product_brand?post=6048"},{"taxonomy":"product_cat","embeddable":true,"href":"https:\/\/dearjewelry.ltd\/es\/wp-json\/wp\/v2\/product_cat?post=6048"},{"taxonomy":"product_tag","embeddable":true,"href":"https:\/\/dearjewelry.ltd\/es\/wp-json\/wp\/v2\/product_tag?post=6048"}],"curies":[{"name":"wp","href":"https:\/\/api.w.org\/{rel}","templated":true}]}}