{"id":6042,"date":"2025-07-13T10:48:58","date_gmt":"2025-07-13T10:48:58","guid":{"rendered":"https:\/\/dearjewelry.ltd\/product\/real-diamond-semi-mount-jewelry-ring-round-shape-dia-1-6-1-7mm-0-61ct\/"},"modified":"2025-07-13T10:48:58","modified_gmt":"2025-07-13T10:48:58","slug":"real-diamond-semi-mount-jewelry-ring-round-shape-dia-1-6-1-7mm-0-61ct","status":"publish","type":"product","link":"https:\/\/dearjewelry.ltd\/es\/product\/real-diamond-semi-mount-jewelry-ring-round-shape-dia-1-6-1-7mm-0-61ct\/","title":{"rendered":"Anillo de joyer\u00eda con diamante real semi montado Forma redonda Dia 1.6-1.7mm 0.61ct"},"content":{"rendered":"<h2>Anillo de joyer\u00eda con diamante real semi montado Forma redonda Dia 1.6-1.7mm 0.61ct<\/h2>\n<p> Descripci\u00f3n<\/p>\n<table cellpadding=\"0\" cellspacing=\"0\" class=\"details_table\">\n<tbody>\n<tr>\n<th>Tipo de joya:<\/th>\n<td>18k Yellow Gold Semi-Mountings Ring<\/td>\n<th>Color:<\/th>\n<td>18K Yellow<\/td>\n<\/tr>\n<tr class=\"bg_gray\">\n<th>Material:<\/th>\n<td>Oro de 18 quilates<\/td>\n<th>Claridad del diamante:<\/th>\n<td>Vs1-Si2<\/td>\n<\/tr>\n<tr>\n<th>Color del diamante:<\/th>\n<td>F-H<\/td>\n<th>MOQ:<\/th>\n<td>2 Pcs<\/td>\n<\/tr>\n<tr class=\"bg_gray\">\n<th>Personal\u00edzalo:<\/th>\n<td>Disponible Personalizar<\/td>\n<th>Entrega:<\/th>\n<td>10~15 Business Days<\/td>\n<\/tr>\n<tr>\n<th colspan=\"1\">Luz alta:<\/th>\n<td colspan=\"3\">\n<h2 style='font-weight: bold;font-size: 14px'>Semi Mount Jewelry 1.6mm<\/h2>\n<p>, <\/p>\n<h2 style='font-weight: bold;font-size: 14px'>Semi Mount Jewelry 1.7mm<\/h2>\n<p>, <\/p>\n<h2 style='font-weight: bold;font-size: 14px'>0.61ct Real Diamond Ring<\/h2>\n<\/td>\n<\/tr>\n<\/tbody>\n<\/table>\n<p><p><span style=\"font-size:16px\"><strong>Nombre del producto:<\/strong>&nbsp;<\/span><\/p>\n<p>&nbsp;<\/p>\n<p><strong><span style=\"font-size:16px\"><span style=\"font-family:arial,helvetica,sans-serif\">18K Yellow Semi Mount Gold Round Shape Engagement Real Diamond Ring<\/span><\/span><\/strong><\/p>\n<table border=\"1\" cellpadding=\"0\" cellspacing=\"0\" style=\"width: 582px\">\n<tbody>\n<tr>\n<td style=\"width: 151px\"><span style=\"font-size:14px\">N\u00ba de art\u00edculo<\/span><\/td>\n<td style=\"width: 422px\"><span style=\"font-size:14px\">K3581R<\/span><\/td>\n<\/tr>\n<tr>\n<td style=\"width: 151px\"><span style=\"font-size:14px\">Nombre del producto<\/span><\/td>\n<td style=\"width: 422px\"><span style=\"font-size:14px\">18k Yellow Semi Mount Diamond Ring&nbsp;<\/span><\/td>\n<\/tr>\n<tr>\n<td style=\"width: 151px\"><span style=\"font-size:14px\">Material<\/span><\/td>\n<td style=\"width: 422px\"><span style=\"font-size:14px\">Solid 18k Yellow Gold Ring<\/span><\/td>\n<\/tr>\n<tr>\n<td style=\"width: 151px\"><span style=\"font-size:14px\">Tipo de configuraci\u00f3n<\/span><\/td>\n<td style=\"width: 422px\"><span style=\"font-size:14px\">Prong Hand setting<\/span><\/td>\n<\/tr>\n<tr>\n<td style=\"width: 151px\"><span style=\"font-size:14px\">G\u00e9nero<\/span><\/td>\n<td style=\"width: 422px\"><span style=\"font-size:14px\">Se\u00f1oras\/Mujeres<\/span><\/td>\n<\/tr>\n<tr>\n<td style=\"width: 151px\"><span style=\"font-size:14px\"><span style=\", Helvetica, Arial, sans-serif\">Claridad de los diamantes<\/span><\/span><\/td>\n<td style=\"width: 422px\"><span style=\"font-size:14px\">Diamante natural VS1-SI1<\/span><\/td>\n<\/tr>\n<tr>\n<td style=\"width: 151px\"><span style=\"font-size:14px\">N\u00famero de diamantes<\/span><\/td>\n<td style=\"width: 422px\"><span style=\"font-size:14px\">Dia1.6&middot;1.7mm 34pcs 0.61ct<\/span><\/td>\n<\/tr>\n<tr>\n<td style=\"width: 151px\"><span style=\"font-size:14px\">Ocasi\u00f3n<\/span><\/td>\n<td style=\"width: 422px\"><span style=\"font-size:14px\">Aniversario, Compromiso, Regalo, Fiesta, Boda<\/span><\/td>\n<\/tr>\n<tr>\n<td style=\"width: 151px\"><span style=\"font-size:14px\">Tama\u00f1o del anillo<\/span><\/td>\n<td style=\"width: 422px\"><span style=\"font-size:14px\">Any size are available #4~#12 , according your request<\/span><\/td>\n<\/tr>\n<\/tbody>\n<\/table>\n<p><span style=\"font-size:14px\">1: Dia 1.6~1.7mm 34pcs 0.61ct<br \/>\n2: C\u00f3digo de clasificaci\u00f3n del color del diamante: F-H<br \/>\n3: C\u00f3digo de pureza del diamante: Vs1-Si2<br \/>\n4: Forma del diamante: Redondo<br \/>\n5: Engastado en oro blanco de 18 quilates<br \/>\n6: Foto tomar por tel\u00e9fono, los elementos reales de la calidad m\u00e1s brillo.<br \/>\n7: Casi todas las piedras preciosas han sido tratadas para realzar su belleza y requieren cuidados especiales.<\/span><\/p>\n<p>&nbsp;<\/p>\n<p>Acerca de este art\u00edculo:<\/p>\n<p><span style=\"font-size:14px\"><span style=\"font-family:arial,helvetica,sans-serif\">1:&nbsp;<\/span><\/span><span style=\"font-size:14px\"><span style=\"font-family:arial,helvetica,sans-serif\">Pulido de alta calidad&nbsp;<\/span><\/span><\/p>\n<p><span style=\"font-size:14px\"><span style=\"font-family:arial,helvetica,sans-serif\">2: Diamante brillante&nbsp;<\/span><\/span><\/p>\n<p><span style=\"font-size:14px\"><span style=\"font-family:arial,helvetica,sans-serif\">3: Sobre el metal Puede hacer 10k ,14k,18k etc&nbsp;<\/span><\/span><\/p>\n<p><span style=\"font-size:14px\">4: About the main stones if&nbsp;you&nbsp;ship to us we can&nbsp;help to set it is fine, and otherwise we only ship the mountings then you will set by yourself.<\/span><\/p>\n<p>&nbsp;<\/p>\n<p>Por qu\u00e9 elegirnos:<\/p>\n<p>El objetivo de K-gold es proporcionar a los clientes los productos adecuados al precio adecuado y entregarlos a tiempo. Contamos con un potente equipo de atenci\u00f3n al cliente que vigila todo el proceso de venta y le ayuda con cualquier duda, desde el dise\u00f1o CAD hasta la entrega.<\/p>\n<p>Tenemos 21 a\u00f1os de experiencia en el sector de la joyer\u00eda y 17 a\u00f1os en producci\u00f3n.<\/p>\n<p>&nbsp;<\/p>\n<p>Adem\u00e1s, nuestro equipo profesional de I+D garantiza que nuestros productos se actualicen constantemente y est\u00e9n a la vanguardia del sector. As\u00ed que tenemos m\u00e1s de 30000 dise\u00f1os diferentes y m\u00e1s de 46 colecciones pueden satisfacer las diferentes demandas del mercado. Para personalizar los art\u00edculos que usted puede conseguir CAD mismo d\u00eda o al d\u00eda siguiente para confirmar los datos antes del inicio del pedido.<\/p>\n<p>&nbsp;<\/p>\n<p><strong><span style=\"font-size:16px\">&nbsp;K Proceso del oro:&nbsp;<\/span><\/strong><\/p>\n<p><img decoding=\"async\" src=\"https:\/\/www.gold-jewellerys.com\/test\/gold-jewellerys.com\/photo\/pl36932973-remark.jpg\"><img decoding=\"async\" src=\"https:\/\/www.gold-jewellerys.com\/test\/gold-jewellerys.com\/photo\/pl36932971-remark.jpg\"><img decoding=\"async\" src=\"https:\/\/www.gold-jewellerys.com\/test\/gold-jewellerys.com\/photo\/pl36932968-remark.jpg\"><\/p>\n<p>&nbsp;<\/p>\n<p><span style=\"font-size:14px\">Persona de contacto: Nancy lee<br \/>\nWhatsApp: +86-18520267369 \/ Tell:+8618520267369<br \/>\nCorreo electr\u00f3nico: nancy@gzkgold.com<br \/>\nP\u00e1gina web:<\/span><\/p>\n<p>&nbsp;<\/p>\n<p>PREGUNTAS FRECUENTES:<\/p>\n<p>P1: \u00bfY la calidad de sus diamantes?<\/p>\n<p>R: Siempre usamos VS, SI G-H diamantes naturales, si desea cambiar a VVS tambi\u00e9n est\u00e1n disponibles, podemos cotizar el precio exacto accoring su solicitud.<\/p>\n<p>&nbsp;<\/p>\n<p>P2: \u00bfPueden personalizar mi logotipo?<br \/>\nA: S\u00ed, absolutamente usted puede, por favor env\u00edenos su LOGO, nosotros liberar\u00e1 para firmarlo. Para la joyer\u00eda de la marca siempre con el logotipo orginal,<\/p>\n<p>y si necesitas algo en especial, d\u00edmelo.<\/p>\n<p>&nbsp;<\/p>\n<p>P3: \u00bfPuedo pedir oro de 9K o 10K en lugar de 18K?<\/p>\n<p>R: S\u00ed, claro que puede, el MOQ s\u00f3lo 5 piezas de 9K o 10k joyas.<\/p>\n<p>&nbsp;<\/p>\n<p>P4: \u00bfPuedo obtener un certificado?<\/p>\n<p>R: S\u00ed, no tienen el certificado si es necesario y el precio no incluye la tasa. El diamante no GIA certificado o sin ella s\u00f3lo<\/p>\n<p>h\u00e1gamelo saber porque hay diferencia de precio .<\/p>\n<p>&nbsp;<\/p>\n<p>P5: \u00bfCu\u00e1l es el plazo de producci\u00f3n?<\/p>\n<p>R:Una vez confirmados el dise\u00f1o y los detalles de la piedra, la producci\u00f3n tarda unos 12~15 d\u00edas laborables.<\/p>\n<p>&nbsp;<\/p>\n<p>P6: \u00bfPuedo obtener un mejor precio si soy comprador mayorista?<\/p>\n<p>A5: Podemos ofrecerle un descuento adicional en funci\u00f3n de su pedido. Para m\u00e1s detalles sobre el precio, p\u00f3ngase en contacto con nosotros.<\/p><\/p>","protected":false},"excerpt":{"rendered":"<br \/>\n<table class=\"tables data\" width=\"100%\" border=\"0\" cellpadding=\"0\" cellspacing=\"0\">\n<tbody>\n<tr>\n<th width=\"35%\">Lugar de origen:<\/th>\n<td>China<\/td>\n<\/tr>\n<tr>\n<th width=\"35%\">Marca:<\/th>\n<td>Joyas de oro K<\/td>\n<\/tr>\n<tr>\n<th width=\"35%\">Certificaci\u00f3n:<\/th>\n<td>Certificado de joyer\u00eda<\/td>\n<\/tr>\n<tr>\n<th width=\"35%\">N\u00famero de modelo:<\/th>\n<td>K3581R<\/td>\n<\/tr>\n<\/tbody>\n<\/table>\n<p>                                                                            <span class=\"title_s\">Condiciones de pago y env\u00edo:<\/span>                            <\/p>\n<table class=\"tables data\" width=\"100%\" border=\"0\" cellpadding=\"0\" cellspacing=\"0\">\n<tbody>\n<tr>\n<th width=\"35%\" nowrap=\"nowrap\">Cantidad m\u00ednima de pedido:<\/th>\n<td>2<\/td>\n<\/tr>\n<tr>\n<th width=\"35%\" nowrap=\"nowrap\">Precio:<\/th>\n<td>Negociable<\/td>\n<\/tr>\n<tr>\n<th width=\"35%\" nowrap=\"nowrap\">Detalles del embalaje:<\/th>\n<td>Bolsa PP gruesa est\u00e1ndar, la marca vendr\u00e1 con la marca Embalaje<\/td>\n<\/tr>\n<tr>\n<th width=\"35%\" nowrap=\"nowrap\">Plazo de entrega:<\/th>\n<td>5-15 d\u00edas laborables<\/td>\n<\/tr>\n<tr>\n<th width=\"35%\" nowrap=\"nowrap\">Condiciones de pago:<\/th>\n<td>T\/T, Western Union<\/td>\n<\/tr>\n<tr>\n<th width=\"35%\" nowrap=\"nowrap\">Capacidad de suministro:<\/th>\n<td>2000pcs\/Mes<\/td>\n<\/tr>\n<\/tbody>\n<\/table>","protected":false},"featured_media":6038,"comment_status":"closed","ping_status":"closed","template":"","meta":{"_gspb_post_css":""},"product_brand":[],"product_cat":[29],"product_tag":[],"class_list":{"0":"post-6042","1":"product","2":"type-product","3":"status-publish","4":"has-post-thumbnail","6":"product_cat-greek-opal-jewelry","8":"first","9":"instock","10":"shipping-taxable","11":"product-type-simple"},"aioseo_notices":[],"_links":{"self":[{"href":"https:\/\/dearjewelry.ltd\/es\/wp-json\/wp\/v2\/product\/6042","targetHints":{"allow":["GET"]}}],"collection":[{"href":"https:\/\/dearjewelry.ltd\/es\/wp-json\/wp\/v2\/product"}],"about":[{"href":"https:\/\/dearjewelry.ltd\/es\/wp-json\/wp\/v2\/types\/product"}],"replies":[{"embeddable":true,"href":"https:\/\/dearjewelry.ltd\/es\/wp-json\/wp\/v2\/comments?post=6042"}],"wp:featuredmedia":[{"embeddable":true,"href":"https:\/\/dearjewelry.ltd\/es\/wp-json\/wp\/v2\/media\/6038"}],"wp:attachment":[{"href":"https:\/\/dearjewelry.ltd\/es\/wp-json\/wp\/v2\/media?parent=6042"}],"wp:term":[{"taxonomy":"product_brand","embeddable":true,"href":"https:\/\/dearjewelry.ltd\/es\/wp-json\/wp\/v2\/product_brand?post=6042"},{"taxonomy":"product_cat","embeddable":true,"href":"https:\/\/dearjewelry.ltd\/es\/wp-json\/wp\/v2\/product_cat?post=6042"},{"taxonomy":"product_tag","embeddable":true,"href":"https:\/\/dearjewelry.ltd\/es\/wp-json\/wp\/v2\/product_tag?post=6042"}],"curies":[{"name":"wp","href":"https:\/\/api.w.org\/{rel}","templated":true}]}}