{"id":6023,"date":"2025-07-13T10:48:50","date_gmt":"2025-07-13T10:48:50","guid":{"rendered":"https:\/\/dearjewelry.ltd\/product\/oval-shape-semi-mount-jewelry-pendant-10x14mm-2-7g-weight-prong-setting-type\/"},"modified":"2025-07-13T10:48:50","modified_gmt":"2025-07-13T10:48:50","slug":"forma-ovalada-semi-montaje-colgante-de-joyeria-10x14mm-2-7g-de-peso-tipo-prong-setting","status":"publish","type":"product","link":"https:\/\/dearjewelry.ltd\/es\/product\/forma-ovalada-semi-montaje-colgante-de-joyeria-10x14mm-2-7g-de-peso-tipo-prong-setting\/","title":{"rendered":"Forma Ovalada Semi Mount Jewelry Pendant 10\u00d714mm 2.7g Weight Prong Setting Type"},"content":{"rendered":"<h2>Forma Ovalada Semi Mount Jewelry Pendant 10\u00d714mm 2.7g Weight Prong Setting Type<\/h2>\n<p> Descripci\u00f3n<\/p>\n<table cellpadding=\"0\" cellspacing=\"0\" class=\"details_table\">\n<tbody>\n<tr>\n<th>Material:<\/th>\n<td>Oro rosa de 14 quilates\/18 quilates<\/td>\n<th>Claridad:<\/th>\n<td>Vs1-SI1<\/td>\n<\/tr>\n<tr class=\"bg_gray\">\n<th>Corte Diamante:<\/th>\n<td>Redondo<\/td>\n<th>Tama\u00f1o de la piedra principal:<\/th>\n<td>OV 10*14<\/td>\n<\/tr>\n<tr>\n<th>Color:<\/th>\n<td>Oro rosa<\/td>\n<th>Nombre del producto:<\/th>\n<td>Colgante Semi Montura Oro Rosa 14k<\/td>\n<\/tr>\n<tr class=\"bg_gray\">\n<th>Peso:<\/th>\n<td>2.7g<\/td>\n<th>Tipo de juego:<\/th>\n<td>Ajuste de las puntas<\/td>\n<\/tr>\n<tr>\n<th colspan=\"1\">Luz alta:<\/th>\n<td colspan=\"3\">\n<h2 style='font-weight: bold;font-size: 14px'>Semi Montura Joyer\u00eda 10mm<\/h2>\n<p>, <\/p>\n<h2 style='font-weight: bold;font-size: 14px'>Semi Montura Joyer\u00eda 14mm<\/h2>\n<p>, <\/p>\n<h2 style='font-weight: bold;font-size: 14px'>Colgante Semi Mount 2.7g<\/h2>\n<\/td>\n<\/tr>\n<\/tbody>\n<\/table>\n<p><p><strong><span style=\"font-size:16px\">Forma Ovalada10*14mm Diamante Real Oro Rosa 14K Semi Montado Colgante<\/span><\/strong><span style=\"font-size:16px\"><span style=\"font-family:arial,helvetica,sans-serif\"> <\/span><\/span><\/p>\n<table border=\"1\" cellpadding=\"0\" cellspacing=\"0\" style=\"width: 552px\">\n<tbody>\n<tr>\n<td style=\"width: 151px\">N\u00ba de art\u00edculo<\/td>\n<td style=\"width: 392px\">K3575P<\/td>\n<\/tr>\n<tr>\n<td style=\"width: 151px\">Nombre del producto<\/td>\n<td style=\"width: 392px\">Colgante Semi Montura Oro Rosa 14K<\/td>\n<\/tr>\n<tr>\n<td style=\"width: 151px\">Estilo<\/td>\n<td style=\"width: 392px\">Colgante de diamantes Semi Mount<\/td>\n<\/tr>\n<tr>\n<td style=\"width: 151px\">Material<\/td>\n<td style=\"width: 392px\">&nbsp;Oro rosa de 14 quilates&nbsp;<\/td>\n<\/tr>\n<tr>\n<td style=\"width: 151px\">Tipo de configuraci\u00f3n<\/td>\n<td style=\"width: 392px\">Prong Hand setting<\/td>\n<\/tr>\n<tr>\n<td style=\"width: 151px\">G\u00e9nero<\/td>\n<td style=\"width: 392px\">Mujeres\/Chicas<\/td>\n<\/tr>\n<tr>\n<td style=\"width: 151px\"><span style=\", Helvetica, Arial, sans-serif\">Claridad de los diamantes<\/span><\/td>\n<td style=\"width: 392px\">Diamante natural VS1-SI1<\/td>\n<\/tr>\n<tr>\n<td style=\"width: 151px\">Ocasi\u00f3n<\/td>\n<td style=\"width: 392px\">Aniversario, Compromiso, Regalo, Fiesta, Boda<\/td>\n<\/tr>\n<tr>\n<td style=\"width: 151px\">N\u00famero de diamantes<\/td>\n<td style=\"width: 392px\">Di\u00e1metro 100 piezas 0,40ct<\/td>\n<\/tr>\n<\/tbody>\n<\/table>\n<p>Detalle de la producci\u00f3n :<\/p>\n<p>Informaci\u00f3n del diamante Tiny: 0.8~1.0mm&nbsp;<br \/>\nN\u00famero de diamantes : 100pcs<br \/>\nPeso total en quilates: 0,40 quilates<br \/>\nColor medio: D\/F<br \/>\nClaridad media:VS1-SI1<br \/>\nCorte medio : Excelente<br \/>\nTipo de engaste : Engastado<\/p>\n<p>&nbsp;<\/p>\n<p>Tama\u00f1o principal de la piedra: Oval 10*14mm, tambi\u00e9n puede hacer todo el tama\u00f1o seg\u00fan su petici\u00f3n.<\/p>\n<p>&nbsp;<\/p>\n<p>Tiempo de fabricaci\u00f3n: 12 ~ 15 d\u00edas h\u00e1biles para hacer como asegurarse de la calidad. y 4 ~ 8 d\u00edas para la entrega.<\/p>\n<p>El precio indicado es para una montura que puede albergar una piedra de un quilate en oro de 14 quilates.<\/p>\n<p>P\u00f3ngase en contacto con nosotros para conocer el precio de la montura en platino u oro de mayor ley o de una piedra central de mayor tama\u00f1o.<\/p>\n<p>&nbsp;<\/p>\n<p><span style=\"font-size:14px\"><strong>Por qu\u00e9 nosotros:<\/strong><br \/>\n1: K-Gold cuenta con 21 a\u00f1os de experiencia en el sector de la joyer\u00eda y 17 a\u00f1os en producci\u00f3n.<br \/>\n2: Tambi\u00e9n nuestro equipo profesional de I + D para asegurar que nuestros productos se actualizan constantemente y por delante de la industria. As\u00ed que tenemos m\u00e1s de 3000 dise\u00f1os diferentes y m\u00e1s de 46 colecciones pueden satisfacer la demanda de diferentes mercados.<br \/>\n3: Para personalizar los art\u00edculos que usted puede conseguir CAD mismo d\u00eda o al d\u00eda siguiente para confirmar los datos antes del inicio del pedido.<br \/>\n4: El objetivo de K-gold es ofrecer a los clientes productos adecuados al precio adecuado y entregarlos a tiempo.<br \/>\n5: Tenemos un equipo de servicio al cliente de gran alcance que mantiene un ojo en todo el proceso de venta, ayudarle a cualquier pregunta, desde el dise\u00f1o CAD para entregar.<\/span><\/p>\n<p>\n<font face=\"arial, helvetica, sans-serif\">Los productos muestran:<\/font><\/p>\n<p><img decoding=\"async\" src=\"https:\/\/www.gold-jewellerys.com\/test\/gold-jewellerys.com\/photo\/pl36925790-remark.jpg\"><img decoding=\"async\" src=\"https:\/\/www.gold-jewellerys.com\/test\/gold-jewellerys.com\/photo\/pl36925791-remark.jpg\"><\/p>\n<p><img decoding=\"async\" src=\"https:\/\/www.gold-jewellerys.com\/test\/gold-jewellerys.com\/photo\/pl36316208-remark.jpg\"><\/p>\n<p>&nbsp;<\/p>\n<p><span style=\"font-size:14px\">Persona de contacto: Nancy lee<br \/>\nWhatsApp: +86-18520267369 \/ Tell:+8618520267369<br \/>\nCorreo electr\u00f3nico: nancy@gzkgold.com<br \/>\nP\u00e1gina web:<\/span><\/p>\n<p>&nbsp;<\/p>\n<p>PREGUNTAS FRECUENTES:<\/p>\n<p>P1: \u00bfY la calidad de sus diamantes?<\/p>\n<p>R: Siempre usamos VS, SI G-H diamantes naturales, si desea cambiar a VVS tambi\u00e9n est\u00e1n disponibles, podemos cotizar el precio exacto accoring su solicitud.<\/p>\n<p>&nbsp;<\/p>\n<p>P2: \u00bfPueden personalizar mi logotipo?<br \/>\nA: S\u00ed, absolutamente usted puede, por favor env\u00edenos su LOGO, nosotros liberar\u00e1 para firmarlo. Para la joyer\u00eda de la marca siempre con el logotipo orginal,<\/p>\n<p>y si necesitas algo en especial, d\u00edmelo.<\/p>\n<p>&nbsp;<\/p>\n<p>P3: \u00bfPuedo pedir oro de 9K o 10K en lugar de 18K?<\/p>\n<p>R: S\u00ed, claro que puede, el MOQ s\u00f3lo 5 piezas de 9K o 10k joyas.<\/p>\n<p>&nbsp;<\/p>\n<p>P4: \u00bfPuedo obtener un certificado?<\/p>\n<p>R: S\u00ed, no tienen el certificado si es necesario y el precio no incluye la tasa. El diamante no GIA certificado o sin ella s\u00f3lo<\/p>\n<p>h\u00e1gamelo saber porque hay diferencia de precio .<\/p>\n<p>&nbsp;<\/p>\n<p>Q5. \u00bfCu\u00e1nto tiempo puedo recibir mi mercanc\u00eda?<\/p>\n<p>A: Orden siempre procesando despu\u00e9s del dep\u00f3sito sobre su orden. Haciendo tiempo 2-10 d\u00edas laborables dependiendo de la mano de obra de dise\u00f1o.<\/p>\n<p>dificultad, m\u00e1s 3-7 d\u00edas de tiempo de env\u00edo m\u00e9todo de env\u00edo expreso a todos fo el mundo.<\/p>\n<p>&nbsp;<\/p>\n<p>P6: \u00bfHacen joyas para compradores particulares o s\u00f3lo para mayoristas?<br \/>\nR: En realidad estamos hacer toda la venta a quien la venta en l\u00ednea o tener su propia tienda de dise\u00f1os originales , para la joyer\u00eda de marca permiti\u00f3 que el comprador personal tambi\u00e9n. Usted puede ordenar la joyer\u00eda fina de la marca de la calidad para su familia, amigos y usted mismo en los precios de f\u00e1brica. Incluso ser\u00e1 grande si usted es un revendedor de joyas. Proporcionaremos el env\u00edo libre y las cajas originales libres de la marca si usted puede pedir muchos art\u00edculos cada vez. M\u00e1s cantidad entonces mejor precio .<\/p><\/p>","protected":false},"excerpt":{"rendered":"<br \/>\n<table class=\"tables data\" width=\"100%\" border=\"0\" cellpadding=\"0\" cellspacing=\"0\">\n<tbody>\n<tr>\n<th width=\"35%\">Lugar de origen:<\/th>\n<td>China<\/td>\n<\/tr>\n<tr>\n<th width=\"35%\">Marca:<\/th>\n<td>Joyas de oro K<\/td>\n<\/tr>\n<tr>\n<th width=\"35%\">Certificaci\u00f3n:<\/th>\n<td>Certificado de joyer\u00eda<\/td>\n<\/tr>\n<tr>\n<th width=\"35%\">N\u00famero de modelo:<\/th>\n<td>K3575P<\/td>\n<\/tr>\n<\/tbody>\n<\/table>\n<p>                                                                            <span class=\"title_s\">Condiciones de pago y env\u00edo:<\/span>                            <\/p>\n<table class=\"tables data\" width=\"100%\" border=\"0\" cellpadding=\"0\" cellspacing=\"0\">\n<tbody>\n<tr>\n<th width=\"35%\" nowrap=\"nowrap\">Cantidad m\u00ednima de pedido:<\/th>\n<td>3<\/td>\n<\/tr>\n<tr>\n<th width=\"35%\" nowrap=\"nowrap\">Precio:<\/th>\n<td>Negociable<\/td>\n<\/tr>\n<tr>\n<th width=\"35%\" nowrap=\"nowrap\">Detalles del embalaje:<\/th>\n<td>Bolsa PP gruesa est\u00e1ndar, la marca vendr\u00e1 con la marca Embalaje<\/td>\n<\/tr>\n<tr>\n<th width=\"35%\" nowrap=\"nowrap\">Plazo de entrega:<\/th>\n<td>5-15 d\u00edas laborables<\/td>\n<\/tr>\n<tr>\n<th width=\"35%\" nowrap=\"nowrap\">Condiciones de pago:<\/th>\n<td>T\/T, Western Union<\/td>\n<\/tr>\n<tr>\n<th width=\"35%\" nowrap=\"nowrap\">Capacidad de suministro:<\/th>\n<td>2000pcs\/Mes<\/td>\n<\/tr>\n<\/tbody>\n<\/table>","protected":false},"featured_media":6019,"comment_status":"closed","ping_status":"closed","template":"","meta":{"_gspb_post_css":""},"product_brand":[],"product_cat":[29],"product_tag":[],"class_list":{"0":"post-6023","1":"product","2":"type-product","3":"status-publish","4":"has-post-thumbnail","6":"product_cat-greek-opal-jewelry","8":"first","9":"instock","10":"shipping-taxable","11":"product-type-simple"},"aioseo_notices":[],"_links":{"self":[{"href":"https:\/\/dearjewelry.ltd\/es\/wp-json\/wp\/v2\/product\/6023","targetHints":{"allow":["GET"]}}],"collection":[{"href":"https:\/\/dearjewelry.ltd\/es\/wp-json\/wp\/v2\/product"}],"about":[{"href":"https:\/\/dearjewelry.ltd\/es\/wp-json\/wp\/v2\/types\/product"}],"replies":[{"embeddable":true,"href":"https:\/\/dearjewelry.ltd\/es\/wp-json\/wp\/v2\/comments?post=6023"}],"wp:featuredmedia":[{"embeddable":true,"href":"https:\/\/dearjewelry.ltd\/es\/wp-json\/wp\/v2\/media\/6019"}],"wp:attachment":[{"href":"https:\/\/dearjewelry.ltd\/es\/wp-json\/wp\/v2\/media?parent=6023"}],"wp:term":[{"taxonomy":"product_brand","embeddable":true,"href":"https:\/\/dearjewelry.ltd\/es\/wp-json\/wp\/v2\/product_brand?post=6023"},{"taxonomy":"product_cat","embeddable":true,"href":"https:\/\/dearjewelry.ltd\/es\/wp-json\/wp\/v2\/product_cat?post=6023"},{"taxonomy":"product_tag","embeddable":true,"href":"https:\/\/dearjewelry.ltd\/es\/wp-json\/wp\/v2\/product_tag?post=6023"}],"curies":[{"name":"wp","href":"https:\/\/api.w.org\/{rel}","templated":true}]}}