{"id":6011,"date":"2025-07-13T10:48:45","date_gmt":"2025-07-13T10:48:45","guid":{"rendered":"https:\/\/dearjewelry.ltd\/product\/pear-cut-white-diamond-pendant-semi-mount-5x7mm-3-0g-weight\/"},"modified":"2025-07-13T10:48:45","modified_gmt":"2025-07-13T10:48:45","slug":"pear-cut-white-diamond-pendant-semi-mount-5x7mm-3-0g-weight","status":"publish","type":"product","link":"https:\/\/dearjewelry.ltd\/es\/product\/pear-cut-white-diamond-pendant-semi-mount-5x7mm-3-0g-weight\/","title":{"rendered":"Colgante Diamante Blanco Corte Pera Semi Montura 5x7mm 3.0g Peso"},"content":{"rendered":"<h2>Colgante Diamante Blanco Corte Pera Semi Montura 5x7mm 3.0g Peso<\/h2>\n<p> Descripci\u00f3n<\/p>\n<table cellpadding=\"0\" cellspacing=\"0\" class=\"details_table\">\n<tbody>\n<tr>\n<th>Tipo de joya:<\/th>\n<td>Diamond Semi-Mounts Pendant<\/td>\n<th>Diamonds Average:<\/th>\n<td>Vs-SI1<\/td>\n<\/tr>\n<tr class=\"bg_gray\">\n<th>Certificado:<\/th>\n<td>Certificado de joyer\u00eda<\/td>\n<th>Material:<\/th>\n<td>Oro de 14 quilates\/Oro de 18 quilates<\/td>\n<\/tr>\n<tr>\n<th>Pendant Weight:<\/th>\n<td>3.0g<\/td>\n<th>Claridad:<\/th>\n<td>SI1<\/td>\n<\/tr>\n<tr class=\"bg_gray\">\n<th>Tama\u00f1o:<\/th>\n<td>All Size<\/td>\n<th>Color del diamante:<\/th>\n<td>D-F<\/td>\n<\/tr>\n<tr>\n<th colspan=\"1\">Luz alta:<\/th>\n<td colspan=\"3\">\n<h2 style='font-weight: bold;font-size: 14px'>Diamond Pendant Semi Mount 7mm<\/h2>\n<p>, <\/p>\n<h2 style='font-weight: bold;font-size: 14px'>Diamond Pendant Semi Mount 5mm<\/h2>\n<p>, <\/p>\n<h2 style='font-weight: bold;font-size: 14px'>Semi Mount Pendant 3.0g<\/h2>\n<\/td>\n<\/tr>\n<\/tbody>\n<\/table>\n<p><p><span style=\"font-family:arial,helvetica,sans-serif\"><span style=\"font-size:16px\"><strong>Pear Cut 5&#215;7 Pendant Semi Mount In 14K Gold With White Diamonds<\/strong><\/span><\/span><span style=\"font-size:16px\"><span style=\"font-family:arial,helvetica,sans-serif\"> <\/span><\/span><\/p>\n<table border=\"1\" cellpadding=\"0\" cellspacing=\"0\" style=\"width: 558px\">\n<tbody>\n<tr>\n<td style=\"width: 151px\">N\u00ba de art\u00edculo<\/td>\n<td style=\"width: 398px\">K3579P<\/td>\n<\/tr>\n<tr>\n<td style=\"width: 151px\">Nombre del producto<\/td>\n<td style=\"width: 398px\">14K White Gold Semi Mount Pendant<\/td>\n<\/tr>\n<tr>\n<td style=\"width: 151px\">Estilo<\/td>\n<td style=\"width: 398px\">Colgante de diamantes Semi Mount<\/td>\n<\/tr>\n<tr>\n<td style=\"width: 151px\">Material<\/td>\n<td style=\"width: 398px\">&nbsp;Oro blanco de 14 quilates&nbsp;<\/td>\n<\/tr>\n<tr>\n<td style=\"width: 151px\">Tipo de configuraci\u00f3n<\/td>\n<td style=\"width: 398px\">Prong Hand setting<\/td>\n<\/tr>\n<tr>\n<td style=\"width: 151px\">G\u00e9nero<\/td>\n<td style=\"width: 398px\">Mujeres<\/td>\n<\/tr>\n<tr>\n<td style=\"width: 151px\"><span style=\", Helvetica, Arial, sans-serif\">Claridad de los diamantes<\/span><\/td>\n<td style=\"width: 398px\">Natural Diamond SI1<\/td>\n<\/tr>\n<tr>\n<td style=\"width: 151px\">Ocasi\u00f3n<\/td>\n<td style=\"width: 398px\">Aniversario, Compromiso, Regalo, Fiesta, Boda<\/td>\n<\/tr>\n<tr>\n<td style=\"width: 151px\">N\u00famero de diamantes<\/td>\n<td style=\"width: 398px\">Dia 22 pcs 0.29ct<\/td>\n<\/tr>\n<tr>\n<td style=\"width: 151px\">Ocasi\u00f3n<\/td>\n<td style=\"width: 398px\">Aniversario, Compromiso, Regalo, Fiesta, Boda<\/td>\n<\/tr>\n<\/tbody>\n<\/table>\n<p>Detalle de la producci\u00f3n :<\/p>\n<p>Informaci\u00f3n de la piedra principal: Personalizar disponible \/ Oferta del cliente<\/p>\n<p>Size : All Size , It will be designed in accordance to your gemstone&rsquo;s dimensions.w<\/p>\n<p>&nbsp;<\/p>\n<p>Tiny Diamond Information: 1.5mm&nbsp;<br \/>\nNumber of Diamonds :22pcs<br \/>\nTotal Carat Weight: 0.29ct<br \/>\nColor medio: D\/F<br \/>\nAverage Clarity SI1<br \/>\nCorte medio : Excelente<br \/>\nTipo de engaste : Engastado<\/p>\n<p>&nbsp;<\/p>\n<p><span style=\"font-size:16px\"><strong><span style=\"font-family:arial,helvetica,sans-serif\">Por qu\u00e9 nosotros:<\/span><\/strong><\/span><br \/>\n<span style=\"font-size:14px\"><span style=\"font-family:arial,helvetica,sans-serif\">1: K-Gold cuenta con 21 a\u00f1os de experiencia en el sector de la joyer\u00eda y 17 a\u00f1os en producci\u00f3n.<\/span><\/span><br \/>\n<span style=\"font-size:14px\"><span style=\"font-family:arial,helvetica,sans-serif\">2: Tambi\u00e9n nuestro equipo profesional de I + D para asegurar que nuestros productos se actualizan constantemente y por delante de la industria. As\u00ed que tenemos m\u00e1s de 3000 dise\u00f1os diferentes y m\u00e1s de 46 colecciones pueden satisfacer la demanda de diferentes mercados.<\/span><\/span><br \/>\n<span style=\"font-size:14px\"><span style=\"font-family:arial,helvetica,sans-serif\">3: Para personalizar los art\u00edculos que usted puede conseguir CAD mismo d\u00eda o al d\u00eda siguiente para confirmar los datos antes del inicio del pedido.<\/span><\/span><br \/>\n<span style=\"font-size:14px\"><span style=\"font-family:arial,helvetica,sans-serif\">4: El objetivo de K-gold es ofrecer a los clientes productos adecuados al precio adecuado y entregarlos a tiempo.<\/span><\/span><br \/>\n<span style=\"font-size:14px\"><span style=\"font-family:arial,helvetica,sans-serif\">5: Tenemos un equipo de servicio al cliente de gran alcance que mantiene un ojo en todo el proceso de venta, ayudarle a cualquier pregunta, desde el dise\u00f1o CAD para entregar.<\/span><\/span><\/p>\n<p>\n<span style=\"font-size:14px\"><span style=\"font-family:arial,helvetica,sans-serif\">Servicio de f\u00e1brica K-Gold:<\/span><\/span><\/p>\n<p><img decoding=\"async\" src=\"https:\/\/www.gold-jewellerys.com\/test\/gold-jewellerys.com\/photo\/pl36906276-remark.jpg\"><img decoding=\"async\" src=\"https:\/\/www.gold-jewellerys.com\/test\/gold-jewellerys.com\/photo\/pl36906271-remark.jpg\"><\/p>\n<p>&nbsp;<\/p>\n<p><span style=\"font-size:14px\">Persona de contacto: Nancy lee<br \/>\nWhatsApp: +86-18520267369 \/ Tell:+8618520267369<br \/>\nCorreo electr\u00f3nico: nancy@gzkgold.com<br \/>\nP\u00e1gina web:<\/span><\/p>\n<p>&nbsp;<\/p>\n<p>PREGUNTAS FRECUENTES:<\/p>\n<p>P1: \u00bfY la calidad de sus diamantes?<\/p>\n<p>R: Siempre usamos VS, SI G-H diamantes naturales, si desea cambiar a VVS tambi\u00e9n est\u00e1n disponibles, podemos cotizar el precio exacto accoring su solicitud.<\/p>\n<p>&nbsp;<\/p>\n<p>P2: \u00bfPueden personalizar mi logotipo?<br \/>\nA: S\u00ed, absolutamente usted puede, por favor env\u00edenos su LOGO, nosotros liberar\u00e1 para firmarlo. Para la joyer\u00eda de la marca siempre con el logotipo orginal,<\/p>\n<p>y si necesitas algo en especial, d\u00edmelo.<\/p>\n<p>&nbsp;<\/p>\n<p>P3: \u00bfPuedo pedir oro de 9K o 10K en lugar de 18K?<\/p>\n<p>R: S\u00ed, claro que puede, el MOQ s\u00f3lo 5 piezas de 9K o 10k joyas.<\/p>\n<p>&nbsp;<\/p>\n<p>P4: \u00bfPuedo obtener un certificado?<\/p>\n<p>R: S\u00ed, no tienen el certificado si es necesario y el precio no incluye la tasa. El diamante no GIA certificado o sin ella s\u00f3lo<\/p>\n<p>h\u00e1gamelo saber porque hay diferencia de precio .<\/p>\n<p>&nbsp;<\/p>\n<p>Q5. \u00bfCu\u00e1nto tiempo puedo recibir mi mercanc\u00eda?<\/p>\n<p>A: Orden siempre procesando despu\u00e9s del dep\u00f3sito sobre su orden. Haciendo tiempo 2-10 d\u00edas laborables dependiendo de la mano de obra de dise\u00f1o.<\/p>\n<p>dificultad, m\u00e1s 3-7 d\u00edas de tiempo de env\u00edo m\u00e9todo de env\u00edo expreso a todos fo el mundo.<\/p>\n<p>&nbsp;<\/p>\n<p>P6: \u00bfHacen joyas para compradores particulares o s\u00f3lo para mayoristas?<br \/>\nR: En realidad estamos hacer toda la venta a quien la venta en l\u00ednea o tener su propia tienda de dise\u00f1os originales , para la joyer\u00eda de marca permiti\u00f3 que el comprador personal tambi\u00e9n. Usted puede ordenar la joyer\u00eda fina de la marca de la calidad para su familia, amigos y usted mismo en los precios de f\u00e1brica. Incluso ser\u00e1 grande si usted es un revendedor de joyas. Proporcionaremos el env\u00edo libre y las cajas originales libres de la marca si usted puede pedir muchos art\u00edculos cada vez. M\u00e1s cantidad entonces mejor precio .<\/p><\/p>","protected":false},"excerpt":{"rendered":"<br \/>\n<table class=\"tables data\" width=\"100%\" border=\"0\" cellpadding=\"0\" cellspacing=\"0\">\n<tbody>\n<tr>\n<th width=\"35%\">Lugar de origen:<\/th>\n<td>China<\/td>\n<\/tr>\n<tr>\n<th width=\"35%\">Marca:<\/th>\n<td>Joyas de oro K<\/td>\n<\/tr>\n<tr>\n<th width=\"35%\">Certificaci\u00f3n:<\/th>\n<td>Certificado de joyer\u00eda<\/td>\n<\/tr>\n<tr>\n<th width=\"35%\">N\u00famero de modelo:<\/th>\n<td>K3579R<\/td>\n<\/tr>\n<\/tbody>\n<\/table>\n<p>                                                                            <span class=\"title_s\">Condiciones de pago y env\u00edo:<\/span>                            <\/p>\n<table class=\"tables data\" width=\"100%\" border=\"0\" cellpadding=\"0\" cellspacing=\"0\">\n<tbody>\n<tr>\n<th width=\"35%\" nowrap=\"nowrap\">Cantidad m\u00ednima de pedido:<\/th>\n<td>3<\/td>\n<\/tr>\n<tr>\n<th width=\"35%\" nowrap=\"nowrap\">Precio:<\/th>\n<td>Negociable<\/td>\n<\/tr>\n<tr>\n<th width=\"35%\" nowrap=\"nowrap\">Detalles del embalaje:<\/th>\n<td>Bolsa PP gruesa est\u00e1ndar, la marca vendr\u00e1 con la marca Embalaje<\/td>\n<\/tr>\n<tr>\n<th width=\"35%\" nowrap=\"nowrap\">Plazo de entrega:<\/th>\n<td>5-15 d\u00edas laborables<\/td>\n<\/tr>\n<tr>\n<th width=\"35%\" nowrap=\"nowrap\">Condiciones de pago:<\/th>\n<td>T\/T, Western Union<\/td>\n<\/tr>\n<tr>\n<th width=\"35%\" nowrap=\"nowrap\">Capacidad de suministro:<\/th>\n<td>2000pcs\/Mes<\/td>\n<\/tr>\n<\/tbody>\n<\/table>","protected":false},"featured_media":6007,"comment_status":"closed","ping_status":"closed","template":"","meta":{"_gspb_post_css":""},"product_brand":[],"product_cat":[29],"product_tag":[],"class_list":{"0":"post-6011","1":"product","2":"type-product","3":"status-publish","4":"has-post-thumbnail","6":"product_cat-greek-opal-jewelry","8":"first","9":"instock","10":"shipping-taxable","11":"product-type-simple"},"aioseo_notices":[],"_links":{"self":[{"href":"https:\/\/dearjewelry.ltd\/es\/wp-json\/wp\/v2\/product\/6011","targetHints":{"allow":["GET"]}}],"collection":[{"href":"https:\/\/dearjewelry.ltd\/es\/wp-json\/wp\/v2\/product"}],"about":[{"href":"https:\/\/dearjewelry.ltd\/es\/wp-json\/wp\/v2\/types\/product"}],"replies":[{"embeddable":true,"href":"https:\/\/dearjewelry.ltd\/es\/wp-json\/wp\/v2\/comments?post=6011"}],"wp:featuredmedia":[{"embeddable":true,"href":"https:\/\/dearjewelry.ltd\/es\/wp-json\/wp\/v2\/media\/6007"}],"wp:attachment":[{"href":"https:\/\/dearjewelry.ltd\/es\/wp-json\/wp\/v2\/media?parent=6011"}],"wp:term":[{"taxonomy":"product_brand","embeddable":true,"href":"https:\/\/dearjewelry.ltd\/es\/wp-json\/wp\/v2\/product_brand?post=6011"},{"taxonomy":"product_cat","embeddable":true,"href":"https:\/\/dearjewelry.ltd\/es\/wp-json\/wp\/v2\/product_cat?post=6011"},{"taxonomy":"product_tag","embeddable":true,"href":"https:\/\/dearjewelry.ltd\/es\/wp-json\/wp\/v2\/product_tag?post=6011"}],"curies":[{"name":"wp","href":"https:\/\/api.w.org\/{rel}","templated":true}]}}