{"id":5339,"date":"2025-07-13T10:44:13","date_gmt":"2025-07-13T10:44:13","guid":{"rendered":"https:\/\/dearjewelry.ltd\/product\/yellow-gold-126pcs-diamond-engagement-wedding-rings-1-26ct-total-weight\/"},"modified":"2025-07-13T10:44:13","modified_gmt":"2025-07-13T10:44:13","slug":"yellow-gold-126pcs-diamond-engagement-wedding-rings-1-26ct-total-weight","status":"publish","type":"product","link":"https:\/\/dearjewelry.ltd\/es\/product\/yellow-gold-126pcs-diamond-engagement-wedding-rings-1-26ct-total-weight\/","title":{"rendered":"Oro Amarillo 126PCS Anillos de Boda de Compromiso de Diamantes 1.26CT Peso Total"},"content":{"rendered":"<h2>Oro Amarillo 126PCS Anillos de Boda de Compromiso de Diamantes 1.26CT Peso Total<\/h2>\n<p> Descripci\u00f3n<\/p>\n<table cellpadding=\"0\" cellspacing=\"0\" class=\"details_table\">\n<tbody>\n<tr>\n<th>Marca:<\/th>\n<td>OEM<\/td>\n<th>Material Type:<\/th>\n<td>Solid Gold In 10K,14K,18K<\/td>\n<\/tr>\n<tr class=\"bg_gray\">\n<th>Patr\u00f3n de forma:<\/th>\n<td>Juego de alianzas<\/td>\n<th>Conjuntos de anillos Halo CZ:<\/th>\n<td>Joyas para alianzas<\/td>\n<\/tr>\n<tr>\n<th>G\u00e9nero:<\/th>\n<td>Children&#8217;s, Men&#8217;s, Unisex, Women&#8217;s<\/td>\n<th>Tipo de anillos:<\/th>\n<td>Juego de alianzas<\/td>\n<\/tr>\n<tr class=\"bg_gray\">\n<th>Banda Jeweley:<\/th>\n<td>Alianza de boda<\/td>\n<\/tr>\n<tr>\n<th colspan=\"1\">Luz alta:<\/th>\n<td colspan=\"3\">\n<h2 style='font-weight: bold;font-size: 14px'>Diamond Engagement Wedding Rings 1.26CT<\/h2>\n<p>, <\/p>\n<h2 style='font-weight: bold;font-size: 14px'>126PCS Diamond Engagement Wedding Rings<\/h2>\n<\/td>\n<\/tr>\n<\/tbody>\n<\/table>\n<p><p><span style=\"font-size:14px\"><span style=\"font-family:arial,helvetica,sans-serif\">Descripci\u00f3n del producto:<\/span><\/span><\/p>\n<p><strong>18K Solid Yellow Gold Diamond Engagement Bridal Wedding Rings Set Bridal Ring Set Women Jewelry<\/strong><\/p>\n<table border=\"1\" cellpadding=\"0\" cellspacing=\"0\" style=\"width: 576px\">\n<tbody>\n<tr>\n<td style=\"width: 126px\">N\u00ba de art\u00edculo<\/td>\n<td style=\"width: 442px\">KD274R<\/td>\n<\/tr>\n<tr>\n<td style=\"width: 126px\">Nombre del producto<\/td>\n<td style=\"width: 442px\">Juego de alianzas<\/td>\n<\/tr>\n<tr>\n<td style=\"width: 126px\">Estilo<\/td>\n<td style=\"width: 442px\">Boda\/compromiso<\/td>\n<\/tr>\n<tr>\n<td style=\"width: 126px\">Material<\/td>\n<td style=\"width: 442px\">Oro blanco de 18 quilates<\/td>\n<\/tr>\n<tr>\n<td style=\"width: 126px\">Tipo de configuraci\u00f3n<\/td>\n<td style=\"width: 442px\">Ajuste de las puntas<\/td>\n<\/tr>\n<tr>\n<td style=\"width: 126px\">G\u00e9nero<\/td>\n<td style=\"width: 442px\">Mujer,Pareja<\/td>\n<\/tr>\n<tr>\n<td style=\"width: 126px\">Piedra diminuta<\/td>\n<td style=\"width: 442px\">SI1\/SI2<\/td>\n<\/tr>\n<tr>\n<td style=\"width: 126px\">Piedra principal<\/td>\n<td style=\"width: 442px\">Diamante natural<\/td>\n<\/tr>\n<tr>\n<td style=\"width: 126px\">Dimensi\u00f3n1.0CT<\/td>\n<td style=\"width: 442px\">6,5MM=1,0ct<\/td>\n<\/tr>\n<tr>\n<td style=\"width: 126px\">Ocasi\u00f3n<\/td>\n<td style=\"width: 442px\">Compromiso, Boda<\/td>\n<\/tr>\n<tr>\n<td style=\"width: 126px\">Tama\u00f1o del anillo<\/td>\n<td style=\"width: 442px\">Cualquier tama\u00f1o disponible #4#5,#61TP57#8#9#10#11#12<\/td>\n<\/tr>\n<\/tbody>\n<\/table>\n<p>&nbsp;<\/p>\n<p>\n<span style=\"font-size:14px\"><span style=\"font-family:arial,helvetica,sans-serif\">N\u00famero de diamantes:&nbsp;<\/span><\/span>1.3=126PCS<br \/>\n<span style=\"font-size:14px\"><span style=\"font-family:arial,helvetica,sans-serif\">Peso total en quilates: <\/span><\/span>1.26CT<br \/>\n<span style=\"font-size:14px\"><span style=\"font-family:arial,helvetica,sans-serif\">Color medio: SI1<\/span><\/span><br \/>\n<span style=\"font-size:14px\"><span style=\"font-family:arial,helvetica,sans-serif\">Corte medio:&nbsp;<\/span><\/span>Talla brillante redonda<br \/>\n<span style=\"font-size:14px\"><span style=\"font-family:arial,helvetica,sans-serif\">Tipo de engaste: Engastado<\/span><\/span><\/p>\n<p>\n<span style=\"font-size:14px\"><span style=\"font-family:arial,helvetica,sans-serif\">Informaci\u00f3n sobre la piedra principal:&nbsp;<\/span><\/span>Diamante natural<br \/>\n<span style=\"font-size:14px\"><span style=\"font-family:arial,helvetica,sans-serif\">Peso total en quilates: <\/span><\/span>1.0CT<\/p>\n<p><span style=\"font-family: arial, helvetica, sans-serif\">Piedra principal&nbsp;<\/span><font face=\"arial, helvetica, sans-serif\">Tama\u00f1o:&nbsp;<\/font>RD6.5<\/p>\n<p>Corte: Corte redondo<\/p>\n<p>\n<span style=\"font-size:14px\"><span style=\"font-family:arial,helvetica,sans-serif\">Por qu\u00e9 elegirnos:<\/span><\/span><br \/>\n<span style=\"font-size:14px\"><span style=\"font-family:arial,helvetica,sans-serif\">1: K-Gold cuenta con 21 a\u00f1os de experiencia en el sector de la joyer\u00eda y 17 a\u00f1os en producci\u00f3n.<\/span><\/span><br \/>\n<span style=\"font-size:14px\"><span style=\"font-family:arial,helvetica,sans-serif\">2: Tambi\u00e9n nuestro equipo profesional de I + D para asegurar que nuestros productos se actualizan constantemente y por delante de la industria. As\u00ed que tenemos m\u00e1s de 3000 dise\u00f1os diferentes y m\u00e1s de 46 colecciones pueden satisfacer la demanda de diferentes mercados.<\/span><\/span><br \/>\n<span style=\"font-size:14px\"><span style=\"font-family:arial,helvetica,sans-serif\">3: Para personalizar los art\u00edculos que usted puede conseguir CAD mismo d\u00eda o al d\u00eda siguiente para confirmar los datos antes del inicio del pedido.<\/span><\/span><br \/>\n<span style=\"font-size:14px\"><span style=\"font-family:arial,helvetica,sans-serif\">4: El objetivo de K-gold es ofrecer a los clientes productos adecuados al precio adecuado y entregarlos a tiempo.<\/span><\/span><br \/>\n<span style=\"font-size:14px\"><span style=\"font-family:arial,helvetica,sans-serif\">5: Tenemos un equipo de servicio al cliente de gran alcance que mantiene un ojo en todo el proceso de venta, ayudarle a cualquier pregunta, desde el dise\u00f1o CAD para entregar.<\/span><\/span><br \/>\n<span style=\"font-size:14px\"><span style=\"font-family:arial,helvetica,sans-serif\">Servicio de f\u00e1brica K-Gold:<\/span><\/span><br \/>\n<img decoding=\"async\" src=\"https:\/\/www.gold-jewellerys.com\/test\/gold-jewellerys.com\/photo\/pl36123473-remark.jpg\"><\/p>\n<p><img decoding=\"async\" src=\"https:\/\/www.gold-jewellerys.com\/test\/gold-jewellerys.com\/photo\/pl36219389-remark.jpg\"><br \/>\n<img decoding=\"async\" src=\"https:\/\/www.gold-jewellerys.com\/test\/gold-jewellerys.com\/photo\/pl36230799-remark.jpg\"><\/p>\n<p>&nbsp;<\/p>\n<p>PREGUNTAS FRECUENTES:<\/p>\n<p>1: \u00bfQu\u00e9 es el diamante GIA?<\/p>\n<p>Diamante GIA es la abreviatura de un diamante clasificado por GIA, creador de las 4C y autoridad independiente en materia de diamantes.<\/p>\n<p>&nbsp;<\/p>\n<p>2: \u00bfPueden personalizar mi logotipo?<br \/>\nS\u00ed, por supuesto que puede, por favor env\u00edenos su LOGO.<\/p>\n<p>&nbsp;<\/p>\n<p>3: \u00bfCu\u00e1nto se tarda en preparar un pedido?<\/p>\n<p>Siempre necesitamos producci\u00f3n y el tiempo de preparaci\u00f3n es de unos 10-15 d\u00edas.<\/p>\n<p>&nbsp;<\/p>\n<p>4: Can you customize a ring?<\/p>\n<p>We can customize the ring according to your requirements.<\/p>\n<p>&nbsp;<\/p>\n<p>5. What are the different cuts of diamonds?<\/p>\n<p>Corte brillante redondo, corte princesa, corte coj\u00edn, corte oval, corte esmeralda, corte pera, corte radiante, corte marquesa, corte coraz\u00f3n, etc.<\/p>\n<p>&nbsp;<\/p>\n<p>6: \u00bfSon una f\u00e1brica o una empresa comercial?<\/p>\n<p>Somos fabricantes profesionales y tenemos m\u00e1s de 17 a\u00f1os de experiencia en la producci\u00f3n de joyas.<\/p>\n<p style=\"padding: 0px;border: 0px\">&nbsp;<\/p><\/p>","protected":false},"excerpt":{"rendered":"<br \/>\n<table class=\"tables data\" width=\"100%\" border=\"0\" cellpadding=\"0\" cellspacing=\"0\">\n<tbody>\n<tr>\n<th width=\"35%\">Lugar de origen:<\/th>\n<td>China<\/td>\n<\/tr>\n<tr>\n<th width=\"35%\">Marca:<\/th>\n<td>Joyas de oro K<\/td>\n<\/tr>\n<tr>\n<th width=\"35%\">Certificaci\u00f3n:<\/th>\n<td>Certificado de joyer\u00eda<\/td>\n<\/tr>\n<tr>\n<th width=\"35%\">N\u00famero de modelo:<\/th>\n<td>KD274R<\/td>\n<\/tr>\n<\/tbody>\n<\/table>\n<p>                                                                            <span class=\"title_s\">Condiciones de pago y env\u00edo:<\/span>                            <\/p>\n<table class=\"tables data\" width=\"100%\" border=\"0\" cellpadding=\"0\" cellspacing=\"0\">\n<tbody>\n<tr>\n<th width=\"35%\" nowrap=\"nowrap\">Cantidad m\u00ednima de pedido:<\/th>\n<td>3<\/td>\n<\/tr>\n<tr>\n<th width=\"35%\" nowrap=\"nowrap\">Precio:<\/th>\n<td>Negociable<\/td>\n<\/tr>\n<tr>\n<th width=\"35%\" nowrap=\"nowrap\">Detalles del embalaje:<\/th>\n<td>Bolsa PP gruesa est\u00e1ndar, la marca vendr\u00e1 con la marca Embalaje<\/td>\n<\/tr>\n<tr>\n<th width=\"35%\" nowrap=\"nowrap\">Plazo de entrega:<\/th>\n<td>5-15 d\u00edas laborables<\/td>\n<\/tr>\n<tr>\n<th width=\"35%\" nowrap=\"nowrap\">Condiciones de pago:<\/th>\n<td>T\/T, Western Union<\/td>\n<\/tr>\n<tr>\n<th width=\"35%\" nowrap=\"nowrap\">Capacidad de suministro:<\/th>\n<td>2000pcs\/Mes<\/td>\n<\/tr>\n<\/tbody>\n<\/table>","protected":false},"featured_media":5336,"comment_status":"closed","ping_status":"closed","template":"","meta":{"_gspb_post_css":""},"product_brand":[],"product_cat":[26],"product_tag":[],"class_list":{"0":"post-5339","1":"product","2":"type-product","3":"status-publish","4":"has-post-thumbnail","6":"product_cat-diamond-lab-diamond-moissanite-jewelry","8":"first","9":"instock","10":"shipping-taxable","11":"product-type-simple"},"aioseo_notices":[],"_links":{"self":[{"href":"https:\/\/dearjewelry.ltd\/es\/wp-json\/wp\/v2\/product\/5339","targetHints":{"allow":["GET"]}}],"collection":[{"href":"https:\/\/dearjewelry.ltd\/es\/wp-json\/wp\/v2\/product"}],"about":[{"href":"https:\/\/dearjewelry.ltd\/es\/wp-json\/wp\/v2\/types\/product"}],"replies":[{"embeddable":true,"href":"https:\/\/dearjewelry.ltd\/es\/wp-json\/wp\/v2\/comments?post=5339"}],"wp:featuredmedia":[{"embeddable":true,"href":"https:\/\/dearjewelry.ltd\/es\/wp-json\/wp\/v2\/media\/5336"}],"wp:attachment":[{"href":"https:\/\/dearjewelry.ltd\/es\/wp-json\/wp\/v2\/media?parent=5339"}],"wp:term":[{"taxonomy":"product_brand","embeddable":true,"href":"https:\/\/dearjewelry.ltd\/es\/wp-json\/wp\/v2\/product_brand?post=5339"},{"taxonomy":"product_cat","embeddable":true,"href":"https:\/\/dearjewelry.ltd\/es\/wp-json\/wp\/v2\/product_cat?post=5339"},{"taxonomy":"product_tag","embeddable":true,"href":"https:\/\/dearjewelry.ltd\/es\/wp-json\/wp\/v2\/product_tag?post=5339"}],"curies":[{"name":"wp","href":"https:\/\/api.w.org\/{rel}","templated":true}]}}