{"id":5334,"date":"2025-07-13T10:44:11","date_gmt":"2025-07-13T10:44:11","guid":{"rendered":"https:\/\/dearjewelry.ltd\/product\/halo-1-0ct-diamond-engagement-wedding-rings-53pcs-prong-setting-type\/"},"modified":"2025-07-13T10:44:11","modified_gmt":"2025-07-13T10:44:11","slug":"halo-1-0ct-anillos-de-compromiso-de-diamantes-de-boda-53pcs-prong-tipo-de-ajuste","status":"publish","type":"product","link":"https:\/\/dearjewelry.ltd\/es\/product\/halo-1-0ct-anillos-de-compromiso-de-diamantes-de-boda-53pcs-prong-tipo-de-ajuste\/","title":{"rendered":"Halo 1.0ct Anillos de compromiso de diamantes 53PCS Prong Setting Tipo"},"content":{"rendered":"<h2>Halo 1.0ct Anillos de compromiso de diamantes 53PCS Prong Setting Tipo<\/h2>\n<p> Descripci\u00f3n<\/p>\n<table cellpadding=\"0\" cellspacing=\"0\" class=\"details_table\">\n<tbody>\n<tr>\n<th>Oro Material:<\/th>\n<td>Oro blanco de 18 quilates\/Oro blanco de 14 quilates<\/td>\n<th>Corte de piedra:<\/th>\n<td>Corte de coj\u00edn<\/td>\n<\/tr>\n<tr class=\"bg_gray\">\n<th>Ocasi\u00f3n:<\/th>\n<td>Aniversario, Compromiso<\/td>\n<th>Material:<\/th>\n<td>Oro blanco macizo de 18 quilates<\/td>\n<\/tr>\n<tr>\n<th>Tama\u00f1o de la piedra:<\/th>\n<td>CU7*7=2CT,RD1.3=53PCS<\/td>\n<th>Piedra delicada:<\/th>\n<td>Anillo de diamantes<\/td>\n<\/tr>\n<tr class=\"bg_gray\">\n<th>Color:<\/th>\n<td>Oro amarillo\/Oro rosa\/Oro blanco<\/td>\n<th>Tipo de anillo:<\/th>\n<td>Juego de alianzas<\/td>\n<\/tr>\n<tr>\n<th colspan=\"1\">Destaca:<\/th>\n<td colspan=\"3\">\n<h2 style='font-weight: bold;font-size: 14px'>1.0ct Anillos de boda de compromiso de diamantes<\/h2>\n<p>, <\/p>\n<h2 style='font-weight: bold;font-size: 14px'>53PCS Anillos de boda de compromiso de diamantes<\/h2>\n<p>, <\/p>\n<h2 style='font-weight: bold;font-size: 14px'>Alianzas de boda con halo de diamantes<\/h2>\n<\/td>\n<\/tr>\n<\/tbody>\n<\/table>\n<p><p><span style=\"font-size:14px\"><span style=\"font-family:arial,helvetica,sans-serif\">Descripci\u00f3n del producto:<\/span><\/span><\/p>\n<p><strong>Anillos de compromiso de diamantes Alianzas de boda Halo de diamantes Cushion Anillo de compromiso Set Nupcial<\/strong><\/p>\n<table border=\"1\" cellpadding=\"0\" cellspacing=\"0\" style=\"width: 576px\">\n<tbody>\n<tr>\n<td style=\"width: 126px\">N\u00ba de art\u00edculo<\/td>\n<td style=\"width: 444px\">KD032226R<\/td>\n<\/tr>\n<tr>\n<td style=\"width: 126px\">Nombre del producto<\/td>\n<td style=\"width: 444px\">Anillo de oro blanco de 18 quilates<\/td>\n<\/tr>\n<tr>\n<td style=\"width: 126px\">Estilo<\/td>\n<td style=\"width: 444px\">Juego de alianzas<\/td>\n<\/tr>\n<tr>\n<td style=\"width: 126px\">Material<\/td>\n<td style=\"width: 444px\">Oro blanco macizo de 18 quilates<\/td>\n<\/tr>\n<tr>\n<td style=\"width: 126px\">Tipo de configuraci\u00f3n<\/td>\n<td style=\"width: 444px\">Ajuste de las puntas<\/td>\n<\/tr>\n<tr>\n<td style=\"width: 126px\">G\u00e9nero<\/td>\n<td style=\"width: 444px\">Mujer,Pareja<\/td>\n<\/tr>\n<tr>\n<td style=\"width: 126px\">Piedra diminuta<\/td>\n<td style=\"width: 444px\">SI1\/SI2<\/td>\n<\/tr>\n<tr>\n<td style=\"width: 126px\">Piedra principal<\/td>\n<td style=\"width: 444px\">Diamante natural<\/td>\n<\/tr>\n<tr>\n<td style=\"width: 126px\">Tama\u00f1o de la piedra<\/td>\n<td style=\"width: 444px\">6,5MM=1,0ct<\/td>\n<\/tr>\n<tr>\n<td style=\"width: 126px\">Ocasi\u00f3n<\/td>\n<td style=\"width: 444px\">Compromiso, Boda<\/td>\n<\/tr>\n<tr>\n<td style=\"width: 126px\">Tama\u00f1o del anillo<\/td>\n<td style=\"width: 444px\">Cualquier tama\u00f1o disponible #4#5,#61TP57#8#9#10#11#12<\/td>\n<\/tr>\n<\/tbody>\n<\/table>\n<p>&nbsp;<\/p>\n<p><span style=\"font-size:14px\"><span style=\"font-family:arial,helvetica,sans-serif\">Detalle de la producci\u00f3n :<\/span><\/span><br \/>\n<span style=\"font-size:14px\"><span style=\"font-family:arial,helvetica,sans-serif\">Informaci\u00f3n sobre diamantes peque\u00f1os:<\/span><\/span><br \/>\n<span style=\"font-size:14px\"><span style=\"font-family:arial,helvetica,sans-serif\">N\u00famero de diamantes: <\/span><\/span>RD1.3=53PCS=0,53ct<br \/>\n<span style=\"font-size:14px\"><span style=\"font-family:arial,helvetica,sans-serif\">Peso total en quilates: 0,53 quilates<\/span><\/span><br \/>\n<span style=\"font-size:14px\"><span style=\"font-family:arial,helvetica,sans-serif\">Color medio: SI1\/<\/span><\/span><span style=\"font-family: arial, helvetica, sans-serif\">SI2<\/span><br \/>\n<span style=\"font-size:14px\"><span style=\"font-family:arial,helvetica,sans-serif\">Tipo de engaste: Engastado<\/span><\/span><\/p>\n<p>\n<span style=\"font-size:14px\"><span style=\"font-family:arial,helvetica,sans-serif\">Informaci\u00f3n sobre la piedra principal:&nbsp;<\/span><\/span>Diamante natural<\/p>\n<p><span style=\"font-family: arial, helvetica, sans-serif\">Piedra principal&nbsp;<\/span><font face=\"arial, helvetica, sans-serif\">Tama\u00f1o:&nbsp;<\/font>CU7*7=2CT<\/p>\n<p>Corte: Diamante en coj\u00edn<\/p>\n<p>\n<span style=\"font-size:14px\"><span style=\"font-family:arial,helvetica,sans-serif\">Por qu\u00e9 elegirnos:<\/span><\/span><br \/>\n<span style=\"font-size:14px\"><span style=\"font-family:arial,helvetica,sans-serif\">1: K-Gold cuenta con 21 a\u00f1os de experiencia en el sector de la joyer\u00eda y 17 a\u00f1os en producci\u00f3n.<\/span><\/span><br \/>\n<span style=\"font-size:14px\"><span style=\"font-family:arial,helvetica,sans-serif\">2: Tambi\u00e9n nuestro equipo profesional de I + D para asegurar que nuestros productos se actualizan constantemente y por delante de la industria. As\u00ed que tenemos m\u00e1s de 3000 dise\u00f1os diferentes y m\u00e1s de 46 colecciones pueden satisfacer la demanda de diferentes mercados.<\/span><\/span><br \/>\n<span style=\"font-size:14px\"><span style=\"font-family:arial,helvetica,sans-serif\">3: Para personalizar los art\u00edculos que usted puede conseguir CAD mismo d\u00eda o al d\u00eda siguiente para confirmar los datos antes del inicio del pedido.<\/span><\/span><br \/>\n<span style=\"font-size:14px\"><span style=\"font-family:arial,helvetica,sans-serif\">4: El objetivo de K-gold es ofrecer a los clientes productos adecuados al precio adecuado y entregarlos a tiempo.<\/span><\/span><br \/>\n<span style=\"font-size:14px\"><span style=\"font-family:arial,helvetica,sans-serif\">5: Tenemos un equipo de servicio al cliente de gran alcance que mantiene un ojo en todo el proceso de venta, ayudarle a cualquier pregunta, desde el dise\u00f1o CAD para entregar.<\/span><\/span><br \/>\n<span style=\"font-size:14px\"><span style=\"font-family:arial,helvetica,sans-serif\">Servicio de f\u00e1brica K-Gold:<\/span><\/span><br \/>\n<img decoding=\"async\" src=\"https:\/\/www.gold-jewellerys.com\/test\/gold-jewellerys.com\/photo\/pl36123473-remark.jpg\"><\/p>\n<p><img decoding=\"async\" src=\"https:\/\/www.gold-jewellerys.com\/test\/gold-jewellerys.com\/photo\/pl36219389-remark.jpg\"><br \/>\n<img decoding=\"async\" src=\"https:\/\/www.gold-jewellerys.com\/test\/gold-jewellerys.com\/photo\/pl36230799-remark.jpg\"><\/p>\n<p>&nbsp;<\/p>\n<p>PREGUNTAS FRECUENTES:<\/p>\n<p>1: P: \u00bfPuedo hacer mi propio logotipo con su dise\u00f1o?<\/p>\n<p>S\u00ed, podemos hacer su logotipo en la joyer\u00eda de forma gratuita.<\/p>\n<p>&nbsp;<\/p>\n<p>2: \u00bfPueden personalizar el logotipo de mi banco?<br \/>\nS\u00ed, por supuesto que puede, por favor env\u00edenos su LOGO.<\/p>\n<p>&nbsp;<\/p>\n<p>3: \u00bfC\u00f3mo es el control de calidad en su f\u00e1brica?<\/p>\n<p>QC siempre concede gran importancia al control de calidad de principio a fin.<\/p>\n<p>&nbsp;<\/p>\n<p>4: \u00bfDispone de un certificado?<\/p>\n<p>S\u00ed, no tienen el certificado si es necesario y el precio no incluye la tasa. El diamante no GIA certificado o sin ella s\u00f3lo<\/p>\n<p>h\u00e1gamelo saber porque hay diferencia de precio .<\/p>\n<p>&nbsp;<\/p>\n<p>5. \u00bfC\u00f3mo env\u00edan la mercanc\u00eda?<\/p>\n<p>Enviamos por EMS\/UPS\/DHL\/FEDEX, que depende de su elecci\u00f3n.<\/p>\n<p>&nbsp;<\/p>\n<p>6: \u00bfHacen joyas para compradores particulares o s\u00f3lo para mayoristas?<br \/>\nEn realidad estamos hacer toda la venta a quien la venta a en l\u00ednea o tener su propia tienda de dise\u00f1os originales , para la joyer\u00eda de marca permiti\u00f3 que el comprador personal tambi\u00e9n. Usted puede ordenar la joyer\u00eda fina de la marca de la calidad para su familia, amigos y usted mismo en los precios de f\u00e1brica. Incluso ser\u00e1 grande si usted es un revendedor de joyas. Proporcionaremos el env\u00edo libre y las cajas originales libres de la marca si usted puede pedir muchos art\u00edculos cada vez. M\u00e1s cantidad entonces mejor precio .<\/p>\n<p style=\"padding: 0px;border: 0px\">\n&nbsp;<\/p><\/p>","protected":false},"excerpt":{"rendered":"<br \/>\n<table class=\"tables data\" width=\"100%\" border=\"0\" cellpadding=\"0\" cellspacing=\"0\">\n<tbody>\n<tr>\n<th width=\"35%\">Lugar de origen:<\/th>\n<td>China<\/td>\n<\/tr>\n<tr>\n<th width=\"35%\">Marca:<\/th>\n<td>Joyas de oro K<\/td>\n<\/tr>\n<tr>\n<th width=\"35%\">Certificaci\u00f3n:<\/th>\n<td>Certificado de joyer\u00eda<\/td>\n<\/tr>\n<tr>\n<th width=\"35%\">N\u00famero de modelo:<\/th>\n<td>KD032226R<\/td>\n<\/tr>\n<\/tbody>\n<\/table>\n<p>                                                                            <span class=\"title_s\">Condiciones de pago y env\u00edo:<\/span>                            <\/p>\n<table class=\"tables data\" width=\"100%\" border=\"0\" cellpadding=\"0\" cellspacing=\"0\">\n<tbody>\n<tr>\n<th width=\"35%\" nowrap=\"nowrap\">Cantidad m\u00ednima de pedido:<\/th>\n<td>3<\/td>\n<\/tr>\n<tr>\n<th width=\"35%\" nowrap=\"nowrap\">Precio:<\/th>\n<td>Negociable<\/td>\n<\/tr>\n<tr>\n<th width=\"35%\" nowrap=\"nowrap\">Detalles del embalaje:<\/th>\n<td>Bolsa PP gruesa est\u00e1ndar, la marca vendr\u00e1 con la marca Embalaje<\/td>\n<\/tr>\n<tr>\n<th width=\"35%\" nowrap=\"nowrap\">Plazo de entrega:<\/th>\n<td>5-15 d\u00edas laborables<\/td>\n<\/tr>\n<tr>\n<th width=\"35%\" nowrap=\"nowrap\">Condiciones de pago:<\/th>\n<td>T\/T, Western Union<\/td>\n<\/tr>\n<tr>\n<th width=\"35%\" nowrap=\"nowrap\">Capacidad de suministro:<\/th>\n<td>2000pcs\/Mes<\/td>\n<\/tr>\n<\/tbody>\n<\/table>\n<p>                                                                                                                                \", \"countrycode\": \"US\"}\");' class=\"btn contact_btn\" style=\"display: inline-block;background:#ff771c url(\/images\/css-sprite.png) -260px -214px;color:#fff;padding:0 13px 0 33px;width:auto;height:25px;line-height:26px;border:0;font-size:13px;border-radius:4px;font-weight:bold;text-decoration:none;\"&gt;<\/p>","protected":false},"featured_media":5330,"comment_status":"closed","ping_status":"closed","template":"","meta":{"_gspb_post_css":""},"product_brand":[],"product_cat":[26],"product_tag":[],"class_list":{"0":"post-5334","1":"product","2":"type-product","3":"status-publish","4":"has-post-thumbnail","6":"product_cat-diamond-lab-diamond-moissanite-jewelry","8":"first","9":"instock","10":"shipping-taxable","11":"product-type-simple"},"aioseo_notices":[],"_links":{"self":[{"href":"https:\/\/dearjewelry.ltd\/es\/wp-json\/wp\/v2\/product\/5334","targetHints":{"allow":["GET"]}}],"collection":[{"href":"https:\/\/dearjewelry.ltd\/es\/wp-json\/wp\/v2\/product"}],"about":[{"href":"https:\/\/dearjewelry.ltd\/es\/wp-json\/wp\/v2\/types\/product"}],"replies":[{"embeddable":true,"href":"https:\/\/dearjewelry.ltd\/es\/wp-json\/wp\/v2\/comments?post=5334"}],"wp:featuredmedia":[{"embeddable":true,"href":"https:\/\/dearjewelry.ltd\/es\/wp-json\/wp\/v2\/media\/5330"}],"wp:attachment":[{"href":"https:\/\/dearjewelry.ltd\/es\/wp-json\/wp\/v2\/media?parent=5334"}],"wp:term":[{"taxonomy":"product_brand","embeddable":true,"href":"https:\/\/dearjewelry.ltd\/es\/wp-json\/wp\/v2\/product_brand?post=5334"},{"taxonomy":"product_cat","embeddable":true,"href":"https:\/\/dearjewelry.ltd\/es\/wp-json\/wp\/v2\/product_cat?post=5334"},{"taxonomy":"product_tag","embeddable":true,"href":"https:\/\/dearjewelry.ltd\/es\/wp-json\/wp\/v2\/product_tag?post=5334"}],"curies":[{"name":"wp","href":"https:\/\/api.w.org\/{rel}","templated":true}]}}