{"id":5209,"date":"2025-07-13T10:43:16","date_gmt":"2025-07-13T10:43:16","guid":{"rendered":"https:\/\/dearjewelry.ltd\/product\/rd-4mm-round-natural-diamond-ring-claw-setting-18k-gold-wedding-band\/"},"modified":"2025-07-13T10:43:16","modified_gmt":"2025-07-13T10:43:16","slug":"rd-4mm-redondo-diamante-natural-anillo-de-garra-18k-oro-anillo-de-bodas","status":"publish","type":"product","link":"https:\/\/dearjewelry.ltd\/es\/product\/rd-4mm-redondo-diamante-natural-anillo-de-garra-18k-oro-anillo-de-bodas\/","title":{"rendered":"RD 4mm anillo de diamante natural redondo, garra de ajuste 18k anillo de bodas de oro"},"content":{"rendered":"<h2>RD 4mm anillo de diamante natural redondo, garra de ajuste 18k anillo de bodas de oro<\/h2>\n<p> Descripci\u00f3n<\/p>\n<table cellpadding=\"0\" cellspacing=\"0\" class=\"details_table\">\n<tbody>\n<tr>\n<th>Tama\u00f1o de la piedra principal:<\/th>\n<td>RD 4mm<\/td>\n<th>Estilo:<\/th>\n<td>Moda<\/td>\n<\/tr>\n<tr class=\"bg_gray\">\n<th>Corta:<\/th>\n<td>Corte redondo<\/td>\n<th>Piedra principal:<\/th>\n<td>Diamante<\/td>\n<\/tr>\n<tr>\n<th>Material:<\/th>\n<td>9K\/14K\/18K Oro<\/td>\n<th>Tipo:<\/th>\n<td>Ajuste de garras<\/td>\n<\/tr>\n<tr class=\"bg_gray\">\n<th>A medida:<\/th>\n<td>Aceptar Personalizar dise\u00f1o<\/td>\n<th>Ocasi\u00f3n:<\/th>\n<td>Boda,Compromiso<\/td>\n<\/tr>\n<tr>\n<th colspan=\"1\">Luz alta:<\/th>\n<td colspan=\"3\">\n<h2 style='font-weight: bold;font-size: 14px'>OEM Alianza de boda en oro amarillo<\/h2>\n<p>, <\/p>\n<h2 style='font-weight: bold;font-size: 14px'>RD 4mm 18k Gold Wedding Band<\/h2>\n<p>, <\/p>\n<h2 style='font-weight: bold;font-size: 14px'>Anillo de diamantes naturales de grado Si1<\/h2>\n<\/td>\n<\/tr>\n<\/tbody>\n<\/table>\n<p><p><span style=\"font-size:16px\"><strong><span style=\"font-family:arial,helvetica,sans-serif\">Descripci\u00f3n del producto:<\/span><\/strong><\/span><\/p>\n<p><strong><span style=\"font-size:16px\">Anillo de Boda de Oro Amarillo Anillo de Diamante Natural Redondo Anillo de Boda de Oro 18k Anillo de Diamante<\/span><\/strong><\/p>\n<p>&nbsp;<\/p>\n<p><strong><span style=\"font-size:16px\">Detalles del producto:&nbsp;<\/span><\/strong><\/p>\n<table border=\"1\" cellpadding=\"0\" cellspacing=\"0\" style=\"width: 651px\">\n<tbody>\n<tr>\n<td style=\"width: 162px\"><span style=\"font-size:16px\">N\u00ba de art\u00edculo<\/span><\/td>\n<td style=\"width: 484px\"><span style=\"font-size:16px\"><span>K43471R<\/span><\/span><\/td>\n<\/tr>\n<tr>\n<td style=\"width: 162px\"><span style=\"font-size:16px\">Nombre del producto<\/span><\/td>\n<td style=\"width: 484px\"><span style=\"font-size:16px\">Anillo de diamantes<\/span><\/td>\n<\/tr>\n<tr>\n<td style=\"width: 162px\"><span style=\"font-size:16px\">Estilo<\/span><\/td>\n<td style=\"width: 484px\"><span style=\"font-size:16px\">Estilo de moda&nbsp;<\/span><\/td>\n<\/tr>\n<tr>\n<td style=\"width: 162px\"><span style=\"font-size:16px\">Material<\/span><\/td>\n<td style=\"width: 484px\"><span style=\"font-size:16px\">Oro de 14 quilates&nbsp;<\/span><\/td>\n<\/tr>\n<tr>\n<td style=\"width: 162px\"><span style=\"font-size:16px\">Tipo de configuraci\u00f3n<\/span><\/td>\n<td style=\"width: 484px\"><span style=\"font-size:16px\">Ajuste de la garra<\/span><\/td>\n<\/tr>\n<tr>\n<td style=\"width: 162px\"><span style=\"font-size:16px\">G\u00e9nero<\/span><\/td>\n<td style=\"width: 484px\"><span style=\"font-size:16px\">Mujeres<\/span><\/td>\n<\/tr>\n<tr>\n<td style=\"width: 162px\"><span style=\"font-size:16px\">Diamante min\u00fasculo<\/span><\/td>\n<td style=\"width: 484px\"><span style=\"font-size:16px\">Didamond real<\/span><\/td>\n<\/tr>\n<tr>\n<td style=\"width: 162px\"><span style=\"font-size:16px\">Piedra principal<\/span><\/td>\n<td style=\"width: 484px\"><span style=\"font-size:16px\">Diamante<\/span><\/td>\n<\/tr>\n<tr>\n<td style=\"width: 162px\"><span style=\"font-size:16px\">Tama\u00f1o del anillo<\/span><\/td>\n<td style=\"width: 484px\"><span style=\"font-size:16px\">#5 #6 #7 #8 #9, disponible a medida&nbsp;<\/span><\/td>\n<\/tr>\n<tr>\n<td style=\"width: 162px\"><span style=\"font-size:16px\">Ocasi\u00f3n<\/span><\/td>\n<td style=\"width: 484px\"><span style=\"font-size:16px\">Aniversario, Compromiso, Boda<\/span><\/td>\n<\/tr>\n<\/tbody>\n<\/table>\n<p>&nbsp;<\/p>\n<p><span style=\"font-size:16px\"><strong><span style=\"font-family:arial,helvetica,sans-serif\"><span>Mostrar producto:<\/span><\/span><\/strong><\/span><\/p>\n<p><img decoding=\"async\" src=\"https:\/\/www.gold-jewellerys.com\/test\/gold-jewellerys.com\/photo\/pl139101284-remark.jpg\"><\/p>\n<p>&nbsp;<\/p>\n<p>&nbsp;<\/p>\n<p><span style=\"font-size:16px\"><strong>Por qu\u00e9 elegirnos:<\/strong><\/span><\/p>\n<p><span style=\"font-size:16px\">1: K-Gold cuenta con 21 a\u00f1os de experiencia en el sector de la joyer\u00eda y 17 a\u00f1os en producci\u00f3n.<\/span><\/p>\n<p><span style=\"font-size:16px\">2: Tambi\u00e9n nuestro equipo profesional de I + D para asegurar que nuestros productos se actualizan constantemente y por delante de la industria. As\u00ed que tenemos m\u00e1s de 3000 dise\u00f1os diferentes y m\u00e1s de 46 colecciones pueden satisfacer la demanda de diferentes mercados.<\/span><\/p>\n<p><span style=\"font-size:16px\">3: Para personalizar los art\u00edculos que usted puede conseguir CAD mismo d\u00eda o al d\u00eda siguiente para confirmar los datos antes del inicio del pedido.<\/span><\/p>\n<p><span style=\"font-size:16px\">4: El objetivo de K-gold es ofrecer a los clientes productos adecuados al precio adecuado y entregarlos a tiempo.<\/span><\/p>\n<p><span style=\"font-size:16px\">5: Tenemos un equipo de servicio al cliente de gran alcance que mantiene un ojo en todo el proceso de venta, ayudarle a cualquier pregunta, desde el dise\u00f1o CAD para entregar.<\/span><\/p>\n<p>&nbsp;<\/p>\n<p><strong><span style=\"font-size:16px\">K-Gold Factory Show:&nbsp;<\/span><\/strong><\/p>\n<p><img decoding=\"async\" src=\"https:\/\/www.gold-jewellerys.com\/test\/gold-jewellerys.com\/photo\/pl36123473-remark.jpg\"><\/p>\n<p>&nbsp;<\/p>\n<p>&nbsp;<\/p>\n<p>&nbsp;<\/p>\n<p>&nbsp;<\/p>\n<p><img decoding=\"async\" src=\"https:\/\/www.gold-jewellerys.com\/test\/gold-jewellerys.com\/photo\/pl36123397-remark.jpg\"><\/p>\n<p>&nbsp;<\/p>\n<p>&nbsp;<\/p>\n<p><span style=\"font-size:16px\"><strong>PREGUNTAS FRECUENTES:<\/strong><\/span><\/p>\n<p><span style=\"font-size:16px\">1: \u00bfC\u00f3mo podemos obtener el precio?<\/span><\/p>\n<p><span style=\"font-size:16px\">Le invitamos a ponerse en contacto con nosotros en whatsapp. Apenas env\u00edenos las im\u00e1genes de los art\u00edculos usted quiere entonces le diremos los precios cuanto antes.<\/span><\/p>\n<p>&nbsp;<\/p>\n<p><span style=\"font-size:16px\">Persona de contacto: Cherry Lee<br \/>\nWhatsApp: +86-18520267369 \/ Tell:+8618520267369<br \/>\nCorreo electr\u00f3nico:<br \/>\nP\u00e1gina web:<\/span><\/p>\n<p>&nbsp;<\/p>\n<p><span style=\"font-size:16px\">2: \u00bfPueden personalizar mi logotipo?<br \/>\nS\u00ed, absolutamente usted puede, por favor env\u00edenos su LOGOTIPO, estaremos libres de firmarlo. Para la joyer\u00eda de la marca siempre con el logotipo original,<\/span><\/p>\n<p><span style=\"font-size:16px\">y si necesitas algo en especial, d\u00edmelo.<\/span><\/p>\n<p>&nbsp;<\/p>\n<p><span style=\"font-size:16px\">3: <span style=\"font-family:arial,helvetica,sans-serif\">\u00bfCu\u00e1les son las condiciones de pago?<\/span><\/span><\/p>\n<p><span style=\"font-family:arial,helvetica,sans-serif\"><span style=\"font-size:16px\">Usted puede pagar 30% dep\u00f3sito first.And el saldo debe ser pagado antes de la entrega.<\/span><\/span><\/p>\n<p>&nbsp;<\/p>\n<p><span style=\"font-size:16px\">4: \u00bfY el paquete?<\/span><\/p>\n<p><span style=\"font-size:16px\">Por lo general, el uso opp bolsa para piezas individuales, caja de embalaje tambi\u00e9n est\u00e1 disponible. y m\u00e1s paquete de burbujas para proteger las mercanc\u00edas.<\/span><\/p>\n<p>&nbsp;<\/p>\n<p><span style=\"font-size:16px\"><span style=\"font-family:arial,helvetica,sans-serif\">5: \u00bfPara qu\u00e9 sirve el diamante?<\/span><\/span><\/p>\n<p><span style=\"font-size:16px\"><span style=\"font-family:arial,helvetica,sans-serif\">Solemos utilizar el color F-H y el grado Si1.<\/span><\/span><\/p>\n<p>&nbsp;<\/p>\n<p><span style=\"font-size:16px\">6: \u00bfOfrecen joyas personalizadas? \u00bfPuedo personalizar una joya? <\/span><\/p>\n<p><span style=\"font-size:16px\">S\u00ed, puede enviarnos su dise\u00f1o y nosotros se lo haremos (pueden aplicarse tarifas adicionales). Todos nuestros dise\u00f1os se pueden realizar en cualquier metal, tama\u00f1o, peso en quilates y se puede fabricar cualquier piedra que necesite.<\/span><\/p><\/p>","protected":false},"excerpt":{"rendered":"<br \/>\n<table class=\"tables data\" width=\"100%\" border=\"0\" cellpadding=\"0\" cellspacing=\"0\">\n<tbody>\n<tr>\n<th width=\"35%\">Lugar de origen:<\/th>\n<td>China<\/td>\n<\/tr>\n<tr>\n<th width=\"35%\">Marca:<\/th>\n<td>Joyas de oro K<\/td>\n<\/tr>\n<tr>\n<th width=\"35%\">Certificaci\u00f3n:<\/th>\n<td>Certificado Diamante de Oro<\/td>\n<\/tr>\n<tr>\n<th width=\"35%\">N\u00famero de modelo:<\/th>\n<td>K43471R<\/td>\n<\/tr>\n<\/tbody>\n<\/table>\n<p>                                                                            <span class=\"title_s\">Condiciones de pago y env\u00edo:<\/span>                            <\/p>\n<table class=\"tables data\" width=\"100%\" border=\"0\" cellpadding=\"0\" cellspacing=\"0\">\n<tbody>\n<tr>\n<th width=\"35%\" nowrap=\"nowrap\">Cantidad m\u00ednima de pedido:<\/th>\n<td>3<\/td>\n<\/tr>\n<tr>\n<th width=\"35%\" nowrap=\"nowrap\">Precio:<\/th>\n<td>Negociable<\/td>\n<\/tr>\n<tr>\n<th width=\"35%\" nowrap=\"nowrap\">Detalles del embalaje:<\/th>\n<td>Bolsa PP gruesa est\u00e1ndar<\/td>\n<\/tr>\n<tr>\n<th width=\"35%\" nowrap=\"nowrap\">Plazo de entrega:<\/th>\n<td>5-15 d\u00edas laborables<\/td>\n<\/tr>\n<tr>\n<th width=\"35%\" nowrap=\"nowrap\">Condiciones de pago:<\/th>\n<td>T\/T, Western Union<\/td>\n<\/tr>\n<tr>\n<th width=\"35%\" nowrap=\"nowrap\">Capacidad de suministro:<\/th>\n<td>1000pcs\/Mes<\/td>\n<\/tr>\n<\/tbody>\n<\/table>","protected":false},"featured_media":5205,"comment_status":"closed","ping_status":"closed","template":"","meta":{"_gspb_post_css":""},"product_brand":[],"product_cat":[26],"product_tag":[],"class_list":{"0":"post-5209","1":"product","2":"type-product","3":"status-publish","4":"has-post-thumbnail","6":"product_cat-diamond-lab-diamond-moissanite-jewelry","8":"first","9":"instock","10":"shipping-taxable","11":"product-type-simple"},"aioseo_notices":[],"_links":{"self":[{"href":"https:\/\/dearjewelry.ltd\/es\/wp-json\/wp\/v2\/product\/5209","targetHints":{"allow":["GET"]}}],"collection":[{"href":"https:\/\/dearjewelry.ltd\/es\/wp-json\/wp\/v2\/product"}],"about":[{"href":"https:\/\/dearjewelry.ltd\/es\/wp-json\/wp\/v2\/types\/product"}],"replies":[{"embeddable":true,"href":"https:\/\/dearjewelry.ltd\/es\/wp-json\/wp\/v2\/comments?post=5209"}],"wp:featuredmedia":[{"embeddable":true,"href":"https:\/\/dearjewelry.ltd\/es\/wp-json\/wp\/v2\/media\/5205"}],"wp:attachment":[{"href":"https:\/\/dearjewelry.ltd\/es\/wp-json\/wp\/v2\/media?parent=5209"}],"wp:term":[{"taxonomy":"product_brand","embeddable":true,"href":"https:\/\/dearjewelry.ltd\/es\/wp-json\/wp\/v2\/product_brand?post=5209"},{"taxonomy":"product_cat","embeddable":true,"href":"https:\/\/dearjewelry.ltd\/es\/wp-json\/wp\/v2\/product_cat?post=5209"},{"taxonomy":"product_tag","embeddable":true,"href":"https:\/\/dearjewelry.ltd\/es\/wp-json\/wp\/v2\/product_tag?post=5209"}],"curies":[{"name":"wp","href":"https:\/\/api.w.org\/{rel}","templated":true}]}}