{"id":4847,"date":"2025-07-13T10:40:43","date_gmt":"2025-07-13T10:40:43","guid":{"rendered":"https:\/\/dearjewelry.ltd\/product\/unique-flower-style-white-gold-plated-ring-custom-moissanite-ring-engagement-women-jewelry\/"},"modified":"2025-07-13T10:40:43","modified_gmt":"2025-07-13T10:40:43","slug":"unique-flower-style-white-gold-plated-ring-custom-moissanite-ring-engagement-women-jewelry","status":"publish","type":"product","link":"https:\/\/dearjewelry.ltd\/es\/product\/unique-flower-style-white-gold-plated-ring-custom-moissanite-ring-engagement-women-jewelry\/","title":{"rendered":"Unique Flower Style White Gold Plated Ring Custom Moissanite Ring Engagement Women Jewelry"},"content":{"rendered":"<h2>Unique Flower Style White Gold Plated Ring Custom Moissanite Ring Engagement Women Jewelry<\/h2>\n<p> Descripci\u00f3n<\/p>\n<table cellpadding=\"0\" cellspacing=\"0\" class=\"details_table\">\n<tbody>\n<tr>\n<th>Piedra principal:<\/th>\n<td>Anillo de moissanita natural<\/td>\n<th>Material:<\/th>\n<td>Anillo de moissanita personalizado<\/td>\n<\/tr>\n<tr class=\"bg_gray\">\n<th>Color:<\/th>\n<td>Blanco<\/td>\n<th>Estilo:<\/th>\n<td>Moissanita moderna<\/td>\n<\/tr>\n<tr>\n<th>Personal\u00edzalo:<\/th>\n<td>Disponible Personalizar<\/td>\n<th>Ocasi\u00f3n:<\/th>\n<td>Aniversario, Compromiso, Regalo, Fiesta, BodaNaturalng<\/td>\n<\/tr>\n<tr class=\"bg_gray\">\n<th>Forma:<\/th>\n<td>Unique Flower<\/td>\n<\/tr>\n<\/tbody>\n<\/table>\n<p><p><span style=\"font-size:16px\"><strong>Descripci\u00f3n del producto:<\/strong><\/span><\/p>\n<p><span style=\"font-size:16px\"><strong>Unique Flower Style White Gold Plated Ring Custom Moissanite Ring Engagement Women Jewelry<\/strong><\/span><\/p>\n<p><span style=\"font-size:16px\"><strong>Detalles del producto:&nbsp;<\/strong><\/span><\/p>\n<table border=\"1\" cellpadding=\"0\" cellspacing=\"0\" style=\"width: 576px\">\n<tbody>\n<tr>\n<td style=\"width: 125px\"><span style=\"font-size:16px\">N\u00ba de art\u00edculo<\/span><\/td>\n<td style=\"width: 445px\">SW021R<\/td>\n<\/tr>\n<tr>\n<td style=\"width: 125px\"><span style=\"font-size:16px\">Nombre del producto<\/span><\/td>\n<td style=\"width: 445px\"><span style=\"font-size:16px\">White Gold Custom<\/span> <span style=\"font-size:16px\">&nbsp;Blanco<\/span><span style=\"font-size:16px\">&nbsp;Diamond Moissanite Jewelry<\/span><\/td>\n<\/tr>\n<tr>\n<td style=\"width: 125px\"><span style=\"font-size:16px\">Estilo<\/span><\/td>\n<td style=\"width: 445px\"><span style=\"font-size:16px\">Moda Estilo Personalizado&nbsp;<\/span><span style=\"font-size: 16px\">Joyer\u00eda<\/span><\/td>\n<\/tr>\n<tr>\n<td style=\"width: 125px\"><span style=\"font-size:16px\">Material<\/span><\/td>\n<td style=\"width: 445px\"><span style=\"font-size:16px\">9K Blanco Astilla<\/span><\/td>\n<\/tr>\n<tr>\n<td style=\"width: 125px\"><span style=\"font-size:16px\">Tipo de configuraci\u00f3n<\/span><\/td>\n<td style=\"width: 445px\"><span style=\"font-size:16px\">Engaste de bisel&nbsp;<\/span><\/td>\n<\/tr>\n<tr>\n<td style=\"width: 125px\"><span style=\"font-size:16px\">G\u00e9nero<\/span><\/td>\n<td style=\"width: 445px\"><span style=\"font-size:16px\">Dama\/Chica<\/span><\/td>\n<\/tr>\n<tr>\n<td style=\"width: 125px\"><span style=\"font-size:16px\">Piedra principal<\/span><\/td>\n<td style=\"width: 445px\"><span style=\"font-size:16px\">Natural DiamondCustom&nbsp;Moissanite&nbsp;Jewelry<\/span><\/td>\n<\/tr>\n<tr>\n<td style=\"width: 125px\"><span style=\"font-size:16px\">Dimensi\u00f3n<\/span><\/td>\n<td style=\"width: 445px\"><span style=\"font-size:16px\">RD 4MM<\/span><\/td>\n<\/tr>\n<tr>\n<td style=\"width: 125px\"><span style=\"font-size:16px\">Ocasi\u00f3n<\/span><\/td>\n<td style=\"width: 445px\"><span style=\"font-size:16px\">Aniversario, Compromiso, Regalo, Fiesta, Boda<\/span><\/td>\n<\/tr>\n<\/tbody>\n<\/table>\n<p><img decoding=\"async\" src=\"https:\/\/www.gold-jewellerys.com\/test\/gold-jewellerys.com\/photo\/pl145445139-remark.jpg\"><img decoding=\"async\" src=\"https:\/\/www.gold-jewellerys.com\/test\/gold-jewellerys.com\/photo\/pl145445136-remark.jpg\"><img decoding=\"async\" src=\"https:\/\/www.gold-jewellerys.com\/test\/gold-jewellerys.com\/photo\/pl145445135-remark.jpg\"><img decoding=\"async\" src=\"https:\/\/www.gold-jewellerys.com\/test\/gold-jewellerys.com\/photo\/pl145445120-remark.jpg\"><\/p>\n<p>&nbsp;<\/p>\n<p><span style=\"font-size:16px\"><strong>Por qu\u00e9 elegirnos:<\/strong><\/span><\/p>\n<p><span style=\"font-size:16px\">1: K-Gold cuenta con 21 a\u00f1os de experiencia en el sector de la joyer\u00eda y 17 a\u00f1os en producci\u00f3n.<\/span><\/p>\n<p><span style=\"font-size:16px\">2: Tambi\u00e9n nuestro equipo profesional de I + D para asegurar que nuestros productos se actualizan constantemente y por delante de la industria. As\u00ed que tenemos m\u00e1s de 3000 dise\u00f1os diferentes y m\u00e1s de 46 colecciones pueden satisfacer la demanda de diferentes mercados.<\/span><\/p>\n<p><span style=\"font-size:16px\">3: Para personalizar los art\u00edculos que usted puede conseguir CAD mismo d\u00eda o al d\u00eda siguiente para confirmar los datos antes del inicio del pedido.<\/span><\/p>\n<p><span style=\"font-size:16px\">4: El objetivo de K-gold es ofrecer a los clientes productos adecuados al precio adecuado y entregarlos a tiempo.<\/span><\/p>\n<p><span style=\"font-size:16px\">5: Tenemos un equipo de servicio al cliente de gran alcance que mantiene un ojo en todo el proceso de venta, ayudarle a cualquier pregunta, desde el dise\u00f1o CAD para entregar.<\/span><\/p>\n<p>&nbsp;<\/p>\n<p><span style=\"font-size:16px\">Servicio de f\u00e1brica K-Gold:<\/span><\/p>\n<p><span style=\"font-size:16px\"><img decoding=\"async\" src=\"https:\/\/www.gold-jewellerys.com\/test\/gold-jewellerys.com\/photo\/pl36123473-remark.jpg\"><\/span><\/p>\n<p><span style=\"font-size:16px\"><img decoding=\"async\" src=\"https:\/\/www.gold-jewellerys.com\/test\/gold-jewellerys.com\/photo\/pl36153526-remark.jpg\"><\/span><\/p>\n<p><span style=\"font-size:16px\"><img decoding=\"async\" src=\"https:\/\/www.gold-jewellerys.com\/test\/gold-jewellerys.com\/photo\/pl36219445-remark.jpg\"><\/span><\/p>\n<p><span style=\"font-size:16px\">PREGUNTAS FRECUENTES:&nbsp;<\/span><\/p>\n<p><span style=\"font-size:16px\">1:<\/span>&nbsp;<span style=\"font-size:16px\">\u00bfel oro de 14 quilates es el mejor para los anillos de compromiso?<\/span><\/p>\n<p><span style=\"font-size:16px\">Ofrecemos oro y platino de 14 y 18 quilates. El oro de 14 quilates es con diferencia la opci\u00f3n m\u00e1s asequible, a la vez que la m\u00e1s duradera. Cuanto mayor es el n\u00famero de quilates, m\u00e1s blando es, porque el anillo contiene m\u00e1s oro puro. Los anillos blandos son m\u00e1s propensos a sufrir ara\u00f1azos u otros da\u00f1os, raz\u00f3n por la que se eligen como alianzas de boda.<\/span><\/p>\n<p style=\"padding: 0px;border: 0px\">&nbsp;<\/p>\n<p style=\"padding: 0px;border: 0px;font-family: arial\"><span style=\"font-size:16px\">2: <\/span> <span style=\"font-size:16px\">\u00bfEs usted fabricante o empresa comercial?<\/span><\/p>\n<p style=\"padding: 0px;border: 0px;font-family: arial\"><span style=\"font-size:16px\">S\u00ed, tambi\u00e9n somos fabricantes y exportadores de oro puro<\/span>.<\/p>\n<p style=\"padding: 0px;border: 0px;font-family: arial\">&nbsp;<\/p>\n<p style=\"padding: 0px;border: 0px;font-family: arial\">&nbsp;<\/p>\n<p style=\"padding: 0px;border: 0px;font-family: arial\"><span style=\"font-size:16px\">3: \u00bfCu\u00e1l es su forma de pago? <\/span><\/p>\n<p style=\"padding: 0px;border: 0px;font-family: arial\"><span style=\"font-size:16px\">Usted puede pagar por T\/T, Western Union, Paypal. 30% dep\u00f3sito, 70% saldo pagado antes del env\u00edo.<\/span><\/p>\n<p style=\"padding: 0px;border: 0px;font-family: arial\">&nbsp;<\/p>\n<p style=\"padding: 0px;border: 0px\"><span style=\"font-family:arial,helvetica,sans-serif\"><span style=\"font-size:16px\">4:<\/span><\/span> <span style=\"font-size:16px\">\u00bfQu\u00e9 material tiene?<\/span><\/p>\n<p style=\"padding: 0px;border: 0px\"><span style=\"font-size:16px\">Disponemos de oro de 9 quilates, oro de 10 quilates, oro de 14 quilates, oro de 18 quilates, oro de 22 quilates.<\/span><\/p>\n<p style=\"padding: 0px;border: 0px\">&nbsp;<\/p>\n<p>&nbsp;<\/p>\n<p><span style=\"font-size:16px\">5: \u00bfSe puede hacer 1:1 mismo que los dise\u00f1os de joyas de la marca original?<\/span><\/p>\n<p><span style=\"font-size:16px\">S\u00ed, todas las joyas de marca se hacen 1:1 igual que los dise\u00f1os originales.<\/span><\/p>\n<p>&nbsp;<\/p>\n<p><span style=\"font-size:16px\"><span>6: <\/span>\u00bfQu\u00e9 es el diamante GIA?<\/span><\/p>\n<p><span style=\"font-size:16px\">Diamante GIA es la abreviatura de un diamante clasificado por GIA, creador de las 4C y autoridad independiente en materia de diamantes.<\/span><\/p>\n<p>&nbsp;<\/p><\/p>","protected":false},"excerpt":{"rendered":"<br \/>\n<table class=\"tables data\" width=\"100%\" border=\"0\" cellpadding=\"0\" cellspacing=\"0\">\n<tbody>\n<tr>\n<th width=\"35%\">Lugar de origen:<\/th>\n<td>China<\/td>\n<\/tr>\n<tr>\n<th width=\"35%\">Marca:<\/th>\n<td>Joyas de oro K<\/td>\n<\/tr>\n<tr>\n<th width=\"35%\">Certificaci\u00f3n:<\/th>\n<td>Certificado de joyer\u00eda<\/td>\n<\/tr>\n<tr>\n<th width=\"35%\">N\u00famero de modelo:<\/th>\n<td>SW021R<\/td>\n<\/tr>\n<\/tbody>\n<\/table>\n<p>                                                                            <span class=\"title_s\">Condiciones de pago y env\u00edo:<\/span>                            <\/p>\n<table class=\"tables data\" width=\"100%\" border=\"0\" cellpadding=\"0\" cellspacing=\"0\">\n<tbody>\n<tr>\n<th width=\"35%\" nowrap=\"nowrap\">Cantidad m\u00ednima de pedido:<\/th>\n<td>3<\/td>\n<\/tr>\n<tr>\n<th width=\"35%\" nowrap=\"nowrap\">Precio:<\/th>\n<td>Negociable<\/td>\n<\/tr>\n<tr>\n<th width=\"35%\" nowrap=\"nowrap\">Detalles del embalaje:<\/th>\n<td>Bolsa PP gruesa est\u00e1ndar<\/td>\n<\/tr>\n<tr>\n<th width=\"35%\" nowrap=\"nowrap\">Plazo de entrega:<\/th>\n<td>5-15 d\u00edas laborables<\/td>\n<\/tr>\n<tr>\n<th width=\"35%\" nowrap=\"nowrap\">Condiciones de pago:<\/th>\n<td>T\/T, Western Union<\/td>\n<\/tr>\n<tr>\n<th width=\"35%\" nowrap=\"nowrap\">Capacidad de suministro:<\/th>\n<td>2000pcs\/Mes<\/td>\n<\/tr>\n<\/tbody>\n<\/table>","protected":false},"featured_media":4841,"comment_status":"closed","ping_status":"closed","template":"","meta":{"_gspb_post_css":""},"product_brand":[],"product_cat":[22],"product_tag":[],"class_list":{"0":"post-4847","1":"product","2":"type-product","3":"status-publish","4":"has-post-thumbnail","6":"product_cat-customized-silver-jewelry","8":"first","9":"instock","10":"shipping-taxable","11":"product-type-simple"},"aioseo_notices":[],"_links":{"self":[{"href":"https:\/\/dearjewelry.ltd\/es\/wp-json\/wp\/v2\/product\/4847","targetHints":{"allow":["GET"]}}],"collection":[{"href":"https:\/\/dearjewelry.ltd\/es\/wp-json\/wp\/v2\/product"}],"about":[{"href":"https:\/\/dearjewelry.ltd\/es\/wp-json\/wp\/v2\/types\/product"}],"replies":[{"embeddable":true,"href":"https:\/\/dearjewelry.ltd\/es\/wp-json\/wp\/v2\/comments?post=4847"}],"wp:featuredmedia":[{"embeddable":true,"href":"https:\/\/dearjewelry.ltd\/es\/wp-json\/wp\/v2\/media\/4841"}],"wp:attachment":[{"href":"https:\/\/dearjewelry.ltd\/es\/wp-json\/wp\/v2\/media?parent=4847"}],"wp:term":[{"taxonomy":"product_brand","embeddable":true,"href":"https:\/\/dearjewelry.ltd\/es\/wp-json\/wp\/v2\/product_brand?post=4847"},{"taxonomy":"product_cat","embeddable":true,"href":"https:\/\/dearjewelry.ltd\/es\/wp-json\/wp\/v2\/product_cat?post=4847"},{"taxonomy":"product_tag","embeddable":true,"href":"https:\/\/dearjewelry.ltd\/es\/wp-json\/wp\/v2\/product_tag?post=4847"}],"curies":[{"name":"wp","href":"https:\/\/api.w.org\/{rel}","templated":true}]}}