{"id":4355,"date":"2025-07-13T10:37:40","date_gmt":"2025-07-13T10:37:40","guid":{"rendered":"https:\/\/dearjewelry.ltd\/product\/pear-cut-0-84ct-14k-gold-necklaces-with-8x5mm-vintage-pendant\/"},"modified":"2025-07-13T10:37:40","modified_gmt":"2025-07-13T10:37:40","slug":"pear-cut-0-84ct-14k-gold-necklaces-with-8x5mm-vintage-pendant","status":"publish","type":"product","link":"https:\/\/dearjewelry.ltd\/es\/product\/pear-cut-0-84ct-14k-gold-necklaces-with-8x5mm-vintage-pendant\/","title":{"rendered":"Collares De Oro De 14k Del Corte De la Pera 0.84ct Con Colgante De la Vendimia 8\u00d75m m"},"content":{"rendered":"<h2>Collares De Oro De 14k Del Corte De la Pera 0.84ct Con Colgante De la Vendimia 8\u00d75m m<\/h2>\n<p> Descripci\u00f3n<\/p>\n<table cellpadding=\"0\" cellspacing=\"0\" class=\"details_table\">\n<tbody>\n<tr>\n<th>Material:<\/th>\n<td>Oro amarillo de 14 quilates<\/td>\n<th>Tipo de joya:<\/th>\n<td>Colgante Vintage<\/td>\n<\/tr>\n<tr class=\"bg_gray\">\n<th>Tiny Stone:<\/th>\n<td>Diamante real G-H SI<\/td>\n<th>Piedra principal:<\/th>\n<td>Esmeralda natural<\/td>\n<\/tr>\n<tr>\n<th>Corta:<\/th>\n<td>Excelente<\/td>\n<th>Natural\/Creado en laboratorio:<\/th>\n<td>Natural<\/td>\n<\/tr>\n<tr class=\"bg_gray\">\n<th>Forma:<\/th>\n<td>PS8*5MM=0.94ct<\/td>\n<th>Tipo de ajuste:<\/th>\n<td>Engaste en bisel\/Engaste Pave<\/td>\n<\/tr>\n<tr>\n<th>Personal\u00edzalo:<\/th>\n<td>Disponible Personalizar<\/td>\n<th>Ocasi\u00f3n:<\/th>\n<td>Aniversario, Compromiso, Regalo, Fiesta, BodaNaturalng<\/td>\n<\/tr>\n<tr class=\"bg_gray\">\n<th colspan=\"1\">Luz alta:<\/th>\n<td colspan=\"3\">\n<h2 style='font-weight: bold;font-size: 14px'>14k Gold Necklaces 0.84ct<\/h2>\n<p>, <\/p>\n<h2 style='font-weight: bold;font-size: 14px'>Pear Cut 14k Gold Necklaces 8mm<\/h2>\n<\/td>\n<\/tr>\n<\/tbody>\n<\/table>\n<p><p><span style=\"font-family:arial,helvetica,sans-serif\"><strong><span style=\"font-size:16px\">Descripci\u00f3n del producto:<\/span><\/strong><\/span><\/p>\n<p><strong>14K Gold Necklace 0.84ct Pear Cut Solitaire Natural Diamond 8*5MM Pendant<\/strong><\/p>\n<p><span style=\"font-family:arial,helvetica,sans-serif\"><strong><span style=\"font-size:16px\">Detalles del producto:&nbsp;<\/span><\/strong><\/span><\/p>\n<table border=\"1\" cellpadding=\"0\" cellspacing=\"0\" style=\"width: 576px\">\n<tbody>\n<tr>\n<td style=\"width: 125px\"><span style=\"font-family:arial,helvetica,sans-serif\"><span style=\"font-size:16px\">N\u00ba de art\u00edculo<\/span><\/span><\/td>\n<td style=\"width: 445px\"><span style=\"font-family:arial,helvetica,sans-serif\">KD056P<\/span><\/td>\n<\/tr>\n<tr>\n<td style=\"width: 125px\"><span style=\"font-family:arial,helvetica,sans-serif\"><span style=\"font-size:16px\">Nombre del producto<\/span><\/span><\/td>\n<td style=\"width: 445px\"><span style=\"font-family:arial,helvetica,sans-serif\"><span style=\"font-size:16px\">14K Yellow gold diamond pendant<\/span><\/span><\/td>\n<\/tr>\n<tr>\n<td style=\"width: 125px\"><span style=\"font-family:arial,helvetica,sans-serif\"><span style=\"font-size:16px\">Estilo<\/span><\/span><\/td>\n<td style=\"width: 445px\"><span style=\"font-family:arial,helvetica,sans-serif\"><span style=\"font-size:16px\">Estilo vintage&nbsp;<\/span><\/span><\/td>\n<\/tr>\n<tr>\n<td style=\"width: 125px\"><span style=\"font-family:arial,helvetica,sans-serif\"><span style=\"font-size:16px\">Material<\/span><\/span><\/td>\n<td style=\"width: 445px\"><span style=\"font-family:arial,helvetica,sans-serif\"><span style=\"font-size:16px\">Oro amarillo de 14 quilates<\/span><\/span><\/td>\n<\/tr>\n<tr>\n<td style=\"width: 125px\"><span style=\"font-family:arial,helvetica,sans-serif\"><span style=\"font-size:16px\">Tipo de configuraci\u00f3n<\/span><\/span><\/td>\n<td style=\"width: 445px\"><span style=\"font-family:arial,helvetica,sans-serif\"><span style=\"font-size:16px\">Ajuste de la garra<\/span><\/span><\/td>\n<\/tr>\n<tr>\n<td style=\"width: 125px\"><span style=\"font-family:arial,helvetica,sans-serif\"><span style=\"font-size:16px\">G\u00e9nero<\/span><\/span><\/td>\n<td style=\"width: 445px\"><span style=\"font-family:arial,helvetica,sans-serif\"><span style=\"font-size:16px\">Mujeres<\/span><\/span><\/td>\n<\/tr>\n<tr>\n<td style=\"width: 125px\"><span style=\"font-family:arial,helvetica,sans-serif\"><span style=\"font-size:16px\">Piedra diminuta<\/span><\/span><\/td>\n<td style=\"width: 445px\"><span style=\"font-family:arial,helvetica,sans-serif\"><span style=\"font-size:16px\">Didamante natural G-H VS1<\/span><\/span><\/td>\n<\/tr>\n<tr>\n<td style=\"width: 125px\"><span style=\"font-family:arial,helvetica,sans-serif\"><span style=\"font-size:16px\">Piedra principal<\/span><\/span><\/td>\n<td style=\"width: 445px\"><span style=\"font-family:arial,helvetica,sans-serif\"><span style=\"font-size:16px\">Esmeralda natural 4mm<\/span><\/span><\/td>\n<\/tr>\n<tr>\n<td style=\"width: 125px\"><span style=\"font-family:arial,helvetica,sans-serif\"><span style=\"font-size:16px\">Dimensi\u00f3n<\/span><\/span><\/td>\n<td style=\"width: 445px\"><span style=\"font-size:16px\">PS8*5MM=0.94ct<\/span><\/td>\n<\/tr>\n<tr>\n<td style=\"width: 125px\"><span style=\"font-family:arial,helvetica,sans-serif\"><span style=\"font-size:16px\">Ocasi\u00f3n<\/span><\/span><\/td>\n<td style=\"width: 445px\"><span style=\"font-family:arial,helvetica,sans-serif\"><span style=\"font-size:16px\">Aniversario, Compromiso, Regalo, Fiesta, Boda<\/span><\/span><\/td>\n<\/tr>\n<\/tbody>\n<\/table>\n<p>&nbsp;<\/p>\n<p><strong><span style=\"font-family:arial,helvetica,sans-serif\"><span style=\"font-size:16px\">Detalle de la producci\u00f3n :<\/span><\/span><\/strong><\/p>\n<p><span style=\"font-family:arial,helvetica,sans-serif\"><span style=\"font-size:16px\">Number of Diamonds: 1pcs<\/span><\/span><\/p>\n<p><span style=\"font-family:arial,helvetica,sans-serif\"><span style=\"font-size:16px\">Total Carat Weight: 0.94ct<\/span><\/span><\/p>\n<p><span style=\"font-family:arial,helvetica,sans-serif\"><span style=\"font-size:16px\">Average Color: <\/span><\/span><span style=\"font-size:16px\"><span style=\"font-family: arial, helvetica, sans-serif\">G-H<\/span><\/span><\/p>\n<p><span style=\"font-family:arial,helvetica,sans-serif\"><span style=\"font-size:16px\">Average Clarity: G-H<\/span><\/span><\/p>\n<p><span style=\"font-family:arial,helvetica,sans-serif\"><span style=\"font-size:16px\">Average Cut: S1<\/span><\/span><\/p>\n<p><span style=\"font-family:arial,helvetica,sans-serif\"><span style=\"font-size:16px\">Setting Type: Bezel setting<\/span><\/span><\/p>\n<p>&nbsp;<\/p>\n<p class=\"details-title\"><span style=\"font-family:arial,helvetica,sans-serif\"><span style=\"font-size:16px\">Informaci\u00f3n sobre la esmeralda:<\/span><\/span><\/p>\n<p class=\"details-title\"><span style=\"font-family:arial,helvetica,sans-serif\"><span style=\"font-size:16px\">Color m\u00ednimo : Color medio<\/span><\/span><\/p>\n<p class=\"details-title\"><span style=\"font-family:arial,helvetica,sans-serif\"><span style=\"font-size:16px\">Claridad m\u00ednima :Ligeramente incluida<\/span><\/span><\/p>\n<p class=\"details-title\"><span style=\"font-size:16px\">Dimension: PS8*5MM=0.94ct<\/span><\/p>\n<p class=\"details-title\"><span style=\"font-family:arial,helvetica,sans-serif\"><span style=\"font-size:16px\">Setting Type : Claw&nbsp;setting<\/span><\/span><\/p>\n<p class=\"details-title\">&nbsp;<\/p>\n<p><strong><span style=\"font-family:arial,helvetica,sans-serif\"><span style=\"font-size:16px\">Por qu\u00e9 elegirnos:<\/span><\/span><\/strong><\/p>\n<p><span style=\"font-family:arial,helvetica,sans-serif\"><span style=\"font-size:16px\">1: K-Gold cuenta con 21 a\u00f1os de experiencia en el sector de la joyer\u00eda y 17 a\u00f1os en producci\u00f3n.<\/span><\/span><\/p>\n<p><span style=\"font-family:arial,helvetica,sans-serif\"><span style=\"font-size:16px\">2: Tambi\u00e9n nuestro equipo profesional de I + D para asegurar que nuestros productos se actualizan constantemente y por delante de la industria. As\u00ed que tenemos m\u00e1s de 3000 dise\u00f1os diferentes y m\u00e1s de 46 colecciones pueden satisfacer la demanda de diferentes mercados.<\/span><\/span><\/p>\n<p><span style=\"font-family:arial,helvetica,sans-serif\"><span style=\"font-size:16px\">3: Para personalizar los art\u00edculos que usted puede conseguir CAD mismo d\u00eda o al d\u00eda siguiente para confirmar los datos antes del inicio del pedido.<\/span><\/span><\/p>\n<p><span style=\"font-family:arial,helvetica,sans-serif\"><span style=\"font-size:16px\">4: El objetivo de K-gold es ofrecer a los clientes productos adecuados al precio adecuado y entregarlos a tiempo.<\/span><\/span><\/p>\n<p><span style=\"font-family:arial,helvetica,sans-serif\"><span style=\"font-size:16px\">5: Tenemos un equipo de servicio al cliente de gran alcance que mantiene un ojo en todo el proceso de venta, ayudarle a cualquier pregunta, desde el dise\u00f1o CAD para entregar.<\/span><\/span><\/p>\n<p>&nbsp;<\/p>\n<p><span style=\"font-family:arial,helvetica,sans-serif\"><span style=\"font-size:16px\">Servicio de f\u00e1brica K-Gold:<\/span><\/span><\/p>\n<p><span style=\"font-family:arial,helvetica,sans-serif\"><span style=\"font-size:16px\"><img decoding=\"async\" src=\"https:\/\/www.gold-jewellerys.com\/test\/gold-jewellerys.com\/photo\/pl36123473-remark.jpg\"><\/span><\/span><\/p>\n<p><span style=\"font-family:arial,helvetica,sans-serif\"><span style=\"font-size:16px\"><img decoding=\"async\" src=\"https:\/\/www.gold-jewellerys.com\/test\/gold-jewellerys.com\/photo\/pl36153526-remark.jpg\"><\/span><\/span><\/p>\n<p><span style=\"font-family:arial,helvetica,sans-serif\"><span style=\"font-size:16px\"><img decoding=\"async\" src=\"https:\/\/www.gold-jewellerys.com\/test\/gold-jewellerys.com\/photo\/pl36219445-remark.jpg\"><\/span><\/span><\/p>\n<p><span style=\"font-family:arial,helvetica,sans-serif\"><span style=\"font-size:16px\">PREGUNTAS FRECUENTES:&nbsp;<\/span><\/span><\/p>\n<p><span style=\"font-family:arial,helvetica,sans-serif\"><span style=\"font-size:16px\">1: \u00bfC\u00f3mo podemos obtener el precio?<\/span><\/span><\/p>\n<p style=\"padding: 0px;border: 0px;font-family: arial\"><span style=\"font-family:arial,helvetica,sans-serif\"><span style=\"font-size:16px\"><span>Le invitamos a ponerse en contacto con nosotros en whatsapp. Apenas env\u00edenos las im\u00e1genes de los art\u00edculos usted quiere entonces le diremos los precios cuanto antes.<\/span><\/span><\/span><\/p>\n<p style=\"padding: 0px;border: 0px;font-family: arial\">&nbsp;<\/p>\n<p style=\"padding: 0px;border: 0px\"><span style=\"font-family:arial,helvetica,sans-serif\"><span style=\"font-size:16px\"><span>Persona de contacto:&nbsp;<\/span>Cherry Lee<br data-filtered=\"filtered\" style=\"font-family: arial\" \/><br \/>\n<span>WhatsApp: +86-<\/span>18520267369<span> \/ Tell:+86<\/span>18520267369<br data-filtered=\"filtered\" style=\"font-family: arial\" \/><br \/>\n<span>Correo electr\u00f3nico:&nbsp;<\/span><br data-filtered=\"filtered\" style=\"font-family: arial\" \/><br \/>\n<span>P\u00e1gina web:&nbsp;<\/span><\/span><\/span><\/p>\n<p style=\"padding: 0px;border: 0px;font-family: arial\">&nbsp;<\/p>\n<p style=\"padding: 0px;border: 0px;font-family: arial\"><span style=\"font-family:arial,helvetica,sans-serif\"><span style=\"font-size:16px\">2: \u00bfPueden personalizar mi logotipo?&nbsp;<br data-filtered=\"filtered\" \/><br \/>\nS\u00ed, absolutamente usted puede, por favor env\u00edenos su LOGOTIPO, estaremos libres de firmarlo. Para la joyer\u00eda de la marca siempre con el logotipo original,<\/span><\/span><\/p>\n<p style=\"padding: 0px;border: 0px;font-family: arial\"><span style=\"font-family:arial,helvetica,sans-serif\"><span style=\"font-size:16px\">y si necesitas algo en especial, d\u00edmelo.&nbsp;<\/span><\/span><\/p>\n<p style=\"padding: 0px;border: 0px;font-family: arial\">&nbsp;<\/p>\n<p style=\"padding: 0px;border: 0px;font-family: arial\"><span style=\"font-family:arial,helvetica,sans-serif\"><span style=\"font-size:16px\">3:&nbsp;<span>\u00bfC\u00f3mo pago mi pedido?<\/span> <\/span><\/span><\/p>\n<p style=\"padding: 0px;border: 0px;font-family: arial\"><span style=\"font-family:arial,helvetica,sans-serif\"><span style=\"font-size:16px\"><span>Por favor d\u00edgame su orden entonces arreglaremos el precio y le enviaremos por whatsapp o el email, como honorario del env\u00edo y honorario original de la caja. <\/span><\/span><\/span><span style=\"font-family:arial,helvetica,sans-serif\"><span style=\"font-size:16px\"><span>and total amount. <\/span><\/span><\/span><\/p>\n<p style=\"padding: 0px;border: 0px;font-family: arial\"><span style=\"font-family:arial,helvetica,sans-serif\"><span style=\"font-size:16px\"><span>You can make payment by Western Union \/ T\/T , Or&nbsp;<\/span><span>Payoneer,<\/span><span>&nbsp;Procesaremos y enviaremos su pedido lo antes posible tras<\/span><\/span><\/span>&nbsp;<span style=\"font-family:arial,helvetica,sans-serif\"><span style=\"font-size:16px\"><span>pago efectuado.<\/span><\/span><\/span><\/p>\n<p style=\"padding: 0px;border: 0px;font-family: arial\">&nbsp;<\/p>\n<p style=\"padding: 0px;border: 0px\"><span style=\"font-size:16px\"><span style=\"font-family:arial,helvetica,sans-serif\">4:&nbsp;How long can I recieve my package?<\/span><\/span><\/p>\n<p style=\"padding: 0px;border: 0px\"><span style=\"font-size:16px\"><span style=\"font-family:arial,helvetica,sans-serif\">We ship to world wide with a range of shipping options (DHL\/ UPS\/TNT\/EMS\/FEDEX), it will only take 4~9 days based on different logistics companies.<\/span><\/span><\/p>\n<p>&nbsp;<\/p>\n<p><span style=\"font-size:16px\"><span style=\"font-family:arial,helvetica,sans-serif\">5. What about your diamonds quality?<\/span><\/span><\/p>\n<p><span style=\"font-size:16px\"><span style=\"font-family:arial,helvetica,sans-serif\">Siempre usamos VS, SI G-H diamantes naturales, si desea cambiar a VVS tambi\u00e9n est\u00e1n disponibles, podemos cotizar el precio exacto accoring su solicitud<\/span><\/span><\/p>\n<p>&nbsp;<\/p>\n<p><span style=\"font-size:16px\"><span style=\"font-family:arial,helvetica,sans-serif\"><span>6:&nbsp;<\/span>How can we get the down price,if keep the same design ?<\/span><\/span><\/p>\n<p><span style=\"font-size:16px\"><span style=\"font-family:arial,helvetica,sans-serif\">You can change to moissanite diamonds or Lab diamonds.<\/span><\/span><\/p>\n<p>&nbsp;<\/p><\/p>","protected":false},"excerpt":{"rendered":"<br \/>\n<table class=\"tables data\" width=\"100%\" border=\"0\" cellpadding=\"0\" cellspacing=\"0\">\n<tbody>\n<tr>\n<th width=\"35%\">Lugar de origen:<\/th>\n<td>China<\/td>\n<\/tr>\n<tr>\n<th width=\"35%\">Marca:<\/th>\n<td>Joyas de oro K<\/td>\n<\/tr>\n<tr>\n<th width=\"35%\">Certificaci\u00f3n:<\/th>\n<td>Certificado de joyer\u00eda<\/td>\n<\/tr>\n<tr>\n<th width=\"35%\">N\u00famero de modelo:<\/th>\n<td>KD056P<\/td>\n<\/tr>\n<\/tbody>\n<\/table>\n<p>                                                                            <span class=\"title_s\">Condiciones de pago y env\u00edo:<\/span>                            <\/p>\n<table class=\"tables data\" width=\"100%\" border=\"0\" cellpadding=\"0\" cellspacing=\"0\">\n<tbody>\n<tr>\n<th width=\"35%\" nowrap=\"nowrap\">Cantidad m\u00ednima de pedido:<\/th>\n<td>3<\/td>\n<\/tr>\n<tr>\n<th width=\"35%\" nowrap=\"nowrap\">Precio:<\/th>\n<td>Negociable<\/td>\n<\/tr>\n<tr>\n<th width=\"35%\" nowrap=\"nowrap\">Detalles del embalaje:<\/th>\n<td>Bolsa PP gruesa est\u00e1ndar<\/td>\n<\/tr>\n<tr>\n<th width=\"35%\" nowrap=\"nowrap\">Plazo de entrega:<\/th>\n<td>5-15 d\u00edas laborables<\/td>\n<\/tr>\n<tr>\n<th width=\"35%\" nowrap=\"nowrap\">Condiciones de pago:<\/th>\n<td>T\/T, Western Union<\/td>\n<\/tr>\n<tr>\n<th width=\"35%\" nowrap=\"nowrap\">Capacidad de suministro:<\/th>\n<td>2000pcs\/Mes<\/td>\n<\/tr>\n<\/tbody>\n<\/table>","protected":false},"featured_media":4352,"comment_status":"closed","ping_status":"closed","template":"","meta":{"_gspb_post_css":""},"product_brand":[],"product_cat":[22],"product_tag":[],"class_list":{"0":"post-4355","1":"product","2":"type-product","3":"status-publish","4":"has-post-thumbnail","6":"product_cat-customized-silver-jewelry","8":"first","9":"instock","10":"shipping-taxable","11":"product-type-simple"},"aioseo_notices":[],"_links":{"self":[{"href":"https:\/\/dearjewelry.ltd\/es\/wp-json\/wp\/v2\/product\/4355","targetHints":{"allow":["GET"]}}],"collection":[{"href":"https:\/\/dearjewelry.ltd\/es\/wp-json\/wp\/v2\/product"}],"about":[{"href":"https:\/\/dearjewelry.ltd\/es\/wp-json\/wp\/v2\/types\/product"}],"replies":[{"embeddable":true,"href":"https:\/\/dearjewelry.ltd\/es\/wp-json\/wp\/v2\/comments?post=4355"}],"wp:featuredmedia":[{"embeddable":true,"href":"https:\/\/dearjewelry.ltd\/es\/wp-json\/wp\/v2\/media\/4352"}],"wp:attachment":[{"href":"https:\/\/dearjewelry.ltd\/es\/wp-json\/wp\/v2\/media?parent=4355"}],"wp:term":[{"taxonomy":"product_brand","embeddable":true,"href":"https:\/\/dearjewelry.ltd\/es\/wp-json\/wp\/v2\/product_brand?post=4355"},{"taxonomy":"product_cat","embeddable":true,"href":"https:\/\/dearjewelry.ltd\/es\/wp-json\/wp\/v2\/product_cat?post=4355"},{"taxonomy":"product_tag","embeddable":true,"href":"https:\/\/dearjewelry.ltd\/es\/wp-json\/wp\/v2\/product_tag?post=4355"}],"curies":[{"name":"wp","href":"https:\/\/api.w.org\/{rel}","templated":true}]}}