{"id":4172,"date":"2025-07-13T10:36:32","date_gmt":"2025-07-13T10:36:32","guid":{"rendered":"https:\/\/dearjewelry.ltd\/product\/14k-gold-plated-sterling-silver-vintage-art-round-cut-mystic-white-topaz-gemstone-engagement-rings\/"},"modified":"2025-07-13T10:36:32","modified_gmt":"2025-07-13T10:36:32","slug":"14k-gold-plated-sterling-silver-vintage-art-round-cut-mystic-white-topaz-gemstone-engagement-rings","status":"publish","type":"product","link":"https:\/\/dearjewelry.ltd\/es\/product\/14k-gold-plated-sterling-silver-vintage-art-round-cut-mystic-white-topaz-gemstone-engagement-rings\/","title":{"rendered":"14K chapado en oro de plata esterlina Arte Vintage Corte Redondo M\u00edstico Topacio Blanco Piedra Preciosa Anillos de Compromiso"},"content":{"rendered":"<h2>14K chapado en oro de plata esterlina Arte Vintage Corte Redondo M\u00edstico Topacio Blanco Piedra Preciosa Anillos de Compromiso<\/h2>\n<p> Descripci\u00f3n<\/p>\n<table cellpadding=\"0\" cellspacing=\"0\" class=\"details_table\">\n<tbody>\n<tr>\n<th>Material:<\/th>\n<td>Topacio<\/td>\n<th>Tipo de joya:<\/th>\n<td>Plata de ley maciza<\/td>\n<\/tr>\n<tr class=\"bg_gray\">\n<th>Tiny Stone:<\/th>\n<td>Diamante real G-H VS1\/SI1\/SI2<\/td>\n<th>Piedra principal:<\/th>\n<td>Natural  Topaz Engagement Rings<\/td>\n<\/tr>\n<tr>\n<th>Forma:<\/th>\n<td>Forma redonda<\/td>\n<th>Tipo de ajuste:<\/th>\n<td>Ajuste de las puntas<\/td>\n<\/tr>\n<tr class=\"bg_gray\">\n<th>Personal\u00edzalo:<\/th>\n<td>Disponible a medida<\/td>\n<th>Color:<\/th>\n<td>Sterling Sliver<\/td>\n<\/tr>\n<tr>\n<th>Peso:<\/th>\n<td>1.0ct<\/td>\n<\/tr>\n<\/tbody>\n<\/table>\n<p><p><span style=\"font-size:16px\"><strong>Descripci\u00f3n del producto:<\/strong><\/span><\/p>\n<p><span style=\"font-size:16px\"><strong>14K Gold Plated Sterling Silver Vintage Art Round Cut Mystic White Topaz Gemstone Engagement Rings<\/strong><\/span><\/p>\n<table border=\"1\" cellpadding=\"0\" cellspacing=\"0\" style=\"width: 576px\">\n<tbody>\n<tr>\n<td style=\"width: 126px\"><span style=\"font-size:16px\">N\u00ba de art\u00edculo<\/span><\/td>\n<td style=\"width: 444px\">KD856R<\/td>\n<\/tr>\n<tr>\n<td style=\"width: 126px\"><span style=\"font-size:16px\">Nombre del producto<\/span><\/td>\n<td style=\"width: 444px\"><span style=\"font-size:16px\">Plata de ley<\/span>&nbsp;<span style=\"font-size:16px\">Natural Topaz Rings<\/span><\/td>\n<\/tr>\n<tr>\n<td style=\"width: 126px\"><span style=\"font-size:16px\">Estilo<\/span><\/td>\n<td style=\"width: 444px\"><span style=\"font-size:16px\">Sterling Silver&nbsp; Natural Topaz Engagement Rings<\/span><\/td>\n<\/tr>\n<tr>\n<td style=\"width: 126px\"><span style=\"font-size:16px\">Material<\/span><\/td>\n<td style=\"width: 444px\"><span style=\"font-size:16px\">14K\/10K\/9K<\/span><\/td>\n<\/tr>\n<tr>\n<td style=\"width: 126px\"><span style=\"font-size:16px\">Tipo de configuraci\u00f3n<\/span><\/td>\n<td style=\"width: 444px\"><span style=\"font-size:16px\">Engaste<\/span><\/td>\n<\/tr>\n<tr>\n<td style=\"width: 126px\"><span style=\"font-size:16px\">G\u00e9nero<\/span><\/td>\n<td style=\"width: 444px\"><span style=\"font-size:16px\">Lady's, Chicas j\u00f3venes<\/span><\/td>\n<\/tr>\n<tr>\n<td style=\"width: 126px\"><span style=\"font-size:16px\">Piedra diminuta<\/span><\/td>\n<td style=\"width: 444px\"><span style=\"font-size:16px\">Diamante natural G-H SI1\/SI2\/VS1<\/span><\/td>\n<\/tr>\n<tr>\n<td style=\"width: 126px\"><span style=\"font-size:16px\">Piedra principal<\/span><\/td>\n<td style=\"width: 444px\"><span style=\"font-size:16px\">Natural<\/span>&nbsp;<span style=\"font-size: 16px\">Topacio&nbsp;<\/span><\/td>\n<\/tr>\n<tr>\n<td style=\"width: 126px\"><span style=\"font-size:16px\">Dimensi\u00f3n<\/span><\/td>\n<td style=\"width: 444px\"><span style=\"font-size:16px\">&nbsp;6.0MM<\/span><\/td>\n<\/tr>\n<tr>\n<td style=\"width: 126px\"><span style=\"font-size:16px\">Ocasi\u00f3n<\/span><\/td>\n<td style=\"width: 444px\"><span style=\"font-size:16px\">Aniversario, Compromiso, Regalo, Fiesta, Boda<\/span><\/td>\n<\/tr>\n<tr>\n<td style=\"width: 126px\"><span style=\"font-size:16px\">Tama\u00f1o del anillo<\/span><\/td>\n<td style=\"width: 444px\"><span style=\"font-size:16px\">Cualquier tama\u00f1o disponible #4#5#6#7#8#9#10#11#12<\/span><\/td>\n<\/tr>\n<\/tbody>\n<\/table>\n<p>&nbsp;<\/p>\n<p><span style=\"font-size:16px\"><strong>Detalle de la producci\u00f3n :<\/strong><br \/>\nInformaci\u00f3n sobre Tiny Diamond:<br \/>\nN\u00famero de diamantes : 58 piezas<br \/>\nPeso total en quilates: 0,60 quilates<br \/>\nColor medio: VS1\/SI1\/SI2<br \/>\nClaridad media: G\/H o seg\u00fan las necesidades del cliente<br \/>\nTalla media :Corte redondo<br \/>\nTipo de engastado :Engastado<\/span><\/p>\n<p>\n<span style=\"font-size:16px\">Informaci\u00f3n de la piedra principal: Diamante natural\/Lab Diamond<br \/>\nPeso total en quilates: 0,8 quilates<\/span><\/p>\n<p><span style=\"font-size:16px\">Tama\u00f1o : Redondo 6.0MM<\/span><\/p>\n<p><img decoding=\"async\" src=\"https:\/\/www.gold-jewellerys.com\/test\/gold-jewellerys.com\/photo\/pl145434237-remark.jpg\"><img decoding=\"async\" src=\"https:\/\/www.gold-jewellerys.com\/test\/gold-jewellerys.com\/photo\/pl145434236-remark.jpg\"><img decoding=\"async\" src=\"https:\/\/www.gold-jewellerys.com\/test\/gold-jewellerys.com\/photo\/pl145434235-remark.jpg\"><img decoding=\"async\" src=\"https:\/\/www.gold-jewellerys.com\/test\/gold-jewellerys.com\/photo\/pl145434234-remark.jpg\"><img decoding=\"async\" src=\"https:\/\/www.gold-jewellerys.com\/test\/gold-jewellerys.com\/photo\/pl145434233-remark.jpg\"><br \/>\n<span style=\"font-size:16px\">Por qu\u00e9 elegirnos:<br \/>\n1: K-Gold cuenta con 21 a\u00f1os de experiencia en el sector de la joyer\u00eda y 17 a\u00f1os en producci\u00f3n.<br \/>\n2: Tambi\u00e9n nuestro equipo profesional de I + D para asegurar que nuestros productos se actualizan constantemente y por delante de la industria. As\u00ed que tenemos m\u00e1s de 3000 dise\u00f1os diferentes y m\u00e1s de 46 colecciones pueden satisfacer la demanda de diferentes mercados.<br \/>\n3: Para personalizar los art\u00edculos que usted puede conseguir CAD mismo d\u00eda o al d\u00eda siguiente para confirmar los datos antes del inicio del pedido.<br \/>\n4: El objetivo de K-gold es ofrecer a los clientes productos adecuados al precio adecuado y entregarlos a tiempo.<br \/>\n5: Tenemos un equipo de servicio al cliente de gran alcance que mantiene un ojo en todo el proceso de venta, ayudarle a cualquier pregunta, desde el dise\u00f1o CAD para entregar.<br \/>\nServicio de f\u00e1brica K-Gold:<br \/>\n<img decoding=\"async\" src=\"https:\/\/www.gold-jewellerys.com\/test\/gold-jewellerys.com\/photo\/pl36123473-remark.jpg\"><\/span><\/p>\n<p><span style=\"font-size:16px\"><img decoding=\"async\" src=\"https:\/\/www.gold-jewellerys.com\/test\/gold-jewellerys.com\/photo\/pl36153524-remark.jpg\"><br \/>\n<img decoding=\"async\" src=\"https:\/\/www.gold-jewellerys.com\/test\/gold-jewellerys.com\/photo\/pl36123397-remark.jpg\"><br \/>\n<img decoding=\"async\" src=\"https:\/\/www.gold-jewellerys.com\/test\/gold-jewellerys.com\/photo\/pl36219389-remark.jpg\"><\/span><\/p>\n<p><span style=\"font-size:16px\"><img decoding=\"async\" src=\"https:\/\/www.gold-jewellerys.com\/test\/gold-jewellerys.com\/photo\/pl36219445-remark.jpg\"><\/span><\/p>\n<p><span style=\"font-size:16px\">PREGUNTAS FRECUENTES:<\/span><\/p>\n<p><span style=\"font-size:16px\">1: \u00bfC\u00f3mo podemos obtener el precio?<\/span><\/p>\n<p><span style=\"font-size:16px\">Le invitamos a ponerse en contacto con nosotros en whatsapp. Apenas env\u00edenos las im\u00e1genes de los art\u00edculos usted quiere entonces le diremos los precios cuanto antes.<\/span><\/p>\n<p>&nbsp;<\/p>\n<p><span style=\"font-size:16px\">Persona de contacto: Nancy lee<br \/>\nWhatsApp: +86-18520267369 \/ Tell:+8618520267369<br \/>\nCorreo electr\u00f3nico: nancy@gzkgold.com<br \/>\nP\u00e1gina web:<\/span><\/p>\n<p>&nbsp;<\/p>\n<p><span style=\"font-size:16px\">2: \u00bfPueden personalizar mi logotipo?<br \/>\nS\u00ed, absolutamente usted puede, por favor env\u00edenos su LOGOTIPO, estaremos libres de firmarlo. Para la joyer\u00eda de la marca siempre con el logotipo original,<\/span><\/p>\n<p><span style=\"font-size:16px\">y si necesitas algo en especial, d\u00edmelo.<\/span><\/p>\n<p>&nbsp;<\/p>\n<p><span style=\"font-size:16px\">3: \u00bfC\u00f3mo pago mi pedido?<\/span><\/p>\n<p><span style=\"font-size:16px\">Por favor d\u00edgame su orden entonces le diremos el precio del art\u00edculo, la tarifa de env\u00edo y la tarifa original de la caja y la cantidad total. Usted puede hacer el pago por Western Union \/ T\/T, o Payoneer, procesaremos y enviaremos hacia fuera su orden cuanto antes despu\u00e9s del pago hecho.<\/span><\/p>\n<p>&nbsp;<\/p>\n<p><span style=\"font-size:16px\">4: \u00bfPuedo estampar mi propio logotipo? Cu\u00e1nto cuesta el grabado?<\/span><\/p>\n<p><span style=\"font-size:16px\">Proporcionamos letras grabadas gratis, si necesita grabar patrones, podemos cobrar $0.6-$2.0 por el grabado.<\/span><\/p>\n<p>&nbsp;<\/p>\n<p>&nbsp;<\/p>\n<p><span style=\"font-size:16px\"><span style=\"font-family:arial,helvetica,sans-serif\">5.&nbsp;<\/span>What&#039;s your packing way?<\/span><\/p>\n<p><span style=\"font-size:16px\">Por lo general opp bolsa, caja de embalaje tambi\u00e9n est\u00e1 disponible. y adem\u00e1s paquete de burbujas para proteger las mercanc\u00edas.<\/span><\/p>\n<p>&nbsp;<\/p>\n<p><span style=\"font-size:16px\"><span style=\"font-family:arial,helvetica,sans-serif\">6:<\/span>How long does delivery take once an order is placed?<\/span><\/p>\n<p><span style=\"font-size:16px\">All our products are customized. Once the order is placed, product manufacturing begins. Once the product meets all quality inspection parameters, it will be shipped to you.<\/span><\/p>\n<p style=\"padding: 0px;border: 0px\">&nbsp;<\/p><\/p>","protected":false},"excerpt":{"rendered":"<br \/>\n<table class=\"tables data\" width=\"100%\" border=\"0\" cellpadding=\"0\" cellspacing=\"0\">\n<tbody>\n<tr>\n<th width=\"35%\">Lugar de origen:<\/th>\n<td>China<\/td>\n<\/tr>\n<tr>\n<th width=\"35%\">Marca:<\/th>\n<td>Joyas de oro K<\/td>\n<\/tr>\n<tr>\n<th width=\"35%\">Certificaci\u00f3n:<\/th>\n<td>Certificado de joyer\u00eda<\/td>\n<\/tr>\n<tr>\n<th width=\"35%\">N\u00famero de modelo:<\/th>\n<td>KD856R<\/td>\n<\/tr>\n<\/tbody>\n<\/table>\n<p>                                                                            <span class=\"title_s\">Condiciones de pago y env\u00edo:<\/span>                            <\/p>\n<table class=\"tables data\" width=\"100%\" border=\"0\" cellpadding=\"0\" cellspacing=\"0\">\n<tbody>\n<tr>\n<th width=\"35%\" nowrap=\"nowrap\">Cantidad m\u00ednima de pedido:<\/th>\n<td>3<\/td>\n<\/tr>\n<tr>\n<th width=\"35%\" nowrap=\"nowrap\">Precio:<\/th>\n<td>Negociable<\/td>\n<\/tr>\n<tr>\n<th width=\"35%\" nowrap=\"nowrap\">Detalles del embalaje:<\/th>\n<td>Bolsa PP gruesa est\u00e1ndar, la marca vendr\u00e1 con la marca Embalaje<\/td>\n<\/tr>\n<tr>\n<th width=\"35%\" nowrap=\"nowrap\">Plazo de entrega:<\/th>\n<td>5-15 d\u00edas laborables<\/td>\n<\/tr>\n<tr>\n<th width=\"35%\" nowrap=\"nowrap\">Condiciones de pago:<\/th>\n<td>T\/T, Western Union<\/td>\n<\/tr>\n<tr>\n<th width=\"35%\" nowrap=\"nowrap\">Capacidad de suministro:<\/th>\n<td>2000pcs\/Mes<\/td>\n<\/tr>\n<\/tbody>\n<\/table>","protected":false},"featured_media":4167,"comment_status":"closed","ping_status":"closed","template":"","meta":{"_gspb_post_css":""},"product_brand":[],"product_cat":[23],"product_tag":[],"class_list":{"0":"post-4172","1":"product","2":"type-product","3":"status-publish","4":"has-post-thumbnail","6":"product_cat-caribbean-style-jewelry","8":"first","9":"instock","10":"shipping-taxable","11":"product-type-simple"},"aioseo_notices":[],"_links":{"self":[{"href":"https:\/\/dearjewelry.ltd\/es\/wp-json\/wp\/v2\/product\/4172","targetHints":{"allow":["GET"]}}],"collection":[{"href":"https:\/\/dearjewelry.ltd\/es\/wp-json\/wp\/v2\/product"}],"about":[{"href":"https:\/\/dearjewelry.ltd\/es\/wp-json\/wp\/v2\/types\/product"}],"replies":[{"embeddable":true,"href":"https:\/\/dearjewelry.ltd\/es\/wp-json\/wp\/v2\/comments?post=4172"}],"wp:featuredmedia":[{"embeddable":true,"href":"https:\/\/dearjewelry.ltd\/es\/wp-json\/wp\/v2\/media\/4167"}],"wp:attachment":[{"href":"https:\/\/dearjewelry.ltd\/es\/wp-json\/wp\/v2\/media?parent=4172"}],"wp:term":[{"taxonomy":"product_brand","embeddable":true,"href":"https:\/\/dearjewelry.ltd\/es\/wp-json\/wp\/v2\/product_brand?post=4172"},{"taxonomy":"product_cat","embeddable":true,"href":"https:\/\/dearjewelry.ltd\/es\/wp-json\/wp\/v2\/product_cat?post=4172"},{"taxonomy":"product_tag","embeddable":true,"href":"https:\/\/dearjewelry.ltd\/es\/wp-json\/wp\/v2\/product_tag?post=4172"}],"curies":[{"name":"wp","href":"https:\/\/api.w.org\/{rel}","templated":true}]}}