{"id":3869,"date":"2025-07-13T10:34:44","date_gmt":"2025-07-13T10:34:44","guid":{"rendered":"https:\/\/dearjewelry.ltd\/product\/blue-moonstone-9k-gold-ring-5x2-5mm-0-20ct-weight-for-engagement\/"},"modified":"2025-07-13T10:34:44","modified_gmt":"2025-07-13T10:34:44","slug":"blue-moonstone-9k-gold-ring-5x2-5mm-0-20ct-weight-for-engagement","status":"publish","type":"product","link":"https:\/\/dearjewelry.ltd\/es\/product\/blue-moonstone-9k-gold-ring-5x2-5mm-0-20ct-weight-for-engagement\/","title":{"rendered":"Piedra Lunar Azul Anillo de Oro 9K 5\u00d72.5MM 0.20ct Peso Para Compromiso"},"content":{"rendered":"<h2>Piedra Lunar Azul Anillo de Oro 9K 5\u00d72.5MM 0.20ct Peso Para Compromiso<\/h2>\n<p> Descripci\u00f3n<\/p>\n<table cellpadding=\"0\" cellspacing=\"0\" class=\"details_table\">\n<tbody>\n<tr>\n<th>Material:<\/th>\n<td>Anillo de oro de 9 quilates<\/td>\n<th>Tipo de joya:<\/th>\n<td>Dainty Moonstone Ring<\/td>\n<\/tr>\n<tr class=\"bg_gray\">\n<th>Tiny Stone:<\/th>\n<td>Diamante real G-H VS1\/SI1\/SI2<\/td>\n<th>Piedra principal:<\/th>\n<td>Piedra de luna natural<\/td>\n<\/tr>\n<tr>\n<th>Corta:<\/th>\n<td>Emerald Cut Moonstone<\/td>\n<th>Forma:<\/th>\n<td>Emerald Moonstone Ring<\/td>\n<\/tr>\n<tr class=\"bg_gray\">\n<th>Tipo de ajuste:<\/th>\n<td>Ajuste de las puntas<\/td>\n<th>Personal\u00edzalo:<\/th>\n<td>Disponible a medida<\/td>\n<\/tr>\n<tr>\n<th>Color:<\/th>\n<td>Oro blanco \/ Oro amarillo \/ Oro rosa<\/td>\n<th>Peso del diamante:<\/th>\n<td>0.2ct Real Diamond<\/td>\n<\/tr>\n<tr class=\"bg_gray\">\n<th colspan=\"1\">Luz alta:<\/th>\n<td colspan=\"3\">\n<h2 style='font-weight: bold;font-size: 14px'>9K Gold Ring 5MM<\/h2>\n<p>, <\/p>\n<h2 style='font-weight: bold;font-size: 14px'>2.5MM 9K Gold Ring<\/h2>\n<p>, <\/p>\n<h2 style='font-weight: bold;font-size: 14px'>0.20ct Blue Moonstone Ring<\/h2>\n<\/td>\n<\/tr>\n<\/tbody>\n<\/table>\n<p><p><span style=\"font-size:16px\"><span style=\"font-family:arial,helvetica,sans-serif\"><strong>Descripci\u00f3n del producto:<\/strong><\/span><\/span><\/p>\n<p><strong><span style=\"font-size:16px\"><span style=\"font-family:arial,helvetica,sans-serif\">Blue Moonstone Jewelry 9K Gold Ring Natural Moonstone Dainty Diamond Rings<\/span><\/span><\/strong><\/p>\n<table border=\"1\" cellpadding=\"0\" cellspacing=\"0\" style=\"width: 576px\">\n<tbody>\n<tr>\n<td style=\"width: 126px\"><span style=\"font-size:16px\"><span style=\"font-family:arial,helvetica,sans-serif\">N\u00ba de art\u00edculo<\/span><\/span><\/td>\n<td style=\"width: 444px\"><span style=\"font-size:16px\"><span style=\"font-family:arial,helvetica,sans-serif\">KD2066R<\/span><\/span><\/td>\n<\/tr>\n<tr>\n<td style=\"width: 126px\"><span style=\"font-size:16px\"><span style=\"font-family:arial,helvetica,sans-serif\">Nombre del producto<\/span><\/span><\/td>\n<td style=\"width: 444px\"><span style=\"font-size:16px\"><span style=\"font-family:arial,helvetica,sans-serif\">Dainty Moonstone Ring<\/span><\/span><\/td>\n<\/tr>\n<tr>\n<td style=\"width: 126px\"><span style=\"font-size:16px\"><span style=\"font-family:arial,helvetica,sans-serif\">Estilo<\/span><\/span><\/td>\n<td style=\"width: 444px\"><span style=\"font-size:16px\"><span style=\"font-family:arial,helvetica,sans-serif\">Peque\u00f1o anillo de diamantes<\/span><\/span><\/td>\n<\/tr>\n<tr>\n<td style=\"width: 126px\"><span style=\"font-size:16px\"><span style=\"font-family:arial,helvetica,sans-serif\">Material<\/span><\/span><\/td>\n<td style=\"width: 444px\"><span style=\"font-size:16px\"><span style=\"font-family:arial,helvetica,sans-serif\">14K\/18K\/10K\/9K<\/span><\/span><\/td>\n<\/tr>\n<tr>\n<td style=\"width: 126px\"><span style=\"font-size:16px\"><span style=\"font-family:arial,helvetica,sans-serif\">Tipo de configuraci\u00f3n<\/span><\/span><\/td>\n<td style=\"width: 444px\"><span style=\"font-size:16px\"><span style=\"font-family:arial,helvetica,sans-serif\">Prong Hand setting<\/span><\/span><\/td>\n<\/tr>\n<tr>\n<td style=\"width: 126px\"><span style=\"font-size:16px\"><span style=\"font-family:arial,helvetica,sans-serif\">G\u00e9nero<\/span><\/span><\/td>\n<td style=\"width: 444px\"><span style=\"font-size:16px\"><span style=\"font-family:arial,helvetica,sans-serif\">Lady's, Yound girls<\/span><\/span><\/td>\n<\/tr>\n<tr>\n<td style=\"width: 126px\"><span style=\"font-size:16px\"><span style=\"font-family:arial,helvetica,sans-serif\">Piedra diminuta<\/span><\/span><\/td>\n<td style=\"width: 444px\"><span style=\"font-size:16px\"><span style=\"font-family:arial,helvetica,sans-serif\">Diamante natural G-H SI1\/SI2\/VS1\/Lab Diamond<\/span><\/span><\/td>\n<\/tr>\n<tr>\n<td style=\"width: 126px\"><span style=\"font-size:16px\"><span style=\"font-family:arial,helvetica,sans-serif\">Piedra principal<\/span><\/span><\/td>\n<td style=\"width: 444px\"><span style=\"font-size:16px\"><span style=\"font-family:arial,helvetica,sans-serif\">Piedra de luna natural<\/span><\/span><\/td>\n<\/tr>\n<tr>\n<td style=\"width: 126px\"><span style=\"font-size:16px\"><span style=\"font-family:arial,helvetica,sans-serif\">Dimensi\u00f3n<\/span><\/span><\/td>\n<td style=\"width: 444px\"><span style=\"font-size:16px\"><span style=\"font-family:arial,helvetica,sans-serif\">&nbsp;5*2.5MM<\/span><\/span><\/td>\n<\/tr>\n<tr>\n<td style=\"width: 126px\"><span style=\"font-size:16px\"><span style=\"font-family:arial,helvetica,sans-serif\">Ocasi\u00f3n<\/span><\/span><\/td>\n<td style=\"width: 444px\"><span style=\"font-size:16px\"><span style=\"font-family:arial,helvetica,sans-serif\">Aniversario, Compromiso, Regalo, Fiesta, Boda<\/span><\/span><\/td>\n<\/tr>\n<tr>\n<td style=\"width: 126px\"><span style=\"font-size:16px\"><span style=\"font-family:arial,helvetica,sans-serif\">Tama\u00f1o del anillo<\/span><\/span><\/td>\n<td style=\"width: 444px\"><span style=\"font-size:16px\"><span style=\"font-family:arial,helvetica,sans-serif\">Cualquier tama\u00f1o disponible #4#5#6#7#8#9#10#11#12<\/span><\/span><\/td>\n<\/tr>\n<\/tbody>\n<\/table>\n<p>&nbsp;<\/p>\n<p><span style=\"font-size:16px\"><span style=\"font-family:arial,helvetica,sans-serif\"><strong>Detalle de la producci\u00f3n :<\/strong><br \/>\nInformaci\u00f3n sobre Tiny Diamond:<br \/>\nNumber of Diamonds : 20 pcs<br \/>\nTotal Carat Weight: 0.20ct<br \/>\nColor medio: VS1\/SI1\/SI2<br \/>\nClaridad media: G\/H o seg\u00fan las necesidades del cliente<br \/>\nTalla media :Corte redondo<br \/>\nTipo de engastado :Engastado<\/span><\/span><\/p>\n<p>\n<span style=\"font-size:16px\"><span style=\"font-family:arial,helvetica,sans-serif\">Main Stone Information:&nbsp;Natural Moonstone<br \/>\nTotal Carat Weight: 0.5ct<\/span><\/span><\/p>\n<p><span style=\"font-size:16px\"><span style=\"font-family:arial,helvetica,sans-serif\">Size : Round 5*2.5MM<\/span><\/span><\/p>\n<p>\n<span style=\"font-size:16px\"><span style=\"font-family:arial,helvetica,sans-serif\">Por qu\u00e9 elegirnos:<br \/>\n1: K-Gold cuenta con 21 a\u00f1os de experiencia en el sector de la joyer\u00eda y 17 a\u00f1os en producci\u00f3n.<br \/>\n2: Tambi\u00e9n nuestro equipo profesional de I + D para asegurar que nuestros productos se actualizan constantemente y por delante de la industria. As\u00ed que tenemos m\u00e1s de 3000 dise\u00f1os diferentes y m\u00e1s de 46 colecciones pueden satisfacer la demanda de diferentes mercados.<br \/>\n3: Para personalizar los art\u00edculos que usted puede conseguir CAD mismo d\u00eda o al d\u00eda siguiente para confirmar los datos antes del inicio del pedido.<br \/>\n4: El objetivo de K-gold es ofrecer a los clientes productos adecuados al precio adecuado y entregarlos a tiempo.<br \/>\n5: Tenemos un equipo de servicio al cliente de gran alcance que mantiene un ojo en todo el proceso de venta, ayudarle a cualquier pregunta, desde el dise\u00f1o CAD para entregar.<br \/>\nServicio de f\u00e1brica K-Gold:<br \/>\n<img decoding=\"async\" src=\"https:\/\/www.gold-jewellerys.com\/test\/domaindemo-52949.tmp\/photo\/pl36123473-remark.jpg\"><\/span><\/span><br \/>\n<span style=\"font-size:16px\"><span style=\"font-family:arial,helvetica,sans-serif\"><img decoding=\"async\" src=\"https:\/\/www.gold-jewellerys.com\/test\/domaindemo-52949.tmp\/photo\/pl36219389-remark.jpg\"><br \/>\n<img decoding=\"async\" src=\"https:\/\/www.gold-jewellerys.com\/test\/domaindemo-52949.tmp\/photo\/pl36230799-remark.jpg\"><\/span><\/span><\/p>\n<p><span style=\"font-size:16px\"><span style=\"font-family:arial,helvetica,sans-serif\"><img decoding=\"async\" src=\"https:\/\/www.gold-jewellerys.com\/test\/domaindemo-52949.tmp\/photo\/pl36219445-remark.jpg\"><\/span><\/span><\/p>\n<p><span style=\"font-size:16px\"><span style=\"font-family:arial,helvetica,sans-serif\">PREGUNTAS FRECUENTES:<\/span><\/span><\/p>\n<p><span style=\"font-size:16px\"><span style=\"font-family:arial,helvetica,sans-serif\">1: \u00bfC\u00f3mo podemos obtener el precio?<\/span><\/span><\/p>\n<p><span style=\"font-size:16px\"><span style=\"font-family:arial,helvetica,sans-serif\">Le invitamos a ponerse en contacto con nosotros en whatsapp. Apenas env\u00edenos las im\u00e1genes de los art\u00edculos usted quiere entonces le diremos los precios cuanto antes.<\/span><\/span><\/p>\n<p>&nbsp;<\/p>\n<p><span style=\"font-size:16px\"><span style=\"font-family:arial,helvetica,sans-serif\">Persona de contacto: Nancy lee<br \/>\nWhatsApp: +86-18520267369 \/ Tell:+8618520267369<br \/>\nCorreo electr\u00f3nico: nancy@gzkgold.com<br \/>\nP\u00e1gina web:<\/span><\/span><\/p>\n<p>&nbsp;<\/p>\n<p><span style=\"font-size:16px\"><span style=\"font-family:arial,helvetica,sans-serif\">2: \u00bfPueden personalizar mi logotipo?<br \/>\nS\u00ed, absolutamente usted puede, por favor env\u00edenos su LOGOTIPO, estaremos libres de firmarlo. Para la joyer\u00eda de la marca siempre con el logotipo original,<\/span><\/span><\/p>\n<p><span style=\"font-size:16px\"><span style=\"font-family:arial,helvetica,sans-serif\">y si necesitas algo en especial, d\u00edmelo.<\/span><\/span><\/p>\n<p>&nbsp;<\/p>\n<p><span style=\"font-size:16px\"><span style=\"font-family:arial,helvetica,sans-serif\">3: \u00bfC\u00f3mo pago mi pedido?<\/span><\/span><\/p>\n<p><span style=\"font-size:16px\"><span style=\"font-family:arial,helvetica,sans-serif\">Por favor d\u00edgame su orden entonces le diremos el precio del art\u00edculo, la tarifa de env\u00edo y la tarifa original de la caja y la cantidad total. Usted puede hacer el pago por Western Union \/ T\/T, o Payoneer, procesaremos y enviaremos hacia fuera su orden cuanto antes despu\u00e9s del pago hecho.<\/span><\/span><\/p>\n<p>&nbsp;<\/p>\n<p><span style=\"font-size:16px\"><span style=\"font-family:arial,helvetica,sans-serif\">4: \u00bfPuedo obtener un certificado?<\/span><\/span><\/p>\n<p><span style=\"font-size:16px\"><span style=\"font-family:arial,helvetica,sans-serif\">S\u00ed, no tienen el certificado si es necesario y el precio no incluye la tasa. El diamante no GIA certificado o sin ella s\u00f3lo<\/span><\/span><\/p>\n<p><span style=\"font-size:16px\"><span style=\"font-family:arial,helvetica,sans-serif\">h\u00e1gamelo saber porque hay diferencia de precio .<\/span><\/span><\/p>\n<p>&nbsp;<\/p>\n<p><span style=\"font-size:16px\"><span style=\"font-family:arial,helvetica,sans-serif\">5. \u00bfCu\u00e1nto tiempo puedo recibir mi mercanc\u00eda?<\/span><\/span><\/p>\n<p><span style=\"font-size:16px\"><span style=\"font-family:arial,helvetica,sans-serif\">Orden siempre procesando despu\u00e9s del dep\u00f3sito sobre su pedido. Haciendo tiempo 2-10 d\u00edas laborables dependiendo de la mano de obra de dise\u00f1o.<\/span><\/span><\/p>\n<p><span style=\"font-size:16px\"><span style=\"font-family:arial,helvetica,sans-serif\">dificultad, m\u00e1s 3-7 d\u00edas de tiempo de env\u00edo m\u00e9todo de env\u00edo expreso a todos fo el mundo.<\/span><\/span><\/p>\n<p>&nbsp;<\/p>\n<p><span style=\"font-size:16px\"><span style=\"font-family:arial,helvetica,sans-serif\">6: Can 14K gold be worn everyday?<br \/>\nSolid gold is a great choice if you&#039;re looking for a lifetime piece you can wear everyday and everywhere.<\/span><\/span><\/p>\n<p style=\"padding: 0px;border: 0px\">\n&nbsp;<\/p><\/p>","protected":false},"excerpt":{"rendered":"<br \/>\n<table class=\"tables data\" width=\"100%\" border=\"0\" cellpadding=\"0\" cellspacing=\"0\">\n<tbody>\n<tr>\n<th width=\"35%\">Lugar de origen:<\/th>\n<td>China<\/td>\n<\/tr>\n<tr>\n<th width=\"35%\">Marca:<\/th>\n<td>Joyas de oro K<\/td>\n<\/tr>\n<tr>\n<th width=\"35%\">Certificaci\u00f3n:<\/th>\n<td>Certificado de joyer\u00eda<\/td>\n<\/tr>\n<tr>\n<th width=\"35%\">N\u00famero de modelo:<\/th>\n<td>KD2066R<\/td>\n<\/tr>\n<\/tbody>\n<\/table>\n<p>                                                                            <span class=\"title_s\">Condiciones de pago y env\u00edo:<\/span>                            <\/p>\n<table class=\"tables data\" width=\"100%\" border=\"0\" cellpadding=\"0\" cellspacing=\"0\">\n<tbody>\n<tr>\n<th width=\"35%\" nowrap=\"nowrap\">Cantidad m\u00ednima de pedido:<\/th>\n<td>3<\/td>\n<\/tr>\n<tr>\n<th width=\"35%\" nowrap=\"nowrap\">Precio:<\/th>\n<td>Negociable<\/td>\n<\/tr>\n<tr>\n<th width=\"35%\" nowrap=\"nowrap\">Detalles del embalaje:<\/th>\n<td>Bolsa PP gruesa est\u00e1ndar, la marca vendr\u00e1 con la marca Embalaje<\/td>\n<\/tr>\n<tr>\n<th width=\"35%\" nowrap=\"nowrap\">Plazo de entrega:<\/th>\n<td>5-15 d\u00edas laborables<\/td>\n<\/tr>\n<tr>\n<th width=\"35%\" nowrap=\"nowrap\">Condiciones de pago:<\/th>\n<td>T\/T, Western Union<\/td>\n<\/tr>\n<tr>\n<th width=\"35%\" nowrap=\"nowrap\">Capacidad de suministro:<\/th>\n<td>2000pcs\/Mes<\/td>\n<\/tr>\n<\/tbody>\n<\/table>","protected":false},"featured_media":3868,"comment_status":"closed","ping_status":"closed","template":"","meta":{"_gspb_post_css":""},"product_brand":[],"product_cat":[23],"product_tag":[],"class_list":{"0":"post-3869","1":"product","2":"type-product","3":"status-publish","4":"has-post-thumbnail","6":"product_cat-caribbean-style-jewelry","8":"first","9":"instock","10":"shipping-taxable","11":"product-type-simple"},"aioseo_notices":[],"_links":{"self":[{"href":"https:\/\/dearjewelry.ltd\/es\/wp-json\/wp\/v2\/product\/3869","targetHints":{"allow":["GET"]}}],"collection":[{"href":"https:\/\/dearjewelry.ltd\/es\/wp-json\/wp\/v2\/product"}],"about":[{"href":"https:\/\/dearjewelry.ltd\/es\/wp-json\/wp\/v2\/types\/product"}],"replies":[{"embeddable":true,"href":"https:\/\/dearjewelry.ltd\/es\/wp-json\/wp\/v2\/comments?post=3869"}],"wp:featuredmedia":[{"embeddable":true,"href":"https:\/\/dearjewelry.ltd\/es\/wp-json\/wp\/v2\/media\/3868"}],"wp:attachment":[{"href":"https:\/\/dearjewelry.ltd\/es\/wp-json\/wp\/v2\/media?parent=3869"}],"wp:term":[{"taxonomy":"product_brand","embeddable":true,"href":"https:\/\/dearjewelry.ltd\/es\/wp-json\/wp\/v2\/product_brand?post=3869"},{"taxonomy":"product_cat","embeddable":true,"href":"https:\/\/dearjewelry.ltd\/es\/wp-json\/wp\/v2\/product_cat?post=3869"},{"taxonomy":"product_tag","embeddable":true,"href":"https:\/\/dearjewelry.ltd\/es\/wp-json\/wp\/v2\/product_tag?post=3869"}],"curies":[{"name":"wp","href":"https:\/\/api.w.org\/{rel}","templated":true}]}}